{"id":1197,"date":"2022-05-05T08:14:16","date_gmt":"2022-05-05T08:14:16","guid":{"rendered":"https:\/\/mrcartools.com\/?page_id=1197"},"modified":"2023-05-30T07:56:32","modified_gmt":"2023-05-30T07:56:32","slug":"refund-and-returns","status":"publish","type":"page","link":"https:\/\/mrcartools.com\/de\/refund-and-returns\/","title":{"rendered":"Refund and Returns Policy"},"content":{"rendered":"<p><strong>SCH\u00c4DEN UND PROBLEME<\/strong><br \/>Bitte \u00fcberpr\u00fcfen Sie Ihre Bestellung bei Erhalt und kontaktieren Sie uns sofort, wenn der Artikel defekt oder besch\u00e4digt ist oder wenn Sie den falschen Artikel erhalten haben, damit wir das Problem bewerten und beheben k\u00f6nnen.<\/p>\n<p><strong>ANNULLIERUNG<\/strong><br \/>Wir akzeptieren Auftragsstornierungen, bevor das Produkt versandt oder produziert wird. Wenn die Bestellung storniert wird, erhalten Sie eine volle R\u00fcckerstattung. Wir k\u00f6nnen die Bestellung nicht stornieren, wenn das Produkt bereits ausgeliefert wurde.<\/p>\n<p><strong>RETOUREN (FALLS ZUTREFFEND)<\/strong><br \/>1. Wenn Sie ein Wiederverk\u00e4ufer oder OEM- oder ODM-Kunde sind, reichen Sie bitte zuerst einen angemessenen Grund f\u00fcr die R\u00fcckgabe oder den Umtausch ein. Vorbehaltlich angemessener und legitimer Gr\u00fcnde wird MRCARTOOL die damit verbundenen Kosten tragen. Vorausgesetzt, dass das obige Verfahren nicht zu einer unangemessenen Forderung des Kunden an MRCARTOOL f\u00fchrt.<br \/>2. Wenn Sie ein MRCARTOOL-Nutzer sind und mit den MRCARTOOL-Produkten, die Sie auf der autorisierten Online-Einkaufsplattform und bei den autorisierten Offline-H\u00e4ndlern erworben haben, nicht zufrieden sind, k\u00f6nnen Sie die Produkte innerhalb von sieben Tagen nach Erhalt zur\u00fcckgeben oder sie innerhalb von 30 Tagen nach Erhalt gegen ein anderes Produkt gleichen Wertes umtauschen.<br \/>3. R\u00fccksendungen sind nur mit schriftlichem Einverst\u00e4ndnis von MRCARTOOL zul\u00e4ssig. Artikel, die an uns zur\u00fcckgeschickt werden, ohne vorher eine R\u00fccksendung zu beantragen, werden nicht angenommen. Die Kosten f\u00fcr die R\u00fccksendung gehen zu Lasten des Kunden.<br \/>4. Zur\u00fcckgegebene und umgetauschte Produkte m\u00fcssen sich in vollst\u00e4ndig verkaufsf\u00e4higem Zustand befinden und mit dem entsprechenden Kaufbeleg, allen relevanten Zubeh\u00f6rteilen, der Originalverpackung und den Papierrechnungen (falls vorhanden) versehen sein.<br \/>5. MRCARTOOL wird die zur\u00fcckgesandten Artikel \u00fcberpr\u00fcfen, um sicherzustellen, dass sie in gutem Zustand und geeignet sind. Jeder Artikel, der die Inspektion nicht besteht, wird an Sie zur\u00fcckgeschickt und Sie erhalten keine Erstattung f\u00fcr den Artikel.<br \/>6. Sie k\u00f6nnen das Produkt \u00fcber das Kundendienstzentrum oder die von MRCARTOOL autorisierten Vertriebsh\u00e4ndler umtauschen. Die R\u00fcckgabe- und Umtauschpolitik sieht vor, dass das Produkt dort zur\u00fcckgegeben wird, wo es gekauft wurde. Wenn es Schwierigkeiten oder Probleme mit der R\u00fcckgabe oder dem Umtausch gibt, wenden Sie sich bitte an den MRCARTOOL-Kundendienst.<br \/>7. Wenn Sie einen Artikel zur\u00fcckgeben oder umtauschen m\u00f6chten, kontaktieren Sie uns bitte und befolgen Sie die nachstehenden Schritte, um Ihre R\u00fcckgabe oder Ihren Umtausch abzuschlie\u00dfen.<\/p>\n<p>1-Telefon: 0755-27807580\/ +86 18926437723<br \/>Offizielles WeChat: 18926437723<br \/>Dienst-E-Mail: seller@mrcartool.net<br \/>WhatsApp: +8618926437723<\/p>\n<p>Wenn Ihre R\u00fcckgabe- oder Umtauschinformationen best\u00e4tigt sind, erhalten Sie eine Best\u00e4tigungsnachricht und eine E-Mail.<\/p>\n<p>2 - Vorbereiten des Pakets<br \/>Bitte legen Sie die Produkte und das dazugeh\u00f6rige Zubeh\u00f6r, die zur\u00fcckgegeben oder umgetauscht werden sollen, in den Original-Expresskarton und verschlie\u00dfen Sie den Expresskarton.<\/p>\n<p>3 - Bitte \u00fcbergeben Sie das Paket dem Kurier und teilen Sie dem Empf\u00e4nger die Tracking-Nummer mit.<\/p>\n<p><strong>ERSTATTUNGEN (FALLS ZUTREFFEND)<\/strong><br \/>Sobald wir Ihre R\u00fccksendung erhalten und gepr\u00fcft haben, senden wir Ihnen eine E-Mail, um Sie dar\u00fcber zu informieren, dass wir Ihren zur\u00fcckgesandten Artikel erhalten haben. Wir werden Sie auch \u00fcber die Genehmigung oder Ablehnung Ihrer R\u00fcckerstattung informieren. Im Falle einer Genehmigung wird Ihre R\u00fcckerstattung bearbeitet und eine Gutschrift wird automatisch innerhalb von zwei Werktagen auf Ihre Kreditkarte oder Ihre urspr\u00fcngliche Zahlungsmethode vorgenommen.<\/p>\n<p><strong>VERSP\u00c4TETE ODER FEHLENDE ERSTATTUNGEN (FALLS ZUTREFFEND)<\/strong><br \/>Wenn Sie noch keine R\u00fcckerstattung erhalten haben, pr\u00fcfen Sie zun\u00e4chst Ihr Bankkonto erneut. Wenden Sie sich dann an Ihr Kreditkartenunternehmen. Es kann einige Zeit dauern, bis Ihre Erstattung offiziell verbucht wird. Wenden Sie sich dann an Ihre Bank. Oft dauert es eine gewisse Zeit, bis die Erstattung verbucht wird. Wenn Sie all dies getan haben und Ihre R\u00fcckerstattung immer noch nicht erhalten haben, kontaktieren Sie uns bitte unter seller@mrcartool.net<\/p>","protected":false},"excerpt":{"rendered":"<p>DAMAGES AND ISSUESPlease inspect your order upon reception and contact us immediately if the item is defective, or damaged or if you receive the wrong item so that we can evaluate the issue and make it right. CANCELLATIONWe accept order\u00a0cancellations before the product is shipped or produced. If the order is canceled, you will get [&#8230;]","protected":false},"author":238,"featured_media":0,"parent":0,"menu_order":0,"comment_status":"closed","ping_status":"closed","template":"","meta":{"footnotes":""},"class_list":["post-1197","page","type-page","status-publish","hentry"],"yoast_head":"<!-- This site is optimized with the Yoast SEO Premium plugin v24.4 (Yoast SEO v24.4) - https:\/\/yoast.com\/wordpress\/plugins\/seo\/ -->\n<title>Refund and Returns Policy - Mrcartool<\/title>\n<meta name=\"robots\" content=\"index, follow, max-snippet:-1, max-image-preview:large, max-video-preview:-1\" \/>\n<link rel=\"canonical\" href=\"https:\/\/mrcartools.com\/de\/refund-and-returns\/\" \/>\n<meta property=\"og:locale\" content=\"de_DE\" \/>\n<meta property=\"og:type\" content=\"article\" \/>\n<meta property=\"og:title\" content=\"Refund and Returns Policy\" \/>\n<meta property=\"og:description\" content=\"DAMAGES AND ISSUESPlease inspect your order upon reception and contact us immediately if the item is defective, or damaged or if you receive the wrong item so that we can evaluate the issue and make it right. CANCELLATIONWe accept order\u00a0cancellations before the product is shipped or produced. If the order is canceled, you will get [...]\" \/>\n<meta property=\"og:url\" content=\"https:\/\/mrcartools.com\/de\/refund-and-returns\/\" \/>\n<meta property=\"og:site_name\" content=\"Mrcartool\" \/>\n<meta property=\"article:modified_time\" content=\"2023-05-30T07:56:32+00:00\" \/>\n<meta name=\"twitter:card\" content=\"summary_large_image\" \/>\n<meta name=\"twitter:label1\" content=\"Gesch\u00e4tzte Lesezeit\" \/>\n\t<meta name=\"twitter:data1\" content=\"2\u00a0Minuten\" \/>\n<script type=\"application\/ld+json\" class=\"yoast-schema-graph\">{\"@context\":\"https:\/\/schema.org\",\"@graph\":[{\"@type\":\"WebPage\",\"@id\":\"https:\/\/mrcartools.com\/refund-and-returns\/\",\"url\":\"https:\/\/mrcartools.com\/refund-and-returns\/\",\"name\":\"Refund and Returns Policy - Mrcartool\",\"isPartOf\":{\"@id\":\"https:\/\/mrcartools.com\/#website\"},\"datePublished\":\"2022-05-05T08:14:16+00:00\",\"dateModified\":\"2023-05-30T07:56:32+00:00\",\"breadcrumb\":{\"@id\":\"https:\/\/mrcartools.com\/refund-and-returns\/#breadcrumb\"},\"inLanguage\":\"de\",\"potentialAction\":[{\"@type\":\"ReadAction\",\"target\":[\"https:\/\/mrcartools.com\/refund-and-returns\/\"]}]},{\"@type\":\"BreadcrumbList\",\"@id\":\"https:\/\/mrcartools.com\/refund-and-returns\/#breadcrumb\",\"itemListElement\":[{\"@type\":\"ListItem\",\"position\":1,\"name\":\"Home\",\"item\":\"https:\/\/mrcartools.com\/\"},{\"@type\":\"ListItem\",\"position\":2,\"name\":\"Refund and Returns Policy\"}]},{\"@type\":\"WebSite\",\"@id\":\"https:\/\/mrcartools.com\/#website\",\"url\":\"https:\/\/mrcartools.com\/\",\"name\":\"MRCARTOOL\",\"description\":\"MRCARTOOL Official Website\",\"publisher\":{\"@id\":\"https:\/\/mrcartools.com\/#organization\"},\"potentialAction\":[{\"@type\":\"SearchAction\",\"target\":{\"@type\":\"EntryPoint\",\"urlTemplate\":\"https:\/\/mrcartools.com\/?s={search_term_string}\"},\"query-input\":{\"@type\":\"PropertyValueSpecification\",\"valueRequired\":true,\"valueName\":\"search_term_string\"}}],\"inLanguage\":\"de\"},{\"@type\":\"Organization\",\"@id\":\"https:\/\/mrcartools.com\/#organization\",\"name\":\"MRCARTOOL\",\"url\":\"https:\/\/mrcartools.com\/\",\"logo\":{\"@type\":\"ImageObject\",\"inLanguage\":\"de\",\"@id\":\"https:\/\/mrcartools.com\/#\/schema\/logo\/image\/\",\"url\":\"https:\/\/mrcartools.com\/wp-content\/uploads\/2023\/07\/\u4e0a\u4f73\u6c7d\u8f66\u5de5\u5177-LOGO-2.png\",\"contentUrl\":\"https:\/\/mrcartools.com\/wp-content\/uploads\/2023\/07\/\u4e0a\u4f73\u6c7d\u8f66\u5de5\u5177-LOGO-2.png\",\"width\":1800,\"height\":402,\"caption\":\"MRCARTOOL\"},\"image\":{\"@id\":\"https:\/\/mrcartools.com\/#\/schema\/logo\/image\/\"}}]}<\/script>\n<!-- \/ Yoast SEO Premium plugin. -->","yoast_head_json":{"title":"Refund and Returns Policy - Mrcartool","robots":{"index":"index","follow":"follow","max-snippet":"max-snippet:-1","max-image-preview":"max-image-preview:large","max-video-preview":"max-video-preview:-1"},"canonical":"https:\/\/mrcartools.com\/de\/refund-and-returns\/","og_locale":"de_DE","og_type":"article","og_title":"Refund and Returns Policy","og_description":"DAMAGES AND ISSUESPlease inspect your order upon reception and contact us immediately if the item is defective, or damaged or if you receive the wrong item so that we can evaluate the issue and make it right. CANCELLATIONWe accept order\u00a0cancellations before the product is shipped or produced. If the order is canceled, you will get [...]","og_url":"https:\/\/mrcartools.com\/de\/refund-and-returns\/","og_site_name":"Mrcartool","article_modified_time":"2023-05-30T07:56:32+00:00","twitter_card":"summary_large_image","twitter_misc":{"Gesch\u00e4tzte Lesezeit":"2\u00a0Minuten"},"schema":{"@context":"https:\/\/schema.org","@graph":[{"@type":"WebPage","@id":"https:\/\/mrcartools.com\/refund-and-returns\/","url":"https:\/\/mrcartools.com\/refund-and-returns\/","name":"Refund and Returns Policy - Mrcartool","isPartOf":{"@id":"https:\/\/mrcartools.com\/#website"},"datePublished":"2022-05-05T08:14:16+00:00","dateModified":"2023-05-30T07:56:32+00:00","breadcrumb":{"@id":"https:\/\/mrcartools.com\/refund-and-returns\/#breadcrumb"},"inLanguage":"de","potentialAction":[{"@type":"ReadAction","target":["https:\/\/mrcartools.com\/refund-and-returns\/"]}]},{"@type":"BreadcrumbList","@id":"https:\/\/mrcartools.com\/refund-and-returns\/#breadcrumb","itemListElement":[{"@type":"ListItem","position":1,"name":"Home","item":"https:\/\/mrcartools.com\/"},{"@type":"ListItem","position":2,"name":"Refund and Returns Policy"}]},{"@type":"WebSite","@id":"https:\/\/mrcartools.com\/#website","url":"https:\/\/mrcartools.com\/","name":"MRCARTOOL","description":"MRCARTOOL Offizielle Website","publisher":{"@id":"https:\/\/mrcartools.com\/#organization"},"potentialAction":[{"@type":"SearchAction","target":{"@type":"EntryPoint","urlTemplate":"https:\/\/mrcartools.com\/?s={search_term_string}"},"query-input":{"@type":"PropertyValueSpecification","valueRequired":true,"valueName":"search_term_string"}}],"inLanguage":"de"},{"@type":"Organization","@id":"https:\/\/mrcartools.com\/#organization","name":"MRCARTOOL","url":"https:\/\/mrcartools.com\/","logo":{"@type":"ImageObject","inLanguage":"de","@id":"https:\/\/mrcartools.com\/#\/schema\/logo\/image\/","url":"https:\/\/mrcartools.com\/wp-content\/uploads\/2023\/07\/\u4e0a\u4f73\u6c7d\u8f66\u5de5\u5177-LOGO-2.png","contentUrl":"https:\/\/mrcartools.com\/wp-content\/uploads\/2023\/07\/\u4e0a\u4f73\u6c7d\u8f66\u5de5\u5177-LOGO-2.png","width":1800,"height":402,"caption":"MRCARTOOL"},"image":{"@id":"https:\/\/mrcartools.com\/#\/schema\/logo\/image\/"}}]}},"_links":{"self":[{"href":"https:\/\/mrcartools.com\/de\/wp-json\/wp\/v2\/pages\/1197","targetHints":{"allow":["GET"]}}],"collection":[{"href":"https:\/\/mrcartools.com\/de\/wp-json\/wp\/v2\/pages"}],"about":[{"href":"https:\/\/mrcartools.com\/de\/wp-json\/wp\/v2\/types\/page"}],"author":[{"embeddable":true,"href":"https:\/\/mrcartools.com\/de\/wp-json\/wp\/v2\/users\/238"}],"replies":[{"embeddable":true,"href":"https:\/\/mrcartools.com\/de\/wp-json\/wp\/v2\/comments?post=1197"}],"version-history":[{"count":0,"href":"https:\/\/mrcartools.com\/de\/wp-json\/wp\/v2\/pages\/1197\/revisions"}],"wp:attachment":[{"href":"https:\/\/mrcartools.com\/de\/wp-json\/wp\/v2\/media?parent=1197"}],"curies":[{"name":"wp","href":"https:\/\/api.w.org\/{rel}","templated":true}]}}