{"id":5569,"date":"2024-11-05T06:53:23","date_gmt":"2024-11-05T06:53:23","guid":{"rendered":"https:\/\/mrcartools.com\/?page_id=5569"},"modified":"2024-11-12T02:13:31","modified_gmt":"2024-11-12T02:13:31","slug":"shipping","status":"publish","type":"page","link":"https:\/\/mrcartools.com\/de\/mrcartools-official-shop\/help-center\/shipping\/","title":{"rendered":"Versand\u3001Bestellung&amp;R\u00fcckgabe"},"content":{"rendered":"<section class=\"section dark\" id=\"section_2101351565\">\n\t\t<div class=\"section-bg fill\" >\n\t\t\t\t\t\t\t\t\t\n\t\t\t\n\n\t\t<\/div>\n\n\t\t\n\n\t\t<div class=\"section-content relative\">\n\t\t\t\n<div class=\"row align-center\"  id=\"row-248846973\">\n\n\t<div id=\"col-1739575279\" class=\"col medium-10 small-12 large-8\"  >\n\t\t\t\t<div class=\"col-inner text-center\"  >\n\t\t\t\n\t\t\t\n\t<div id=\"text-1425323988\" class=\"text\">\n\t\t\n<h1><strong>Versand, Bestellung und R\u00fcckgabe<\/strong><\/h1>\n\t\t\n<style>\n#text-1425323988 {\n  font-size: 1.95rem;\n}\n<\/style>\n\t<\/div>\n\t\n\t\t<\/div>\n\t\t\t\t\n<style>\n#col-1739575279 > .col-inner {\n  margin: 0px 0px -40px 0px;\n}\n<\/style>\n\t<\/div>\n\n\t\n<\/div>\n<div class=\"row align-center\"  id=\"row-1914949541\">\n\n\t<div id=\"col-1702934134\" class=\"col medium-12 small-12 large-10\"  >\n\t\t\t\t<div class=\"col-inner text-left\"  >\n\t\t\t\n\t\t\t\n<div class=\"is-divider divider clearfix\" style=\"margin-top:3em;margin-bottom:3em;max-width:100%;background-color:rgb(255, 255, 255);\"><\/div>\n<div class=\"row row-collapse\"  id=\"row-1742237161\">\n\n\t<div id=\"col-1547644131\" class=\"col medium-12 small-12 large-4\"  >\n\t\t\t\t<div class=\"col-inner\"  >\n\t\t\t\n\t\t\t\n\n\t\t<div class=\"icon-box featured-box icon-box-left text-left\"  style=\"margin:0px 0px 30px 0px;\">\n\t\t\t\t\t<div class=\"icon-box-img\" style=\"width: 83px\">\n\t\t\t\t<div class=\"icon\">\n\t\t\t\t\t<div class=\"icon-inner\" >\n\t\t\t\t\t\t<img decoding=\"async\" width=\"128\" height=\"128\" src=\"https:\/\/mrcartools.com\/wp-content\/uploads\/2024\/11\/\u8ba2\u5355\u4fe1\u606f_333333_128_21545867.png\" class=\"attachment-medium size-medium wvs-archive-product-image\" alt=\"\" srcset=\"\/\/mrcartools.com\/wp-content\/uploads\/2024\/11\/\u8ba2\u5355\u4fe1\u606f_333333_128_21545867.png 128w, \/\/mrcartools.com\/wp-content\/uploads\/2024\/11\/\u8ba2\u5355\u4fe1\u606f_333333_128_21545867-100x100.png 100w, \/\/mrcartools.com\/wp-content\/uploads\/2024\/11\/\u8ba2\u5355\u4fe1\u606f_333333_128_21545867-50x50.png 50w\" sizes=\"(max-width: 128px) 100vw, 128px\" \/>\t\t\t\t\t<\/div>\n\t\t\t\t<\/div>\n\t\t\t<\/div>\n\t\t\t\t<div class=\"icon-box-text last-reset\">\n\t\t\t\t\t\t\t\t\t\n<h2><strong>Bestellung<\/strong><\/h2>\n\t\t<\/div>\n\t<\/div>\n\t\n\t\n\t\t<\/div>\n\t\t\t\t\t<\/div>\n\n\t\n\n\t<div id=\"col-357353222\" class=\"col medium-12 small-12 large-8\"  >\n\t\t\t\t<div class=\"col-inner text-left\"  >\n\t\t\t\n\t\t\t\n<div class=\"accordion\">\n\t<div id=\"accordion-3924232086\" class=\"accordion-item\">\n\t\t<a id=\"accordion-3924232086-label\" class=\"accordion-title plain\" href=\"#accordion-item-how-do-i-place-an-order?\" aria-expanded=\"false\" aria-controls=\"accordion-3924232086-content\">\n\t\t\t<button class=\"toggle\" aria-label=\"Umschalten\"><i class=\"icon-angle-down\" aria-hidden=\"true\"><\/i><\/button>\n\t\t\t<span>Wie kann ich eine Bestellung aufgeben?<\/span>\n\t\t<\/a>\n\t\t<div id=\"accordion-3924232086-content\" class=\"accordion-inner\" aria-labelledby=\"accordion-3924232086-label\">\n\t\t\t\n<p>W\u00e4hlen Sie die richtige Zuordnung und klicken Sie auf \"In den Warenkorb\" und dann auf die Schaltfl\u00e4che \"Zur Kasse\", um eine Bestellung aufzugeben. Die Schaltfl\u00e4che \"Jetzt kaufen\" kann Sie zur Kasse f\u00fchren.<\/p>\n<p>HINWEIS: Wenn Sie Gro\u00dfeinkauf Bed\u00fcrfnisse haben, kontaktieren Sie uns bitte zu kommunizieren spezifischen Kauf Bed\u00fcrfnisse, werden wir Gro\u00dfhandel Einkaufspreise und Kauf Methoden nach der tats\u00e4chlichen Situation zu geben.<\/p>\n\t\t<\/div>\n\t<\/div>\n\t\n\t<div id=\"accordion-2912307489\" class=\"accordion-item\">\n\t\t<a id=\"accordion-2912307489-label\" class=\"accordion-title plain\" href=\"#accordion-item-what-if-i-need-to-change-my-shipping-address?\" aria-expanded=\"false\" aria-controls=\"accordion-2912307489-content\">\n\t\t\t<button class=\"toggle\" aria-label=\"Umschalten\"><i class=\"icon-angle-down\" aria-hidden=\"true\"><\/i><\/button>\n\t\t\t<span>Was ist, wenn ich meine Lieferadresse \u00e4ndern muss?<\/span>\n\t\t<\/a>\n\t\t<div id=\"accordion-2912307489-content\" class=\"accordion-inner\" aria-labelledby=\"accordion-2912307489-label\">\n\t\t\t\n<p>Wenn Sie die Lieferadresse \u00e4ndern m\u00fcssen, kontaktieren Sie uns bitte innerhalb von 12 Stunden. Wir werden normale Bestellungen innerhalb von 24 Stunden versenden. <a href=\"https:\/\/api.whatsapp.com\/send\/?phone=%2B8618923768146&amp;text=onlinesupport\"><em><strong>F\u00fcr den Online-Kontakt klicken Sie bitte hier&gt;&gt;<\/strong><\/em><\/a><\/p>\n\t\t<\/div>\n\t<\/div>\n\t\n\t<div id=\"accordion-676632575\" class=\"accordion-item\">\n\t\t<a id=\"accordion-676632575-label\" class=\"accordion-title plain\" href=\"#accordion-item-how-do-i-change-or-cancel-my-order-after-i-have-placed-it?\" aria-expanded=\"false\" aria-controls=\"accordion-676632575-content\">\n\t\t\t<button class=\"toggle\" aria-label=\"Umschalten\"><i class=\"icon-angle-down\" aria-hidden=\"true\"><\/i><\/button>\n\t\t\t<span>Wie kann ich meine Bestellung \u00e4ndern oder stornieren, nachdem ich sie aufgegeben habe?<\/span>\n\t\t<\/a>\n\t\t<div id=\"accordion-676632575-content\" class=\"accordion-inner\" aria-labelledby=\"accordion-676632575-label\">\n\t\t\t\n<p>Wenn Sie Ihre Bestellung \u00e4ndern oder stornieren m\u00f6chten, m\u00fcssen Sie sich an unseren Online-Kundendienst oder an unseren Kundendienst per E-Mail wenden: <strong>seller@mrcartool.net<\/strong>\u00a0 <strong>innerhalb von 12 Stunden<\/strong>\u00a0Ihrer Bestellung und senden Sie uns sowohl Ihre Anfrage als auch Ihre Bestellnummer, damit wir Ihre Anfrage schnell installieren k\u00f6nnen, um das Problem zu l\u00f6sen.<\/p>\n<p>Wir werden Ihnen antworten, sobald wir die Informationen an Werktagen erhalten haben. Wenn Sie unsere Antwort nicht sofort erhalten, machen Sie sich bitte keine Sorgen, wir sind gerade im Urlaub, werktags k\u00f6nnen wir uns noch rechtzeitig um Sie k\u00fcmmern!<\/p>\n<p><strong>Online-Unterst\u00fctzung\u00a0<a href=\"https:\/\/api.whatsapp.com\/send\/?phone=%2B8618923768146&amp;text=onlinesupport\">Bitte klicken Sie hier&gt;&gt;<\/a><\/strong><\/p>\n\t\t<\/div>\n\t<\/div>\n\t\n<\/div>\n\t\t<\/div>\n\t\t\t\t\t<\/div>\n\n\t\n<\/div>\n<div class=\"is-divider divider clearfix\" style=\"margin-top:3em;margin-bottom:3em;max-width:100%;background-color:rgb(255, 255, 255);\"><\/div>\n<div class=\"row row-collapse\"  id=\"row-1809428967\">\n\n\t<div id=\"col-1537964323\" class=\"col medium-12 small-12 large-4\"  >\n\t\t\t\t<div class=\"col-inner\"  >\n\t\t\t\n\t\t\t\n\n\t\t<div class=\"icon-box featured-box icon-box-left text-left\"  style=\"margin:0px 0px 30px 0px;\">\n\t\t\t\t\t<div class=\"icon-box-img\" style=\"width: 83px\">\n\t\t\t\t<div class=\"icon\">\n\t\t\t\t\t<div class=\"icon-inner\" >\n\t\t\t\t\t\t<img decoding=\"async\" width=\"128\" height=\"128\" src=\"https:\/\/mrcartools.com\/wp-content\/uploads\/2024\/11\/\u5feb\u9012\u5305\u88f9_333333_128_21557057-2.png\" class=\"attachment-medium size-medium wvs-archive-product-image\" alt=\"\" srcset=\"\/\/mrcartools.com\/wp-content\/uploads\/2024\/11\/\u5feb\u9012\u5305\u88f9_333333_128_21557057-2.png 128w, \/\/mrcartools.com\/wp-content\/uploads\/2024\/11\/\u5feb\u9012\u5305\u88f9_333333_128_21557057-2-100x100.png 100w, \/\/mrcartools.com\/wp-content\/uploads\/2024\/11\/\u5feb\u9012\u5305\u88f9_333333_128_21557057-2-50x50.png 50w\" sizes=\"(max-width: 128px) 100vw, 128px\" \/>\t\t\t\t\t<\/div>\n\t\t\t\t<\/div>\n\t\t\t<\/div>\n\t\t\t\t<div class=\"icon-box-text last-reset\">\n\t\t\t\t\t\t\t\t\t\n\t<div id=\"text-1178382311\" class=\"text\">\n\t\t\n<h2><strong>Versand<\/strong><\/h2>\n\t\t\n<style>\n#text-1178382311 {\n  font-size: 1rem;\n}\n<\/style>\n\t<\/div>\n\t\n\t\t<\/div>\n\t<\/div>\n\t\n\t\n\t\t<\/div>\n\t\t\t\t\t<\/div>\n\n\t\n\n\t<div id=\"col-1503192526\" class=\"col medium-12 small-12 large-8\"  >\n\t\t\t\t<div class=\"col-inner text-left\"  >\n\t\t\t\n\t\t\t\n<div class=\"accordion\">\n\t<div id=\"accordion-801281336\" class=\"accordion-item\">\n\t\t<a id=\"accordion-801281336-label\" class=\"accordion-title plain\" href=\"#accordion-item-how-long-will-it-take-for-my-order-to-ship?\" aria-expanded=\"false\" aria-controls=\"accordion-801281336-content\">\n\t\t\t<button class=\"toggle\" aria-label=\"Umschalten\"><i class=\"icon-angle-down\" aria-hidden=\"true\"><\/i><\/button>\n\t\t\t<span>Wie lange dauert es, bis meine Bestellung versandt wird?<\/span>\n\t\t<\/a>\n\t\t<div id=\"accordion-801281336-content\" class=\"accordion-inner\" aria-labelledby=\"accordion-801281336-label\">\n\t\t\t\n<p>Unter normalen Umst\u00e4nden wird Ihre Bestellung innerhalb von 24 Stunden versandt. Wenn die Ware nicht auf Lager ist oder andere Umst\u00e4nde vorliegen, werden wir den Versand innerhalb von 72 Stunden f\u00fcr Sie organisieren.<\/p>\n\t\t<\/div>\n\t<\/div>\n\t\n<\/div>\n\t\t<\/div>\n\t\t\t\t\t<\/div>\n\n\t\n<\/div>\n<div class=\"is-divider divider clearfix\" style=\"margin-top:3em;margin-bottom:3em;max-width:100%;background-color:rgb(255, 255, 255);\"><\/div>\n<div class=\"row row-collapse\"  id=\"row-1677213384\">\n\n\t<div id=\"col-126303414\" class=\"col medium-12 small-12 large-4\"  >\n\t\t\t\t<div class=\"col-inner\"  >\n\t\t\t\n\t\t\t\n\n\t\t<div class=\"icon-box featured-box icon-box-left text-left\"  style=\"margin:0px 0px 30px 0px;\">\n\t\t\t\t\t<div class=\"icon-box-img\" style=\"width: 83px\">\n\t\t\t\t<div class=\"icon\">\n\t\t\t\t\t<div class=\"icon-inner\" >\n\t\t\t\t\t\t<img decoding=\"async\" width=\"128\" height=\"128\" src=\"https:\/\/mrcartools.com\/wp-content\/uploads\/2024\/11\/\u7269\u6d41\u5feb\u9012_333333_128_21553113-1.png\" class=\"attachment-medium size-medium wvs-archive-product-image\" alt=\"\" srcset=\"\/\/mrcartools.com\/wp-content\/uploads\/2024\/11\/\u7269\u6d41\u5feb\u9012_333333_128_21553113-1.png 128w, \/\/mrcartools.com\/wp-content\/uploads\/2024\/11\/\u7269\u6d41\u5feb\u9012_333333_128_21553113-1-100x100.png 100w, \/\/mrcartools.com\/wp-content\/uploads\/2024\/11\/\u7269\u6d41\u5feb\u9012_333333_128_21553113-1-50x50.png 50w\" sizes=\"(max-width: 128px) 100vw, 128px\" \/>\t\t\t\t\t<\/div>\n\t\t\t\t<\/div>\n\t\t\t<\/div>\n\t\t\t\t<div class=\"icon-box-text last-reset\">\n\t\t\t\t\t\t\t\t\t\n\t<div id=\"text-945373628\" class=\"text\">\n\t\t\n<h2><strong>R\u00fcckkehr<\/strong><\/h2>\n\t\t\n<style>\n#text-945373628 {\n  font-size: 1rem;\n}\n<\/style>\n\t<\/div>\n\t\n\t\t<\/div>\n\t<\/div>\n\t\n\t\n\t\t<\/div>\n\t\t\t\t\t<\/div>\n\n\t\n\n\t<div id=\"col-1343870854\" class=\"col medium-12 small-12 large-8\"  >\n\t\t\t\t<div class=\"col-inner text-left\"  >\n\t\t\t\n\t\t\t\n<div class=\"accordion\">\n\t<div id=\"accordion-3090729135\" class=\"accordion-item\">\n\t\t<a id=\"accordion-3090729135-label\" class=\"accordion-title plain\" href=\"#accordion-item-refund-arrival-time\" aria-expanded=\"false\" aria-controls=\"accordion-3090729135-content\">\n\t\t\t<button class=\"toggle\" aria-label=\"Umschalten\"><i class=\"icon-angle-down\" aria-hidden=\"true\"><\/i><\/button>\n\t\t\t<span>Ankunftszeit der Erstattung<\/span>\n\t\t<\/a>\n\t\t<div id=\"accordion-3090729135-content\" class=\"accordion-inner\" aria-labelledby=\"accordion-3090729135-label\">\n\t\t\t\n<p>Wenn wir eine R\u00fcckerstattungsanfrage von einem Kunden im Status \"Unversandt\" oder \"Nur R\u00fcckerstattung\" erhalten, werden wir die R\u00fcckerstattung innerhalb von 24 Stunden an einem Werktag abschlie\u00dfen; an arbeitsfreien Tagen wird sie verschoben.<\/p>\n<p>Anmerkungen:<\/p>\n<p>1. F\u00fcr PayPal-Zahlung, wenn wir eine R\u00fcckerstattung Anweisung ausstellen, wird der Kunde eine R\u00fcckerstattung sofort erhalten.<\/p>\n<p>2. Bei Kreditkartenzahlung, wenn wir die R\u00fcckerstattungsanweisung ausstellen, wird Ihre ausstellende Bank unsere R\u00fcckerstattung innerhalb von 24 Stunden erhalten, aber einige Banken haben das Problem der Bearbeitungszeit Verz\u00f6gerung, in der Regel etwa 1-20 Tage (dies wird je nach verschiedenen Banken variieren). Sie k\u00f6nnen sich an den Kundendienst wenden, um die ARN-Nummer f\u00fcr die R\u00fcckerstattung zu erfragen. Der Zahler kann den R\u00fcckerstattungsstatus mit dem Kreditkartenaussteller \u00fcber die R\u00fcckerstattungs-ARN-Nummer \u00fcberpr\u00fcfen.<\/p>\n\t\t<\/div>\n\t<\/div>\n\t\n<\/div>\n\t\t<\/div>\n\t\t\t\t\t<\/div>\n\n\t\n<\/div>\n<div class=\"is-divider divider clearfix\" style=\"margin-top:3em;margin-bottom:3em;max-width:100%;background-color:rgb(255, 255, 255);\"><\/div>\n<div class=\"row row-collapse\"  id=\"row-1036822724\">\n\n\t<div id=\"col-1734749093\" class=\"col medium-12 small-12 large-4\"  >\n\t\t\t\t<div class=\"col-inner\"  >\n\t\t\t\n\t\t\t\n\n\t\t<div class=\"icon-box featured-box icon-box-left text-left\"  style=\"margin:0px 0px 30px 0px;\">\n\t\t\t\t\t<div class=\"icon-box-img\" style=\"width: 83px\">\n\t\t\t\t<div class=\"icon\">\n\t\t\t\t\t<div class=\"icon-inner\" >\n\t\t\t\t\t\t<img loading=\"lazy\" decoding=\"async\" width=\"128\" height=\"128\" src=\"https:\/\/mrcartools.com\/wp-content\/uploads\/2024\/11\/\u624b\u673a\u8425\u9500_333333_128_20263704-3.png\" class=\"attachment-medium size-medium wvs-archive-product-image\" alt=\"\" srcset=\"\/\/mrcartools.com\/wp-content\/uploads\/2024\/11\/\u624b\u673a\u8425\u9500_333333_128_20263704-3.png 128w, \/\/mrcartools.com\/wp-content\/uploads\/2024\/11\/\u624b\u673a\u8425\u9500_333333_128_20263704-3-100x100.png 100w, \/\/mrcartools.com\/wp-content\/uploads\/2024\/11\/\u624b\u673a\u8425\u9500_333333_128_20263704-3-50x50.png 50w\" sizes=\"(max-width: 128px) 100vw, 128px\" \/>\t\t\t\t\t<\/div>\n\t\t\t\t<\/div>\n\t\t\t<\/div>\n\t\t\t\t<div class=\"icon-box-text last-reset\">\n\t\t\t\t\t\t\t\t\t\n\t<div id=\"text-837254504\" class=\"text\">\n\t\t\n<h2><strong>Zahlung<\/strong><\/h2>\n\t\t\n<style>\n#text-837254504 {\n  font-size: 1rem;\n}\n<\/style>\n\t<\/div>\n\t\n\t\t<\/div>\n\t<\/div>\n\t\n\t\n\t\t<\/div>\n\t\t\t\t\t<\/div>\n\n\t\n\n\t<div id=\"col-937388021\" class=\"col medium-12 small-12 large-8\"  >\n\t\t\t\t<div class=\"col-inner text-left\"  >\n\t\t\t\n\t\t\t\n<div class=\"accordion\">\n\t<div id=\"accordion-312736757\" class=\"accordion-item\">\n\t\t<a id=\"accordion-312736757-label\" class=\"accordion-title plain\" href=\"#accordion-item-what-is-the-payment-method?\" aria-expanded=\"false\" aria-controls=\"accordion-312736757-content\">\n\t\t\t<button class=\"toggle\" aria-label=\"Umschalten\"><i class=\"icon-angle-down\" aria-hidden=\"true\"><\/i><\/button>\n\t\t\t<span>Was ist die Zahlungsmethode?<\/span>\n\t\t<\/a>\n\t\t<div id=\"accordion-312736757-content\" class=\"accordion-inner\" aria-labelledby=\"accordion-312736757-label\">\n\t\t\t\n<p>Die Zahlungsm\u00f6glichkeiten auf unserer Website sind Kreditkarte, PayPal, Bank\u00fcberweisung. Die meisten unserer Kunden nutzen PayPal.<\/p>\n<p>Wenn Sie per Bank\u00fcberweisung zahlen m\u00f6chten, wenden Sie sich bitte an unsere Mitarbeiter.<\/p>\n\t<div class=\"img has-hover x md-x lg-x y md-y lg-y\" id=\"image_342454262\">\n\t\t\t\t\t\t\t\t<div class=\"img-inner dark\" >\n\t\t\t<img loading=\"lazy\" decoding=\"async\" width=\"510\" height=\"153\" src=\"https:\/\/mrcartools.com\/wp-content\/uploads\/2024\/11\/Payment-510x153-1.png\" class=\"attachment-large size-large wvs-archive-product-image\" alt=\"\" \/>\t\t\t\t\t\t\n\t\t\t\t\t<\/div>\n\t\t\t\t\t\t\t\t\n<style>\n#image_342454262 {\n  width: 100%;\n}\n<\/style>\n\t<\/div>\n\t\n\t\t<\/div>\n\t<\/div>\n\t\n<\/div>\n\t\t<\/div>\n\t\t\t\t\t<\/div>\n\n\t\n<\/div>\n\t<div id=\"gap-1432342957\" class=\"gap-element clearfix\" style=\"display:block; height:auto;\">\n\t\t\n<style>\n#gap-1432342957 {\n  padding-top: 60px;\n}\n<\/style>\n\t<\/div>\n\t\n<div class=\"row align-center\"  id=\"row-1314742613\">\n\n\t<div id=\"col-1187570130\" class=\"col small-12 large-12\"  >\n\t\t\t\t<div class=\"col-inner text-center\" style=\"background-color:rgb(244, 244, 244);\" >\n\t\t\t\n\t\t\t\n\t<div id=\"text-3192237331\" class=\"text\">\n\t\t\n<h3><strong>Haben Sie noch eine Frage?<\/strong><\/h3>\n<p><strong>Bitte kontaktieren Sie uns f\u00fcr weitere Informationen.<\/strong><\/p>\n\t\t\n<style>\n#text-3192237331 {\n  font-size: 1.35rem;\n  color: #0a0a0a;\n}\n#text-3192237331 > * {\n  color: #0a0a0a;\n}\n<\/style>\n\t<\/div>\n\t\n<a href=\"https:\/\/api.whatsapp.com\/send\/?phone=%2B8618923768146&#038;text=onlinesupport\" target=\"_blank\" class=\"button primary\" rel=\"noopener\" >\n\t\t<span>Kontakt aufnehmen<\/span>\n\t<\/a>\n\n\t\t<\/div>\n\t\t\t\t\t<\/div>\n\n\t\n\n<style>\n#row-1314742613 > .col > .col-inner {\n  padding: 40px 20px 40px 20px;\n  background-color: rgb(244, 244, 244);\n}\n@media (min-width:550px) {\n  #row-1314742613 > .col > .col-inner {\n    padding: 40px 40px 40px 40px;\n  }\n}\n<\/style>\n<\/div>\n\t\t<\/div>\n\t\t\t\t\t<\/div>\n\n\t\n<\/div>\n\t\t<\/div>\n\n\t\t\n<style>\n#section_2101351565 {\n  padding-top: 70px;\n  padding-bottom: 70px;\n  background-color: #364d81;\n}\n<\/style>\n\t<\/section>","protected":false},"excerpt":{"rendered":"","protected":false},"author":378,"featured_media":0,"parent":5541,"menu_order":0,"comment_status":"closed","ping_status":"closed","template":"","meta":{"footnotes":""},"class_list":["post-5569","page","type-page","status-publish","hentry"],"yoast_head":"<!-- This site is optimized with the Yoast SEO Premium plugin v24.4 (Yoast SEO v24.4) - https:\/\/yoast.com\/wordpress\/plugins\/seo\/ -->\n<title>Shipping\u3001Ordering&amp; Return - Mrcartool<\/title>\n<meta name=\"robots\" content=\"index, follow, max-snippet:-1, max-image-preview:large, max-video-preview:-1\" \/>\n<link rel=\"canonical\" href=\"https:\/\/mrcartools.com\/de\/mrcartools-official-shop\/help-center\/shipping\/\" \/>\n<meta property=\"og:locale\" content=\"de_DE\" \/>\n<meta property=\"og:type\" content=\"article\" \/>\n<meta property=\"og:title\" content=\"Shipping\u3001Ordering&amp; Return\" \/>\n<meta property=\"og:url\" content=\"https:\/\/mrcartools.com\/de\/mrcartools-official-shop\/help-center\/shipping\/\" \/>\n<meta property=\"og:site_name\" content=\"Mrcartool\" \/>\n<meta property=\"article:modified_time\" content=\"2024-11-12T02:13:31+00:00\" \/>\n<meta name=\"twitter:card\" content=\"summary_large_image\" \/>\n<script type=\"application\/ld+json\" class=\"yoast-schema-graph\">{\"@context\":\"https:\/\/schema.org\",\"@graph\":[{\"@type\":\"WebPage\",\"@id\":\"https:\/\/mrcartools.com\/mrcartools-official-shop\/help-center\/shipping\/\",\"url\":\"https:\/\/mrcartools.com\/mrcartools-official-shop\/help-center\/shipping\/\",\"name\":\"Shipping\u3001Ordering&amp; Return - Mrcartool\",\"isPartOf\":{\"@id\":\"https:\/\/mrcartools.com\/#website\"},\"datePublished\":\"2024-11-05T06:53:23+00:00\",\"dateModified\":\"2024-11-12T02:13:31+00:00\",\"breadcrumb\":{\"@id\":\"https:\/\/mrcartools.com\/mrcartools-official-shop\/help-center\/shipping\/#breadcrumb\"},\"inLanguage\":\"de\",\"potentialAction\":[{\"@type\":\"ReadAction\",\"target\":[\"https:\/\/mrcartools.com\/mrcartools-official-shop\/help-center\/shipping\/\"]}]},{\"@type\":\"BreadcrumbList\",\"@id\":\"https:\/\/mrcartools.com\/mrcartools-official-shop\/help-center\/shipping\/#breadcrumb\",\"itemListElement\":[{\"@type\":\"ListItem\",\"position\":1,\"name\":\"Home\",\"item\":\"https:\/\/mrcartools.com\/\"},{\"@type\":\"ListItem\",\"position\":2,\"name\":\"Mrcartool&#8217;s Official Shop\",\"item\":\"https:\/\/mrcartools.com\/\"},{\"@type\":\"ListItem\",\"position\":3,\"name\":\"Help Center\",\"item\":\"https:\/\/mrcartools.com\/mrcartools-official-shop\/help-center\/\"},{\"@type\":\"ListItem\",\"position\":4,\"name\":\"Shipping\u3001Ordering&amp; Return\"}]},{\"@type\":\"WebSite\",\"@id\":\"https:\/\/mrcartools.com\/#website\",\"url\":\"https:\/\/mrcartools.com\/\",\"name\":\"MRCARTOOL\",\"description\":\"MRCARTOOL Official Website\",\"publisher\":{\"@id\":\"https:\/\/mrcartools.com\/#organization\"},\"potentialAction\":[{\"@type\":\"SearchAction\",\"target\":{\"@type\":\"EntryPoint\",\"urlTemplate\":\"https:\/\/mrcartools.com\/?s={search_term_string}\"},\"query-input\":{\"@type\":\"PropertyValueSpecification\",\"valueRequired\":true,\"valueName\":\"search_term_string\"}}],\"inLanguage\":\"de\"},{\"@type\":\"Organization\",\"@id\":\"https:\/\/mrcartools.com\/#organization\",\"name\":\"MRCARTOOL\",\"url\":\"https:\/\/mrcartools.com\/\",\"logo\":{\"@type\":\"ImageObject\",\"inLanguage\":\"de\",\"@id\":\"https:\/\/mrcartools.com\/#\/schema\/logo\/image\/\",\"url\":\"https:\/\/mrcartools.com\/wp-content\/uploads\/2023\/07\/\u4e0a\u4f73\u6c7d\u8f66\u5de5\u5177-LOGO-2.png\",\"contentUrl\":\"https:\/\/mrcartools.com\/wp-content\/uploads\/2023\/07\/\u4e0a\u4f73\u6c7d\u8f66\u5de5\u5177-LOGO-2.png\",\"width\":1800,\"height\":402,\"caption\":\"MRCARTOOL\"},\"image\":{\"@id\":\"https:\/\/mrcartools.com\/#\/schema\/logo\/image\/\"}}]}<\/script>\n<!-- \/ Yoast SEO Premium plugin. -->","yoast_head_json":{"title":"Shipping\u3001Ordering&amp; Return - Mrcartool","robots":{"index":"index","follow":"follow","max-snippet":"max-snippet:-1","max-image-preview":"max-image-preview:large","max-video-preview":"max-video-preview:-1"},"canonical":"https:\/\/mrcartools.com\/de\/mrcartools-official-shop\/help-center\/shipping\/","og_locale":"de_DE","og_type":"article","og_title":"Shipping\u3001Ordering&amp; Return","og_url":"https:\/\/mrcartools.com\/de\/mrcartools-official-shop\/help-center\/shipping\/","og_site_name":"Mrcartool","article_modified_time":"2024-11-12T02:13:31+00:00","twitter_card":"summary_large_image","schema":{"@context":"https:\/\/schema.org","@graph":[{"@type":"WebPage","@id":"https:\/\/mrcartools.com\/mrcartools-official-shop\/help-center\/shipping\/","url":"https:\/\/mrcartools.com\/mrcartools-official-shop\/help-center\/shipping\/","name":"Shipping\u3001Ordering&amp; Return - Mrcartool","isPartOf":{"@id":"https:\/\/mrcartools.com\/#website"},"datePublished":"2024-11-05T06:53:23+00:00","dateModified":"2024-11-12T02:13:31+00:00","breadcrumb":{"@id":"https:\/\/mrcartools.com\/mrcartools-official-shop\/help-center\/shipping\/#breadcrumb"},"inLanguage":"de","potentialAction":[{"@type":"ReadAction","target":["https:\/\/mrcartools.com\/mrcartools-official-shop\/help-center\/shipping\/"]}]},{"@type":"BreadcrumbList","@id":"https:\/\/mrcartools.com\/mrcartools-official-shop\/help-center\/shipping\/#breadcrumb","itemListElement":[{"@type":"ListItem","position":1,"name":"Home","item":"https:\/\/mrcartools.com\/"},{"@type":"ListItem","position":2,"name":"Mrcartool&#8217;s Official Shop","item":"https:\/\/mrcartools.com\/"},{"@type":"ListItem","position":3,"name":"Help Center","item":"https:\/\/mrcartools.com\/mrcartools-official-shop\/help-center\/"},{"@type":"ListItem","position":4,"name":"Shipping\u3001Ordering&amp; Return"}]},{"@type":"WebSite","@id":"https:\/\/mrcartools.com\/#website","url":"https:\/\/mrcartools.com\/","name":"MRCARTOOL","description":"MRCARTOOL Offizielle Website","publisher":{"@id":"https:\/\/mrcartools.com\/#organization"},"potentialAction":[{"@type":"SearchAction","target":{"@type":"EntryPoint","urlTemplate":"https:\/\/mrcartools.com\/?s={search_term_string}"},"query-input":{"@type":"PropertyValueSpecification","valueRequired":true,"valueName":"search_term_string"}}],"inLanguage":"de"},{"@type":"Organization","@id":"https:\/\/mrcartools.com\/#organization","name":"MRCARTOOL","url":"https:\/\/mrcartools.com\/","logo":{"@type":"ImageObject","inLanguage":"de","@id":"https:\/\/mrcartools.com\/#\/schema\/logo\/image\/","url":"https:\/\/mrcartools.com\/wp-content\/uploads\/2023\/07\/\u4e0a\u4f73\u6c7d\u8f66\u5de5\u5177-LOGO-2.png","contentUrl":"https:\/\/mrcartools.com\/wp-content\/uploads\/2023\/07\/\u4e0a\u4f73\u6c7d\u8f66\u5de5\u5177-LOGO-2.png","width":1800,"height":402,"caption":"MRCARTOOL"},"image":{"@id":"https:\/\/mrcartools.com\/#\/schema\/logo\/image\/"}}]}},"_links":{"self":[{"href":"https:\/\/mrcartools.com\/de\/wp-json\/wp\/v2\/pages\/5569","targetHints":{"allow":["GET"]}}],"collection":[{"href":"https:\/\/mrcartools.com\/de\/wp-json\/wp\/v2\/pages"}],"about":[{"href":"https:\/\/mrcartools.com\/de\/wp-json\/wp\/v2\/types\/page"}],"author":[{"embeddable":true,"href":"https:\/\/mrcartools.com\/de\/wp-json\/wp\/v2\/users\/378"}],"replies":[{"embeddable":true,"href":"https:\/\/mrcartools.com\/de\/wp-json\/wp\/v2\/comments?post=5569"}],"version-history":[{"count":0,"href":"https:\/\/mrcartools.com\/de\/wp-json\/wp\/v2\/pages\/5569\/revisions"}],"up":[{"embeddable":true,"href":"https:\/\/mrcartools.com\/de\/wp-json\/wp\/v2\/pages\/5541"}],"wp:attachment":[{"href":"https:\/\/mrcartools.com\/de\/wp-json\/wp\/v2\/media?parent=5569"}],"curies":[{"name":"wp","href":"https:\/\/api.w.org\/{rel}","templated":true}]}}