{"id":10906,"date":"2025-09-03T03:43:30","date_gmt":"2025-09-03T03:43:30","guid":{"rendered":"https:\/\/mrcartools.com\/?post_type=product&#038;p=10906"},"modified":"2025-09-04T10:35:19","modified_gmt":"2025-09-04T10:35:19","slug":"engine-timing-tool-kit-for-vw-audi-seat-skoda-1-5t","status":"publish","type":"product","link":"https:\/\/mrcartools.com\/de\/produkt\/engine-timing-tool-kit-for-vw-audi-seat-skoda-1-5t\/","title":{"rendered":"Motorsteuerungswerkzeugsatz f\u00fcr VW Audi Seat Skoda 1.5T"},"content":{"rendered":"<section class=\"section\" id=\"section_1994967979\">\n\t\t<div class=\"section-bg fill\" >\n\t\t\t\t\t\t\t\t\t\n\t\t\t\n\n\t\t<\/div>\n\n\t\t\n\n\t\t<div class=\"section-content relative\">\n\t\t\t\n<div class=\"row\"  id=\"row-363219394\">\n<p hidden=\"\">K\u00fchlmittel-Vakuum-Nachf\u00fcllset<\/p>\n\n\t<div id=\"col-1914028681\" class=\"col small-12 large-12\"  >\n\t\t\t\t<div class=\"col-inner\"  >\n\t\t\t\n\t\t\t\n<div class=\"_segment_11wth_1\">\n<div class=\"_content_zpgxp_1\">\n<h3>Dies ist ein professioneller Motorsteuerungswerkzeugsatz, der speziell f\u00fcr VW \/ Audi \/ Seat \/ Skoda \/ Cupra 1.5 TSI Benzinmotoren (EA211 EVO Serie) entwickelt wurde. Das Kit enth\u00e4lt einen digitalen Neigungsmesser, Steuerzapfen, Adapter und ein Werkzeug zum Einstellen der Spannrolle, das eine pr\u00e4zise Kalibrierung der Nockenwellen- und Kurbelwellenpositionen erm\u00f6glicht, um eine optimale Motorleistung und Langlebigkeit zu gew\u00e4hrleisten.<\/h3>\n<h3>Hinweis: Um Probleme bei der Zollabfertigung zu vermeiden, ist in der Lieferung keine Batterie enthalten.<\/h3>\n<\/div>\n<\/div>\n<div class=\"detailmodule_image\">\n<div class=\"row\"  id=\"row-1638379529\">\n\t<div id=\"col-2002107418\" class=\"col small-12 large-12\"  >\n\t\t\t\t<div class=\"col-inner\"  >\n\t\t\t\n\t\t\t\n\n\t<a class=\"plain\" href=\"https:\/\/api.whatsapp.com\/send\/?phone=%2B8618923768146&#038;text=onlinesupport\" target=\"_blank\" rel=\"noopener\" >\t<div class=\"icon-box featured-box icon-box-center text-center\"  >\n\t\t\t\t\t<div class=\"icon-box-img\" style=\"width: 54px\">\n\t\t\t\t<div class=\"icon\">\n\t\t\t\t\t<div class=\"icon-inner\" >\n\t\t\t\t\t\t<img decoding=\"async\" width=\"128\" height=\"128\" src=\"https:\/\/mrcartools.com\/wp-content\/uploads\/2022\/03\/\u5bfb\u627e\u641c\u7d22_333333_128_21559135.png\" class=\"attachment-medium size-medium wvs-archive-product-image\" alt=\"\" srcset=\"\/\/mrcartools.com\/wp-content\/uploads\/2022\/03\/\u5bfb\u627e\u641c\u7d22_333333_128_21559135.png 128w, \/\/mrcartools.com\/wp-content\/uploads\/2022\/03\/\u5bfb\u627e\u641c\u7d22_333333_128_21559135-100x100.png 100w, \/\/mrcartools.com\/wp-content\/uploads\/2022\/03\/\u5bfb\u627e\u641c\u7d22_333333_128_21559135-50x50.png 50w\" sizes=\"(max-width: 128px) 100vw, 128px\" \/>\t\t\t\t\t<\/div>\n\t\t\t\t<\/div>\n\t\t\t<\/div>\n\t\t\t\t<div class=\"icon-box-text last-reset\">\n\t\t\t\t\t\t\t\t\t\n\t<div id=\"text-2071103295\" class=\"text\">\n\t\t\n<h3><a href=\"https:\/\/api.whatsapp.com\/send\/?phone=%2B8618923768146&amp;text=onlinesupport\"><em><strong>Hilfe-Center<\/strong><\/em><\/a><\/h3>\n\t\t\n<style>\n#text-2071103295 {\n  font-size: 0.9rem;\n}\n<\/style>\n\t<\/div>\n\t\n\t\t<\/div>\n\t<\/div>\n\t<\/a>\n\t\n\t\t<\/div>\n\t\t\t\t\t<\/div>\n\n\t\n<\/div>\n<div class=\"accordion\">\n\t<div id=\"accordion-795793933\" class=\"accordion-item\">\n\t\t<a id=\"accordion-795793933-label\" class=\"accordion-title plain active\" href=\"#accordion-item-\ud83d\udcddwarm-tips\" aria-expanded=\"true\" aria-controls=\"accordion-795793933-content\">\n\t\t\t<button class=\"toggle\" aria-label=\"Umschalten\"><i class=\"icon-angle-down\" aria-hidden=\"true\"><\/i><\/button>\n\t\t\t<span>\ud83d\udcddWarme Tipps<\/span>\n\t\t<\/a>\n\t\t<div id=\"accordion-795793933-content\" class=\"accordion-inner\" style=\"display: block;\" aria-labelledby=\"accordion-795793933-label\">\n\t\t\t\n<ul>\n<li>Stellen Sie sicher, dass das Werkzeug f\u00fcr Ihr Motormodell geeignet ist, um Inkompatibilit\u00e4tsprobleme zu vermeiden.<\/li>\n<li>Stellen Sie sicher, dass der Motorraum sauber ist, damit kein Staub eindringen kann.<\/li>\n<li>Klemmen Sie den Minuspol der Batterie vor dem Betrieb ab, um ein versehentliches Starten zu vermeiden.<\/li>\n<li>Demontieren Sie das Ger\u00e4t Schritt f\u00fcr Schritt gem\u00e4\u00df der Anleitung, um Vers\u00e4umnisse oder Fehler zu vermeiden.<\/li>\n<\/ul>\n\t\t<\/div>\n\t<\/div>\n\t\n<\/div>\n\t\t<\/div>\n\t\t\t\t\t<\/div>\n\n\t\n<\/div>\n\t\t<\/div>\n\n\t\t\n<style>\n#section_1994967979 {\n  padding-top: 0px;\n  padding-bottom: 0px;\n}\n<\/style>\n\t<\/section>\n\t\n<h3 style=\"text-align: center;\"><b>MRCARTOOL VW Audi Seat Skoda Timing Tool Kit Merkmale<\/b><\/h3>\n<div class=\"accordion\">\n\t<div id=\"accordion-1196008697\" class=\"accordion-item\">\n\t\t<a id=\"accordion-1196008697-label\" class=\"accordion-title plain active\" href=\"#accordion-item-features\" aria-expanded=\"true\" aria-controls=\"accordion-1196008697-content\">\n\t\t\t<button class=\"toggle\" aria-label=\"Umschalten\"><i class=\"icon-angle-down\" aria-hidden=\"true\"><\/i><\/button>\n\t\t\t<span>Eigenschaften<\/span>\n\t\t<\/a>\n\t\t<div id=\"accordion-1196008697-content\" class=\"accordion-inner\" style=\"display: block;\" aria-labelledby=\"accordion-1196008697-label\">\n\t\t\t\n<ul>\n<li><strong>Entwickelt f\u00fcr VW\/Audi\/Seat\/Skoda\/Cupra 1.5 TSI (EA211 EVO) Motoren:<\/strong> Geeignet f\u00fcr Modelle ab 2017, kompatibel mit mehreren Motorcodes (DACA, DACB, DADA, DFYA, DHFA, DPBA, DPCA, DPBE, etc.).<\/li>\n<li><strong>Pr\u00e4zise Timing-Kalibrierung:<\/strong> Ausgestattet mit einem digitalen Neigungsmesser und Pr\u00e4zisionsadaptern, um sicherzustellen, dass die Winkel von Nocken- und Kurbelwelle in vollem Umfang mit den Herstellerangaben \u00fcbereinstimmen<\/li>\n<li><strong>Langlebiges Material:<\/strong> Hergestellt aus hochfestem Material, langlebig und geeignet f\u00fcr professionelle Werkst\u00e4tten oder den pers\u00f6nlichen Gebrauch.<\/li>\n<li><strong>Starke Kompatibilit\u00e4t:<\/strong> Zur Erf\u00fcllung der Anforderungen an die Reparatur von Steuerzeiten verschiedener Motormodelle.<\/li>\n<li><strong>Garantie:<\/strong> MRCARTOOL bietet eine 24-monatige Garantie und 7\u00d724 Stunden freundlichen Kundenservice, um Ihr Einkaufserlebnis zu gew\u00e4hrleisten.<\/li>\n<\/ul>\n<h3><strong>Motortypen und -jahre<\/strong><\/h3>\n<div><a href=\"https:\/\/mrcartools.com\/wp-content\/uploads\/2025\/09\/87e6080c-7b33-4e6e-8c1b-ed24f2688baa.png\"><img fetchpriority=\"high\" decoding=\"async\" class=\"alignnone size-full wp-image-10927\" src=\"https:\/\/mrcartools.com\/wp-content\/uploads\/2025\/09\/87e6080c-7b33-4e6e-8c1b-ed24f2688baa.png\" alt=\"\" width=\"827\" height=\"606\" srcset=\"\/\/mrcartools.com\/wp-content\/uploads\/2025\/09\/87e6080c-7b33-4e6e-8c1b-ed24f2688baa.png 827w, \/\/mrcartools.com\/wp-content\/uploads\/2025\/09\/87e6080c-7b33-4e6e-8c1b-ed24f2688baa-150x110.png 150w, \/\/mrcartools.com\/wp-content\/uploads\/2025\/09\/87e6080c-7b33-4e6e-8c1b-ed24f2688baa-768x563.png 768w, \/\/mrcartools.com\/wp-content\/uploads\/2025\/09\/87e6080c-7b33-4e6e-8c1b-ed24f2688baa-510x374.png 510w\" sizes=\"(max-width: 827px) 100vw, 827px\" \/><\/a><\/div>\n<div>\n<a href=\"https:\/\/api.whatsapp.com\/send\/?phone=%2B8618923768146&#038;text=onlinesupport\" target=\"_blank\" class=\"button primary is-outline is-smaller\" rel=\"noopener\" style=\"border-radius:30px;\">\n\t\t<span>Online-Support<\/span>\n\t<\/a>\n\n\t\t<\/div>\n\t<\/div>\n\t\n<\/div>\n\n\t<section class=\"section\" id=\"section_1259030007\">\n\t\t<div class=\"section-bg fill\" >\n\t\t\t\t\t\t\t\t\t\n\t\t\t\n\n\t\t<\/div>\n\n\t\t\n\n\t\t<div class=\"section-content relative\">\n\t\t\t\n<div class=\"row\"  id=\"row-659276604\">\n<\/div>\n<div class=\"row\"  id=\"row-1308077697\">\n\n\t<div id=\"col-1582805288\" class=\"col small-12 large-12\"  >\n\t\t\t\t<div class=\"col-inner\"  >\n\t\t\t\n\t\t\t\n<\/div>\n<h3><strong>Packliste :<\/strong><\/h3>\n\t<div class=\"img has-hover x md-x lg-x y md-y lg-y\" id=\"image_2104984865\">\n\t\t\t\t\t\t\t\t<div class=\"img-inner dark\" >\n\t\t\t<img decoding=\"async\" src=\"https:\/\/mrcartools.com\/wp-content\/uploads\/2025\/09\/\u6b63\u65f6\u5de5\u5177.jpg\" alt=\"\"\/>\t\t\t\t\t\t\n\t\t\t\t\t<\/div>\n\t\t\t\t\t\t\t\t\n<style>\n#image_2104984865 {\n  width: 100%;\n}\n<\/style>\n\t<\/div>\n\t\n\t\t<\/div>\n\t\t\t\t\t<\/div>\n\n\t\n<\/div>\n\t\t<\/div>\n\n\t\t\n<style>\n#section_1259030007 {\n  padding-top: 30px;\n  padding-bottom: 30px;\n}\n<\/style>\n\t<\/section>\n\t\n<\/div>\n<p>&nbsp;<\/p>","protected":false},"excerpt":{"rendered":"<ul>\n<li><strong>Pr\u00e4zise Timing-Kalibrierung:<\/strong> Ausgestattet mit einem digitalen Neigungsmesser und Pr\u00e4zisionsadaptern, um sicherzustellen, dass die Winkel von Nocken- und Kurbelwelle den Werksspezifikationen entsprechen.<\/li>\n<li><strong>Fahrzeugspezifisches Design:<\/strong> Ma\u00dfgeschneidert f\u00fcr VW\/Audi\/Seat\/Skoda\/Cupra 1.5 TSI (EA211 EVO) Motoren, kompatibel mit Modellen ab 2017 und mehreren Motorcodes (DACA, DACB, DADA, DFYA, DHFA, DPBA, DPCA, DPBE).<\/li>\n<\/ul>","protected":false},"featured_media":10911,"template":"","meta":[],"product_brand":[686],"product_cat":[137],"product_tag":[],"class_list":{"0":"post-10906","1":"product","2":"type-product","3":"status-publish","4":"has-post-thumbnail","6":"product_brand-mrcartool","7":"product_cat-timing-tool","8":"product_shipping_class-weight","9":"pa_ship-from-china","10":"pa_ship-from-germany","11":"pa_ship-from-united-kingdom","12":"pa_ship-from-united-states","14":"first","15":"instock","16":"shipping-taxable","17":"product-type-variable","18":"wvs-archive-product-wrapper"},"yoast_head":"<!-- This site is optimized with the Yoast SEO Premium plugin v24.4 (Yoast SEO v24.4) - https:\/\/yoast.com\/wordpress\/plugins\/seo\/ -->\n<title>Engine Timing Tool Kit for VW Audi Seat Skoda 1.5T - Mrcartool<\/title>\n<meta name=\"description\" content=\"Timing Tool VW Audi Seat Cupra Skoda 1.5 TSI Petrol DACA DACB DADA DFYA 611007 T10340 T10499A\" \/>\n<meta name=\"robots\" content=\"index, follow, max-snippet:-1, max-image-preview:large, max-video-preview:-1\" \/>\n<link rel=\"canonical\" href=\"https:\/\/mrcartools.com\/de\/produkt\/engine-timing-tool-kit-for-vw-audi-seat-skoda-1-5t\/\" \/>\n<meta property=\"og:locale\" content=\"de_DE\" \/>\n<meta property=\"og:type\" content=\"article\" \/>\n<meta property=\"og:title\" content=\"Engine Timing Tool Kit for VW Audi Seat Skoda 1.5T\" \/>\n<meta property=\"og:description\" content=\"Timing Tool VW Audi Seat Cupra Skoda 1.5 TSI Petrol DACA DACB DADA DFYA 611007 T10340 T10499A\" \/>\n<meta property=\"og:url\" content=\"https:\/\/mrcartools.com\/de\/produkt\/engine-timing-tool-kit-for-vw-audi-seat-skoda-1-5t\/\" \/>\n<meta property=\"og:site_name\" content=\"Mrcartool\" \/>\n<meta property=\"article:modified_time\" content=\"2025-09-04T10:35:19+00:00\" \/>\n<meta property=\"og:image\" content=\"https:\/\/mrcartools.com\/wp-content\/uploads\/2025\/09\/\u6b63\u65f6\u5de5\u5177.jpg\" \/>\n\t<meta property=\"og:image:width\" content=\"800\" \/>\n\t<meta property=\"og:image:height\" content=\"800\" \/>\n\t<meta property=\"og:image:type\" content=\"image\/jpeg\" \/>\n<meta name=\"twitter:card\" content=\"summary_large_image\" \/>\n<meta name=\"twitter:label1\" content=\"Gesch\u00e4tzte Lesezeit\" \/>\n\t<meta name=\"twitter:data1\" content=\"2\u00a0Minuten\" \/>\n<script type=\"application\/ld+json\" class=\"yoast-schema-graph\">{\"@context\":\"https:\/\/schema.org\",\"@graph\":[{\"@type\":\"WebPage\",\"@id\":\"https:\/\/mrcartools.com\/product\/engine-timing-tool-kit-for-vw-audi-seat-skoda-1-5t\/\",\"url\":\"https:\/\/mrcartools.com\/product\/engine-timing-tool-kit-for-vw-audi-seat-skoda-1-5t\/\",\"name\":\"Engine Timing Tool Kit for VW Audi Seat Skoda 1.5T - Mrcartool\",\"isPartOf\":{\"@id\":\"https:\/\/mrcartools.com\/#website\"},\"primaryImageOfPage\":{\"@id\":\"https:\/\/mrcartools.com\/product\/engine-timing-tool-kit-for-vw-audi-seat-skoda-1-5t\/#primaryimage\"},\"image\":{\"@id\":\"https:\/\/mrcartools.com\/product\/engine-timing-tool-kit-for-vw-audi-seat-skoda-1-5t\/#primaryimage\"},\"thumbnailUrl\":\"https:\/\/mrcartools.com\/wp-content\/uploads\/2025\/09\/\u6b63\u65f6\u5de5\u5177.jpg\",\"datePublished\":\"2025-09-03T03:43:30+00:00\",\"dateModified\":\"2025-09-04T10:35:19+00:00\",\"description\":\"Timing Tool VW Audi Seat Cupra Skoda 1.5 TSI Petrol DACA DACB DADA DFYA 611007 T10340 T10499A\",\"breadcrumb\":{\"@id\":\"https:\/\/mrcartools.com\/product\/engine-timing-tool-kit-for-vw-audi-seat-skoda-1-5t\/#breadcrumb\"},\"inLanguage\":\"de\",\"potentialAction\":[{\"@type\":\"ReadAction\",\"target\":[\"https:\/\/mrcartools.com\/product\/engine-timing-tool-kit-for-vw-audi-seat-skoda-1-5t\/\"]}]},{\"@type\":\"ImageObject\",\"inLanguage\":\"de\",\"@id\":\"https:\/\/mrcartools.com\/product\/engine-timing-tool-kit-for-vw-audi-seat-skoda-1-5t\/#primaryimage\",\"url\":\"https:\/\/mrcartools.com\/wp-content\/uploads\/2025\/09\/\u6b63\u65f6\u5de5\u5177.jpg\",\"contentUrl\":\"https:\/\/mrcartools.com\/wp-content\/uploads\/2025\/09\/\u6b63\u65f6\u5de5\u5177.jpg\",\"width\":800,\"height\":800},{\"@type\":\"BreadcrumbList\",\"@id\":\"https:\/\/mrcartools.com\/product\/engine-timing-tool-kit-for-vw-audi-seat-skoda-1-5t\/#breadcrumb\",\"itemListElement\":[{\"@type\":\"ListItem\",\"position\":1,\"name\":\"Home\",\"item\":\"https:\/\/mrcartools.com\/\"},{\"@type\":\"ListItem\",\"position\":2,\"name\":\"Shop\",\"item\":\"https:\/\/mrcartools.com\/shop-2\/\"},{\"@type\":\"ListItem\",\"position\":3,\"name\":\"Engine Timing Tool Kit for VW Audi Seat Skoda 1.5T\"}]},{\"@type\":\"WebSite\",\"@id\":\"https:\/\/mrcartools.com\/#website\",\"url\":\"https:\/\/mrcartools.com\/\",\"name\":\"MRCARTOOL\",\"description\":\"MRCARTOOL Official Website\",\"publisher\":{\"@id\":\"https:\/\/mrcartools.com\/#organization\"},\"potentialAction\":[{\"@type\":\"SearchAction\",\"target\":{\"@type\":\"EntryPoint\",\"urlTemplate\":\"https:\/\/mrcartools.com\/?s={search_term_string}\"},\"query-input\":{\"@type\":\"PropertyValueSpecification\",\"valueRequired\":true,\"valueName\":\"search_term_string\"}}],\"inLanguage\":\"de\"},{\"@type\":\"Organization\",\"@id\":\"https:\/\/mrcartools.com\/#organization\",\"name\":\"MRCARTOOL\",\"url\":\"https:\/\/mrcartools.com\/\",\"logo\":{\"@type\":\"ImageObject\",\"inLanguage\":\"de\",\"@id\":\"https:\/\/mrcartools.com\/#\/schema\/logo\/image\/\",\"url\":\"https:\/\/mrcartools.com\/wp-content\/uploads\/2023\/07\/\u4e0a\u4f73\u6c7d\u8f66\u5de5\u5177-LOGO-2.png\",\"contentUrl\":\"https:\/\/mrcartools.com\/wp-content\/uploads\/2023\/07\/\u4e0a\u4f73\u6c7d\u8f66\u5de5\u5177-LOGO-2.png\",\"width\":1800,\"height\":402,\"caption\":\"MRCARTOOL\"},\"image\":{\"@id\":\"https:\/\/mrcartools.com\/#\/schema\/logo\/image\/\"}}]}<\/script>\n<!-- \/ Yoast SEO Premium plugin. -->","yoast_head_json":{"title":"Engine Timing Tool Kit for VW Audi Seat Skoda 1.5T - Mrcartool","description":"Timing Tool VW Audi Seat Cupra Skoda 1.5 TSI Petrol DACA DACB DADA DFYA 611007 T10340 T10499A","robots":{"index":"index","follow":"follow","max-snippet":"max-snippet:-1","max-image-preview":"max-image-preview:large","max-video-preview":"max-video-preview:-1"},"canonical":"https:\/\/mrcartools.com\/de\/produkt\/engine-timing-tool-kit-for-vw-audi-seat-skoda-1-5t\/","og_locale":"de_DE","og_type":"article","og_title":"Engine Timing Tool Kit for VW Audi Seat Skoda 1.5T","og_description":"Timing Tool VW Audi Seat Cupra Skoda 1.5 TSI Petrol DACA DACB DADA DFYA 611007 T10340 T10499A","og_url":"https:\/\/mrcartools.com\/de\/produkt\/engine-timing-tool-kit-for-vw-audi-seat-skoda-1-5t\/","og_site_name":"Mrcartool","article_modified_time":"2025-09-04T10:35:19+00:00","og_image":[{"width":800,"height":800,"url":"https:\/\/mrcartools.com\/wp-content\/uploads\/2025\/09\/\u6b63\u65f6\u5de5\u5177.jpg","type":"image\/jpeg"}],"twitter_card":"summary_large_image","twitter_misc":{"Gesch\u00e4tzte Lesezeit":"2\u00a0Minuten"},"schema":{"@context":"https:\/\/schema.org","@graph":[{"@type":"WebPage","@id":"https:\/\/mrcartools.com\/product\/engine-timing-tool-kit-for-vw-audi-seat-skoda-1-5t\/","url":"https:\/\/mrcartools.com\/product\/engine-timing-tool-kit-for-vw-audi-seat-skoda-1-5t\/","name":"Engine Timing Tool Kit for VW Audi Seat Skoda 1.5T - Mrcartool","isPartOf":{"@id":"https:\/\/mrcartools.com\/#website"},"primaryImageOfPage":{"@id":"https:\/\/mrcartools.com\/product\/engine-timing-tool-kit-for-vw-audi-seat-skoda-1-5t\/#primaryimage"},"image":{"@id":"https:\/\/mrcartools.com\/product\/engine-timing-tool-kit-for-vw-audi-seat-skoda-1-5t\/#primaryimage"},"thumbnailUrl":"https:\/\/mrcartools.com\/wp-content\/uploads\/2025\/09\/\u6b63\u65f6\u5de5\u5177.jpg","datePublished":"2025-09-03T03:43:30+00:00","dateModified":"2025-09-04T10:35:19+00:00","description":"Timing Tool VW Audi Seat Cupra Skoda 1.5 TSI Petrol DACA DACB DADA DFYA 611007 T10340 T10499A","breadcrumb":{"@id":"https:\/\/mrcartools.com\/product\/engine-timing-tool-kit-for-vw-audi-seat-skoda-1-5t\/#breadcrumb"},"inLanguage":"de","potentialAction":[{"@type":"ReadAction","target":["https:\/\/mrcartools.com\/product\/engine-timing-tool-kit-for-vw-audi-seat-skoda-1-5t\/"]}]},{"@type":"ImageObject","inLanguage":"de","@id":"https:\/\/mrcartools.com\/product\/engine-timing-tool-kit-for-vw-audi-seat-skoda-1-5t\/#primaryimage","url":"https:\/\/mrcartools.com\/wp-content\/uploads\/2025\/09\/\u6b63\u65f6\u5de5\u5177.jpg","contentUrl":"https:\/\/mrcartools.com\/wp-content\/uploads\/2025\/09\/\u6b63\u65f6\u5de5\u5177.jpg","width":800,"height":800},{"@type":"BreadcrumbList","@id":"https:\/\/mrcartools.com\/product\/engine-timing-tool-kit-for-vw-audi-seat-skoda-1-5t\/#breadcrumb","itemListElement":[{"@type":"ListItem","position":1,"name":"Home","item":"https:\/\/mrcartools.com\/"},{"@type":"ListItem","position":2,"name":"Shop","item":"https:\/\/mrcartools.com\/shop-2\/"},{"@type":"ListItem","position":3,"name":"Engine Timing Tool Kit for VW Audi Seat Skoda 1.5T"}]},{"@type":"WebSite","@id":"https:\/\/mrcartools.com\/#website","url":"https:\/\/mrcartools.com\/","name":"MRCARTOOL","description":"MRCARTOOL Offizielle Website","publisher":{"@id":"https:\/\/mrcartools.com\/#organization"},"potentialAction":[{"@type":"SearchAction","target":{"@type":"EntryPoint","urlTemplate":"https:\/\/mrcartools.com\/?s={search_term_string}"},"query-input":{"@type":"PropertyValueSpecification","valueRequired":true,"valueName":"search_term_string"}}],"inLanguage":"de"},{"@type":"Organization","@id":"https:\/\/mrcartools.com\/#organization","name":"MRCARTOOL","url":"https:\/\/mrcartools.com\/","logo":{"@type":"ImageObject","inLanguage":"de","@id":"https:\/\/mrcartools.com\/#\/schema\/logo\/image\/","url":"https:\/\/mrcartools.com\/wp-content\/uploads\/2023\/07\/\u4e0a\u4f73\u6c7d\u8f66\u5de5\u5177-LOGO-2.png","contentUrl":"https:\/\/mrcartools.com\/wp-content\/uploads\/2023\/07\/\u4e0a\u4f73\u6c7d\u8f66\u5de5\u5177-LOGO-2.png","width":1800,"height":402,"caption":"MRCARTOOL"},"image":{"@id":"https:\/\/mrcartools.com\/#\/schema\/logo\/image\/"}}]}},"_links":{"self":[{"href":"https:\/\/mrcartools.com\/de\/wp-json\/wp\/v2\/product\/10906","targetHints":{"allow":["GET"]}}],"collection":[{"href":"https:\/\/mrcartools.com\/de\/wp-json\/wp\/v2\/product"}],"about":[{"href":"https:\/\/mrcartools.com\/de\/wp-json\/wp\/v2\/types\/product"}],"version-history":[{"count":0,"href":"https:\/\/mrcartools.com\/de\/wp-json\/wp\/v2\/product\/10906\/revisions"}],"wp:featuredmedia":[{"embeddable":true,"href":"https:\/\/mrcartools.com\/de\/wp-json\/wp\/v2\/media\/10911"}],"wp:attachment":[{"href":"https:\/\/mrcartools.com\/de\/wp-json\/wp\/v2\/media?parent=10906"}],"wp:term":[{"taxonomy":"product_brand","embeddable":true,"href":"https:\/\/mrcartools.com\/de\/wp-json\/wp\/v2\/product_brand?post=10906"},{"taxonomy":"product_cat","embeddable":true,"href":"https:\/\/mrcartools.com\/de\/wp-json\/wp\/v2\/product_cat?post=10906"},{"taxonomy":"product_tag","embeddable":true,"href":"https:\/\/mrcartools.com\/de\/wp-json\/wp\/v2\/product_tag?post=10906"}],"curies":[{"name":"wp","href":"https:\/\/api.w.org\/{rel}","templated":true}]}}