{"id":1447,"date":"2022-03-17T08:44:47","date_gmt":"2022-03-17T08:44:47","guid":{"rendered":"https:\/\/mrcartools.com\/?post_type=product&#038;p=1447"},"modified":"2025-09-15T01:13:32","modified_gmt":"2025-09-15T01:13:32","slug":"mr-cartool-s310-ev-home-charger-wallbox-32a-7kw-level-2-charging-pile-wall-mount-for-ev","status":"publish","type":"product","link":"https:\/\/mrcartools.com\/de\/produkt\/mr-cartool-s310-ev-home-charger-wallbox-32a-7kw-level-2-charging-pile-wall-mount-for-ev\/","title":{"rendered":"MRCARTOOL S310 EV Home Charger Wallbox 32A 7KW Level 2 Lades\u00e4ule Wandhalterung f\u00fcr EV"},"content":{"rendered":"<div class=\"detailmodule_text\">\n<h3 class=\"detail-desc-decorate-content\"><strong>MRCARTOOL S310 EV Home Charger ist Ihr zuverl\u00e4ssiger Partner f\u00fcr das schnelle Laden von Elektrofahrzeugen. Mit eingebautem \u00dcberstrom- und Ableitstromschutz kann es als eigenst\u00e4ndiges Ger\u00e4t installiert werden, um Ihre Sicherheit zu gew\u00e4hrleisten. Sie k\u00f6nnen es in Ihrer Garage oder \u00fcberall in Ihrem Haus installieren.<\/strong><\/h3>\n<p class=\"detail-desc-decorate-content\"><span style=\"color: #ed1c24;\"><strong>Das Produkt ist in zwei Versionen f\u00fcr US- und europ\u00e4ische Standards erh\u00e4ltlich. Bitte w\u00e4hlen Sie vor dem Kauf das richtige Ladeger\u00e4t f\u00fcr Ihr Fahrzeugmodell aus.<\/strong><\/span><\/p>\n<h3><strong><a href=\"https:\/\/mrcartools.com\/wp-content\/uploads\/2022\/03\/S310-MANUAL-\u591a\u8bed\u8a00-\u7248\u672c20240516.pdf\"><span style=\"color: #ed1c24;\">MRCARTOOL S310 User Home Ladeger\u00e4t Handbuch Download&gt;&gt;<\/span><\/a><\/strong><\/h3>\n<\/div>\n<h3 class=\"detailmodule_image\"><\/h3>\n<div class=\"wp-playlist wp-video-playlist wp-playlist-light\">\n\t\t<video controls=\"controls\" preload=\"none\" width=\"998\"\n\t\t height=\"561\"\t><\/video>\n\t<div class=\"wp-playlist-next\"><\/div>\n\t<div class=\"wp-playlist-prev\"><\/div>\n\t<noscript>\n\t<ol>\n\t\t<li><a href='https:\/\/mrcartools.com\/wp-content\/uploads\/2022\/03\/S310.mp4'>S310<\/a><\/li><li><a href='https:\/\/mrcartools.com\/wp-content\/uploads\/2025\/08\/Mrcartool-N180-Industrial-endoscopes.mp4'>Mrcartool N180 Industrie-Endoskope<\/a><\/li>\t<\/ol>\n\t<\/noscript>\n\t<script type=\"application\/json\" class=\"wp-playlist-script\">{\"type\":\"video\",\"tracklist\":true,\"tracknumbers\":true,\"images\":true,\"artists\":true,\"tracks\":[{\"src\":\"https:\/\/mrcartools.com\/wp-content\/uploads\/2022\/03\/S310.mp4\",\"type\":\"video\/mp4\",\"title\":\"S310\",\"caption\":\"\",\"description\":\"\",\"meta\":{\"length_formatted\":\"0:46\"},\"dimensions\":{\"original\":{\"width\":1920,\"height\":1080},\"resized\":{\"width\":998,\"height\":561}},\"image\":{\"src\":\"https:\/\/mrcartools.com\/wp-includes\/images\/media\/video.svg\",\"width\":48,\"height\":64},\"thumb\":{\"src\":\"https:\/\/mrcartools.com\/wp-includes\/images\/media\/video.svg\",\"width\":48,\"height\":64}},{\"src\":\"https:\/\/mrcartools.com\/wp-content\/uploads\/2025\/08\/Mrcartool-N180-Industrial-endoscopes.mp4\",\"type\":\"video\/mp4\",\"title\":\"Mrcartool N180 Industrial endoscopes\",\"caption\":\"\",\"description\":\"\",\"meta\":{\"length_formatted\":\"1:22\"},\"dimensions\":{\"original\":{\"width\":1920,\"height\":1080},\"resized\":{\"width\":998,\"height\":561}},\"image\":{\"src\":\"https:\/\/mrcartools.com\/wp-includes\/images\/media\/video.svg\",\"width\":48,\"height\":64},\"thumb\":{\"src\":\"https:\/\/mrcartools.com\/wp-includes\/images\/media\/video.svg\",\"width\":48,\"height\":64}}]}<\/script>\n<\/div>\n\t\n<h3 class=\"detailmodule_image\"><img fetchpriority=\"high\" decoding=\"async\" class=\"alignnone size-full wp-image-9157\" src=\"https:\/\/mrcartools.com\/wp-content\/uploads\/2024\/05\/4989dfb1f8e13314b584680d13204c90.png\" alt=\"\" width=\"1388\" height=\"1042\" srcset=\"\/\/mrcartools.com\/wp-content\/uploads\/2024\/05\/4989dfb1f8e13314b584680d13204c90.png 1388w, \/\/mrcartools.com\/wp-content\/uploads\/2024\/05\/4989dfb1f8e13314b584680d13204c90-150x113.png 150w, \/\/mrcartools.com\/wp-content\/uploads\/2024\/05\/4989dfb1f8e13314b584680d13204c90-768x577.png 768w, \/\/mrcartools.com\/wp-content\/uploads\/2024\/05\/4989dfb1f8e13314b584680d13204c90-510x383.png 510w\" sizes=\"(max-width: 1388px) 100vw, 1388px\" \/><\/h3>\n<h3><strong>EV-Ladeger\u00e4t Serie Schnellsuche<\/strong><\/h3>\n<ul>\n<li><a href=\"https:\/\/mrcartools.com\/de\/produkt\/mrcartool-s300-portable-ev-charger-electric-vehicle-charging-adapter-for-electric-car-with-5m-cable\/\">MRCARTOOL S300 Tragbares EV-Ladeger\u00e4t<\/a><\/li>\n<li><a href=\"https:\/\/mrcartools.com\/de\/produkt\/mr-cartool-s310-ev-home-charger-wallbox-32a-7kw-level-2-charging-pile-wall-mount-for-ev\/\">MRCARTOOL S310 Elektroauto-Ladeger\u00e4t Wandanschluss 4.5m(15FT)<\/a><\/li>\n<li><a href=\"https:\/\/mrcartools.com\/de\/produkt\/mr-cartool-s310-electric-car-charger\/\">MRCARTOOL S310 Elektroauto-Ladeger\u00e4t Wandanschluss 8.5m(28FT) <\/a><\/li>\n<li><a href=\"https:\/\/mrcartools.com\/de\/produkt\/mrcartool-s311-electric-vehicle-charger-ev-charging-station-wall-connector\/\">MRCARTOOL S311 Ladeger\u00e4t f\u00fcr Elektrofahrzeuge Wandanschluss<\/a><\/li>\n<\/ul>\n<h3 style=\"font-size: 22px;\"><strong>Produktmerkmale:<\/strong><\/h3>\n<p class=\"detail-desc-decorate-content\">Das S310 EV-Heimladeger\u00e4t verwendet die Standard-Ladeprotokolle SAE_J1772 und IEC_61851-1, so dass es mit allen Elektroautos kompatibel ist.<br \/>\nSein 32A Level 2 EV-Ladeger\u00e4t kann Ihr Auto bis zu 2X schneller aufladen als das 16A Level 2 EV-Ladeger\u00e4t. Es ist 4X schneller als das 16A Level 1 EV-Ladeger\u00e4t, mit dem die meisten Elektrofahrzeuge ausgestattet sind. Normalerweise dauert es 7-12 Stunden, bis das Fahrzeug vollst\u00e4ndig aufgeladen ist. (Der tats\u00e4chliche Arbeitsstrom h\u00e4ngt von der Einstellung Ihres Fahrzeugs ab)<\/p>\n<div class=\"detailmodule_text\">\n<h3 style=\"font-size: 22px;\"><strong>So installieren Sie das S310 EV Home Charger:<\/strong><\/h3>\n<p class=\"detail-desc-decorate-content\">1. Positionierung von L\u00f6chern entsprechend der Gr\u00f6\u00dfe der wandmontierten Backplane, dann Stanzen von L\u00f6chern von 4-\u03c66*35mm und Einsetzen von Erweiterungsrohren.<br \/>\n2. Setzen Sie die selbstschneidenden Schrauben 4-M4*32 in das Dehnungsrohr ein, und befestigen Sie die Wandmontageplatte an der Wand.<br \/>\n3. \u00d6ffnen Sie die obere Abdeckung der Lades\u00e4ule, h\u00e4ngen Sie die S\u00e4ule in die Wandhalterung ein und sichern Sie die Schrauben an der Unterseite der Lades\u00e4ule.<br \/>\nHaufen.<br \/>\n4. F\u00fchren Sie das Stromkabel von 3*6mm durch den entsprechenden wasserdichten Kopf und schlie\u00dfen Sie es an den entsprechenden Eingangsanschluss an.<br \/>\nVerriegeln Sie die Schrauben der oberen Abdeckplatte.<\/p>\n<\/div>\n<div class=\"detailmodule_text\">\n<h2 style=\"font-size: 22px;\"><strong>Betrieb des S310 EV Home Charger:<\/strong><\/h2>\n<p class=\"detail-desc-decorate-content\">1. Setzen Sie die EV-Ladestation ein (schlie\u00dfen Sie den Ladestecker an)<br \/>\n2. Starten Sie den Ladevorgang:<br \/>\nMethode 1: Schlie\u00dfen Sie das Ladeger\u00e4t an und starten Sie den Ladevorgang;<br \/>\nMethode 2: Verwenden Sie die vorgesehene Ladekarte zum Durchziehen.<br \/>\nDas gr\u00fcne Licht blinkt: Es zeigt an, dass das Ger\u00e4t regelm\u00e4\u00dfig geladen wird.<br \/>\nZiehen Sie die Karte erneut durch, um den Ladevorgang zu beenden.<br \/>\nMethode 1: Ziehen Sie das Ladeger\u00e4t bis zum Ende heraus<br \/>\ndie Aufladung;<br \/>\nMethode 2: Ziehen Sie die Karte erneut durch, um den Ladevorgang zu beenden.<br \/>\nStellen Sie die Ladestation f\u00fcr Elektrofahrzeuge wieder an ihren Platz<\/p>\n<\/div>\n<h3 style=\"font-size: 22px;\"><strong>S310 EV Home Charger Technische Daten:<\/strong><\/h3>\n<p class=\"detail-desc-decorate-content\"><strong>Material der Schale:<\/strong> Geh\u00e4use aus verzinktem Stahl, Scheibe aus geh\u00e4rtetem Glas<br \/>\n<strong>Dimension:<\/strong> 180 x 80 x 240 mm<br \/>\n<strong>Gewicht:<\/strong> &lt;7kg<br \/>\n<strong>L\u00e4nge des Kabels:<\/strong> 4.5m<br \/>\n<strong>Anzeigelampe:<\/strong> Blau, gr\u00fcn, lila und rot<br \/>\n<strong>Installationsmethoden:<\/strong> Wandmontage der S\u00e4ule<\/p>\n<h3><span style=\"color: #e14d43;\"><strong>Vorsichtsma\u00dfnahmen bei der Installation<\/strong><\/span><\/h3>\n<p><span style=\"color: #e14d43;\">Der MRCARTOOL S310 Wall Connector darf nur von Personen installiert werden, die f\u00fcr die Arbeit mit elektrischen Anlagen geschult und qualifiziert sind.<\/span><\/p>\n<div class=\"detailmodule_text-image\">\n<div><img decoding=\"async\" class=\"detail-desc-decorate-image alignnone\" style=\"color: #555555; font-size: 14.4px;\" src=\"https:\/\/ae01.alicdn.com\/kf\/Hfcea334dae7340da9aea30ccedbb5466n.jpg\" alt=\"safety protection\" width=\"1200\" height=\"1200\" \/><\/div>\n<\/div>\n<div class=\"detailmodule_text-image\">\n<div><img decoding=\"async\" class=\"detail-desc-decorate-image alignnone\" src=\"https:\/\/ae01.alicdn.com\/kf\/H6bcb6be5041242508032ced3b2f7e2efC.jpg\" alt=\"fast charging\" width=\"1200\" height=\"1200\" \/><\/div>\n<\/div>\n<div class=\"detailmodule_text-image\">\n<div><img loading=\"lazy\" decoding=\"async\" class=\"detail-desc-decorate-image alignnone\" src=\"https:\/\/ae01.alicdn.com\/kf\/H7bf117aab1f344f99b885dda7b5768318.jpg\" alt=\"smart swipe charging\" width=\"1200\" height=\"1200\" \/><\/div>\n<\/div>\n<div class=\"detailmodule_text-image\">\n<div><img loading=\"lazy\" decoding=\"async\" class=\"detail-desc-decorate-image alignnone\" src=\"https:\/\/ae01.alicdn.com\/kf\/He9780750a35f415db7d61bc15440290f6.jpg\" alt=\"waterproof\" width=\"1200\" height=\"1200\" \/><\/div>\n<\/div>\n<div class=\"detailmodule_text-image\">\n<div><img loading=\"lazy\" decoding=\"async\" class=\"detail-desc-decorate-image alignnone\" src=\"https:\/\/ae01.alicdn.com\/kf\/H4b3c34423b634e859156882a0e863205m.jpg\" alt=\"two types of chargers\" width=\"1200\" height=\"1200\" \/><\/div>\n<\/div>\n<div class=\"detailmodule_text-image\">\n<div><img loading=\"lazy\" decoding=\"async\" class=\"detail-desc-decorate-image alignnone\" src=\"https:\/\/ae01.alicdn.com\/kf\/H56ddad01162649b5b2b30266652aa4d3b.jpg\" alt=\"led indicator\" width=\"1200\" height=\"1200\" \/><\/div>\n<\/div>\n<div class=\"detailmodule_text-image\">\n<div><img loading=\"lazy\" decoding=\"async\" class=\"detail-desc-decorate-image alignnone\" src=\"https:\/\/ae01.alicdn.com\/kf\/H24598a06778040ddaeca579bbea69d9aF.jpg\" alt=\"suitable for all ev models\" width=\"1200\" height=\"1200\" \/><img loading=\"lazy\" decoding=\"async\" class=\"detail-desc-decorate-image aligncenter\" src=\"https:\/\/ae01.alicdn.com\/kf\/H7f6b93b235d3414f9db4c7bb74bff9cbB.png\" alt=\"ev brands\" width=\"970\" height=\"600\" \/><\/div>\n<\/div>\n<div class=\"detailmodule_text-image\">\n<h2 style=\"font-size: 22px;\">Einzelheiten zum Produkt:<\/h2>\n<div><img loading=\"lazy\" decoding=\"async\" class=\"detail-desc-decorate-image alignnone\" src=\"https:\/\/ae01.alicdn.com\/kf\/H8303644fa6ac45df85d541d4c1150c26y.jpg\" alt=\"s310 ev home charger details\" width=\"1200\" height=\"1200\" \/><span style=\"font-size: 22px;\">Vorsichtsma\u00dfnahmen:<\/span><\/div>\n<\/div>\n<div class=\"detailmodule_text\">\n<p class=\"detail-desc-decorate-content\">1. Bei der Erstinstallation ist darauf zu achten, dass das Stromkabel nacheinander nach IN-L (Feuer), IN-N (Null) und PE (Erde) verlegt wird, und dass der Feuerdraht und der Nulldraht nicht vertauscht werden k\u00f6nnen.<br \/>\n2. PE (Schutzleiter) muss zuverl\u00e4ssig geerdet werden.<br \/>\n3. Vergewissern Sie sich, dass der Not-Aus-Schalter nach dem Einschalten der Stromversorgung aktiviert ist.<br \/>\n4. Vergewissern Sie sich vor dem Laden, dass die Spitze des EV-Ladeger\u00e4ts frei ist.<br \/>\nvor Flecken und Wasser;<br \/>\n5. Es ist verboten, die Lades\u00e4ule w\u00e4hrend des Ladevorgangs im Fahrzeug zu platzieren.<\/p>\n<\/div>\n<div class=\"detailmodule_text-image\">\n<h2 style=\"font-size: 22px;\">Verpackungsliste:<\/h2>\n<p class=\"detail-desc-decorate-content\">1Stk: MRCARTOOL S310 AC-Ladestationen (Pf\u00e4hle) Haupteinheit<br \/>\n1St\u00fcck: EV-Ladeger\u00e4t<br \/>\n1St\u00fcck: Wandmontiertes Backboard<br \/>\n1Stk: Haken<br \/>\n1 Satz: Schrauben &amp; Plastikschl\u00e4uche<br \/>\n1St\u00fcck: Benutzerhandbuch<br \/>\n1St\u00fcck: Verpackungsbox<\/p>\n<div><\/div>\n<\/div>\n<div class=\"detailmodule_image\"><img loading=\"lazy\" decoding=\"async\" class=\"detail-desc-decorate-image alignnone\" src=\"https:\/\/ae01.alicdn.com\/kf\/H61b09700c5704c298155909f15b6be4cD.jpg\" alt=\"overseas warehouse\" width=\"1200\" height=\"600\" \/><img loading=\"lazy\" decoding=\"async\" class=\"detail-desc-decorate-image alignnone\" src=\"https:\/\/ae01.alicdn.com\/kf\/He0124965341c4589a4edf29083f8ddc6Y.jpg\" alt=\"warranty and service\" width=\"1200\" height=\"600\" \/><img loading=\"lazy\" decoding=\"async\" class=\"detail-desc-decorate-image alignnone\" src=\"https:\/\/ae01.alicdn.com\/kf\/Hd46a0aa34b45463880136122c9027c5bM.jpg\" alt=\"shopping guide\" width=\"1200\" height=\"600\" \/><img decoding=\"async\" src=\"https:\/\/mrcartools.com\/wp-content\/uploads\/2022\/04\/Mrcartool.jpg\" \/><\/div>","protected":false},"excerpt":{"rendered":"<ul>\n<li><strong>Schnelles und zuverl\u00e4ssiges Laden\uff1a<\/strong> bietet eine effiziente Energieversorgung f\u00fcr Elektrofahrzeuge.<\/li>\n<li><strong>Verbesserte Sicherheitsmerkmale\uff1a<\/strong> verf\u00fcgen \u00fcber einen integrierten \u00dcberstrom- und Ableitstromschutz.<\/li>\n<li><strong>Einfache Installation und vielseitige Nutzung\uff1a<\/strong> in einer Garage oder an einem anderen geeigneten Ort zu Hause aufgestellt werden.<\/li>\n<li>Erh\u00e4ltlich in 4,5 m und 8,5 m Kabel, bitte w\u00e4hlen Sie nach Ihren Bed\u00fcrfnissen.<\/li>\n<li>In der Version mit 8,5 m Kabel ist die App nicht enthalten.<a href=\"https:\/\/api.whatsapp.com\/send\/?phone=%2B8618923768146&amp;text=onlinesupport\"><span style=\"color: #d83131;\"><strong>Online-Unterst\u00fctzung&gt;&gt;<\/strong><\/span><\/a><\/li>\n<\/ul>","protected":false},"featured_media":2275,"template":"","meta":[],"product_brand":[],"product_cat":[58],"product_tag":[],"class_list":{"0":"post-1447","1":"product","2":"type-product","3":"status-publish","4":"has-post-thumbnail","6":"product_cat-electric-car-charger-home-charging-station-voltage-adjustable-sections","7":"product_shipping_class-weight","8":"pa_ship-from-china","9":"pa_ship-from-germany","10":"pa_ship-from-united-kingdom","11":"pa_ship-from-united-states","13":"first","14":"instock","15":"shipping-taxable","16":"product-type-variable","17":"has-default-attributes","18":"wvs-archive-product-wrapper"},"yoast_head":"<!-- This site is optimized with the Yoast SEO Premium plugin v24.4 (Yoast SEO v24.4) - https:\/\/yoast.com\/wordpress\/plugins\/seo\/ -->\n<title>MRCARTOOL S310 EV Home Charger 32A 7KW Level 2 Charging Pile<\/title>\n<meta name=\"description\" content=\"Mrcartool S310 EV home charger can be installed in your garage or anywhere in your home. It works well with all electric vehicles.\" \/>\n<meta name=\"robots\" content=\"index, follow, max-snippet:-1, max-image-preview:large, max-video-preview:-1\" \/>\n<link rel=\"canonical\" href=\"https:\/\/mrcartools.com\/de\/produkt\/mr-cartool-s310-ev-home-charger-wallbox-32a-7kw-level-2-charging-pile-wall-mount-for-ev\/\" \/>\n<meta property=\"og:locale\" content=\"de_DE\" \/>\n<meta property=\"og:type\" content=\"article\" \/>\n<meta property=\"og:title\" content=\"MRCARTOOL S310 EV Home Charger Wallbox 32A 7KW Level 2 Charging Pile Wall Mount For EV\" \/>\n<meta property=\"og:description\" content=\"Mrcartool S310 EV home charger can be installed in your garage or anywhere in your home. It works well with all electric vehicles.\" \/>\n<meta property=\"og:url\" content=\"https:\/\/mrcartools.com\/de\/produkt\/mr-cartool-s310-ev-home-charger-wallbox-32a-7kw-level-2-charging-pile-wall-mount-for-ev\/\" \/>\n<meta property=\"og:site_name\" content=\"Mrcartool\" \/>\n<meta property=\"article:modified_time\" content=\"2025-09-15T01:13:32+00:00\" \/>\n<meta property=\"og:image\" content=\"https:\/\/mrcartools.com\/wp-content\/uploads\/2022\/03\/\u672a\u6807\u9898-1-1.jpg\" \/>\n\t<meta property=\"og:image:width\" content=\"1000\" \/>\n\t<meta property=\"og:image:height\" content=\"1000\" \/>\n\t<meta property=\"og:image:type\" content=\"image\/jpeg\" \/>\n<meta name=\"twitter:card\" content=\"summary_large_image\" \/>\n<meta name=\"twitter:label1\" content=\"Gesch\u00e4tzte Lesezeit\" \/>\n\t<meta name=\"twitter:data1\" content=\"6\u00a0Minuten\" \/>\n<script type=\"application\/ld+json\" class=\"yoast-schema-graph\">{\"@context\":\"https:\/\/schema.org\",\"@graph\":[{\"@type\":\"WebPage\",\"@id\":\"https:\/\/mrcartools.com\/product\/mr-cartool-s310-ev-home-charger-wallbox-32a-7kw-level-2-charging-pile-wall-mount-for-ev\/\",\"url\":\"https:\/\/mrcartools.com\/product\/mr-cartool-s310-ev-home-charger-wallbox-32a-7kw-level-2-charging-pile-wall-mount-for-ev\/\",\"name\":\"MRCARTOOL S310 EV Home Charger 32A 7KW Level 2 Charging Pile\",\"isPartOf\":{\"@id\":\"https:\/\/mrcartools.com\/#website\"},\"primaryImageOfPage\":{\"@id\":\"https:\/\/mrcartools.com\/product\/mr-cartool-s310-ev-home-charger-wallbox-32a-7kw-level-2-charging-pile-wall-mount-for-ev\/#primaryimage\"},\"image\":{\"@id\":\"https:\/\/mrcartools.com\/product\/mr-cartool-s310-ev-home-charger-wallbox-32a-7kw-level-2-charging-pile-wall-mount-for-ev\/#primaryimage\"},\"thumbnailUrl\":\"https:\/\/mrcartools.com\/wp-content\/uploads\/2022\/03\/\u672a\u6807\u9898-1-1.jpg\",\"datePublished\":\"2022-03-17T08:44:47+00:00\",\"dateModified\":\"2025-09-15T01:13:32+00:00\",\"description\":\"Mrcartool S310 EV home charger can be installed in your garage or anywhere in your home. It works well with all electric vehicles.\",\"breadcrumb\":{\"@id\":\"https:\/\/mrcartools.com\/product\/mr-cartool-s310-ev-home-charger-wallbox-32a-7kw-level-2-charging-pile-wall-mount-for-ev\/#breadcrumb\"},\"inLanguage\":\"de\",\"potentialAction\":[{\"@type\":\"ReadAction\",\"target\":[\"https:\/\/mrcartools.com\/product\/mr-cartool-s310-ev-home-charger-wallbox-32a-7kw-level-2-charging-pile-wall-mount-for-ev\/\"]}]},{\"@type\":\"ImageObject\",\"inLanguage\":\"de\",\"@id\":\"https:\/\/mrcartools.com\/product\/mr-cartool-s310-ev-home-charger-wallbox-32a-7kw-level-2-charging-pile-wall-mount-for-ev\/#primaryimage\",\"url\":\"https:\/\/mrcartools.com\/wp-content\/uploads\/2022\/03\/\u672a\u6807\u9898-1-1.jpg\",\"contentUrl\":\"https:\/\/mrcartools.com\/wp-content\/uploads\/2022\/03\/\u672a\u6807\u9898-1-1.jpg\",\"width\":1000,\"height\":1000},{\"@type\":\"BreadcrumbList\",\"@id\":\"https:\/\/mrcartools.com\/product\/mr-cartool-s310-ev-home-charger-wallbox-32a-7kw-level-2-charging-pile-wall-mount-for-ev\/#breadcrumb\",\"itemListElement\":[{\"@type\":\"ListItem\",\"position\":1,\"name\":\"Home\",\"item\":\"https:\/\/mrcartools.com\/\"},{\"@type\":\"ListItem\",\"position\":2,\"name\":\"Shop\",\"item\":\"https:\/\/mrcartools.com\/shop-2\/\"},{\"@type\":\"ListItem\",\"position\":3,\"name\":\"MRCARTOOL S310 EV Home Charger Wallbox 32A 7KW Level 2 Charging Pile Wall Mount For EV\"}]},{\"@type\":\"WebSite\",\"@id\":\"https:\/\/mrcartools.com\/#website\",\"url\":\"https:\/\/mrcartools.com\/\",\"name\":\"MRCARTOOL\",\"description\":\"MRCARTOOL Official Website\",\"publisher\":{\"@id\":\"https:\/\/mrcartools.com\/#organization\"},\"potentialAction\":[{\"@type\":\"SearchAction\",\"target\":{\"@type\":\"EntryPoint\",\"urlTemplate\":\"https:\/\/mrcartools.com\/?s={search_term_string}\"},\"query-input\":{\"@type\":\"PropertyValueSpecification\",\"valueRequired\":true,\"valueName\":\"search_term_string\"}}],\"inLanguage\":\"de\"},{\"@type\":\"Organization\",\"@id\":\"https:\/\/mrcartools.com\/#organization\",\"name\":\"MRCARTOOL\",\"url\":\"https:\/\/mrcartools.com\/\",\"logo\":{\"@type\":\"ImageObject\",\"inLanguage\":\"de\",\"@id\":\"https:\/\/mrcartools.com\/#\/schema\/logo\/image\/\",\"url\":\"https:\/\/mrcartools.com\/wp-content\/uploads\/2023\/07\/\u4e0a\u4f73\u6c7d\u8f66\u5de5\u5177-LOGO-2.png\",\"contentUrl\":\"https:\/\/mrcartools.com\/wp-content\/uploads\/2023\/07\/\u4e0a\u4f73\u6c7d\u8f66\u5de5\u5177-LOGO-2.png\",\"width\":1800,\"height\":402,\"caption\":\"MRCARTOOL\"},\"image\":{\"@id\":\"https:\/\/mrcartools.com\/#\/schema\/logo\/image\/\"}}]}<\/script>\n<!-- \/ Yoast SEO Premium plugin. -->","yoast_head_json":{"title":"MRCARTOOL S310 EV Home Charger 32A 7KW Level 2 Charging Pile","description":"Mrcartool S310 EV home charger can be installed in your garage or anywhere in your home. It works well with all electric vehicles.","robots":{"index":"index","follow":"follow","max-snippet":"max-snippet:-1","max-image-preview":"max-image-preview:large","max-video-preview":"max-video-preview:-1"},"canonical":"https:\/\/mrcartools.com\/de\/produkt\/mr-cartool-s310-ev-home-charger-wallbox-32a-7kw-level-2-charging-pile-wall-mount-for-ev\/","og_locale":"de_DE","og_type":"article","og_title":"MRCARTOOL S310 EV Home Charger Wallbox 32A 7KW Level 2 Charging Pile Wall Mount For EV","og_description":"Mrcartool S310 EV home charger can be installed in your garage or anywhere in your home. It works well with all electric vehicles.","og_url":"https:\/\/mrcartools.com\/de\/produkt\/mr-cartool-s310-ev-home-charger-wallbox-32a-7kw-level-2-charging-pile-wall-mount-for-ev\/","og_site_name":"Mrcartool","article_modified_time":"2025-09-15T01:13:32+00:00","og_image":[{"width":1000,"height":1000,"url":"https:\/\/mrcartools.com\/wp-content\/uploads\/2022\/03\/\u672a\u6807\u9898-1-1.jpg","type":"image\/jpeg"}],"twitter_card":"summary_large_image","twitter_misc":{"Gesch\u00e4tzte Lesezeit":"6\u00a0Minuten"},"schema":{"@context":"https:\/\/schema.org","@graph":[{"@type":"WebPage","@id":"https:\/\/mrcartools.com\/product\/mr-cartool-s310-ev-home-charger-wallbox-32a-7kw-level-2-charging-pile-wall-mount-for-ev\/","url":"https:\/\/mrcartools.com\/product\/mr-cartool-s310-ev-home-charger-wallbox-32a-7kw-level-2-charging-pile-wall-mount-for-ev\/","name":"MRCARTOOL S310 EV Home Charger 32A 7KW Level 2 Charging Pile","isPartOf":{"@id":"https:\/\/mrcartools.com\/#website"},"primaryImageOfPage":{"@id":"https:\/\/mrcartools.com\/product\/mr-cartool-s310-ev-home-charger-wallbox-32a-7kw-level-2-charging-pile-wall-mount-for-ev\/#primaryimage"},"image":{"@id":"https:\/\/mrcartools.com\/product\/mr-cartool-s310-ev-home-charger-wallbox-32a-7kw-level-2-charging-pile-wall-mount-for-ev\/#primaryimage"},"thumbnailUrl":"https:\/\/mrcartools.com\/wp-content\/uploads\/2022\/03\/\u672a\u6807\u9898-1-1.jpg","datePublished":"2022-03-17T08:44:47+00:00","dateModified":"2025-09-15T01:13:32+00:00","description":"Mrcartool S310 EV home charger can be installed in your garage or anywhere in your home. It works well with all electric vehicles.","breadcrumb":{"@id":"https:\/\/mrcartools.com\/product\/mr-cartool-s310-ev-home-charger-wallbox-32a-7kw-level-2-charging-pile-wall-mount-for-ev\/#breadcrumb"},"inLanguage":"de","potentialAction":[{"@type":"ReadAction","target":["https:\/\/mrcartools.com\/product\/mr-cartool-s310-ev-home-charger-wallbox-32a-7kw-level-2-charging-pile-wall-mount-for-ev\/"]}]},{"@type":"ImageObject","inLanguage":"de","@id":"https:\/\/mrcartools.com\/product\/mr-cartool-s310-ev-home-charger-wallbox-32a-7kw-level-2-charging-pile-wall-mount-for-ev\/#primaryimage","url":"https:\/\/mrcartools.com\/wp-content\/uploads\/2022\/03\/\u672a\u6807\u9898-1-1.jpg","contentUrl":"https:\/\/mrcartools.com\/wp-content\/uploads\/2022\/03\/\u672a\u6807\u9898-1-1.jpg","width":1000,"height":1000},{"@type":"BreadcrumbList","@id":"https:\/\/mrcartools.com\/product\/mr-cartool-s310-ev-home-charger-wallbox-32a-7kw-level-2-charging-pile-wall-mount-for-ev\/#breadcrumb","itemListElement":[{"@type":"ListItem","position":1,"name":"Home","item":"https:\/\/mrcartools.com\/"},{"@type":"ListItem","position":2,"name":"Shop","item":"https:\/\/mrcartools.com\/shop-2\/"},{"@type":"ListItem","position":3,"name":"MRCARTOOL S310 EV Home Charger Wallbox 32A 7KW Level 2 Charging Pile Wall Mount For EV"}]},{"@type":"WebSite","@id":"https:\/\/mrcartools.com\/#website","url":"https:\/\/mrcartools.com\/","name":"MRCARTOOL","description":"MRCARTOOL Offizielle Website","publisher":{"@id":"https:\/\/mrcartools.com\/#organization"},"potentialAction":[{"@type":"SearchAction","target":{"@type":"EntryPoint","urlTemplate":"https:\/\/mrcartools.com\/?s={search_term_string}"},"query-input":{"@type":"PropertyValueSpecification","valueRequired":true,"valueName":"search_term_string"}}],"inLanguage":"de"},{"@type":"Organization","@id":"https:\/\/mrcartools.com\/#organization","name":"MRCARTOOL","url":"https:\/\/mrcartools.com\/","logo":{"@type":"ImageObject","inLanguage":"de","@id":"https:\/\/mrcartools.com\/#\/schema\/logo\/image\/","url":"https:\/\/mrcartools.com\/wp-content\/uploads\/2023\/07\/\u4e0a\u4f73\u6c7d\u8f66\u5de5\u5177-LOGO-2.png","contentUrl":"https:\/\/mrcartools.com\/wp-content\/uploads\/2023\/07\/\u4e0a\u4f73\u6c7d\u8f66\u5de5\u5177-LOGO-2.png","width":1800,"height":402,"caption":"MRCARTOOL"},"image":{"@id":"https:\/\/mrcartools.com\/#\/schema\/logo\/image\/"}}]}},"_links":{"self":[{"href":"https:\/\/mrcartools.com\/de\/wp-json\/wp\/v2\/product\/1447","targetHints":{"allow":["GET"]}}],"collection":[{"href":"https:\/\/mrcartools.com\/de\/wp-json\/wp\/v2\/product"}],"about":[{"href":"https:\/\/mrcartools.com\/de\/wp-json\/wp\/v2\/types\/product"}],"version-history":[{"count":1,"href":"https:\/\/mrcartools.com\/de\/wp-json\/wp\/v2\/product\/1447\/revisions"}],"predecessor-version":[{"id":11619,"href":"https:\/\/mrcartools.com\/de\/wp-json\/wp\/v2\/product\/1447\/revisions\/11619"}],"wp:featuredmedia":[{"embeddable":true,"href":"https:\/\/mrcartools.com\/de\/wp-json\/wp\/v2\/media\/2275"}],"wp:attachment":[{"href":"https:\/\/mrcartools.com\/de\/wp-json\/wp\/v2\/media?parent=1447"}],"wp:term":[{"taxonomy":"product_brand","embeddable":true,"href":"https:\/\/mrcartools.com\/de\/wp-json\/wp\/v2\/product_brand?post=1447"},{"taxonomy":"product_cat","embeddable":true,"href":"https:\/\/mrcartools.com\/de\/wp-json\/wp\/v2\/product_cat?post=1447"},{"taxonomy":"product_tag","embeddable":true,"href":"https:\/\/mrcartools.com\/de\/wp-json\/wp\/v2\/product_tag?post=1447"}],"curies":[{"name":"wp","href":"https:\/\/api.w.org\/{rel}","templated":true}]}}