{"id":3422,"date":"2023-06-15T08:19:03","date_gmt":"2023-06-15T08:19:03","guid":{"rendered":"https:\/\/mrcartools.com\/?post_type=product&#038;p=3422"},"modified":"2025-04-29T08:59:27","modified_gmt":"2025-04-29T08:59:27","slug":"mrcartool-m50-gps-smart-inclinometer-digital-inclinometer-guage-for-off-road-suv-vehicles-gps-hud","status":"publish","type":"product","link":"https:\/\/mrcartools.com\/de\/produkt\/mrcartool-m50-gps-smart-inclinometer-digital-inclinometer-guage-for-off-road-suv-vehicles-gps-hud\/","title":{"rendered":"MRCARTOOL M50 GPS Smart Neigungsmesser Digitaler Neigungsmesser f\u00fcr Off-Road SUV Fahrzeuge GPS HUD"},"content":{"rendered":"<p class=\"detail-desc-decorate-title\" data-spm-anchor-id=\"a2g0o.detail.1000023.i0.1e3029ceOsgWH7\">Einf\u00fchrung des verbesserten M50\uff1a<\/p>\n<p class=\"detail-desc-decorate-content\">MR CARTOOL M50 Automotive Smart Slope Meter ist ein Messger\u00e4t mit eingebautem Multifunktions- und Multi-Achsen-Gyroskop. Es unterst\u00fctzt 99% der auf dem Markt befindlichen Fahrzeugmodelle. Es kann den Neigungswinkel des Fahrzeugs, den Rollwinkel, die Auswahl des Fahrmodus und die Sicherheitsalarmaufforderungen messen, was die Fahrsicherheit erheblich verbessert und ein erstklassiges Fahrgef\u00fchl vermittelt.<\/p>\n<p><img fetchpriority=\"high\" decoding=\"async\" class=\"alignnone size-full wp-image-3426\" src=\"https:\/\/mrcartools.com\/wp-content\/uploads\/2023\/06\/MRCARTOOL-M50-Car-Digital-Inclinometer.jpg\" alt=\"MRCARTOOL M50 Car Digital Inclinometer\" width=\"1200\" height=\"1200\" srcset=\"\/\/mrcartools.com\/wp-content\/uploads\/2023\/06\/MRCARTOOL-M50-Car-Digital-Inclinometer.jpg 1200w, \/\/mrcartools.com\/wp-content\/uploads\/2023\/06\/MRCARTOOL-M50-Car-Digital-Inclinometer-253x253.jpg 253w, \/\/mrcartools.com\/wp-content\/uploads\/2023\/06\/MRCARTOOL-M50-Car-Digital-Inclinometer-100x100.jpg 100w, \/\/mrcartools.com\/wp-content\/uploads\/2023\/06\/MRCARTOOL-M50-Car-Digital-Inclinometer-510x510.jpg 510w\" sizes=\"(max-width: 1200px) 100vw, 1200px\" \/><img decoding=\"async\" class=\"alignnone size-full wp-image-3429\" src=\"https:\/\/mrcartools.com\/wp-content\/uploads\/2023\/06\/GPS-Off-road-Digital-Inclinometer.jpg\" alt=\"GPS Off road Digital Inclinometer\" width=\"1200\" height=\"1200\" srcset=\"\/\/mrcartools.com\/wp-content\/uploads\/2023\/06\/GPS-Off-road-Digital-Inclinometer.jpg 1200w, \/\/mrcartools.com\/wp-content\/uploads\/2023\/06\/GPS-Off-road-Digital-Inclinometer-253x253.jpg 253w, \/\/mrcartools.com\/wp-content\/uploads\/2023\/06\/GPS-Off-road-Digital-Inclinometer-100x100.jpg 100w, \/\/mrcartools.com\/wp-content\/uploads\/2023\/06\/GPS-Off-road-Digital-Inclinometer-510x510.jpg 510w\" sizes=\"(max-width: 1200px) 100vw, 1200px\" \/><\/p>\n<div class=\"detailmodule_text\">\n<p class=\"detail-desc-decorate-title\">Produkt-Parameter:<\/p>\n<p class=\"detail-desc-decorate-content\" data-spm-anchor-id=\"a2g0o.detail.1000023.i1.1e3029ceOsgWH7\">Stromversorgung\uff1aDC 10V~30V;<br \/>\nBetriebstemperatur: -40\u00b0C~80\u00b0C;<br \/>\nNeigungswinkel\/Rollwinkel:-40\u00b0~40\u00b0;<br \/>\nSpannungsmessbereich: DC 5V~ 30V;<br \/>\nGenauigkeit der Spannungsmessung: 0,5 V;<br \/>\nGewicht\uff1a230g\uff1b<br \/>\nProduktgr\u00f6\u00dfe\uff1a127*25*60mm<\/p>\n<p data-spm-anchor-id=\"a2g0o.detail.1000023.i1.1e3029ceOsgWH7\"><img decoding=\"async\" class=\"alignnone size-full wp-image-3425\" src=\"https:\/\/mrcartools.com\/wp-content\/uploads\/2023\/06\/Car-Digital-Display.jpg\" alt=\"Car Digital Display\" width=\"1200\" height=\"1200\" srcset=\"\/\/mrcartools.com\/wp-content\/uploads\/2023\/06\/Car-Digital-Display.jpg 1200w, \/\/mrcartools.com\/wp-content\/uploads\/2023\/06\/Car-Digital-Display-253x253.jpg 253w, \/\/mrcartools.com\/wp-content\/uploads\/2023\/06\/Car-Digital-Display-100x100.jpg 100w, \/\/mrcartools.com\/wp-content\/uploads\/2023\/06\/Car-Digital-Display-510x510.jpg 510w\" sizes=\"(max-width: 1200px) 100vw, 1200px\" \/><img loading=\"lazy\" decoding=\"async\" class=\"alignnone size-full wp-image-3430\" src=\"https:\/\/mrcartools.com\/wp-content\/uploads\/2023\/06\/Car-HUD-Digital-Display.jpg\" alt=\"Car HUD Digital Display\" width=\"1200\" height=\"1200\" srcset=\"\/\/mrcartools.com\/wp-content\/uploads\/2023\/06\/Car-HUD-Digital-Display.jpg 1200w, \/\/mrcartools.com\/wp-content\/uploads\/2023\/06\/Car-HUD-Digital-Display-253x253.jpg 253w, \/\/mrcartools.com\/wp-content\/uploads\/2023\/06\/Car-HUD-Digital-Display-100x100.jpg 100w, \/\/mrcartools.com\/wp-content\/uploads\/2023\/06\/Car-HUD-Digital-Display-510x510.jpg 510w\" sizes=\"(max-width: 1200px) 100vw, 1200px\" \/><\/p>\n<p class=\"detail-desc-decorate-title\" data-spm-anchor-id=\"a2g0o.detail.1000023.i2.1e3029ceOsgWH7\">Detaillierte Erl\u00e4uterung der Funktionen:<\/p>\n<p class=\"detail-desc-decorate-content\">Fahrmodusschalter: Halten Sie die Funktionsauswahltaste 5 Sekunden lang gedr\u00fcckt, um den Offroad-Fahrmodus und den Stadtfahrmodus auszuw\u00e4hlen, und halten Sie sie dann 5 Sekunden lang gedr\u00fcckt, um die Einstellungen zu speichern.<br \/>\n\u27a4Rollwinkel zur\u00fccksetzen: Dr\u00fccken Sie kurz die Ein\/Aus-Taste, um den Roll- und Nickwinkel zur\u00fcckzusetzen.<br \/>\nHelligkeitseinstellung: Dr\u00fccken Sie kurz die Funktionsauswahltaste, um die Helligkeit einzustellen.<\/p>\n<p><img loading=\"lazy\" decoding=\"async\" class=\"alignnone size-full wp-image-3431\" src=\"https:\/\/mrcartools.com\/wp-content\/uploads\/2023\/06\/Slope-Meter.jpg\" alt=\"Slope Meter\" width=\"1200\" height=\"1200\" srcset=\"\/\/mrcartools.com\/wp-content\/uploads\/2023\/06\/Slope-Meter.jpg 1200w, \/\/mrcartools.com\/wp-content\/uploads\/2023\/06\/Slope-Meter-253x253.jpg 253w, \/\/mrcartools.com\/wp-content\/uploads\/2023\/06\/Slope-Meter-100x100.jpg 100w, \/\/mrcartools.com\/wp-content\/uploads\/2023\/06\/Slope-Meter-510x510.jpg 510w\" sizes=\"(max-width: 1200px) 100vw, 1200px\" \/> <img loading=\"lazy\" decoding=\"async\" class=\"alignnone size-full wp-image-3432\" src=\"https:\/\/mrcartools.com\/wp-content\/uploads\/2023\/06\/GPS-Smart-Inclinometer.jpg\" alt=\"GPS Smart Inclinometer\" width=\"1200\" height=\"1200\" srcset=\"\/\/mrcartools.com\/wp-content\/uploads\/2023\/06\/GPS-Smart-Inclinometer.jpg 1200w, \/\/mrcartools.com\/wp-content\/uploads\/2023\/06\/GPS-Smart-Inclinometer-253x253.jpg 253w, \/\/mrcartools.com\/wp-content\/uploads\/2023\/06\/GPS-Smart-Inclinometer-100x100.jpg 100w, \/\/mrcartools.com\/wp-content\/uploads\/2023\/06\/GPS-Smart-Inclinometer-510x510.jpg 510w\" sizes=\"(max-width: 1200px) 100vw, 1200px\" \/><\/p>\n<div class=\"detailmodule_text\">\n<p class=\"detail-desc-decorate-title\">Eigenschaften\uff1a<\/p>\n<p class=\"detail-desc-decorate-content\">-Neigungswinkel: Echtzeitmessung des Neigungswinkels des Fahrzeugs w\u00e4hrend der Fahrt, der Bereich betr\u00e4gt -40\u00b0~ +40\u00b0 zwischen oben und unten.<br \/>\n-Wankwinkel: Echtzeitmessung des Rollwinkels des Fahrzeugs w\u00e4hrend der Fahrt, der Bereich ist -40\u00b0~ +40\u00b0 zwischen linker und rechter Seite.<br \/>\n-Auswahl des Fahrmodus: Stadtfahrmodus und Gel\u00e4ndemodus k\u00f6nnen ausgew\u00e4hlt werden.<br \/>\n-Sicherheitsalarmaufforderungen: Wenn der Neigungswinkel und der Rollwinkel des Fahrzeugs den voreingestellten Alarmwert \u00fcberschreiten, gibt das Ger\u00e4t einen Sicherheitsalarm aus, der \"piept\".<\/p>\n<p><img loading=\"lazy\" decoding=\"async\" class=\"alignnone size-full wp-image-3433\" src=\"https:\/\/mrcartools.com\/wp-content\/uploads\/2023\/06\/HUD-Angle-Slope-Meter.jpg\" alt=\"HUD Angle Slope Meter\" width=\"1200\" height=\"1200\" srcset=\"\/\/mrcartools.com\/wp-content\/uploads\/2023\/06\/HUD-Angle-Slope-Meter.jpg 1200w, \/\/mrcartools.com\/wp-content\/uploads\/2023\/06\/HUD-Angle-Slope-Meter-253x253.jpg 253w, \/\/mrcartools.com\/wp-content\/uploads\/2023\/06\/HUD-Angle-Slope-Meter-100x100.jpg 100w, \/\/mrcartools.com\/wp-content\/uploads\/2023\/06\/HUD-Angle-Slope-Meter-510x510.jpg 510w\" sizes=\"(max-width: 1200px) 100vw, 1200px\" \/> <img loading=\"lazy\" decoding=\"async\" class=\"alignnone size-full wp-image-3427\" src=\"https:\/\/mrcartools.com\/wp-content\/uploads\/2023\/06\/mrcartool-M50-head-up-display.jpg\" alt=\"mrcartool M50 head up display\" width=\"1200\" height=\"1200\" srcset=\"\/\/mrcartools.com\/wp-content\/uploads\/2023\/06\/mrcartool-M50-head-up-display.jpg 1200w, \/\/mrcartools.com\/wp-content\/uploads\/2023\/06\/mrcartool-M50-head-up-display-253x253.jpg 253w, \/\/mrcartools.com\/wp-content\/uploads\/2023\/06\/mrcartool-M50-head-up-display-100x100.jpg 100w, \/\/mrcartools.com\/wp-content\/uploads\/2023\/06\/mrcartool-M50-head-up-display-510x510.jpg 510w\" sizes=\"(max-width: 1200px) 100vw, 1200px\" \/><img loading=\"lazy\" decoding=\"async\" class=\"alignnone size-full wp-image-3428\" src=\"https:\/\/mrcartools.com\/wp-content\/uploads\/2023\/06\/Slope-Meter-with-Battery-Voltage-Monitoring.jpg\" alt=\"Slope Meter with Battery Voltage Monitoring\" width=\"1200\" height=\"1200\" srcset=\"\/\/mrcartools.com\/wp-content\/uploads\/2023\/06\/Slope-Meter-with-Battery-Voltage-Monitoring.jpg 1200w, \/\/mrcartools.com\/wp-content\/uploads\/2023\/06\/Slope-Meter-with-Battery-Voltage-Monitoring-253x253.jpg 253w, \/\/mrcartools.com\/wp-content\/uploads\/2023\/06\/Slope-Meter-with-Battery-Voltage-Monitoring-100x100.jpg 100w, \/\/mrcartools.com\/wp-content\/uploads\/2023\/06\/Slope-Meter-with-Battery-Voltage-Monitoring-510x510.jpg 510w\" sizes=\"(max-width: 1200px) 100vw, 1200px\" \/><\/p>\n<div class=\"detailmodule_text\">\n<p class=\"detail-desc-decorate-title\">Packliste:<\/p>\n<p class=\"detail-desc-decorate-content\">1pc* MRCARTOOL M50 smart slope meter Hauptger\u00e4t<br \/>\n1St\u00fcck* Stromkabel f\u00fcr Zigarettenanz\u00fcnder<br \/>\n1St\u00fcck* Nachger\u00fcstetes Netzkabel<br \/>\n1St\u00fcck* Halterung<br \/>\n1St\u00fcck* Benutzerhandbuch<br \/>\n1pc* Paketbox<\/p>\n<p><img loading=\"lazy\" decoding=\"async\" class=\"alignnone size-full wp-image-3434\" src=\"https:\/\/mrcartools.com\/wp-content\/uploads\/2023\/06\/GPS-HUD-Intelligent-Slope-Meter.jpg\" alt=\"GPS HUD Intelligent Slope Meter\" width=\"1200\" height=\"1200\" srcset=\"\/\/mrcartools.com\/wp-content\/uploads\/2023\/06\/GPS-HUD-Intelligent-Slope-Meter.jpg 1200w, \/\/mrcartools.com\/wp-content\/uploads\/2023\/06\/GPS-HUD-Intelligent-Slope-Meter-253x253.jpg 253w, \/\/mrcartools.com\/wp-content\/uploads\/2023\/06\/GPS-HUD-Intelligent-Slope-Meter-100x100.jpg 100w, \/\/mrcartools.com\/wp-content\/uploads\/2023\/06\/GPS-HUD-Intelligent-Slope-Meter-510x510.jpg 510w\" sizes=\"(max-width: 1200px) 100vw, 1200px\" \/><img loading=\"lazy\" decoding=\"async\" class=\"alignnone size-full wp-image-3311\" src=\"https:\/\/mrcartools.com\/wp-content\/uploads\/2023\/06\/1.webp\" alt=\"\" width=\"1200\" height=\"600\" srcset=\"\/\/mrcartools.com\/wp-content\/uploads\/2023\/06\/1.webp 1200w, \/\/mrcartools.com\/wp-content\/uploads\/2023\/06\/1-510x255.webp 510w, \/\/mrcartools.com\/wp-content\/uploads\/2023\/06\/1-800x400.webp 800w, \/\/mrcartools.com\/wp-content\/uploads\/2023\/06\/1-768x384.webp 768w\" sizes=\"(max-width: 1200px) 100vw, 1200px\" \/> <img loading=\"lazy\" decoding=\"async\" class=\"alignnone size-full wp-image-3312\" src=\"https:\/\/mrcartools.com\/wp-content\/uploads\/2023\/06\/2.webp\" alt=\"\" width=\"1200\" height=\"600\" srcset=\"\/\/mrcartools.com\/wp-content\/uploads\/2023\/06\/2.webp 1200w, \/\/mrcartools.com\/wp-content\/uploads\/2023\/06\/2-510x255.webp 510w, \/\/mrcartools.com\/wp-content\/uploads\/2023\/06\/2-800x400.webp 800w, \/\/mrcartools.com\/wp-content\/uploads\/2023\/06\/2-768x384.webp 768w\" sizes=\"(max-width: 1200px) 100vw, 1200px\" \/> <img loading=\"lazy\" decoding=\"async\" class=\"alignnone size-full wp-image-3313\" src=\"https:\/\/mrcartools.com\/wp-content\/uploads\/2023\/06\/3.webp\" alt=\"\" width=\"1200\" height=\"600\" srcset=\"\/\/mrcartools.com\/wp-content\/uploads\/2023\/06\/3.webp 1200w, \/\/mrcartools.com\/wp-content\/uploads\/2023\/06\/3-510x255.webp 510w, \/\/mrcartools.com\/wp-content\/uploads\/2023\/06\/3-800x400.webp 800w, \/\/mrcartools.com\/wp-content\/uploads\/2023\/06\/3-768x384.webp 768w\" sizes=\"(max-width: 1200px) 100vw, 1200px\" \/> <img loading=\"lazy\" decoding=\"async\" class=\"alignnone size-full wp-image-3314\" src=\"https:\/\/mrcartools.com\/wp-content\/uploads\/2023\/06\/Mrcartool.jpg\" alt=\"\" width=\"1200\" height=\"600\" srcset=\"\/\/mrcartools.com\/wp-content\/uploads\/2023\/06\/Mrcartool.jpg 1200w, \/\/mrcartools.com\/wp-content\/uploads\/2023\/06\/Mrcartool-510x255.jpg 510w\" sizes=\"(max-width: 1200px) 100vw, 1200px\" \/><\/p>\n<\/div>\n<\/div>\n<\/div>","protected":false},"excerpt":{"rendered":"<p>Upgraded M50 Introduction\uff1a MR CARTOOL M50 Automotive Smart Slope Meter is a meter with a built-in multi-functional and multi-axis gyroscope. It supports 99% of the car models in the market. It can measure the vehicle&#8217;s pitch angle, roll angle, driving mode selection and safety alarm prompts, which greatly improves driving safety and delivers a premium [&#8230;]","protected":false},"featured_media":3423,"template":"","meta":[],"product_brand":[],"product_cat":[142],"product_tag":[],"class_list":{"0":"post-3422","1":"product","2":"type-product","3":"status-publish","4":"has-post-thumbnail","6":"product_cat-car-inclinometer","7":"product_shipping_class-weight","8":"pa_ship-from-china","9":"pa_ship-from-germany","10":"pa_ship-from-united-kingdom","11":"pa_ship-from-united-states","13":"first","14":"instock","15":"shipping-taxable","16":"product-type-variable","17":"wvs-archive-product-wrapper"},"yoast_head":"<!-- This site is optimized with the Yoast SEO Premium plugin v24.4 (Yoast SEO v24.4) - https:\/\/yoast.com\/wordpress\/plugins\/seo\/ -->\n<title>MRCARTOOL M50 GPS Smart Inclinometer Digital Inclinometer Guage for Off-Road SUV Vehicles GPS HUD - Mrcartool<\/title>\n<meta name=\"robots\" content=\"index, follow, max-snippet:-1, max-image-preview:large, max-video-preview:-1\" \/>\n<link rel=\"canonical\" href=\"https:\/\/mrcartools.com\/de\/produkt\/mrcartool-m50-gps-smart-inclinometer-digital-inclinometer-guage-for-off-road-suv-vehicles-gps-hud\/\" \/>\n<meta property=\"og:locale\" content=\"de_DE\" \/>\n<meta property=\"og:type\" content=\"article\" \/>\n<meta property=\"og:title\" content=\"MRCARTOOL M50 GPS Smart Inclinometer Digital Inclinometer Guage for Off-Road SUV Vehicles GPS HUD\" \/>\n<meta property=\"og:description\" content=\"Upgraded M50 Introduction\uff1a MR CARTOOL M50 Automotive Smart Slope Meter is a meter with a built-in multi-functional and multi-axis gyroscope. It supports 99% of the car models in the market. It can measure the vehicle&#8217;s pitch angle, roll angle, driving mode selection and safety alarm prompts, which greatly improves driving safety and delivers a premium [...]\" \/>\n<meta property=\"og:url\" content=\"https:\/\/mrcartools.com\/de\/produkt\/mrcartool-m50-gps-smart-inclinometer-digital-inclinometer-guage-for-off-road-suv-vehicles-gps-hud\/\" \/>\n<meta property=\"og:site_name\" content=\"Mrcartool\" \/>\n<meta property=\"article:modified_time\" content=\"2025-04-29T08:59:27+00:00\" \/>\n<meta property=\"og:image\" content=\"https:\/\/mrcartools.com\/wp-content\/uploads\/2023\/06\/MRCARTOOL-M50-Off-Road-GPS-Smart-Inclinometer.jpg\" \/>\n\t<meta property=\"og:image:width\" content=\"1920\" \/>\n\t<meta property=\"og:image:height\" content=\"1920\" \/>\n\t<meta property=\"og:image:type\" content=\"image\/jpeg\" \/>\n<meta name=\"twitter:card\" content=\"summary_large_image\" \/>\n<meta name=\"twitter:label1\" content=\"Gesch\u00e4tzte Lesezeit\" \/>\n\t<meta name=\"twitter:data1\" content=\"5\u00a0Minuten\" \/>\n<script type=\"application\/ld+json\" class=\"yoast-schema-graph\">{\"@context\":\"https:\/\/schema.org\",\"@graph\":[{\"@type\":\"WebPage\",\"@id\":\"https:\/\/mrcartools.com\/product\/mrcartool-m50-gps-smart-inclinometer-digital-inclinometer-guage-for-off-road-suv-vehicles-gps-hud\/\",\"url\":\"https:\/\/mrcartools.com\/product\/mrcartool-m50-gps-smart-inclinometer-digital-inclinometer-guage-for-off-road-suv-vehicles-gps-hud\/\",\"name\":\"MRCARTOOL M50 GPS Smart Inclinometer Digital Inclinometer Guage for Off-Road SUV Vehicles GPS HUD - Mrcartool\",\"isPartOf\":{\"@id\":\"https:\/\/mrcartools.com\/#website\"},\"primaryImageOfPage\":{\"@id\":\"https:\/\/mrcartools.com\/product\/mrcartool-m50-gps-smart-inclinometer-digital-inclinometer-guage-for-off-road-suv-vehicles-gps-hud\/#primaryimage\"},\"image\":{\"@id\":\"https:\/\/mrcartools.com\/product\/mrcartool-m50-gps-smart-inclinometer-digital-inclinometer-guage-for-off-road-suv-vehicles-gps-hud\/#primaryimage\"},\"thumbnailUrl\":\"https:\/\/mrcartools.com\/wp-content\/uploads\/2023\/06\/MRCARTOOL-M50-Off-Road-GPS-Smart-Inclinometer.jpg\",\"datePublished\":\"2023-06-15T08:19:03+00:00\",\"dateModified\":\"2025-04-29T08:59:27+00:00\",\"breadcrumb\":{\"@id\":\"https:\/\/mrcartools.com\/product\/mrcartool-m50-gps-smart-inclinometer-digital-inclinometer-guage-for-off-road-suv-vehicles-gps-hud\/#breadcrumb\"},\"inLanguage\":\"de\",\"potentialAction\":[{\"@type\":\"ReadAction\",\"target\":[\"https:\/\/mrcartools.com\/product\/mrcartool-m50-gps-smart-inclinometer-digital-inclinometer-guage-for-off-road-suv-vehicles-gps-hud\/\"]}]},{\"@type\":\"ImageObject\",\"inLanguage\":\"de\",\"@id\":\"https:\/\/mrcartools.com\/product\/mrcartool-m50-gps-smart-inclinometer-digital-inclinometer-guage-for-off-road-suv-vehicles-gps-hud\/#primaryimage\",\"url\":\"https:\/\/mrcartools.com\/wp-content\/uploads\/2023\/06\/MRCARTOOL-M50-Off-Road-GPS-Smart-Inclinometer.jpg\",\"contentUrl\":\"https:\/\/mrcartools.com\/wp-content\/uploads\/2023\/06\/MRCARTOOL-M50-Off-Road-GPS-Smart-Inclinometer.jpg\",\"width\":1920,\"height\":1920,\"caption\":\"MRCARTOOL M50 Off Road GPS Smart Inclinometer\"},{\"@type\":\"BreadcrumbList\",\"@id\":\"https:\/\/mrcartools.com\/product\/mrcartool-m50-gps-smart-inclinometer-digital-inclinometer-guage-for-off-road-suv-vehicles-gps-hud\/#breadcrumb\",\"itemListElement\":[{\"@type\":\"ListItem\",\"position\":1,\"name\":\"Home\",\"item\":\"https:\/\/mrcartools.com\/\"},{\"@type\":\"ListItem\",\"position\":2,\"name\":\"Shop\",\"item\":\"https:\/\/mrcartools.com\/shop-2\/\"},{\"@type\":\"ListItem\",\"position\":3,\"name\":\"MRCARTOOL M50 GPS Smart Inclinometer Digital Inclinometer Guage for Off-Road SUV Vehicles GPS HUD\"}]},{\"@type\":\"WebSite\",\"@id\":\"https:\/\/mrcartools.com\/#website\",\"url\":\"https:\/\/mrcartools.com\/\",\"name\":\"MRCARTOOL\",\"description\":\"MRCARTOOL Official Website\",\"publisher\":{\"@id\":\"https:\/\/mrcartools.com\/#organization\"},\"potentialAction\":[{\"@type\":\"SearchAction\",\"target\":{\"@type\":\"EntryPoint\",\"urlTemplate\":\"https:\/\/mrcartools.com\/?s={search_term_string}\"},\"query-input\":{\"@type\":\"PropertyValueSpecification\",\"valueRequired\":true,\"valueName\":\"search_term_string\"}}],\"inLanguage\":\"de\"},{\"@type\":\"Organization\",\"@id\":\"https:\/\/mrcartools.com\/#organization\",\"name\":\"MRCARTOOL\",\"url\":\"https:\/\/mrcartools.com\/\",\"logo\":{\"@type\":\"ImageObject\",\"inLanguage\":\"de\",\"@id\":\"https:\/\/mrcartools.com\/#\/schema\/logo\/image\/\",\"url\":\"https:\/\/mrcartools.com\/wp-content\/uploads\/2023\/07\/\u4e0a\u4f73\u6c7d\u8f66\u5de5\u5177-LOGO-2.png\",\"contentUrl\":\"https:\/\/mrcartools.com\/wp-content\/uploads\/2023\/07\/\u4e0a\u4f73\u6c7d\u8f66\u5de5\u5177-LOGO-2.png\",\"width\":1800,\"height\":402,\"caption\":\"MRCARTOOL\"},\"image\":{\"@id\":\"https:\/\/mrcartools.com\/#\/schema\/logo\/image\/\"}}]}<\/script>\n<!-- \/ Yoast SEO Premium plugin. -->","yoast_head_json":{"title":"MRCARTOOL M50 GPS Smart Inclinometer Digital Inclinometer Guage for Off-Road SUV Vehicles GPS HUD - Mrcartool","robots":{"index":"index","follow":"follow","max-snippet":"max-snippet:-1","max-image-preview":"max-image-preview:large","max-video-preview":"max-video-preview:-1"},"canonical":"https:\/\/mrcartools.com\/de\/produkt\/mrcartool-m50-gps-smart-inclinometer-digital-inclinometer-guage-for-off-road-suv-vehicles-gps-hud\/","og_locale":"de_DE","og_type":"article","og_title":"MRCARTOOL M50 GPS Smart Inclinometer Digital Inclinometer Guage for Off-Road SUV Vehicles GPS HUD","og_description":"Upgraded M50 Introduction\uff1a MR CARTOOL M50 Automotive Smart Slope Meter is a meter with a built-in multi-functional and multi-axis gyroscope. It supports 99% of the car models in the market. It can measure the vehicle&#8217;s pitch angle, roll angle, driving mode selection and safety alarm prompts, which greatly improves driving safety and delivers a premium [...]","og_url":"https:\/\/mrcartools.com\/de\/produkt\/mrcartool-m50-gps-smart-inclinometer-digital-inclinometer-guage-for-off-road-suv-vehicles-gps-hud\/","og_site_name":"Mrcartool","article_modified_time":"2025-04-29T08:59:27+00:00","og_image":[{"width":1920,"height":1920,"url":"https:\/\/mrcartools.com\/wp-content\/uploads\/2023\/06\/MRCARTOOL-M50-Off-Road-GPS-Smart-Inclinometer.jpg","type":"image\/jpeg"}],"twitter_card":"summary_large_image","twitter_misc":{"Gesch\u00e4tzte Lesezeit":"5\u00a0Minuten"},"schema":{"@context":"https:\/\/schema.org","@graph":[{"@type":"WebPage","@id":"https:\/\/mrcartools.com\/product\/mrcartool-m50-gps-smart-inclinometer-digital-inclinometer-guage-for-off-road-suv-vehicles-gps-hud\/","url":"https:\/\/mrcartools.com\/product\/mrcartool-m50-gps-smart-inclinometer-digital-inclinometer-guage-for-off-road-suv-vehicles-gps-hud\/","name":"MRCARTOOL M50 GPS Smart Inclinometer Digital Inclinometer Guage for Off-Road SUV Vehicles GPS HUD - Mrcartool","isPartOf":{"@id":"https:\/\/mrcartools.com\/#website"},"primaryImageOfPage":{"@id":"https:\/\/mrcartools.com\/product\/mrcartool-m50-gps-smart-inclinometer-digital-inclinometer-guage-for-off-road-suv-vehicles-gps-hud\/#primaryimage"},"image":{"@id":"https:\/\/mrcartools.com\/product\/mrcartool-m50-gps-smart-inclinometer-digital-inclinometer-guage-for-off-road-suv-vehicles-gps-hud\/#primaryimage"},"thumbnailUrl":"https:\/\/mrcartools.com\/wp-content\/uploads\/2023\/06\/MRCARTOOL-M50-Off-Road-GPS-Smart-Inclinometer.jpg","datePublished":"2023-06-15T08:19:03+00:00","dateModified":"2025-04-29T08:59:27+00:00","breadcrumb":{"@id":"https:\/\/mrcartools.com\/product\/mrcartool-m50-gps-smart-inclinometer-digital-inclinometer-guage-for-off-road-suv-vehicles-gps-hud\/#breadcrumb"},"inLanguage":"de","potentialAction":[{"@type":"ReadAction","target":["https:\/\/mrcartools.com\/product\/mrcartool-m50-gps-smart-inclinometer-digital-inclinometer-guage-for-off-road-suv-vehicles-gps-hud\/"]}]},{"@type":"ImageObject","inLanguage":"de","@id":"https:\/\/mrcartools.com\/product\/mrcartool-m50-gps-smart-inclinometer-digital-inclinometer-guage-for-off-road-suv-vehicles-gps-hud\/#primaryimage","url":"https:\/\/mrcartools.com\/wp-content\/uploads\/2023\/06\/MRCARTOOL-M50-Off-Road-GPS-Smart-Inclinometer.jpg","contentUrl":"https:\/\/mrcartools.com\/wp-content\/uploads\/2023\/06\/MRCARTOOL-M50-Off-Road-GPS-Smart-Inclinometer.jpg","width":1920,"height":1920,"caption":"MRCARTOOL M50 Off Road GPS Smart Inclinometer"},{"@type":"BreadcrumbList","@id":"https:\/\/mrcartools.com\/product\/mrcartool-m50-gps-smart-inclinometer-digital-inclinometer-guage-for-off-road-suv-vehicles-gps-hud\/#breadcrumb","itemListElement":[{"@type":"ListItem","position":1,"name":"Home","item":"https:\/\/mrcartools.com\/"},{"@type":"ListItem","position":2,"name":"Shop","item":"https:\/\/mrcartools.com\/shop-2\/"},{"@type":"ListItem","position":3,"name":"MRCARTOOL M50 GPS Smart Inclinometer Digital Inclinometer Guage for Off-Road SUV Vehicles GPS HUD"}]},{"@type":"WebSite","@id":"https:\/\/mrcartools.com\/#website","url":"https:\/\/mrcartools.com\/","name":"MRCARTOOL","description":"MRCARTOOL Offizielle Website","publisher":{"@id":"https:\/\/mrcartools.com\/#organization"},"potentialAction":[{"@type":"SearchAction","target":{"@type":"EntryPoint","urlTemplate":"https:\/\/mrcartools.com\/?s={search_term_string}"},"query-input":{"@type":"PropertyValueSpecification","valueRequired":true,"valueName":"search_term_string"}}],"inLanguage":"de"},{"@type":"Organization","@id":"https:\/\/mrcartools.com\/#organization","name":"MRCARTOOL","url":"https:\/\/mrcartools.com\/","logo":{"@type":"ImageObject","inLanguage":"de","@id":"https:\/\/mrcartools.com\/#\/schema\/logo\/image\/","url":"https:\/\/mrcartools.com\/wp-content\/uploads\/2023\/07\/\u4e0a\u4f73\u6c7d\u8f66\u5de5\u5177-LOGO-2.png","contentUrl":"https:\/\/mrcartools.com\/wp-content\/uploads\/2023\/07\/\u4e0a\u4f73\u6c7d\u8f66\u5de5\u5177-LOGO-2.png","width":1800,"height":402,"caption":"MRCARTOOL"},"image":{"@id":"https:\/\/mrcartools.com\/#\/schema\/logo\/image\/"}}]}},"_links":{"self":[{"href":"https:\/\/mrcartools.com\/de\/wp-json\/wp\/v2\/product\/3422","targetHints":{"allow":["GET"]}}],"collection":[{"href":"https:\/\/mrcartools.com\/de\/wp-json\/wp\/v2\/product"}],"about":[{"href":"https:\/\/mrcartools.com\/de\/wp-json\/wp\/v2\/types\/product"}],"version-history":[{"count":0,"href":"https:\/\/mrcartools.com\/de\/wp-json\/wp\/v2\/product\/3422\/revisions"}],"wp:featuredmedia":[{"embeddable":true,"href":"https:\/\/mrcartools.com\/de\/wp-json\/wp\/v2\/media\/3423"}],"wp:attachment":[{"href":"https:\/\/mrcartools.com\/de\/wp-json\/wp\/v2\/media?parent=3422"}],"wp:term":[{"taxonomy":"product_brand","embeddable":true,"href":"https:\/\/mrcartools.com\/de\/wp-json\/wp\/v2\/product_brand?post=3422"},{"taxonomy":"product_cat","embeddable":true,"href":"https:\/\/mrcartools.com\/de\/wp-json\/wp\/v2\/product_cat?post=3422"},{"taxonomy":"product_tag","embeddable":true,"href":"https:\/\/mrcartools.com\/de\/wp-json\/wp\/v2\/product_tag?post=3422"}],"curies":[{"name":"wp","href":"https:\/\/api.w.org\/{rel}","templated":true}]}}