{"id":4366,"date":"2024-06-11T08:11:46","date_gmt":"2024-06-11T08:11:46","guid":{"rendered":"https:\/\/mrcartools.com\/?post_type=product&#038;p=4366"},"modified":"2025-04-28T04:01:31","modified_gmt":"2025-04-28T04:01:31","slug":"mrcartool-car-spark-plug-tester-with-auto-adjustable-for-12v-vehicles","status":"publish","type":"product","link":"https:\/\/mrcartools.com\/de\/produkt\/mrcartool-car-spark-plug-tester-with-auto-adjustable-for-12v-vehicles\/","title":{"rendered":"MRCARTOOL Auto Z\u00fcndkerzentester mit Auto einstellbar f\u00fcr 12V Fahrzeuge"},"content":{"rendered":"<h3><span style=\"font-family: Poppins;\"><strong>Der MRCARTOOL Z\u00fcndkerzentester dient zum Testen der Leistung und Festigkeit von Z\u00fcndkerzen. Das Produkt simuliert reale Motorbedingungen und arbeitet bis zu 6000 U\/min.<\/strong><\/span><\/h3>\n<p>Es ist mit allen auf dem Markt befindlichen Z\u00fcndkerzen f\u00fcr Kurbelwellenmotoren und Motorr\u00e4der kompatibel. Es kann auch zwei L\u00f6cher gleichzeitig pr\u00fcfen und ist mit einer Schutzabdeckung ausgestattet, um den sicheren Betrieb des Wartungspersonals w\u00e4hrend der Pr\u00fcfung zu gew\u00e4hrleisten. In Automobil-Z\u00fcndanlage, die Hochspannungsz\u00fcndspule erzeugt eine Hochspannung, und die Z\u00fcndkerze leitet es Form Hochspannungsz\u00fcndspule in den Zylinder Motor, Funken zwischen den Z\u00fcndkerzenelektroden wird das Gemisch zu entz\u00fcnden, k\u00f6nnte der Detektor die guten Z\u00fcndkerzen von den schlechten durch die St\u00e4rke des Funkens zu erz\u00e4hlen.<\/p>\n<h3><a href=\"https:\/\/mrcartools.com\/wp-content\/uploads\/2024\/06\/MRCARTOOL-\u706b\u82b1\u585e-MANUAL.pdf\"><em><strong>MRCARTOOL Z\u00fcndkerzentester Benutzerhandbuch Download&gt;&gt;<\/strong><\/em><\/a><\/h3>\n<h3><strong>Warme Tipps<\/strong><\/h3>\n<ul>\n<li><strong>W\u00e4hrend der Pr\u00fcfung wird eine Spannung von bis zu 1000V erzeugt, bitte schlie\u00dfen Sie die Schutzabdeckung vor der Pr\u00fcfung!<\/strong><\/li>\n<\/ul>\n<p><img fetchpriority=\"high\" decoding=\"async\" class=\"alignnone size-full wp-image-4368\" src=\"https:\/\/mrcartools.com\/wp-content\/uploads\/2024\/06\/8.jpg\" alt=\"\" width=\"1200\" height=\"1200\" srcset=\"\/\/mrcartools.com\/wp-content\/uploads\/2024\/06\/8.jpg 1200w, \/\/mrcartools.com\/wp-content\/uploads\/2024\/06\/8-253x253.jpg 253w, \/\/mrcartools.com\/wp-content\/uploads\/2024\/06\/8-100x100.jpg 100w, \/\/mrcartools.com\/wp-content\/uploads\/2024\/06\/8-510x510.jpg 510w, \/\/mrcartools.com\/wp-content\/uploads\/2024\/06\/8-150x150.jpg 150w, \/\/mrcartools.com\/wp-content\/uploads\/2024\/06\/8-768x768.jpg 768w, \/\/mrcartools.com\/wp-content\/uploads\/2024\/06\/8-50x50.jpg 50w\" sizes=\"(max-width: 1200px) 100vw, 1200px\" \/><\/p>\n<h3><strong>Was ist der Unterschied zwischen allen MRCARTOOL Auto Z\u00fcndkerzenpr\u00fcfger\u00e4t Werkzeug?<\/strong><\/h3>\n<p><img decoding=\"async\" class=\"alignnone size-full wp-image-9162\" src=\"https:\/\/mrcartools.com\/wp-content\/uploads\/2024\/10\/98c4881043172e12f336342a216bf804.png\" alt=\"\" width=\"1155\" height=\"943\" srcset=\"\/\/mrcartools.com\/wp-content\/uploads\/2024\/10\/98c4881043172e12f336342a216bf804.png 1155w, \/\/mrcartools.com\/wp-content\/uploads\/2024\/10\/98c4881043172e12f336342a216bf804-150x122.png 150w, \/\/mrcartools.com\/wp-content\/uploads\/2024\/10\/98c4881043172e12f336342a216bf804-768x627.png 768w, \/\/mrcartools.com\/wp-content\/uploads\/2024\/10\/98c4881043172e12f336342a216bf804-510x416.png 510w\" sizes=\"(max-width: 1155px) 100vw, 1155px\" \/><\/p>\n<h3><strong>MRCARTOOL Z\u00fcndkerzentester Merkmale:<\/strong><\/h3>\n<ul>\n<li><strong>0 bis 6000 Umdrehungen pro Minute Betriebsfrequenz:<\/strong>\u00a0Der AUTOOL SPT101 Auto Z\u00fcndkerzentester ist mit einstellbarer Arbeitsfrequenz entworfen, kann der Bereich 0 bis 6000rpm erreichen. Kann eingestellt werden, wie Sie ben\u00f6tigen.<\/li>\n<li><strong>Dual Hole Testing &amp; Zeitersparnis:<\/strong>\u00a0Die AUTOOL SPT101 Car Spark Plug Tester ist in der Lage, Dual-Loch gleichzeitige Pr\u00fcfung sowie analoge Motor arbeiten, die viel effizienter und zeitsparender ist.<\/li>\n<li><strong>Breite Anwendung:<\/strong>\u00a012V Benzinfahrzeuge Auto Z\u00fcndkerzen, 100V-240V Eingangsspannung.<\/li>\n<li><strong>Einfache Bedienung Plug And Play:<\/strong>\u00a0Einfache Bedienung, Plug and Play. Kommt mit einer Anzeigeleuchte, so dass der Status der Z\u00fcndkerze kann mehr intuitiv angezeigt werden.<\/li>\n<li><strong>Kundendienst<\/strong>: MRCARTOOL bietet eine 48-monatige Garantie und 7\u00d724 Stunden freundlichen Kundenservice, um Ihr Einkaufserlebnis zu gew\u00e4hrleisten. Wenn Sie irgendwelche Fragen \u00fcber EVAP-Lecksucher haben, kontaktieren Sie uns bitte direkt. Online-Unterst\u00fctzung&gt;&gt;<\/li>\n<\/ul>\n<h3><strong>Wie benutzt man den MRCARTOOL Z\u00fcndkerzentester?<\/strong><\/h3>\n<ul>\n<li>Schritt 1: Stecken Sie die Z\u00fcndkerze in die Pr\u00fcf\u00f6ffnung.<\/li>\n<li>Schritt 2: Decken Sie die Schutzabdeckung ab.<\/li>\n<li>Schritt 3: Schlie\u00dfen Sie die Stromversorgung an und stellen Sie die Arbeitsfrequenz ein.<\/li>\n<li>Schritt 4: Beobachten Sie den Status der Z\u00fcndkerzenpr\u00fcfung durch die Schutzabdeckung.<\/li>\n<\/ul>\n<p><img decoding=\"async\" class=\"alignnone size-full wp-image-4372\" src=\"https:\/\/mrcartools.com\/wp-content\/uploads\/2024\/06\/12.jpg\" alt=\"\" width=\"1200\" height=\"1200\" srcset=\"\/\/mrcartools.com\/wp-content\/uploads\/2024\/06\/12.jpg 1200w, \/\/mrcartools.com\/wp-content\/uploads\/2024\/06\/12-253x253.jpg 253w, \/\/mrcartools.com\/wp-content\/uploads\/2024\/06\/12-100x100.jpg 100w, \/\/mrcartools.com\/wp-content\/uploads\/2024\/06\/12-510x510.jpg 510w, \/\/mrcartools.com\/wp-content\/uploads\/2024\/06\/12-150x150.jpg 150w, \/\/mrcartools.com\/wp-content\/uploads\/2024\/06\/12-768x768.jpg 768w, \/\/mrcartools.com\/wp-content\/uploads\/2024\/06\/12-50x50.jpg 50w\" sizes=\"(max-width: 1200px) 100vw, 1200px\" \/><img loading=\"lazy\" decoding=\"async\" class=\"alignnone size-full wp-image-4369\" src=\"https:\/\/mrcartools.com\/wp-content\/uploads\/2024\/06\/9.jpg\" alt=\"\" width=\"1200\" height=\"1200\" srcset=\"\/\/mrcartools.com\/wp-content\/uploads\/2024\/06\/9.jpg 1200w, \/\/mrcartools.com\/wp-content\/uploads\/2024\/06\/9-253x253.jpg 253w, \/\/mrcartools.com\/wp-content\/uploads\/2024\/06\/9-100x100.jpg 100w, \/\/mrcartools.com\/wp-content\/uploads\/2024\/06\/9-510x510.jpg 510w, \/\/mrcartools.com\/wp-content\/uploads\/2024\/06\/9-150x150.jpg 150w, \/\/mrcartools.com\/wp-content\/uploads\/2024\/06\/9-768x768.jpg 768w, \/\/mrcartools.com\/wp-content\/uploads\/2024\/06\/9-50x50.jpg 50w\" sizes=\"(max-width: 1200px) 100vw, 1200px\" \/> <img loading=\"lazy\" decoding=\"async\" class=\"alignnone size-full wp-image-4371\" src=\"https:\/\/mrcartools.com\/wp-content\/uploads\/2024\/06\/11.jpg\" alt=\"\" width=\"1200\" height=\"1200\" srcset=\"\/\/mrcartools.com\/wp-content\/uploads\/2024\/06\/11.jpg 1200w, \/\/mrcartools.com\/wp-content\/uploads\/2024\/06\/11-253x253.jpg 253w, \/\/mrcartools.com\/wp-content\/uploads\/2024\/06\/11-100x100.jpg 100w, \/\/mrcartools.com\/wp-content\/uploads\/2024\/06\/11-510x510.jpg 510w, \/\/mrcartools.com\/wp-content\/uploads\/2024\/06\/11-150x150.jpg 150w, \/\/mrcartools.com\/wp-content\/uploads\/2024\/06\/11-768x768.jpg 768w, \/\/mrcartools.com\/wp-content\/uploads\/2024\/06\/11-50x50.jpg 50w\" sizes=\"(max-width: 1200px) 100vw, 1200px\" \/> <img loading=\"lazy\" decoding=\"async\" class=\"alignnone size-full wp-image-4370\" src=\"https:\/\/mrcartools.com\/wp-content\/uploads\/2024\/06\/10.jpg\" alt=\"\" width=\"1200\" height=\"1200\" srcset=\"\/\/mrcartools.com\/wp-content\/uploads\/2024\/06\/10.jpg 1200w, \/\/mrcartools.com\/wp-content\/uploads\/2024\/06\/10-253x253.jpg 253w, \/\/mrcartools.com\/wp-content\/uploads\/2024\/06\/10-100x100.jpg 100w, \/\/mrcartools.com\/wp-content\/uploads\/2024\/06\/10-510x510.jpg 510w, \/\/mrcartools.com\/wp-content\/uploads\/2024\/06\/10-150x150.jpg 150w, \/\/mrcartools.com\/wp-content\/uploads\/2024\/06\/10-768x768.jpg 768w, \/\/mrcartools.com\/wp-content\/uploads\/2024\/06\/10-50x50.jpg 50w\" sizes=\"(max-width: 1200px) 100vw, 1200px\" \/><img loading=\"lazy\" decoding=\"async\" class=\"alignnone size-full wp-image-4373\" src=\"https:\/\/mrcartools.com\/wp-content\/uploads\/2024\/06\/13.jpg\" alt=\"\" width=\"1200\" height=\"1200\" srcset=\"\/\/mrcartools.com\/wp-content\/uploads\/2024\/06\/13.jpg 1200w, \/\/mrcartools.com\/wp-content\/uploads\/2024\/06\/13-253x253.jpg 253w, \/\/mrcartools.com\/wp-content\/uploads\/2024\/06\/13-100x100.jpg 100w, \/\/mrcartools.com\/wp-content\/uploads\/2024\/06\/13-510x510.jpg 510w, \/\/mrcartools.com\/wp-content\/uploads\/2024\/06\/13-150x150.jpg 150w, \/\/mrcartools.com\/wp-content\/uploads\/2024\/06\/13-768x768.jpg 768w, \/\/mrcartools.com\/wp-content\/uploads\/2024\/06\/13-50x50.jpg 50w\" sizes=\"(max-width: 1200px) 100vw, 1200px\" \/><\/p>\n<h3><strong>Packliste<\/strong><\/h3>\n<p><img loading=\"lazy\" decoding=\"async\" class=\"alignnone size-full wp-image-4374\" src=\"https:\/\/mrcartools.com\/wp-content\/uploads\/2024\/06\/14.jpg\" alt=\"\" width=\"1200\" height=\"1200\" srcset=\"\/\/mrcartools.com\/wp-content\/uploads\/2024\/06\/14.jpg 1200w, \/\/mrcartools.com\/wp-content\/uploads\/2024\/06\/14-253x253.jpg 253w, \/\/mrcartools.com\/wp-content\/uploads\/2024\/06\/14-100x100.jpg 100w, \/\/mrcartools.com\/wp-content\/uploads\/2024\/06\/14-510x510.jpg 510w, \/\/mrcartools.com\/wp-content\/uploads\/2024\/06\/14-150x150.jpg 150w, \/\/mrcartools.com\/wp-content\/uploads\/2024\/06\/14-768x768.jpg 768w, \/\/mrcartools.com\/wp-content\/uploads\/2024\/06\/14-50x50.jpg 50w\" sizes=\"(max-width: 1200px) 100vw, 1200px\" \/><\/p>","protected":false},"excerpt":{"rendered":"<ul>\n<li><strong>Dual Hole Testing &amp; Zeitersparnis:<\/strong>Mit dem AUTOOL SPT101 Auto-Z\u00fcndkerzentester k\u00f6nnen Sie zwei L\u00f6cher auf einmal testen und den Motorstatus anzeigen, um schnellere Ergebnisse zu erzielen.<\/li>\n<li><strong>Breite Anwendung:<\/strong>Es funktioniert mit 12-Volt-Benzinfahrzeugen und kann mit 100 bis 240 Volt betrieben werden.<\/li>\n<li><strong>Einfache Bedienung:<\/strong>Einfach einstecken und loslegen. Die Kontrollleuchte zeigt deutlich den Status der Z\u00fcndkerze an.<a href=\"https:\/\/api.whatsapp.com\/send\/?phone=%2B8618923768146&amp;text=onlinesupport\"><span style=\"color: #d83131;\"><strong>Online-Unterst\u00fctzung&gt;&gt;<\/strong><\/span><\/a><\/li>\n<\/ul>","protected":false},"featured_media":4367,"template":"","meta":[],"product_brand":[],"product_cat":[105],"product_tag":[],"class_list":{"0":"post-4366","1":"product","2":"type-product","3":"status-publish","4":"has-post-thumbnail","6":"product_cat-spark-plug-tester","7":"product_shipping_class-weight","8":"pa_ship-from-china","9":"pa_ship-from-germany","10":"pa_ship-from-united-kingdom","11":"pa_ship-from-united-states","12":"pa_voltage-110v","13":"pa_voltage-220v","15":"first","16":"instock","17":"shipping-taxable","18":"product-type-variable","19":"wvs-archive-product-wrapper"},"yoast_head":"<!-- This site is optimized with the Yoast SEO Premium plugin v24.4 (Yoast SEO v24.4) - https:\/\/yoast.com\/wordpress\/plugins\/seo\/ -->\n<title>MRCARTOOL Car Spark Plug Tester with Auto Adjustable for 12V Vehicles - Mrcartool<\/title>\n<meta name=\"description\" content=\"MRCARTOOL Spark Plug Tester is for testing the performance and strength of spark plugs. The product simulates actual engine conditions and works up to 6000rpm.\" \/>\n<meta name=\"robots\" content=\"index, follow, max-snippet:-1, max-image-preview:large, max-video-preview:-1\" \/>\n<link rel=\"canonical\" href=\"https:\/\/mrcartools.com\/de\/produkt\/mrcartool-car-spark-plug-tester-with-auto-adjustable-for-12v-vehicles\/\" \/>\n<meta property=\"og:locale\" content=\"de_DE\" \/>\n<meta property=\"og:type\" content=\"article\" \/>\n<meta property=\"og:title\" content=\"MRCARTOOL Car Spark Plug Tester with Auto Adjustable for 12V Vehicles\" \/>\n<meta property=\"og:description\" content=\"MRCARTOOL Spark Plug Tester is for testing the performance and strength of spark plugs. The product simulates actual engine conditions and works up to 6000rpm.\" \/>\n<meta property=\"og:url\" content=\"https:\/\/mrcartools.com\/de\/produkt\/mrcartool-car-spark-plug-tester-with-auto-adjustable-for-12v-vehicles\/\" \/>\n<meta property=\"og:site_name\" content=\"Mrcartool\" \/>\n<meta property=\"article:modified_time\" content=\"2025-04-28T04:01:31+00:00\" \/>\n<meta property=\"og:image\" content=\"https:\/\/mrcartools.com\/wp-content\/uploads\/2024\/06\/2-1.jpg\" \/>\n\t<meta property=\"og:image:width\" content=\"1200\" \/>\n\t<meta property=\"og:image:height\" content=\"1200\" \/>\n\t<meta property=\"og:image:type\" content=\"image\/jpeg\" \/>\n<meta name=\"twitter:card\" content=\"summary_large_image\" \/>\n<meta name=\"twitter:label1\" content=\"Gesch\u00e4tzte Lesezeit\" \/>\n\t<meta name=\"twitter:data1\" content=\"4\u00a0Minuten\" \/>\n<script type=\"application\/ld+json\" class=\"yoast-schema-graph\">{\"@context\":\"https:\/\/schema.org\",\"@graph\":[{\"@type\":\"WebPage\",\"@id\":\"https:\/\/mrcartools.com\/product\/mrcartool-car-spark-plug-tester-with-auto-adjustable-for-12v-vehicles\/\",\"url\":\"https:\/\/mrcartools.com\/product\/mrcartool-car-spark-plug-tester-with-auto-adjustable-for-12v-vehicles\/\",\"name\":\"MRCARTOOL Car Spark Plug Tester with Auto Adjustable for 12V Vehicles - Mrcartool\",\"isPartOf\":{\"@id\":\"https:\/\/mrcartools.com\/#website\"},\"primaryImageOfPage\":{\"@id\":\"https:\/\/mrcartools.com\/product\/mrcartool-car-spark-plug-tester-with-auto-adjustable-for-12v-vehicles\/#primaryimage\"},\"image\":{\"@id\":\"https:\/\/mrcartools.com\/product\/mrcartool-car-spark-plug-tester-with-auto-adjustable-for-12v-vehicles\/#primaryimage\"},\"thumbnailUrl\":\"https:\/\/mrcartools.com\/wp-content\/uploads\/2024\/06\/2-1.jpg\",\"datePublished\":\"2024-06-11T08:11:46+00:00\",\"dateModified\":\"2025-04-28T04:01:31+00:00\",\"description\":\"MRCARTOOL Spark Plug Tester is for testing the performance and strength of spark plugs. The product simulates actual engine conditions and works up to 6000rpm.\",\"breadcrumb\":{\"@id\":\"https:\/\/mrcartools.com\/product\/mrcartool-car-spark-plug-tester-with-auto-adjustable-for-12v-vehicles\/#breadcrumb\"},\"inLanguage\":\"de\",\"potentialAction\":[{\"@type\":\"ReadAction\",\"target\":[\"https:\/\/mrcartools.com\/product\/mrcartool-car-spark-plug-tester-with-auto-adjustable-for-12v-vehicles\/\"]}]},{\"@type\":\"ImageObject\",\"inLanguage\":\"de\",\"@id\":\"https:\/\/mrcartools.com\/product\/mrcartool-car-spark-plug-tester-with-auto-adjustable-for-12v-vehicles\/#primaryimage\",\"url\":\"https:\/\/mrcartools.com\/wp-content\/uploads\/2024\/06\/2-1.jpg\",\"contentUrl\":\"https:\/\/mrcartools.com\/wp-content\/uploads\/2024\/06\/2-1.jpg\",\"width\":1200,\"height\":1200},{\"@type\":\"BreadcrumbList\",\"@id\":\"https:\/\/mrcartools.com\/product\/mrcartool-car-spark-plug-tester-with-auto-adjustable-for-12v-vehicles\/#breadcrumb\",\"itemListElement\":[{\"@type\":\"ListItem\",\"position\":1,\"name\":\"Home\",\"item\":\"https:\/\/mrcartools.com\/\"},{\"@type\":\"ListItem\",\"position\":2,\"name\":\"Shop\",\"item\":\"https:\/\/mrcartools.com\/shop-2\/\"},{\"@type\":\"ListItem\",\"position\":3,\"name\":\"MRCARTOOL Car Spark Plug Tester with Auto Adjustable for 12V Vehicles\"}]},{\"@type\":\"WebSite\",\"@id\":\"https:\/\/mrcartools.com\/#website\",\"url\":\"https:\/\/mrcartools.com\/\",\"name\":\"MRCARTOOL\",\"description\":\"MRCARTOOL Official Website\",\"publisher\":{\"@id\":\"https:\/\/mrcartools.com\/#organization\"},\"potentialAction\":[{\"@type\":\"SearchAction\",\"target\":{\"@type\":\"EntryPoint\",\"urlTemplate\":\"https:\/\/mrcartools.com\/?s={search_term_string}\"},\"query-input\":{\"@type\":\"PropertyValueSpecification\",\"valueRequired\":true,\"valueName\":\"search_term_string\"}}],\"inLanguage\":\"de\"},{\"@type\":\"Organization\",\"@id\":\"https:\/\/mrcartools.com\/#organization\",\"name\":\"MRCARTOOL\",\"url\":\"https:\/\/mrcartools.com\/\",\"logo\":{\"@type\":\"ImageObject\",\"inLanguage\":\"de\",\"@id\":\"https:\/\/mrcartools.com\/#\/schema\/logo\/image\/\",\"url\":\"https:\/\/mrcartools.com\/wp-content\/uploads\/2023\/07\/\u4e0a\u4f73\u6c7d\u8f66\u5de5\u5177-LOGO-2.png\",\"contentUrl\":\"https:\/\/mrcartools.com\/wp-content\/uploads\/2023\/07\/\u4e0a\u4f73\u6c7d\u8f66\u5de5\u5177-LOGO-2.png\",\"width\":1800,\"height\":402,\"caption\":\"MRCARTOOL\"},\"image\":{\"@id\":\"https:\/\/mrcartools.com\/#\/schema\/logo\/image\/\"}}]}<\/script>\n<!-- \/ Yoast SEO Premium plugin. -->","yoast_head_json":{"title":"MRCARTOOL Car Spark Plug Tester with Auto Adjustable for 12V Vehicles - Mrcartool","description":"Der MRCARTOOL Z\u00fcndkerzentester dient zum Testen der Leistung und Festigkeit von Z\u00fcndkerzen. Das Produkt simuliert reale Motorbedingungen und arbeitet bis zu 6000 U\/min.","robots":{"index":"index","follow":"follow","max-snippet":"max-snippet:-1","max-image-preview":"max-image-preview:large","max-video-preview":"max-video-preview:-1"},"canonical":"https:\/\/mrcartools.com\/de\/produkt\/mrcartool-car-spark-plug-tester-with-auto-adjustable-for-12v-vehicles\/","og_locale":"de_DE","og_type":"article","og_title":"MRCARTOOL Car Spark Plug Tester with Auto Adjustable for 12V Vehicles","og_description":"MRCARTOOL Spark Plug Tester is for testing the performance and strength of spark plugs. The product simulates actual engine conditions and works up to 6000rpm.","og_url":"https:\/\/mrcartools.com\/de\/produkt\/mrcartool-car-spark-plug-tester-with-auto-adjustable-for-12v-vehicles\/","og_site_name":"Mrcartool","article_modified_time":"2025-04-28T04:01:31+00:00","og_image":[{"width":1200,"height":1200,"url":"https:\/\/mrcartools.com\/wp-content\/uploads\/2024\/06\/2-1.jpg","type":"image\/jpeg"}],"twitter_card":"summary_large_image","twitter_misc":{"Gesch\u00e4tzte Lesezeit":"4\u00a0Minuten"},"schema":{"@context":"https:\/\/schema.org","@graph":[{"@type":"WebPage","@id":"https:\/\/mrcartools.com\/product\/mrcartool-car-spark-plug-tester-with-auto-adjustable-for-12v-vehicles\/","url":"https:\/\/mrcartools.com\/product\/mrcartool-car-spark-plug-tester-with-auto-adjustable-for-12v-vehicles\/","name":"MRCARTOOL Car Spark Plug Tester with Auto Adjustable for 12V Vehicles - Mrcartool","isPartOf":{"@id":"https:\/\/mrcartools.com\/#website"},"primaryImageOfPage":{"@id":"https:\/\/mrcartools.com\/product\/mrcartool-car-spark-plug-tester-with-auto-adjustable-for-12v-vehicles\/#primaryimage"},"image":{"@id":"https:\/\/mrcartools.com\/product\/mrcartool-car-spark-plug-tester-with-auto-adjustable-for-12v-vehicles\/#primaryimage"},"thumbnailUrl":"https:\/\/mrcartools.com\/wp-content\/uploads\/2024\/06\/2-1.jpg","datePublished":"2024-06-11T08:11:46+00:00","dateModified":"2025-04-28T04:01:31+00:00","description":"Der MRCARTOOL Z\u00fcndkerzentester dient zum Testen der Leistung und Festigkeit von Z\u00fcndkerzen. Das Produkt simuliert reale Motorbedingungen und arbeitet bis zu 6000 U\/min.","breadcrumb":{"@id":"https:\/\/mrcartools.com\/product\/mrcartool-car-spark-plug-tester-with-auto-adjustable-for-12v-vehicles\/#breadcrumb"},"inLanguage":"de","potentialAction":[{"@type":"ReadAction","target":["https:\/\/mrcartools.com\/product\/mrcartool-car-spark-plug-tester-with-auto-adjustable-for-12v-vehicles\/"]}]},{"@type":"ImageObject","inLanguage":"de","@id":"https:\/\/mrcartools.com\/product\/mrcartool-car-spark-plug-tester-with-auto-adjustable-for-12v-vehicles\/#primaryimage","url":"https:\/\/mrcartools.com\/wp-content\/uploads\/2024\/06\/2-1.jpg","contentUrl":"https:\/\/mrcartools.com\/wp-content\/uploads\/2024\/06\/2-1.jpg","width":1200,"height":1200},{"@type":"BreadcrumbList","@id":"https:\/\/mrcartools.com\/product\/mrcartool-car-spark-plug-tester-with-auto-adjustable-for-12v-vehicles\/#breadcrumb","itemListElement":[{"@type":"ListItem","position":1,"name":"Home","item":"https:\/\/mrcartools.com\/"},{"@type":"ListItem","position":2,"name":"Shop","item":"https:\/\/mrcartools.com\/shop-2\/"},{"@type":"ListItem","position":3,"name":"MRCARTOOL Car Spark Plug Tester with Auto Adjustable for 12V Vehicles"}]},{"@type":"WebSite","@id":"https:\/\/mrcartools.com\/#website","url":"https:\/\/mrcartools.com\/","name":"MRCARTOOL","description":"MRCARTOOL Offizielle Website","publisher":{"@id":"https:\/\/mrcartools.com\/#organization"},"potentialAction":[{"@type":"SearchAction","target":{"@type":"EntryPoint","urlTemplate":"https:\/\/mrcartools.com\/?s={search_term_string}"},"query-input":{"@type":"PropertyValueSpecification","valueRequired":true,"valueName":"search_term_string"}}],"inLanguage":"de"},{"@type":"Organization","@id":"https:\/\/mrcartools.com\/#organization","name":"MRCARTOOL","url":"https:\/\/mrcartools.com\/","logo":{"@type":"ImageObject","inLanguage":"de","@id":"https:\/\/mrcartools.com\/#\/schema\/logo\/image\/","url":"https:\/\/mrcartools.com\/wp-content\/uploads\/2023\/07\/\u4e0a\u4f73\u6c7d\u8f66\u5de5\u5177-LOGO-2.png","contentUrl":"https:\/\/mrcartools.com\/wp-content\/uploads\/2023\/07\/\u4e0a\u4f73\u6c7d\u8f66\u5de5\u5177-LOGO-2.png","width":1800,"height":402,"caption":"MRCARTOOL"},"image":{"@id":"https:\/\/mrcartools.com\/#\/schema\/logo\/image\/"}}]}},"_links":{"self":[{"href":"https:\/\/mrcartools.com\/de\/wp-json\/wp\/v2\/product\/4366","targetHints":{"allow":["GET"]}}],"collection":[{"href":"https:\/\/mrcartools.com\/de\/wp-json\/wp\/v2\/product"}],"about":[{"href":"https:\/\/mrcartools.com\/de\/wp-json\/wp\/v2\/types\/product"}],"version-history":[{"count":0,"href":"https:\/\/mrcartools.com\/de\/wp-json\/wp\/v2\/product\/4366\/revisions"}],"wp:featuredmedia":[{"embeddable":true,"href":"https:\/\/mrcartools.com\/de\/wp-json\/wp\/v2\/media\/4367"}],"wp:attachment":[{"href":"https:\/\/mrcartools.com\/de\/wp-json\/wp\/v2\/media?parent=4366"}],"wp:term":[{"taxonomy":"product_brand","embeddable":true,"href":"https:\/\/mrcartools.com\/de\/wp-json\/wp\/v2\/product_brand?post=4366"},{"taxonomy":"product_cat","embeddable":true,"href":"https:\/\/mrcartools.com\/de\/wp-json\/wp\/v2\/product_cat?post=4366"},{"taxonomy":"product_tag","embeddable":true,"href":"https:\/\/mrcartools.com\/de\/wp-json\/wp\/v2\/product_tag?post=4366"}],"curies":[{"name":"wp","href":"https:\/\/api.w.org\/{rel}","templated":true}]}}