{"id":5574,"date":"2024-11-05T08:17:59","date_gmt":"2024-11-05T08:17:59","guid":{"rendered":"https:\/\/mrcartools.com\/?post_type=product&#038;p=5574"},"modified":"2025-07-22T03:02:06","modified_gmt":"2025-07-22T03:02:06","slug":"mr-cartool-obd-power-adapter-24v-to-12v","status":"publish","type":"product","link":"https:\/\/mrcartools.com\/de\/produkt\/mr-cartool-obd-power-adapter-24v-to-12v\/","title":{"rendered":"MRCARTOOL OBD-Stromadapter 24V auf 12V"},"content":{"rendered":"<section class=\"section\" id=\"section_1345933412\">\n\t\t<div class=\"section-bg fill\" >\n\t\t\t\t\t\t\t\t\t\n\t\t\t\n\n\t\t<\/div>\n\n\t\t\n\n\t\t<div class=\"section-content relative\">\n\t\t\t\n<h3><strong>MRCARTOOL OBD Power Adapter 24V auf 12V ist ein hocheffizientes Spannungsumwandlungswerkzeug, das ein 24V-Stromversorgungssystem in ein 12V-Stromversorgungssystem umwandelt. Es wird in verschiedenen Fahrzeugen mit einem 24V-Batteriesystem verwendet und bietet einen stabilen 12V-Ausgang, um den sicheren und effizienten Betrieb Ihrer OBD-II-Diagnosewerkzeuge, On-Board-Ger\u00e4te und anderer 12V-Ger\u00e4te sicherzustellen.<\/strong><\/h3>\n<div class=\"row\"  id=\"row-1982214468\">\n\n\t<div id=\"col-1016633932\" class=\"col small-12 large-12\"  >\n\t\t\t\t<div class=\"col-inner text-center\"  >\n\t\t\t\n\t\t\t\n\n\t<a class=\"plain\" href=\"https:\/\/api.whatsapp.com\/send\/?phone=%2B8618923768146&#038;text=onlinesupport\" target=\"_blank\" rel=\"noopener\" >\t<div class=\"icon-box featured-box icon-box-center text-center\"  >\n\t\t\t\t\t<div class=\"icon-box-img\" style=\"width: 54px\">\n\t\t\t\t<div class=\"icon\">\n\t\t\t\t\t<div class=\"icon-inner\" >\n\t\t\t\t\t\t<img decoding=\"async\" width=\"128\" height=\"128\" src=\"https:\/\/mrcartools.com\/wp-content\/uploads\/2022\/03\/\u5bfb\u627e\u641c\u7d22_333333_128_21559135.png\" class=\"attachment-medium size-medium wvs-archive-product-image\" alt=\"\" srcset=\"\/\/mrcartools.com\/wp-content\/uploads\/2022\/03\/\u5bfb\u627e\u641c\u7d22_333333_128_21559135.png 128w, \/\/mrcartools.com\/wp-content\/uploads\/2022\/03\/\u5bfb\u627e\u641c\u7d22_333333_128_21559135-100x100.png 100w, \/\/mrcartools.com\/wp-content\/uploads\/2022\/03\/\u5bfb\u627e\u641c\u7d22_333333_128_21559135-50x50.png 50w\" sizes=\"(max-width: 128px) 100vw, 128px\" \/>\t\t\t\t\t<\/div>\n\t\t\t\t<\/div>\n\t\t\t<\/div>\n\t\t\t\t<div class=\"icon-box-text last-reset\">\n\t\t\t\t\t\t\t\t\t\n\t<div id=\"text-3046993106\" class=\"text\">\n\t\t\n<h3><a href=\"https:\/\/api.whatsapp.com\/send\/?phone=%2B8618923768146&amp;text=onlinesupport\"><em><strong>Hilfe-Center<\/strong><\/em><\/a><\/h3>\n\t\t\n<style>\n#text-3046993106 {\n  font-size: 0.9rem;\n}\n<\/style>\n\t<\/div>\n\t\n\t\t<\/div>\n\t<\/div>\n\t<\/a>\n\t\n\t\t<\/div>\n\t\t\t\t\t<\/div>\n\n\t\n<\/div>\n<div class=\"accordion\">\n\t<div id=\"accordion-161140710\" class=\"accordion-item\">\n\t\t<a id=\"accordion-161140710-label\" class=\"accordion-title plain\" href=\"#accordion-item-\ud83d\udcddwarm-tips\" aria-expanded=\"false\" aria-controls=\"accordion-161140710-content\">\n\t\t\t<button class=\"toggle\" aria-label=\"Umschalten\"><i class=\"icon-angle-down\" aria-hidden=\"true\"><\/i><\/button>\n\t\t\t<span>\ud83d\udcddWarme Tipps<\/span>\n\t\t<\/a>\n\t\t<div id=\"accordion-161140710-content\" class=\"accordion-inner\" aria-labelledby=\"accordion-161140710-label\">\n\t\t\t\n<ul>\n<li><strong>Sorgen Sie f\u00fcr ordnungsgem\u00e4\u00dfe Anschl\u00fcsse:<\/strong> Schlie\u00dfen Sie die 24-Volt-Klemme an die Fahrzeugbatterie und die 12-Volt-Klemme an das 12-Volt-Ger\u00e4t an. Falsche Anschl\u00fcsse k\u00f6nnen zur Besch\u00e4digung des Ger\u00e4ts f\u00fchren oder verhindern, dass es ordnungsgem\u00e4\u00df funktioniert.<\/li>\n<li><strong>Vermeiden Sie eine \u00dcberlastung<\/strong> \u00dcberschreiten Sie nicht den Nennleistungsbereich des Adapters. Eine \u00dcberlastung kann zu \u00dcberhitzung, Kurzschluss oder Besch\u00e4digung des Adapters und der angeschlossenen Ger\u00e4te f\u00fchren.<\/li>\n<li><strong>Spannungsanpassung pr\u00fcfen<\/strong> Stellen Sie sicher, dass die Stromversorgung des Fahrzeugs 24 V betr\u00e4gt und dass das zu versorgende Ger\u00e4t 12 V unterst\u00fctzt. Eine falsche Spannungsanpassung kann die Ger\u00e4tefunktion beeintr\u00e4chtigen oder zu Fehlfunktionen f\u00fchren.<\/li>\n<li><strong>Vermeiden Sie Umgebungen mit hohen Temperaturen<\/strong> Vermeiden Sie es, den Adapter w\u00e4hrend des Gebrauchs hohen Temperaturen auszusetzen, z. B. durch Sonneneinstrahlung im Fahrzeug oder direkten Kontakt mit hei\u00dfen Gegenst\u00e4nden. Hohe Temperaturen k\u00f6nnen den normalen Betrieb des Adapters beeintr\u00e4chtigen oder dazu f\u00fchren, dass der \u00dcberhitzungsschutz aktiviert wird.<\/li>\n<\/ul>\n\t\t<\/div>\n\t<\/div>\n\t\n<\/div>\n\t\t<\/div>\n\n\t\t\n<style>\n#section_1345933412 {\n  padding-top: 0px;\n  padding-bottom: 0px;\n}\n<\/style>\n\t<\/section>\n\t\n\n\t<section class=\"section\" id=\"section_1139264051\">\n\t\t<div class=\"section-bg fill\" >\n\t\t\t\t\t\t\t\t\t\n\t\t\t\n\n\t\t<\/div>\n\n\t\t\n\n\t\t<div class=\"section-content relative\">\n\t\t\t\n<h3 style=\"text-align: center;\"><strong>MRCARTOOL OBD-Stromadapter 24V auf 12V<\/strong><\/h3>\n<div class=\"accordion\">\n\t<div id=\"accordion-1987832932\" class=\"accordion-item\">\n\t\t<a id=\"accordion-1987832932-label\" class=\"accordion-title plain active\" href=\"#accordion-item-features\" aria-expanded=\"true\" aria-controls=\"accordion-1987832932-content\">\n\t\t\t<button class=\"toggle\" aria-label=\"Umschalten\"><i class=\"icon-angle-down\" aria-hidden=\"true\"><\/i><\/button>\n\t\t\t<span>Eigenschaften<\/span>\n\t\t<\/a>\n\t\t<div id=\"accordion-1987832932-content\" class=\"accordion-inner\" style=\"display: block;\" aria-labelledby=\"accordion-1987832932-label\">\n\t\t\t\n<ul>\n<li><strong>Vielseitige Kompatibilit\u00e4t:<\/strong> Dieser Adapter wandelt 24-Volt-Strom in 12-Volt-Strom um, ideal f\u00fcr OBD-II-Diagnosetools, Ger\u00e4te im Fahrzeug und andere 12-Volt-Ger\u00e4te, geeignet f\u00fcr alle 24-Volt-Fahrzeuge, einschlie\u00dflich gro\u00dfer Lastwagen und Nutzfahrzeuge.<\/li>\n<li><strong>Stabiler Spannungsausgang:<\/strong> Der MRCARTOOL OBD-Adapter liefert zuverl\u00e4ssige 12 V und sch\u00fctzt so vor Spannungsschwankungen und m\u00f6glichen Sch\u00e4den.<\/li>\n<li><strong>Einfache Installation:<\/strong> Plug-and-Play, unterst\u00fctzt Plug-and-Play-Design, bequem und schnell, keine Notwendigkeit f\u00fcr komplizierte Installationsschritte.<\/li>\n<li><strong>Effizienter Schutz:<\/strong> Integrierte \u00dcberlast-, \u00dcberspannungs- und \u00dcberhitzungsschutzvorrichtungen verhindern, dass das Ger\u00e4t durch Spannungsschwankungen besch\u00e4digt wird, und verl\u00e4ngern seine Lebensdauer.<\/li>\n<li><strong>Kompakt und leicht\uff1a<\/strong>Das kompakte Design und die Verwendung hochwertiger Materialien gew\u00e4hrleisten eine langfristige Stabilit\u00e4t in komplexen Umgebungen.<\/li>\n<li><strong>Kundendienst:<\/strong> MRCARTOOL bietet eine 48-monatige Garantie und 7\u00d724 Stunden freundlichen Kundenservice, um Ihr Einkaufserlebnis zu gew\u00e4hrleisten. Wenn Sie Fragen zu EVAP-Leck-Detektoren haben, kontaktieren Sie uns bitte direkt.<\/li>\n<\/ul>\n<div class=\"flex-shrink-0 flex flex-col relative items-end\">\n<div><\/div>\n<\/div>\n\t\t<\/div>\n\t<\/div>\n\t\n<\/div>\n\t\t<\/div>\n\n\t\t\n<style>\n#section_1139264051 {\n  padding-top: 30px;\n  padding-bottom: 30px;\n}\n<\/style>\n\t<\/section>\n\t\n<div class=\"row\"  id=\"row-1972062061\">\n\n\t<div id=\"col-1876586416\" class=\"col medium-6 small-12 large-6\"  >\n\t\t\t\t<div class=\"col-inner\"  >\n\t\t\t\n\t\t\t\n\t<div class=\"img has-hover x md-x lg-x y md-y lg-y\" id=\"image_381806904\">\n\t\t\t\t\t\t\t\t<div class=\"img-inner dark\" >\n\t\t\t<img fetchpriority=\"high\" decoding=\"async\" width=\"1200\" height=\"1200\" src=\"https:\/\/mrcartools.com\/wp-content\/uploads\/2024\/11\/1-3.jpg\" class=\"attachment-original size-original wvs-archive-product-image\" alt=\"\" srcset=\"\/\/mrcartools.com\/wp-content\/uploads\/2024\/11\/1-3.jpg 1200w, \/\/mrcartools.com\/wp-content\/uploads\/2024\/11\/1-3-253x253.jpg 253w, \/\/mrcartools.com\/wp-content\/uploads\/2024\/11\/1-3-100x100.jpg 100w, \/\/mrcartools.com\/wp-content\/uploads\/2024\/11\/1-3-510x510.jpg 510w, \/\/mrcartools.com\/wp-content\/uploads\/2024\/11\/1-3-150x150.jpg 150w, \/\/mrcartools.com\/wp-content\/uploads\/2024\/11\/1-3-768x768.jpg 768w, \/\/mrcartools.com\/wp-content\/uploads\/2024\/11\/1-3-50x50.jpg 50w\" sizes=\"(max-width: 1200px) 100vw, 1200px\" \/>\t\t\t\t\t\t\n\t\t\t\t\t<\/div>\n\t\t\t\t\t\t\t\t\n<style>\n#image_381806904 {\n  width: 100%;\n}\n<\/style>\n\t<\/div>\n\t\n\t\t<\/div>\n\t\t\t\t\t<\/div>\n\n\t\n\n\t<div id=\"col-1773264875\" class=\"col medium-6 small-12 large-6\"  >\n\t\t\t\t<div class=\"col-inner\"  >\n\t\t\t\n\t\t\t\n\t<div class=\"img has-hover x md-x lg-x y md-y lg-y\" id=\"image_1124207084\">\n\t\t\t\t\t\t\t\t<div class=\"img-inner dark\" >\n\t\t\t<img decoding=\"async\" width=\"1200\" height=\"1200\" src=\"https:\/\/mrcartools.com\/wp-content\/uploads\/2024\/11\/2-3.jpg\" class=\"attachment-original size-original wvs-archive-product-image\" alt=\"\" srcset=\"\/\/mrcartools.com\/wp-content\/uploads\/2024\/11\/2-3.jpg 1200w, \/\/mrcartools.com\/wp-content\/uploads\/2024\/11\/2-3-253x253.jpg 253w, \/\/mrcartools.com\/wp-content\/uploads\/2024\/11\/2-3-100x100.jpg 100w, \/\/mrcartools.com\/wp-content\/uploads\/2024\/11\/2-3-510x510.jpg 510w, \/\/mrcartools.com\/wp-content\/uploads\/2024\/11\/2-3-150x150.jpg 150w, \/\/mrcartools.com\/wp-content\/uploads\/2024\/11\/2-3-768x768.jpg 768w, \/\/mrcartools.com\/wp-content\/uploads\/2024\/11\/2-3-50x50.jpg 50w\" sizes=\"(max-width: 1200px) 100vw, 1200px\" \/>\t\t\t\t\t\t\n\t\t\t\t\t<\/div>\n\t\t\t\t\t\t\t\t\n<style>\n#image_1124207084 {\n  width: 100%;\n}\n<\/style>\n\t<\/div>\n\t\n\t\t<\/div>\n\t\t\t\t\t<\/div>\n\n\t\n<\/div>\n<div class=\"row\"  id=\"row-667349445\">\n\n\t<div id=\"col-1831308267\" class=\"col medium-6 small-12 large-6\"  >\n\t\t\t\t<div class=\"col-inner\"  >\n\t\t\t\n\t\t\t\n\t<div class=\"img has-hover x md-x lg-x y md-y lg-y\" id=\"image_1829853282\">\n\t\t\t\t\t\t\t\t<div class=\"img-inner dark\" >\n\t\t\t<img loading=\"lazy\" decoding=\"async\" width=\"1200\" height=\"1200\" src=\"https:\/\/mrcartools.com\/wp-content\/uploads\/2024\/11\/3-3.jpg\" class=\"attachment-original size-original wvs-archive-product-image\" alt=\"\" srcset=\"\/\/mrcartools.com\/wp-content\/uploads\/2024\/11\/3-3.jpg 1200w, \/\/mrcartools.com\/wp-content\/uploads\/2024\/11\/3-3-253x253.jpg 253w, \/\/mrcartools.com\/wp-content\/uploads\/2024\/11\/3-3-100x100.jpg 100w, \/\/mrcartools.com\/wp-content\/uploads\/2024\/11\/3-3-510x510.jpg 510w, \/\/mrcartools.com\/wp-content\/uploads\/2024\/11\/3-3-150x150.jpg 150w, \/\/mrcartools.com\/wp-content\/uploads\/2024\/11\/3-3-768x768.jpg 768w, \/\/mrcartools.com\/wp-content\/uploads\/2024\/11\/3-3-50x50.jpg 50w\" sizes=\"(max-width: 1200px) 100vw, 1200px\" \/>\t\t\t\t\t\t\n\t\t\t\t\t<\/div>\n\t\t\t\t\t\t\t\t\n<style>\n#image_1829853282 {\n  width: 100%;\n}\n<\/style>\n\t<\/div>\n\t\n\t\t<\/div>\n\t\t\t\t\t<\/div>\n\n\t\n\n\t<div id=\"col-1961553046\" class=\"col medium-6 small-12 large-6\"  >\n\t\t\t\t<div class=\"col-inner\"  >\n\t\t\t\n\t\t\t\n\t<div class=\"img has-hover x md-x lg-x y md-y lg-y\" id=\"image_1966013478\">\n\t\t\t\t\t\t\t\t<div class=\"img-inner dark\" >\n\t\t\t<img loading=\"lazy\" decoding=\"async\" width=\"1200\" height=\"1200\" src=\"https:\/\/mrcartools.com\/wp-content\/uploads\/2024\/11\/4-3.jpg\" class=\"attachment-original size-original wvs-archive-product-image\" alt=\"\" srcset=\"\/\/mrcartools.com\/wp-content\/uploads\/2024\/11\/4-3.jpg 1200w, \/\/mrcartools.com\/wp-content\/uploads\/2024\/11\/4-3-253x253.jpg 253w, \/\/mrcartools.com\/wp-content\/uploads\/2024\/11\/4-3-100x100.jpg 100w, \/\/mrcartools.com\/wp-content\/uploads\/2024\/11\/4-3-510x510.jpg 510w, \/\/mrcartools.com\/wp-content\/uploads\/2024\/11\/4-3-150x150.jpg 150w, \/\/mrcartools.com\/wp-content\/uploads\/2024\/11\/4-3-768x768.jpg 768w, \/\/mrcartools.com\/wp-content\/uploads\/2024\/11\/4-3-50x50.jpg 50w\" sizes=\"(max-width: 1200px) 100vw, 1200px\" \/>\t\t\t\t\t\t\n\t\t\t\t\t<\/div>\n\t\t\t\t\t\t\t\t\n<style>\n#image_1966013478 {\n  width: 100%;\n}\n<\/style>\n\t<\/div>\n\t\n\t\t<\/div>\n\t\t\t\t\t<\/div>\n\n\t\n<\/div>\n<div class=\"row\"  id=\"row-1060141752\">\n\n\t<div id=\"col-609494884\" class=\"col medium-6 small-12 large-6\"  >\n\t\t\t\t<div class=\"col-inner\"  >\n\t\t\t\n\t\t\t\n\t<div class=\"img has-hover x md-x lg-x y md-y lg-y\" id=\"image_1280229528\">\n\t\t\t\t\t\t\t\t<div class=\"img-inner dark\" >\n\t\t\t<img loading=\"lazy\" decoding=\"async\" width=\"1200\" height=\"1200\" src=\"https:\/\/mrcartools.com\/wp-content\/uploads\/2024\/11\/5-3.jpg\" class=\"attachment-original size-original wvs-archive-product-image\" alt=\"\" srcset=\"\/\/mrcartools.com\/wp-content\/uploads\/2024\/11\/5-3.jpg 1200w, \/\/mrcartools.com\/wp-content\/uploads\/2024\/11\/5-3-253x253.jpg 253w, \/\/mrcartools.com\/wp-content\/uploads\/2024\/11\/5-3-100x100.jpg 100w, \/\/mrcartools.com\/wp-content\/uploads\/2024\/11\/5-3-510x510.jpg 510w, \/\/mrcartools.com\/wp-content\/uploads\/2024\/11\/5-3-150x150.jpg 150w, \/\/mrcartools.com\/wp-content\/uploads\/2024\/11\/5-3-768x768.jpg 768w, \/\/mrcartools.com\/wp-content\/uploads\/2024\/11\/5-3-50x50.jpg 50w\" sizes=\"(max-width: 1200px) 100vw, 1200px\" \/>\t\t\t\t\t\t\n\t\t\t\t\t<\/div>\n\t\t\t\t\t\t\t\t\n<style>\n#image_1280229528 {\n  width: 100%;\n}\n<\/style>\n\t<\/div>\n\t\n\t\t<\/div>\n\t\t\t\t\t<\/div>\n\n\t\n\n\t<div id=\"col-1253330295\" class=\"col medium-6 small-12 large-6\"  >\n\t\t\t\t<div class=\"col-inner\"  >\n\t\t\t\n\t\t\t\n\t<div class=\"img has-hover x md-x lg-x y md-y lg-y\" id=\"image_917359622\">\n\t\t\t\t\t\t\t\t<div class=\"img-inner dark\" >\n\t\t\t<img loading=\"lazy\" decoding=\"async\" width=\"1200\" height=\"1200\" src=\"https:\/\/mrcartools.com\/wp-content\/uploads\/2024\/11\/6-3.jpg\" class=\"attachment-original size-original wvs-archive-product-image\" alt=\"\" srcset=\"\/\/mrcartools.com\/wp-content\/uploads\/2024\/11\/6-3.jpg 1200w, \/\/mrcartools.com\/wp-content\/uploads\/2024\/11\/6-3-253x253.jpg 253w, \/\/mrcartools.com\/wp-content\/uploads\/2024\/11\/6-3-100x100.jpg 100w, \/\/mrcartools.com\/wp-content\/uploads\/2024\/11\/6-3-510x510.jpg 510w, \/\/mrcartools.com\/wp-content\/uploads\/2024\/11\/6-3-150x150.jpg 150w, \/\/mrcartools.com\/wp-content\/uploads\/2024\/11\/6-3-768x768.jpg 768w, \/\/mrcartools.com\/wp-content\/uploads\/2024\/11\/6-3-50x50.jpg 50w\" sizes=\"(max-width: 1200px) 100vw, 1200px\" \/>\t\t\t\t\t\t\n\t\t\t\t\t<\/div>\n\t\t\t\t\t\t\t\t\n<style>\n#image_917359622 {\n  width: 100%;\n}\n<\/style>\n\t<\/div>\n\t\n\t\t<\/div>\n\t\t\t\t\t<\/div>\n\n\t\n<\/div>","protected":false},"excerpt":{"rendered":"<ul>\n<li><strong>Breite Anwendbarkeit:<\/strong> f\u00fcr alle Fahrzeuge mit 24V-Batteriesystem geeignet, kompatibel mit verschiedenen 12V-Ger\u00e4ten.<\/li>\n<li><strong>Sch\u00fctzen Sie Ihr Ger\u00e4t<\/strong>: Der Adapter sorgt daf\u00fcr, dass Ihr Ger\u00e4t mit einer stabilen 12-V-Spannung versorgt wird, um Sch\u00e4den durch \u00dcber- oder Unterspannung zu vermeiden.<\/li>\n<li><strong>Kundendienst:<\/strong>\u00a048 Monate Garantie und 7\u00d724 Stunden freundlicher Kundendienst, um Ihr Einkaufserlebnis zu gew\u00e4hrleisten.<a href=\"https:\/\/api.whatsapp.com\/send\/?phone=%2B8618923768146&amp;text=onlinesupport\"><strong>Onlie-Unterst\u00fctzung&gt;&gt;<\/strong><\/a><\/li>\n<\/ul>","protected":false},"featured_media":5595,"template":"","meta":[],"product_brand":[],"product_cat":[117],"product_tag":[],"class_list":{"0":"post-5574","1":"product","2":"type-product","3":"status-publish","4":"has-post-thumbnail","6":"product_cat-obd-cables-connectors","8":"first","9":"instock","10":"shipping-taxable","11":"product-type-variable","12":"wvs-archive-product-wrapper"},"yoast_head":"<!-- This site is optimized with the Yoast SEO Premium plugin v24.4 (Yoast SEO v24.4) - https:\/\/yoast.com\/wordpress\/plugins\/seo\/ -->\n<title>MRCARTOOL OBD Power Adapter 24V to 12V - Mrcartool<\/title>\n<meta name=\"description\" content=\"MRCARTOOL OBD power adapter is widely used in large trucks, commercial vehicles and other vehicles with 24V battery system, providing stable 12V output.\" \/>\n<meta name=\"robots\" content=\"index, follow, max-snippet:-1, max-image-preview:large, max-video-preview:-1\" \/>\n<link rel=\"canonical\" href=\"https:\/\/mrcartools.com\/de\/produkt\/mr-cartool-obd-power-adapter-24v-to-12v\/\" \/>\n<meta property=\"og:locale\" content=\"de_DE\" \/>\n<meta property=\"og:type\" content=\"article\" \/>\n<meta property=\"og:title\" content=\"MRCARTOOL OBD Power Adapter 24V to 12V\" \/>\n<meta property=\"og:description\" content=\"MRCARTOOL OBD power adapter is widely used in large trucks, commercial vehicles and other vehicles with 24V battery system, providing stable 12V output.\" \/>\n<meta property=\"og:url\" content=\"https:\/\/mrcartools.com\/de\/produkt\/mr-cartool-obd-power-adapter-24v-to-12v\/\" \/>\n<meta property=\"og:site_name\" content=\"Mrcartool\" \/>\n<meta property=\"article:modified_time\" content=\"2025-07-22T03:02:06+00:00\" \/>\n<meta property=\"og:image\" content=\"https:\/\/mrcartools.com\/wp-content\/uploads\/2024\/11\/1-1.jpg\" \/>\n\t<meta property=\"og:image:width\" content=\"1500\" \/>\n\t<meta property=\"og:image:height\" content=\"1500\" \/>\n\t<meta property=\"og:image:type\" content=\"image\/jpeg\" \/>\n<meta name=\"twitter:card\" content=\"summary_large_image\" \/>\n<meta name=\"twitter:label1\" content=\"Gesch\u00e4tzte Lesezeit\" \/>\n\t<meta name=\"twitter:data1\" content=\"3\u00a0Minuten\" \/>\n<script type=\"application\/ld+json\" class=\"yoast-schema-graph\">{\"@context\":\"https:\/\/schema.org\",\"@graph\":[{\"@type\":\"WebPage\",\"@id\":\"https:\/\/mrcartools.com\/product\/mr-cartool-obd-power-adapter-24v-to-12v\/\",\"url\":\"https:\/\/mrcartools.com\/product\/mr-cartool-obd-power-adapter-24v-to-12v\/\",\"name\":\"MRCARTOOL OBD Power Adapter 24V to 12V - Mrcartool\",\"isPartOf\":{\"@id\":\"https:\/\/mrcartools.com\/#website\"},\"primaryImageOfPage\":{\"@id\":\"https:\/\/mrcartools.com\/product\/mr-cartool-obd-power-adapter-24v-to-12v\/#primaryimage\"},\"image\":{\"@id\":\"https:\/\/mrcartools.com\/product\/mr-cartool-obd-power-adapter-24v-to-12v\/#primaryimage\"},\"thumbnailUrl\":\"https:\/\/mrcartools.com\/wp-content\/uploads\/2024\/11\/1-1.jpg\",\"datePublished\":\"2024-11-05T08:17:59+00:00\",\"dateModified\":\"2025-07-22T03:02:06+00:00\",\"description\":\"MRCARTOOL OBD power adapter is widely used in large trucks, commercial vehicles and other vehicles with 24V battery system, providing stable 12V output.\",\"breadcrumb\":{\"@id\":\"https:\/\/mrcartools.com\/product\/mr-cartool-obd-power-adapter-24v-to-12v\/#breadcrumb\"},\"inLanguage\":\"de\",\"potentialAction\":[{\"@type\":\"ReadAction\",\"target\":[\"https:\/\/mrcartools.com\/product\/mr-cartool-obd-power-adapter-24v-to-12v\/\"]}]},{\"@type\":\"ImageObject\",\"inLanguage\":\"de\",\"@id\":\"https:\/\/mrcartools.com\/product\/mr-cartool-obd-power-adapter-24v-to-12v\/#primaryimage\",\"url\":\"https:\/\/mrcartools.com\/wp-content\/uploads\/2024\/11\/1-1.jpg\",\"contentUrl\":\"https:\/\/mrcartools.com\/wp-content\/uploads\/2024\/11\/1-1.jpg\",\"width\":1500,\"height\":1500},{\"@type\":\"BreadcrumbList\",\"@id\":\"https:\/\/mrcartools.com\/product\/mr-cartool-obd-power-adapter-24v-to-12v\/#breadcrumb\",\"itemListElement\":[{\"@type\":\"ListItem\",\"position\":1,\"name\":\"Home\",\"item\":\"https:\/\/mrcartools.com\/\"},{\"@type\":\"ListItem\",\"position\":2,\"name\":\"Shop\",\"item\":\"https:\/\/mrcartools.com\/shop-2\/\"},{\"@type\":\"ListItem\",\"position\":3,\"name\":\"MRCARTOOL OBD Power Adapter 24V to 12V\"}]},{\"@type\":\"WebSite\",\"@id\":\"https:\/\/mrcartools.com\/#website\",\"url\":\"https:\/\/mrcartools.com\/\",\"name\":\"MRCARTOOL\",\"description\":\"MRCARTOOL Official Website\",\"publisher\":{\"@id\":\"https:\/\/mrcartools.com\/#organization\"},\"potentialAction\":[{\"@type\":\"SearchAction\",\"target\":{\"@type\":\"EntryPoint\",\"urlTemplate\":\"https:\/\/mrcartools.com\/?s={search_term_string}\"},\"query-input\":{\"@type\":\"PropertyValueSpecification\",\"valueRequired\":true,\"valueName\":\"search_term_string\"}}],\"inLanguage\":\"de\"},{\"@type\":\"Organization\",\"@id\":\"https:\/\/mrcartools.com\/#organization\",\"name\":\"MRCARTOOL\",\"url\":\"https:\/\/mrcartools.com\/\",\"logo\":{\"@type\":\"ImageObject\",\"inLanguage\":\"de\",\"@id\":\"https:\/\/mrcartools.com\/#\/schema\/logo\/image\/\",\"url\":\"https:\/\/mrcartools.com\/wp-content\/uploads\/2023\/07\/\u4e0a\u4f73\u6c7d\u8f66\u5de5\u5177-LOGO-2.png\",\"contentUrl\":\"https:\/\/mrcartools.com\/wp-content\/uploads\/2023\/07\/\u4e0a\u4f73\u6c7d\u8f66\u5de5\u5177-LOGO-2.png\",\"width\":1800,\"height\":402,\"caption\":\"MRCARTOOL\"},\"image\":{\"@id\":\"https:\/\/mrcartools.com\/#\/schema\/logo\/image\/\"}}]}<\/script>\n<!-- \/ Yoast SEO Premium plugin. -->","yoast_head_json":{"title":"MRCARTOOL OBD Power Adapter 24V to 12V - Mrcartool","description":"MRCARTOOL OBD power adapter is widely used in large trucks, commercial vehicles and other vehicles with 24V battery system, providing stable 12V output.","robots":{"index":"index","follow":"follow","max-snippet":"max-snippet:-1","max-image-preview":"max-image-preview:large","max-video-preview":"max-video-preview:-1"},"canonical":"https:\/\/mrcartools.com\/de\/produkt\/mr-cartool-obd-power-adapter-24v-to-12v\/","og_locale":"de_DE","og_type":"article","og_title":"MRCARTOOL OBD Power Adapter 24V to 12V","og_description":"MRCARTOOL OBD power adapter is widely used in large trucks, commercial vehicles and other vehicles with 24V battery system, providing stable 12V output.","og_url":"https:\/\/mrcartools.com\/de\/produkt\/mr-cartool-obd-power-adapter-24v-to-12v\/","og_site_name":"Mrcartool","article_modified_time":"2025-07-22T03:02:06+00:00","og_image":[{"width":1500,"height":1500,"url":"https:\/\/mrcartools.com\/wp-content\/uploads\/2024\/11\/1-1.jpg","type":"image\/jpeg"}],"twitter_card":"summary_large_image","twitter_misc":{"Gesch\u00e4tzte Lesezeit":"3\u00a0Minuten"},"schema":{"@context":"https:\/\/schema.org","@graph":[{"@type":"WebPage","@id":"https:\/\/mrcartools.com\/product\/mr-cartool-obd-power-adapter-24v-to-12v\/","url":"https:\/\/mrcartools.com\/product\/mr-cartool-obd-power-adapter-24v-to-12v\/","name":"MRCARTOOL OBD Power Adapter 24V to 12V - Mrcartool","isPartOf":{"@id":"https:\/\/mrcartools.com\/#website"},"primaryImageOfPage":{"@id":"https:\/\/mrcartools.com\/product\/mr-cartool-obd-power-adapter-24v-to-12v\/#primaryimage"},"image":{"@id":"https:\/\/mrcartools.com\/product\/mr-cartool-obd-power-adapter-24v-to-12v\/#primaryimage"},"thumbnailUrl":"https:\/\/mrcartools.com\/wp-content\/uploads\/2024\/11\/1-1.jpg","datePublished":"2024-11-05T08:17:59+00:00","dateModified":"2025-07-22T03:02:06+00:00","description":"MRCARTOOL OBD power adapter is widely used in large trucks, commercial vehicles and other vehicles with 24V battery system, providing stable 12V output.","breadcrumb":{"@id":"https:\/\/mrcartools.com\/product\/mr-cartool-obd-power-adapter-24v-to-12v\/#breadcrumb"},"inLanguage":"de","potentialAction":[{"@type":"ReadAction","target":["https:\/\/mrcartools.com\/product\/mr-cartool-obd-power-adapter-24v-to-12v\/"]}]},{"@type":"ImageObject","inLanguage":"de","@id":"https:\/\/mrcartools.com\/product\/mr-cartool-obd-power-adapter-24v-to-12v\/#primaryimage","url":"https:\/\/mrcartools.com\/wp-content\/uploads\/2024\/11\/1-1.jpg","contentUrl":"https:\/\/mrcartools.com\/wp-content\/uploads\/2024\/11\/1-1.jpg","width":1500,"height":1500},{"@type":"BreadcrumbList","@id":"https:\/\/mrcartools.com\/product\/mr-cartool-obd-power-adapter-24v-to-12v\/#breadcrumb","itemListElement":[{"@type":"ListItem","position":1,"name":"Home","item":"https:\/\/mrcartools.com\/"},{"@type":"ListItem","position":2,"name":"Shop","item":"https:\/\/mrcartools.com\/shop-2\/"},{"@type":"ListItem","position":3,"name":"MRCARTOOL OBD Power Adapter 24V to 12V"}]},{"@type":"WebSite","@id":"https:\/\/mrcartools.com\/#website","url":"https:\/\/mrcartools.com\/","name":"MRCARTOOL","description":"MRCARTOOL Offizielle Website","publisher":{"@id":"https:\/\/mrcartools.com\/#organization"},"potentialAction":[{"@type":"SearchAction","target":{"@type":"EntryPoint","urlTemplate":"https:\/\/mrcartools.com\/?s={search_term_string}"},"query-input":{"@type":"PropertyValueSpecification","valueRequired":true,"valueName":"search_term_string"}}],"inLanguage":"de"},{"@type":"Organization","@id":"https:\/\/mrcartools.com\/#organization","name":"MRCARTOOL","url":"https:\/\/mrcartools.com\/","logo":{"@type":"ImageObject","inLanguage":"de","@id":"https:\/\/mrcartools.com\/#\/schema\/logo\/image\/","url":"https:\/\/mrcartools.com\/wp-content\/uploads\/2023\/07\/\u4e0a\u4f73\u6c7d\u8f66\u5de5\u5177-LOGO-2.png","contentUrl":"https:\/\/mrcartools.com\/wp-content\/uploads\/2023\/07\/\u4e0a\u4f73\u6c7d\u8f66\u5de5\u5177-LOGO-2.png","width":1800,"height":402,"caption":"MRCARTOOL"},"image":{"@id":"https:\/\/mrcartools.com\/#\/schema\/logo\/image\/"}}]}},"_links":{"self":[{"href":"https:\/\/mrcartools.com\/de\/wp-json\/wp\/v2\/product\/5574","targetHints":{"allow":["GET"]}}],"collection":[{"href":"https:\/\/mrcartools.com\/de\/wp-json\/wp\/v2\/product"}],"about":[{"href":"https:\/\/mrcartools.com\/de\/wp-json\/wp\/v2\/types\/product"}],"version-history":[{"count":0,"href":"https:\/\/mrcartools.com\/de\/wp-json\/wp\/v2\/product\/5574\/revisions"}],"wp:featuredmedia":[{"embeddable":true,"href":"https:\/\/mrcartools.com\/de\/wp-json\/wp\/v2\/media\/5595"}],"wp:attachment":[{"href":"https:\/\/mrcartools.com\/de\/wp-json\/wp\/v2\/media?parent=5574"}],"wp:term":[{"taxonomy":"product_brand","embeddable":true,"href":"https:\/\/mrcartools.com\/de\/wp-json\/wp\/v2\/product_brand?post=5574"},{"taxonomy":"product_cat","embeddable":true,"href":"https:\/\/mrcartools.com\/de\/wp-json\/wp\/v2\/product_cat?post=5574"},{"taxonomy":"product_tag","embeddable":true,"href":"https:\/\/mrcartools.com\/de\/wp-json\/wp\/v2\/product_tag?post=5574"}],"curies":[{"name":"wp","href":"https:\/\/api.w.org\/{rel}","templated":true}]}}