{"id":8214,"date":"2025-03-11T03:35:07","date_gmt":"2025-03-11T03:35:07","guid":{"rendered":"https:\/\/mrcartools.com\/?post_type=product&#038;p=8214"},"modified":"2025-03-11T06:06:54","modified_gmt":"2025-03-11T06:06:54","slug":"ford-timing-tool-kit-ford-camshaft-holding-tool","status":"publish","type":"product","link":"https:\/\/mrcartools.com\/de\/produkt\/ford-timing-tool-kit-ford-camshaft-holding-tool\/","title":{"rendered":"Ford Timing Tool Kit Ford Nockenwellenhaltewerkzeug"},"content":{"rendered":"<section class=\"section\" id=\"section_667633574\">\n\t\t<div class=\"section-bg fill\" >\n\t\t\t\t\t\t\t\t\t\n\t\t\t\n\n\t\t<\/div>\n\n\t\t\n\n\t\t<div class=\"section-content relative\">\n\t\t\t\n<div class=\"row\"  id=\"row-2039476432\">\n<p hidden=\"\">K\u00fchlmittel-Vakuum-Nachf\u00fcllset<\/p>\n\n\t<div id=\"col-693696494\" class=\"col small-12 large-12\"  >\n\t\t\t\t<div class=\"col-inner\"  >\n\t\t\t\n\t\t\t\n<h3><strong style=\"font-size: 20.16px; color: #333333;\">Ford Timing Tool Kit werden verwendet, um die genaue Installation und Einstellung des Motorsteuerungssystems zu gew\u00e4hrleisten. Das Steuersystem ist das Herzst\u00fcck des Motors, das sich direkt auf die Leistungsabgabe, die Kraftstoffeffizienz und die Betriebsstabilit\u00e4t auswirkt.<\/strong><\/h3>\n<div class=\"_segment_11wth_1\">\n<div class=\"_content_zpgxp_1\">\n<h3 class=\"_markdown_hsyph_1\"><strong>Mit dem Ford Nockenwellen-Haltewerkzeug k\u00f6nnen Sie den Zahnriemen oder die Kette leicht austauschen und ausrichten und so Motorsch\u00e4den durch Steuerfehler, wie z. B. Kolben-Ventil-Kollisionen und andere ernsthafte Probleme, vermeiden. Es ist die beste Wahl f\u00fcr Werkst\u00e4tten.<\/strong><\/h3>\n<\/div>\n<\/div>\n<div class=\"detailmodule_image\">\n<div class=\"row\"  id=\"row-1938674222\">\n\n\t<div id=\"col-1317223089\" class=\"col small-12 large-12\"  >\n\t\t\t\t<div class=\"col-inner\"  >\n\t\t\t\n\t\t\t\n\n\t<a class=\"plain\" href=\"https:\/\/api.whatsapp.com\/send\/?phone=%2B8618923768146&#038;text=onlinesupport\" target=\"_blank\" rel=\"noopener\" >\t<div class=\"icon-box featured-box icon-box-center text-center\"  >\n\t\t\t\t\t<div class=\"icon-box-img\" style=\"width: 54px\">\n\t\t\t\t<div class=\"icon\">\n\t\t\t\t\t<div class=\"icon-inner\" >\n\t\t\t\t\t\t<img decoding=\"async\" width=\"128\" height=\"128\" src=\"https:\/\/mrcartools.com\/wp-content\/uploads\/2022\/03\/\u5bfb\u627e\u641c\u7d22_333333_128_21559135.png\" class=\"attachment-medium size-medium wvs-archive-product-image\" alt=\"\" srcset=\"\/\/mrcartools.com\/wp-content\/uploads\/2022\/03\/\u5bfb\u627e\u641c\u7d22_333333_128_21559135.png 128w, \/\/mrcartools.com\/wp-content\/uploads\/2022\/03\/\u5bfb\u627e\u641c\u7d22_333333_128_21559135-100x100.png 100w, \/\/mrcartools.com\/wp-content\/uploads\/2022\/03\/\u5bfb\u627e\u641c\u7d22_333333_128_21559135-50x50.png 50w\" sizes=\"(max-width: 128px) 100vw, 128px\" \/>\t\t\t\t\t<\/div>\n\t\t\t\t<\/div>\n\t\t\t<\/div>\n\t\t\t\t<div class=\"icon-box-text last-reset\">\n\t\t\t\t\t\t\t\t\t\n\t<div id=\"text-2696566686\" class=\"text\">\n\t\t\n<h3><a href=\"https:\/\/api.whatsapp.com\/send\/?phone=%2B8618923768146&amp;text=onlinesupport\"><em><strong>Hilfe-Center<\/strong><\/em><\/a><\/h3>\n\t\t\n<style>\n#text-2696566686 {\n  font-size: 0.9rem;\n}\n<\/style>\n\t<\/div>\n\t\n\t\t<\/div>\n\t<\/div>\n\t<\/a>\n\t\n\t\t<\/div>\n\t\t\t\t\t<\/div>\n\n\t\n<\/div>\n<div class=\"accordion\">\n\t<div id=\"accordion-1961584479\" class=\"accordion-item\">\n\t\t<a id=\"accordion-1961584479-label\" class=\"accordion-title plain active\" href=\"#accordion-item-\ud83d\udcddwarm-tips\" aria-expanded=\"true\" aria-controls=\"accordion-1961584479-content\">\n\t\t\t<button class=\"toggle\" aria-label=\"Umschalten\"><i class=\"icon-angle-down\" aria-hidden=\"true\"><\/i><\/button>\n\t\t\t<span>\ud83d\udcddWarme Tipps<\/span>\n\t\t<\/a>\n\t\t<div id=\"accordion-1961584479-content\" class=\"accordion-inner\" style=\"display: block;\" aria-labelledby=\"accordion-1961584479-label\">\n\t\t\t\n<ul>\n<li>Stellen Sie sicher, dass das Werkzeug f\u00fcr Ihr Motormodell geeignet ist, um Inkompatibilit\u00e4tsprobleme zu vermeiden.<\/li>\n<li>Stellen Sie sicher, dass der Motorraum sauber ist, damit kein Staub eindringen kann.<\/li>\n<li>Klemmen Sie den Minuspol der Batterie vor dem Betrieb ab, um ein versehentliches Starten zu vermeiden.<\/li>\n<li>Demontieren Sie das Ger\u00e4t Schritt f\u00fcr Schritt gem\u00e4\u00df der Anleitung, um Vers\u00e4umnisse oder Fehler zu vermeiden.<\/li>\n<\/ul>\n\t\t<\/div>\n\t<\/div>\n\t\n<\/div>\n\t\t<\/div>\n\t\t\t\t\t<\/div>\n\n\t\n<\/div>\n\t\t<\/div>\n\n\t\t\n<style>\n#section_667633574 {\n  padding-top: 0px;\n  padding-bottom: 0px;\n}\n<\/style>\n\t<\/section>\n\t\n<h3 style=\"text-align: center;\"><b>MRCARTOOL Ford Timing Tool Kit Merkmale<\/b><\/h3>\n<div class=\"accordion\">\n\t<div id=\"accordion-3715421656\" class=\"accordion-item\">\n\t\t<a id=\"accordion-3715421656-label\" class=\"accordion-title plain active\" href=\"#accordion-item-features\" aria-expanded=\"true\" aria-controls=\"accordion-3715421656-content\">\n\t\t\t<button class=\"toggle\" aria-label=\"Umschalten\"><i class=\"icon-angle-down\" aria-hidden=\"true\"><\/i><\/button>\n\t\t\t<span>Eigenschaften<\/span>\n\t\t<\/a>\n\t\t<div id=\"accordion-3715421656-content\" class=\"accordion-inner\" style=\"display: block;\" aria-labelledby=\"accordion-3715421656-label\">\n\t\t\t\n<ul>\n<li>\n<div><strong>Pr\u00e4zise Positionierung:<\/strong> Das Ford Nockenwellen-Haltewerkzeug wurde speziell f\u00fcr Ford-Motoren entwickelt, um die exakte Position von Nocken- und Kurbelwelle zu gew\u00e4hrleisten und eine perfekte Abstimmung des Steuerungssystems zu garantieren.<\/div>\n<\/li>\n<li>\n<div><strong>Effiziente Installation:<\/strong> Vereinfacht den Einbau von Zahnriemen oder Ketten, verk\u00fcrzt die Betriebszeit und verbessert die Wartungseffizienz.<\/div>\n<\/li>\n<li>\n<div><strong>Vorbeugung von Sch\u00e4den:<\/strong> Ford Timing Tool Kit zur Vermeidung von Sch\u00e4den an internen Motorteilen, die durch falsch eingestellte Steuerzeiten verursacht werden, und zur Einsparung hoher Reparaturkosten.<\/div>\n<\/li>\n<li>\n<div><strong>Langlebiges Material:<\/strong> Hergestellt aus hochfestem Material, langlebig und geeignet f\u00fcr professionelle Werkst\u00e4tten oder den pers\u00f6nlichen Gebrauch.<\/div>\n<\/li>\n<li>\n<div><strong>Starke Kompatibilit\u00e4t:<\/strong> Geeignet f\u00fcr eine Vielzahl von Ford-Modellen, um die Anforderungen an die Reparatur von Steuerzeiten f\u00fcr verschiedene Motormodelle zu erf\u00fcllen.<\/div>\n<div><\/div>\n<\/li>\n<li><strong>Garantie:<\/strong> MRCARTOOL bietet eine 24-monatige Garantie und 7\u00d724 Stunden freundlichen Kundenservice, um Ihr Einkaufserlebnis zu gew\u00e4hrleisten.<\/li>\n<\/ul>\n<a href=\"https:\/\/api.whatsapp.com\/send\/?phone=%2B8618923768146&#038;text=onlinesupport\" target=\"_blank\" class=\"button primary is-outline is-smaller\" rel=\"noopener\" style=\"border-radius:30px;\">\n\t\t<span>Online-Support<\/span>\n\t<\/a>\n\n\t\t<\/div>\n\t<\/div>\n\t\n<\/div>\n\n\t<section class=\"section\" id=\"section_1463627139\">\n\t\t<div class=\"section-bg fill\" >\n\t\t\t\t\t\t\t\t\t\n\t\t\t\n\n\t\t<\/div>\n\n\t\t\n\n\t\t<div class=\"section-content relative\">\n\t\t\t\n<div class=\"row\"  id=\"row-1757396418\">\n\n\t<div id=\"col-1855868322\" class=\"col medium-6 small-12 large-6\"  >\n\t\t\t\t<div class=\"col-inner\"  >\n\t\t\t\n\t\t\t\n\t<div class=\"img has-hover x md-x lg-x y md-y lg-y\" id=\"image_2329476\">\n\t\t\t\t\t\t\t\t<div class=\"img-inner dark\" >\n\t\t\t<img fetchpriority=\"high\" decoding=\"async\" width=\"800\" height=\"800\" src=\"https:\/\/mrcartools.com\/wp-content\/uploads\/2025\/03\/1eef596d-5ef0-356f-52c0-3f51fbc773dc.jpg\" class=\"attachment-original size-original wvs-archive-product-image\" alt=\"\" srcset=\"\/\/mrcartools.com\/wp-content\/uploads\/2025\/03\/1eef596d-5ef0-356f-52c0-3f51fbc773dc.jpg 800w, \/\/mrcartools.com\/wp-content\/uploads\/2025\/03\/1eef596d-5ef0-356f-52c0-3f51fbc773dc-150x150.jpg 150w, \/\/mrcartools.com\/wp-content\/uploads\/2025\/03\/1eef596d-5ef0-356f-52c0-3f51fbc773dc-768x768.jpg 768w, \/\/mrcartools.com\/wp-content\/uploads\/2025\/03\/1eef596d-5ef0-356f-52c0-3f51fbc773dc-253x253.jpg 253w, \/\/mrcartools.com\/wp-content\/uploads\/2025\/03\/1eef596d-5ef0-356f-52c0-3f51fbc773dc-510x510.jpg 510w, \/\/mrcartools.com\/wp-content\/uploads\/2025\/03\/1eef596d-5ef0-356f-52c0-3f51fbc773dc-100x100.jpg 100w, \/\/mrcartools.com\/wp-content\/uploads\/2025\/03\/1eef596d-5ef0-356f-52c0-3f51fbc773dc-50x50.jpg 50w\" sizes=\"(max-width: 800px) 100vw, 800px\" \/>\t\t\t\t\t\t\n\t\t\t\t\t<\/div>\n\t\t\t\t\t\t\t\t\n<style>\n#image_2329476 {\n  width: 100%;\n}\n<\/style>\n\t<\/div>\n\t\n\t\t<\/div>\n\t\t\t\t\t<\/div>\n\n\t\n\n\t<div id=\"col-1968523810\" class=\"col medium-6 small-12 large-6\"  >\n\t\t\t\t<div class=\"col-inner\"  >\n\t\t\t\n\t\t\t\n\t<div class=\"img has-hover x md-x lg-x y md-y lg-y\" id=\"image_1853277846\">\n\t\t\t\t\t\t\t\t<div class=\"img-inner dark\" >\n\t\t\t<img decoding=\"async\" width=\"800\" height=\"800\" src=\"https:\/\/mrcartools.com\/wp-content\/uploads\/2025\/03\/1289a63c-debd-8666-0901-9ee26608e7b3.jpg\" class=\"attachment-original size-original wvs-archive-product-image\" alt=\"\" srcset=\"\/\/mrcartools.com\/wp-content\/uploads\/2025\/03\/1289a63c-debd-8666-0901-9ee26608e7b3.jpg 800w, \/\/mrcartools.com\/wp-content\/uploads\/2025\/03\/1289a63c-debd-8666-0901-9ee26608e7b3-150x150.jpg 150w, \/\/mrcartools.com\/wp-content\/uploads\/2025\/03\/1289a63c-debd-8666-0901-9ee26608e7b3-768x768.jpg 768w, \/\/mrcartools.com\/wp-content\/uploads\/2025\/03\/1289a63c-debd-8666-0901-9ee26608e7b3-253x253.jpg 253w, \/\/mrcartools.com\/wp-content\/uploads\/2025\/03\/1289a63c-debd-8666-0901-9ee26608e7b3-510x510.jpg 510w, \/\/mrcartools.com\/wp-content\/uploads\/2025\/03\/1289a63c-debd-8666-0901-9ee26608e7b3-100x100.jpg 100w, \/\/mrcartools.com\/wp-content\/uploads\/2025\/03\/1289a63c-debd-8666-0901-9ee26608e7b3-50x50.jpg 50w\" sizes=\"(max-width: 800px) 100vw, 800px\" \/>\t\t\t\t\t\t\n\t\t\t\t\t<\/div>\n\t\t\t\t\t\t\t\t\n<style>\n#image_1853277846 {\n  width: 100%;\n}\n<\/style>\n\t<\/div>\n\t\n\t\t<\/div>\n\t\t\t\t\t<\/div>\n\n\t\n<\/div>\n<div class=\"row\"  id=\"row-264072062\">\n\n\t<div id=\"col-1005609602\" class=\"col small-12 large-12\"  >\n\t\t\t\t<div class=\"col-inner\"  >\n\t\t\t\n\t\t\t\n<h3><strong>Packliste :<\/strong><\/h3>\n\t<div class=\"img has-hover x md-x lg-x y md-y lg-y\" id=\"image_1913199501\">\n\t\t\t\t\t\t\t\t<div class=\"img-inner dark\" >\n\t\t\t<img loading=\"lazy\" decoding=\"async\" width=\"800\" height=\"800\" src=\"https:\/\/mrcartools.com\/wp-content\/uploads\/2025\/03\/a47b6e43-e275-8742-e403-f291f4cc58d1.jpg\" class=\"attachment-original size-original wvs-archive-product-image\" alt=\"\" srcset=\"\/\/mrcartools.com\/wp-content\/uploads\/2025\/03\/a47b6e43-e275-8742-e403-f291f4cc58d1.jpg 800w, \/\/mrcartools.com\/wp-content\/uploads\/2025\/03\/a47b6e43-e275-8742-e403-f291f4cc58d1-150x150.jpg 150w, \/\/mrcartools.com\/wp-content\/uploads\/2025\/03\/a47b6e43-e275-8742-e403-f291f4cc58d1-768x768.jpg 768w, \/\/mrcartools.com\/wp-content\/uploads\/2025\/03\/a47b6e43-e275-8742-e403-f291f4cc58d1-253x253.jpg 253w, \/\/mrcartools.com\/wp-content\/uploads\/2025\/03\/a47b6e43-e275-8742-e403-f291f4cc58d1-510x510.jpg 510w, \/\/mrcartools.com\/wp-content\/uploads\/2025\/03\/a47b6e43-e275-8742-e403-f291f4cc58d1-100x100.jpg 100w, \/\/mrcartools.com\/wp-content\/uploads\/2025\/03\/a47b6e43-e275-8742-e403-f291f4cc58d1-50x50.jpg 50w\" sizes=\"(max-width: 800px) 100vw, 800px\" \/>\t\t\t\t\t\t\n\t\t\t\t\t<\/div>\n\t\t\t\t\t\t\t\t\n<style>\n#image_1913199501 {\n  width: 100%;\n}\n<\/style>\n\t<\/div>\n\t\n\t\t<\/div>\n\t\t\t\t\t<\/div>\n\n\t\n<\/div>\n\t\t<\/div>\n\n\t\t\n<style>\n#section_1463627139 {\n  padding-top: 30px;\n  padding-bottom: 30px;\n}\n<\/style>\n\t<\/section>\n\t\n<\/p><\/div>\n<p>&nbsp;<\/p>","protected":false},"excerpt":{"rendered":"<ul>\n<li>\n<div><strong>Pr\u00e4zise Positionierung:<\/strong> Das Ford Timing Tool Kit wurde speziell f\u00fcr Ford-Motoren entwickelt, um die exakte Position der Nocken- und Kurbelwelle zu gew\u00e4hrleisten und eine perfekte Abstimmung des Steuerungssystems zu garantieren.<\/div>\n<\/li>\n<li>\n<div><strong>Effiziente Installation:<\/strong> Vereinfacht den Einbau von Zahnriemen oder Ketten, verk\u00fcrzt die Betriebszeit und verbessert die Wartungseffizienz.<\/div>\n<\/li>\n<li>\n<div><strong>Starke Kompatibilit\u00e4t:<\/strong> Geeignet f\u00fcr eine Vielzahl von Ford-Modellen, um die Anforderungen an die Reparatur von Steuerzeiten f\u00fcr verschiedene Motormodelle zu erf\u00fcllen.<\/div>\n<\/li>\n<\/ul>","protected":false},"featured_media":8217,"template":"","meta":[],"product_brand":[],"product_cat":[137],"product_tag":[],"class_list":{"0":"post-8214","1":"product","2":"type-product","3":"status-publish","4":"has-post-thumbnail","6":"product_cat-timing-tool","7":"product_shipping_class-weight","8":"pa_ship-from-china","9":"pa_ship-from-germany","10":"pa_ship-from-united-kingdom","11":"pa_ship-from-united-states","13":"first","14":"instock","15":"shipping-taxable","16":"product-type-variable","17":"wvs-archive-product-wrapper"},"yoast_head":"<!-- This site is optimized with the Yoast SEO Premium plugin v24.4 (Yoast SEO v24.4) - https:\/\/yoast.com\/wordpress\/plugins\/seo\/ -->\n<title>Ford Timing Tool Kit Ford Camshaft Holding Tool\u200b - Mrcartool<\/title>\n<meta name=\"description\" content=\"With the Ford Timing Kit, you can easily replace and align your timing belt or chain to avoid engine damage caused by timing errors.Ford Timing Tool Kit\" \/>\n<meta name=\"robots\" content=\"index, follow, max-snippet:-1, max-image-preview:large, max-video-preview:-1\" \/>\n<link rel=\"canonical\" href=\"https:\/\/mrcartools.com\/de\/produkt\/ford-timing-tool-kit-ford-camshaft-holding-tool\/\" \/>\n<meta property=\"og:locale\" content=\"de_DE\" \/>\n<meta property=\"og:type\" content=\"article\" \/>\n<meta property=\"og:title\" content=\"Ford Timing Tool Kit Ford Camshaft Holding Tool\u200b\" \/>\n<meta property=\"og:description\" content=\"With the Ford Timing Kit, you can easily replace and align your timing belt or chain to avoid engine damage caused by timing errors.Ford Timing Tool Kit\" \/>\n<meta property=\"og:url\" content=\"https:\/\/mrcartools.com\/de\/produkt\/ford-timing-tool-kit-ford-camshaft-holding-tool\/\" \/>\n<meta property=\"og:site_name\" content=\"Mrcartool\" \/>\n<meta property=\"article:modified_time\" content=\"2025-03-11T06:06:54+00:00\" \/>\n<meta property=\"og:image\" content=\"https:\/\/mrcartools.com\/wp-content\/uploads\/2025\/03\/a47b6e43-e275-8742-e403-f291f4cc58d1.jpg\" \/>\n\t<meta property=\"og:image:width\" content=\"800\" \/>\n\t<meta property=\"og:image:height\" content=\"800\" \/>\n\t<meta property=\"og:image:type\" content=\"image\/jpeg\" \/>\n<meta name=\"twitter:card\" content=\"summary_large_image\" \/>\n<meta name=\"twitter:label1\" content=\"Gesch\u00e4tzte Lesezeit\" \/>\n\t<meta name=\"twitter:data1\" content=\"2\u00a0Minuten\" \/>\n<script type=\"application\/ld+json\" class=\"yoast-schema-graph\">{\"@context\":\"https:\/\/schema.org\",\"@graph\":[{\"@type\":\"WebPage\",\"@id\":\"https:\/\/mrcartools.com\/product\/ford-timing-tool-kit-ford-camshaft-holding-tool\/\",\"url\":\"https:\/\/mrcartools.com\/product\/ford-timing-tool-kit-ford-camshaft-holding-tool\/\",\"name\":\"Ford Timing Tool Kit Ford Camshaft Holding Tool\u200b - Mrcartool\",\"isPartOf\":{\"@id\":\"https:\/\/mrcartools.com\/#website\"},\"primaryImageOfPage\":{\"@id\":\"https:\/\/mrcartools.com\/product\/ford-timing-tool-kit-ford-camshaft-holding-tool\/#primaryimage\"},\"image\":{\"@id\":\"https:\/\/mrcartools.com\/product\/ford-timing-tool-kit-ford-camshaft-holding-tool\/#primaryimage\"},\"thumbnailUrl\":\"https:\/\/mrcartools.com\/wp-content\/uploads\/2025\/03\/a47b6e43-e275-8742-e403-f291f4cc58d1.jpg\",\"datePublished\":\"2025-03-11T03:35:07+00:00\",\"dateModified\":\"2025-03-11T06:06:54+00:00\",\"description\":\"With the Ford Timing Kit, you can easily replace and align your timing belt or chain to avoid engine damage caused by timing errors.Ford Timing Tool Kit\",\"breadcrumb\":{\"@id\":\"https:\/\/mrcartools.com\/product\/ford-timing-tool-kit-ford-camshaft-holding-tool\/#breadcrumb\"},\"inLanguage\":\"de\",\"potentialAction\":[{\"@type\":\"ReadAction\",\"target\":[\"https:\/\/mrcartools.com\/product\/ford-timing-tool-kit-ford-camshaft-holding-tool\/\"]}]},{\"@type\":\"ImageObject\",\"inLanguage\":\"de\",\"@id\":\"https:\/\/mrcartools.com\/product\/ford-timing-tool-kit-ford-camshaft-holding-tool\/#primaryimage\",\"url\":\"https:\/\/mrcartools.com\/wp-content\/uploads\/2025\/03\/a47b6e43-e275-8742-e403-f291f4cc58d1.jpg\",\"contentUrl\":\"https:\/\/mrcartools.com\/wp-content\/uploads\/2025\/03\/a47b6e43-e275-8742-e403-f291f4cc58d1.jpg\",\"width\":800,\"height\":800},{\"@type\":\"BreadcrumbList\",\"@id\":\"https:\/\/mrcartools.com\/product\/ford-timing-tool-kit-ford-camshaft-holding-tool\/#breadcrumb\",\"itemListElement\":[{\"@type\":\"ListItem\",\"position\":1,\"name\":\"Home\",\"item\":\"https:\/\/mrcartools.com\/\"},{\"@type\":\"ListItem\",\"position\":2,\"name\":\"Shop\",\"item\":\"https:\/\/mrcartools.com\/shop-2\/\"},{\"@type\":\"ListItem\",\"position\":3,\"name\":\"Ford Timing Tool Kit Ford Camshaft Holding Tool\u200b\"}]},{\"@type\":\"WebSite\",\"@id\":\"https:\/\/mrcartools.com\/#website\",\"url\":\"https:\/\/mrcartools.com\/\",\"name\":\"MRCARTOOL\",\"description\":\"MRCARTOOL Official Website\",\"publisher\":{\"@id\":\"https:\/\/mrcartools.com\/#organization\"},\"potentialAction\":[{\"@type\":\"SearchAction\",\"target\":{\"@type\":\"EntryPoint\",\"urlTemplate\":\"https:\/\/mrcartools.com\/?s={search_term_string}\"},\"query-input\":{\"@type\":\"PropertyValueSpecification\",\"valueRequired\":true,\"valueName\":\"search_term_string\"}}],\"inLanguage\":\"de\"},{\"@type\":\"Organization\",\"@id\":\"https:\/\/mrcartools.com\/#organization\",\"name\":\"MRCARTOOL\",\"url\":\"https:\/\/mrcartools.com\/\",\"logo\":{\"@type\":\"ImageObject\",\"inLanguage\":\"de\",\"@id\":\"https:\/\/mrcartools.com\/#\/schema\/logo\/image\/\",\"url\":\"https:\/\/mrcartools.com\/wp-content\/uploads\/2023\/07\/\u4e0a\u4f73\u6c7d\u8f66\u5de5\u5177-LOGO-2.png\",\"contentUrl\":\"https:\/\/mrcartools.com\/wp-content\/uploads\/2023\/07\/\u4e0a\u4f73\u6c7d\u8f66\u5de5\u5177-LOGO-2.png\",\"width\":1800,\"height\":402,\"caption\":\"MRCARTOOL\"},\"image\":{\"@id\":\"https:\/\/mrcartools.com\/#\/schema\/logo\/image\/\"}}]}<\/script>\n<!-- \/ Yoast SEO Premium plugin. -->","yoast_head_json":{"title":"Ford Timing Tool Kit Ford Camshaft Holding Tool\u200b - Mrcartool","description":"With the Ford Timing Kit, you can easily replace and align your timing belt or chain to avoid engine damage caused by timing errors.Ford Timing Tool Kit","robots":{"index":"index","follow":"follow","max-snippet":"max-snippet:-1","max-image-preview":"max-image-preview:large","max-video-preview":"max-video-preview:-1"},"canonical":"https:\/\/mrcartools.com\/de\/produkt\/ford-timing-tool-kit-ford-camshaft-holding-tool\/","og_locale":"de_DE","og_type":"article","og_title":"Ford Timing Tool Kit Ford Camshaft Holding Tool\u200b","og_description":"With the Ford Timing Kit, you can easily replace and align your timing belt or chain to avoid engine damage caused by timing errors.Ford Timing Tool Kit","og_url":"https:\/\/mrcartools.com\/de\/produkt\/ford-timing-tool-kit-ford-camshaft-holding-tool\/","og_site_name":"Mrcartool","article_modified_time":"2025-03-11T06:06:54+00:00","og_image":[{"width":800,"height":800,"url":"https:\/\/mrcartools.com\/wp-content\/uploads\/2025\/03\/a47b6e43-e275-8742-e403-f291f4cc58d1.jpg","type":"image\/jpeg"}],"twitter_card":"summary_large_image","twitter_misc":{"Gesch\u00e4tzte Lesezeit":"2\u00a0Minuten"},"schema":{"@context":"https:\/\/schema.org","@graph":[{"@type":"WebPage","@id":"https:\/\/mrcartools.com\/product\/ford-timing-tool-kit-ford-camshaft-holding-tool\/","url":"https:\/\/mrcartools.com\/product\/ford-timing-tool-kit-ford-camshaft-holding-tool\/","name":"Ford Timing Tool Kit Ford Camshaft Holding Tool\u200b - Mrcartool","isPartOf":{"@id":"https:\/\/mrcartools.com\/#website"},"primaryImageOfPage":{"@id":"https:\/\/mrcartools.com\/product\/ford-timing-tool-kit-ford-camshaft-holding-tool\/#primaryimage"},"image":{"@id":"https:\/\/mrcartools.com\/product\/ford-timing-tool-kit-ford-camshaft-holding-tool\/#primaryimage"},"thumbnailUrl":"https:\/\/mrcartools.com\/wp-content\/uploads\/2025\/03\/a47b6e43-e275-8742-e403-f291f4cc58d1.jpg","datePublished":"2025-03-11T03:35:07+00:00","dateModified":"2025-03-11T06:06:54+00:00","description":"With the Ford Timing Kit, you can easily replace and align your timing belt or chain to avoid engine damage caused by timing errors.Ford Timing Tool Kit","breadcrumb":{"@id":"https:\/\/mrcartools.com\/product\/ford-timing-tool-kit-ford-camshaft-holding-tool\/#breadcrumb"},"inLanguage":"de","potentialAction":[{"@type":"ReadAction","target":["https:\/\/mrcartools.com\/product\/ford-timing-tool-kit-ford-camshaft-holding-tool\/"]}]},{"@type":"ImageObject","inLanguage":"de","@id":"https:\/\/mrcartools.com\/product\/ford-timing-tool-kit-ford-camshaft-holding-tool\/#primaryimage","url":"https:\/\/mrcartools.com\/wp-content\/uploads\/2025\/03\/a47b6e43-e275-8742-e403-f291f4cc58d1.jpg","contentUrl":"https:\/\/mrcartools.com\/wp-content\/uploads\/2025\/03\/a47b6e43-e275-8742-e403-f291f4cc58d1.jpg","width":800,"height":800},{"@type":"BreadcrumbList","@id":"https:\/\/mrcartools.com\/product\/ford-timing-tool-kit-ford-camshaft-holding-tool\/#breadcrumb","itemListElement":[{"@type":"ListItem","position":1,"name":"Home","item":"https:\/\/mrcartools.com\/"},{"@type":"ListItem","position":2,"name":"Shop","item":"https:\/\/mrcartools.com\/shop-2\/"},{"@type":"ListItem","position":3,"name":"Ford Timing Tool Kit Ford Camshaft Holding Tool\u200b"}]},{"@type":"WebSite","@id":"https:\/\/mrcartools.com\/#website","url":"https:\/\/mrcartools.com\/","name":"MRCARTOOL","description":"MRCARTOOL Offizielle Website","publisher":{"@id":"https:\/\/mrcartools.com\/#organization"},"potentialAction":[{"@type":"SearchAction","target":{"@type":"EntryPoint","urlTemplate":"https:\/\/mrcartools.com\/?s={search_term_string}"},"query-input":{"@type":"PropertyValueSpecification","valueRequired":true,"valueName":"search_term_string"}}],"inLanguage":"de"},{"@type":"Organization","@id":"https:\/\/mrcartools.com\/#organization","name":"MRCARTOOL","url":"https:\/\/mrcartools.com\/","logo":{"@type":"ImageObject","inLanguage":"de","@id":"https:\/\/mrcartools.com\/#\/schema\/logo\/image\/","url":"https:\/\/mrcartools.com\/wp-content\/uploads\/2023\/07\/\u4e0a\u4f73\u6c7d\u8f66\u5de5\u5177-LOGO-2.png","contentUrl":"https:\/\/mrcartools.com\/wp-content\/uploads\/2023\/07\/\u4e0a\u4f73\u6c7d\u8f66\u5de5\u5177-LOGO-2.png","width":1800,"height":402,"caption":"MRCARTOOL"},"image":{"@id":"https:\/\/mrcartools.com\/#\/schema\/logo\/image\/"}}]}},"_links":{"self":[{"href":"https:\/\/mrcartools.com\/de\/wp-json\/wp\/v2\/product\/8214","targetHints":{"allow":["GET"]}}],"collection":[{"href":"https:\/\/mrcartools.com\/de\/wp-json\/wp\/v2\/product"}],"about":[{"href":"https:\/\/mrcartools.com\/de\/wp-json\/wp\/v2\/types\/product"}],"version-history":[{"count":0,"href":"https:\/\/mrcartools.com\/de\/wp-json\/wp\/v2\/product\/8214\/revisions"}],"wp:featuredmedia":[{"embeddable":true,"href":"https:\/\/mrcartools.com\/de\/wp-json\/wp\/v2\/media\/8217"}],"wp:attachment":[{"href":"https:\/\/mrcartools.com\/de\/wp-json\/wp\/v2\/media?parent=8214"}],"wp:term":[{"taxonomy":"product_brand","embeddable":true,"href":"https:\/\/mrcartools.com\/de\/wp-json\/wp\/v2\/product_brand?post=8214"},{"taxonomy":"product_cat","embeddable":true,"href":"https:\/\/mrcartools.com\/de\/wp-json\/wp\/v2\/product_cat?post=8214"},{"taxonomy":"product_tag","embeddable":true,"href":"https:\/\/mrcartools.com\/de\/wp-json\/wp\/v2\/product_tag?post=8214"}],"curies":[{"name":"wp","href":"https:\/\/api.w.org\/{rel}","templated":true}]}}