{"id":8227,"date":"2025-03-11T06:00:12","date_gmt":"2025-03-11T06:00:12","guid":{"rendered":"https:\/\/mrcartools.com\/?post_type=product&#038;p=8227"},"modified":"2025-08-12T03:00:30","modified_gmt":"2025-08-12T03:00:30","slug":"timing-chain-tool-camshaft-tool-porsche","status":"publish","type":"product","link":"https:\/\/mrcartools.com\/de\/produkt\/timing-chain-tool-camshaft-tool-porsche\/","title":{"rendered":"Motor Nockenwelle Timing Tool kompatibel f\u00fcr Porsche Cayenne Panamera V8 4.5L, 4.8L V6 3.6L"},"content":{"rendered":"<section class=\"section\" id=\"section_383345387\">\n\t\t<div class=\"section-bg fill\" >\n\t\t\t\t\t\t\t\t\t\n\t\t\t\n\n\t\t<\/div>\n\n\t\t\n\n\t\t<div class=\"section-content relative\">\n\t\t\t\n<div class=\"row\"  id=\"row-1512035414\">\n<p hidden=\"\">K\u00fchlmittel-Vakuum-Nachf\u00fcllset<\/p>\n\n\t<div id=\"col-787908602\" class=\"col small-12 large-12\"  >\n\t\t\t\t<div class=\"col-inner\"  >\n\t\t\t\n\t\t\t\n<h3><strong>Das Timing Chain Tool ist ein spezielles Wartungsger\u00e4t, das speziell f\u00fcr die Hochleistungsmotoren von Porsche entwickelt wurde, um eine genaue Installation und Einstellung des Steuerungssystems zu gew\u00e4hrleisten. Das Steuersystem ist das Herzst\u00fcck des effizienten Betriebs des Motors und wirkt sich direkt auf die Gleichm\u00e4\u00dfigkeit der Leistungsabgabe, den Kraftstoffverbrauch und das gesamte Fahrerlebnis aus.<\/strong><\/h3>\n<h3><strong>Mit Porsche Timing Tools k\u00f6nnen Sie Steuerketten oder -riemen pr\u00e4zise austauschen und ausrichten, um Motorausf\u00e4lle aufgrund von Steuerzeitenabweichungen, wie z. B. Kolben-Ventil-Kollisionen oder Leistungsverluste, zu vermeiden.<\/strong><\/h3>\n<div class=\"detailmodule_image\">\n<div class=\"row\"  id=\"row-1238355570\">\n\t<div id=\"col-1150157379\" class=\"col small-12 large-12\"  >\n\t\t\t\t<div class=\"col-inner\"  >\n\t\t\t\n\t\t\t\n\n\t<a class=\"plain\" href=\"https:\/\/api.whatsapp.com\/send\/?phone=%2B8618923768146&#038;text=onlinesupport\" target=\"_blank\" rel=\"noopener\" >\t<div class=\"icon-box featured-box icon-box-center text-center\"  >\n\t\t\t\t\t<div class=\"icon-box-img\" style=\"width: 54px\">\n\t\t\t\t<div class=\"icon\">\n\t\t\t\t\t<div class=\"icon-inner\" >\n\t\t\t\t\t\t<img decoding=\"async\" width=\"128\" height=\"128\" src=\"https:\/\/mrcartools.com\/wp-content\/uploads\/2022\/03\/\u5bfb\u627e\u641c\u7d22_333333_128_21559135.png\" class=\"attachment-medium size-medium wvs-archive-product-image\" alt=\"\" srcset=\"\/\/mrcartools.com\/wp-content\/uploads\/2022\/03\/\u5bfb\u627e\u641c\u7d22_333333_128_21559135.png 128w, \/\/mrcartools.com\/wp-content\/uploads\/2022\/03\/\u5bfb\u627e\u641c\u7d22_333333_128_21559135-100x100.png 100w, \/\/mrcartools.com\/wp-content\/uploads\/2022\/03\/\u5bfb\u627e\u641c\u7d22_333333_128_21559135-50x50.png 50w\" sizes=\"(max-width: 128px) 100vw, 128px\" \/>\t\t\t\t\t<\/div>\n\t\t\t\t<\/div>\n\t\t\t<\/div>\n\t\t\t\t<div class=\"icon-box-text last-reset\">\n\t\t\t\t\t\t\t\t\t\n\t<div id=\"text-2604763434\" class=\"text\">\n\t\t\n<h3><a href=\"https:\/\/api.whatsapp.com\/send\/?phone=%2B8618923768146&amp;text=onlinesupport\"><em><strong>Hilfe-Center<\/strong><\/em><\/a><\/h3>\n\t\t\n<style>\n#text-2604763434 {\n  font-size: 0.9rem;\n}\n<\/style>\n\t<\/div>\n\t\n\t\t<\/div>\n\t<\/div>\n\t<\/a>\n\t\n\t\t<\/div>\n\t\t\t\t\t<\/div>\n\n\t\n<\/div>\n<div class=\"accordion\">\n\t<div id=\"accordion-3309070013\" class=\"accordion-item\">\n\t\t<a id=\"accordion-3309070013-label\" class=\"accordion-title plain active\" href=\"#accordion-item-\ud83d\udcddwarm-tips\" aria-expanded=\"true\" aria-controls=\"accordion-3309070013-content\">\n\t\t\t<button class=\"toggle\" aria-label=\"Umschalten\"><i class=\"icon-angle-down\" aria-hidden=\"true\"><\/i><\/button>\n\t\t\t<span>\ud83d\udcddWarme Tipps<\/span>\n\t\t<\/a>\n\t\t<div id=\"accordion-3309070013-content\" class=\"accordion-inner\" style=\"display: block;\" aria-labelledby=\"accordion-3309070013-label\">\n\t\t\t\n<ul>\n<li>Stellen Sie sicher, dass das Werkzeug f\u00fcr Ihr Motormodell geeignet ist, um Inkompatibilit\u00e4tsprobleme zu vermeiden.<\/li>\n<li>Stellen Sie sicher, dass der Motorraum sauber ist, damit kein Staub eindringen kann.<\/li>\n<li>Klemmen Sie den Minuspol der Batterie vor dem Betrieb ab, um ein versehentliches Starten zu vermeiden.<\/li>\n<li>Demontieren Sie das Ger\u00e4t Schritt f\u00fcr Schritt gem\u00e4\u00df der Anleitung, um Vers\u00e4umnisse oder Fehler zu vermeiden.<\/li>\n<\/ul>\n\t\t<\/div>\n\t<\/div>\n\t\n<\/div>\n\t\t<\/div>\n\t\t\t\t\t<\/div>\n\n\t\n<\/div>\n\t\t<\/div>\n\n\t\t\n<style>\n#section_383345387 {\n  padding-top: 0px;\n  padding-bottom: 0px;\n}\n<\/style>\n\t<\/section>\n\t\n<h3 style=\"text-align: center;\"><b>MRCARTOOL Timing Chain Tool Merkmale<\/b><\/h3>\n<div class=\"accordion\">\n\t<div id=\"accordion-724374487\" class=\"accordion-item\">\n\t\t<a id=\"accordion-724374487-label\" class=\"accordion-title plain active\" href=\"#accordion-item-features\" aria-expanded=\"true\" aria-controls=\"accordion-724374487-content\">\n\t\t\t<button class=\"toggle\" aria-label=\"Umschalten\"><i class=\"icon-angle-down\" aria-hidden=\"true\"><\/i><\/button>\n\t\t\t<span>Eigenschaften<\/span>\n\t\t<\/a>\n\t\t<div id=\"accordion-724374487-content\" class=\"accordion-inner\" style=\"display: block;\" aria-labelledby=\"accordion-724374487-label\">\n\t\t\t\n<ul>\n<li><strong>Feinabstimmung:<\/strong> Speziell f\u00fcr Porsche-Motoren entwickelt, um eine pr\u00e4zise Synchronisation von Nocken- und Kurbelwelle zu gew\u00e4hrleisten und so die maximale Motorleistung zu entfesseln.<\/li>\n<li><strong>Schnell und effizient:<\/strong> Vereinfacht den komplexen Installationsprozess des Zeitmessungssystems, verbessert die Wartungseffizienz erheblich und spart wertvolle Zeit.<\/li>\n<li><strong>Umfassender Schutz:<\/strong> Verhindert wirksam interne Motorsch\u00e4den, die durch eine falsche Ausrichtung der Steuerzeiten verursacht werden, und verl\u00e4ngert die Lebensdauer des Motors.<\/li>\n<li><strong>\u00dcberlegene Qualit\u00e4t:<\/strong> Hergestellt aus hochfesten Materialien in Luft- und Raumfahrtqualit\u00e4t mit hoher Haltbarkeit, geeignet f\u00fcr professionelle Werkst\u00e4tten oder anspruchsvolle Autobesitzer.<\/li>\n<li><strong>Breites Spektrum an Anwendungen:<\/strong> Das Steuerkettenwerkzeug deckt eine breite Palette von Porsche-Modellen ab und erf\u00fcllt die Anforderungen an die Wartung der Steuerzeiten verschiedener Motortypen.<\/li>\n<li><strong>Garantie:<\/strong> MRCARTOOL bietet eine 24-monatige Garantie und 7\u00d724 Stunden freundlichen Kundenservice, um Ihr Einkaufserlebnis zu gew\u00e4hrleisten.<\/li>\n<\/ul>\n<a href=\"https:\/\/api.whatsapp.com\/send\/?phone=%2B8618923768146&#038;text=onlinesupport\" target=\"_blank\" class=\"button primary is-outline is-smaller\" rel=\"noopener\" style=\"border-radius:30px;\">\n\t\t<span>Online-Support<\/span>\n\t<\/a>\n\n\t\t<\/div>\n\t<\/div>\n\t\n<\/div>\n\n\t<section class=\"section\" id=\"section_2014703165\">\n\t\t<div class=\"section-bg fill\" >\n\t\t\t\t\t\t\t\t\t\n\t\t\t\n\n\t\t<\/div>\n\n\t\t\n\n\t\t<div class=\"section-content relative\">\n\t\t\t\n<div class=\"row\"  id=\"row-1872108993\">\n\n\t<div id=\"col-604593112\" class=\"col medium-6 small-12 large-6\"  >\n\t\t\t\t<div class=\"col-inner\"  >\n\t\t\t\n\t\t\t\n\t<div class=\"img has-hover x md-x lg-x y md-y lg-y\" id=\"image_1029718509\">\n\t\t\t\t\t\t\t\t<div class=\"img-inner dark\" >\n\t\t\t<img fetchpriority=\"high\" decoding=\"async\" width=\"1600\" height=\"1600\" src=\"https:\/\/mrcartools.com\/wp-content\/uploads\/2025\/03\/f3ef2412-9cdf-ad90-0409-236c2acc1cbb.jpg\" class=\"attachment-original size-original wvs-archive-product-image\" alt=\"\" srcset=\"\/\/mrcartools.com\/wp-content\/uploads\/2025\/03\/f3ef2412-9cdf-ad90-0409-236c2acc1cbb.jpg 1600w, \/\/mrcartools.com\/wp-content\/uploads\/2025\/03\/f3ef2412-9cdf-ad90-0409-236c2acc1cbb-150x150.jpg 150w, \/\/mrcartools.com\/wp-content\/uploads\/2025\/03\/f3ef2412-9cdf-ad90-0409-236c2acc1cbb-768x768.jpg 768w, \/\/mrcartools.com\/wp-content\/uploads\/2025\/03\/f3ef2412-9cdf-ad90-0409-236c2acc1cbb-1536x1536.jpg 1536w, \/\/mrcartools.com\/wp-content\/uploads\/2025\/03\/f3ef2412-9cdf-ad90-0409-236c2acc1cbb-253x253.jpg 253w, \/\/mrcartools.com\/wp-content\/uploads\/2025\/03\/f3ef2412-9cdf-ad90-0409-236c2acc1cbb-510x510.jpg 510w, \/\/mrcartools.com\/wp-content\/uploads\/2025\/03\/f3ef2412-9cdf-ad90-0409-236c2acc1cbb-100x100.jpg 100w, \/\/mrcartools.com\/wp-content\/uploads\/2025\/03\/f3ef2412-9cdf-ad90-0409-236c2acc1cbb-50x50.jpg 50w\" sizes=\"(max-width: 1600px) 100vw, 1600px\" \/>\t\t\t\t\t\t\n\t\t\t\t\t<\/div>\n\t\t\t\t\t\t\t\t\n<style>\n#image_1029718509 {\n  width: 100%;\n}\n<\/style>\n\t<\/div>\n\t\n\t\t<\/div>\n\t\t\t\t\t<\/div>\n\n\t\n\n\t<div id=\"col-379037289\" class=\"col medium-6 small-12 large-6\"  >\n\t\t\t\t<div class=\"col-inner\"  >\n\t\t\t\n\t\t\t\n\t<div class=\"img has-hover x md-x lg-x y md-y lg-y\" id=\"image_1074016903\">\n\t\t\t\t\t\t\t\t<div class=\"img-inner dark\" >\n\t\t\t<img decoding=\"async\" width=\"1600\" height=\"1600\" src=\"https:\/\/mrcartools.com\/wp-content\/uploads\/2025\/03\/cd0f5ca6-feb5-3e9c-b30f-3d7a2fe21c81.jpg\" class=\"attachment-original size-original wvs-archive-product-image\" alt=\"\" srcset=\"\/\/mrcartools.com\/wp-content\/uploads\/2025\/03\/cd0f5ca6-feb5-3e9c-b30f-3d7a2fe21c81.jpg 1600w, \/\/mrcartools.com\/wp-content\/uploads\/2025\/03\/cd0f5ca6-feb5-3e9c-b30f-3d7a2fe21c81-150x150.jpg 150w, \/\/mrcartools.com\/wp-content\/uploads\/2025\/03\/cd0f5ca6-feb5-3e9c-b30f-3d7a2fe21c81-768x768.jpg 768w, \/\/mrcartools.com\/wp-content\/uploads\/2025\/03\/cd0f5ca6-feb5-3e9c-b30f-3d7a2fe21c81-1536x1536.jpg 1536w, \/\/mrcartools.com\/wp-content\/uploads\/2025\/03\/cd0f5ca6-feb5-3e9c-b30f-3d7a2fe21c81-253x253.jpg 253w, \/\/mrcartools.com\/wp-content\/uploads\/2025\/03\/cd0f5ca6-feb5-3e9c-b30f-3d7a2fe21c81-510x510.jpg 510w, \/\/mrcartools.com\/wp-content\/uploads\/2025\/03\/cd0f5ca6-feb5-3e9c-b30f-3d7a2fe21c81-100x100.jpg 100w, \/\/mrcartools.com\/wp-content\/uploads\/2025\/03\/cd0f5ca6-feb5-3e9c-b30f-3d7a2fe21c81-50x50.jpg 50w\" sizes=\"(max-width: 1600px) 100vw, 1600px\" \/>\t\t\t\t\t\t\n\t\t\t\t\t<\/div>\n\t\t\t\t\t\t\t\t\n<style>\n#image_1074016903 {\n  width: 100%;\n}\n<\/style>\n\t<\/div>\n\t\n\t\t<\/div>\n\t\t\t\t\t<\/div>\n\n\t\n<\/div>\n<div class=\"row\"  id=\"row-952474217\">\n\n\t<div id=\"col-27520239\" class=\"col small-12 large-12\"  >\n\t\t\t\t<div class=\"col-inner\"  >\n\t\t\t\n\t\t\t\n<h3><strong>Packliste :<\/strong><\/h3>\n\t<div class=\"img has-hover x md-x lg-x y md-y lg-y\" id=\"image_258873023\">\n\t\t\t\t\t\t\t\t<div class=\"img-inner dark\" >\n\t\t\t<img loading=\"lazy\" decoding=\"async\" width=\"1600\" height=\"1600\" src=\"https:\/\/mrcartools.com\/wp-content\/uploads\/2025\/03\/5e74beaa-eecd-37a3-1ef5-39776ed846a7.jpg\" class=\"attachment-original size-original wvs-archive-product-image\" alt=\"\" srcset=\"\/\/mrcartools.com\/wp-content\/uploads\/2025\/03\/5e74beaa-eecd-37a3-1ef5-39776ed846a7.jpg 1600w, \/\/mrcartools.com\/wp-content\/uploads\/2025\/03\/5e74beaa-eecd-37a3-1ef5-39776ed846a7-150x150.jpg 150w, \/\/mrcartools.com\/wp-content\/uploads\/2025\/03\/5e74beaa-eecd-37a3-1ef5-39776ed846a7-768x768.jpg 768w, \/\/mrcartools.com\/wp-content\/uploads\/2025\/03\/5e74beaa-eecd-37a3-1ef5-39776ed846a7-1536x1536.jpg 1536w, \/\/mrcartools.com\/wp-content\/uploads\/2025\/03\/5e74beaa-eecd-37a3-1ef5-39776ed846a7-253x253.jpg 253w, \/\/mrcartools.com\/wp-content\/uploads\/2025\/03\/5e74beaa-eecd-37a3-1ef5-39776ed846a7-510x510.jpg 510w, \/\/mrcartools.com\/wp-content\/uploads\/2025\/03\/5e74beaa-eecd-37a3-1ef5-39776ed846a7-100x100.jpg 100w, \/\/mrcartools.com\/wp-content\/uploads\/2025\/03\/5e74beaa-eecd-37a3-1ef5-39776ed846a7-50x50.jpg 50w\" sizes=\"(max-width: 1600px) 100vw, 1600px\" \/>\t\t\t\t\t\t\n\t\t\t\t\t<\/div>\n\t\t\t\t\t\t\t\t\n<style>\n#image_258873023 {\n  width: 100%;\n}\n<\/style>\n\t<\/div>\n\t\n\t\t<\/div>\n\t\t\t\t\t<\/div>\n\n\t\n<\/div>\n\t\t<\/div>\n\n\t\t\n<style>\n#section_2014703165 {\n  padding-top: 30px;\n  padding-bottom: 30px;\n}\n<\/style>\n\t<\/section>\n\t\n<\/div>\n<p>&nbsp;<\/p>","protected":false},"excerpt":{"rendered":"<ul>\n<li><strong>Feinabstimmung:<\/strong> Das Steuerkettenwerkzeug wurde speziell f\u00fcr Porsche-Motoren entwickelt, um eine pr\u00e4zise Synchronisierung von Nocken- und Kurbelwelle zu gew\u00e4hrleisten und so die maximale Motorleistung zu erreichen.<\/li>\n<li><strong>Schnell und effizient:<\/strong> Vereinfacht den komplexen Installationsprozess des Zeitmessungssystems, verbessert die Wartungseffizienz erheblich und spart wertvolle Zeit.<\/li>\n<li><strong>\u00dcberlegene Qualit\u00e4t:<\/strong> Hergestellt aus hochfesten Materialien in Luft- und Raumfahrtqualit\u00e4t mit hoher Haltbarkeit, geeignet f\u00fcr professionelle Werkst\u00e4tten oder anspruchsvolle Autobesitzer.<\/li>\n<\/ul>","protected":false},"featured_media":8230,"template":"","meta":[],"product_brand":[],"product_cat":[140,137],"product_tag":[],"class_list":{"0":"post-8227","1":"product","2":"type-product","3":"status-publish","4":"has-post-thumbnail","6":"product_cat-automotive-hand-tools","7":"product_cat-timing-tool","8":"pa_ship-from-china","9":"pa_ship-from-germany","10":"pa_ship-from-united-kingdom","11":"pa_ship-from-united-states","13":"first","14":"instock","15":"shipping-taxable","16":"product-type-variable","17":"wvs-archive-product-wrapper"},"yoast_head":"<!-- This site is optimized with the Yoast SEO Premium plugin v24.4 (Yoast SEO v24.4) - https:\/\/yoast.com\/wordpress\/plugins\/seo\/ -->\n<title>Engine Camshaft Timing Tool compatible for Porsche Cayenne Panamera V8 4.5L, 4.8L V6 3.6L - Mrcartool<\/title>\n<meta name=\"description\" content=\"Porsche Engine Camshaft Timing Tool ensure precise timing chain\/belt replacement, preventing engine damage from misalignment (e.g., valve\/piston contact or power loss).\" \/>\n<meta name=\"robots\" content=\"index, follow, max-snippet:-1, max-image-preview:large, max-video-preview:-1\" \/>\n<link rel=\"canonical\" href=\"https:\/\/mrcartools.com\/de\/produkt\/timing-chain-tool-camshaft-tool-porsche\/\" \/>\n<meta property=\"og:locale\" content=\"de_DE\" \/>\n<meta property=\"og:type\" content=\"article\" \/>\n<meta property=\"og:title\" content=\"Engine Camshaft Timing Tool compatible for Porsche Cayenne Panamera V8 4.5L, 4.8L V6 3.6L\" \/>\n<meta property=\"og:description\" content=\"Porsche Engine Camshaft Timing Tool ensure precise timing chain\/belt replacement, preventing engine damage from misalignment (e.g., valve\/piston contact or power loss).\" \/>\n<meta property=\"og:url\" content=\"https:\/\/mrcartools.com\/de\/produkt\/timing-chain-tool-camshaft-tool-porsche\/\" \/>\n<meta property=\"og:site_name\" content=\"Mrcartool\" \/>\n<meta property=\"article:modified_time\" content=\"2025-08-12T03:00:30+00:00\" \/>\n<meta property=\"og:image\" content=\"https:\/\/mrcartools.com\/wp-content\/uploads\/2025\/03\/5e74beaa-eecd-37a3-1ef5-39776ed846a7.jpg\" \/>\n\t<meta property=\"og:image:width\" content=\"1600\" \/>\n\t<meta property=\"og:image:height\" content=\"1600\" \/>\n\t<meta property=\"og:image:type\" content=\"image\/jpeg\" \/>\n<meta name=\"twitter:card\" content=\"summary_large_image\" \/>\n<meta name=\"twitter:label1\" content=\"Gesch\u00e4tzte Lesezeit\" \/>\n\t<meta name=\"twitter:data1\" content=\"2\u00a0Minuten\" \/>\n<script type=\"application\/ld+json\" class=\"yoast-schema-graph\">{\"@context\":\"https:\/\/schema.org\",\"@graph\":[{\"@type\":\"WebPage\",\"@id\":\"https:\/\/mrcartools.com\/product\/timing-chain-tool-camshaft-tool-porsche\/\",\"url\":\"https:\/\/mrcartools.com\/product\/timing-chain-tool-camshaft-tool-porsche\/\",\"name\":\"Engine Camshaft Timing Tool compatible for Porsche Cayenne Panamera V8 4.5L, 4.8L V6 3.6L - Mrcartool\",\"isPartOf\":{\"@id\":\"https:\/\/mrcartools.com\/#website\"},\"primaryImageOfPage\":{\"@id\":\"https:\/\/mrcartools.com\/product\/timing-chain-tool-camshaft-tool-porsche\/#primaryimage\"},\"image\":{\"@id\":\"https:\/\/mrcartools.com\/product\/timing-chain-tool-camshaft-tool-porsche\/#primaryimage\"},\"thumbnailUrl\":\"https:\/\/mrcartools.com\/wp-content\/uploads\/2025\/03\/5e74beaa-eecd-37a3-1ef5-39776ed846a7.jpg\",\"datePublished\":\"2025-03-11T06:00:12+00:00\",\"dateModified\":\"2025-08-12T03:00:30+00:00\",\"description\":\"Porsche Engine Camshaft Timing Tool ensure precise timing chain\/belt replacement, preventing engine damage from misalignment (e.g., valve\/piston contact or power loss).\",\"breadcrumb\":{\"@id\":\"https:\/\/mrcartools.com\/product\/timing-chain-tool-camshaft-tool-porsche\/#breadcrumb\"},\"inLanguage\":\"de\",\"potentialAction\":[{\"@type\":\"ReadAction\",\"target\":[\"https:\/\/mrcartools.com\/product\/timing-chain-tool-camshaft-tool-porsche\/\"]}]},{\"@type\":\"ImageObject\",\"inLanguage\":\"de\",\"@id\":\"https:\/\/mrcartools.com\/product\/timing-chain-tool-camshaft-tool-porsche\/#primaryimage\",\"url\":\"https:\/\/mrcartools.com\/wp-content\/uploads\/2025\/03\/5e74beaa-eecd-37a3-1ef5-39776ed846a7.jpg\",\"contentUrl\":\"https:\/\/mrcartools.com\/wp-content\/uploads\/2025\/03\/5e74beaa-eecd-37a3-1ef5-39776ed846a7.jpg\",\"width\":1600,\"height\":1600},{\"@type\":\"BreadcrumbList\",\"@id\":\"https:\/\/mrcartools.com\/product\/timing-chain-tool-camshaft-tool-porsche\/#breadcrumb\",\"itemListElement\":[{\"@type\":\"ListItem\",\"position\":1,\"name\":\"Home\",\"item\":\"https:\/\/mrcartools.com\/\"},{\"@type\":\"ListItem\",\"position\":2,\"name\":\"Shop\",\"item\":\"https:\/\/mrcartools.com\/shop-2\/\"},{\"@type\":\"ListItem\",\"position\":3,\"name\":\"Engine Camshaft Timing Tool compatible for Porsche Cayenne Panamera V8 4.5L, 4.8L V6 3.6L\"}]},{\"@type\":\"WebSite\",\"@id\":\"https:\/\/mrcartools.com\/#website\",\"url\":\"https:\/\/mrcartools.com\/\",\"name\":\"MRCARTOOL\",\"description\":\"MRCARTOOL Official Website\",\"publisher\":{\"@id\":\"https:\/\/mrcartools.com\/#organization\"},\"potentialAction\":[{\"@type\":\"SearchAction\",\"target\":{\"@type\":\"EntryPoint\",\"urlTemplate\":\"https:\/\/mrcartools.com\/?s={search_term_string}\"},\"query-input\":{\"@type\":\"PropertyValueSpecification\",\"valueRequired\":true,\"valueName\":\"search_term_string\"}}],\"inLanguage\":\"de\"},{\"@type\":\"Organization\",\"@id\":\"https:\/\/mrcartools.com\/#organization\",\"name\":\"MRCARTOOL\",\"url\":\"https:\/\/mrcartools.com\/\",\"logo\":{\"@type\":\"ImageObject\",\"inLanguage\":\"de\",\"@id\":\"https:\/\/mrcartools.com\/#\/schema\/logo\/image\/\",\"url\":\"https:\/\/mrcartools.com\/wp-content\/uploads\/2023\/07\/\u4e0a\u4f73\u6c7d\u8f66\u5de5\u5177-LOGO-2.png\",\"contentUrl\":\"https:\/\/mrcartools.com\/wp-content\/uploads\/2023\/07\/\u4e0a\u4f73\u6c7d\u8f66\u5de5\u5177-LOGO-2.png\",\"width\":1800,\"height\":402,\"caption\":\"MRCARTOOL\"},\"image\":{\"@id\":\"https:\/\/mrcartools.com\/#\/schema\/logo\/image\/\"}}]}<\/script>\n<!-- \/ Yoast SEO Premium plugin. -->","yoast_head_json":{"title":"Engine Camshaft Timing Tool compatible for Porsche Cayenne Panamera V8 4.5L, 4.8L V6 3.6L - Mrcartool","description":"Porsche Engine Camshaft Timing Tool ensure precise timing chain\/belt replacement, preventing engine damage from misalignment (e.g., valve\/piston contact or power loss).","robots":{"index":"index","follow":"follow","max-snippet":"max-snippet:-1","max-image-preview":"max-image-preview:large","max-video-preview":"max-video-preview:-1"},"canonical":"https:\/\/mrcartools.com\/de\/produkt\/timing-chain-tool-camshaft-tool-porsche\/","og_locale":"de_DE","og_type":"article","og_title":"Engine Camshaft Timing Tool compatible for Porsche Cayenne Panamera V8 4.5L, 4.8L V6 3.6L","og_description":"Porsche Engine Camshaft Timing Tool ensure precise timing chain\/belt replacement, preventing engine damage from misalignment (e.g., valve\/piston contact or power loss).","og_url":"https:\/\/mrcartools.com\/de\/produkt\/timing-chain-tool-camshaft-tool-porsche\/","og_site_name":"Mrcartool","article_modified_time":"2025-08-12T03:00:30+00:00","og_image":[{"width":1600,"height":1600,"url":"https:\/\/mrcartools.com\/wp-content\/uploads\/2025\/03\/5e74beaa-eecd-37a3-1ef5-39776ed846a7.jpg","type":"image\/jpeg"}],"twitter_card":"summary_large_image","twitter_misc":{"Gesch\u00e4tzte Lesezeit":"2\u00a0Minuten"},"schema":{"@context":"https:\/\/schema.org","@graph":[{"@type":"WebPage","@id":"https:\/\/mrcartools.com\/product\/timing-chain-tool-camshaft-tool-porsche\/","url":"https:\/\/mrcartools.com\/product\/timing-chain-tool-camshaft-tool-porsche\/","name":"Engine Camshaft Timing Tool compatible for Porsche Cayenne Panamera V8 4.5L, 4.8L V6 3.6L - Mrcartool","isPartOf":{"@id":"https:\/\/mrcartools.com\/#website"},"primaryImageOfPage":{"@id":"https:\/\/mrcartools.com\/product\/timing-chain-tool-camshaft-tool-porsche\/#primaryimage"},"image":{"@id":"https:\/\/mrcartools.com\/product\/timing-chain-tool-camshaft-tool-porsche\/#primaryimage"},"thumbnailUrl":"https:\/\/mrcartools.com\/wp-content\/uploads\/2025\/03\/5e74beaa-eecd-37a3-1ef5-39776ed846a7.jpg","datePublished":"2025-03-11T06:00:12+00:00","dateModified":"2025-08-12T03:00:30+00:00","description":"Porsche Engine Camshaft Timing Tool ensure precise timing chain\/belt replacement, preventing engine damage from misalignment (e.g., valve\/piston contact or power loss).","breadcrumb":{"@id":"https:\/\/mrcartools.com\/product\/timing-chain-tool-camshaft-tool-porsche\/#breadcrumb"},"inLanguage":"de","potentialAction":[{"@type":"ReadAction","target":["https:\/\/mrcartools.com\/product\/timing-chain-tool-camshaft-tool-porsche\/"]}]},{"@type":"ImageObject","inLanguage":"de","@id":"https:\/\/mrcartools.com\/product\/timing-chain-tool-camshaft-tool-porsche\/#primaryimage","url":"https:\/\/mrcartools.com\/wp-content\/uploads\/2025\/03\/5e74beaa-eecd-37a3-1ef5-39776ed846a7.jpg","contentUrl":"https:\/\/mrcartools.com\/wp-content\/uploads\/2025\/03\/5e74beaa-eecd-37a3-1ef5-39776ed846a7.jpg","width":1600,"height":1600},{"@type":"BreadcrumbList","@id":"https:\/\/mrcartools.com\/product\/timing-chain-tool-camshaft-tool-porsche\/#breadcrumb","itemListElement":[{"@type":"ListItem","position":1,"name":"Home","item":"https:\/\/mrcartools.com\/"},{"@type":"ListItem","position":2,"name":"Shop","item":"https:\/\/mrcartools.com\/shop-2\/"},{"@type":"ListItem","position":3,"name":"Engine Camshaft Timing Tool compatible for Porsche Cayenne Panamera V8 4.5L, 4.8L V6 3.6L"}]},{"@type":"WebSite","@id":"https:\/\/mrcartools.com\/#website","url":"https:\/\/mrcartools.com\/","name":"MRCARTOOL","description":"MRCARTOOL Offizielle Website","publisher":{"@id":"https:\/\/mrcartools.com\/#organization"},"potentialAction":[{"@type":"SearchAction","target":{"@type":"EntryPoint","urlTemplate":"https:\/\/mrcartools.com\/?s={search_term_string}"},"query-input":{"@type":"PropertyValueSpecification","valueRequired":true,"valueName":"search_term_string"}}],"inLanguage":"de"},{"@type":"Organization","@id":"https:\/\/mrcartools.com\/#organization","name":"MRCARTOOL","url":"https:\/\/mrcartools.com\/","logo":{"@type":"ImageObject","inLanguage":"de","@id":"https:\/\/mrcartools.com\/#\/schema\/logo\/image\/","url":"https:\/\/mrcartools.com\/wp-content\/uploads\/2023\/07\/\u4e0a\u4f73\u6c7d\u8f66\u5de5\u5177-LOGO-2.png","contentUrl":"https:\/\/mrcartools.com\/wp-content\/uploads\/2023\/07\/\u4e0a\u4f73\u6c7d\u8f66\u5de5\u5177-LOGO-2.png","width":1800,"height":402,"caption":"MRCARTOOL"},"image":{"@id":"https:\/\/mrcartools.com\/#\/schema\/logo\/image\/"}}]}},"_links":{"self":[{"href":"https:\/\/mrcartools.com\/de\/wp-json\/wp\/v2\/product\/8227","targetHints":{"allow":["GET"]}}],"collection":[{"href":"https:\/\/mrcartools.com\/de\/wp-json\/wp\/v2\/product"}],"about":[{"href":"https:\/\/mrcartools.com\/de\/wp-json\/wp\/v2\/types\/product"}],"version-history":[{"count":0,"href":"https:\/\/mrcartools.com\/de\/wp-json\/wp\/v2\/product\/8227\/revisions"}],"wp:featuredmedia":[{"embeddable":true,"href":"https:\/\/mrcartools.com\/de\/wp-json\/wp\/v2\/media\/8230"}],"wp:attachment":[{"href":"https:\/\/mrcartools.com\/de\/wp-json\/wp\/v2\/media?parent=8227"}],"wp:term":[{"taxonomy":"product_brand","embeddable":true,"href":"https:\/\/mrcartools.com\/de\/wp-json\/wp\/v2\/product_brand?post=8227"},{"taxonomy":"product_cat","embeddable":true,"href":"https:\/\/mrcartools.com\/de\/wp-json\/wp\/v2\/product_cat?post=8227"},{"taxonomy":"product_tag","embeddable":true,"href":"https:\/\/mrcartools.com\/de\/wp-json\/wp\/v2\/product_tag?post=8227"}],"curies":[{"name":"wp","href":"https:\/\/api.w.org\/{rel}","templated":true}]}}