{"id":8712,"date":"2025-04-01T09:24:37","date_gmt":"2025-04-01T09:24:37","guid":{"rendered":"https:\/\/mrcartools.com\/?post_type=product&#038;p=8712"},"modified":"2025-04-01T09:29:08","modified_gmt":"2025-04-01T09:29:08","slug":"1kg-walnut-sand-for-autool-hts558-and-hts518","status":"publish","type":"product","link":"https:\/\/mrcartools.com\/de\/produkt\/1kg-walnut-sand-for-autool-hts558-and-hts518\/","title":{"rendered":"1KG Walnuss-Sand f\u00fcr AUTOOL HTS558 und HTS518"},"content":{"rendered":"<h3><strong>Was ist Walnusssand?<\/strong><\/h3>\n<p>Der Rohstoff f\u00fcr Walnusssand ist eine Walnussschale, die nach dem Brechen der Schale durch strenge Siebung und Klassifizierung und mehrere Prozesse hergestellt und synthetisiert wird. Es ist ein Walnussextrakt und geh\u00f6rt zu den Metallpoliermitteln. Es zeichnet sich durch hohe H\u00e4rte, hohen Druck und Verschlei\u00dffestigkeit aus, und die Oberfl\u00e4che ist mikropor\u00f6s. Es hat eine starke Adsorptions- und Abwasserauffangf\u00e4higkeit, keine Korrosion und keine Verschmutzung. Walnussschale ist ein nat\u00fcrlicher und nicht-chemischer Rohstoff, so dass die Verwendung von Walnuss-Sand als Schleifmittel die Oberfl\u00e4che des Werkst\u00fccks nicht besch\u00e4digt, und die Verwendung von Walnuss-Sand zur Reinigung von Auto-Kohle-Ablagerungen den Motor nicht besch\u00e4digt, die Reinigungswirkung ist bemerkenswert und die Kosten sind niedrig.<\/p>\n<h3><strong>Warme Tipps<\/strong><\/h3>\n<p>Dieser Walnuss-Sand ist nur f\u00fcr AUTOOL HTS558\/HTS618\/HTS678 geeignet.<br \/>\nDas Gewicht einer Packung Walnusssand betr\u00e4gt 1 kg. Zum Starten des Ger\u00e4ts werden mindestens 2-4 kg Walnusssand ben\u00f6tigt.<br \/>\nDieser Link bezieht sich nur auf Walnusssand und beinhaltet keine Ausr\u00fcstung.<br \/>\nEs kann nur aus Deutschland verschickt werden, Kunden aus EU-L\u00e4ndern k\u00f6nnen es selbst kaufen.<br \/>\nWalnuss-Sand mit einer Feinheit von 0,4 mm.<br \/>\nWenn Sie Fragen haben, wenden Sie sich bitte an ONLINE SUPPORT&gt;&gt;<\/p>\n<h3><strong>AUTOOL Carbon Deposition Engine Cleaner Schnellsuche<\/strong><\/h3>\n<p><a href=\"https:\/\/mrcartools.com\/de\/produkt\/walnut-shell-sand-blaster-autool\/\">AUTOOL HTS 518 Walnusspulver Motor Ansaugrohr Ventil sauber Maschine&gt;&gt;<\/a><br \/>\n<a href=\"https:\/\/mrcartools.com\/de\/produkt\/walnut-shell-sand-blaster-engine-clean-machine-carbon-cleaner\/\">AUTOOL HTS 558 Walnusspulver Motor Ansaugrohr Ventil sauber Maschine&gt;&gt;<\/a><br \/>\n1PC Walnuss-Sand (1kg)<\/p>","protected":false},"excerpt":{"rendered":"<p>What is Walnut Sand? The raw material of walnut sand is a walnut shell, which is made and synthesized through strict screening and classification and multiple processes after the walnut shell is broken. It is a walnut extract and belongs to metal polishing media. It has the characteristics of high hardness, high pressure, and wear [&#8230;]","protected":false},"featured_media":7234,"template":"","meta":[],"product_brand":[],"product_cat":[132],"product_tag":[],"class_list":{"0":"post-8712","1":"product","2":"type-product","3":"status-publish","4":"has-post-thumbnail","6":"product_cat-accessory","7":"product_shipping_class-weight","8":"pa_ship-from-china","9":"pa_ship-from-germany","10":"pa_ship-from-united-kingdom","11":"pa_ship-from-united-states","13":"first","14":"instock","15":"shipping-taxable","16":"product-type-variable","17":"wvs-archive-product-wrapper"},"yoast_head":"<!-- This site is optimized with the Yoast SEO Premium plugin v24.4 (Yoast SEO v24.4) - https:\/\/yoast.com\/wordpress\/plugins\/seo\/ -->\n<title>1KG Walnut Sand For AUTOOL HTS558 and HTS518 - Mrcartool<\/title>\n<meta name=\"robots\" content=\"index, follow, max-snippet:-1, max-image-preview:large, max-video-preview:-1\" \/>\n<link rel=\"canonical\" href=\"https:\/\/mrcartools.com\/de\/produkt\/1kg-walnut-sand-for-autool-hts558-and-hts518\/\" \/>\n<meta property=\"og:locale\" content=\"de_DE\" \/>\n<meta property=\"og:type\" content=\"article\" \/>\n<meta property=\"og:title\" content=\"1KG Walnut Sand For AUTOOL HTS558 and HTS518\" \/>\n<meta property=\"og:description\" content=\"What is Walnut Sand? The raw material of walnut sand is a walnut shell, which is made and synthesized through strict screening and classification and multiple processes after the walnut shell is broken. It is a walnut extract and belongs to metal polishing media. It has the characteristics of high hardness, high pressure, and wear [...]\" \/>\n<meta property=\"og:url\" content=\"https:\/\/mrcartools.com\/de\/produkt\/1kg-walnut-sand-for-autool-hts558-and-hts518\/\" \/>\n<meta property=\"og:site_name\" content=\"Mrcartool\" \/>\n<meta property=\"article:modified_time\" content=\"2025-04-01T09:29:08+00:00\" \/>\n<meta property=\"og:image\" content=\"https:\/\/mrcartools.com\/wp-content\/uploads\/2024\/04\/\u5fae\u4fe1\u622a\u56fe_20231222142545.png\" \/>\n\t<meta property=\"og:image:width\" content=\"600\" \/>\n\t<meta property=\"og:image:height\" content=\"600\" \/>\n\t<meta property=\"og:image:type\" content=\"image\/png\" \/>\n<meta name=\"twitter:card\" content=\"summary_large_image\" \/>\n<meta name=\"twitter:label1\" content=\"Gesch\u00e4tzte Lesezeit\" \/>\n\t<meta name=\"twitter:data1\" content=\"2\u00a0Minuten\" \/>\n<script type=\"application\/ld+json\" class=\"yoast-schema-graph\">{\"@context\":\"https:\/\/schema.org\",\"@graph\":[{\"@type\":\"WebPage\",\"@id\":\"https:\/\/mrcartools.com\/product\/1kg-walnut-sand-for-autool-hts558-and-hts518\/\",\"url\":\"https:\/\/mrcartools.com\/product\/1kg-walnut-sand-for-autool-hts558-and-hts518\/\",\"name\":\"1KG Walnut Sand For AUTOOL HTS558 and HTS518 - Mrcartool\",\"isPartOf\":{\"@id\":\"https:\/\/mrcartools.com\/#website\"},\"primaryImageOfPage\":{\"@id\":\"https:\/\/mrcartools.com\/product\/1kg-walnut-sand-for-autool-hts558-and-hts518\/#primaryimage\"},\"image\":{\"@id\":\"https:\/\/mrcartools.com\/product\/1kg-walnut-sand-for-autool-hts558-and-hts518\/#primaryimage\"},\"thumbnailUrl\":\"https:\/\/mrcartools.com\/wp-content\/uploads\/2024\/04\/\u5fae\u4fe1\u622a\u56fe_20231222142545.png\",\"datePublished\":\"2025-04-01T09:24:37+00:00\",\"dateModified\":\"2025-04-01T09:29:08+00:00\",\"breadcrumb\":{\"@id\":\"https:\/\/mrcartools.com\/product\/1kg-walnut-sand-for-autool-hts558-and-hts518\/#breadcrumb\"},\"inLanguage\":\"de\",\"potentialAction\":[{\"@type\":\"ReadAction\",\"target\":[\"https:\/\/mrcartools.com\/product\/1kg-walnut-sand-for-autool-hts558-and-hts518\/\"]}]},{\"@type\":\"ImageObject\",\"inLanguage\":\"de\",\"@id\":\"https:\/\/mrcartools.com\/product\/1kg-walnut-sand-for-autool-hts558-and-hts518\/#primaryimage\",\"url\":\"https:\/\/mrcartools.com\/wp-content\/uploads\/2024\/04\/\u5fae\u4fe1\u622a\u56fe_20231222142545.png\",\"contentUrl\":\"https:\/\/mrcartools.com\/wp-content\/uploads\/2024\/04\/\u5fae\u4fe1\u622a\u56fe_20231222142545.png\",\"width\":600,\"height\":600},{\"@type\":\"BreadcrumbList\",\"@id\":\"https:\/\/mrcartools.com\/product\/1kg-walnut-sand-for-autool-hts558-and-hts518\/#breadcrumb\",\"itemListElement\":[{\"@type\":\"ListItem\",\"position\":1,\"name\":\"Home\",\"item\":\"https:\/\/mrcartools.com\/\"},{\"@type\":\"ListItem\",\"position\":2,\"name\":\"Shop\",\"item\":\"https:\/\/mrcartools.com\/shop-2\/\"},{\"@type\":\"ListItem\",\"position\":3,\"name\":\"1KG Walnut Sand For AUTOOL HTS558 and HTS518\"}]},{\"@type\":\"WebSite\",\"@id\":\"https:\/\/mrcartools.com\/#website\",\"url\":\"https:\/\/mrcartools.com\/\",\"name\":\"MRCARTOOL\",\"description\":\"MRCARTOOL Official Website\",\"publisher\":{\"@id\":\"https:\/\/mrcartools.com\/#organization\"},\"potentialAction\":[{\"@type\":\"SearchAction\",\"target\":{\"@type\":\"EntryPoint\",\"urlTemplate\":\"https:\/\/mrcartools.com\/?s={search_term_string}\"},\"query-input\":{\"@type\":\"PropertyValueSpecification\",\"valueRequired\":true,\"valueName\":\"search_term_string\"}}],\"inLanguage\":\"de\"},{\"@type\":\"Organization\",\"@id\":\"https:\/\/mrcartools.com\/#organization\",\"name\":\"MRCARTOOL\",\"url\":\"https:\/\/mrcartools.com\/\",\"logo\":{\"@type\":\"ImageObject\",\"inLanguage\":\"de\",\"@id\":\"https:\/\/mrcartools.com\/#\/schema\/logo\/image\/\",\"url\":\"https:\/\/mrcartools.com\/wp-content\/uploads\/2023\/07\/\u4e0a\u4f73\u6c7d\u8f66\u5de5\u5177-LOGO-2.png\",\"contentUrl\":\"https:\/\/mrcartools.com\/wp-content\/uploads\/2023\/07\/\u4e0a\u4f73\u6c7d\u8f66\u5de5\u5177-LOGO-2.png\",\"width\":1800,\"height\":402,\"caption\":\"MRCARTOOL\"},\"image\":{\"@id\":\"https:\/\/mrcartools.com\/#\/schema\/logo\/image\/\"}}]}<\/script>\n<!-- \/ Yoast SEO Premium plugin. -->","yoast_head_json":{"title":"1KG Walnut Sand For AUTOOL HTS558 and HTS518 - Mrcartool","robots":{"index":"index","follow":"follow","max-snippet":"max-snippet:-1","max-image-preview":"max-image-preview:large","max-video-preview":"max-video-preview:-1"},"canonical":"https:\/\/mrcartools.com\/de\/produkt\/1kg-walnut-sand-for-autool-hts558-and-hts518\/","og_locale":"de_DE","og_type":"article","og_title":"1KG Walnut Sand For AUTOOL HTS558 and HTS518","og_description":"What is Walnut Sand? The raw material of walnut sand is a walnut shell, which is made and synthesized through strict screening and classification and multiple processes after the walnut shell is broken. It is a walnut extract and belongs to metal polishing media. It has the characteristics of high hardness, high pressure, and wear [...]","og_url":"https:\/\/mrcartools.com\/de\/produkt\/1kg-walnut-sand-for-autool-hts558-and-hts518\/","og_site_name":"Mrcartool","article_modified_time":"2025-04-01T09:29:08+00:00","og_image":[{"width":600,"height":600,"url":"https:\/\/mrcartools.com\/wp-content\/uploads\/2024\/04\/\u5fae\u4fe1\u622a\u56fe_20231222142545.png","type":"image\/png"}],"twitter_card":"summary_large_image","twitter_misc":{"Gesch\u00e4tzte Lesezeit":"2\u00a0Minuten"},"schema":{"@context":"https:\/\/schema.org","@graph":[{"@type":"WebPage","@id":"https:\/\/mrcartools.com\/product\/1kg-walnut-sand-for-autool-hts558-and-hts518\/","url":"https:\/\/mrcartools.com\/product\/1kg-walnut-sand-for-autool-hts558-and-hts518\/","name":"1KG Walnut Sand For AUTOOL HTS558 and HTS518 - Mrcartool","isPartOf":{"@id":"https:\/\/mrcartools.com\/#website"},"primaryImageOfPage":{"@id":"https:\/\/mrcartools.com\/product\/1kg-walnut-sand-for-autool-hts558-and-hts518\/#primaryimage"},"image":{"@id":"https:\/\/mrcartools.com\/product\/1kg-walnut-sand-for-autool-hts558-and-hts518\/#primaryimage"},"thumbnailUrl":"https:\/\/mrcartools.com\/wp-content\/uploads\/2024\/04\/\u5fae\u4fe1\u622a\u56fe_20231222142545.png","datePublished":"2025-04-01T09:24:37+00:00","dateModified":"2025-04-01T09:29:08+00:00","breadcrumb":{"@id":"https:\/\/mrcartools.com\/product\/1kg-walnut-sand-for-autool-hts558-and-hts518\/#breadcrumb"},"inLanguage":"de","potentialAction":[{"@type":"ReadAction","target":["https:\/\/mrcartools.com\/product\/1kg-walnut-sand-for-autool-hts558-and-hts518\/"]}]},{"@type":"ImageObject","inLanguage":"de","@id":"https:\/\/mrcartools.com\/product\/1kg-walnut-sand-for-autool-hts558-and-hts518\/#primaryimage","url":"https:\/\/mrcartools.com\/wp-content\/uploads\/2024\/04\/\u5fae\u4fe1\u622a\u56fe_20231222142545.png","contentUrl":"https:\/\/mrcartools.com\/wp-content\/uploads\/2024\/04\/\u5fae\u4fe1\u622a\u56fe_20231222142545.png","width":600,"height":600},{"@type":"BreadcrumbList","@id":"https:\/\/mrcartools.com\/product\/1kg-walnut-sand-for-autool-hts558-and-hts518\/#breadcrumb","itemListElement":[{"@type":"ListItem","position":1,"name":"Home","item":"https:\/\/mrcartools.com\/"},{"@type":"ListItem","position":2,"name":"Shop","item":"https:\/\/mrcartools.com\/shop-2\/"},{"@type":"ListItem","position":3,"name":"1KG Walnut Sand For AUTOOL HTS558 and HTS518"}]},{"@type":"WebSite","@id":"https:\/\/mrcartools.com\/#website","url":"https:\/\/mrcartools.com\/","name":"MRCARTOOL","description":"MRCARTOOL Offizielle Website","publisher":{"@id":"https:\/\/mrcartools.com\/#organization"},"potentialAction":[{"@type":"SearchAction","target":{"@type":"EntryPoint","urlTemplate":"https:\/\/mrcartools.com\/?s={search_term_string}"},"query-input":{"@type":"PropertyValueSpecification","valueRequired":true,"valueName":"search_term_string"}}],"inLanguage":"de"},{"@type":"Organization","@id":"https:\/\/mrcartools.com\/#organization","name":"MRCARTOOL","url":"https:\/\/mrcartools.com\/","logo":{"@type":"ImageObject","inLanguage":"de","@id":"https:\/\/mrcartools.com\/#\/schema\/logo\/image\/","url":"https:\/\/mrcartools.com\/wp-content\/uploads\/2023\/07\/\u4e0a\u4f73\u6c7d\u8f66\u5de5\u5177-LOGO-2.png","contentUrl":"https:\/\/mrcartools.com\/wp-content\/uploads\/2023\/07\/\u4e0a\u4f73\u6c7d\u8f66\u5de5\u5177-LOGO-2.png","width":1800,"height":402,"caption":"MRCARTOOL"},"image":{"@id":"https:\/\/mrcartools.com\/#\/schema\/logo\/image\/"}}]}},"_links":{"self":[{"href":"https:\/\/mrcartools.com\/de\/wp-json\/wp\/v2\/product\/8712","targetHints":{"allow":["GET"]}}],"collection":[{"href":"https:\/\/mrcartools.com\/de\/wp-json\/wp\/v2\/product"}],"about":[{"href":"https:\/\/mrcartools.com\/de\/wp-json\/wp\/v2\/types\/product"}],"version-history":[{"count":0,"href":"https:\/\/mrcartools.com\/de\/wp-json\/wp\/v2\/product\/8712\/revisions"}],"wp:featuredmedia":[{"embeddable":true,"href":"https:\/\/mrcartools.com\/de\/wp-json\/wp\/v2\/media\/7234"}],"wp:attachment":[{"href":"https:\/\/mrcartools.com\/de\/wp-json\/wp\/v2\/media?parent=8712"}],"wp:term":[{"taxonomy":"product_brand","embeddable":true,"href":"https:\/\/mrcartools.com\/de\/wp-json\/wp\/v2\/product_brand?post=8712"},{"taxonomy":"product_cat","embeddable":true,"href":"https:\/\/mrcartools.com\/de\/wp-json\/wp\/v2\/product_cat?post=8712"},{"taxonomy":"product_tag","embeddable":true,"href":"https:\/\/mrcartools.com\/de\/wp-json\/wp\/v2\/product_tag?post=8712"}],"curies":[{"name":"wp","href":"https:\/\/api.w.org\/{rel}","templated":true}]}}