{"id":8902,"date":"2025-04-08T05:47:31","date_gmt":"2025-04-08T05:47:31","guid":{"rendered":"https:\/\/mrcartools.com\/?post_type=product&#038;p=8902"},"modified":"2025-04-08T05:59:35","modified_gmt":"2025-04-08T05:59:35","slug":"battery-internal-resistance-tester-dy223","status":"publish","type":"product","link":"https:\/\/mrcartools.com\/de\/produkt\/battery-internal-resistance-tester-dy223\/","title":{"rendered":"Batterie-Innenwiderstandsmessger\u00e4t DY223"},"content":{"rendered":"<section class=\"section\" id=\"section_1469513245\">\n\t\t<div class=\"section-bg fill\" >\n\t\t\t\t\t\t\t\t\t\n\t\t\t\n\n\t\t<\/div>\n\n\t\t\n\n\t\t<div class=\"section-content relative\">\n\t\t\t\n<h3><strong>Batterie-Innenwiderstandspr\u00fcfer DY223 Dieser AC-Batterie-Innenwiderstandspr\u00fcfer ist ein tragbares Handger\u00e4t, das wichtige Parameter misst und speziell f\u00fcr bekannte Batterien, einschlie\u00dflich Lithium-, Nickel-Cadmium-, Bleis\u00e4ure-, Alkalibatterien und andere Batterietypen, entwickelt wurde.<\/strong><\/h3>\n<div class=\"detailmodule_image\">\n\t<div id=\"gap-1401279903\" class=\"gap-element clearfix\" style=\"display:block; height:auto;\">\n\t\t\n<style>\n#gap-1401279903 {\n  padding-top: 30px;\n}\n<\/style>\n\t<\/div>\n\t\n\t<div id=\"text-1371348600\" class=\"text\">\n\t\t\n<h3><strong>Batterie-Innenwiderstandstester DY223 Funktionen<\/strong><\/h3>\n\t\t\n<style>\n#text-1371348600 {\n  text-align: center;\n}\n<\/style>\n\t<\/div>\n\t\n<div class=\"accordion\">\n\t<div id=\"accordion-3612193663\" class=\"accordion-item\">\n\t\t<a id=\"accordion-3612193663-label\" class=\"accordion-title plain active\" href=\"#accordion-item-features\" aria-expanded=\"true\" aria-controls=\"accordion-3612193663-content\">\n\t\t\t<button class=\"toggle\" aria-label=\"Umschalten\"><i class=\"icon-angle-down\" aria-hidden=\"true\"><\/i><\/button>\n\t\t\t<span>Eigenschaften<\/span>\n\t\t<\/a>\n\t\t<div id=\"accordion-3612193663-content\" class=\"accordion-inner\" style=\"display: block;\" aria-labelledby=\"accordion-3612193663-label\">\n\t\t\t\n<ul class=\"a-unordered-list a-vertical a-spacing-mini\">\n<li class=\"a-spacing-mini\"><span class=\"a-list-item\">Breites Anwendungsspektrum, u. a. f\u00fcr Automobile, Motorr\u00e4der, Elektrofahrzeuge, Fahrzeuge mit neuen Energien, Alkalibatterien, Kohlenstoffbatterien, Knopfbatterien, usw.<\/span><\/li>\n<li class=\"a-spacing-mini\"><span class=\"a-list-item\">Mit seinen genauen und zuverl\u00e4ssigen Messwerten ist ein Batterieanalysator ein unverzichtbares Werkzeug f\u00fcr jeden, der Batterien pr\u00fcfen und warten muss.<\/span><\/li>\n<li class=\"a-spacing-mini\"><span class=\"a-list-item\">Der Batterieanalysator verwendet die Kelvin-Vier-Draht-Verbindungsmethode, die den Einfluss von Draht- und Kontaktwiderstand vermeidet und genaue und zuverl\u00e4ssige Testergebnisse gew\u00e4hrleistet.<\/span><\/li>\n<li class=\"a-spacing-mini\"><span class=\"a-list-item\">Mit automatischer Bereichsumschaltung und anpassbarem Schwellenwert ist der Batterieanalysator f\u00fcr eine Vielzahl von Batterietypen, einschlie\u00dflich Automobil-, Motorrad-, Elektrofahrzeug-, Alkali-, Kohlenstoff- und Knopfzellen, einfach zu verwenden.<\/span><\/li>\n<li class=\"a-spacing-mini\"><span class=\"a-list-item\">Das gro\u00dfe und \u00fcbersichtliche Display mit Hintergrundbeleuchtung macht das Ablesen und Interpretieren der Testergebnisse auch bei schlechten Lichtverh\u00e4ltnissen einfach.<\/span><\/li>\n<\/ul>\n<a href=\"https:\/\/api.whatsapp.com\/send\/?phone=%2B8618923768146&#038;text=onlinesupport\" target=\"_blank\" class=\"button primary is-outline is-smaller\" rel=\"noopener\" style=\"border-radius:30px;\">\n\t\t<span>Online-Support<\/span>\n\t<\/a>\n\n\t\t<\/div>\n\t<\/div>\n\t\n<\/div>\n\t\t<\/div>\n\n\t\t\n<style>\n#section_1469513245 {\n  padding-top: 30px;\n  padding-bottom: 30px;\n}\n<\/style>\n\t<\/section>\n\t\n\n\t<section class=\"section\" id=\"section_1975247881\">\n\t\t<div class=\"section-bg fill\" >\n\t\t\t\t\t\t\t\t\t\n\t\t\t\n\n\t\t<\/div>\n\n\t\t\n\n\t\t<div class=\"section-content relative\">\n\t\t\t\n<div class=\"row\"  id=\"row-1618452027\">\n\n\t<div id=\"col-432825783\" class=\"col medium-6 small-12 large-6\"  >\n\t\t\t\t<div class=\"col-inner\"  >\n\t\t\t\n\t\t\t\n\t<div class=\"img has-hover x md-x lg-x y md-y lg-y\" id=\"image_850263699\">\n\t\t\t\t\t\t\t\t<div class=\"img-inner dark\" >\n\t\t\t<img fetchpriority=\"high\" decoding=\"async\" width=\"1200\" height=\"1200\" src=\"https:\/\/mrcartools.com\/wp-content\/uploads\/2025\/04\/7c063f74-4e66-8fd9-2acf-713b7a3dd50b.jpg\" class=\"attachment-original size-original wvs-archive-product-image\" alt=\"\" srcset=\"\/\/mrcartools.com\/wp-content\/uploads\/2025\/04\/7c063f74-4e66-8fd9-2acf-713b7a3dd50b.jpg 1200w, \/\/mrcartools.com\/wp-content\/uploads\/2025\/04\/7c063f74-4e66-8fd9-2acf-713b7a3dd50b-150x150.jpg 150w, \/\/mrcartools.com\/wp-content\/uploads\/2025\/04\/7c063f74-4e66-8fd9-2acf-713b7a3dd50b-768x768.jpg 768w, \/\/mrcartools.com\/wp-content\/uploads\/2025\/04\/7c063f74-4e66-8fd9-2acf-713b7a3dd50b-253x253.jpg 253w, \/\/mrcartools.com\/wp-content\/uploads\/2025\/04\/7c063f74-4e66-8fd9-2acf-713b7a3dd50b-510x510.jpg 510w, \/\/mrcartools.com\/wp-content\/uploads\/2025\/04\/7c063f74-4e66-8fd9-2acf-713b7a3dd50b-100x100.jpg 100w, \/\/mrcartools.com\/wp-content\/uploads\/2025\/04\/7c063f74-4e66-8fd9-2acf-713b7a3dd50b-50x50.jpg 50w\" sizes=\"(max-width: 1200px) 100vw, 1200px\" \/>\t\t\t\t\t\t\n\t\t\t\t\t<\/div>\n\t\t\t\t\t\t\t\t\n<style>\n#image_850263699 {\n  width: 100%;\n}\n<\/style>\n\t<\/div>\n\t\n\t\t<\/div>\n\t\t\t\t\t<\/div>\n\n\t\n\n\t<div id=\"col-1778199404\" class=\"col medium-6 small-12 large-6\"  >\n\t\t\t\t<div class=\"col-inner\"  >\n\t\t\t\n\t\t\t\n\t<div class=\"img has-hover x md-x lg-x y md-y lg-y\" id=\"image_1766468209\">\n\t\t\t\t\t\t\t\t<div class=\"img-inner dark\" >\n\t\t\t<img decoding=\"async\" width=\"1200\" height=\"1200\" src=\"https:\/\/mrcartools.com\/wp-content\/uploads\/2025\/04\/ed328c97-36fd-77b5-b79a-189d996c49dc.jpg\" class=\"attachment-original size-original wvs-archive-product-image\" alt=\"\" srcset=\"\/\/mrcartools.com\/wp-content\/uploads\/2025\/04\/ed328c97-36fd-77b5-b79a-189d996c49dc.jpg 1200w, \/\/mrcartools.com\/wp-content\/uploads\/2025\/04\/ed328c97-36fd-77b5-b79a-189d996c49dc-150x150.jpg 150w, \/\/mrcartools.com\/wp-content\/uploads\/2025\/04\/ed328c97-36fd-77b5-b79a-189d996c49dc-768x768.jpg 768w, \/\/mrcartools.com\/wp-content\/uploads\/2025\/04\/ed328c97-36fd-77b5-b79a-189d996c49dc-253x253.jpg 253w, \/\/mrcartools.com\/wp-content\/uploads\/2025\/04\/ed328c97-36fd-77b5-b79a-189d996c49dc-510x510.jpg 510w, \/\/mrcartools.com\/wp-content\/uploads\/2025\/04\/ed328c97-36fd-77b5-b79a-189d996c49dc-100x100.jpg 100w, \/\/mrcartools.com\/wp-content\/uploads\/2025\/04\/ed328c97-36fd-77b5-b79a-189d996c49dc-50x50.jpg 50w\" sizes=\"(max-width: 1200px) 100vw, 1200px\" \/>\t\t\t\t\t\t\n\t\t\t\t\t<\/div>\n\t\t\t\t\t\t\t\t\n<style>\n#image_1766468209 {\n  width: 100%;\n}\n<\/style>\n\t<\/div>\n\t\n\t\t<\/div>\n\t\t\t\t\t<\/div>\n\n\t\n<\/div>\n<div class=\"row\"  id=\"row-1323289008\">\n\n\t<div id=\"col-1215496017\" class=\"col medium-6 small-12 large-6\"  >\n\t\t\t\t<div class=\"col-inner\"  >\n\t\t\t\n\t\t\t\n\t<div class=\"img has-hover x md-x lg-x y md-y lg-y\" id=\"image_209331267\">\n\t\t\t\t\t\t\t\t<div class=\"img-inner dark\" >\n\t\t\t<img decoding=\"async\" width=\"1200\" height=\"1200\" src=\"https:\/\/mrcartools.com\/wp-content\/uploads\/2025\/04\/c4262b65-a3b1-f5db-dadc-f6aafd484bbe.jpg\" class=\"attachment-original size-original wvs-archive-product-image\" alt=\"\" srcset=\"\/\/mrcartools.com\/wp-content\/uploads\/2025\/04\/c4262b65-a3b1-f5db-dadc-f6aafd484bbe.jpg 1200w, \/\/mrcartools.com\/wp-content\/uploads\/2025\/04\/c4262b65-a3b1-f5db-dadc-f6aafd484bbe-150x150.jpg 150w, \/\/mrcartools.com\/wp-content\/uploads\/2025\/04\/c4262b65-a3b1-f5db-dadc-f6aafd484bbe-768x768.jpg 768w, \/\/mrcartools.com\/wp-content\/uploads\/2025\/04\/c4262b65-a3b1-f5db-dadc-f6aafd484bbe-253x253.jpg 253w, \/\/mrcartools.com\/wp-content\/uploads\/2025\/04\/c4262b65-a3b1-f5db-dadc-f6aafd484bbe-510x510.jpg 510w, \/\/mrcartools.com\/wp-content\/uploads\/2025\/04\/c4262b65-a3b1-f5db-dadc-f6aafd484bbe-100x100.jpg 100w, \/\/mrcartools.com\/wp-content\/uploads\/2025\/04\/c4262b65-a3b1-f5db-dadc-f6aafd484bbe-50x50.jpg 50w\" sizes=\"(max-width: 1200px) 100vw, 1200px\" \/>\t\t\t\t\t\t\n\t\t\t\t\t<\/div>\n\t\t\t\t\t\t\t\t\n<style>\n#image_209331267 {\n  width: 100%;\n}\n<\/style>\n\t<\/div>\n\t\n\t\t<\/div>\n\t\t\t\t\t<\/div>\n\n\t\n\n\t<div id=\"col-1803816225\" class=\"col medium-6 small-12 large-6\"  >\n\t\t\t\t<div class=\"col-inner\"  >\n\t\t\t\n\t\t\t\n\t<div class=\"img has-hover x md-x lg-x y md-y lg-y\" id=\"image_1095683944\">\n\t\t\t\t\t\t\t\t<div class=\"img-inner dark\" >\n\t\t\t<img loading=\"lazy\" decoding=\"async\" width=\"1200\" height=\"1200\" src=\"https:\/\/mrcartools.com\/wp-content\/uploads\/2025\/04\/0f03f1c8-6805-cfd4-1314-ea882e909f4e.jpg\" class=\"attachment-original size-original wvs-archive-product-image\" alt=\"\" srcset=\"\/\/mrcartools.com\/wp-content\/uploads\/2025\/04\/0f03f1c8-6805-cfd4-1314-ea882e909f4e.jpg 1200w, \/\/mrcartools.com\/wp-content\/uploads\/2025\/04\/0f03f1c8-6805-cfd4-1314-ea882e909f4e-150x150.jpg 150w, \/\/mrcartools.com\/wp-content\/uploads\/2025\/04\/0f03f1c8-6805-cfd4-1314-ea882e909f4e-768x768.jpg 768w, \/\/mrcartools.com\/wp-content\/uploads\/2025\/04\/0f03f1c8-6805-cfd4-1314-ea882e909f4e-253x253.jpg 253w, \/\/mrcartools.com\/wp-content\/uploads\/2025\/04\/0f03f1c8-6805-cfd4-1314-ea882e909f4e-510x510.jpg 510w, \/\/mrcartools.com\/wp-content\/uploads\/2025\/04\/0f03f1c8-6805-cfd4-1314-ea882e909f4e-100x100.jpg 100w, \/\/mrcartools.com\/wp-content\/uploads\/2025\/04\/0f03f1c8-6805-cfd4-1314-ea882e909f4e-50x50.jpg 50w\" sizes=\"(max-width: 1200px) 100vw, 1200px\" \/>\t\t\t\t\t\t\n\t\t\t\t\t<\/div>\n\t\t\t\t\t\t\t\t\n<style>\n#image_1095683944 {\n  width: 100%;\n}\n<\/style>\n\t<\/div>\n\t\n\t\t<\/div>\n\t\t\t\t\t<\/div>\n\n\t\n\n\t<div id=\"col-1904343535\" class=\"col medium-6 small-12 large-6\"  >\n\t\t\t\t<div class=\"col-inner\"  >\n\t\t\t\n\t\t\t\n\t<div class=\"img has-hover x md-x lg-x y md-y lg-y\" id=\"image_1768795056\">\n\t\t\t\t\t\t\t\t<div class=\"img-inner dark\" >\n\t\t\t<img loading=\"lazy\" decoding=\"async\" width=\"1200\" height=\"1200\" src=\"https:\/\/mrcartools.com\/wp-content\/uploads\/2025\/04\/ab227f13-2e7c-2d7c-925e-9178cd39ded3.jpg\" class=\"attachment-original size-original wvs-archive-product-image\" alt=\"\" srcset=\"\/\/mrcartools.com\/wp-content\/uploads\/2025\/04\/ab227f13-2e7c-2d7c-925e-9178cd39ded3.jpg 1200w, \/\/mrcartools.com\/wp-content\/uploads\/2025\/04\/ab227f13-2e7c-2d7c-925e-9178cd39ded3-150x150.jpg 150w, \/\/mrcartools.com\/wp-content\/uploads\/2025\/04\/ab227f13-2e7c-2d7c-925e-9178cd39ded3-768x768.jpg 768w, \/\/mrcartools.com\/wp-content\/uploads\/2025\/04\/ab227f13-2e7c-2d7c-925e-9178cd39ded3-253x253.jpg 253w, \/\/mrcartools.com\/wp-content\/uploads\/2025\/04\/ab227f13-2e7c-2d7c-925e-9178cd39ded3-510x510.jpg 510w, \/\/mrcartools.com\/wp-content\/uploads\/2025\/04\/ab227f13-2e7c-2d7c-925e-9178cd39ded3-100x100.jpg 100w, \/\/mrcartools.com\/wp-content\/uploads\/2025\/04\/ab227f13-2e7c-2d7c-925e-9178cd39ded3-50x50.jpg 50w\" sizes=\"(max-width: 1200px) 100vw, 1200px\" \/>\t\t\t\t\t\t\n\t\t\t\t\t<\/div>\n\t\t\t\t\t\t\t\t\n<style>\n#image_1768795056 {\n  width: 100%;\n}\n<\/style>\n\t<\/div>\n\t\n\t\t<\/div>\n\t\t\t\t\t<\/div>\n\n\t\n\n\t<div id=\"col-242316348\" class=\"col medium-6 small-12 large-6\"  >\n\t\t\t\t<div class=\"col-inner\"  >\n\t\t\t\n\t\t\t\n\t<div class=\"img has-hover x md-x lg-x y md-y lg-y\" id=\"image_1794913222\">\n\t\t\t\t\t\t\t\t<div class=\"img-inner dark\" >\n\t\t\t<img loading=\"lazy\" decoding=\"async\" width=\"1200\" height=\"1200\" src=\"https:\/\/mrcartools.com\/wp-content\/uploads\/2025\/04\/bf0f20a6-47b1-9406-a1ab-cebd41b77b5a.jpg\" class=\"attachment-original size-original wvs-archive-product-image\" alt=\"\" srcset=\"\/\/mrcartools.com\/wp-content\/uploads\/2025\/04\/bf0f20a6-47b1-9406-a1ab-cebd41b77b5a.jpg 1200w, \/\/mrcartools.com\/wp-content\/uploads\/2025\/04\/bf0f20a6-47b1-9406-a1ab-cebd41b77b5a-150x150.jpg 150w, \/\/mrcartools.com\/wp-content\/uploads\/2025\/04\/bf0f20a6-47b1-9406-a1ab-cebd41b77b5a-768x768.jpg 768w, \/\/mrcartools.com\/wp-content\/uploads\/2025\/04\/bf0f20a6-47b1-9406-a1ab-cebd41b77b5a-253x253.jpg 253w, \/\/mrcartools.com\/wp-content\/uploads\/2025\/04\/bf0f20a6-47b1-9406-a1ab-cebd41b77b5a-510x510.jpg 510w, \/\/mrcartools.com\/wp-content\/uploads\/2025\/04\/bf0f20a6-47b1-9406-a1ab-cebd41b77b5a-100x100.jpg 100w, \/\/mrcartools.com\/wp-content\/uploads\/2025\/04\/bf0f20a6-47b1-9406-a1ab-cebd41b77b5a-50x50.jpg 50w\" sizes=\"(max-width: 1200px) 100vw, 1200px\" \/>\t\t\t\t\t\t\n\t\t\t\t\t<\/div>\n\t\t\t\t\t\t\t\t\n<style>\n#image_1794913222 {\n  width: 100%;\n}\n<\/style>\n\t<\/div>\n\t\n\t\t<\/div>\n\t\t\t\t\t<\/div>\n\n\t\n\n\t<div id=\"col-148249603\" class=\"col small-12 large-12\"  >\n\t\t\t\t<div class=\"col-inner\"  >\n\t\t\t\n\t\t\t\n<h3><strong>Packliste :<\/strong><\/h3>\n\t<div class=\"img has-hover x md-x lg-x y md-y lg-y\" id=\"image_2011414914\">\n\t\t\t\t\t\t\t\t<div class=\"img-inner dark\" >\n\t\t\t<img loading=\"lazy\" decoding=\"async\" width=\"1200\" height=\"1200\" src=\"https:\/\/mrcartools.com\/wp-content\/uploads\/2025\/04\/ddb51cf8-7465-0947-2205-9e36ba8228cb.jpg\" class=\"attachment-original size-original wvs-archive-product-image\" alt=\"\" srcset=\"\/\/mrcartools.com\/wp-content\/uploads\/2025\/04\/ddb51cf8-7465-0947-2205-9e36ba8228cb.jpg 1200w, \/\/mrcartools.com\/wp-content\/uploads\/2025\/04\/ddb51cf8-7465-0947-2205-9e36ba8228cb-150x150.jpg 150w, \/\/mrcartools.com\/wp-content\/uploads\/2025\/04\/ddb51cf8-7465-0947-2205-9e36ba8228cb-768x768.jpg 768w, \/\/mrcartools.com\/wp-content\/uploads\/2025\/04\/ddb51cf8-7465-0947-2205-9e36ba8228cb-253x253.jpg 253w, \/\/mrcartools.com\/wp-content\/uploads\/2025\/04\/ddb51cf8-7465-0947-2205-9e36ba8228cb-510x510.jpg 510w, \/\/mrcartools.com\/wp-content\/uploads\/2025\/04\/ddb51cf8-7465-0947-2205-9e36ba8228cb-100x100.jpg 100w, \/\/mrcartools.com\/wp-content\/uploads\/2025\/04\/ddb51cf8-7465-0947-2205-9e36ba8228cb-50x50.jpg 50w\" sizes=\"(max-width: 1200px) 100vw, 1200px\" \/>\t\t\t\t\t\t\n\t\t\t\t\t<\/div>\n\t\t\t\t\t\t\t\t\n<style>\n#image_2011414914 {\n  width: 100%;\n}\n<\/style>\n\t<\/div>\n\t\n\t\t<\/div>\n\t\t\t\t\t<\/div>\n\n\t\n<\/div>\n\t\t<\/div>\n\n\t\t\n<style>\n#section_1975247881 {\n  padding-top: 30px;\n  padding-bottom: 30px;\n}\n<\/style>\n\t<\/section>\n\t\n<\/p><\/div>","protected":false},"excerpt":{"rendered":"<ul>\n<li>Automatischer Bereich f\u00fcr Widerstands- und Spannungsmessung<\/li>\n<li>Gleichzeitige Messung und Anzeige von Batteriewiderstand und -spannung.<\/li>\n<li>Integrierte Messung der Umgebungstemperatur.<\/li>\n<\/ul>","protected":false},"featured_media":8913,"template":"","meta":[],"product_brand":[],"product_cat":[154,152],"product_tag":[],"class_list":{"0":"post-8902","1":"product","2":"type-product","3":"status-publish","4":"has-post-thumbnail","6":"product_cat-duoyi","7":"product_cat-other-brand","8":"product_shipping_class-weight","9":"pa_ship-from-china","10":"pa_ship-from-germany","11":"pa_ship-from-united-kingdom","12":"pa_ship-from-united-states","14":"first","15":"instock","16":"shipping-taxable","17":"product-type-variable","18":"wvs-archive-product-wrapper"},"yoast_head":"<!-- This site is optimized with the Yoast SEO Premium plugin v24.4 (Yoast SEO v24.4) - https:\/\/yoast.com\/wordpress\/plugins\/seo\/ -->\n<title>Battery Internal Resistance Tester DY223 - Mrcartool<\/title>\n<meta name=\"description\" content=\"battery analyzer Battery Internal Resistance Tester is suitable for a variety of environments and measures internal resistance, voltage and ambient temperature to fully analyze the battery condition.\" \/>\n<meta name=\"robots\" content=\"index, follow, max-snippet:-1, max-image-preview:large, max-video-preview:-1\" \/>\n<link rel=\"canonical\" href=\"https:\/\/mrcartools.com\/de\/produkt\/battery-internal-resistance-tester-dy223\/\" \/>\n<meta property=\"og:locale\" content=\"de_DE\" \/>\n<meta property=\"og:type\" content=\"article\" \/>\n<meta property=\"og:title\" content=\"Battery Internal Resistance Tester DY223\" \/>\n<meta property=\"og:description\" content=\"battery analyzer Battery Internal Resistance Tester is suitable for a variety of environments and measures internal resistance, voltage and ambient temperature to fully analyze the battery condition.\" \/>\n<meta property=\"og:url\" content=\"https:\/\/mrcartools.com\/de\/produkt\/battery-internal-resistance-tester-dy223\/\" \/>\n<meta property=\"og:site_name\" content=\"Mrcartool\" \/>\n<meta property=\"article:modified_time\" content=\"2025-04-08T05:59:35+00:00\" \/>\n<meta property=\"og:image\" content=\"https:\/\/mrcartools.com\/wp-content\/uploads\/2025\/04\/dc2140ef-c019-c881-870a-747d50ed152c.jpg\" \/>\n\t<meta property=\"og:image:width\" content=\"1600\" \/>\n\t<meta property=\"og:image:height\" content=\"1600\" \/>\n\t<meta property=\"og:image:type\" content=\"image\/jpeg\" \/>\n<meta name=\"twitter:card\" content=\"summary_large_image\" \/>\n<meta name=\"twitter:label1\" content=\"Gesch\u00e4tzte Lesezeit\" \/>\n\t<meta name=\"twitter:data1\" content=\"2\u00a0Minuten\" \/>\n<script type=\"application\/ld+json\" class=\"yoast-schema-graph\">{\"@context\":\"https:\/\/schema.org\",\"@graph\":[{\"@type\":\"WebPage\",\"@id\":\"https:\/\/mrcartools.com\/product\/battery-internal-resistance-tester-dy223\/\",\"url\":\"https:\/\/mrcartools.com\/product\/battery-internal-resistance-tester-dy223\/\",\"name\":\"Battery Internal Resistance Tester DY223 - Mrcartool\",\"isPartOf\":{\"@id\":\"https:\/\/mrcartools.com\/#website\"},\"primaryImageOfPage\":{\"@id\":\"https:\/\/mrcartools.com\/product\/battery-internal-resistance-tester-dy223\/#primaryimage\"},\"image\":{\"@id\":\"https:\/\/mrcartools.com\/product\/battery-internal-resistance-tester-dy223\/#primaryimage\"},\"thumbnailUrl\":\"https:\/\/mrcartools.com\/wp-content\/uploads\/2025\/04\/dc2140ef-c019-c881-870a-747d50ed152c.jpg\",\"datePublished\":\"2025-04-08T05:47:31+00:00\",\"dateModified\":\"2025-04-08T05:59:35+00:00\",\"description\":\"battery analyzer Battery Internal Resistance Tester is suitable for a variety of environments and measures internal resistance, voltage and ambient temperature to fully analyze the battery condition.\",\"breadcrumb\":{\"@id\":\"https:\/\/mrcartools.com\/product\/battery-internal-resistance-tester-dy223\/#breadcrumb\"},\"inLanguage\":\"de\",\"potentialAction\":[{\"@type\":\"ReadAction\",\"target\":[\"https:\/\/mrcartools.com\/product\/battery-internal-resistance-tester-dy223\/\"]}]},{\"@type\":\"ImageObject\",\"inLanguage\":\"de\",\"@id\":\"https:\/\/mrcartools.com\/product\/battery-internal-resistance-tester-dy223\/#primaryimage\",\"url\":\"https:\/\/mrcartools.com\/wp-content\/uploads\/2025\/04\/dc2140ef-c019-c881-870a-747d50ed152c.jpg\",\"contentUrl\":\"https:\/\/mrcartools.com\/wp-content\/uploads\/2025\/04\/dc2140ef-c019-c881-870a-747d50ed152c.jpg\",\"width\":1600,\"height\":1600},{\"@type\":\"BreadcrumbList\",\"@id\":\"https:\/\/mrcartools.com\/product\/battery-internal-resistance-tester-dy223\/#breadcrumb\",\"itemListElement\":[{\"@type\":\"ListItem\",\"position\":1,\"name\":\"Home\",\"item\":\"https:\/\/mrcartools.com\/\"},{\"@type\":\"ListItem\",\"position\":2,\"name\":\"Shop\",\"item\":\"https:\/\/mrcartools.com\/shop-2\/\"},{\"@type\":\"ListItem\",\"position\":3,\"name\":\"Battery Internal Resistance Tester DY223\"}]},{\"@type\":\"WebSite\",\"@id\":\"https:\/\/mrcartools.com\/#website\",\"url\":\"https:\/\/mrcartools.com\/\",\"name\":\"MRCARTOOL\",\"description\":\"MRCARTOOL Official Website\",\"publisher\":{\"@id\":\"https:\/\/mrcartools.com\/#organization\"},\"potentialAction\":[{\"@type\":\"SearchAction\",\"target\":{\"@type\":\"EntryPoint\",\"urlTemplate\":\"https:\/\/mrcartools.com\/?s={search_term_string}\"},\"query-input\":{\"@type\":\"PropertyValueSpecification\",\"valueRequired\":true,\"valueName\":\"search_term_string\"}}],\"inLanguage\":\"de\"},{\"@type\":\"Organization\",\"@id\":\"https:\/\/mrcartools.com\/#organization\",\"name\":\"MRCARTOOL\",\"url\":\"https:\/\/mrcartools.com\/\",\"logo\":{\"@type\":\"ImageObject\",\"inLanguage\":\"de\",\"@id\":\"https:\/\/mrcartools.com\/#\/schema\/logo\/image\/\",\"url\":\"https:\/\/mrcartools.com\/wp-content\/uploads\/2023\/07\/\u4e0a\u4f73\u6c7d\u8f66\u5de5\u5177-LOGO-2.png\",\"contentUrl\":\"https:\/\/mrcartools.com\/wp-content\/uploads\/2023\/07\/\u4e0a\u4f73\u6c7d\u8f66\u5de5\u5177-LOGO-2.png\",\"width\":1800,\"height\":402,\"caption\":\"MRCARTOOL\"},\"image\":{\"@id\":\"https:\/\/mrcartools.com\/#\/schema\/logo\/image\/\"}}]}<\/script>\n<!-- \/ Yoast SEO Premium plugin. -->","yoast_head_json":{"title":"Battery Internal Resistance Tester DY223 - Mrcartool","description":"battery analyzer Battery Internal Resistance Tester is suitable for a variety of environments and measures internal resistance, voltage and ambient temperature to fully analyze the battery condition.","robots":{"index":"index","follow":"follow","max-snippet":"max-snippet:-1","max-image-preview":"max-image-preview:large","max-video-preview":"max-video-preview:-1"},"canonical":"https:\/\/mrcartools.com\/de\/produkt\/battery-internal-resistance-tester-dy223\/","og_locale":"de_DE","og_type":"article","og_title":"Battery Internal Resistance Tester DY223","og_description":"battery analyzer Battery Internal Resistance Tester is suitable for a variety of environments and measures internal resistance, voltage and ambient temperature to fully analyze the battery condition.","og_url":"https:\/\/mrcartools.com\/de\/produkt\/battery-internal-resistance-tester-dy223\/","og_site_name":"Mrcartool","article_modified_time":"2025-04-08T05:59:35+00:00","og_image":[{"width":1600,"height":1600,"url":"https:\/\/mrcartools.com\/wp-content\/uploads\/2025\/04\/dc2140ef-c019-c881-870a-747d50ed152c.jpg","type":"image\/jpeg"}],"twitter_card":"summary_large_image","twitter_misc":{"Gesch\u00e4tzte Lesezeit":"2\u00a0Minuten"},"schema":{"@context":"https:\/\/schema.org","@graph":[{"@type":"WebPage","@id":"https:\/\/mrcartools.com\/product\/battery-internal-resistance-tester-dy223\/","url":"https:\/\/mrcartools.com\/product\/battery-internal-resistance-tester-dy223\/","name":"Battery Internal Resistance Tester DY223 - Mrcartool","isPartOf":{"@id":"https:\/\/mrcartools.com\/#website"},"primaryImageOfPage":{"@id":"https:\/\/mrcartools.com\/product\/battery-internal-resistance-tester-dy223\/#primaryimage"},"image":{"@id":"https:\/\/mrcartools.com\/product\/battery-internal-resistance-tester-dy223\/#primaryimage"},"thumbnailUrl":"https:\/\/mrcartools.com\/wp-content\/uploads\/2025\/04\/dc2140ef-c019-c881-870a-747d50ed152c.jpg","datePublished":"2025-04-08T05:47:31+00:00","dateModified":"2025-04-08T05:59:35+00:00","description":"battery analyzer Battery Internal Resistance Tester is suitable for a variety of environments and measures internal resistance, voltage and ambient temperature to fully analyze the battery condition.","breadcrumb":{"@id":"https:\/\/mrcartools.com\/product\/battery-internal-resistance-tester-dy223\/#breadcrumb"},"inLanguage":"de","potentialAction":[{"@type":"ReadAction","target":["https:\/\/mrcartools.com\/product\/battery-internal-resistance-tester-dy223\/"]}]},{"@type":"ImageObject","inLanguage":"de","@id":"https:\/\/mrcartools.com\/product\/battery-internal-resistance-tester-dy223\/#primaryimage","url":"https:\/\/mrcartools.com\/wp-content\/uploads\/2025\/04\/dc2140ef-c019-c881-870a-747d50ed152c.jpg","contentUrl":"https:\/\/mrcartools.com\/wp-content\/uploads\/2025\/04\/dc2140ef-c019-c881-870a-747d50ed152c.jpg","width":1600,"height":1600},{"@type":"BreadcrumbList","@id":"https:\/\/mrcartools.com\/product\/battery-internal-resistance-tester-dy223\/#breadcrumb","itemListElement":[{"@type":"ListItem","position":1,"name":"Home","item":"https:\/\/mrcartools.com\/"},{"@type":"ListItem","position":2,"name":"Shop","item":"https:\/\/mrcartools.com\/shop-2\/"},{"@type":"ListItem","position":3,"name":"Battery Internal Resistance Tester DY223"}]},{"@type":"WebSite","@id":"https:\/\/mrcartools.com\/#website","url":"https:\/\/mrcartools.com\/","name":"MRCARTOOL","description":"MRCARTOOL Offizielle Website","publisher":{"@id":"https:\/\/mrcartools.com\/#organization"},"potentialAction":[{"@type":"SearchAction","target":{"@type":"EntryPoint","urlTemplate":"https:\/\/mrcartools.com\/?s={search_term_string}"},"query-input":{"@type":"PropertyValueSpecification","valueRequired":true,"valueName":"search_term_string"}}],"inLanguage":"de"},{"@type":"Organization","@id":"https:\/\/mrcartools.com\/#organization","name":"MRCARTOOL","url":"https:\/\/mrcartools.com\/","logo":{"@type":"ImageObject","inLanguage":"de","@id":"https:\/\/mrcartools.com\/#\/schema\/logo\/image\/","url":"https:\/\/mrcartools.com\/wp-content\/uploads\/2023\/07\/\u4e0a\u4f73\u6c7d\u8f66\u5de5\u5177-LOGO-2.png","contentUrl":"https:\/\/mrcartools.com\/wp-content\/uploads\/2023\/07\/\u4e0a\u4f73\u6c7d\u8f66\u5de5\u5177-LOGO-2.png","width":1800,"height":402,"caption":"MRCARTOOL"},"image":{"@id":"https:\/\/mrcartools.com\/#\/schema\/logo\/image\/"}}]}},"_links":{"self":[{"href":"https:\/\/mrcartools.com\/de\/wp-json\/wp\/v2\/product\/8902","targetHints":{"allow":["GET"]}}],"collection":[{"href":"https:\/\/mrcartools.com\/de\/wp-json\/wp\/v2\/product"}],"about":[{"href":"https:\/\/mrcartools.com\/de\/wp-json\/wp\/v2\/types\/product"}],"version-history":[{"count":0,"href":"https:\/\/mrcartools.com\/de\/wp-json\/wp\/v2\/product\/8902\/revisions"}],"wp:featuredmedia":[{"embeddable":true,"href":"https:\/\/mrcartools.com\/de\/wp-json\/wp\/v2\/media\/8913"}],"wp:attachment":[{"href":"https:\/\/mrcartools.com\/de\/wp-json\/wp\/v2\/media?parent=8902"}],"wp:term":[{"taxonomy":"product_brand","embeddable":true,"href":"https:\/\/mrcartools.com\/de\/wp-json\/wp\/v2\/product_brand?post=8902"},{"taxonomy":"product_cat","embeddable":true,"href":"https:\/\/mrcartools.com\/de\/wp-json\/wp\/v2\/product_cat?post=8902"},{"taxonomy":"product_tag","embeddable":true,"href":"https:\/\/mrcartools.com\/de\/wp-json\/wp\/v2\/product_tag?post=8902"}],"curies":[{"name":"wp","href":"https:\/\/api.w.org\/{rel}","templated":true}]}}