{"id":1447,"date":"2022-03-17T08:44:47","date_gmt":"2022-03-17T08:44:47","guid":{"rendered":"https:\/\/mrcartools.com\/?post_type=product&#038;p=1447"},"modified":"2025-09-15T01:13:32","modified_gmt":"2025-09-15T01:13:32","slug":"mr-cartool-s310-ev-home-charger-wallbox-32a-7kw-level-2-charging-pile-wall-mount-for-ev","status":"publish","type":"product","link":"https:\/\/mrcartools.com\/es\/producto\/mr-cartool-s310-ev-home-charger-wallbox-32a-7kw-level-2-charging-pile-wall-mount-for-ev\/","title":{"rendered":"MRCARTOOL S310 EV Home Charger Wallbox 32A 7KW Nivel 2 Pila De Carga De Pared Para EV"},"content":{"rendered":"<div class=\"detailmodule_text\">\n<h3 class=\"detail-desc-decorate-content\"><strong>MRCARTOOL S310 EV Home Charger es su socio de confianza para la carga r\u00e1pida de veh\u00edculos el\u00e9ctricos. Con protecci\u00f3n integrada contra sobrecorriente y corriente de fuga, puede instalarse como unidad independiente para garantizar su seguridad. Puede instalarlo en su garaje o en cualquier lugar de su casa.<\/strong><\/h3>\n<p class=\"detail-desc-decorate-content\"><span style=\"color: #ed1c24;\"><strong>El producto est\u00e1 disponible en dos versiones para EE.UU. y las normas europeas, por favor seleccione el cargador adecuado de acuerdo a su modelo de coche antes de comprar.<\/strong><\/span><\/p>\n<h3><strong><a href=\"https:\/\/mrcartools.com\/wp-content\/uploads\/2022\/03\/S310-MANUAL-\u591a\u8bed\u8a00-\u7248\u672c20240516.pdf\"><span style=\"color: #ed1c24;\">MRCARTOOL S310 User Home Charger Manual Download&gt;&gt;<\/span><\/a><\/strong><\/h3>\n<\/div>\n<h3 class=\"detailmodule_image\"><\/h3>\n<div class=\"wp-playlist wp-video-playlist wp-playlist-light\">\n\t\t<video controls=\"controls\" preload=\"none\" width=\"998\"\n\t\t height=\"561\"\t><\/video>\n\t<div class=\"wp-playlist-next\"><\/div>\n\t<div class=\"wp-playlist-prev\"><\/div>\n\t<noscript>\n\t<ol>\n\t\t<li><a href='https:\/\/mrcartools.com\/wp-content\/uploads\/2022\/03\/S310.mp4'>S310<\/a><\/li><li><a href='https:\/\/mrcartools.com\/wp-content\/uploads\/2025\/08\/Mrcartool-N180-Industrial-endoscopes.mp4'>Mrcartool N180 Endoscopios industriales<\/a><\/li>\t<\/ol>\n\t<\/noscript>\n\t<script type=\"application\/json\" class=\"wp-playlist-script\">{\"type\":\"video\",\"tracklist\":true,\"tracknumbers\":true,\"images\":true,\"artists\":true,\"tracks\":[{\"src\":\"https:\/\/mrcartools.com\/wp-content\/uploads\/2022\/03\/S310.mp4\",\"type\":\"video\/mp4\",\"title\":\"S310\",\"caption\":\"\",\"description\":\"\",\"meta\":{\"length_formatted\":\"0:46\"},\"dimensions\":{\"original\":{\"width\":1920,\"height\":1080},\"resized\":{\"width\":998,\"height\":561}},\"image\":{\"src\":\"https:\/\/mrcartools.com\/wp-includes\/images\/media\/video.svg\",\"width\":48,\"height\":64},\"thumb\":{\"src\":\"https:\/\/mrcartools.com\/wp-includes\/images\/media\/video.svg\",\"width\":48,\"height\":64}},{\"src\":\"https:\/\/mrcartools.com\/wp-content\/uploads\/2025\/08\/Mrcartool-N180-Industrial-endoscopes.mp4\",\"type\":\"video\/mp4\",\"title\":\"Mrcartool N180 Industrial endoscopes\",\"caption\":\"\",\"description\":\"\",\"meta\":{\"length_formatted\":\"1:22\"},\"dimensions\":{\"original\":{\"width\":1920,\"height\":1080},\"resized\":{\"width\":998,\"height\":561}},\"image\":{\"src\":\"https:\/\/mrcartools.com\/wp-includes\/images\/media\/video.svg\",\"width\":48,\"height\":64},\"thumb\":{\"src\":\"https:\/\/mrcartools.com\/wp-includes\/images\/media\/video.svg\",\"width\":48,\"height\":64}}]}<\/script>\n<\/div>\n\t\n<h3 class=\"detailmodule_image\"><img fetchpriority=\"high\" decoding=\"async\" class=\"alignnone size-full wp-image-9157\" src=\"https:\/\/mrcartools.com\/wp-content\/uploads\/2024\/05\/4989dfb1f8e13314b584680d13204c90.png\" alt=\"\" width=\"1388\" height=\"1042\" srcset=\"\/\/mrcartools.com\/wp-content\/uploads\/2024\/05\/4989dfb1f8e13314b584680d13204c90.png 1388w, \/\/mrcartools.com\/wp-content\/uploads\/2024\/05\/4989dfb1f8e13314b584680d13204c90-150x113.png 150w, \/\/mrcartools.com\/wp-content\/uploads\/2024\/05\/4989dfb1f8e13314b584680d13204c90-768x577.png 768w, \/\/mrcartools.com\/wp-content\/uploads\/2024\/05\/4989dfb1f8e13314b584680d13204c90-510x383.png 510w\" sizes=\"(max-width: 1388px) 100vw, 1388px\" \/><\/h3>\n<h3><strong>Serie de cargadores para VE B\u00fasqueda r\u00e1pida<\/strong><\/h3>\n<ul>\n<li><a href=\"https:\/\/mrcartools.com\/es\/producto\/mrcartool-s300-portable-ev-charger-electric-vehicle-charging-adapter-for-electric-car-with-5m-cable\/\">Cargador port\u00e1til EV MRCARTOOL S300<\/a><\/li>\n<li><a href=\"https:\/\/mrcartools.com\/es\/producto\/mr-cartool-s310-ev-home-charger-wallbox-32a-7kw-level-2-charging-pile-wall-mount-for-ev\/\">MRCARTOOL S310 Cargador de coche el\u00e9ctrico Conector de pared 4.5m(15FT)<\/a><\/li>\n<li><a href=\"https:\/\/mrcartools.com\/es\/producto\/mr-cartool-s310-electric-car-charger\/\">MRCARTOOL S310 Cargador de coche el\u00e9ctrico Conector de pared 8.5m(28FT) <\/a><\/li>\n<li><a href=\"https:\/\/mrcartools.com\/es\/producto\/mrcartool-s311-electric-vehicle-charger-ev-charging-station-wall-connector\/\">Conector de pared para cargador de veh\u00edculo el\u00e9ctrico MRCARTOOL S311<\/a><\/li>\n<\/ul>\n<h3 style=\"font-size: 22px;\"><strong>Caracter\u00edsticas del producto:<\/strong><\/h3>\n<p class=\"detail-desc-decorate-content\">El cargador dom\u00e9stico S310 EV utiliza el protocolo de carga est\u00e1ndar SAE_J1772 e IEC_61851-1, por lo que funciona bien con todos los coches el\u00e9ctricos.<br \/>\nSu cargador EV de nivel 2 de 32A puede cargar su coche hasta 2 veces m\u00e1s r\u00e1pido que el cargador EV de nivel 2 de 16A. Es 4 veces m\u00e1s r\u00e1pido que el cargador EV de nivel 1 de 16A con el que vienen la mayor\u00eda de los veh\u00edculos el\u00e9ctricos. Normalmente, una carga completa tarda entre 7 y 12 horas. (La corriente de trabajo real depende de la configuraci\u00f3n de su veh\u00edculo)<\/p>\n<div class=\"detailmodule_text\">\n<h3 style=\"font-size: 22px;\"><strong>C\u00f3mo instalar el cargador dom\u00e9stico S310 EV:<\/strong><\/h3>\n<p class=\"detail-desc-decorate-content\">1. Posicionar los agujeros de acuerdo con el tama\u00f1o de la placa base montada en la pared, luego perforar agujeros de 4-\u03c66*35mm e insertar los tubos de expansi\u00f3n.<br \/>\n2. Bloquee los tornillos autorroscantes 4-M4*32 en el tubo de expansi\u00f3n y fije la placa base mural en la pared.<br \/>\n3. Abra la cubierta superior de la pila de carga, cuelgue la pila en el soporte montado en la pared y bloquee los tornillos de la parte inferior de la<br \/>\npila.<br \/>\n4. Pase el cable de alimentaci\u00f3n de 3*6mm a trav\u00e9s del cabezal estanco correspondiente y con\u00e9ctelo al terminal de entrada correspondiente.<br \/>\nBloquee los tornillos del panel de la cubierta superior.<\/p>\n<\/div>\n<div class=\"detailmodule_text\">\n<h2 style=\"font-size: 22px;\"><strong>Funcionamiento del cargador dom\u00e9stico S310 EV:<\/strong><\/h2>\n<p class=\"detail-desc-decorate-content\">1. Inserte la estaci\u00f3n de carga EV (conecte el enchufe de carga)<br \/>\n2. Inicie la carga:<br \/>\nM\u00e9todo 1: Enchufa el cargador e inicia la carga;<br \/>\nM\u00e9todo 2: Utilice la tarjeta de cobro designada para pasarla.<br \/>\nLa luz verde parpadea: indica una carga regular.<br \/>\nVuelve a pasar la tarjeta para finalizar la carga.<br \/>\nM\u00e9todo 1: Extrae el cargador para terminar<br \/>\nla carga;<br \/>\nM\u00e9todo 2: Vuelve a deslizar la tarjeta para finalizar la carga<br \/>\nVolver a colocar la estaci\u00f3n de recarga de veh\u00edculos el\u00e9ctricos en su sitio<\/p>\n<\/div>\n<h3 style=\"font-size: 22px;\"><strong>Especificaciones del cargador dom\u00e9stico S310 EV:<\/strong><\/h3>\n<p class=\"detail-desc-decorate-content\"><strong>Material de la carcasa:<\/strong> Cuerpo de acero galvanizado, panel de vidrio templado<br \/>\n<strong>Dimensi\u00f3n:<\/strong> 180 x 80 x 240 mm<br \/>\n<strong>Peso:<\/strong> &lt;7kg<br \/>\n<strong>Longitud del cable:<\/strong> 4.5m<br \/>\n<strong>Indicador luminoso:<\/strong> Azul, verde, morado y rojo<br \/>\n<strong>M\u00e9todos de instalaci\u00f3n:<\/strong> Instalaci\u00f3n de columna mural<\/p>\n<h3><span style=\"color: #e14d43;\"><strong>Precauciones de instalaci\u00f3n<\/strong><\/span><\/h3>\n<p><span style=\"color: #e14d43;\">El conector de pared MRCARTOOL S310 debe ser instalado por personas formadas y cualificadas para trabajar con sistemas el\u00e9ctricos.<\/span><\/p>\n<div class=\"detailmodule_text-image\">\n<div><img decoding=\"async\" class=\"detail-desc-decorate-image alignnone\" style=\"color: #555555; font-size: 14.4px;\" src=\"https:\/\/ae01.alicdn.com\/kf\/Hfcea334dae7340da9aea30ccedbb5466n.jpg\" alt=\"safety protection\" width=\"1200\" height=\"1200\" \/><\/div>\n<\/div>\n<div class=\"detailmodule_text-image\">\n<div><img decoding=\"async\" class=\"detail-desc-decorate-image alignnone\" src=\"https:\/\/ae01.alicdn.com\/kf\/H6bcb6be5041242508032ced3b2f7e2efC.jpg\" alt=\"fast charging\" width=\"1200\" height=\"1200\" \/><\/div>\n<\/div>\n<div class=\"detailmodule_text-image\">\n<div><img loading=\"lazy\" decoding=\"async\" class=\"detail-desc-decorate-image alignnone\" src=\"https:\/\/ae01.alicdn.com\/kf\/H7bf117aab1f344f99b885dda7b5768318.jpg\" alt=\"smart swipe charging\" width=\"1200\" height=\"1200\" \/><\/div>\n<\/div>\n<div class=\"detailmodule_text-image\">\n<div><img loading=\"lazy\" decoding=\"async\" class=\"detail-desc-decorate-image alignnone\" src=\"https:\/\/ae01.alicdn.com\/kf\/He9780750a35f415db7d61bc15440290f6.jpg\" alt=\"waterproof\" width=\"1200\" height=\"1200\" \/><\/div>\n<\/div>\n<div class=\"detailmodule_text-image\">\n<div><img loading=\"lazy\" decoding=\"async\" class=\"detail-desc-decorate-image alignnone\" src=\"https:\/\/ae01.alicdn.com\/kf\/H4b3c34423b634e859156882a0e863205m.jpg\" alt=\"two types of chargers\" width=\"1200\" height=\"1200\" \/><\/div>\n<\/div>\n<div class=\"detailmodule_text-image\">\n<div><img loading=\"lazy\" decoding=\"async\" class=\"detail-desc-decorate-image alignnone\" src=\"https:\/\/ae01.alicdn.com\/kf\/H56ddad01162649b5b2b30266652aa4d3b.jpg\" alt=\"led indicator\" width=\"1200\" height=\"1200\" \/><\/div>\n<\/div>\n<div class=\"detailmodule_text-image\">\n<div><img loading=\"lazy\" decoding=\"async\" class=\"detail-desc-decorate-image alignnone\" src=\"https:\/\/ae01.alicdn.com\/kf\/H24598a06778040ddaeca579bbea69d9aF.jpg\" alt=\"suitable for all ev models\" width=\"1200\" height=\"1200\" \/><img loading=\"lazy\" decoding=\"async\" class=\"detail-desc-decorate-image aligncenter\" src=\"https:\/\/ae01.alicdn.com\/kf\/H7f6b93b235d3414f9db4c7bb74bff9cbB.png\" alt=\"ev brands\" width=\"970\" height=\"600\" \/><\/div>\n<\/div>\n<div class=\"detailmodule_text-image\">\n<h2 style=\"font-size: 22px;\">Detalles del producto:<\/h2>\n<div><img loading=\"lazy\" decoding=\"async\" class=\"detail-desc-decorate-image alignnone\" src=\"https:\/\/ae01.alicdn.com\/kf\/H8303644fa6ac45df85d541d4c1150c26y.jpg\" alt=\"s310 ev home charger details\" width=\"1200\" height=\"1200\" \/><span style=\"font-size: 22px;\">Precauciones:<\/span><\/div>\n<\/div>\n<div class=\"detailmodule_text\">\n<p class=\"detail-desc-decorate-content\">1. Para la primera instalaci\u00f3n, se debe prestar atenci\u00f3n al cable de alimentaci\u00f3n de acuerdo con IN-L (fuego), IN-N (cero), y PE (tierra) uno por uno, y el cable de fuego y el cable cero no se pueden invertir.<br \/>\n2. PE (cable de tierra) debe estar conectado a tierra de forma fiable.<br \/>\n3. Aseg\u00farese de que el interruptor de parada de emergencia est\u00e9 activado despu\u00e9s de conectar la alimentaci\u00f3n.<br \/>\n4. Antes de cargar, aseg\u00farese de que la punta del cargador EV est\u00e1 libre<br \/>\nde las manchas y el agua;<br \/>\n5. Est\u00e1 prohibido colocar la pila de carga dentro del coche durante la carga.<\/p>\n<\/div>\n<div class=\"detailmodule_text-image\">\n<h2 style=\"font-size: 22px;\">Lista de envases:<\/h2>\n<p class=\"detail-desc-decorate-content\">1pc: MRCARTOOL S310 AC Estaciones de Carga (Pilas) Unidad principal<br \/>\n1ud: Cargador EV<br \/>\n1ud: Tablero de pared<br \/>\n1ud: Gancho<br \/>\n1 juego: Tornillos y tubos de pl\u00e1stico<br \/>\n1ud: Manual del usuario<br \/>\n1ud: Caja de embalaje<\/p>\n<div><\/div>\n<\/div>\n<div class=\"detailmodule_image\"><img loading=\"lazy\" decoding=\"async\" class=\"detail-desc-decorate-image alignnone\" src=\"https:\/\/ae01.alicdn.com\/kf\/H61b09700c5704c298155909f15b6be4cD.jpg\" alt=\"overseas warehouse\" width=\"1200\" height=\"600\" \/><img loading=\"lazy\" decoding=\"async\" class=\"detail-desc-decorate-image alignnone\" src=\"https:\/\/ae01.alicdn.com\/kf\/He0124965341c4589a4edf29083f8ddc6Y.jpg\" alt=\"warranty and service\" width=\"1200\" height=\"600\" \/><img loading=\"lazy\" decoding=\"async\" class=\"detail-desc-decorate-image alignnone\" src=\"https:\/\/ae01.alicdn.com\/kf\/Hd46a0aa34b45463880136122c9027c5bM.jpg\" alt=\"shopping guide\" width=\"1200\" height=\"600\" \/><img decoding=\"async\" src=\"https:\/\/mrcartools.com\/wp-content\/uploads\/2022\/04\/Mrcartool.jpg\" \/><\/div>","protected":false},"excerpt":{"rendered":"<ul>\n<li><strong>Carga r\u00e1pida y fiable\uff1a<\/strong> proporciona un suministro eficiente de energ\u00eda a los veh\u00edculos el\u00e9ctricos.<\/li>\n<li><strong>Funciones de seguridad mejoradas\uff1a<\/strong> incluyen protecci\u00f3n integrada contra sobrecorriente y corriente de fuga.<\/li>\n<li><strong>F\u00e1cil instalaci\u00f3n y uso vers\u00e1til\uff1a<\/strong> permiten la instalaci\u00f3n en un garaje o en cualquier lugar adecuado de la casa.<\/li>\n<li>Disponible en cables de 4,5 m y 8,5 m, seleccione seg\u00fan sus necesidades.<\/li>\n<li>La versi\u00f3n con cable de 8,5 m no incluye la aplicaci\u00f3n.<a href=\"https:\/\/api.whatsapp.com\/send\/?phone=%2B8618923768146&amp;text=onlinesupport\"><span style=\"color: #d83131;\"><strong>Asistencia en l\u00ednea&gt;&gt;<\/strong><\/span><\/a><\/li>\n<\/ul>","protected":false},"featured_media":2275,"template":"","meta":[],"product_brand":[],"product_cat":[58],"product_tag":[],"class_list":{"0":"post-1447","1":"product","2":"type-product","3":"status-publish","4":"has-post-thumbnail","6":"product_cat-electric-car-charger-home-charging-station-voltage-adjustable-sections","7":"product_shipping_class-weight","8":"pa_ship-from-china","9":"pa_ship-from-germany","10":"pa_ship-from-united-kingdom","11":"pa_ship-from-united-states","13":"first","14":"instock","15":"shipping-taxable","16":"product-type-variable","17":"has-default-attributes","18":"wvs-archive-product-wrapper"},"yoast_head":"<!-- This site is optimized with the Yoast SEO Premium plugin v24.4 (Yoast SEO v24.4) - https:\/\/yoast.com\/wordpress\/plugins\/seo\/ -->\n<title>MRCARTOOL S310 EV Home Charger 32A 7KW Level 2 Charging Pile<\/title>\n<meta name=\"description\" content=\"Mrcartool S310 EV home charger can be installed in your garage or anywhere in your home. It works well with all electric vehicles.\" \/>\n<meta name=\"robots\" content=\"index, follow, max-snippet:-1, max-image-preview:large, max-video-preview:-1\" \/>\n<link rel=\"canonical\" href=\"https:\/\/mrcartools.com\/es\/producto\/mr-cartool-s310-ev-home-charger-wallbox-32a-7kw-level-2-charging-pile-wall-mount-for-ev\/\" \/>\n<meta property=\"og:locale\" content=\"es_MX\" \/>\n<meta property=\"og:type\" content=\"article\" \/>\n<meta property=\"og:title\" content=\"MRCARTOOL S310 EV Home Charger Wallbox 32A 7KW Level 2 Charging Pile Wall Mount For EV\" \/>\n<meta property=\"og:description\" content=\"Mrcartool S310 EV home charger can be installed in your garage or anywhere in your home. It works well with all electric vehicles.\" \/>\n<meta property=\"og:url\" content=\"https:\/\/mrcartools.com\/es\/producto\/mr-cartool-s310-ev-home-charger-wallbox-32a-7kw-level-2-charging-pile-wall-mount-for-ev\/\" \/>\n<meta property=\"og:site_name\" content=\"Mrcartool\" \/>\n<meta property=\"article:modified_time\" content=\"2025-09-15T01:13:32+00:00\" \/>\n<meta property=\"og:image\" content=\"https:\/\/mrcartools.com\/wp-content\/uploads\/2022\/03\/\u672a\u6807\u9898-1-1.jpg\" \/>\n\t<meta property=\"og:image:width\" content=\"1000\" \/>\n\t<meta property=\"og:image:height\" content=\"1000\" \/>\n\t<meta property=\"og:image:type\" content=\"image\/jpeg\" \/>\n<meta name=\"twitter:card\" content=\"summary_large_image\" \/>\n<meta name=\"twitter:label1\" content=\"Tiempo de lectura\" \/>\n\t<meta name=\"twitter:data1\" content=\"6 minutos\" \/>\n<script type=\"application\/ld+json\" class=\"yoast-schema-graph\">{\"@context\":\"https:\/\/schema.org\",\"@graph\":[{\"@type\":\"WebPage\",\"@id\":\"https:\/\/mrcartools.com\/product\/mr-cartool-s310-ev-home-charger-wallbox-32a-7kw-level-2-charging-pile-wall-mount-for-ev\/\",\"url\":\"https:\/\/mrcartools.com\/product\/mr-cartool-s310-ev-home-charger-wallbox-32a-7kw-level-2-charging-pile-wall-mount-for-ev\/\",\"name\":\"MRCARTOOL S310 EV Home Charger 32A 7KW Level 2 Charging Pile\",\"isPartOf\":{\"@id\":\"https:\/\/mrcartools.com\/#website\"},\"primaryImageOfPage\":{\"@id\":\"https:\/\/mrcartools.com\/product\/mr-cartool-s310-ev-home-charger-wallbox-32a-7kw-level-2-charging-pile-wall-mount-for-ev\/#primaryimage\"},\"image\":{\"@id\":\"https:\/\/mrcartools.com\/product\/mr-cartool-s310-ev-home-charger-wallbox-32a-7kw-level-2-charging-pile-wall-mount-for-ev\/#primaryimage\"},\"thumbnailUrl\":\"https:\/\/mrcartools.com\/wp-content\/uploads\/2022\/03\/\u672a\u6807\u9898-1-1.jpg\",\"datePublished\":\"2022-03-17T08:44:47+00:00\",\"dateModified\":\"2025-09-15T01:13:32+00:00\",\"description\":\"Mrcartool S310 EV home charger can be installed in your garage or anywhere in your home. It works well with all electric vehicles.\",\"breadcrumb\":{\"@id\":\"https:\/\/mrcartools.com\/product\/mr-cartool-s310-ev-home-charger-wallbox-32a-7kw-level-2-charging-pile-wall-mount-for-ev\/#breadcrumb\"},\"inLanguage\":\"es\",\"potentialAction\":[{\"@type\":\"ReadAction\",\"target\":[\"https:\/\/mrcartools.com\/product\/mr-cartool-s310-ev-home-charger-wallbox-32a-7kw-level-2-charging-pile-wall-mount-for-ev\/\"]}]},{\"@type\":\"ImageObject\",\"inLanguage\":\"es\",\"@id\":\"https:\/\/mrcartools.com\/product\/mr-cartool-s310-ev-home-charger-wallbox-32a-7kw-level-2-charging-pile-wall-mount-for-ev\/#primaryimage\",\"url\":\"https:\/\/mrcartools.com\/wp-content\/uploads\/2022\/03\/\u672a\u6807\u9898-1-1.jpg\",\"contentUrl\":\"https:\/\/mrcartools.com\/wp-content\/uploads\/2022\/03\/\u672a\u6807\u9898-1-1.jpg\",\"width\":1000,\"height\":1000},{\"@type\":\"BreadcrumbList\",\"@id\":\"https:\/\/mrcartools.com\/product\/mr-cartool-s310-ev-home-charger-wallbox-32a-7kw-level-2-charging-pile-wall-mount-for-ev\/#breadcrumb\",\"itemListElement\":[{\"@type\":\"ListItem\",\"position\":1,\"name\":\"Home\",\"item\":\"https:\/\/mrcartools.com\/\"},{\"@type\":\"ListItem\",\"position\":2,\"name\":\"Shop\",\"item\":\"https:\/\/mrcartools.com\/shop-2\/\"},{\"@type\":\"ListItem\",\"position\":3,\"name\":\"MRCARTOOL S310 EV Home Charger Wallbox 32A 7KW Level 2 Charging Pile Wall Mount For EV\"}]},{\"@type\":\"WebSite\",\"@id\":\"https:\/\/mrcartools.com\/#website\",\"url\":\"https:\/\/mrcartools.com\/\",\"name\":\"MRCARTOOL\",\"description\":\"MRCARTOOL Official Website\",\"publisher\":{\"@id\":\"https:\/\/mrcartools.com\/#organization\"},\"potentialAction\":[{\"@type\":\"SearchAction\",\"target\":{\"@type\":\"EntryPoint\",\"urlTemplate\":\"https:\/\/mrcartools.com\/?s={search_term_string}\"},\"query-input\":{\"@type\":\"PropertyValueSpecification\",\"valueRequired\":true,\"valueName\":\"search_term_string\"}}],\"inLanguage\":\"es\"},{\"@type\":\"Organization\",\"@id\":\"https:\/\/mrcartools.com\/#organization\",\"name\":\"MRCARTOOL\",\"url\":\"https:\/\/mrcartools.com\/\",\"logo\":{\"@type\":\"ImageObject\",\"inLanguage\":\"es\",\"@id\":\"https:\/\/mrcartools.com\/#\/schema\/logo\/image\/\",\"url\":\"https:\/\/mrcartools.com\/wp-content\/uploads\/2023\/07\/\u4e0a\u4f73\u6c7d\u8f66\u5de5\u5177-LOGO-2.png\",\"contentUrl\":\"https:\/\/mrcartools.com\/wp-content\/uploads\/2023\/07\/\u4e0a\u4f73\u6c7d\u8f66\u5de5\u5177-LOGO-2.png\",\"width\":1800,\"height\":402,\"caption\":\"MRCARTOOL\"},\"image\":{\"@id\":\"https:\/\/mrcartools.com\/#\/schema\/logo\/image\/\"}}]}<\/script>\n<!-- \/ Yoast SEO Premium plugin. -->","yoast_head_json":{"title":"MRCARTOOL S310 EV Home Charger 32A 7KW Level 2 Charging Pile","description":"Mrcartool S310 EV home charger can be installed in your garage or anywhere in your home. It works well with all electric vehicles.","robots":{"index":"index","follow":"follow","max-snippet":"max-snippet:-1","max-image-preview":"max-image-preview:large","max-video-preview":"max-video-preview:-1"},"canonical":"https:\/\/mrcartools.com\/es\/producto\/mr-cartool-s310-ev-home-charger-wallbox-32a-7kw-level-2-charging-pile-wall-mount-for-ev\/","og_locale":"es_MX","og_type":"article","og_title":"MRCARTOOL S310 EV Home Charger Wallbox 32A 7KW Level 2 Charging Pile Wall Mount For EV","og_description":"Mrcartool S310 EV home charger can be installed in your garage or anywhere in your home. It works well with all electric vehicles.","og_url":"https:\/\/mrcartools.com\/es\/producto\/mr-cartool-s310-ev-home-charger-wallbox-32a-7kw-level-2-charging-pile-wall-mount-for-ev\/","og_site_name":"Mrcartool","article_modified_time":"2025-09-15T01:13:32+00:00","og_image":[{"width":1000,"height":1000,"url":"https:\/\/mrcartools.com\/wp-content\/uploads\/2022\/03\/\u672a\u6807\u9898-1-1.jpg","type":"image\/jpeg"}],"twitter_card":"summary_large_image","twitter_misc":{"Tiempo de lectura":"6 minutos"},"schema":{"@context":"https:\/\/schema.org","@graph":[{"@type":"WebPage","@id":"https:\/\/mrcartools.com\/product\/mr-cartool-s310-ev-home-charger-wallbox-32a-7kw-level-2-charging-pile-wall-mount-for-ev\/","url":"https:\/\/mrcartools.com\/product\/mr-cartool-s310-ev-home-charger-wallbox-32a-7kw-level-2-charging-pile-wall-mount-for-ev\/","name":"MRCARTOOL S310 EV Home Charger 32A 7KW Level 2 Charging Pile","isPartOf":{"@id":"https:\/\/mrcartools.com\/#website"},"primaryImageOfPage":{"@id":"https:\/\/mrcartools.com\/product\/mr-cartool-s310-ev-home-charger-wallbox-32a-7kw-level-2-charging-pile-wall-mount-for-ev\/#primaryimage"},"image":{"@id":"https:\/\/mrcartools.com\/product\/mr-cartool-s310-ev-home-charger-wallbox-32a-7kw-level-2-charging-pile-wall-mount-for-ev\/#primaryimage"},"thumbnailUrl":"https:\/\/mrcartools.com\/wp-content\/uploads\/2022\/03\/\u672a\u6807\u9898-1-1.jpg","datePublished":"2022-03-17T08:44:47+00:00","dateModified":"2025-09-15T01:13:32+00:00","description":"Mrcartool S310 EV home charger can be installed in your garage or anywhere in your home. It works well with all electric vehicles.","breadcrumb":{"@id":"https:\/\/mrcartools.com\/product\/mr-cartool-s310-ev-home-charger-wallbox-32a-7kw-level-2-charging-pile-wall-mount-for-ev\/#breadcrumb"},"inLanguage":"es","potentialAction":[{"@type":"ReadAction","target":["https:\/\/mrcartools.com\/product\/mr-cartool-s310-ev-home-charger-wallbox-32a-7kw-level-2-charging-pile-wall-mount-for-ev\/"]}]},{"@type":"ImageObject","inLanguage":"es","@id":"https:\/\/mrcartools.com\/product\/mr-cartool-s310-ev-home-charger-wallbox-32a-7kw-level-2-charging-pile-wall-mount-for-ev\/#primaryimage","url":"https:\/\/mrcartools.com\/wp-content\/uploads\/2022\/03\/\u672a\u6807\u9898-1-1.jpg","contentUrl":"https:\/\/mrcartools.com\/wp-content\/uploads\/2022\/03\/\u672a\u6807\u9898-1-1.jpg","width":1000,"height":1000},{"@type":"BreadcrumbList","@id":"https:\/\/mrcartools.com\/product\/mr-cartool-s310-ev-home-charger-wallbox-32a-7kw-level-2-charging-pile-wall-mount-for-ev\/#breadcrumb","itemListElement":[{"@type":"ListItem","position":1,"name":"Home","item":"https:\/\/mrcartools.com\/"},{"@type":"ListItem","position":2,"name":"Shop","item":"https:\/\/mrcartools.com\/shop-2\/"},{"@type":"ListItem","position":3,"name":"MRCARTOOL S310 EV Home Charger Wallbox 32A 7KW Level 2 Charging Pile Wall Mount For EV"}]},{"@type":"WebSite","@id":"https:\/\/mrcartools.com\/#website","url":"https:\/\/mrcartools.com\/","name":"MRCARTOOL","description":"Sitio web oficial de MRCARTOOL","publisher":{"@id":"https:\/\/mrcartools.com\/#organization"},"potentialAction":[{"@type":"SearchAction","target":{"@type":"EntryPoint","urlTemplate":"https:\/\/mrcartools.com\/?s={search_term_string}"},"query-input":{"@type":"PropertyValueSpecification","valueRequired":true,"valueName":"search_term_string"}}],"inLanguage":"es"},{"@type":"Organization","@id":"https:\/\/mrcartools.com\/#organization","name":"MRCARTOOL","url":"https:\/\/mrcartools.com\/","logo":{"@type":"ImageObject","inLanguage":"es","@id":"https:\/\/mrcartools.com\/#\/schema\/logo\/image\/","url":"https:\/\/mrcartools.com\/wp-content\/uploads\/2023\/07\/\u4e0a\u4f73\u6c7d\u8f66\u5de5\u5177-LOGO-2.png","contentUrl":"https:\/\/mrcartools.com\/wp-content\/uploads\/2023\/07\/\u4e0a\u4f73\u6c7d\u8f66\u5de5\u5177-LOGO-2.png","width":1800,"height":402,"caption":"MRCARTOOL"},"image":{"@id":"https:\/\/mrcartools.com\/#\/schema\/logo\/image\/"}}]}},"_links":{"self":[{"href":"https:\/\/mrcartools.com\/es\/wp-json\/wp\/v2\/product\/1447","targetHints":{"allow":["GET"]}}],"collection":[{"href":"https:\/\/mrcartools.com\/es\/wp-json\/wp\/v2\/product"}],"about":[{"href":"https:\/\/mrcartools.com\/es\/wp-json\/wp\/v2\/types\/product"}],"version-history":[{"count":1,"href":"https:\/\/mrcartools.com\/es\/wp-json\/wp\/v2\/product\/1447\/revisions"}],"predecessor-version":[{"id":11619,"href":"https:\/\/mrcartools.com\/es\/wp-json\/wp\/v2\/product\/1447\/revisions\/11619"}],"wp:featuredmedia":[{"embeddable":true,"href":"https:\/\/mrcartools.com\/es\/wp-json\/wp\/v2\/media\/2275"}],"wp:attachment":[{"href":"https:\/\/mrcartools.com\/es\/wp-json\/wp\/v2\/media?parent=1447"}],"wp:term":[{"taxonomy":"product_brand","embeddable":true,"href":"https:\/\/mrcartools.com\/es\/wp-json\/wp\/v2\/product_brand?post=1447"},{"taxonomy":"product_cat","embeddable":true,"href":"https:\/\/mrcartools.com\/es\/wp-json\/wp\/v2\/product_cat?post=1447"},{"taxonomy":"product_tag","embeddable":true,"href":"https:\/\/mrcartools.com\/es\/wp-json\/wp\/v2\/product_tag?post=1447"}],"curies":[{"name":"wp","href":"https:\/\/api.w.org\/{rel}","templated":true}]}}