{"id":3320,"date":"2023-06-12T06:55:36","date_gmt":"2023-06-12T06:55:36","guid":{"rendered":"https:\/\/mrcartools.com\/?post_type=product&#038;p=3320"},"modified":"2025-09-26T08:50:57","modified_gmt":"2025-09-26T08:50:57","slug":"sample","status":"publish","type":"product","link":"https:\/\/mrcartools.com\/es\/producto\/sample\/","title":{"rendered":"Compensar la diferencia-Por favor, introduzca la cantidad de acuerdo con la cantidad que necesita pagar y anote lo que necesita"},"content":{"rendered":"<p>Estimados clientes,<\/p>\n<p>Cuando haga su pedido, especifique el art\u00edculo que desea. Si tiene preguntas, lo mejor es que se comunique previamente con el servicio de atenci\u00f3n al cliente a trav\u00e9s de ticket, correo electr\u00f3nico o tidio.<\/p>\n<p>Gracias.<\/p>","protected":false},"excerpt":{"rendered":"<p>Dear Customers, When you place your order, please specify the item you want. If you have questions, it is best to communicate with customer service in advance via ticket, email or tidio. Thanks.<\/p>","protected":false},"featured_media":7428,"template":"","meta":[],"product_brand":[],"product_cat":[132],"product_tag":[],"class_list":{"0":"post-3320","1":"product","2":"type-product","3":"status-publish","4":"has-post-thumbnail","6":"product_cat-accessory","7":"product_shipping_class-weight","8":"pa_ship-from-china","9":"pa_ship-from-germany","10":"pa_ship-from-united-kingdom","11":"pa_ship-from-united-states","13":"first","14":"instock","15":"shipping-taxable","16":"product-type-variable","17":"wvs-archive-product-wrapper"},"yoast_head":"<!-- This site is optimized with the Yoast SEO Premium plugin v24.4 (Yoast SEO v24.4) - https:\/\/yoast.com\/wordpress\/plugins\/seo\/ -->\n<title>Make up the difference-Please enter the quantity according to the amount you need to pay and note what you need - Mrcartool<\/title>\n<meta name=\"robots\" content=\"index, follow, max-snippet:-1, max-image-preview:large, max-video-preview:-1\" \/>\n<link rel=\"canonical\" href=\"https:\/\/mrcartools.com\/es\/producto\/sample\/\" \/>\n<meta property=\"og:locale\" content=\"es_MX\" \/>\n<meta property=\"og:type\" content=\"article\" \/>\n<meta property=\"og:title\" content=\"Make up the difference-Please enter the quantity according to the amount you need to pay and note what you need\" \/>\n<meta property=\"og:description\" content=\"Dear Customers, When you place your order, please specify the item you want. If you have questions, it is best to communicate with customer service in advance via ticket, email or tidio. Thanks.\" \/>\n<meta property=\"og:url\" content=\"https:\/\/mrcartools.com\/es\/producto\/sample\/\" \/>\n<meta property=\"og:site_name\" content=\"Mrcartool\" \/>\n<meta property=\"article:modified_time\" content=\"2025-09-26T08:50:57+00:00\" \/>\n<meta property=\"og:image\" content=\"https:\/\/mrcartools.com\/wp-content\/uploads\/2023\/06\/Make-a-difference.png\" \/>\n\t<meta property=\"og:image:width\" content=\"280\" \/>\n\t<meta property=\"og:image:height\" content=\"280\" \/>\n\t<meta property=\"og:image:type\" content=\"image\/png\" \/>\n<meta name=\"twitter:card\" content=\"summary_large_image\" \/>\n<meta name=\"twitter:label1\" content=\"Tiempo de lectura\" \/>\n\t<meta name=\"twitter:data1\" content=\"1 minuto\" \/>\n<script type=\"application\/ld+json\" class=\"yoast-schema-graph\">{\"@context\":\"https:\/\/schema.org\",\"@graph\":[{\"@type\":\"WebPage\",\"@id\":\"https:\/\/mrcartools.com\/product\/sample\/\",\"url\":\"https:\/\/mrcartools.com\/product\/sample\/\",\"name\":\"Make up the difference-Please enter the quantity according to the amount you need to pay and note what you need - Mrcartool\",\"isPartOf\":{\"@id\":\"https:\/\/mrcartools.com\/#website\"},\"primaryImageOfPage\":{\"@id\":\"https:\/\/mrcartools.com\/product\/sample\/#primaryimage\"},\"image\":{\"@id\":\"https:\/\/mrcartools.com\/product\/sample\/#primaryimage\"},\"thumbnailUrl\":\"https:\/\/mrcartools.com\/wp-content\/uploads\/2023\/06\/Make-a-difference.png\",\"datePublished\":\"2023-06-12T06:55:36+00:00\",\"dateModified\":\"2025-09-26T08:50:57+00:00\",\"breadcrumb\":{\"@id\":\"https:\/\/mrcartools.com\/product\/sample\/#breadcrumb\"},\"inLanguage\":\"es\",\"potentialAction\":[{\"@type\":\"ReadAction\",\"target\":[\"https:\/\/mrcartools.com\/product\/sample\/\"]}]},{\"@type\":\"ImageObject\",\"inLanguage\":\"es\",\"@id\":\"https:\/\/mrcartools.com\/product\/sample\/#primaryimage\",\"url\":\"https:\/\/mrcartools.com\/wp-content\/uploads\/2023\/06\/Make-a-difference.png\",\"contentUrl\":\"https:\/\/mrcartools.com\/wp-content\/uploads\/2023\/06\/Make-a-difference.png\",\"width\":280,\"height\":280},{\"@type\":\"BreadcrumbList\",\"@id\":\"https:\/\/mrcartools.com\/product\/sample\/#breadcrumb\",\"itemListElement\":[{\"@type\":\"ListItem\",\"position\":1,\"name\":\"Home\",\"item\":\"https:\/\/mrcartools.com\/\"},{\"@type\":\"ListItem\",\"position\":2,\"name\":\"Shop\",\"item\":\"https:\/\/mrcartools.com\/shop-2\/\"},{\"@type\":\"ListItem\",\"position\":3,\"name\":\"Make up the difference-Please enter the quantity according to the amount you need to pay and note what you need\"}]},{\"@type\":\"WebSite\",\"@id\":\"https:\/\/mrcartools.com\/#website\",\"url\":\"https:\/\/mrcartools.com\/\",\"name\":\"MRCARTOOL\",\"description\":\"MRCARTOOL Official Website\",\"publisher\":{\"@id\":\"https:\/\/mrcartools.com\/#organization\"},\"potentialAction\":[{\"@type\":\"SearchAction\",\"target\":{\"@type\":\"EntryPoint\",\"urlTemplate\":\"https:\/\/mrcartools.com\/?s={search_term_string}\"},\"query-input\":{\"@type\":\"PropertyValueSpecification\",\"valueRequired\":true,\"valueName\":\"search_term_string\"}}],\"inLanguage\":\"es\"},{\"@type\":\"Organization\",\"@id\":\"https:\/\/mrcartools.com\/#organization\",\"name\":\"MRCARTOOL\",\"url\":\"https:\/\/mrcartools.com\/\",\"logo\":{\"@type\":\"ImageObject\",\"inLanguage\":\"es\",\"@id\":\"https:\/\/mrcartools.com\/#\/schema\/logo\/image\/\",\"url\":\"https:\/\/mrcartools.com\/wp-content\/uploads\/2023\/07\/\u4e0a\u4f73\u6c7d\u8f66\u5de5\u5177-LOGO-2.png\",\"contentUrl\":\"https:\/\/mrcartools.com\/wp-content\/uploads\/2023\/07\/\u4e0a\u4f73\u6c7d\u8f66\u5de5\u5177-LOGO-2.png\",\"width\":1800,\"height\":402,\"caption\":\"MRCARTOOL\"},\"image\":{\"@id\":\"https:\/\/mrcartools.com\/#\/schema\/logo\/image\/\"}}]}<\/script>\n<!-- \/ Yoast SEO Premium plugin. -->","yoast_head_json":{"title":"Make up the difference-Please enter the quantity according to the amount you need to pay and note what you need - Mrcartool","robots":{"index":"index","follow":"follow","max-snippet":"max-snippet:-1","max-image-preview":"max-image-preview:large","max-video-preview":"max-video-preview:-1"},"canonical":"https:\/\/mrcartools.com\/es\/producto\/sample\/","og_locale":"es_MX","og_type":"article","og_title":"Make up the difference-Please enter the quantity according to the amount you need to pay and note what you need","og_description":"Dear Customers, When you place your order, please specify the item you want. If you have questions, it is best to communicate with customer service in advance via ticket, email or tidio. Thanks.","og_url":"https:\/\/mrcartools.com\/es\/producto\/sample\/","og_site_name":"Mrcartool","article_modified_time":"2025-09-26T08:50:57+00:00","og_image":[{"width":280,"height":280,"url":"https:\/\/mrcartools.com\/wp-content\/uploads\/2023\/06\/Make-a-difference.png","type":"image\/png"}],"twitter_card":"summary_large_image","twitter_misc":{"Tiempo de lectura":"1 minuto"},"schema":{"@context":"https:\/\/schema.org","@graph":[{"@type":"WebPage","@id":"https:\/\/mrcartools.com\/product\/sample\/","url":"https:\/\/mrcartools.com\/product\/sample\/","name":"Make up the difference-Please enter the quantity according to the amount you need to pay and note what you need - Mrcartool","isPartOf":{"@id":"https:\/\/mrcartools.com\/#website"},"primaryImageOfPage":{"@id":"https:\/\/mrcartools.com\/product\/sample\/#primaryimage"},"image":{"@id":"https:\/\/mrcartools.com\/product\/sample\/#primaryimage"},"thumbnailUrl":"https:\/\/mrcartools.com\/wp-content\/uploads\/2023\/06\/Make-a-difference.png","datePublished":"2023-06-12T06:55:36+00:00","dateModified":"2025-09-26T08:50:57+00:00","breadcrumb":{"@id":"https:\/\/mrcartools.com\/product\/sample\/#breadcrumb"},"inLanguage":"es","potentialAction":[{"@type":"ReadAction","target":["https:\/\/mrcartools.com\/product\/sample\/"]}]},{"@type":"ImageObject","inLanguage":"es","@id":"https:\/\/mrcartools.com\/product\/sample\/#primaryimage","url":"https:\/\/mrcartools.com\/wp-content\/uploads\/2023\/06\/Make-a-difference.png","contentUrl":"https:\/\/mrcartools.com\/wp-content\/uploads\/2023\/06\/Make-a-difference.png","width":280,"height":280},{"@type":"BreadcrumbList","@id":"https:\/\/mrcartools.com\/product\/sample\/#breadcrumb","itemListElement":[{"@type":"ListItem","position":1,"name":"Home","item":"https:\/\/mrcartools.com\/"},{"@type":"ListItem","position":2,"name":"Shop","item":"https:\/\/mrcartools.com\/shop-2\/"},{"@type":"ListItem","position":3,"name":"Make up the difference-Please enter the quantity according to the amount you need to pay and note what you need"}]},{"@type":"WebSite","@id":"https:\/\/mrcartools.com\/#website","url":"https:\/\/mrcartools.com\/","name":"MRCARTOOL","description":"Sitio web oficial de MRCARTOOL","publisher":{"@id":"https:\/\/mrcartools.com\/#organization"},"potentialAction":[{"@type":"SearchAction","target":{"@type":"EntryPoint","urlTemplate":"https:\/\/mrcartools.com\/?s={search_term_string}"},"query-input":{"@type":"PropertyValueSpecification","valueRequired":true,"valueName":"search_term_string"}}],"inLanguage":"es"},{"@type":"Organization","@id":"https:\/\/mrcartools.com\/#organization","name":"MRCARTOOL","url":"https:\/\/mrcartools.com\/","logo":{"@type":"ImageObject","inLanguage":"es","@id":"https:\/\/mrcartools.com\/#\/schema\/logo\/image\/","url":"https:\/\/mrcartools.com\/wp-content\/uploads\/2023\/07\/\u4e0a\u4f73\u6c7d\u8f66\u5de5\u5177-LOGO-2.png","contentUrl":"https:\/\/mrcartools.com\/wp-content\/uploads\/2023\/07\/\u4e0a\u4f73\u6c7d\u8f66\u5de5\u5177-LOGO-2.png","width":1800,"height":402,"caption":"MRCARTOOL"},"image":{"@id":"https:\/\/mrcartools.com\/#\/schema\/logo\/image\/"}}]}},"_links":{"self":[{"href":"https:\/\/mrcartools.com\/es\/wp-json\/wp\/v2\/product\/3320","targetHints":{"allow":["GET"]}}],"collection":[{"href":"https:\/\/mrcartools.com\/es\/wp-json\/wp\/v2\/product"}],"about":[{"href":"https:\/\/mrcartools.com\/es\/wp-json\/wp\/v2\/types\/product"}],"version-history":[{"count":1,"href":"https:\/\/mrcartools.com\/es\/wp-json\/wp\/v2\/product\/3320\/revisions"}],"predecessor-version":[{"id":11581,"href":"https:\/\/mrcartools.com\/es\/wp-json\/wp\/v2\/product\/3320\/revisions\/11581"}],"wp:featuredmedia":[{"embeddable":true,"href":"https:\/\/mrcartools.com\/es\/wp-json\/wp\/v2\/media\/7428"}],"wp:attachment":[{"href":"https:\/\/mrcartools.com\/es\/wp-json\/wp\/v2\/media?parent=3320"}],"wp:term":[{"taxonomy":"product_brand","embeddable":true,"href":"https:\/\/mrcartools.com\/es\/wp-json\/wp\/v2\/product_brand?post=3320"},{"taxonomy":"product_cat","embeddable":true,"href":"https:\/\/mrcartools.com\/es\/wp-json\/wp\/v2\/product_cat?post=3320"},{"taxonomy":"product_tag","embeddable":true,"href":"https:\/\/mrcartools.com\/es\/wp-json\/wp\/v2\/product_tag?post=3320"}],"curies":[{"name":"wp","href":"https:\/\/api.w.org\/{rel}","templated":true}]}}