{"id":3336,"date":"2023-06-14T03:13:31","date_gmt":"2023-06-14T03:13:31","guid":{"rendered":"https:\/\/mrcartools.com\/?post_type=product&#038;p=3336"},"modified":"2025-02-14T23:08:15","modified_gmt":"2025-02-14T15:08:15","slug":"mrcartool-automotive-gps-hud-speedometer-head-up-display-car-temperature-digital-meter-mph-kmh-overspeed-alarm","status":"publish","type":"product","link":"https:\/\/mrcartools.com\/es\/producto\/mrcartool-automotive-gps-hud-speedometer-head-up-display-car-temperature-digital-meter-mph-kmh-overspeed-alarm\/","title":{"rendered":"MRCARTOOL Autom\u00f3vil GPS HUD Veloc\u00edmetro Head-up Display Temperatura del coche Medidor Digital MPH\/KMH Alarma de exceso de velocidad"},"content":{"rendered":"<div class=\"detailmodule_text\">\n<p>Caracter\u00edsticas del producto:<\/p>\n<p><img fetchpriority=\"high\" decoding=\"async\" class=\"alignnone size-full wp-image-3337\" src=\"https:\/\/mrcartools.com\/wp-content\/uploads\/2023\/06\/MRCARTOOL-Automotive-GPS-HUD.jpg\" alt=\"MRCARTOOL Automotive GPS HUD\" width=\"1200\" height=\"1200\" srcset=\"\/\/mrcartools.com\/wp-content\/uploads\/2023\/06\/MRCARTOOL-Automotive-GPS-HUD.jpg 1200w, \/\/mrcartools.com\/wp-content\/uploads\/2023\/06\/MRCARTOOL-Automotive-GPS-HUD-253x253.jpg 253w, \/\/mrcartools.com\/wp-content\/uploads\/2023\/06\/MRCARTOOL-Automotive-GPS-HUD-100x100.jpg 100w, \/\/mrcartools.com\/wp-content\/uploads\/2023\/06\/MRCARTOOL-Automotive-GPS-HUD-510x510.jpg 510w\" sizes=\"(max-width: 1200px) 100vw, 1200px\" \/> <img decoding=\"async\" class=\"alignnone size-full wp-image-3339\" src=\"https:\/\/mrcartools.com\/wp-content\/uploads\/2023\/06\/GPS-Speedometer.jpg\" alt=\"GPS Speedometer\" width=\"1200\" height=\"1200\" srcset=\"\/\/mrcartools.com\/wp-content\/uploads\/2023\/06\/GPS-Speedometer.jpg 1200w, \/\/mrcartools.com\/wp-content\/uploads\/2023\/06\/GPS-Speedometer-253x253.jpg 253w, \/\/mrcartools.com\/wp-content\/uploads\/2023\/06\/GPS-Speedometer-100x100.jpg 100w, \/\/mrcartools.com\/wp-content\/uploads\/2023\/06\/GPS-Speedometer-510x510.jpg 510w\" sizes=\"(max-width: 1200px) 100vw, 1200px\" \/><\/p>\n<\/div>\n<div class=\"detailmodule_text-image\">\n<p class=\"detail-desc-decorate-title\">3 TIPOS DE INTERFAZ DE CONMUTACI\u00d3N<\/p>\n<p class=\"detail-desc-decorate-content\" data-spm-anchor-id=\"a2g0o.detail.1000023.i1.4cc76dafUqdEMm\">Durante la conducci\u00f3n (interfaz de visualizaci\u00f3n de la velocidad del veh\u00edculo) visualizaci\u00f3n simult\u00e1nea en doble pantalla<br \/>\nAl aparcar [funci\u00f3n de visualizaci\u00f3n de la temperatura y la hora]\n<p data-spm-anchor-id=\"a2g0o.detail.1000023.i1.4cc76dafUqdEMm\"><img decoding=\"async\" class=\"alignnone size-full wp-image-3340\" src=\"https:\/\/mrcartools.com\/wp-content\/uploads\/2023\/06\/Head-Up-Display.jpg\" alt=\"Head Up Display\" width=\"1200\" height=\"1200\" srcset=\"\/\/mrcartools.com\/wp-content\/uploads\/2023\/06\/Head-Up-Display.jpg 1200w, \/\/mrcartools.com\/wp-content\/uploads\/2023\/06\/Head-Up-Display-253x253.jpg 253w, \/\/mrcartools.com\/wp-content\/uploads\/2023\/06\/Head-Up-Display-100x100.jpg 100w, \/\/mrcartools.com\/wp-content\/uploads\/2023\/06\/Head-Up-Display-510x510.jpg 510w\" sizes=\"(max-width: 1200px) 100vw, 1200px\" \/><\/p>\n<p class=\"detail-desc-decorate-title\">ALARMA DE EXCESO DE VELOCIDAD RECORDATORIO DE FATIGA AL VOLANTE:<\/p>\n<p class=\"detail-desc-decorate-content\" data-spm-anchor-id=\"a2g0o.detail.1000023.i2.4cc76dafUqdEMm\">Alarma de sobrevelocidad<br \/>\nRecordatorio de conducci\u00f3n<\/p>\n<p data-spm-anchor-id=\"a2g0o.detail.1000023.i2.4cc76dafUqdEMm\"><img loading=\"lazy\" decoding=\"async\" class=\"alignnone size-full wp-image-3338\" src=\"https:\/\/mrcartools.com\/wp-content\/uploads\/2023\/06\/Digital-Meter.jpg\" alt=\"Digital Meter\" width=\"1200\" height=\"1200\" srcset=\"\/\/mrcartools.com\/wp-content\/uploads\/2023\/06\/Digital-Meter.jpg 1200w, \/\/mrcartools.com\/wp-content\/uploads\/2023\/06\/Digital-Meter-253x253.jpg 253w, \/\/mrcartools.com\/wp-content\/uploads\/2023\/06\/Digital-Meter-100x100.jpg 100w, \/\/mrcartools.com\/wp-content\/uploads\/2023\/06\/Digital-Meter-510x510.jpg 510w\" sizes=\"(max-width: 1200px) 100vw, 1200px\" \/><\/p>\n<p class=\"detail-desc-decorate-title\">Modelos ampliamente aplicables:<\/p>\n<p class=\"detail-desc-decorate-content\" data-spm-anchor-id=\"a2g0o.detail.1000023.i3.4cc76dafUqdEMm\">Para Autob\u00fas, Autob\u00fas escolar, Cami\u00f3n grande, Drump truk, Coches, Suv...<\/p>\n<p class=\"detail-desc-decorate-content\" data-spm-anchor-id=\"a2g0o.detail.1000023.i3.4cc76dafUqdEMm\"><img loading=\"lazy\" decoding=\"async\" class=\"alignnone size-full wp-image-3341\" src=\"https:\/\/mrcartools.com\/wp-content\/uploads\/2023\/06\/HUD-For-All-Cars.jpg\" alt=\"HUD For All Cars\" width=\"1200\" height=\"1200\" srcset=\"\/\/mrcartools.com\/wp-content\/uploads\/2023\/06\/HUD-For-All-Cars.jpg 1200w, \/\/mrcartools.com\/wp-content\/uploads\/2023\/06\/HUD-For-All-Cars-253x253.jpg 253w, \/\/mrcartools.com\/wp-content\/uploads\/2023\/06\/HUD-For-All-Cars-100x100.jpg 100w, \/\/mrcartools.com\/wp-content\/uploads\/2023\/06\/HUD-For-All-Cars-510x510.jpg 510w\" sizes=\"(max-width: 1200px) 100vw, 1200px\" \/><\/p>\n<p class=\"detail-desc-decorate-title\">Modelos ampliamente aplicables:<\/p>\n<p class=\"detail-desc-decorate-content\" data-spm-anchor-id=\"a2g0o.detail.1000023.i3.4cc76dafUqdEMm\">Para Autob\u00fas, Autob\u00fas escolar, Cami\u00f3n grande, Drump truk, Coches, Suv...<\/p>\n<p data-spm-anchor-id=\"a2g0o.detail.1000023.i3.4cc76dafUqdEMm\"><img loading=\"lazy\" decoding=\"async\" class=\"alignnone size-full wp-image-3348\" src=\"https:\/\/mrcartools.com\/wp-content\/uploads\/2023\/06\/Overspeed-Alarm.jpg\" alt=\"Overspeed Alarm\" width=\"1200\" height=\"1200\" srcset=\"\/\/mrcartools.com\/wp-content\/uploads\/2023\/06\/Overspeed-Alarm.jpg 1200w, \/\/mrcartools.com\/wp-content\/uploads\/2023\/06\/Overspeed-Alarm-253x253.jpg 253w, \/\/mrcartools.com\/wp-content\/uploads\/2023\/06\/Overspeed-Alarm-100x100.jpg 100w, \/\/mrcartools.com\/wp-content\/uploads\/2023\/06\/Overspeed-Alarm-510x510.jpg 510w\" sizes=\"(max-width: 1200px) 100vw, 1200px\" \/><\/p>\n<p data-spm-anchor-id=\"a2g0o.detail.1000023.i3.4cc76dafUqdEMm\"><img loading=\"lazy\" decoding=\"async\" class=\"alignnone size-full wp-image-3345\" src=\"https:\/\/mrcartools.com\/wp-content\/uploads\/2023\/06\/head-up-display-for-lexus.jpg\" alt=\"head up display for lexus\" width=\"1200\" height=\"1200\" srcset=\"\/\/mrcartools.com\/wp-content\/uploads\/2023\/06\/head-up-display-for-lexus.jpg 1200w, \/\/mrcartools.com\/wp-content\/uploads\/2023\/06\/head-up-display-for-lexus-253x253.jpg 253w, \/\/mrcartools.com\/wp-content\/uploads\/2023\/06\/head-up-display-for-lexus-100x100.jpg 100w, \/\/mrcartools.com\/wp-content\/uploads\/2023\/06\/head-up-display-for-lexus-510x510.jpg 510w\" sizes=\"(max-width: 1200px) 100vw, 1200px\" \/><\/p>\n<div class=\"detailmodule_text\">\n<p><img loading=\"lazy\" decoding=\"async\" class=\"alignnone size-full wp-image-3347\" src=\"https:\/\/mrcartools.com\/wp-content\/uploads\/2023\/06\/MPH-KMH-Overspeed-Alarm.jpg\" alt=\"MPH KMH Overspeed Alarm\" width=\"1200\" height=\"1200\" srcset=\"\/\/mrcartools.com\/wp-content\/uploads\/2023\/06\/MPH-KMH-Overspeed-Alarm.jpg 1200w, \/\/mrcartools.com\/wp-content\/uploads\/2023\/06\/MPH-KMH-Overspeed-Alarm-253x253.jpg 253w, \/\/mrcartools.com\/wp-content\/uploads\/2023\/06\/MPH-KMH-Overspeed-Alarm-100x100.jpg 100w, \/\/mrcartools.com\/wp-content\/uploads\/2023\/06\/MPH-KMH-Overspeed-Alarm-510x510.jpg 510w\" sizes=\"(max-width: 1200px) 100vw, 1200px\" \/><\/p>\n<p>M\u00e9todo de instalaci\u00f3n:<\/p>\n<p class=\"detail-desc-decorate-content\">Pega la unidad principal en el parabrisas, enchufa el cable de alimentaci\u00f3n para encenderla y con\u00e9ctala a la se\u00f1al del sat\u00e9lite GPS, y ya se puede utilizar.<br \/>\n(Nota: Este producto se alimenta con 11,5V~30V, y est\u00e1 prohibido utilizar una fuente de alimentaci\u00f3n superior a 30V).<\/p>\n<\/div>\n<div class=\"detailmodule_text-image\">\n<p>Lista de envases:<\/p>\n<p class=\"detail-desc-decorate-content\">1 x Unidad principal<br \/>\n1x C\u00f3digo de alimentaci\u00f3n 5M<\/p>\n<p><img loading=\"lazy\" decoding=\"async\" class=\"alignnone size-full wp-image-3344\" src=\"https:\/\/mrcartools.com\/wp-content\/uploads\/2023\/06\/Car-Temperature-Digital-Meter.jpg\" alt=\"Car Temperature Digital Meter\" width=\"1200\" height=\"1200\" srcset=\"\/\/mrcartools.com\/wp-content\/uploads\/2023\/06\/Car-Temperature-Digital-Meter.jpg 1200w, \/\/mrcartools.com\/wp-content\/uploads\/2023\/06\/Car-Temperature-Digital-Meter-253x253.jpg 253w, \/\/mrcartools.com\/wp-content\/uploads\/2023\/06\/Car-Temperature-Digital-Meter-100x100.jpg 100w, \/\/mrcartools.com\/wp-content\/uploads\/2023\/06\/Car-Temperature-Digital-Meter-510x510.jpg 510w\" sizes=\"(max-width: 1200px) 100vw, 1200px\" \/><\/p>\n<p><img loading=\"lazy\" decoding=\"async\" class=\"alignnone size-full wp-image-3343\" src=\"https:\/\/mrcartools.com\/wp-content\/uploads\/2023\/06\/car-projector.jpg\" alt=\"car projector\" width=\"1200\" height=\"1200\" srcset=\"\/\/mrcartools.com\/wp-content\/uploads\/2023\/06\/car-projector.jpg 1200w, \/\/mrcartools.com\/wp-content\/uploads\/2023\/06\/car-projector-253x253.jpg 253w, \/\/mrcartools.com\/wp-content\/uploads\/2023\/06\/car-projector-100x100.jpg 100w, \/\/mrcartools.com\/wp-content\/uploads\/2023\/06\/car-projector-510x510.jpg 510w\" sizes=\"(max-width: 1200px) 100vw, 1200px\" \/> <img loading=\"lazy\" decoding=\"async\" class=\"alignnone size-full wp-image-3346\" src=\"https:\/\/mrcartools.com\/wp-content\/uploads\/2023\/06\/HUD-Head-Up-Display-Gauge.jpg\" alt=\"HUD Head Up Display Gauge\" width=\"1200\" height=\"1200\" srcset=\"\/\/mrcartools.com\/wp-content\/uploads\/2023\/06\/HUD-Head-Up-Display-Gauge.jpg 1200w, \/\/mrcartools.com\/wp-content\/uploads\/2023\/06\/HUD-Head-Up-Display-Gauge-253x253.jpg 253w, \/\/mrcartools.com\/wp-content\/uploads\/2023\/06\/HUD-Head-Up-Display-Gauge-100x100.jpg 100w, \/\/mrcartools.com\/wp-content\/uploads\/2023\/06\/HUD-Head-Up-Display-Gauge-510x510.jpg 510w\" sizes=\"(max-width: 1200px) 100vw, 1200px\" \/> <img loading=\"lazy\" decoding=\"async\" class=\"alignnone size-full wp-image-3342\" src=\"https:\/\/mrcartools.com\/wp-content\/uploads\/2023\/06\/Car-Digital-GPS-Speedometer.jpg\" alt=\"\" width=\"800\" height=\"800\" srcset=\"\/\/mrcartools.com\/wp-content\/uploads\/2023\/06\/Car-Digital-GPS-Speedometer.jpg 800w, \/\/mrcartools.com\/wp-content\/uploads\/2023\/06\/Car-Digital-GPS-Speedometer-253x253.jpg 253w, \/\/mrcartools.com\/wp-content\/uploads\/2023\/06\/Car-Digital-GPS-Speedometer-100x100.jpg 100w, \/\/mrcartools.com\/wp-content\/uploads\/2023\/06\/Car-Digital-GPS-Speedometer-510x510.jpg 510w\" sizes=\"(max-width: 800px) 100vw, 800px\" \/><\/p>\n<p><img loading=\"lazy\" decoding=\"async\" class=\"alignnone size-full wp-image-3311\" src=\"https:\/\/mrcartools.com\/wp-content\/uploads\/2023\/06\/1.webp\" alt=\"\" width=\"1200\" height=\"600\" srcset=\"\/\/mrcartools.com\/wp-content\/uploads\/2023\/06\/1.webp 1200w, \/\/mrcartools.com\/wp-content\/uploads\/2023\/06\/1-510x255.webp 510w, \/\/mrcartools.com\/wp-content\/uploads\/2023\/06\/1-800x400.webp 800w, \/\/mrcartools.com\/wp-content\/uploads\/2023\/06\/1-768x384.webp 768w\" sizes=\"(max-width: 1200px) 100vw, 1200px\" \/> <img loading=\"lazy\" decoding=\"async\" class=\"alignnone size-full wp-image-3312\" src=\"https:\/\/mrcartools.com\/wp-content\/uploads\/2023\/06\/2.webp\" alt=\"\" width=\"1200\" height=\"600\" srcset=\"\/\/mrcartools.com\/wp-content\/uploads\/2023\/06\/2.webp 1200w, \/\/mrcartools.com\/wp-content\/uploads\/2023\/06\/2-510x255.webp 510w, \/\/mrcartools.com\/wp-content\/uploads\/2023\/06\/2-800x400.webp 800w, \/\/mrcartools.com\/wp-content\/uploads\/2023\/06\/2-768x384.webp 768w\" sizes=\"(max-width: 1200px) 100vw, 1200px\" \/> <img loading=\"lazy\" decoding=\"async\" class=\"alignnone size-full wp-image-3313\" src=\"https:\/\/mrcartools.com\/wp-content\/uploads\/2023\/06\/3.webp\" alt=\"\" width=\"1200\" height=\"600\" srcset=\"\/\/mrcartools.com\/wp-content\/uploads\/2023\/06\/3.webp 1200w, \/\/mrcartools.com\/wp-content\/uploads\/2023\/06\/3-510x255.webp 510w, \/\/mrcartools.com\/wp-content\/uploads\/2023\/06\/3-800x400.webp 800w, \/\/mrcartools.com\/wp-content\/uploads\/2023\/06\/3-768x384.webp 768w\" sizes=\"(max-width: 1200px) 100vw, 1200px\" \/> <img loading=\"lazy\" decoding=\"async\" class=\"alignnone size-full wp-image-3314\" src=\"https:\/\/mrcartools.com\/wp-content\/uploads\/2023\/06\/Mrcartool.jpg\" alt=\"\" width=\"1200\" height=\"600\" srcset=\"\/\/mrcartools.com\/wp-content\/uploads\/2023\/06\/Mrcartool.jpg 1200w, \/\/mrcartools.com\/wp-content\/uploads\/2023\/06\/Mrcartool-510x255.jpg 510w\" sizes=\"(max-width: 1200px) 100vw, 1200px\" \/><\/p>\n<\/div>\n<\/div>","protected":false},"excerpt":{"rendered":"<p>Product Features: 3 KINDSOF INTERFACE SWITCHINGUSE While driving(display vehicle speed interface) dual-screen simultaneous display When parking [display temperature and time function] OVERSPEED ALARM FATIGUE DRIVING REMINDER: Overspeed alarm Driving reminder Widely Applicable Models: For Bus, School bus, Big truck, Drump truk, Cars, Suv&#8230; Widely Applicable Models: For Bus, School bus, Big truck, Drump truk, Cars, [&#8230;]","protected":false},"featured_media":3337,"template":"","meta":[],"product_brand":[],"product_cat":[142],"product_tag":[],"class_list":{"0":"post-3336","1":"product","2":"type-product","3":"status-publish","4":"has-post-thumbnail","6":"product_cat-car-inclinometer","7":"product_shipping_class-weight","9":"first","10":"instock","11":"shipping-taxable","12":"product-type-simple"},"yoast_head":"<!-- This site is optimized with the Yoast SEO Premium plugin v24.4 (Yoast SEO v24.4) - https:\/\/yoast.com\/wordpress\/plugins\/seo\/ -->\n<title>MRCARTOOL Automotive GPS HUD Speedometer Head-up Display Car Temperature Digital Meter MPH\/KMH Overspeed Alarm - Mrcartool<\/title>\n<meta name=\"robots\" content=\"index, follow, max-snippet:-1, max-image-preview:large, max-video-preview:-1\" \/>\n<link rel=\"canonical\" href=\"https:\/\/mrcartools.com\/es\/producto\/mrcartool-automotive-gps-hud-speedometer-head-up-display-car-temperature-digital-meter-mph-kmh-overspeed-alarm\/\" \/>\n<meta property=\"og:locale\" content=\"es_MX\" \/>\n<meta property=\"og:type\" content=\"article\" \/>\n<meta property=\"og:title\" content=\"MRCARTOOL Automotive GPS HUD Speedometer Head-up Display Car Temperature Digital Meter MPH\/KMH Overspeed Alarm\" \/>\n<meta property=\"og:description\" content=\"Product Features: 3 KINDSOF INTERFACE SWITCHINGUSE While driving(display vehicle speed interface) dual-screen simultaneous display When parking [display temperature and time function] OVERSPEED ALARM FATIGUE DRIVING REMINDER: Overspeed alarm Driving reminder Widely Applicable Models: For Bus, School bus, Big truck, Drump truk, Cars, Suv&#8230; Widely Applicable Models: For Bus, School bus, Big truck, Drump truk, Cars, [...]\" \/>\n<meta property=\"og:url\" content=\"https:\/\/mrcartools.com\/es\/producto\/mrcartool-automotive-gps-hud-speedometer-head-up-display-car-temperature-digital-meter-mph-kmh-overspeed-alarm\/\" \/>\n<meta property=\"og:site_name\" content=\"Mrcartool\" \/>\n<meta property=\"article:modified_time\" content=\"2025-02-14T15:08:15+00:00\" \/>\n<meta property=\"og:image\" content=\"https:\/\/mrcartools.com\/wp-content\/uploads\/2023\/06\/MRCARTOOL-Automotive-GPS-HUD.jpg\" \/>\n\t<meta property=\"og:image:width\" content=\"1200\" \/>\n\t<meta property=\"og:image:height\" content=\"1200\" \/>\n\t<meta property=\"og:image:type\" content=\"image\/jpeg\" \/>\n<meta name=\"twitter:card\" content=\"summary_large_image\" \/>\n<meta name=\"twitter:label1\" content=\"Tiempo de lectura\" \/>\n\t<meta name=\"twitter:data1\" content=\"4 minutos\" \/>\n<script type=\"application\/ld+json\" class=\"yoast-schema-graph\">{\"@context\":\"https:\/\/schema.org\",\"@graph\":[{\"@type\":\"WebPage\",\"@id\":\"https:\/\/mrcartools.com\/product\/mrcartool-automotive-gps-hud-speedometer-head-up-display-car-temperature-digital-meter-mph-kmh-overspeed-alarm\/\",\"url\":\"https:\/\/mrcartools.com\/product\/mrcartool-automotive-gps-hud-speedometer-head-up-display-car-temperature-digital-meter-mph-kmh-overspeed-alarm\/\",\"name\":\"MRCARTOOL Automotive GPS HUD Speedometer Head-up Display Car Temperature Digital Meter MPH\/KMH Overspeed Alarm - Mrcartool\",\"isPartOf\":{\"@id\":\"https:\/\/mrcartools.com\/#website\"},\"primaryImageOfPage\":{\"@id\":\"https:\/\/mrcartools.com\/product\/mrcartool-automotive-gps-hud-speedometer-head-up-display-car-temperature-digital-meter-mph-kmh-overspeed-alarm\/#primaryimage\"},\"image\":{\"@id\":\"https:\/\/mrcartools.com\/product\/mrcartool-automotive-gps-hud-speedometer-head-up-display-car-temperature-digital-meter-mph-kmh-overspeed-alarm\/#primaryimage\"},\"thumbnailUrl\":\"https:\/\/mrcartools.com\/wp-content\/uploads\/2023\/06\/MRCARTOOL-Automotive-GPS-HUD.jpg\",\"datePublished\":\"2023-06-14T03:13:31+00:00\",\"dateModified\":\"2025-02-14T15:08:15+00:00\",\"breadcrumb\":{\"@id\":\"https:\/\/mrcartools.com\/product\/mrcartool-automotive-gps-hud-speedometer-head-up-display-car-temperature-digital-meter-mph-kmh-overspeed-alarm\/#breadcrumb\"},\"inLanguage\":\"es\",\"potentialAction\":[{\"@type\":\"ReadAction\",\"target\":[\"https:\/\/mrcartools.com\/product\/mrcartool-automotive-gps-hud-speedometer-head-up-display-car-temperature-digital-meter-mph-kmh-overspeed-alarm\/\"]}]},{\"@type\":\"ImageObject\",\"inLanguage\":\"es\",\"@id\":\"https:\/\/mrcartools.com\/product\/mrcartool-automotive-gps-hud-speedometer-head-up-display-car-temperature-digital-meter-mph-kmh-overspeed-alarm\/#primaryimage\",\"url\":\"https:\/\/mrcartools.com\/wp-content\/uploads\/2023\/06\/MRCARTOOL-Automotive-GPS-HUD.jpg\",\"contentUrl\":\"https:\/\/mrcartools.com\/wp-content\/uploads\/2023\/06\/MRCARTOOL-Automotive-GPS-HUD.jpg\",\"width\":1200,\"height\":1200,\"caption\":\"MRCARTOOL Automotive GPS HUD\"},{\"@type\":\"BreadcrumbList\",\"@id\":\"https:\/\/mrcartools.com\/product\/mrcartool-automotive-gps-hud-speedometer-head-up-display-car-temperature-digital-meter-mph-kmh-overspeed-alarm\/#breadcrumb\",\"itemListElement\":[{\"@type\":\"ListItem\",\"position\":1,\"name\":\"Home\",\"item\":\"https:\/\/mrcartools.com\/\"},{\"@type\":\"ListItem\",\"position\":2,\"name\":\"Shop\",\"item\":\"https:\/\/mrcartools.com\/shop-2\/\"},{\"@type\":\"ListItem\",\"position\":3,\"name\":\"MRCARTOOL Automotive GPS HUD Speedometer Head-up Display Car Temperature Digital Meter MPH\/KMH Overspeed Alarm\"}]},{\"@type\":\"WebSite\",\"@id\":\"https:\/\/mrcartools.com\/#website\",\"url\":\"https:\/\/mrcartools.com\/\",\"name\":\"MRCARTOOL\",\"description\":\"MRCARTOOL Official Website\",\"publisher\":{\"@id\":\"https:\/\/mrcartools.com\/#organization\"},\"potentialAction\":[{\"@type\":\"SearchAction\",\"target\":{\"@type\":\"EntryPoint\",\"urlTemplate\":\"https:\/\/mrcartools.com\/?s={search_term_string}\"},\"query-input\":{\"@type\":\"PropertyValueSpecification\",\"valueRequired\":true,\"valueName\":\"search_term_string\"}}],\"inLanguage\":\"es\"},{\"@type\":\"Organization\",\"@id\":\"https:\/\/mrcartools.com\/#organization\",\"name\":\"MRCARTOOL\",\"url\":\"https:\/\/mrcartools.com\/\",\"logo\":{\"@type\":\"ImageObject\",\"inLanguage\":\"es\",\"@id\":\"https:\/\/mrcartools.com\/#\/schema\/logo\/image\/\",\"url\":\"https:\/\/mrcartools.com\/wp-content\/uploads\/2023\/07\/\u4e0a\u4f73\u6c7d\u8f66\u5de5\u5177-LOGO-2.png\",\"contentUrl\":\"https:\/\/mrcartools.com\/wp-content\/uploads\/2023\/07\/\u4e0a\u4f73\u6c7d\u8f66\u5de5\u5177-LOGO-2.png\",\"width\":1800,\"height\":402,\"caption\":\"MRCARTOOL\"},\"image\":{\"@id\":\"https:\/\/mrcartools.com\/#\/schema\/logo\/image\/\"}}]}<\/script>\n<!-- \/ Yoast SEO Premium plugin. -->","yoast_head_json":{"title":"MRCARTOOL Automotive GPS HUD Speedometer Head-up Display Car Temperature Digital Meter MPH\/KMH Overspeed Alarm - Mrcartool","robots":{"index":"index","follow":"follow","max-snippet":"max-snippet:-1","max-image-preview":"max-image-preview:large","max-video-preview":"max-video-preview:-1"},"canonical":"https:\/\/mrcartools.com\/es\/producto\/mrcartool-automotive-gps-hud-speedometer-head-up-display-car-temperature-digital-meter-mph-kmh-overspeed-alarm\/","og_locale":"es_MX","og_type":"article","og_title":"MRCARTOOL Automotive GPS HUD Speedometer Head-up Display Car Temperature Digital Meter MPH\/KMH Overspeed Alarm","og_description":"Product Features: 3 KINDSOF INTERFACE SWITCHINGUSE While driving(display vehicle speed interface) dual-screen simultaneous display When parking [display temperature and time function] OVERSPEED ALARM FATIGUE DRIVING REMINDER: Overspeed alarm Driving reminder Widely Applicable Models: For Bus, School bus, Big truck, Drump truk, Cars, Suv&#8230; Widely Applicable Models: For Bus, School bus, Big truck, Drump truk, Cars, [...]","og_url":"https:\/\/mrcartools.com\/es\/producto\/mrcartool-automotive-gps-hud-speedometer-head-up-display-car-temperature-digital-meter-mph-kmh-overspeed-alarm\/","og_site_name":"Mrcartool","article_modified_time":"2025-02-14T15:08:15+00:00","og_image":[{"width":1200,"height":1200,"url":"https:\/\/mrcartools.com\/wp-content\/uploads\/2023\/06\/MRCARTOOL-Automotive-GPS-HUD.jpg","type":"image\/jpeg"}],"twitter_card":"summary_large_image","twitter_misc":{"Tiempo de lectura":"4 minutos"},"schema":{"@context":"https:\/\/schema.org","@graph":[{"@type":"WebPage","@id":"https:\/\/mrcartools.com\/product\/mrcartool-automotive-gps-hud-speedometer-head-up-display-car-temperature-digital-meter-mph-kmh-overspeed-alarm\/","url":"https:\/\/mrcartools.com\/product\/mrcartool-automotive-gps-hud-speedometer-head-up-display-car-temperature-digital-meter-mph-kmh-overspeed-alarm\/","name":"MRCARTOOL Automotive GPS HUD Speedometer Head-up Display Car Temperature Digital Meter MPH\/KMH Overspeed Alarm - Mrcartool","isPartOf":{"@id":"https:\/\/mrcartools.com\/#website"},"primaryImageOfPage":{"@id":"https:\/\/mrcartools.com\/product\/mrcartool-automotive-gps-hud-speedometer-head-up-display-car-temperature-digital-meter-mph-kmh-overspeed-alarm\/#primaryimage"},"image":{"@id":"https:\/\/mrcartools.com\/product\/mrcartool-automotive-gps-hud-speedometer-head-up-display-car-temperature-digital-meter-mph-kmh-overspeed-alarm\/#primaryimage"},"thumbnailUrl":"https:\/\/mrcartools.com\/wp-content\/uploads\/2023\/06\/MRCARTOOL-Automotive-GPS-HUD.jpg","datePublished":"2023-06-14T03:13:31+00:00","dateModified":"2025-02-14T15:08:15+00:00","breadcrumb":{"@id":"https:\/\/mrcartools.com\/product\/mrcartool-automotive-gps-hud-speedometer-head-up-display-car-temperature-digital-meter-mph-kmh-overspeed-alarm\/#breadcrumb"},"inLanguage":"es","potentialAction":[{"@type":"ReadAction","target":["https:\/\/mrcartools.com\/product\/mrcartool-automotive-gps-hud-speedometer-head-up-display-car-temperature-digital-meter-mph-kmh-overspeed-alarm\/"]}]},{"@type":"ImageObject","inLanguage":"es","@id":"https:\/\/mrcartools.com\/product\/mrcartool-automotive-gps-hud-speedometer-head-up-display-car-temperature-digital-meter-mph-kmh-overspeed-alarm\/#primaryimage","url":"https:\/\/mrcartools.com\/wp-content\/uploads\/2023\/06\/MRCARTOOL-Automotive-GPS-HUD.jpg","contentUrl":"https:\/\/mrcartools.com\/wp-content\/uploads\/2023\/06\/MRCARTOOL-Automotive-GPS-HUD.jpg","width":1200,"height":1200,"caption":"MRCARTOOL Automotive GPS HUD"},{"@type":"BreadcrumbList","@id":"https:\/\/mrcartools.com\/product\/mrcartool-automotive-gps-hud-speedometer-head-up-display-car-temperature-digital-meter-mph-kmh-overspeed-alarm\/#breadcrumb","itemListElement":[{"@type":"ListItem","position":1,"name":"Home","item":"https:\/\/mrcartools.com\/"},{"@type":"ListItem","position":2,"name":"Shop","item":"https:\/\/mrcartools.com\/shop-2\/"},{"@type":"ListItem","position":3,"name":"MRCARTOOL Automotive GPS HUD Speedometer Head-up Display Car Temperature Digital Meter MPH\/KMH Overspeed Alarm"}]},{"@type":"WebSite","@id":"https:\/\/mrcartools.com\/#website","url":"https:\/\/mrcartools.com\/","name":"MRCARTOOL","description":"Sitio web oficial de MRCARTOOL","publisher":{"@id":"https:\/\/mrcartools.com\/#organization"},"potentialAction":[{"@type":"SearchAction","target":{"@type":"EntryPoint","urlTemplate":"https:\/\/mrcartools.com\/?s={search_term_string}"},"query-input":{"@type":"PropertyValueSpecification","valueRequired":true,"valueName":"search_term_string"}}],"inLanguage":"es"},{"@type":"Organization","@id":"https:\/\/mrcartools.com\/#organization","name":"MRCARTOOL","url":"https:\/\/mrcartools.com\/","logo":{"@type":"ImageObject","inLanguage":"es","@id":"https:\/\/mrcartools.com\/#\/schema\/logo\/image\/","url":"https:\/\/mrcartools.com\/wp-content\/uploads\/2023\/07\/\u4e0a\u4f73\u6c7d\u8f66\u5de5\u5177-LOGO-2.png","contentUrl":"https:\/\/mrcartools.com\/wp-content\/uploads\/2023\/07\/\u4e0a\u4f73\u6c7d\u8f66\u5de5\u5177-LOGO-2.png","width":1800,"height":402,"caption":"MRCARTOOL"},"image":{"@id":"https:\/\/mrcartools.com\/#\/schema\/logo\/image\/"}}]}},"_links":{"self":[{"href":"https:\/\/mrcartools.com\/es\/wp-json\/wp\/v2\/product\/3336","targetHints":{"allow":["GET"]}}],"collection":[{"href":"https:\/\/mrcartools.com\/es\/wp-json\/wp\/v2\/product"}],"about":[{"href":"https:\/\/mrcartools.com\/es\/wp-json\/wp\/v2\/types\/product"}],"version-history":[{"count":0,"href":"https:\/\/mrcartools.com\/es\/wp-json\/wp\/v2\/product\/3336\/revisions"}],"wp:featuredmedia":[{"embeddable":true,"href":"https:\/\/mrcartools.com\/es\/wp-json\/wp\/v2\/media\/3337"}],"wp:attachment":[{"href":"https:\/\/mrcartools.com\/es\/wp-json\/wp\/v2\/media?parent=3336"}],"wp:term":[{"taxonomy":"product_brand","embeddable":true,"href":"https:\/\/mrcartools.com\/es\/wp-json\/wp\/v2\/product_brand?post=3336"},{"taxonomy":"product_cat","embeddable":true,"href":"https:\/\/mrcartools.com\/es\/wp-json\/wp\/v2\/product_cat?post=3336"},{"taxonomy":"product_tag","embeddable":true,"href":"https:\/\/mrcartools.com\/es\/wp-json\/wp\/v2\/product_tag?post=3336"}],"curies":[{"name":"wp","href":"https:\/\/api.w.org\/{rel}","templated":true}]}}