{"id":3367,"date":"2023-06-14T09:02:44","date_gmt":"2023-06-14T09:02:44","guid":{"rendered":"https:\/\/mrcartools.com\/?post_type=product&#038;p=3367"},"modified":"2025-05-12T10:11:56","modified_gmt":"2025-05-12T10:11:56","slug":"mrcartool-m30-obd-gps-head-up-display-car-speedmeter-kmh-mph-mini-usb-speedometer","status":"publish","type":"product","link":"https:\/\/mrcartools.com\/es\/producto\/mrcartool-m30-obd-gps-head-up-display-car-speedmeter-kmh-mph-mini-usb-speedometer\/","title":{"rendered":"MRCARTOOL M30 OBD GPS Head-Up Display Veloc\u00edmetro Coche KMH &amp; MPH Mini Usb Veloc\u00edmetro"},"content":{"rendered":"<p><strong>Introducci\u00f3n del producto\uff1a<\/strong><\/p>\n<p class=\"detail-desc-decorate-content\">MRCARTOOL M30 es un GPS inteligente de visualizaci\u00f3n de la velocidad del veh\u00edculo de tiempo, que puede obtener datos de la se\u00f1al de sat\u00e9lite a trav\u00e9s de GPS \/ Beidou sat\u00e9lite m\u00f3dulo de doble canal, y la se\u00f1al dual es m\u00e1s estable. Conducir sin agachar la cabeza y pagar estable. Conducir sin inclinar la cabeza y prestar atenci\u00f3n a la velocidad de conducci\u00f3n en cualquier momento mejora en gran medida la seguridad de conducci\u00f3n, y es favorecido por un gran n\u00famero de nuevos y viejos conductores, los propietarios de autom\u00f3viles de escolta. Las caracter\u00edsticas incluyen (velocidad GPS, tiempo satllite, alarma de exceso de velocidad, recordatorio de conducci\u00f3n fatiga.)<\/p>\n<p><img fetchpriority=\"high\" decoding=\"async\" class=\"alignnone size-full wp-image-3372\" src=\"https:\/\/mrcartools.com\/wp-content\/uploads\/2023\/06\/MRCARTOOL-M30-Car-Speedmeter.jpg\" alt=\"MRCARTOOL M30 Car Speedmeter\" width=\"1200\" height=\"1200\" srcset=\"\/\/mrcartools.com\/wp-content\/uploads\/2023\/06\/MRCARTOOL-M30-Car-Speedmeter.jpg 1200w, \/\/mrcartools.com\/wp-content\/uploads\/2023\/06\/MRCARTOOL-M30-Car-Speedmeter-253x253.jpg 253w, \/\/mrcartools.com\/wp-content\/uploads\/2023\/06\/MRCARTOOL-M30-Car-Speedmeter-100x100.jpg 100w, \/\/mrcartools.com\/wp-content\/uploads\/2023\/06\/MRCARTOOL-M30-Car-Speedmeter-510x510.jpg 510w\" sizes=\"(max-width: 1200px) 100vw, 1200px\" \/><\/p>\n<p><strong>Especificaci\u00f3n del producto\uff1a<\/strong><\/p>\n<p><img decoding=\"async\" class=\"alignnone size-full wp-image-3375\" src=\"https:\/\/mrcartools.com\/wp-content\/uploads\/2023\/06\/Compass-for-All-Vehicles.jpg\" alt=\"Compass for All Vehicles\" width=\"1200\" height=\"1200\" srcset=\"\/\/mrcartools.com\/wp-content\/uploads\/2023\/06\/Compass-for-All-Vehicles.jpg 1200w, \/\/mrcartools.com\/wp-content\/uploads\/2023\/06\/Compass-for-All-Vehicles-253x253.jpg 253w, \/\/mrcartools.com\/wp-content\/uploads\/2023\/06\/Compass-for-All-Vehicles-100x100.jpg 100w, \/\/mrcartools.com\/wp-content\/uploads\/2023\/06\/Compass-for-All-Vehicles-510x510.jpg 510w\" sizes=\"(max-width: 1200px) 100vw, 1200px\" \/><\/p>\n<p>Funci\u00f3n principal:<\/p>\n<p class=\"detail-desc-decorate-content\" data-spm-anchor-id=\"a2g0o.detail.1000023.i1.68e73104LGF0iC\">Visualizaci\u00f3n de la velocidad GPS<br \/>\n\u25cfRecordatorio de conducci\u00f3n fatigosa<br \/>\n\u25cfIndicador de hora Satllite<br \/>\n\u25cf Aviso de exceso de velocidad<br \/>\nIndicador de br\u00fajula<\/p>\n<p data-spm-anchor-id=\"a2g0o.detail.1000023.i1.68e73104LGF0iC\"><img decoding=\"async\" class=\"alignnone size-full wp-image-3376\" src=\"https:\/\/mrcartools.com\/wp-content\/uploads\/2023\/06\/Car-Mini-OBD-GPS-Head-Up-Display-1.jpg\" alt=\"Car Mini OBD GPS Head-Up Display\" width=\"1200\" height=\"1200\" srcset=\"\/\/mrcartools.com\/wp-content\/uploads\/2023\/06\/Car-Mini-OBD-GPS-Head-Up-Display-1.jpg 1200w, \/\/mrcartools.com\/wp-content\/uploads\/2023\/06\/Car-Mini-OBD-GPS-Head-Up-Display-1-253x253.jpg 253w, \/\/mrcartools.com\/wp-content\/uploads\/2023\/06\/Car-Mini-OBD-GPS-Head-Up-Display-1-100x100.jpg 100w, \/\/mrcartools.com\/wp-content\/uploads\/2023\/06\/Car-Mini-OBD-GPS-Head-Up-Display-1-510x510.jpg 510w\" sizes=\"(max-width: 1200px) 100vw, 1200px\" \/> <img loading=\"lazy\" decoding=\"async\" class=\"alignnone size-full wp-image-3377\" src=\"https:\/\/mrcartools.com\/wp-content\/uploads\/2023\/06\/Digital-GPS-Speedometer-1.jpg\" alt=\"Digital GPS Speedometer\" width=\"1200\" height=\"1200\" srcset=\"\/\/mrcartools.com\/wp-content\/uploads\/2023\/06\/Digital-GPS-Speedometer-1.jpg 1200w, \/\/mrcartools.com\/wp-content\/uploads\/2023\/06\/Digital-GPS-Speedometer-1-253x253.jpg 253w, \/\/mrcartools.com\/wp-content\/uploads\/2023\/06\/Digital-GPS-Speedometer-1-100x100.jpg 100w, \/\/mrcartools.com\/wp-content\/uploads\/2023\/06\/Digital-GPS-Speedometer-1-510x510.jpg 510w\" sizes=\"(max-width: 1200px) 100vw, 1200px\" \/> <img loading=\"lazy\" decoding=\"async\" class=\"alignnone size-full wp-image-3370\" src=\"https:\/\/mrcartools.com\/wp-content\/uploads\/2023\/06\/Car-Speedmeter-GPS.jpg\" alt=\"Car Speedmeter GPS\" width=\"1200\" height=\"1200\" srcset=\"\/\/mrcartools.com\/wp-content\/uploads\/2023\/06\/Car-Speedmeter-GPS.jpg 1200w, \/\/mrcartools.com\/wp-content\/uploads\/2023\/06\/Car-Speedmeter-GPS-253x253.jpg 253w, \/\/mrcartools.com\/wp-content\/uploads\/2023\/06\/Car-Speedmeter-GPS-100x100.jpg 100w, \/\/mrcartools.com\/wp-content\/uploads\/2023\/06\/Car-Speedmeter-GPS-510x510.jpg 510w\" sizes=\"(max-width: 1200px) 100vw, 1200px\" \/><\/p>\n<p>Caracter\u00edsticas principales\uff1a<\/p>\n<p class=\"detail-desc-decorate-content\">\u25cfAplicable a series de coches nacionales, series de coches asi\u00e1ticos, series de coches americanos, series de coches europeos.<br \/>\n\u25cfEquipado con m\u00f3dulo de se\u00f1al GPS por sat\u00e9lite de doble canal de alta precisi\u00f3n.<br \/>\n\u25cfAdapta la intensidad de luz del sensor de la fuente de luz para ajustar el brillo de la pantalla.<br \/>\n\u25cfAdopt carbon fiber appearance body design.<br \/>\n\u25cfEntorno de trabajo e indicadores t\u00e9cnicos se inician con el coche, funci\u00f3n de reposo autom\u00e1tico al aparcar.<\/p>\n<p><img loading=\"lazy\" decoding=\"async\" class=\"alignnone size-full wp-image-3373\" src=\"https:\/\/mrcartools.com\/wp-content\/uploads\/2023\/06\/Car-and-Motorcycle-Speedometer.jpg\" alt=\"Car and Motorcycle Speedometer\" width=\"1200\" height=\"1200\" srcset=\"\/\/mrcartools.com\/wp-content\/uploads\/2023\/06\/Car-and-Motorcycle-Speedometer.jpg 1200w, \/\/mrcartools.com\/wp-content\/uploads\/2023\/06\/Car-and-Motorcycle-Speedometer-253x253.jpg 253w, \/\/mrcartools.com\/wp-content\/uploads\/2023\/06\/Car-and-Motorcycle-Speedometer-100x100.jpg 100w, \/\/mrcartools.com\/wp-content\/uploads\/2023\/06\/Car-and-Motorcycle-Speedometer-510x510.jpg 510w\" sizes=\"(max-width: 1200px) 100vw, 1200px\" \/><img loading=\"lazy\" decoding=\"async\" class=\"alignnone size-full wp-image-3378\" src=\"https:\/\/mrcartools.com\/wp-content\/uploads\/2023\/06\/Automotive-Head-Up-Display.jpg\" alt=\"Automotive Head Up Display\" width=\"1200\" height=\"1200\" srcset=\"\/\/mrcartools.com\/wp-content\/uploads\/2023\/06\/Automotive-Head-Up-Display.jpg 1200w, \/\/mrcartools.com\/wp-content\/uploads\/2023\/06\/Automotive-Head-Up-Display-253x253.jpg 253w, \/\/mrcartools.com\/wp-content\/uploads\/2023\/06\/Automotive-Head-Up-Display-100x100.jpg 100w, \/\/mrcartools.com\/wp-content\/uploads\/2023\/06\/Automotive-Head-Up-Display-510x510.jpg 510w\" sizes=\"(max-width: 1200px) 100vw, 1200px\" \/> <img loading=\"lazy\" decoding=\"async\" class=\"alignnone size-full wp-image-3379\" src=\"https:\/\/mrcartools.com\/wp-content\/uploads\/2023\/06\/MRCARTOOL-M30-Mini-Usb-Gps-HUD-1.jpg\" alt=\"MRCARTOOL M30 Mini Usb Gps HUD\" width=\"1200\" height=\"1200\" srcset=\"\/\/mrcartools.com\/wp-content\/uploads\/2023\/06\/MRCARTOOL-M30-Mini-Usb-Gps-HUD-1.jpg 1200w, \/\/mrcartools.com\/wp-content\/uploads\/2023\/06\/MRCARTOOL-M30-Mini-Usb-Gps-HUD-1-253x253.jpg 253w, \/\/mrcartools.com\/wp-content\/uploads\/2023\/06\/MRCARTOOL-M30-Mini-Usb-Gps-HUD-1-100x100.jpg 100w, \/\/mrcartools.com\/wp-content\/uploads\/2023\/06\/MRCARTOOL-M30-Mini-Usb-Gps-HUD-1-510x510.jpg 510w\" sizes=\"(max-width: 1200px) 100vw, 1200px\" \/> <img loading=\"lazy\" decoding=\"async\" class=\"alignnone size-full wp-image-3381\" src=\"https:\/\/mrcartools.com\/wp-content\/uploads\/2023\/06\/Head-Up-Display-for-Off-Road-Vehicles-1.jpg\" alt=\"Head Up Display for Off Road Vehicles\" width=\"1200\" height=\"1200\" srcset=\"\/\/mrcartools.com\/wp-content\/uploads\/2023\/06\/Head-Up-Display-for-Off-Road-Vehicles-1.jpg 1200w, \/\/mrcartools.com\/wp-content\/uploads\/2023\/06\/Head-Up-Display-for-Off-Road-Vehicles-1-253x253.jpg 253w, \/\/mrcartools.com\/wp-content\/uploads\/2023\/06\/Head-Up-Display-for-Off-Road-Vehicles-1-100x100.jpg 100w, \/\/mrcartools.com\/wp-content\/uploads\/2023\/06\/Head-Up-Display-for-Off-Road-Vehicles-1-510x510.jpg 510w\" sizes=\"(max-width: 1200px) 100vw, 1200px\" \/><\/p>\n<p class=\"detail-desc-decorate-title\">Lista de envases:<\/p>\n<p class=\"detail-desc-decorate-content\" data-spm-anchor-id=\"a2g0o.detail.1000023.i4.68e73104LGF0iC\">1x M30 Unidad principal<br \/>\n1x Cable de conexi\u00f3n USB de 1,5 m<br \/>\n1x Manual<br \/>\n1x Cinta<br \/>\n1 paquete<\/p>\n<p data-spm-anchor-id=\"a2g0o.detail.1000023.i4.68e73104LGF0iC\"><img loading=\"lazy\" decoding=\"async\" class=\"alignnone size-full wp-image-3382\" src=\"https:\/\/mrcartools.com\/wp-content\/uploads\/2023\/06\/Head-Up-Display-with-Overspeed-Alarm.jpg\" alt=\"Head Up Display with Overspeed Alarm\" width=\"1200\" height=\"1200\" srcset=\"\/\/mrcartools.com\/wp-content\/uploads\/2023\/06\/Head-Up-Display-with-Overspeed-Alarm.jpg 1200w, \/\/mrcartools.com\/wp-content\/uploads\/2023\/06\/Head-Up-Display-with-Overspeed-Alarm-253x253.jpg 253w, \/\/mrcartools.com\/wp-content\/uploads\/2023\/06\/Head-Up-Display-with-Overspeed-Alarm-100x100.jpg 100w, \/\/mrcartools.com\/wp-content\/uploads\/2023\/06\/Head-Up-Display-with-Overspeed-Alarm-510x510.jpg 510w\" sizes=\"(max-width: 1200px) 100vw, 1200px\" \/> <img loading=\"lazy\" decoding=\"async\" class=\"alignnone size-full wp-image-3311\" src=\"https:\/\/mrcartools.com\/wp-content\/uploads\/2023\/06\/1.webp\" alt=\"\" width=\"1200\" height=\"600\" srcset=\"\/\/mrcartools.com\/wp-content\/uploads\/2023\/06\/1.webp 1200w, \/\/mrcartools.com\/wp-content\/uploads\/2023\/06\/1-510x255.webp 510w, \/\/mrcartools.com\/wp-content\/uploads\/2023\/06\/1-800x400.webp 800w, \/\/mrcartools.com\/wp-content\/uploads\/2023\/06\/1-768x384.webp 768w\" sizes=\"(max-width: 1200px) 100vw, 1200px\" \/> <img loading=\"lazy\" decoding=\"async\" class=\"alignnone size-full wp-image-3312\" src=\"https:\/\/mrcartools.com\/wp-content\/uploads\/2023\/06\/2.webp\" alt=\"\" width=\"1200\" height=\"600\" srcset=\"\/\/mrcartools.com\/wp-content\/uploads\/2023\/06\/2.webp 1200w, \/\/mrcartools.com\/wp-content\/uploads\/2023\/06\/2-510x255.webp 510w, \/\/mrcartools.com\/wp-content\/uploads\/2023\/06\/2-800x400.webp 800w, \/\/mrcartools.com\/wp-content\/uploads\/2023\/06\/2-768x384.webp 768w\" sizes=\"(max-width: 1200px) 100vw, 1200px\" \/> <img loading=\"lazy\" decoding=\"async\" class=\"alignnone size-full wp-image-3313\" src=\"https:\/\/mrcartools.com\/wp-content\/uploads\/2023\/06\/3.webp\" alt=\"\" width=\"1200\" height=\"600\" srcset=\"\/\/mrcartools.com\/wp-content\/uploads\/2023\/06\/3.webp 1200w, \/\/mrcartools.com\/wp-content\/uploads\/2023\/06\/3-510x255.webp 510w, \/\/mrcartools.com\/wp-content\/uploads\/2023\/06\/3-800x400.webp 800w, \/\/mrcartools.com\/wp-content\/uploads\/2023\/06\/3-768x384.webp 768w\" sizes=\"(max-width: 1200px) 100vw, 1200px\" \/> <img loading=\"lazy\" decoding=\"async\" class=\"alignnone size-full wp-image-3314\" src=\"https:\/\/mrcartools.com\/wp-content\/uploads\/2023\/06\/Mrcartool.jpg\" alt=\"\" width=\"1200\" height=\"600\" srcset=\"\/\/mrcartools.com\/wp-content\/uploads\/2023\/06\/Mrcartool.jpg 1200w, \/\/mrcartools.com\/wp-content\/uploads\/2023\/06\/Mrcartool-510x255.jpg 510w\" sizes=\"(max-width: 1200px) 100vw, 1200px\" \/><\/p>","protected":false},"excerpt":{"rendered":"<p><strong>Amplia compatibilidad con veh\u00edculos:<\/strong> Aplicable a series de autom\u00f3viles nacionales, asi\u00e1ticos, americanos y europeos.<br \/>\n<strong>Tecnolog\u00eda GPS avanzada:<\/strong> Equipado con un m\u00f3dulo de se\u00f1al GPS por sat\u00e9lite de doble canal de alta precisi\u00f3n.<br \/>\n<strong>Brillo de pantalla adaptable:<\/strong> Utiliza un sensor de fuente de luz para ajustar autom\u00e1ticamente el brillo de la pantalla. <a href=\"https:\/\/api.whatsapp.com\/send\/?phone=%2B8618923768146&amp;text=onlinesupport\"><span style=\"color: #d83131;\"><strong>Asistencia en l\u00ednea&gt;&gt;<\/strong><\/span><\/a><\/p>","protected":false},"featured_media":3368,"template":"","meta":[],"product_brand":[],"product_cat":[142,114],"product_tag":[],"class_list":{"0":"post-3367","1":"product","2":"type-product","3":"status-publish","4":"has-post-thumbnail","6":"product_cat-car-inclinometer","7":"product_cat-car-head-up-display","8":"product_shipping_class-weight","9":"pa_ship-from-china","10":"pa_ship-from-germany","11":"pa_ship-from-united-kingdom","12":"pa_ship-from-united-states","14":"first","15":"instock","16":"shipping-taxable","17":"product-type-variable","18":"wvs-archive-product-wrapper"},"yoast_head":"<!-- This site is optimized with the Yoast SEO Premium plugin v24.4 (Yoast SEO v24.4) - https:\/\/yoast.com\/wordpress\/plugins\/seo\/ -->\n<title>MRCARTOOL M30 OBD GPS Head-Up Display Car Speedmeter KMH &amp; MPH Mini Usb Speedometer - Mrcartool<\/title>\n<meta name=\"robots\" content=\"index, follow, max-snippet:-1, max-image-preview:large, max-video-preview:-1\" \/>\n<link rel=\"canonical\" href=\"https:\/\/mrcartools.com\/es\/producto\/mrcartool-m30-obd-gps-head-up-display-car-speedmeter-kmh-mph-mini-usb-speedometer\/\" \/>\n<meta property=\"og:locale\" content=\"es_MX\" \/>\n<meta property=\"og:type\" content=\"article\" \/>\n<meta property=\"og:title\" content=\"MRCARTOOL M30 OBD GPS Head-Up Display Car Speedmeter KMH &amp; MPH Mini Usb Speedometer\" \/>\n<meta property=\"og:description\" content=\"Wide Vehicle Compatibility: Applicable to domestic, Asian, American, and European car series. Advanced GPS Technology: Equipped with a high-precision dual-channel satellite GPS signal module. Adaptive Screen Brightness: Uses a light source sensor to automatically adjust screen brightness. Online Support&gt;&gt;\" \/>\n<meta property=\"og:url\" content=\"https:\/\/mrcartools.com\/es\/producto\/mrcartool-m30-obd-gps-head-up-display-car-speedmeter-kmh-mph-mini-usb-speedometer\/\" \/>\n<meta property=\"og:site_name\" content=\"Mrcartool\" \/>\n<meta property=\"article:modified_time\" content=\"2025-05-12T10:11:56+00:00\" \/>\n<meta property=\"og:image\" content=\"https:\/\/mrcartools.com\/wp-content\/uploads\/2023\/06\/MRCARTOOL-M30-GPS-Slope-Meter.jpg\" \/>\n\t<meta property=\"og:image:width\" content=\"1600\" \/>\n\t<meta property=\"og:image:height\" content=\"1600\" \/>\n\t<meta property=\"og:image:type\" content=\"image\/jpeg\" \/>\n<meta name=\"twitter:card\" content=\"summary_large_image\" \/>\n<meta name=\"twitter:label1\" content=\"Tiempo de lectura\" \/>\n\t<meta name=\"twitter:data1\" content=\"4 minutos\" \/>\n<script type=\"application\/ld+json\" class=\"yoast-schema-graph\">{\"@context\":\"https:\/\/schema.org\",\"@graph\":[{\"@type\":\"WebPage\",\"@id\":\"https:\/\/mrcartools.com\/product\/mrcartool-m30-obd-gps-head-up-display-car-speedmeter-kmh-mph-mini-usb-speedometer\/\",\"url\":\"https:\/\/mrcartools.com\/product\/mrcartool-m30-obd-gps-head-up-display-car-speedmeter-kmh-mph-mini-usb-speedometer\/\",\"name\":\"MRCARTOOL M30 OBD GPS Head-Up Display Car Speedmeter KMH & MPH Mini Usb Speedometer - Mrcartool\",\"isPartOf\":{\"@id\":\"https:\/\/mrcartools.com\/#website\"},\"primaryImageOfPage\":{\"@id\":\"https:\/\/mrcartools.com\/product\/mrcartool-m30-obd-gps-head-up-display-car-speedmeter-kmh-mph-mini-usb-speedometer\/#primaryimage\"},\"image\":{\"@id\":\"https:\/\/mrcartools.com\/product\/mrcartool-m30-obd-gps-head-up-display-car-speedmeter-kmh-mph-mini-usb-speedometer\/#primaryimage\"},\"thumbnailUrl\":\"https:\/\/mrcartools.com\/wp-content\/uploads\/2023\/06\/MRCARTOOL-M30-GPS-Slope-Meter.jpg\",\"datePublished\":\"2023-06-14T09:02:44+00:00\",\"dateModified\":\"2025-05-12T10:11:56+00:00\",\"breadcrumb\":{\"@id\":\"https:\/\/mrcartools.com\/product\/mrcartool-m30-obd-gps-head-up-display-car-speedmeter-kmh-mph-mini-usb-speedometer\/#breadcrumb\"},\"inLanguage\":\"es\",\"potentialAction\":[{\"@type\":\"ReadAction\",\"target\":[\"https:\/\/mrcartools.com\/product\/mrcartool-m30-obd-gps-head-up-display-car-speedmeter-kmh-mph-mini-usb-speedometer\/\"]}]},{\"@type\":\"ImageObject\",\"inLanguage\":\"es\",\"@id\":\"https:\/\/mrcartools.com\/product\/mrcartool-m30-obd-gps-head-up-display-car-speedmeter-kmh-mph-mini-usb-speedometer\/#primaryimage\",\"url\":\"https:\/\/mrcartools.com\/wp-content\/uploads\/2023\/06\/MRCARTOOL-M30-GPS-Slope-Meter.jpg\",\"contentUrl\":\"https:\/\/mrcartools.com\/wp-content\/uploads\/2023\/06\/MRCARTOOL-M30-GPS-Slope-Meter.jpg\",\"width\":1600,\"height\":1600,\"caption\":\"MRCARTOOL M30 GPS Slope Meter\"},{\"@type\":\"BreadcrumbList\",\"@id\":\"https:\/\/mrcartools.com\/product\/mrcartool-m30-obd-gps-head-up-display-car-speedmeter-kmh-mph-mini-usb-speedometer\/#breadcrumb\",\"itemListElement\":[{\"@type\":\"ListItem\",\"position\":1,\"name\":\"Home\",\"item\":\"https:\/\/mrcartools.com\/\"},{\"@type\":\"ListItem\",\"position\":2,\"name\":\"Shop\",\"item\":\"https:\/\/mrcartools.com\/shop-2\/\"},{\"@type\":\"ListItem\",\"position\":3,\"name\":\"MRCARTOOL M30 OBD GPS Head-Up Display Car Speedmeter KMH &#038; MPH Mini Usb Speedometer\"}]},{\"@type\":\"WebSite\",\"@id\":\"https:\/\/mrcartools.com\/#website\",\"url\":\"https:\/\/mrcartools.com\/\",\"name\":\"MRCARTOOL\",\"description\":\"MRCARTOOL Official Website\",\"publisher\":{\"@id\":\"https:\/\/mrcartools.com\/#organization\"},\"potentialAction\":[{\"@type\":\"SearchAction\",\"target\":{\"@type\":\"EntryPoint\",\"urlTemplate\":\"https:\/\/mrcartools.com\/?s={search_term_string}\"},\"query-input\":{\"@type\":\"PropertyValueSpecification\",\"valueRequired\":true,\"valueName\":\"search_term_string\"}}],\"inLanguage\":\"es\"},{\"@type\":\"Organization\",\"@id\":\"https:\/\/mrcartools.com\/#organization\",\"name\":\"MRCARTOOL\",\"url\":\"https:\/\/mrcartools.com\/\",\"logo\":{\"@type\":\"ImageObject\",\"inLanguage\":\"es\",\"@id\":\"https:\/\/mrcartools.com\/#\/schema\/logo\/image\/\",\"url\":\"https:\/\/mrcartools.com\/wp-content\/uploads\/2023\/07\/\u4e0a\u4f73\u6c7d\u8f66\u5de5\u5177-LOGO-2.png\",\"contentUrl\":\"https:\/\/mrcartools.com\/wp-content\/uploads\/2023\/07\/\u4e0a\u4f73\u6c7d\u8f66\u5de5\u5177-LOGO-2.png\",\"width\":1800,\"height\":402,\"caption\":\"MRCARTOOL\"},\"image\":{\"@id\":\"https:\/\/mrcartools.com\/#\/schema\/logo\/image\/\"}}]}<\/script>\n<!-- \/ Yoast SEO Premium plugin. -->","yoast_head_json":{"title":"MRCARTOOL M30 OBD GPS Head-Up Display Car Speedmeter KMH & MPH Mini Usb Speedometer - Mrcartool","robots":{"index":"index","follow":"follow","max-snippet":"max-snippet:-1","max-image-preview":"max-image-preview:large","max-video-preview":"max-video-preview:-1"},"canonical":"https:\/\/mrcartools.com\/es\/producto\/mrcartool-m30-obd-gps-head-up-display-car-speedmeter-kmh-mph-mini-usb-speedometer\/","og_locale":"es_MX","og_type":"article","og_title":"MRCARTOOL M30 OBD GPS Head-Up Display Car Speedmeter KMH & MPH Mini Usb Speedometer","og_description":"Wide Vehicle Compatibility: Applicable to domestic, Asian, American, and European car series. Advanced GPS Technology: Equipped with a high-precision dual-channel satellite GPS signal module. Adaptive Screen Brightness: Uses a light source sensor to automatically adjust screen brightness. Online Support&gt;&gt;","og_url":"https:\/\/mrcartools.com\/es\/producto\/mrcartool-m30-obd-gps-head-up-display-car-speedmeter-kmh-mph-mini-usb-speedometer\/","og_site_name":"Mrcartool","article_modified_time":"2025-05-12T10:11:56+00:00","og_image":[{"width":1600,"height":1600,"url":"https:\/\/mrcartools.com\/wp-content\/uploads\/2023\/06\/MRCARTOOL-M30-GPS-Slope-Meter.jpg","type":"image\/jpeg"}],"twitter_card":"summary_large_image","twitter_misc":{"Tiempo de lectura":"4 minutos"},"schema":{"@context":"https:\/\/schema.org","@graph":[{"@type":"WebPage","@id":"https:\/\/mrcartools.com\/product\/mrcartool-m30-obd-gps-head-up-display-car-speedmeter-kmh-mph-mini-usb-speedometer\/","url":"https:\/\/mrcartools.com\/product\/mrcartool-m30-obd-gps-head-up-display-car-speedmeter-kmh-mph-mini-usb-speedometer\/","name":"MRCARTOOL M30 OBD GPS Head-Up Display Car Speedmeter KMH & MPH Mini Usb Speedometer - Mrcartool","isPartOf":{"@id":"https:\/\/mrcartools.com\/#website"},"primaryImageOfPage":{"@id":"https:\/\/mrcartools.com\/product\/mrcartool-m30-obd-gps-head-up-display-car-speedmeter-kmh-mph-mini-usb-speedometer\/#primaryimage"},"image":{"@id":"https:\/\/mrcartools.com\/product\/mrcartool-m30-obd-gps-head-up-display-car-speedmeter-kmh-mph-mini-usb-speedometer\/#primaryimage"},"thumbnailUrl":"https:\/\/mrcartools.com\/wp-content\/uploads\/2023\/06\/MRCARTOOL-M30-GPS-Slope-Meter.jpg","datePublished":"2023-06-14T09:02:44+00:00","dateModified":"2025-05-12T10:11:56+00:00","breadcrumb":{"@id":"https:\/\/mrcartools.com\/product\/mrcartool-m30-obd-gps-head-up-display-car-speedmeter-kmh-mph-mini-usb-speedometer\/#breadcrumb"},"inLanguage":"es","potentialAction":[{"@type":"ReadAction","target":["https:\/\/mrcartools.com\/product\/mrcartool-m30-obd-gps-head-up-display-car-speedmeter-kmh-mph-mini-usb-speedometer\/"]}]},{"@type":"ImageObject","inLanguage":"es","@id":"https:\/\/mrcartools.com\/product\/mrcartool-m30-obd-gps-head-up-display-car-speedmeter-kmh-mph-mini-usb-speedometer\/#primaryimage","url":"https:\/\/mrcartools.com\/wp-content\/uploads\/2023\/06\/MRCARTOOL-M30-GPS-Slope-Meter.jpg","contentUrl":"https:\/\/mrcartools.com\/wp-content\/uploads\/2023\/06\/MRCARTOOL-M30-GPS-Slope-Meter.jpg","width":1600,"height":1600,"caption":"MRCARTOOL M30 GPS Slope Meter"},{"@type":"BreadcrumbList","@id":"https:\/\/mrcartools.com\/product\/mrcartool-m30-obd-gps-head-up-display-car-speedmeter-kmh-mph-mini-usb-speedometer\/#breadcrumb","itemListElement":[{"@type":"ListItem","position":1,"name":"Home","item":"https:\/\/mrcartools.com\/"},{"@type":"ListItem","position":2,"name":"Shop","item":"https:\/\/mrcartools.com\/shop-2\/"},{"@type":"ListItem","position":3,"name":"MRCARTOOL M30 OBD GPS Head-Up Display Car Speedmeter KMH &#038; MPH Mini Usb Speedometer"}]},{"@type":"WebSite","@id":"https:\/\/mrcartools.com\/#website","url":"https:\/\/mrcartools.com\/","name":"MRCARTOOL","description":"Sitio web oficial de MRCARTOOL","publisher":{"@id":"https:\/\/mrcartools.com\/#organization"},"potentialAction":[{"@type":"SearchAction","target":{"@type":"EntryPoint","urlTemplate":"https:\/\/mrcartools.com\/?s={search_term_string}"},"query-input":{"@type":"PropertyValueSpecification","valueRequired":true,"valueName":"search_term_string"}}],"inLanguage":"es"},{"@type":"Organization","@id":"https:\/\/mrcartools.com\/#organization","name":"MRCARTOOL","url":"https:\/\/mrcartools.com\/","logo":{"@type":"ImageObject","inLanguage":"es","@id":"https:\/\/mrcartools.com\/#\/schema\/logo\/image\/","url":"https:\/\/mrcartools.com\/wp-content\/uploads\/2023\/07\/\u4e0a\u4f73\u6c7d\u8f66\u5de5\u5177-LOGO-2.png","contentUrl":"https:\/\/mrcartools.com\/wp-content\/uploads\/2023\/07\/\u4e0a\u4f73\u6c7d\u8f66\u5de5\u5177-LOGO-2.png","width":1800,"height":402,"caption":"MRCARTOOL"},"image":{"@id":"https:\/\/mrcartools.com\/#\/schema\/logo\/image\/"}}]}},"_links":{"self":[{"href":"https:\/\/mrcartools.com\/es\/wp-json\/wp\/v2\/product\/3367","targetHints":{"allow":["GET"]}}],"collection":[{"href":"https:\/\/mrcartools.com\/es\/wp-json\/wp\/v2\/product"}],"about":[{"href":"https:\/\/mrcartools.com\/es\/wp-json\/wp\/v2\/types\/product"}],"version-history":[{"count":0,"href":"https:\/\/mrcartools.com\/es\/wp-json\/wp\/v2\/product\/3367\/revisions"}],"wp:featuredmedia":[{"embeddable":true,"href":"https:\/\/mrcartools.com\/es\/wp-json\/wp\/v2\/media\/3368"}],"wp:attachment":[{"href":"https:\/\/mrcartools.com\/es\/wp-json\/wp\/v2\/media?parent=3367"}],"wp:term":[{"taxonomy":"product_brand","embeddable":true,"href":"https:\/\/mrcartools.com\/es\/wp-json\/wp\/v2\/product_brand?post=3367"},{"taxonomy":"product_cat","embeddable":true,"href":"https:\/\/mrcartools.com\/es\/wp-json\/wp\/v2\/product_cat?post=3367"},{"taxonomy":"product_tag","embeddable":true,"href":"https:\/\/mrcartools.com\/es\/wp-json\/wp\/v2\/product_tag?post=3367"}],"curies":[{"name":"wp","href":"https:\/\/api.w.org\/{rel}","templated":true}]}}