{"id":3422,"date":"2023-06-15T08:19:03","date_gmt":"2023-06-15T08:19:03","guid":{"rendered":"https:\/\/mrcartools.com\/?post_type=product&#038;p=3422"},"modified":"2025-04-29T08:59:27","modified_gmt":"2025-04-29T08:59:27","slug":"mrcartool-m50-gps-smart-inclinometer-digital-inclinometer-guage-for-off-road-suv-vehicles-gps-hud","status":"publish","type":"product","link":"https:\/\/mrcartools.com\/es\/producto\/mrcartool-m50-gps-smart-inclinometer-digital-inclinometer-guage-for-off-road-suv-vehicles-gps-hud\/","title":{"rendered":"MRCARTOOL M50 GPS Smart Inclin\u00f3metro Digital Inclin\u00f3metro Guage para Off-Road SUV Veh\u00edculos GPS HUD"},"content":{"rendered":"<p class=\"detail-desc-decorate-title\" data-spm-anchor-id=\"a2g0o.detail.1000023.i0.1e3029ceOsgWH7\">Presentaci\u00f3n del M50 actualizado\uff1a<\/p>\n<p class=\"detail-desc-decorate-content\">MR CARTOOL M50 Automotive Smart Slope Meter es un medidor con un giroscopio multifuncional y multieje incorporado. Es compatible con 99% de los modelos de autom\u00f3viles en el mercado. Puede medir el \u00e1ngulo de inclinaci\u00f3n del veh\u00edculo, el \u00e1ngulo de balanceo, la selecci\u00f3n del modo de conducci\u00f3n y los avisos de alarma de seguridad, lo que mejora en gran medida la seguridad de la conducci\u00f3n y ofrece una experiencia de viaje de primera calidad.<\/p>\n<p><img fetchpriority=\"high\" decoding=\"async\" class=\"alignnone size-full wp-image-3426\" src=\"https:\/\/mrcartools.com\/wp-content\/uploads\/2023\/06\/MRCARTOOL-M50-Car-Digital-Inclinometer.jpg\" alt=\"MRCARTOOL M50 Car Digital Inclinometer\" width=\"1200\" height=\"1200\" srcset=\"\/\/mrcartools.com\/wp-content\/uploads\/2023\/06\/MRCARTOOL-M50-Car-Digital-Inclinometer.jpg 1200w, \/\/mrcartools.com\/wp-content\/uploads\/2023\/06\/MRCARTOOL-M50-Car-Digital-Inclinometer-253x253.jpg 253w, \/\/mrcartools.com\/wp-content\/uploads\/2023\/06\/MRCARTOOL-M50-Car-Digital-Inclinometer-100x100.jpg 100w, \/\/mrcartools.com\/wp-content\/uploads\/2023\/06\/MRCARTOOL-M50-Car-Digital-Inclinometer-510x510.jpg 510w\" sizes=\"(max-width: 1200px) 100vw, 1200px\" \/><img decoding=\"async\" class=\"alignnone size-full wp-image-3429\" src=\"https:\/\/mrcartools.com\/wp-content\/uploads\/2023\/06\/GPS-Off-road-Digital-Inclinometer.jpg\" alt=\"GPS Off road Digital Inclinometer\" width=\"1200\" height=\"1200\" srcset=\"\/\/mrcartools.com\/wp-content\/uploads\/2023\/06\/GPS-Off-road-Digital-Inclinometer.jpg 1200w, \/\/mrcartools.com\/wp-content\/uploads\/2023\/06\/GPS-Off-road-Digital-Inclinometer-253x253.jpg 253w, \/\/mrcartools.com\/wp-content\/uploads\/2023\/06\/GPS-Off-road-Digital-Inclinometer-100x100.jpg 100w, \/\/mrcartools.com\/wp-content\/uploads\/2023\/06\/GPS-Off-road-Digital-Inclinometer-510x510.jpg 510w\" sizes=\"(max-width: 1200px) 100vw, 1200px\" \/><\/p>\n<div class=\"detailmodule_text\">\n<p class=\"detail-desc-decorate-title\">Par\u00e1metros del producto:<\/p>\n<p class=\"detail-desc-decorate-content\" data-spm-anchor-id=\"a2g0o.detail.1000023.i1.1e3029ceOsgWH7\">Fuente de alimentaci\u00f3n\uff1aDC 10V~30V;<br \/>\nTemperatura de funcionamiento: -40\u00b0C~80\u00b0C;<br \/>\n\u00c1ngulo de inclinaci\u00f3n\/\u00c1ngulo de balanceo:-40\u00b0~40\u00b0;<br \/>\nRango de medici\u00f3n de tensi\u00f3n: DC 5V~ 30V;<br \/>\nPrecisi\u00f3n de medici\u00f3n de la tensi\u00f3n: 0,5v;<br \/>\nPeso\uff1a230g\uff1b<br \/>\nTama\u00f1o del producto\uff1a127*25*60mm<\/p>\n<p data-spm-anchor-id=\"a2g0o.detail.1000023.i1.1e3029ceOsgWH7\"><img decoding=\"async\" class=\"alignnone size-full wp-image-3425\" src=\"https:\/\/mrcartools.com\/wp-content\/uploads\/2023\/06\/Car-Digital-Display.jpg\" alt=\"Car Digital Display\" width=\"1200\" height=\"1200\" srcset=\"\/\/mrcartools.com\/wp-content\/uploads\/2023\/06\/Car-Digital-Display.jpg 1200w, \/\/mrcartools.com\/wp-content\/uploads\/2023\/06\/Car-Digital-Display-253x253.jpg 253w, \/\/mrcartools.com\/wp-content\/uploads\/2023\/06\/Car-Digital-Display-100x100.jpg 100w, \/\/mrcartools.com\/wp-content\/uploads\/2023\/06\/Car-Digital-Display-510x510.jpg 510w\" sizes=\"(max-width: 1200px) 100vw, 1200px\" \/><img loading=\"lazy\" decoding=\"async\" class=\"alignnone size-full wp-image-3430\" src=\"https:\/\/mrcartools.com\/wp-content\/uploads\/2023\/06\/Car-HUD-Digital-Display.jpg\" alt=\"Car HUD Digital Display\" width=\"1200\" height=\"1200\" srcset=\"\/\/mrcartools.com\/wp-content\/uploads\/2023\/06\/Car-HUD-Digital-Display.jpg 1200w, \/\/mrcartools.com\/wp-content\/uploads\/2023\/06\/Car-HUD-Digital-Display-253x253.jpg 253w, \/\/mrcartools.com\/wp-content\/uploads\/2023\/06\/Car-HUD-Digital-Display-100x100.jpg 100w, \/\/mrcartools.com\/wp-content\/uploads\/2023\/06\/Car-HUD-Digital-Display-510x510.jpg 510w\" sizes=\"(max-width: 1200px) 100vw, 1200px\" \/><\/p>\n<p class=\"detail-desc-decorate-title\" data-spm-anchor-id=\"a2g0o.detail.1000023.i2.1e3029ceOsgWH7\">Explicaci\u00f3n detallada de las funciones:<\/p>\n<p class=\"detail-desc-decorate-content\">Conmutador del modo de conducci\u00f3n: Mantenga pulsado el bot\u00f3n de selecci\u00f3n de funci\u00f3n durante 5s para entrar en la interfaz de selecci\u00f3n de modo de conducci\u00f3n todoterreno y modo de conducci\u00f3n en ciudad y, a continuaci\u00f3n, mantenga pulsado durante 5s para guardar la configuraci\u00f3n.<br \/>\nReinicio del \u00e1ngulo de balanceo: Pulse brevemente el bot\u00f3n On\/O para restablecer el \u00e1ngulo de balanceo y el \u00e1ngulo de cabeceo.<br \/>\nAjuste del brillo: pulse brevemente el bot\u00f3n de selecci\u00f3n de funci\u00f3n para ajustar el brillo.<\/p>\n<p><img loading=\"lazy\" decoding=\"async\" class=\"alignnone size-full wp-image-3431\" src=\"https:\/\/mrcartools.com\/wp-content\/uploads\/2023\/06\/Slope-Meter.jpg\" alt=\"Slope Meter\" width=\"1200\" height=\"1200\" srcset=\"\/\/mrcartools.com\/wp-content\/uploads\/2023\/06\/Slope-Meter.jpg 1200w, \/\/mrcartools.com\/wp-content\/uploads\/2023\/06\/Slope-Meter-253x253.jpg 253w, \/\/mrcartools.com\/wp-content\/uploads\/2023\/06\/Slope-Meter-100x100.jpg 100w, \/\/mrcartools.com\/wp-content\/uploads\/2023\/06\/Slope-Meter-510x510.jpg 510w\" sizes=\"(max-width: 1200px) 100vw, 1200px\" \/> <img loading=\"lazy\" decoding=\"async\" class=\"alignnone size-full wp-image-3432\" src=\"https:\/\/mrcartools.com\/wp-content\/uploads\/2023\/06\/GPS-Smart-Inclinometer.jpg\" alt=\"GPS Smart Inclinometer\" width=\"1200\" height=\"1200\" srcset=\"\/\/mrcartools.com\/wp-content\/uploads\/2023\/06\/GPS-Smart-Inclinometer.jpg 1200w, \/\/mrcartools.com\/wp-content\/uploads\/2023\/06\/GPS-Smart-Inclinometer-253x253.jpg 253w, \/\/mrcartools.com\/wp-content\/uploads\/2023\/06\/GPS-Smart-Inclinometer-100x100.jpg 100w, \/\/mrcartools.com\/wp-content\/uploads\/2023\/06\/GPS-Smart-Inclinometer-510x510.jpg 510w\" sizes=\"(max-width: 1200px) 100vw, 1200px\" \/><\/p>\n<div class=\"detailmodule_text\">\n<p class=\"detail-desc-decorate-title\">Caracter\u00edsticas\uff1a<\/p>\n<p class=\"detail-desc-decorate-content\">-\u00c1ngulo de inclinaci\u00f3n: Medici\u00f3n en tiempo real del \u00e1ngulo de inclinaci\u00f3n del veh\u00edculo durante la conducci\u00f3n, el rango es de -40\u00b0~ +40\u00b0 entre subida y bajada.<br \/>\n-\u00c1ngulo de balanceo: Medici\u00f3n en tiempo real del \u00e1ngulo de balanceo del veh\u00edculo durante la conducci\u00f3n, el rango es de -40\u00b0~ +40\u00b0 entre el lado izquierdo y el lado derecho.<br \/>\n-Selecci\u00f3n del modo de conducci\u00f3n: Se puede seleccionar el modo de conducci\u00f3n en ciudad y el modo todoterreno.<br \/>\n-Avisos de alarma de seguridad: Cuando el \u00e1ngulo de cabeceo y el \u00e1ngulo de balanceo del veh\u00edculo superen el valor de alarma predeterminado, el dispositivo emitir\u00e1 un \"pitido\" de alarma de seguridad.<\/p>\n<p><img loading=\"lazy\" decoding=\"async\" class=\"alignnone size-full wp-image-3433\" src=\"https:\/\/mrcartools.com\/wp-content\/uploads\/2023\/06\/HUD-Angle-Slope-Meter.jpg\" alt=\"HUD Angle Slope Meter\" width=\"1200\" height=\"1200\" srcset=\"\/\/mrcartools.com\/wp-content\/uploads\/2023\/06\/HUD-Angle-Slope-Meter.jpg 1200w, \/\/mrcartools.com\/wp-content\/uploads\/2023\/06\/HUD-Angle-Slope-Meter-253x253.jpg 253w, \/\/mrcartools.com\/wp-content\/uploads\/2023\/06\/HUD-Angle-Slope-Meter-100x100.jpg 100w, \/\/mrcartools.com\/wp-content\/uploads\/2023\/06\/HUD-Angle-Slope-Meter-510x510.jpg 510w\" sizes=\"(max-width: 1200px) 100vw, 1200px\" \/> <img loading=\"lazy\" decoding=\"async\" class=\"alignnone size-full wp-image-3427\" src=\"https:\/\/mrcartools.com\/wp-content\/uploads\/2023\/06\/mrcartool-M50-head-up-display.jpg\" alt=\"mrcartool M50 head up display\" width=\"1200\" height=\"1200\" srcset=\"\/\/mrcartools.com\/wp-content\/uploads\/2023\/06\/mrcartool-M50-head-up-display.jpg 1200w, \/\/mrcartools.com\/wp-content\/uploads\/2023\/06\/mrcartool-M50-head-up-display-253x253.jpg 253w, \/\/mrcartools.com\/wp-content\/uploads\/2023\/06\/mrcartool-M50-head-up-display-100x100.jpg 100w, \/\/mrcartools.com\/wp-content\/uploads\/2023\/06\/mrcartool-M50-head-up-display-510x510.jpg 510w\" sizes=\"(max-width: 1200px) 100vw, 1200px\" \/><img loading=\"lazy\" decoding=\"async\" class=\"alignnone size-full wp-image-3428\" src=\"https:\/\/mrcartools.com\/wp-content\/uploads\/2023\/06\/Slope-Meter-with-Battery-Voltage-Monitoring.jpg\" alt=\"Slope Meter with Battery Voltage Monitoring\" width=\"1200\" height=\"1200\" srcset=\"\/\/mrcartools.com\/wp-content\/uploads\/2023\/06\/Slope-Meter-with-Battery-Voltage-Monitoring.jpg 1200w, \/\/mrcartools.com\/wp-content\/uploads\/2023\/06\/Slope-Meter-with-Battery-Voltage-Monitoring-253x253.jpg 253w, \/\/mrcartools.com\/wp-content\/uploads\/2023\/06\/Slope-Meter-with-Battery-Voltage-Monitoring-100x100.jpg 100w, \/\/mrcartools.com\/wp-content\/uploads\/2023\/06\/Slope-Meter-with-Battery-Voltage-Monitoring-510x510.jpg 510w\" sizes=\"(max-width: 1200px) 100vw, 1200px\" \/><\/p>\n<div class=\"detailmodule_text\">\n<p class=\"detail-desc-decorate-title\">Lista de embalaje:<\/p>\n<p class=\"detail-desc-decorate-content\">1pc* MRCARTOOL M50 medidor de inclinaci\u00f3n inteligente unidad principal<br \/>\n1ud* Cable de alimentaci\u00f3n para encendedor de cigarrillos<br \/>\n1pc* Cable de alimentaci\u00f3n reequipado<br \/>\n1ud* Soporte<br \/>\n1 unidad* Manual del usuario<br \/>\n1 unidad* Caja<\/p>\n<p><img loading=\"lazy\" decoding=\"async\" class=\"alignnone size-full wp-image-3434\" src=\"https:\/\/mrcartools.com\/wp-content\/uploads\/2023\/06\/GPS-HUD-Intelligent-Slope-Meter.jpg\" alt=\"GPS HUD Intelligent Slope Meter\" width=\"1200\" height=\"1200\" srcset=\"\/\/mrcartools.com\/wp-content\/uploads\/2023\/06\/GPS-HUD-Intelligent-Slope-Meter.jpg 1200w, \/\/mrcartools.com\/wp-content\/uploads\/2023\/06\/GPS-HUD-Intelligent-Slope-Meter-253x253.jpg 253w, \/\/mrcartools.com\/wp-content\/uploads\/2023\/06\/GPS-HUD-Intelligent-Slope-Meter-100x100.jpg 100w, \/\/mrcartools.com\/wp-content\/uploads\/2023\/06\/GPS-HUD-Intelligent-Slope-Meter-510x510.jpg 510w\" sizes=\"(max-width: 1200px) 100vw, 1200px\" \/><img loading=\"lazy\" decoding=\"async\" class=\"alignnone size-full wp-image-3311\" src=\"https:\/\/mrcartools.com\/wp-content\/uploads\/2023\/06\/1.webp\" alt=\"\" width=\"1200\" height=\"600\" srcset=\"\/\/mrcartools.com\/wp-content\/uploads\/2023\/06\/1.webp 1200w, \/\/mrcartools.com\/wp-content\/uploads\/2023\/06\/1-510x255.webp 510w, \/\/mrcartools.com\/wp-content\/uploads\/2023\/06\/1-800x400.webp 800w, \/\/mrcartools.com\/wp-content\/uploads\/2023\/06\/1-768x384.webp 768w\" sizes=\"(max-width: 1200px) 100vw, 1200px\" \/> <img loading=\"lazy\" decoding=\"async\" class=\"alignnone size-full wp-image-3312\" src=\"https:\/\/mrcartools.com\/wp-content\/uploads\/2023\/06\/2.webp\" alt=\"\" width=\"1200\" height=\"600\" srcset=\"\/\/mrcartools.com\/wp-content\/uploads\/2023\/06\/2.webp 1200w, \/\/mrcartools.com\/wp-content\/uploads\/2023\/06\/2-510x255.webp 510w, \/\/mrcartools.com\/wp-content\/uploads\/2023\/06\/2-800x400.webp 800w, \/\/mrcartools.com\/wp-content\/uploads\/2023\/06\/2-768x384.webp 768w\" sizes=\"(max-width: 1200px) 100vw, 1200px\" \/> <img loading=\"lazy\" decoding=\"async\" class=\"alignnone size-full wp-image-3313\" src=\"https:\/\/mrcartools.com\/wp-content\/uploads\/2023\/06\/3.webp\" alt=\"\" width=\"1200\" height=\"600\" srcset=\"\/\/mrcartools.com\/wp-content\/uploads\/2023\/06\/3.webp 1200w, \/\/mrcartools.com\/wp-content\/uploads\/2023\/06\/3-510x255.webp 510w, \/\/mrcartools.com\/wp-content\/uploads\/2023\/06\/3-800x400.webp 800w, \/\/mrcartools.com\/wp-content\/uploads\/2023\/06\/3-768x384.webp 768w\" sizes=\"(max-width: 1200px) 100vw, 1200px\" \/> <img loading=\"lazy\" decoding=\"async\" class=\"alignnone size-full wp-image-3314\" src=\"https:\/\/mrcartools.com\/wp-content\/uploads\/2023\/06\/Mrcartool.jpg\" alt=\"\" width=\"1200\" height=\"600\" srcset=\"\/\/mrcartools.com\/wp-content\/uploads\/2023\/06\/Mrcartool.jpg 1200w, \/\/mrcartools.com\/wp-content\/uploads\/2023\/06\/Mrcartool-510x255.jpg 510w\" sizes=\"(max-width: 1200px) 100vw, 1200px\" \/><\/p>\n<\/div>\n<\/div>\n<\/div>","protected":false},"excerpt":{"rendered":"<p>Upgraded M50 Introduction\uff1a MR CARTOOL M50 Automotive Smart Slope Meter is a meter with a built-in multi-functional and multi-axis gyroscope. It supports 99% of the car models in the market. It can measure the vehicle&#8217;s pitch angle, roll angle, driving mode selection and safety alarm prompts, which greatly improves driving safety and delivers a premium [&#8230;]","protected":false},"featured_media":3423,"template":"","meta":[],"product_brand":[],"product_cat":[142],"product_tag":[],"class_list":{"0":"post-3422","1":"product","2":"type-product","3":"status-publish","4":"has-post-thumbnail","6":"product_cat-car-inclinometer","7":"product_shipping_class-weight","8":"pa_ship-from-china","9":"pa_ship-from-germany","10":"pa_ship-from-united-kingdom","11":"pa_ship-from-united-states","13":"first","14":"instock","15":"shipping-taxable","16":"product-type-variable","17":"wvs-archive-product-wrapper"},"yoast_head":"<!-- This site is optimized with the Yoast SEO Premium plugin v24.4 (Yoast SEO v24.4) - https:\/\/yoast.com\/wordpress\/plugins\/seo\/ -->\n<title>MRCARTOOL M50 GPS Smart Inclinometer Digital Inclinometer Guage for Off-Road SUV Vehicles GPS HUD - Mrcartool<\/title>\n<meta name=\"robots\" content=\"index, follow, max-snippet:-1, max-image-preview:large, max-video-preview:-1\" \/>\n<link rel=\"canonical\" href=\"https:\/\/mrcartools.com\/es\/producto\/mrcartool-m50-gps-smart-inclinometer-digital-inclinometer-guage-for-off-road-suv-vehicles-gps-hud\/\" \/>\n<meta property=\"og:locale\" content=\"es_MX\" \/>\n<meta property=\"og:type\" content=\"article\" \/>\n<meta property=\"og:title\" content=\"MRCARTOOL M50 GPS Smart Inclinometer Digital Inclinometer Guage for Off-Road SUV Vehicles GPS HUD\" \/>\n<meta property=\"og:description\" content=\"Upgraded M50 Introduction\uff1a MR CARTOOL M50 Automotive Smart Slope Meter is a meter with a built-in multi-functional and multi-axis gyroscope. It supports 99% of the car models in the market. It can measure the vehicle&#8217;s pitch angle, roll angle, driving mode selection and safety alarm prompts, which greatly improves driving safety and delivers a premium [...]\" \/>\n<meta property=\"og:url\" content=\"https:\/\/mrcartools.com\/es\/producto\/mrcartool-m50-gps-smart-inclinometer-digital-inclinometer-guage-for-off-road-suv-vehicles-gps-hud\/\" \/>\n<meta property=\"og:site_name\" content=\"Mrcartool\" \/>\n<meta property=\"article:modified_time\" content=\"2025-04-29T08:59:27+00:00\" \/>\n<meta property=\"og:image\" content=\"https:\/\/mrcartools.com\/wp-content\/uploads\/2023\/06\/MRCARTOOL-M50-Off-Road-GPS-Smart-Inclinometer.jpg\" \/>\n\t<meta property=\"og:image:width\" content=\"1920\" \/>\n\t<meta property=\"og:image:height\" content=\"1920\" \/>\n\t<meta property=\"og:image:type\" content=\"image\/jpeg\" \/>\n<meta name=\"twitter:card\" content=\"summary_large_image\" \/>\n<meta name=\"twitter:label1\" content=\"Tiempo de lectura\" \/>\n\t<meta name=\"twitter:data1\" content=\"5 minutos\" \/>\n<script type=\"application\/ld+json\" class=\"yoast-schema-graph\">{\"@context\":\"https:\/\/schema.org\",\"@graph\":[{\"@type\":\"WebPage\",\"@id\":\"https:\/\/mrcartools.com\/product\/mrcartool-m50-gps-smart-inclinometer-digital-inclinometer-guage-for-off-road-suv-vehicles-gps-hud\/\",\"url\":\"https:\/\/mrcartools.com\/product\/mrcartool-m50-gps-smart-inclinometer-digital-inclinometer-guage-for-off-road-suv-vehicles-gps-hud\/\",\"name\":\"MRCARTOOL M50 GPS Smart Inclinometer Digital Inclinometer Guage for Off-Road SUV Vehicles GPS HUD - Mrcartool\",\"isPartOf\":{\"@id\":\"https:\/\/mrcartools.com\/#website\"},\"primaryImageOfPage\":{\"@id\":\"https:\/\/mrcartools.com\/product\/mrcartool-m50-gps-smart-inclinometer-digital-inclinometer-guage-for-off-road-suv-vehicles-gps-hud\/#primaryimage\"},\"image\":{\"@id\":\"https:\/\/mrcartools.com\/product\/mrcartool-m50-gps-smart-inclinometer-digital-inclinometer-guage-for-off-road-suv-vehicles-gps-hud\/#primaryimage\"},\"thumbnailUrl\":\"https:\/\/mrcartools.com\/wp-content\/uploads\/2023\/06\/MRCARTOOL-M50-Off-Road-GPS-Smart-Inclinometer.jpg\",\"datePublished\":\"2023-06-15T08:19:03+00:00\",\"dateModified\":\"2025-04-29T08:59:27+00:00\",\"breadcrumb\":{\"@id\":\"https:\/\/mrcartools.com\/product\/mrcartool-m50-gps-smart-inclinometer-digital-inclinometer-guage-for-off-road-suv-vehicles-gps-hud\/#breadcrumb\"},\"inLanguage\":\"es\",\"potentialAction\":[{\"@type\":\"ReadAction\",\"target\":[\"https:\/\/mrcartools.com\/product\/mrcartool-m50-gps-smart-inclinometer-digital-inclinometer-guage-for-off-road-suv-vehicles-gps-hud\/\"]}]},{\"@type\":\"ImageObject\",\"inLanguage\":\"es\",\"@id\":\"https:\/\/mrcartools.com\/product\/mrcartool-m50-gps-smart-inclinometer-digital-inclinometer-guage-for-off-road-suv-vehicles-gps-hud\/#primaryimage\",\"url\":\"https:\/\/mrcartools.com\/wp-content\/uploads\/2023\/06\/MRCARTOOL-M50-Off-Road-GPS-Smart-Inclinometer.jpg\",\"contentUrl\":\"https:\/\/mrcartools.com\/wp-content\/uploads\/2023\/06\/MRCARTOOL-M50-Off-Road-GPS-Smart-Inclinometer.jpg\",\"width\":1920,\"height\":1920,\"caption\":\"MRCARTOOL M50 Off Road GPS Smart Inclinometer\"},{\"@type\":\"BreadcrumbList\",\"@id\":\"https:\/\/mrcartools.com\/product\/mrcartool-m50-gps-smart-inclinometer-digital-inclinometer-guage-for-off-road-suv-vehicles-gps-hud\/#breadcrumb\",\"itemListElement\":[{\"@type\":\"ListItem\",\"position\":1,\"name\":\"Home\",\"item\":\"https:\/\/mrcartools.com\/\"},{\"@type\":\"ListItem\",\"position\":2,\"name\":\"Shop\",\"item\":\"https:\/\/mrcartools.com\/shop-2\/\"},{\"@type\":\"ListItem\",\"position\":3,\"name\":\"MRCARTOOL M50 GPS Smart Inclinometer Digital Inclinometer Guage for Off-Road SUV Vehicles GPS HUD\"}]},{\"@type\":\"WebSite\",\"@id\":\"https:\/\/mrcartools.com\/#website\",\"url\":\"https:\/\/mrcartools.com\/\",\"name\":\"MRCARTOOL\",\"description\":\"MRCARTOOL Official Website\",\"publisher\":{\"@id\":\"https:\/\/mrcartools.com\/#organization\"},\"potentialAction\":[{\"@type\":\"SearchAction\",\"target\":{\"@type\":\"EntryPoint\",\"urlTemplate\":\"https:\/\/mrcartools.com\/?s={search_term_string}\"},\"query-input\":{\"@type\":\"PropertyValueSpecification\",\"valueRequired\":true,\"valueName\":\"search_term_string\"}}],\"inLanguage\":\"es\"},{\"@type\":\"Organization\",\"@id\":\"https:\/\/mrcartools.com\/#organization\",\"name\":\"MRCARTOOL\",\"url\":\"https:\/\/mrcartools.com\/\",\"logo\":{\"@type\":\"ImageObject\",\"inLanguage\":\"es\",\"@id\":\"https:\/\/mrcartools.com\/#\/schema\/logo\/image\/\",\"url\":\"https:\/\/mrcartools.com\/wp-content\/uploads\/2023\/07\/\u4e0a\u4f73\u6c7d\u8f66\u5de5\u5177-LOGO-2.png\",\"contentUrl\":\"https:\/\/mrcartools.com\/wp-content\/uploads\/2023\/07\/\u4e0a\u4f73\u6c7d\u8f66\u5de5\u5177-LOGO-2.png\",\"width\":1800,\"height\":402,\"caption\":\"MRCARTOOL\"},\"image\":{\"@id\":\"https:\/\/mrcartools.com\/#\/schema\/logo\/image\/\"}}]}<\/script>\n<!-- \/ Yoast SEO Premium plugin. -->","yoast_head_json":{"title":"MRCARTOOL M50 GPS Smart Inclinometer Digital Inclinometer Guage for Off-Road SUV Vehicles GPS HUD - Mrcartool","robots":{"index":"index","follow":"follow","max-snippet":"max-snippet:-1","max-image-preview":"max-image-preview:large","max-video-preview":"max-video-preview:-1"},"canonical":"https:\/\/mrcartools.com\/es\/producto\/mrcartool-m50-gps-smart-inclinometer-digital-inclinometer-guage-for-off-road-suv-vehicles-gps-hud\/","og_locale":"es_MX","og_type":"article","og_title":"MRCARTOOL M50 GPS Smart Inclinometer Digital Inclinometer Guage for Off-Road SUV Vehicles GPS HUD","og_description":"Upgraded M50 Introduction\uff1a MR CARTOOL M50 Automotive Smart Slope Meter is a meter with a built-in multi-functional and multi-axis gyroscope. It supports 99% of the car models in the market. It can measure the vehicle&#8217;s pitch angle, roll angle, driving mode selection and safety alarm prompts, which greatly improves driving safety and delivers a premium [...]","og_url":"https:\/\/mrcartools.com\/es\/producto\/mrcartool-m50-gps-smart-inclinometer-digital-inclinometer-guage-for-off-road-suv-vehicles-gps-hud\/","og_site_name":"Mrcartool","article_modified_time":"2025-04-29T08:59:27+00:00","og_image":[{"width":1920,"height":1920,"url":"https:\/\/mrcartools.com\/wp-content\/uploads\/2023\/06\/MRCARTOOL-M50-Off-Road-GPS-Smart-Inclinometer.jpg","type":"image\/jpeg"}],"twitter_card":"summary_large_image","twitter_misc":{"Tiempo de lectura":"5 minutos"},"schema":{"@context":"https:\/\/schema.org","@graph":[{"@type":"WebPage","@id":"https:\/\/mrcartools.com\/product\/mrcartool-m50-gps-smart-inclinometer-digital-inclinometer-guage-for-off-road-suv-vehicles-gps-hud\/","url":"https:\/\/mrcartools.com\/product\/mrcartool-m50-gps-smart-inclinometer-digital-inclinometer-guage-for-off-road-suv-vehicles-gps-hud\/","name":"MRCARTOOL M50 GPS Smart Inclinometer Digital Inclinometer Guage for Off-Road SUV Vehicles GPS HUD - Mrcartool","isPartOf":{"@id":"https:\/\/mrcartools.com\/#website"},"primaryImageOfPage":{"@id":"https:\/\/mrcartools.com\/product\/mrcartool-m50-gps-smart-inclinometer-digital-inclinometer-guage-for-off-road-suv-vehicles-gps-hud\/#primaryimage"},"image":{"@id":"https:\/\/mrcartools.com\/product\/mrcartool-m50-gps-smart-inclinometer-digital-inclinometer-guage-for-off-road-suv-vehicles-gps-hud\/#primaryimage"},"thumbnailUrl":"https:\/\/mrcartools.com\/wp-content\/uploads\/2023\/06\/MRCARTOOL-M50-Off-Road-GPS-Smart-Inclinometer.jpg","datePublished":"2023-06-15T08:19:03+00:00","dateModified":"2025-04-29T08:59:27+00:00","breadcrumb":{"@id":"https:\/\/mrcartools.com\/product\/mrcartool-m50-gps-smart-inclinometer-digital-inclinometer-guage-for-off-road-suv-vehicles-gps-hud\/#breadcrumb"},"inLanguage":"es","potentialAction":[{"@type":"ReadAction","target":["https:\/\/mrcartools.com\/product\/mrcartool-m50-gps-smart-inclinometer-digital-inclinometer-guage-for-off-road-suv-vehicles-gps-hud\/"]}]},{"@type":"ImageObject","inLanguage":"es","@id":"https:\/\/mrcartools.com\/product\/mrcartool-m50-gps-smart-inclinometer-digital-inclinometer-guage-for-off-road-suv-vehicles-gps-hud\/#primaryimage","url":"https:\/\/mrcartools.com\/wp-content\/uploads\/2023\/06\/MRCARTOOL-M50-Off-Road-GPS-Smart-Inclinometer.jpg","contentUrl":"https:\/\/mrcartools.com\/wp-content\/uploads\/2023\/06\/MRCARTOOL-M50-Off-Road-GPS-Smart-Inclinometer.jpg","width":1920,"height":1920,"caption":"MRCARTOOL M50 Off Road GPS Smart Inclinometer"},{"@type":"BreadcrumbList","@id":"https:\/\/mrcartools.com\/product\/mrcartool-m50-gps-smart-inclinometer-digital-inclinometer-guage-for-off-road-suv-vehicles-gps-hud\/#breadcrumb","itemListElement":[{"@type":"ListItem","position":1,"name":"Home","item":"https:\/\/mrcartools.com\/"},{"@type":"ListItem","position":2,"name":"Shop","item":"https:\/\/mrcartools.com\/shop-2\/"},{"@type":"ListItem","position":3,"name":"MRCARTOOL M50 GPS Smart Inclinometer Digital Inclinometer Guage for Off-Road SUV Vehicles GPS HUD"}]},{"@type":"WebSite","@id":"https:\/\/mrcartools.com\/#website","url":"https:\/\/mrcartools.com\/","name":"MRCARTOOL","description":"Sitio web oficial de MRCARTOOL","publisher":{"@id":"https:\/\/mrcartools.com\/#organization"},"potentialAction":[{"@type":"SearchAction","target":{"@type":"EntryPoint","urlTemplate":"https:\/\/mrcartools.com\/?s={search_term_string}"},"query-input":{"@type":"PropertyValueSpecification","valueRequired":true,"valueName":"search_term_string"}}],"inLanguage":"es"},{"@type":"Organization","@id":"https:\/\/mrcartools.com\/#organization","name":"MRCARTOOL","url":"https:\/\/mrcartools.com\/","logo":{"@type":"ImageObject","inLanguage":"es","@id":"https:\/\/mrcartools.com\/#\/schema\/logo\/image\/","url":"https:\/\/mrcartools.com\/wp-content\/uploads\/2023\/07\/\u4e0a\u4f73\u6c7d\u8f66\u5de5\u5177-LOGO-2.png","contentUrl":"https:\/\/mrcartools.com\/wp-content\/uploads\/2023\/07\/\u4e0a\u4f73\u6c7d\u8f66\u5de5\u5177-LOGO-2.png","width":1800,"height":402,"caption":"MRCARTOOL"},"image":{"@id":"https:\/\/mrcartools.com\/#\/schema\/logo\/image\/"}}]}},"_links":{"self":[{"href":"https:\/\/mrcartools.com\/es\/wp-json\/wp\/v2\/product\/3422","targetHints":{"allow":["GET"]}}],"collection":[{"href":"https:\/\/mrcartools.com\/es\/wp-json\/wp\/v2\/product"}],"about":[{"href":"https:\/\/mrcartools.com\/es\/wp-json\/wp\/v2\/types\/product"}],"version-history":[{"count":0,"href":"https:\/\/mrcartools.com\/es\/wp-json\/wp\/v2\/product\/3422\/revisions"}],"wp:featuredmedia":[{"embeddable":true,"href":"https:\/\/mrcartools.com\/es\/wp-json\/wp\/v2\/media\/3423"}],"wp:attachment":[{"href":"https:\/\/mrcartools.com\/es\/wp-json\/wp\/v2\/media?parent=3422"}],"wp:term":[{"taxonomy":"product_brand","embeddable":true,"href":"https:\/\/mrcartools.com\/es\/wp-json\/wp\/v2\/product_brand?post=3422"},{"taxonomy":"product_cat","embeddable":true,"href":"https:\/\/mrcartools.com\/es\/wp-json\/wp\/v2\/product_cat?post=3422"},{"taxonomy":"product_tag","embeddable":true,"href":"https:\/\/mrcartools.com\/es\/wp-json\/wp\/v2\/product_tag?post=3422"}],"curies":[{"name":"wp","href":"https:\/\/api.w.org\/{rel}","templated":true}]}}