{"id":4366,"date":"2024-06-11T08:11:46","date_gmt":"2024-06-11T08:11:46","guid":{"rendered":"https:\/\/mrcartools.com\/?post_type=product&#038;p=4366"},"modified":"2025-04-28T04:01:31","modified_gmt":"2025-04-28T04:01:31","slug":"mrcartool-car-spark-plug-tester-with-auto-adjustable-for-12v-vehicles","status":"publish","type":"product","link":"https:\/\/mrcartools.com\/es\/producto\/mrcartool-car-spark-plug-tester-with-auto-adjustable-for-12v-vehicles\/","title":{"rendered":"MRCARTOOL Comprobador de Buj\u00edas de Coche con Auto Ajustable para Veh\u00edculos de 12V"},"content":{"rendered":"<h3><span style=\"font-family: Poppins;\"><strong>MRCARTOOL Spark Plug Tester es para probar el rendimiento y la fuerza de las buj\u00edas. El producto simula las condiciones reales del motor y funciona hasta 6000rpm.<\/strong><\/span><\/h3>\n<p>Es compatible con todas las buj\u00edas para motores de cig\u00fce\u00f1al y motocicletas del mercado. Tambi\u00e9n puede probar dos orificios al mismo tiempo y est\u00e1 dise\u00f1ada con una cubierta protectora para garantizar la seguridad del personal de mantenimiento durante la prueba. En el sistema de encendido del autom\u00f3vil, la bobina de encendido de alta tensi\u00f3n genera una alta tensi\u00f3n, y la buj\u00eda de encendido la desv\u00eda de la bobina de encendido de alta tensi\u00f3n al cilindro del motor, la chispa entre los electrodos de la buj\u00eda encender\u00e1 la mezcla, El detector podr\u00eda distinguir las buj\u00edas buenas de las malas por la fuerza de la chispa.<\/p>\n<h3><a href=\"https:\/\/mrcartools.com\/wp-content\/uploads\/2024\/06\/MRCARTOOL-\u706b\u82b1\u585e-MANUAL.pdf\"><em><strong>MRCARTOOL Spark Plug Tester User Manual Download&gt;&gt;<\/strong><\/em><\/a><\/h3>\n<h3><strong>Consejos c\u00e1lidos<\/strong><\/h3>\n<ul>\n<li><strong>Durante la prueba se generar\u00e1 una tensi\u00f3n de hasta 1000 V. \u00a1Cierre la cubierta protectora antes de realizar la prueba!<\/strong><\/li>\n<\/ul>\n<p><img fetchpriority=\"high\" decoding=\"async\" class=\"alignnone size-full wp-image-4368\" src=\"https:\/\/mrcartools.com\/wp-content\/uploads\/2024\/06\/8.jpg\" alt=\"\" width=\"1200\" height=\"1200\" srcset=\"\/\/mrcartools.com\/wp-content\/uploads\/2024\/06\/8.jpg 1200w, \/\/mrcartools.com\/wp-content\/uploads\/2024\/06\/8-253x253.jpg 253w, \/\/mrcartools.com\/wp-content\/uploads\/2024\/06\/8-100x100.jpg 100w, \/\/mrcartools.com\/wp-content\/uploads\/2024\/06\/8-510x510.jpg 510w, \/\/mrcartools.com\/wp-content\/uploads\/2024\/06\/8-150x150.jpg 150w, \/\/mrcartools.com\/wp-content\/uploads\/2024\/06\/8-768x768.jpg 768w, \/\/mrcartools.com\/wp-content\/uploads\/2024\/06\/8-50x50.jpg 50w\" sizes=\"(max-width: 1200px) 100vw, 1200px\" \/><\/p>\n<h3><strong>\u00bfCu\u00e1l es la diferencia entre todos MRCARTOOL coche buj\u00eda probador herramienta?<\/strong><\/h3>\n<p><img decoding=\"async\" class=\"alignnone size-full wp-image-9162\" src=\"https:\/\/mrcartools.com\/wp-content\/uploads\/2024\/10\/98c4881043172e12f336342a216bf804.png\" alt=\"\" width=\"1155\" height=\"943\" srcset=\"\/\/mrcartools.com\/wp-content\/uploads\/2024\/10\/98c4881043172e12f336342a216bf804.png 1155w, \/\/mrcartools.com\/wp-content\/uploads\/2024\/10\/98c4881043172e12f336342a216bf804-150x122.png 150w, \/\/mrcartools.com\/wp-content\/uploads\/2024\/10\/98c4881043172e12f336342a216bf804-768x627.png 768w, \/\/mrcartools.com\/wp-content\/uploads\/2024\/10\/98c4881043172e12f336342a216bf804-510x416.png 510w\" sizes=\"(max-width: 1155px) 100vw, 1155px\" \/><\/p>\n<h3><strong>MRCARTOOL Probador de Buj\u00edas Caracter\u00edsticas:<\/strong><\/h3>\n<ul>\n<li><strong>0 a 6000rpm Frecuencia de funcionamiento:<\/strong>\u00a0El AUTOOL SPT101 Comprobador de Buj\u00edas de Coche est\u00e1 dise\u00f1ado con frecuencia de trabajo ajustable, el rango puede alcanzar de 0 a 6000rpm. Se puede ajustar como usted requiere.<\/li>\n<li><strong>Prueba de doble orificio y ahorro de tiempo:<\/strong>\u00a0El AUTOOL SPT101 Comprobador de Buj\u00edas de Coche es capaz de realizar pruebas simult\u00e1neas de doble orificio, as\u00ed como el trabajo anal\u00f3gico del motor, que es mucho m\u00e1s eficiente y ahorra tiempo.<\/li>\n<li><strong>Amplia aplicaci\u00f3n:<\/strong>\u00a0Buj\u00edas de coche de 12 V para veh\u00edculos de gasolina, tensi\u00f3n de entrada de 100 V-240 V.<\/li>\n<li><strong>F\u00e1cil funcionamiento Plug And Play:<\/strong>\u00a0F\u00e1cil manejo, plug and play. Vienen con una luz indicadora, por lo que el estado de la buj\u00eda se puede visualizar de forma m\u00e1s intuitiva.<\/li>\n<li><strong>Servicio posventa<\/strong>: MRCARTOOL ofrece una garant\u00eda de 48 meses y 7\u00d724 horas de servicio al cliente amigable para asegurar su experiencia de compra. Si usted tiene alguna pregunta acerca de los detectores de fugas EVAP, por favor p\u00f3ngase en contacto con nosotros directamente. Soporte en l\u00ednea&gt;&gt;<\/li>\n<\/ul>\n<h3><strong>\u00bfC\u00f3mo utilizar el comprobador de buj\u00edas MRCARTOOL?<\/strong><\/h3>\n<ul>\n<li>Paso 1: Coloque la buj\u00eda en el orificio de prueba.<\/li>\n<li>Paso 2: Tapa la cubierta protectora.<\/li>\n<li>Paso 3: Conecte la fuente de alimentaci\u00f3n y ajuste la frecuencia de trabajo.<\/li>\n<li>Paso 4: Observe el estado de prueba de la buj\u00eda a trav\u00e9s de la cubierta protectora.<\/li>\n<\/ul>\n<p><img decoding=\"async\" class=\"alignnone size-full wp-image-4372\" src=\"https:\/\/mrcartools.com\/wp-content\/uploads\/2024\/06\/12.jpg\" alt=\"\" width=\"1200\" height=\"1200\" srcset=\"\/\/mrcartools.com\/wp-content\/uploads\/2024\/06\/12.jpg 1200w, \/\/mrcartools.com\/wp-content\/uploads\/2024\/06\/12-253x253.jpg 253w, \/\/mrcartools.com\/wp-content\/uploads\/2024\/06\/12-100x100.jpg 100w, \/\/mrcartools.com\/wp-content\/uploads\/2024\/06\/12-510x510.jpg 510w, \/\/mrcartools.com\/wp-content\/uploads\/2024\/06\/12-150x150.jpg 150w, \/\/mrcartools.com\/wp-content\/uploads\/2024\/06\/12-768x768.jpg 768w, \/\/mrcartools.com\/wp-content\/uploads\/2024\/06\/12-50x50.jpg 50w\" sizes=\"(max-width: 1200px) 100vw, 1200px\" \/><img loading=\"lazy\" decoding=\"async\" class=\"alignnone size-full wp-image-4369\" src=\"https:\/\/mrcartools.com\/wp-content\/uploads\/2024\/06\/9.jpg\" alt=\"\" width=\"1200\" height=\"1200\" srcset=\"\/\/mrcartools.com\/wp-content\/uploads\/2024\/06\/9.jpg 1200w, \/\/mrcartools.com\/wp-content\/uploads\/2024\/06\/9-253x253.jpg 253w, \/\/mrcartools.com\/wp-content\/uploads\/2024\/06\/9-100x100.jpg 100w, \/\/mrcartools.com\/wp-content\/uploads\/2024\/06\/9-510x510.jpg 510w, \/\/mrcartools.com\/wp-content\/uploads\/2024\/06\/9-150x150.jpg 150w, \/\/mrcartools.com\/wp-content\/uploads\/2024\/06\/9-768x768.jpg 768w, \/\/mrcartools.com\/wp-content\/uploads\/2024\/06\/9-50x50.jpg 50w\" sizes=\"(max-width: 1200px) 100vw, 1200px\" \/> <img loading=\"lazy\" decoding=\"async\" class=\"alignnone size-full wp-image-4371\" src=\"https:\/\/mrcartools.com\/wp-content\/uploads\/2024\/06\/11.jpg\" alt=\"\" width=\"1200\" height=\"1200\" srcset=\"\/\/mrcartools.com\/wp-content\/uploads\/2024\/06\/11.jpg 1200w, \/\/mrcartools.com\/wp-content\/uploads\/2024\/06\/11-253x253.jpg 253w, \/\/mrcartools.com\/wp-content\/uploads\/2024\/06\/11-100x100.jpg 100w, \/\/mrcartools.com\/wp-content\/uploads\/2024\/06\/11-510x510.jpg 510w, \/\/mrcartools.com\/wp-content\/uploads\/2024\/06\/11-150x150.jpg 150w, \/\/mrcartools.com\/wp-content\/uploads\/2024\/06\/11-768x768.jpg 768w, \/\/mrcartools.com\/wp-content\/uploads\/2024\/06\/11-50x50.jpg 50w\" sizes=\"(max-width: 1200px) 100vw, 1200px\" \/> <img loading=\"lazy\" decoding=\"async\" class=\"alignnone size-full wp-image-4370\" src=\"https:\/\/mrcartools.com\/wp-content\/uploads\/2024\/06\/10.jpg\" alt=\"\" width=\"1200\" height=\"1200\" srcset=\"\/\/mrcartools.com\/wp-content\/uploads\/2024\/06\/10.jpg 1200w, \/\/mrcartools.com\/wp-content\/uploads\/2024\/06\/10-253x253.jpg 253w, \/\/mrcartools.com\/wp-content\/uploads\/2024\/06\/10-100x100.jpg 100w, \/\/mrcartools.com\/wp-content\/uploads\/2024\/06\/10-510x510.jpg 510w, \/\/mrcartools.com\/wp-content\/uploads\/2024\/06\/10-150x150.jpg 150w, \/\/mrcartools.com\/wp-content\/uploads\/2024\/06\/10-768x768.jpg 768w, \/\/mrcartools.com\/wp-content\/uploads\/2024\/06\/10-50x50.jpg 50w\" sizes=\"(max-width: 1200px) 100vw, 1200px\" \/><img loading=\"lazy\" decoding=\"async\" class=\"alignnone size-full wp-image-4373\" src=\"https:\/\/mrcartools.com\/wp-content\/uploads\/2024\/06\/13.jpg\" alt=\"\" width=\"1200\" height=\"1200\" srcset=\"\/\/mrcartools.com\/wp-content\/uploads\/2024\/06\/13.jpg 1200w, \/\/mrcartools.com\/wp-content\/uploads\/2024\/06\/13-253x253.jpg 253w, \/\/mrcartools.com\/wp-content\/uploads\/2024\/06\/13-100x100.jpg 100w, \/\/mrcartools.com\/wp-content\/uploads\/2024\/06\/13-510x510.jpg 510w, \/\/mrcartools.com\/wp-content\/uploads\/2024\/06\/13-150x150.jpg 150w, \/\/mrcartools.com\/wp-content\/uploads\/2024\/06\/13-768x768.jpg 768w, \/\/mrcartools.com\/wp-content\/uploads\/2024\/06\/13-50x50.jpg 50w\" sizes=\"(max-width: 1200px) 100vw, 1200px\" \/><\/p>\n<h3><strong>Lista de embalaje<\/strong><\/h3>\n<p><img loading=\"lazy\" decoding=\"async\" class=\"alignnone size-full wp-image-4374\" src=\"https:\/\/mrcartools.com\/wp-content\/uploads\/2024\/06\/14.jpg\" alt=\"\" width=\"1200\" height=\"1200\" srcset=\"\/\/mrcartools.com\/wp-content\/uploads\/2024\/06\/14.jpg 1200w, \/\/mrcartools.com\/wp-content\/uploads\/2024\/06\/14-253x253.jpg 253w, \/\/mrcartools.com\/wp-content\/uploads\/2024\/06\/14-100x100.jpg 100w, \/\/mrcartools.com\/wp-content\/uploads\/2024\/06\/14-510x510.jpg 510w, \/\/mrcartools.com\/wp-content\/uploads\/2024\/06\/14-150x150.jpg 150w, \/\/mrcartools.com\/wp-content\/uploads\/2024\/06\/14-768x768.jpg 768w, \/\/mrcartools.com\/wp-content\/uploads\/2024\/06\/14-50x50.jpg 50w\" sizes=\"(max-width: 1200px) 100vw, 1200px\" \/><\/p>","protected":false},"excerpt":{"rendered":"<ul>\n<li><strong>Pruebas de doble orificio y ahorro de tiempo:<\/strong>El comprobador de buj\u00edas de coche AUTOOL SPT101 le permite comprobar dos orificios a la vez y muestra el estado del motor para obtener resultados m\u00e1s r\u00e1pidos.<\/li>\n<li><strong>Amplia aplicaci\u00f3n:<\/strong>Funciona con veh\u00edculos de gasolina de 12 V y acepta entradas de 100 V a 240 V.<\/li>\n<li><strong>F\u00e1cil manejo:<\/strong>S\u00f3lo hay que enchufarla para usarla. El indicador luminoso muestra claramente el estado de la buj\u00eda.<a href=\"https:\/\/api.whatsapp.com\/send\/?phone=%2B8618923768146&amp;text=onlinesupport\"><span style=\"color: #d83131;\"><strong>Asistencia en l\u00ednea&gt;&gt;<\/strong><\/span><\/a><\/li>\n<\/ul>","protected":false},"featured_media":4367,"template":"","meta":[],"product_brand":[],"product_cat":[105],"product_tag":[],"class_list":{"0":"post-4366","1":"product","2":"type-product","3":"status-publish","4":"has-post-thumbnail","6":"product_cat-spark-plug-tester","7":"product_shipping_class-weight","8":"pa_ship-from-china","9":"pa_ship-from-germany","10":"pa_ship-from-united-kingdom","11":"pa_ship-from-united-states","12":"pa_voltage-110v","13":"pa_voltage-220v","15":"first","16":"instock","17":"shipping-taxable","18":"product-type-variable","19":"wvs-archive-product-wrapper"},"yoast_head":"<!-- This site is optimized with the Yoast SEO Premium plugin v24.4 (Yoast SEO v24.4) - https:\/\/yoast.com\/wordpress\/plugins\/seo\/ -->\n<title>MRCARTOOL Car Spark Plug Tester with Auto Adjustable for 12V Vehicles - Mrcartool<\/title>\n<meta name=\"description\" content=\"MRCARTOOL Spark Plug Tester is for testing the performance and strength of spark plugs. The product simulates actual engine conditions and works up to 6000rpm.\" \/>\n<meta name=\"robots\" content=\"index, follow, max-snippet:-1, max-image-preview:large, max-video-preview:-1\" \/>\n<link rel=\"canonical\" href=\"https:\/\/mrcartools.com\/es\/producto\/mrcartool-car-spark-plug-tester-with-auto-adjustable-for-12v-vehicles\/\" \/>\n<meta property=\"og:locale\" content=\"es_MX\" \/>\n<meta property=\"og:type\" content=\"article\" \/>\n<meta property=\"og:title\" content=\"MRCARTOOL Car Spark Plug Tester with Auto Adjustable for 12V Vehicles\" \/>\n<meta property=\"og:description\" content=\"MRCARTOOL Spark Plug Tester is for testing the performance and strength of spark plugs. The product simulates actual engine conditions and works up to 6000rpm.\" \/>\n<meta property=\"og:url\" content=\"https:\/\/mrcartools.com\/es\/producto\/mrcartool-car-spark-plug-tester-with-auto-adjustable-for-12v-vehicles\/\" \/>\n<meta property=\"og:site_name\" content=\"Mrcartool\" \/>\n<meta property=\"article:modified_time\" content=\"2025-04-28T04:01:31+00:00\" \/>\n<meta property=\"og:image\" content=\"https:\/\/mrcartools.com\/wp-content\/uploads\/2024\/06\/2-1.jpg\" \/>\n\t<meta property=\"og:image:width\" content=\"1200\" \/>\n\t<meta property=\"og:image:height\" content=\"1200\" \/>\n\t<meta property=\"og:image:type\" content=\"image\/jpeg\" \/>\n<meta name=\"twitter:card\" content=\"summary_large_image\" \/>\n<meta name=\"twitter:label1\" content=\"Tiempo de lectura\" \/>\n\t<meta name=\"twitter:data1\" content=\"4 minutos\" \/>\n<script type=\"application\/ld+json\" class=\"yoast-schema-graph\">{\"@context\":\"https:\/\/schema.org\",\"@graph\":[{\"@type\":\"WebPage\",\"@id\":\"https:\/\/mrcartools.com\/product\/mrcartool-car-spark-plug-tester-with-auto-adjustable-for-12v-vehicles\/\",\"url\":\"https:\/\/mrcartools.com\/product\/mrcartool-car-spark-plug-tester-with-auto-adjustable-for-12v-vehicles\/\",\"name\":\"MRCARTOOL Car Spark Plug Tester with Auto Adjustable for 12V Vehicles - Mrcartool\",\"isPartOf\":{\"@id\":\"https:\/\/mrcartools.com\/#website\"},\"primaryImageOfPage\":{\"@id\":\"https:\/\/mrcartools.com\/product\/mrcartool-car-spark-plug-tester-with-auto-adjustable-for-12v-vehicles\/#primaryimage\"},\"image\":{\"@id\":\"https:\/\/mrcartools.com\/product\/mrcartool-car-spark-plug-tester-with-auto-adjustable-for-12v-vehicles\/#primaryimage\"},\"thumbnailUrl\":\"https:\/\/mrcartools.com\/wp-content\/uploads\/2024\/06\/2-1.jpg\",\"datePublished\":\"2024-06-11T08:11:46+00:00\",\"dateModified\":\"2025-04-28T04:01:31+00:00\",\"description\":\"MRCARTOOL Spark Plug Tester is for testing the performance and strength of spark plugs. The product simulates actual engine conditions and works up to 6000rpm.\",\"breadcrumb\":{\"@id\":\"https:\/\/mrcartools.com\/product\/mrcartool-car-spark-plug-tester-with-auto-adjustable-for-12v-vehicles\/#breadcrumb\"},\"inLanguage\":\"es\",\"potentialAction\":[{\"@type\":\"ReadAction\",\"target\":[\"https:\/\/mrcartools.com\/product\/mrcartool-car-spark-plug-tester-with-auto-adjustable-for-12v-vehicles\/\"]}]},{\"@type\":\"ImageObject\",\"inLanguage\":\"es\",\"@id\":\"https:\/\/mrcartools.com\/product\/mrcartool-car-spark-plug-tester-with-auto-adjustable-for-12v-vehicles\/#primaryimage\",\"url\":\"https:\/\/mrcartools.com\/wp-content\/uploads\/2024\/06\/2-1.jpg\",\"contentUrl\":\"https:\/\/mrcartools.com\/wp-content\/uploads\/2024\/06\/2-1.jpg\",\"width\":1200,\"height\":1200},{\"@type\":\"BreadcrumbList\",\"@id\":\"https:\/\/mrcartools.com\/product\/mrcartool-car-spark-plug-tester-with-auto-adjustable-for-12v-vehicles\/#breadcrumb\",\"itemListElement\":[{\"@type\":\"ListItem\",\"position\":1,\"name\":\"Home\",\"item\":\"https:\/\/mrcartools.com\/\"},{\"@type\":\"ListItem\",\"position\":2,\"name\":\"Shop\",\"item\":\"https:\/\/mrcartools.com\/shop-2\/\"},{\"@type\":\"ListItem\",\"position\":3,\"name\":\"MRCARTOOL Car Spark Plug Tester with Auto Adjustable for 12V Vehicles\"}]},{\"@type\":\"WebSite\",\"@id\":\"https:\/\/mrcartools.com\/#website\",\"url\":\"https:\/\/mrcartools.com\/\",\"name\":\"MRCARTOOL\",\"description\":\"MRCARTOOL Official Website\",\"publisher\":{\"@id\":\"https:\/\/mrcartools.com\/#organization\"},\"potentialAction\":[{\"@type\":\"SearchAction\",\"target\":{\"@type\":\"EntryPoint\",\"urlTemplate\":\"https:\/\/mrcartools.com\/?s={search_term_string}\"},\"query-input\":{\"@type\":\"PropertyValueSpecification\",\"valueRequired\":true,\"valueName\":\"search_term_string\"}}],\"inLanguage\":\"es\"},{\"@type\":\"Organization\",\"@id\":\"https:\/\/mrcartools.com\/#organization\",\"name\":\"MRCARTOOL\",\"url\":\"https:\/\/mrcartools.com\/\",\"logo\":{\"@type\":\"ImageObject\",\"inLanguage\":\"es\",\"@id\":\"https:\/\/mrcartools.com\/#\/schema\/logo\/image\/\",\"url\":\"https:\/\/mrcartools.com\/wp-content\/uploads\/2023\/07\/\u4e0a\u4f73\u6c7d\u8f66\u5de5\u5177-LOGO-2.png\",\"contentUrl\":\"https:\/\/mrcartools.com\/wp-content\/uploads\/2023\/07\/\u4e0a\u4f73\u6c7d\u8f66\u5de5\u5177-LOGO-2.png\",\"width\":1800,\"height\":402,\"caption\":\"MRCARTOOL\"},\"image\":{\"@id\":\"https:\/\/mrcartools.com\/#\/schema\/logo\/image\/\"}}]}<\/script>\n<!-- \/ Yoast SEO Premium plugin. -->","yoast_head_json":{"title":"MRCARTOOL Car Spark Plug Tester with Auto Adjustable for 12V Vehicles - Mrcartool","description":"MRCARTOOL Spark Plug Tester es para probar el rendimiento y la fuerza de las buj\u00edas. El producto simula las condiciones reales del motor y funciona hasta 6000rpm.","robots":{"index":"index","follow":"follow","max-snippet":"max-snippet:-1","max-image-preview":"max-image-preview:large","max-video-preview":"max-video-preview:-1"},"canonical":"https:\/\/mrcartools.com\/es\/producto\/mrcartool-car-spark-plug-tester-with-auto-adjustable-for-12v-vehicles\/","og_locale":"es_MX","og_type":"article","og_title":"MRCARTOOL Car Spark Plug Tester with Auto Adjustable for 12V Vehicles","og_description":"MRCARTOOL Spark Plug Tester is for testing the performance and strength of spark plugs. The product simulates actual engine conditions and works up to 6000rpm.","og_url":"https:\/\/mrcartools.com\/es\/producto\/mrcartool-car-spark-plug-tester-with-auto-adjustable-for-12v-vehicles\/","og_site_name":"Mrcartool","article_modified_time":"2025-04-28T04:01:31+00:00","og_image":[{"width":1200,"height":1200,"url":"https:\/\/mrcartools.com\/wp-content\/uploads\/2024\/06\/2-1.jpg","type":"image\/jpeg"}],"twitter_card":"summary_large_image","twitter_misc":{"Tiempo de lectura":"4 minutos"},"schema":{"@context":"https:\/\/schema.org","@graph":[{"@type":"WebPage","@id":"https:\/\/mrcartools.com\/product\/mrcartool-car-spark-plug-tester-with-auto-adjustable-for-12v-vehicles\/","url":"https:\/\/mrcartools.com\/product\/mrcartool-car-spark-plug-tester-with-auto-adjustable-for-12v-vehicles\/","name":"MRCARTOOL Car Spark Plug Tester with Auto Adjustable for 12V Vehicles - Mrcartool","isPartOf":{"@id":"https:\/\/mrcartools.com\/#website"},"primaryImageOfPage":{"@id":"https:\/\/mrcartools.com\/product\/mrcartool-car-spark-plug-tester-with-auto-adjustable-for-12v-vehicles\/#primaryimage"},"image":{"@id":"https:\/\/mrcartools.com\/product\/mrcartool-car-spark-plug-tester-with-auto-adjustable-for-12v-vehicles\/#primaryimage"},"thumbnailUrl":"https:\/\/mrcartools.com\/wp-content\/uploads\/2024\/06\/2-1.jpg","datePublished":"2024-06-11T08:11:46+00:00","dateModified":"2025-04-28T04:01:31+00:00","description":"MRCARTOOL Spark Plug Tester es para probar el rendimiento y la fuerza de las buj\u00edas. El producto simula las condiciones reales del motor y funciona hasta 6000rpm.","breadcrumb":{"@id":"https:\/\/mrcartools.com\/product\/mrcartool-car-spark-plug-tester-with-auto-adjustable-for-12v-vehicles\/#breadcrumb"},"inLanguage":"es","potentialAction":[{"@type":"ReadAction","target":["https:\/\/mrcartools.com\/product\/mrcartool-car-spark-plug-tester-with-auto-adjustable-for-12v-vehicles\/"]}]},{"@type":"ImageObject","inLanguage":"es","@id":"https:\/\/mrcartools.com\/product\/mrcartool-car-spark-plug-tester-with-auto-adjustable-for-12v-vehicles\/#primaryimage","url":"https:\/\/mrcartools.com\/wp-content\/uploads\/2024\/06\/2-1.jpg","contentUrl":"https:\/\/mrcartools.com\/wp-content\/uploads\/2024\/06\/2-1.jpg","width":1200,"height":1200},{"@type":"BreadcrumbList","@id":"https:\/\/mrcartools.com\/product\/mrcartool-car-spark-plug-tester-with-auto-adjustable-for-12v-vehicles\/#breadcrumb","itemListElement":[{"@type":"ListItem","position":1,"name":"Home","item":"https:\/\/mrcartools.com\/"},{"@type":"ListItem","position":2,"name":"Shop","item":"https:\/\/mrcartools.com\/shop-2\/"},{"@type":"ListItem","position":3,"name":"MRCARTOOL Car Spark Plug Tester with Auto Adjustable for 12V Vehicles"}]},{"@type":"WebSite","@id":"https:\/\/mrcartools.com\/#website","url":"https:\/\/mrcartools.com\/","name":"MRCARTOOL","description":"Sitio web oficial de MRCARTOOL","publisher":{"@id":"https:\/\/mrcartools.com\/#organization"},"potentialAction":[{"@type":"SearchAction","target":{"@type":"EntryPoint","urlTemplate":"https:\/\/mrcartools.com\/?s={search_term_string}"},"query-input":{"@type":"PropertyValueSpecification","valueRequired":true,"valueName":"search_term_string"}}],"inLanguage":"es"},{"@type":"Organization","@id":"https:\/\/mrcartools.com\/#organization","name":"MRCARTOOL","url":"https:\/\/mrcartools.com\/","logo":{"@type":"ImageObject","inLanguage":"es","@id":"https:\/\/mrcartools.com\/#\/schema\/logo\/image\/","url":"https:\/\/mrcartools.com\/wp-content\/uploads\/2023\/07\/\u4e0a\u4f73\u6c7d\u8f66\u5de5\u5177-LOGO-2.png","contentUrl":"https:\/\/mrcartools.com\/wp-content\/uploads\/2023\/07\/\u4e0a\u4f73\u6c7d\u8f66\u5de5\u5177-LOGO-2.png","width":1800,"height":402,"caption":"MRCARTOOL"},"image":{"@id":"https:\/\/mrcartools.com\/#\/schema\/logo\/image\/"}}]}},"_links":{"self":[{"href":"https:\/\/mrcartools.com\/es\/wp-json\/wp\/v2\/product\/4366","targetHints":{"allow":["GET"]}}],"collection":[{"href":"https:\/\/mrcartools.com\/es\/wp-json\/wp\/v2\/product"}],"about":[{"href":"https:\/\/mrcartools.com\/es\/wp-json\/wp\/v2\/types\/product"}],"version-history":[{"count":0,"href":"https:\/\/mrcartools.com\/es\/wp-json\/wp\/v2\/product\/4366\/revisions"}],"wp:featuredmedia":[{"embeddable":true,"href":"https:\/\/mrcartools.com\/es\/wp-json\/wp\/v2\/media\/4367"}],"wp:attachment":[{"href":"https:\/\/mrcartools.com\/es\/wp-json\/wp\/v2\/media?parent=4366"}],"wp:term":[{"taxonomy":"product_brand","embeddable":true,"href":"https:\/\/mrcartools.com\/es\/wp-json\/wp\/v2\/product_brand?post=4366"},{"taxonomy":"product_cat","embeddable":true,"href":"https:\/\/mrcartools.com\/es\/wp-json\/wp\/v2\/product_cat?post=4366"},{"taxonomy":"product_tag","embeddable":true,"href":"https:\/\/mrcartools.com\/es\/wp-json\/wp\/v2\/product_tag?post=4366"}],"curies":[{"name":"wp","href":"https:\/\/api.w.org\/{rel}","templated":true}]}}