{"id":5574,"date":"2024-11-05T08:17:59","date_gmt":"2024-11-05T08:17:59","guid":{"rendered":"https:\/\/mrcartools.com\/?post_type=product&#038;p=5574"},"modified":"2025-07-22T03:02:06","modified_gmt":"2025-07-22T03:02:06","slug":"mr-cartool-obd-power-adapter-24v-to-12v","status":"publish","type":"product","link":"https:\/\/mrcartools.com\/es\/producto\/mr-cartool-obd-power-adapter-24v-to-12v\/","title":{"rendered":"MRCARTOOL Adaptador de corriente OBD 24V a 12V"},"content":{"rendered":"<section class=\"section\" id=\"section_477651875\">\n\t\t<div class=\"section-bg fill\" >\n\t\t\t\t\t\t\t\t\t\n\t\t\t\n\n\t\t<\/div>\n\n\t\t\n\n\t\t<div class=\"section-content relative\">\n\t\t\t\n<h3><strong>MRCARTOOL OBD adaptador de alimentaci\u00f3n de 24V a 12V es una herramienta de conversi\u00f3n de voltaje de alta eficiencia que convierte el sistema de alimentaci\u00f3n de 24V a 12V, ampliamente utilizado en varios veh\u00edculos con sistema de bater\u00eda de 24V, proporcionando una salida estable de 12V para garantizar el funcionamiento seguro y eficiente de sus herramientas de diagn\u00f3stico OBD-II, equipos de a bordo y otros aparatos de 12V.<\/strong><\/h3>\n<div class=\"row\"  id=\"row-1257559197\">\n\n\t<div id=\"col-1329078270\" class=\"col small-12 large-12\"  >\n\t\t\t\t<div class=\"col-inner text-center\"  >\n\t\t\t\n\t\t\t\n\n\t<a class=\"plain\" href=\"https:\/\/api.whatsapp.com\/send\/?phone=%2B8618923768146&#038;text=onlinesupport\" target=\"_blank\" rel=\"noopener\" >\t<div class=\"icon-box featured-box icon-box-center text-center\"  >\n\t\t\t\t\t<div class=\"icon-box-img\" style=\"width: 54px\">\n\t\t\t\t<div class=\"icon\">\n\t\t\t\t\t<div class=\"icon-inner\" >\n\t\t\t\t\t\t<img decoding=\"async\" width=\"128\" height=\"128\" src=\"https:\/\/mrcartools.com\/wp-content\/uploads\/2022\/03\/\u5bfb\u627e\u641c\u7d22_333333_128_21559135.png\" class=\"attachment-medium size-medium wvs-archive-product-image\" alt=\"\" srcset=\"\/\/mrcartools.com\/wp-content\/uploads\/2022\/03\/\u5bfb\u627e\u641c\u7d22_333333_128_21559135.png 128w, \/\/mrcartools.com\/wp-content\/uploads\/2022\/03\/\u5bfb\u627e\u641c\u7d22_333333_128_21559135-100x100.png 100w, \/\/mrcartools.com\/wp-content\/uploads\/2022\/03\/\u5bfb\u627e\u641c\u7d22_333333_128_21559135-50x50.png 50w\" sizes=\"(max-width: 128px) 100vw, 128px\" \/>\t\t\t\t\t<\/div>\n\t\t\t\t<\/div>\n\t\t\t<\/div>\n\t\t\t\t<div class=\"icon-box-text last-reset\">\n\t\t\t\t\t\t\t\t\t\n\t<div id=\"text-3319184063\" class=\"text\">\n\t\t\n<h3><a href=\"https:\/\/api.whatsapp.com\/send\/?phone=%2B8618923768146&amp;text=onlinesupport\"><em><strong>Centro de ayuda<\/strong><\/em><\/a><\/h3>\n\t\t\n<style>\n#text-3319184063 {\n  font-size: 0.9rem;\n}\n<\/style>\n\t<\/div>\n\t\n\t\t<\/div>\n\t<\/div>\n\t<\/a>\n\t\n\t\t<\/div>\n\t\t\t\t\t<\/div>\n\n\t\n<\/div>\n<div class=\"accordion\">\n\t<div id=\"accordion-1203439500\" class=\"accordion-item\">\n\t\t<a id=\"accordion-1203439500-label\" class=\"accordion-title plain\" href=\"#accordion-item-\ud83d\udcddwarm-tips\" aria-expanded=\"false\" aria-controls=\"accordion-1203439500-content\">\n\t\t\t<button class=\"toggle\" aria-label=\"Toggle\"><i class=\"icon-angle-down\" aria-hidden=\"true\"><\/i><\/button>\n\t\t\t<span>\ud83d\udcddConsejos<\/span>\n\t\t<\/a>\n\t\t<div id=\"accordion-1203439500-content\" class=\"accordion-inner\" aria-labelledby=\"accordion-1203439500-label\">\n\t\t\t\n<ul>\n<li><strong>Aseg\u00farese de que las conexiones son correctas:<\/strong> Conecte el terminal de 24 V a la bater\u00eda del veh\u00edculo y el terminal de 12 V al dispositivo de 12 V.Las conexiones incorrectas pueden da\u00f1ar el dispositivo o impedir que funcione correctamente.<\/li>\n<li><strong>Evitar la sobrecarga<\/strong> No supere el rango de potencia nominal del adaptador. La sobrecarga puede provocar un sobrecalentamiento, un cortocircuito o da\u00f1os en el adaptador y los dispositivos conectados.<\/li>\n<li><strong>Comprobar la adaptaci\u00f3n de tensi\u00f3n<\/strong> Aseg\u00farese de que la fuente de alimentaci\u00f3n del veh\u00edculo es de 24V y que el dispositivo a alimentar soporta 12V. Una coincidencia de voltaje incorrecta puede afectar al funcionamiento del dispositivo o provocar un mal funcionamiento.<\/li>\n<li><strong>Evite los entornos con altas temperaturas<\/strong> Evite exponer el adaptador a altas temperaturas durante su uso, como la exposici\u00f3n a la luz solar en el veh\u00edculo o el contacto directo con objetos calientes. Las altas temperaturas pueden afectar al funcionamiento normal del adaptador o provocar la activaci\u00f3n de la protecci\u00f3n contra el sobrecalentamiento.<\/li>\n<\/ul>\n\t\t<\/div>\n\t<\/div>\n\t\n<\/div>\n\t\t<\/div>\n\n\t\t\n<style>\n#section_477651875 {\n  padding-top: 0px;\n  padding-bottom: 0px;\n}\n<\/style>\n\t<\/section>\n\t\n\n\t<section class=\"section\" id=\"section_245588301\">\n\t\t<div class=\"section-bg fill\" >\n\t\t\t\t\t\t\t\t\t\n\t\t\t\n\n\t\t<\/div>\n\n\t\t\n\n\t\t<div class=\"section-content relative\">\n\t\t\t\n<h3 style=\"text-align: center;\"><strong>MRCARTOOL Adaptador de corriente OBD 24V a 12V<\/strong><\/h3>\n<div class=\"accordion\">\n\t<div id=\"accordion-488588666\" class=\"accordion-item\">\n\t\t<a id=\"accordion-488588666-label\" class=\"accordion-title plain active\" href=\"#accordion-item-features\" aria-expanded=\"true\" aria-controls=\"accordion-488588666-content\">\n\t\t\t<button class=\"toggle\" aria-label=\"Toggle\"><i class=\"icon-angle-down\" aria-hidden=\"true\"><\/i><\/button>\n\t\t\t<span>Caracter\u00edsticas<\/span>\n\t\t<\/a>\n\t\t<div id=\"accordion-488588666-content\" class=\"accordion-inner\" style=\"display: block;\" aria-labelledby=\"accordion-488588666-label\">\n\t\t\t\n<ul>\n<li><strong>Compatibilidad vers\u00e1til:<\/strong> Este adaptador transforma la alimentaci\u00f3n de 24V a 12V, ideal para herramientas de diagn\u00f3stico OBD-II, dispositivos a bordo y otros aparatos de 12V, apto para todos los veh\u00edculos de 24V, incluidos camiones grandes y veh\u00edculos comerciales.<\/li>\n<li><strong>Salida de tensi\u00f3n estable:<\/strong> MRCARTOOL OBD adaptador proporciona una fiable 12V, la salvaguardia contra las fluctuaciones de tensi\u00f3n y da\u00f1os potenciales.<\/li>\n<li><strong>Instalaci\u00f3n sencilla:<\/strong> Plug and play, soporta dise\u00f1o plug and play, c\u00f3modo y r\u00e1pido, sin necesidad de complicados pasos de instalaci\u00f3n.<\/li>\n<li><strong>Protecci\u00f3n eficaz:<\/strong> Las protecciones integradas contra sobrecarga, sobretensi\u00f3n y sobrecalentamiento evitan que los equipos se da\u00f1en por las fluctuaciones de tensi\u00f3n, alargando su vida \u00fatil.<\/li>\n<li><strong>Compacto y ligero\uff1a<\/strong>El dise\u00f1o compacto y el uso de materiales de alta calidad garantizan la estabilidad a largo plazo en entornos complejos.<\/li>\n<li><strong>Servicio posventa:<\/strong> MRCARTOOL ofrece una garant\u00eda de 48 meses y 7\u00d724 horas de servicio al cliente amigable para asegurar su experiencia de compra. Si usted tiene alguna pregunta acerca de los detectores de fugas EVAP, por favor p\u00f3ngase en contacto con nosotros directamente.<\/li>\n<\/ul>\n<div class=\"flex-shrink-0 flex flex-col relative items-end\">\n<div><\/div>\n<\/div>\n\t\t<\/div>\n\t<\/div>\n\t\n<\/div>\n\t\t<\/div>\n\n\t\t\n<style>\n#section_245588301 {\n  padding-top: 30px;\n  padding-bottom: 30px;\n}\n<\/style>\n\t<\/section>\n\t\n<div class=\"row\"  id=\"row-1804685874\">\n\n\t<div id=\"col-1475867110\" class=\"col medium-6 small-12 large-6\"  >\n\t\t\t\t<div class=\"col-inner\"  >\n\t\t\t\n\t\t\t\n\t<div class=\"img has-hover x md-x lg-x y md-y lg-y\" id=\"image_308825088\">\n\t\t\t\t\t\t\t\t<div class=\"img-inner dark\" >\n\t\t\t<img fetchpriority=\"high\" decoding=\"async\" width=\"1200\" height=\"1200\" src=\"https:\/\/mrcartools.com\/wp-content\/uploads\/2024\/11\/1-3.jpg\" class=\"attachment-original size-original wvs-archive-product-image\" alt=\"\" srcset=\"\/\/mrcartools.com\/wp-content\/uploads\/2024\/11\/1-3.jpg 1200w, \/\/mrcartools.com\/wp-content\/uploads\/2024\/11\/1-3-253x253.jpg 253w, \/\/mrcartools.com\/wp-content\/uploads\/2024\/11\/1-3-100x100.jpg 100w, \/\/mrcartools.com\/wp-content\/uploads\/2024\/11\/1-3-510x510.jpg 510w, \/\/mrcartools.com\/wp-content\/uploads\/2024\/11\/1-3-150x150.jpg 150w, \/\/mrcartools.com\/wp-content\/uploads\/2024\/11\/1-3-768x768.jpg 768w, \/\/mrcartools.com\/wp-content\/uploads\/2024\/11\/1-3-50x50.jpg 50w\" sizes=\"(max-width: 1200px) 100vw, 1200px\" \/>\t\t\t\t\t\t\n\t\t\t\t\t<\/div>\n\t\t\t\t\t\t\t\t\n<style>\n#image_308825088 {\n  width: 100%;\n}\n<\/style>\n\t<\/div>\n\t\n\t\t<\/div>\n\t\t\t\t\t<\/div>\n\n\t\n\n\t<div id=\"col-1149608302\" class=\"col medium-6 small-12 large-6\"  >\n\t\t\t\t<div class=\"col-inner\"  >\n\t\t\t\n\t\t\t\n\t<div class=\"img has-hover x md-x lg-x y md-y lg-y\" id=\"image_108489470\">\n\t\t\t\t\t\t\t\t<div class=\"img-inner dark\" >\n\t\t\t<img decoding=\"async\" width=\"1200\" height=\"1200\" src=\"https:\/\/mrcartools.com\/wp-content\/uploads\/2024\/11\/2-3.jpg\" class=\"attachment-original size-original wvs-archive-product-image\" alt=\"\" srcset=\"\/\/mrcartools.com\/wp-content\/uploads\/2024\/11\/2-3.jpg 1200w, \/\/mrcartools.com\/wp-content\/uploads\/2024\/11\/2-3-253x253.jpg 253w, \/\/mrcartools.com\/wp-content\/uploads\/2024\/11\/2-3-100x100.jpg 100w, \/\/mrcartools.com\/wp-content\/uploads\/2024\/11\/2-3-510x510.jpg 510w, \/\/mrcartools.com\/wp-content\/uploads\/2024\/11\/2-3-150x150.jpg 150w, \/\/mrcartools.com\/wp-content\/uploads\/2024\/11\/2-3-768x768.jpg 768w, \/\/mrcartools.com\/wp-content\/uploads\/2024\/11\/2-3-50x50.jpg 50w\" sizes=\"(max-width: 1200px) 100vw, 1200px\" \/>\t\t\t\t\t\t\n\t\t\t\t\t<\/div>\n\t\t\t\t\t\t\t\t\n<style>\n#image_108489470 {\n  width: 100%;\n}\n<\/style>\n\t<\/div>\n\t\n\t\t<\/div>\n\t\t\t\t\t<\/div>\n\n\t\n<\/div>\n<div class=\"row\"  id=\"row-362727206\">\n\n\t<div id=\"col-28506293\" class=\"col medium-6 small-12 large-6\"  >\n\t\t\t\t<div class=\"col-inner\"  >\n\t\t\t\n\t\t\t\n\t<div class=\"img has-hover x md-x lg-x y md-y lg-y\" id=\"image_887979850\">\n\t\t\t\t\t\t\t\t<div class=\"img-inner dark\" >\n\t\t\t<img loading=\"lazy\" decoding=\"async\" width=\"1200\" height=\"1200\" src=\"https:\/\/mrcartools.com\/wp-content\/uploads\/2024\/11\/3-3.jpg\" class=\"attachment-original size-original wvs-archive-product-image\" alt=\"\" srcset=\"\/\/mrcartools.com\/wp-content\/uploads\/2024\/11\/3-3.jpg 1200w, \/\/mrcartools.com\/wp-content\/uploads\/2024\/11\/3-3-253x253.jpg 253w, \/\/mrcartools.com\/wp-content\/uploads\/2024\/11\/3-3-100x100.jpg 100w, \/\/mrcartools.com\/wp-content\/uploads\/2024\/11\/3-3-510x510.jpg 510w, \/\/mrcartools.com\/wp-content\/uploads\/2024\/11\/3-3-150x150.jpg 150w, \/\/mrcartools.com\/wp-content\/uploads\/2024\/11\/3-3-768x768.jpg 768w, \/\/mrcartools.com\/wp-content\/uploads\/2024\/11\/3-3-50x50.jpg 50w\" sizes=\"(max-width: 1200px) 100vw, 1200px\" \/>\t\t\t\t\t\t\n\t\t\t\t\t<\/div>\n\t\t\t\t\t\t\t\t\n<style>\n#image_887979850 {\n  width: 100%;\n}\n<\/style>\n\t<\/div>\n\t\n\t\t<\/div>\n\t\t\t\t\t<\/div>\n\n\t\n\n\t<div id=\"col-507028027\" class=\"col medium-6 small-12 large-6\"  >\n\t\t\t\t<div class=\"col-inner\"  >\n\t\t\t\n\t\t\t\n\t<div class=\"img has-hover x md-x lg-x y md-y lg-y\" id=\"image_1490474411\">\n\t\t\t\t\t\t\t\t<div class=\"img-inner dark\" >\n\t\t\t<img loading=\"lazy\" decoding=\"async\" width=\"1200\" height=\"1200\" src=\"https:\/\/mrcartools.com\/wp-content\/uploads\/2024\/11\/4-3.jpg\" class=\"attachment-original size-original wvs-archive-product-image\" alt=\"\" srcset=\"\/\/mrcartools.com\/wp-content\/uploads\/2024\/11\/4-3.jpg 1200w, \/\/mrcartools.com\/wp-content\/uploads\/2024\/11\/4-3-253x253.jpg 253w, \/\/mrcartools.com\/wp-content\/uploads\/2024\/11\/4-3-100x100.jpg 100w, \/\/mrcartools.com\/wp-content\/uploads\/2024\/11\/4-3-510x510.jpg 510w, \/\/mrcartools.com\/wp-content\/uploads\/2024\/11\/4-3-150x150.jpg 150w, \/\/mrcartools.com\/wp-content\/uploads\/2024\/11\/4-3-768x768.jpg 768w, \/\/mrcartools.com\/wp-content\/uploads\/2024\/11\/4-3-50x50.jpg 50w\" sizes=\"(max-width: 1200px) 100vw, 1200px\" \/>\t\t\t\t\t\t\n\t\t\t\t\t<\/div>\n\t\t\t\t\t\t\t\t\n<style>\n#image_1490474411 {\n  width: 100%;\n}\n<\/style>\n\t<\/div>\n\t\n\t\t<\/div>\n\t\t\t\t\t<\/div>\n\n\t\n<\/div>\n<div class=\"row\"  id=\"row-1043226689\">\n\n\t<div id=\"col-493547257\" class=\"col medium-6 small-12 large-6\"  >\n\t\t\t\t<div class=\"col-inner\"  >\n\t\t\t\n\t\t\t\n\t<div class=\"img has-hover x md-x lg-x y md-y lg-y\" id=\"image_238005491\">\n\t\t\t\t\t\t\t\t<div class=\"img-inner dark\" >\n\t\t\t<img loading=\"lazy\" decoding=\"async\" width=\"1200\" height=\"1200\" src=\"https:\/\/mrcartools.com\/wp-content\/uploads\/2024\/11\/5-3.jpg\" class=\"attachment-original size-original wvs-archive-product-image\" alt=\"\" srcset=\"\/\/mrcartools.com\/wp-content\/uploads\/2024\/11\/5-3.jpg 1200w, \/\/mrcartools.com\/wp-content\/uploads\/2024\/11\/5-3-253x253.jpg 253w, \/\/mrcartools.com\/wp-content\/uploads\/2024\/11\/5-3-100x100.jpg 100w, \/\/mrcartools.com\/wp-content\/uploads\/2024\/11\/5-3-510x510.jpg 510w, \/\/mrcartools.com\/wp-content\/uploads\/2024\/11\/5-3-150x150.jpg 150w, \/\/mrcartools.com\/wp-content\/uploads\/2024\/11\/5-3-768x768.jpg 768w, \/\/mrcartools.com\/wp-content\/uploads\/2024\/11\/5-3-50x50.jpg 50w\" sizes=\"(max-width: 1200px) 100vw, 1200px\" \/>\t\t\t\t\t\t\n\t\t\t\t\t<\/div>\n\t\t\t\t\t\t\t\t\n<style>\n#image_238005491 {\n  width: 100%;\n}\n<\/style>\n\t<\/div>\n\t\n\t\t<\/div>\n\t\t\t\t\t<\/div>\n\n\t\n\n\t<div id=\"col-1230461981\" class=\"col medium-6 small-12 large-6\"  >\n\t\t\t\t<div class=\"col-inner\"  >\n\t\t\t\n\t\t\t\n\t<div class=\"img has-hover x md-x lg-x y md-y lg-y\" id=\"image_754417314\">\n\t\t\t\t\t\t\t\t<div class=\"img-inner dark\" >\n\t\t\t<img loading=\"lazy\" decoding=\"async\" width=\"1200\" height=\"1200\" src=\"https:\/\/mrcartools.com\/wp-content\/uploads\/2024\/11\/6-3.jpg\" class=\"attachment-original size-original wvs-archive-product-image\" alt=\"\" srcset=\"\/\/mrcartools.com\/wp-content\/uploads\/2024\/11\/6-3.jpg 1200w, \/\/mrcartools.com\/wp-content\/uploads\/2024\/11\/6-3-253x253.jpg 253w, \/\/mrcartools.com\/wp-content\/uploads\/2024\/11\/6-3-100x100.jpg 100w, \/\/mrcartools.com\/wp-content\/uploads\/2024\/11\/6-3-510x510.jpg 510w, \/\/mrcartools.com\/wp-content\/uploads\/2024\/11\/6-3-150x150.jpg 150w, \/\/mrcartools.com\/wp-content\/uploads\/2024\/11\/6-3-768x768.jpg 768w, \/\/mrcartools.com\/wp-content\/uploads\/2024\/11\/6-3-50x50.jpg 50w\" sizes=\"(max-width: 1200px) 100vw, 1200px\" \/>\t\t\t\t\t\t\n\t\t\t\t\t<\/div>\n\t\t\t\t\t\t\t\t\n<style>\n#image_754417314 {\n  width: 100%;\n}\n<\/style>\n\t<\/div>\n\t\n\t\t<\/div>\n\t\t\t\t\t<\/div>\n\n\t\n<\/div>","protected":false},"excerpt":{"rendered":"<ul>\n<li><strong>Amplia aplicabilidad:<\/strong> aplicable a todos los veh\u00edculos con sistema de bater\u00eda de 24 V, compatible con diversos dispositivos de 12 V.<\/li>\n<li><strong>Proteja su dispositivo<\/strong>: El adaptador garantiza que su dispositivo reciba una tensi\u00f3n estable de 12 V, evitando da\u00f1os causados por sobretensi\u00f3n o subtensi\u00f3n.<\/li>\n<li><strong>Servicio postventa:<\/strong>\u00a048 meses de garant\u00eda y 7\u00d724 horas de amable servicio de atenci\u00f3n al cliente para garantizar su experiencia de compra.<a href=\"https:\/\/api.whatsapp.com\/send\/?phone=%2B8618923768146&amp;text=onlinesupport\"><strong>Soporte en l\u00ednea&gt;&gt;<\/strong><\/a><\/li>\n<\/ul>","protected":false},"featured_media":5595,"template":"","meta":[],"product_brand":[],"product_cat":[117],"product_tag":[],"class_list":{"0":"post-5574","1":"product","2":"type-product","3":"status-publish","4":"has-post-thumbnail","6":"product_cat-obd-cables-connectors","8":"first","9":"instock","10":"shipping-taxable","11":"product-type-variable","12":"wvs-archive-product-wrapper"},"yoast_head":"<!-- This site is optimized with the Yoast SEO Premium plugin v24.4 (Yoast SEO v24.4) - https:\/\/yoast.com\/wordpress\/plugins\/seo\/ -->\n<title>MRCARTOOL OBD Power Adapter 24V to 12V - Mrcartool<\/title>\n<meta name=\"description\" content=\"MRCARTOOL OBD power adapter is widely used in large trucks, commercial vehicles and other vehicles with 24V battery system, providing stable 12V output.\" \/>\n<meta name=\"robots\" content=\"index, follow, max-snippet:-1, max-image-preview:large, max-video-preview:-1\" \/>\n<link rel=\"canonical\" href=\"https:\/\/mrcartools.com\/es\/producto\/mr-cartool-obd-power-adapter-24v-to-12v\/\" \/>\n<meta property=\"og:locale\" content=\"es_MX\" \/>\n<meta property=\"og:type\" content=\"article\" \/>\n<meta property=\"og:title\" content=\"MRCARTOOL OBD Power Adapter 24V to 12V\" \/>\n<meta property=\"og:description\" content=\"MRCARTOOL OBD power adapter is widely used in large trucks, commercial vehicles and other vehicles with 24V battery system, providing stable 12V output.\" \/>\n<meta property=\"og:url\" content=\"https:\/\/mrcartools.com\/es\/producto\/mr-cartool-obd-power-adapter-24v-to-12v\/\" \/>\n<meta property=\"og:site_name\" content=\"Mrcartool\" \/>\n<meta property=\"article:modified_time\" content=\"2025-07-22T03:02:06+00:00\" \/>\n<meta property=\"og:image\" content=\"https:\/\/mrcartools.com\/wp-content\/uploads\/2024\/11\/1-1.jpg\" \/>\n\t<meta property=\"og:image:width\" content=\"1500\" \/>\n\t<meta property=\"og:image:height\" content=\"1500\" \/>\n\t<meta property=\"og:image:type\" content=\"image\/jpeg\" \/>\n<meta name=\"twitter:card\" content=\"summary_large_image\" \/>\n<meta name=\"twitter:label1\" content=\"Tiempo de lectura\" \/>\n\t<meta name=\"twitter:data1\" content=\"3 minutos\" \/>\n<script type=\"application\/ld+json\" class=\"yoast-schema-graph\">{\"@context\":\"https:\/\/schema.org\",\"@graph\":[{\"@type\":\"WebPage\",\"@id\":\"https:\/\/mrcartools.com\/product\/mr-cartool-obd-power-adapter-24v-to-12v\/\",\"url\":\"https:\/\/mrcartools.com\/product\/mr-cartool-obd-power-adapter-24v-to-12v\/\",\"name\":\"MRCARTOOL OBD Power Adapter 24V to 12V - Mrcartool\",\"isPartOf\":{\"@id\":\"https:\/\/mrcartools.com\/#website\"},\"primaryImageOfPage\":{\"@id\":\"https:\/\/mrcartools.com\/product\/mr-cartool-obd-power-adapter-24v-to-12v\/#primaryimage\"},\"image\":{\"@id\":\"https:\/\/mrcartools.com\/product\/mr-cartool-obd-power-adapter-24v-to-12v\/#primaryimage\"},\"thumbnailUrl\":\"https:\/\/mrcartools.com\/wp-content\/uploads\/2024\/11\/1-1.jpg\",\"datePublished\":\"2024-11-05T08:17:59+00:00\",\"dateModified\":\"2025-07-22T03:02:06+00:00\",\"description\":\"MRCARTOOL OBD power adapter is widely used in large trucks, commercial vehicles and other vehicles with 24V battery system, providing stable 12V output.\",\"breadcrumb\":{\"@id\":\"https:\/\/mrcartools.com\/product\/mr-cartool-obd-power-adapter-24v-to-12v\/#breadcrumb\"},\"inLanguage\":\"es\",\"potentialAction\":[{\"@type\":\"ReadAction\",\"target\":[\"https:\/\/mrcartools.com\/product\/mr-cartool-obd-power-adapter-24v-to-12v\/\"]}]},{\"@type\":\"ImageObject\",\"inLanguage\":\"es\",\"@id\":\"https:\/\/mrcartools.com\/product\/mr-cartool-obd-power-adapter-24v-to-12v\/#primaryimage\",\"url\":\"https:\/\/mrcartools.com\/wp-content\/uploads\/2024\/11\/1-1.jpg\",\"contentUrl\":\"https:\/\/mrcartools.com\/wp-content\/uploads\/2024\/11\/1-1.jpg\",\"width\":1500,\"height\":1500},{\"@type\":\"BreadcrumbList\",\"@id\":\"https:\/\/mrcartools.com\/product\/mr-cartool-obd-power-adapter-24v-to-12v\/#breadcrumb\",\"itemListElement\":[{\"@type\":\"ListItem\",\"position\":1,\"name\":\"Home\",\"item\":\"https:\/\/mrcartools.com\/\"},{\"@type\":\"ListItem\",\"position\":2,\"name\":\"Shop\",\"item\":\"https:\/\/mrcartools.com\/shop-2\/\"},{\"@type\":\"ListItem\",\"position\":3,\"name\":\"MRCARTOOL OBD Power Adapter 24V to 12V\"}]},{\"@type\":\"WebSite\",\"@id\":\"https:\/\/mrcartools.com\/#website\",\"url\":\"https:\/\/mrcartools.com\/\",\"name\":\"MRCARTOOL\",\"description\":\"MRCARTOOL Official Website\",\"publisher\":{\"@id\":\"https:\/\/mrcartools.com\/#organization\"},\"potentialAction\":[{\"@type\":\"SearchAction\",\"target\":{\"@type\":\"EntryPoint\",\"urlTemplate\":\"https:\/\/mrcartools.com\/?s={search_term_string}\"},\"query-input\":{\"@type\":\"PropertyValueSpecification\",\"valueRequired\":true,\"valueName\":\"search_term_string\"}}],\"inLanguage\":\"es\"},{\"@type\":\"Organization\",\"@id\":\"https:\/\/mrcartools.com\/#organization\",\"name\":\"MRCARTOOL\",\"url\":\"https:\/\/mrcartools.com\/\",\"logo\":{\"@type\":\"ImageObject\",\"inLanguage\":\"es\",\"@id\":\"https:\/\/mrcartools.com\/#\/schema\/logo\/image\/\",\"url\":\"https:\/\/mrcartools.com\/wp-content\/uploads\/2023\/07\/\u4e0a\u4f73\u6c7d\u8f66\u5de5\u5177-LOGO-2.png\",\"contentUrl\":\"https:\/\/mrcartools.com\/wp-content\/uploads\/2023\/07\/\u4e0a\u4f73\u6c7d\u8f66\u5de5\u5177-LOGO-2.png\",\"width\":1800,\"height\":402,\"caption\":\"MRCARTOOL\"},\"image\":{\"@id\":\"https:\/\/mrcartools.com\/#\/schema\/logo\/image\/\"}}]}<\/script>\n<!-- \/ Yoast SEO Premium plugin. -->","yoast_head_json":{"title":"MRCARTOOL OBD Power Adapter 24V to 12V - Mrcartool","description":"MRCARTOOL OBD power adapter is widely used in large trucks, commercial vehicles and other vehicles with 24V battery system, providing stable 12V output.","robots":{"index":"index","follow":"follow","max-snippet":"max-snippet:-1","max-image-preview":"max-image-preview:large","max-video-preview":"max-video-preview:-1"},"canonical":"https:\/\/mrcartools.com\/es\/producto\/mr-cartool-obd-power-adapter-24v-to-12v\/","og_locale":"es_MX","og_type":"article","og_title":"MRCARTOOL OBD Power Adapter 24V to 12V","og_description":"MRCARTOOL OBD power adapter is widely used in large trucks, commercial vehicles and other vehicles with 24V battery system, providing stable 12V output.","og_url":"https:\/\/mrcartools.com\/es\/producto\/mr-cartool-obd-power-adapter-24v-to-12v\/","og_site_name":"Mrcartool","article_modified_time":"2025-07-22T03:02:06+00:00","og_image":[{"width":1500,"height":1500,"url":"https:\/\/mrcartools.com\/wp-content\/uploads\/2024\/11\/1-1.jpg","type":"image\/jpeg"}],"twitter_card":"summary_large_image","twitter_misc":{"Tiempo de lectura":"3 minutos"},"schema":{"@context":"https:\/\/schema.org","@graph":[{"@type":"WebPage","@id":"https:\/\/mrcartools.com\/product\/mr-cartool-obd-power-adapter-24v-to-12v\/","url":"https:\/\/mrcartools.com\/product\/mr-cartool-obd-power-adapter-24v-to-12v\/","name":"MRCARTOOL OBD Power Adapter 24V to 12V - Mrcartool","isPartOf":{"@id":"https:\/\/mrcartools.com\/#website"},"primaryImageOfPage":{"@id":"https:\/\/mrcartools.com\/product\/mr-cartool-obd-power-adapter-24v-to-12v\/#primaryimage"},"image":{"@id":"https:\/\/mrcartools.com\/product\/mr-cartool-obd-power-adapter-24v-to-12v\/#primaryimage"},"thumbnailUrl":"https:\/\/mrcartools.com\/wp-content\/uploads\/2024\/11\/1-1.jpg","datePublished":"2024-11-05T08:17:59+00:00","dateModified":"2025-07-22T03:02:06+00:00","description":"MRCARTOOL OBD power adapter is widely used in large trucks, commercial vehicles and other vehicles with 24V battery system, providing stable 12V output.","breadcrumb":{"@id":"https:\/\/mrcartools.com\/product\/mr-cartool-obd-power-adapter-24v-to-12v\/#breadcrumb"},"inLanguage":"es","potentialAction":[{"@type":"ReadAction","target":["https:\/\/mrcartools.com\/product\/mr-cartool-obd-power-adapter-24v-to-12v\/"]}]},{"@type":"ImageObject","inLanguage":"es","@id":"https:\/\/mrcartools.com\/product\/mr-cartool-obd-power-adapter-24v-to-12v\/#primaryimage","url":"https:\/\/mrcartools.com\/wp-content\/uploads\/2024\/11\/1-1.jpg","contentUrl":"https:\/\/mrcartools.com\/wp-content\/uploads\/2024\/11\/1-1.jpg","width":1500,"height":1500},{"@type":"BreadcrumbList","@id":"https:\/\/mrcartools.com\/product\/mr-cartool-obd-power-adapter-24v-to-12v\/#breadcrumb","itemListElement":[{"@type":"ListItem","position":1,"name":"Home","item":"https:\/\/mrcartools.com\/"},{"@type":"ListItem","position":2,"name":"Shop","item":"https:\/\/mrcartools.com\/shop-2\/"},{"@type":"ListItem","position":3,"name":"MRCARTOOL OBD Power Adapter 24V to 12V"}]},{"@type":"WebSite","@id":"https:\/\/mrcartools.com\/#website","url":"https:\/\/mrcartools.com\/","name":"MRCARTOOL","description":"Sitio web oficial de MRCARTOOL","publisher":{"@id":"https:\/\/mrcartools.com\/#organization"},"potentialAction":[{"@type":"SearchAction","target":{"@type":"EntryPoint","urlTemplate":"https:\/\/mrcartools.com\/?s={search_term_string}"},"query-input":{"@type":"PropertyValueSpecification","valueRequired":true,"valueName":"search_term_string"}}],"inLanguage":"es"},{"@type":"Organization","@id":"https:\/\/mrcartools.com\/#organization","name":"MRCARTOOL","url":"https:\/\/mrcartools.com\/","logo":{"@type":"ImageObject","inLanguage":"es","@id":"https:\/\/mrcartools.com\/#\/schema\/logo\/image\/","url":"https:\/\/mrcartools.com\/wp-content\/uploads\/2023\/07\/\u4e0a\u4f73\u6c7d\u8f66\u5de5\u5177-LOGO-2.png","contentUrl":"https:\/\/mrcartools.com\/wp-content\/uploads\/2023\/07\/\u4e0a\u4f73\u6c7d\u8f66\u5de5\u5177-LOGO-2.png","width":1800,"height":402,"caption":"MRCARTOOL"},"image":{"@id":"https:\/\/mrcartools.com\/#\/schema\/logo\/image\/"}}]}},"_links":{"self":[{"href":"https:\/\/mrcartools.com\/es\/wp-json\/wp\/v2\/product\/5574","targetHints":{"allow":["GET"]}}],"collection":[{"href":"https:\/\/mrcartools.com\/es\/wp-json\/wp\/v2\/product"}],"about":[{"href":"https:\/\/mrcartools.com\/es\/wp-json\/wp\/v2\/types\/product"}],"version-history":[{"count":0,"href":"https:\/\/mrcartools.com\/es\/wp-json\/wp\/v2\/product\/5574\/revisions"}],"wp:featuredmedia":[{"embeddable":true,"href":"https:\/\/mrcartools.com\/es\/wp-json\/wp\/v2\/media\/5595"}],"wp:attachment":[{"href":"https:\/\/mrcartools.com\/es\/wp-json\/wp\/v2\/media?parent=5574"}],"wp:term":[{"taxonomy":"product_brand","embeddable":true,"href":"https:\/\/mrcartools.com\/es\/wp-json\/wp\/v2\/product_brand?post=5574"},{"taxonomy":"product_cat","embeddable":true,"href":"https:\/\/mrcartools.com\/es\/wp-json\/wp\/v2\/product_cat?post=5574"},{"taxonomy":"product_tag","embeddable":true,"href":"https:\/\/mrcartools.com\/es\/wp-json\/wp\/v2\/product_tag?post=5574"}],"curies":[{"name":"wp","href":"https:\/\/api.w.org\/{rel}","templated":true}]}}