{"id":8214,"date":"2025-03-11T03:35:07","date_gmt":"2025-03-11T03:35:07","guid":{"rendered":"https:\/\/mrcartools.com\/?post_type=product&#038;p=8214"},"modified":"2025-03-11T06:06:54","modified_gmt":"2025-03-11T06:06:54","slug":"ford-timing-tool-kit-ford-camshaft-holding-tool","status":"publish","type":"product","link":"https:\/\/mrcartools.com\/es\/producto\/ford-timing-tool-kit-ford-camshaft-holding-tool\/","title":{"rendered":"Kit de herramientas de sincronizaci\u00f3n Ford Herramienta de sujeci\u00f3n del \u00e1rbol de levas Ford"},"content":{"rendered":"<section class=\"section\" id=\"section_1782252412\">\n\t\t<div class=\"section-bg fill\" >\n\t\t\t\t\t\t\t\t\t\n\t\t\t\n\n\t\t<\/div>\n\n\t\t\n\n\t\t<div class=\"section-content relative\">\n\t\t\t\n<div class=\"row\"  id=\"row-36225404\">\n<p hidden=\"\">Kit de recarga de refrigerante al vac\u00edo<\/p>\n\n\t<div id=\"col-1412858794\" class=\"col small-12 large-12\"  >\n\t\t\t\t<div class=\"col-inner\"  >\n\t\t\t\n\t\t\t\n<h3><strong style=\"font-size: 20.16px; color: #333333;\">Ford Timing Tool Kit se utilizan para garantizar una instalaci\u00f3n y ajuste precisos del sistema de sincronizaci\u00f3n del motor. Sistema de sincronizaci\u00f3n es la parte central del motor, lo que afecta directamente a su potencia, eficiencia de combustible y la estabilidad operativa.<\/strong><\/h3>\n<div class=\"_segment_11wth_1\">\n<div class=\"_content_zpgxp_1\">\n<h3 class=\"_markdown_hsyph_1\"><strong>Con la Herramienta de Sujeci\u00f3n del \u00c1rbol de Levas Ford, puede sustituir y alinear f\u00e1cilmente la correa o cadena de distribuci\u00f3n, evitando da\u00f1os en el motor causados por errores de sincronizaci\u00f3n, como colisiones pist\u00f3n-v\u00e1lvula y otros problemas graves. Es la mejor opci\u00f3n para los talleres de reparaci\u00f3n.<\/strong><\/h3>\n<\/div>\n<\/div>\n<div class=\"detailmodule_image\">\n<div class=\"row\"  id=\"row-1437242120\">\n\n\t<div id=\"col-328950581\" class=\"col small-12 large-12\"  >\n\t\t\t\t<div class=\"col-inner\"  >\n\t\t\t\n\t\t\t\n\n\t<a class=\"plain\" href=\"https:\/\/api.whatsapp.com\/send\/?phone=%2B8618923768146&#038;text=onlinesupport\" target=\"_blank\" rel=\"noopener\" >\t<div class=\"icon-box featured-box icon-box-center text-center\"  >\n\t\t\t\t\t<div class=\"icon-box-img\" style=\"width: 54px\">\n\t\t\t\t<div class=\"icon\">\n\t\t\t\t\t<div class=\"icon-inner\" >\n\t\t\t\t\t\t<img decoding=\"async\" width=\"128\" height=\"128\" src=\"https:\/\/mrcartools.com\/wp-content\/uploads\/2022\/03\/\u5bfb\u627e\u641c\u7d22_333333_128_21559135.png\" class=\"attachment-medium size-medium wvs-archive-product-image\" alt=\"\" srcset=\"\/\/mrcartools.com\/wp-content\/uploads\/2022\/03\/\u5bfb\u627e\u641c\u7d22_333333_128_21559135.png 128w, \/\/mrcartools.com\/wp-content\/uploads\/2022\/03\/\u5bfb\u627e\u641c\u7d22_333333_128_21559135-100x100.png 100w, \/\/mrcartools.com\/wp-content\/uploads\/2022\/03\/\u5bfb\u627e\u641c\u7d22_333333_128_21559135-50x50.png 50w\" sizes=\"(max-width: 128px) 100vw, 128px\" \/>\t\t\t\t\t<\/div>\n\t\t\t\t<\/div>\n\t\t\t<\/div>\n\t\t\t\t<div class=\"icon-box-text last-reset\">\n\t\t\t\t\t\t\t\t\t\n\t<div id=\"text-3305665993\" class=\"text\">\n\t\t\n<h3><a href=\"https:\/\/api.whatsapp.com\/send\/?phone=%2B8618923768146&amp;text=onlinesupport\"><em><strong>Centro de ayuda<\/strong><\/em><\/a><\/h3>\n\t\t\n<style>\n#text-3305665993 {\n  font-size: 0.9rem;\n}\n<\/style>\n\t<\/div>\n\t\n\t\t<\/div>\n\t<\/div>\n\t<\/a>\n\t\n\t\t<\/div>\n\t\t\t\t\t<\/div>\n\n\t\n<\/div>\n<div class=\"accordion\">\n\t<div id=\"accordion-4292245894\" class=\"accordion-item\">\n\t\t<a id=\"accordion-4292245894-label\" class=\"accordion-title plain active\" href=\"#accordion-item-\ud83d\udcddwarm-tips\" aria-expanded=\"true\" aria-controls=\"accordion-4292245894-content\">\n\t\t\t<button class=\"toggle\" aria-label=\"Toggle\"><i class=\"icon-angle-down\" aria-hidden=\"true\"><\/i><\/button>\n\t\t\t<span>\ud83d\udcddConsejos<\/span>\n\t\t<\/a>\n\t\t<div id=\"accordion-4292245894-content\" class=\"accordion-inner\" style=\"display: block;\" aria-labelledby=\"accordion-4292245894-label\">\n\t\t\t\n<ul>\n<li>Aseg\u00farese de que la herramienta es adecuada para su modelo de motor para evitar problemas de incompatibilidad.<\/li>\n<li>Aseg\u00farese de que el compartimento del motor est\u00e1 limpio para evitar que entre polvo.<\/li>\n<li>Desconecte el borne negativo de la bater\u00eda antes de ponerlo en marcha para evitar arranques accidentales.<\/li>\n<li>Desmonte paso a paso seg\u00fan el manual para evitar omisiones o errores.<\/li>\n<\/ul>\n\t\t<\/div>\n\t<\/div>\n\t\n<\/div>\n\t\t<\/div>\n\t\t\t\t\t<\/div>\n\n\t\n<\/div>\n\t\t<\/div>\n\n\t\t\n<style>\n#section_1782252412 {\n  padding-top: 0px;\n  padding-bottom: 0px;\n}\n<\/style>\n\t<\/section>\n\t\n<h3 style=\"text-align: center;\"><b>MRCARTOOL Ford Timing Tool Kit Caracter\u00edsticas<\/b><\/h3>\n<div class=\"accordion\">\n\t<div id=\"accordion-3514436433\" class=\"accordion-item\">\n\t\t<a id=\"accordion-3514436433-label\" class=\"accordion-title plain active\" href=\"#accordion-item-features\" aria-expanded=\"true\" aria-controls=\"accordion-3514436433-content\">\n\t\t\t<button class=\"toggle\" aria-label=\"Toggle\"><i class=\"icon-angle-down\" aria-hidden=\"true\"><\/i><\/button>\n\t\t\t<span>Caracter\u00edsticas<\/span>\n\t\t<\/a>\n\t\t<div id=\"accordion-3514436433-content\" class=\"accordion-inner\" style=\"display: block;\" aria-labelledby=\"accordion-3514436433-label\">\n\t\t\t\n<ul>\n<li>\n<div><strong>Posicionamiento preciso:<\/strong> La Herramienta de Sujeci\u00f3n del \u00c1rbol de Levas Ford est\u00e1 especialmente dise\u00f1ada para los motores Ford para asegurar posiciones precisas del \u00e1rbol de levas y del cig\u00fce\u00f1al, garantizando un ajuste perfecto del sistema de distribuci\u00f3n.<\/div>\n<\/li>\n<li>\n<div><strong>Instalaci\u00f3n eficiente:<\/strong> Simplifica la instalaci\u00f3n de la correa o cadena de distribuci\u00f3n, reduce el tiempo de funcionamiento y mejora la eficacia del mantenimiento.<\/div>\n<\/li>\n<li>\n<div><strong>Prevenci\u00f3n de da\u00f1os:<\/strong> Kit de herramientas de sincronizaci\u00f3n Ford que evita da\u00f1os en las piezas internas del motor causados por una sincronizaci\u00f3n desalineada, ahorrando elevados costes de reparaci\u00f3n.<\/div>\n<\/li>\n<li>\n<div><strong>Material duradero:<\/strong> Hecho de material de alta resistencia, duradero y adecuado para tiendas de reparaci\u00f3n profesional o uso personal.<\/div>\n<\/li>\n<li>\n<div><strong>Gran compatibilidad:<\/strong> Adecuado para una variedad de modelos Ford, para satisfacer las necesidades de reparaci\u00f3n de distribuci\u00f3n de diferentes modelos de motor.<\/div>\n<div><\/div>\n<\/li>\n<li><strong>Garant\u00eda:<\/strong> MRCARTOOL ofrece una garant\u00eda de 24 meses y 7\u00d724 horas de amable servicio al cliente para asegurar su experiencia de compra.<\/li>\n<\/ul>\n<a href=\"https:\/\/api.whatsapp.com\/send\/?phone=%2B8618923768146&#038;text=onlinesupport\" target=\"_blank\" class=\"button primary is-outline is-smaller\" rel=\"noopener\" style=\"border-radius:30px;\">\n\t\t<span>asistencia en l\u00ednea<\/span>\n\t<\/a>\n\n\t\t<\/div>\n\t<\/div>\n\t\n<\/div>\n\n\t<section class=\"section\" id=\"section_2069180501\">\n\t\t<div class=\"section-bg fill\" >\n\t\t\t\t\t\t\t\t\t\n\t\t\t\n\n\t\t<\/div>\n\n\t\t\n\n\t\t<div class=\"section-content relative\">\n\t\t\t\n<div class=\"row\"  id=\"row-544196439\">\n\n\t<div id=\"col-895209046\" class=\"col medium-6 small-12 large-6\"  >\n\t\t\t\t<div class=\"col-inner\"  >\n\t\t\t\n\t\t\t\n\t<div class=\"img has-hover x md-x lg-x y md-y lg-y\" id=\"image_764446300\">\n\t\t\t\t\t\t\t\t<div class=\"img-inner dark\" >\n\t\t\t<img fetchpriority=\"high\" decoding=\"async\" width=\"800\" height=\"800\" src=\"https:\/\/mrcartools.com\/wp-content\/uploads\/2025\/03\/1eef596d-5ef0-356f-52c0-3f51fbc773dc.jpg\" class=\"attachment-original size-original wvs-archive-product-image\" alt=\"\" srcset=\"\/\/mrcartools.com\/wp-content\/uploads\/2025\/03\/1eef596d-5ef0-356f-52c0-3f51fbc773dc.jpg 800w, \/\/mrcartools.com\/wp-content\/uploads\/2025\/03\/1eef596d-5ef0-356f-52c0-3f51fbc773dc-150x150.jpg 150w, \/\/mrcartools.com\/wp-content\/uploads\/2025\/03\/1eef596d-5ef0-356f-52c0-3f51fbc773dc-768x768.jpg 768w, \/\/mrcartools.com\/wp-content\/uploads\/2025\/03\/1eef596d-5ef0-356f-52c0-3f51fbc773dc-253x253.jpg 253w, \/\/mrcartools.com\/wp-content\/uploads\/2025\/03\/1eef596d-5ef0-356f-52c0-3f51fbc773dc-510x510.jpg 510w, \/\/mrcartools.com\/wp-content\/uploads\/2025\/03\/1eef596d-5ef0-356f-52c0-3f51fbc773dc-100x100.jpg 100w, \/\/mrcartools.com\/wp-content\/uploads\/2025\/03\/1eef596d-5ef0-356f-52c0-3f51fbc773dc-50x50.jpg 50w\" sizes=\"(max-width: 800px) 100vw, 800px\" \/>\t\t\t\t\t\t\n\t\t\t\t\t<\/div>\n\t\t\t\t\t\t\t\t\n<style>\n#image_764446300 {\n  width: 100%;\n}\n<\/style>\n\t<\/div>\n\t\n\t\t<\/div>\n\t\t\t\t\t<\/div>\n\n\t\n\n\t<div id=\"col-213458652\" class=\"col medium-6 small-12 large-6\"  >\n\t\t\t\t<div class=\"col-inner\"  >\n\t\t\t\n\t\t\t\n\t<div class=\"img has-hover x md-x lg-x y md-y lg-y\" id=\"image_332114292\">\n\t\t\t\t\t\t\t\t<div class=\"img-inner dark\" >\n\t\t\t<img decoding=\"async\" width=\"800\" height=\"800\" src=\"https:\/\/mrcartools.com\/wp-content\/uploads\/2025\/03\/1289a63c-debd-8666-0901-9ee26608e7b3.jpg\" class=\"attachment-original size-original wvs-archive-product-image\" alt=\"\" srcset=\"\/\/mrcartools.com\/wp-content\/uploads\/2025\/03\/1289a63c-debd-8666-0901-9ee26608e7b3.jpg 800w, \/\/mrcartools.com\/wp-content\/uploads\/2025\/03\/1289a63c-debd-8666-0901-9ee26608e7b3-150x150.jpg 150w, \/\/mrcartools.com\/wp-content\/uploads\/2025\/03\/1289a63c-debd-8666-0901-9ee26608e7b3-768x768.jpg 768w, \/\/mrcartools.com\/wp-content\/uploads\/2025\/03\/1289a63c-debd-8666-0901-9ee26608e7b3-253x253.jpg 253w, \/\/mrcartools.com\/wp-content\/uploads\/2025\/03\/1289a63c-debd-8666-0901-9ee26608e7b3-510x510.jpg 510w, \/\/mrcartools.com\/wp-content\/uploads\/2025\/03\/1289a63c-debd-8666-0901-9ee26608e7b3-100x100.jpg 100w, \/\/mrcartools.com\/wp-content\/uploads\/2025\/03\/1289a63c-debd-8666-0901-9ee26608e7b3-50x50.jpg 50w\" sizes=\"(max-width: 800px) 100vw, 800px\" \/>\t\t\t\t\t\t\n\t\t\t\t\t<\/div>\n\t\t\t\t\t\t\t\t\n<style>\n#image_332114292 {\n  width: 100%;\n}\n<\/style>\n\t<\/div>\n\t\n\t\t<\/div>\n\t\t\t\t\t<\/div>\n\n\t\n<\/div>\n<div class=\"row\"  id=\"row-1050918332\">\n\n\t<div id=\"col-2043521149\" class=\"col small-12 large-12\"  >\n\t\t\t\t<div class=\"col-inner\"  >\n\t\t\t\n\t\t\t\n<h3><strong>Lista de embalaje :<\/strong><\/h3>\n\t<div class=\"img has-hover x md-x lg-x y md-y lg-y\" id=\"image_1030103870\">\n\t\t\t\t\t\t\t\t<div class=\"img-inner dark\" >\n\t\t\t<img loading=\"lazy\" decoding=\"async\" width=\"800\" height=\"800\" src=\"https:\/\/mrcartools.com\/wp-content\/uploads\/2025\/03\/a47b6e43-e275-8742-e403-f291f4cc58d1.jpg\" class=\"attachment-original size-original wvs-archive-product-image\" alt=\"\" srcset=\"\/\/mrcartools.com\/wp-content\/uploads\/2025\/03\/a47b6e43-e275-8742-e403-f291f4cc58d1.jpg 800w, \/\/mrcartools.com\/wp-content\/uploads\/2025\/03\/a47b6e43-e275-8742-e403-f291f4cc58d1-150x150.jpg 150w, \/\/mrcartools.com\/wp-content\/uploads\/2025\/03\/a47b6e43-e275-8742-e403-f291f4cc58d1-768x768.jpg 768w, \/\/mrcartools.com\/wp-content\/uploads\/2025\/03\/a47b6e43-e275-8742-e403-f291f4cc58d1-253x253.jpg 253w, \/\/mrcartools.com\/wp-content\/uploads\/2025\/03\/a47b6e43-e275-8742-e403-f291f4cc58d1-510x510.jpg 510w, \/\/mrcartools.com\/wp-content\/uploads\/2025\/03\/a47b6e43-e275-8742-e403-f291f4cc58d1-100x100.jpg 100w, \/\/mrcartools.com\/wp-content\/uploads\/2025\/03\/a47b6e43-e275-8742-e403-f291f4cc58d1-50x50.jpg 50w\" sizes=\"(max-width: 800px) 100vw, 800px\" \/>\t\t\t\t\t\t\n\t\t\t\t\t<\/div>\n\t\t\t\t\t\t\t\t\n<style>\n#image_1030103870 {\n  width: 100%;\n}\n<\/style>\n\t<\/div>\n\t\n\t\t<\/div>\n\t\t\t\t\t<\/div>\n\n\t\n<\/div>\n\t\t<\/div>\n\n\t\t\n<style>\n#section_2069180501 {\n  padding-top: 30px;\n  padding-bottom: 30px;\n}\n<\/style>\n\t<\/section>\n\t\n<\/p><\/div>\n<p>&nbsp;<\/p>","protected":false},"excerpt":{"rendered":"<ul>\n<li>\n<div><strong>Posicionamiento preciso:<\/strong> El kit de herramientas de sincronizaci\u00f3n Ford est\u00e1 especialmente dise\u00f1ado para los motores Ford para asegurar la precisi\u00f3n de las posiciones del \u00e1rbol de levas y del cig\u00fce\u00f1al, garantizando una perfecta coincidencia del sistema de sincronizaci\u00f3n.<\/div>\n<\/li>\n<li>\n<div><strong>Instalaci\u00f3n eficiente:<\/strong> Simplifica la instalaci\u00f3n de la correa o cadena de distribuci\u00f3n, reduce el tiempo de funcionamiento y mejora la eficacia del mantenimiento.<\/div>\n<\/li>\n<li>\n<div><strong>Gran compatibilidad:<\/strong> Adecuado para una variedad de modelos Ford, para satisfacer las necesidades de reparaci\u00f3n de distribuci\u00f3n de diferentes modelos de motor.<\/div>\n<\/li>\n<\/ul>","protected":false},"featured_media":8217,"template":"","meta":[],"product_brand":[],"product_cat":[137],"product_tag":[],"class_list":{"0":"post-8214","1":"product","2":"type-product","3":"status-publish","4":"has-post-thumbnail","6":"product_cat-timing-tool","7":"product_shipping_class-weight","8":"pa_ship-from-china","9":"pa_ship-from-germany","10":"pa_ship-from-united-kingdom","11":"pa_ship-from-united-states","13":"first","14":"instock","15":"shipping-taxable","16":"product-type-variable","17":"wvs-archive-product-wrapper"},"yoast_head":"<!-- This site is optimized with the Yoast SEO Premium plugin v24.4 (Yoast SEO v24.4) - https:\/\/yoast.com\/wordpress\/plugins\/seo\/ -->\n<title>Ford Timing Tool Kit Ford Camshaft Holding Tool\u200b - Mrcartool<\/title>\n<meta name=\"description\" content=\"With the Ford Timing Kit, you can easily replace and align your timing belt or chain to avoid engine damage caused by timing errors.Ford Timing Tool Kit\" \/>\n<meta name=\"robots\" content=\"index, follow, max-snippet:-1, max-image-preview:large, max-video-preview:-1\" \/>\n<link rel=\"canonical\" href=\"https:\/\/mrcartools.com\/es\/producto\/ford-timing-tool-kit-ford-camshaft-holding-tool\/\" \/>\n<meta property=\"og:locale\" content=\"es_MX\" \/>\n<meta property=\"og:type\" content=\"article\" \/>\n<meta property=\"og:title\" content=\"Ford Timing Tool Kit Ford Camshaft Holding Tool\u200b\" \/>\n<meta property=\"og:description\" content=\"With the Ford Timing Kit, you can easily replace and align your timing belt or chain to avoid engine damage caused by timing errors.Ford Timing Tool Kit\" \/>\n<meta property=\"og:url\" content=\"https:\/\/mrcartools.com\/es\/producto\/ford-timing-tool-kit-ford-camshaft-holding-tool\/\" \/>\n<meta property=\"og:site_name\" content=\"Mrcartool\" \/>\n<meta property=\"article:modified_time\" content=\"2025-03-11T06:06:54+00:00\" \/>\n<meta property=\"og:image\" content=\"https:\/\/mrcartools.com\/wp-content\/uploads\/2025\/03\/a47b6e43-e275-8742-e403-f291f4cc58d1.jpg\" \/>\n\t<meta property=\"og:image:width\" content=\"800\" \/>\n\t<meta property=\"og:image:height\" content=\"800\" \/>\n\t<meta property=\"og:image:type\" content=\"image\/jpeg\" \/>\n<meta name=\"twitter:card\" content=\"summary_large_image\" \/>\n<meta name=\"twitter:label1\" content=\"Tiempo de lectura\" \/>\n\t<meta name=\"twitter:data1\" content=\"2 minutos\" \/>\n<script type=\"application\/ld+json\" class=\"yoast-schema-graph\">{\"@context\":\"https:\/\/schema.org\",\"@graph\":[{\"@type\":\"WebPage\",\"@id\":\"https:\/\/mrcartools.com\/product\/ford-timing-tool-kit-ford-camshaft-holding-tool\/\",\"url\":\"https:\/\/mrcartools.com\/product\/ford-timing-tool-kit-ford-camshaft-holding-tool\/\",\"name\":\"Ford Timing Tool Kit Ford Camshaft Holding Tool\u200b - Mrcartool\",\"isPartOf\":{\"@id\":\"https:\/\/mrcartools.com\/#website\"},\"primaryImageOfPage\":{\"@id\":\"https:\/\/mrcartools.com\/product\/ford-timing-tool-kit-ford-camshaft-holding-tool\/#primaryimage\"},\"image\":{\"@id\":\"https:\/\/mrcartools.com\/product\/ford-timing-tool-kit-ford-camshaft-holding-tool\/#primaryimage\"},\"thumbnailUrl\":\"https:\/\/mrcartools.com\/wp-content\/uploads\/2025\/03\/a47b6e43-e275-8742-e403-f291f4cc58d1.jpg\",\"datePublished\":\"2025-03-11T03:35:07+00:00\",\"dateModified\":\"2025-03-11T06:06:54+00:00\",\"description\":\"With the Ford Timing Kit, you can easily replace and align your timing belt or chain to avoid engine damage caused by timing errors.Ford Timing Tool Kit\",\"breadcrumb\":{\"@id\":\"https:\/\/mrcartools.com\/product\/ford-timing-tool-kit-ford-camshaft-holding-tool\/#breadcrumb\"},\"inLanguage\":\"es\",\"potentialAction\":[{\"@type\":\"ReadAction\",\"target\":[\"https:\/\/mrcartools.com\/product\/ford-timing-tool-kit-ford-camshaft-holding-tool\/\"]}]},{\"@type\":\"ImageObject\",\"inLanguage\":\"es\",\"@id\":\"https:\/\/mrcartools.com\/product\/ford-timing-tool-kit-ford-camshaft-holding-tool\/#primaryimage\",\"url\":\"https:\/\/mrcartools.com\/wp-content\/uploads\/2025\/03\/a47b6e43-e275-8742-e403-f291f4cc58d1.jpg\",\"contentUrl\":\"https:\/\/mrcartools.com\/wp-content\/uploads\/2025\/03\/a47b6e43-e275-8742-e403-f291f4cc58d1.jpg\",\"width\":800,\"height\":800},{\"@type\":\"BreadcrumbList\",\"@id\":\"https:\/\/mrcartools.com\/product\/ford-timing-tool-kit-ford-camshaft-holding-tool\/#breadcrumb\",\"itemListElement\":[{\"@type\":\"ListItem\",\"position\":1,\"name\":\"Home\",\"item\":\"https:\/\/mrcartools.com\/\"},{\"@type\":\"ListItem\",\"position\":2,\"name\":\"Shop\",\"item\":\"https:\/\/mrcartools.com\/shop-2\/\"},{\"@type\":\"ListItem\",\"position\":3,\"name\":\"Ford Timing Tool Kit Ford Camshaft Holding Tool\u200b\"}]},{\"@type\":\"WebSite\",\"@id\":\"https:\/\/mrcartools.com\/#website\",\"url\":\"https:\/\/mrcartools.com\/\",\"name\":\"MRCARTOOL\",\"description\":\"MRCARTOOL Official Website\",\"publisher\":{\"@id\":\"https:\/\/mrcartools.com\/#organization\"},\"potentialAction\":[{\"@type\":\"SearchAction\",\"target\":{\"@type\":\"EntryPoint\",\"urlTemplate\":\"https:\/\/mrcartools.com\/?s={search_term_string}\"},\"query-input\":{\"@type\":\"PropertyValueSpecification\",\"valueRequired\":true,\"valueName\":\"search_term_string\"}}],\"inLanguage\":\"es\"},{\"@type\":\"Organization\",\"@id\":\"https:\/\/mrcartools.com\/#organization\",\"name\":\"MRCARTOOL\",\"url\":\"https:\/\/mrcartools.com\/\",\"logo\":{\"@type\":\"ImageObject\",\"inLanguage\":\"es\",\"@id\":\"https:\/\/mrcartools.com\/#\/schema\/logo\/image\/\",\"url\":\"https:\/\/mrcartools.com\/wp-content\/uploads\/2023\/07\/\u4e0a\u4f73\u6c7d\u8f66\u5de5\u5177-LOGO-2.png\",\"contentUrl\":\"https:\/\/mrcartools.com\/wp-content\/uploads\/2023\/07\/\u4e0a\u4f73\u6c7d\u8f66\u5de5\u5177-LOGO-2.png\",\"width\":1800,\"height\":402,\"caption\":\"MRCARTOOL\"},\"image\":{\"@id\":\"https:\/\/mrcartools.com\/#\/schema\/logo\/image\/\"}}]}<\/script>\n<!-- \/ Yoast SEO Premium plugin. -->","yoast_head_json":{"title":"Ford Timing Tool Kit Ford Camshaft Holding Tool\u200b - Mrcartool","description":"With the Ford Timing Kit, you can easily replace and align your timing belt or chain to avoid engine damage caused by timing errors.Ford Timing Tool Kit","robots":{"index":"index","follow":"follow","max-snippet":"max-snippet:-1","max-image-preview":"max-image-preview:large","max-video-preview":"max-video-preview:-1"},"canonical":"https:\/\/mrcartools.com\/es\/producto\/ford-timing-tool-kit-ford-camshaft-holding-tool\/","og_locale":"es_MX","og_type":"article","og_title":"Ford Timing Tool Kit Ford Camshaft Holding Tool\u200b","og_description":"With the Ford Timing Kit, you can easily replace and align your timing belt or chain to avoid engine damage caused by timing errors.Ford Timing Tool Kit","og_url":"https:\/\/mrcartools.com\/es\/producto\/ford-timing-tool-kit-ford-camshaft-holding-tool\/","og_site_name":"Mrcartool","article_modified_time":"2025-03-11T06:06:54+00:00","og_image":[{"width":800,"height":800,"url":"https:\/\/mrcartools.com\/wp-content\/uploads\/2025\/03\/a47b6e43-e275-8742-e403-f291f4cc58d1.jpg","type":"image\/jpeg"}],"twitter_card":"summary_large_image","twitter_misc":{"Tiempo de lectura":"2 minutos"},"schema":{"@context":"https:\/\/schema.org","@graph":[{"@type":"WebPage","@id":"https:\/\/mrcartools.com\/product\/ford-timing-tool-kit-ford-camshaft-holding-tool\/","url":"https:\/\/mrcartools.com\/product\/ford-timing-tool-kit-ford-camshaft-holding-tool\/","name":"Ford Timing Tool Kit Ford Camshaft Holding Tool\u200b - Mrcartool","isPartOf":{"@id":"https:\/\/mrcartools.com\/#website"},"primaryImageOfPage":{"@id":"https:\/\/mrcartools.com\/product\/ford-timing-tool-kit-ford-camshaft-holding-tool\/#primaryimage"},"image":{"@id":"https:\/\/mrcartools.com\/product\/ford-timing-tool-kit-ford-camshaft-holding-tool\/#primaryimage"},"thumbnailUrl":"https:\/\/mrcartools.com\/wp-content\/uploads\/2025\/03\/a47b6e43-e275-8742-e403-f291f4cc58d1.jpg","datePublished":"2025-03-11T03:35:07+00:00","dateModified":"2025-03-11T06:06:54+00:00","description":"With the Ford Timing Kit, you can easily replace and align your timing belt or chain to avoid engine damage caused by timing errors.Ford Timing Tool Kit","breadcrumb":{"@id":"https:\/\/mrcartools.com\/product\/ford-timing-tool-kit-ford-camshaft-holding-tool\/#breadcrumb"},"inLanguage":"es","potentialAction":[{"@type":"ReadAction","target":["https:\/\/mrcartools.com\/product\/ford-timing-tool-kit-ford-camshaft-holding-tool\/"]}]},{"@type":"ImageObject","inLanguage":"es","@id":"https:\/\/mrcartools.com\/product\/ford-timing-tool-kit-ford-camshaft-holding-tool\/#primaryimage","url":"https:\/\/mrcartools.com\/wp-content\/uploads\/2025\/03\/a47b6e43-e275-8742-e403-f291f4cc58d1.jpg","contentUrl":"https:\/\/mrcartools.com\/wp-content\/uploads\/2025\/03\/a47b6e43-e275-8742-e403-f291f4cc58d1.jpg","width":800,"height":800},{"@type":"BreadcrumbList","@id":"https:\/\/mrcartools.com\/product\/ford-timing-tool-kit-ford-camshaft-holding-tool\/#breadcrumb","itemListElement":[{"@type":"ListItem","position":1,"name":"Home","item":"https:\/\/mrcartools.com\/"},{"@type":"ListItem","position":2,"name":"Shop","item":"https:\/\/mrcartools.com\/shop-2\/"},{"@type":"ListItem","position":3,"name":"Ford Timing Tool Kit Ford Camshaft Holding Tool\u200b"}]},{"@type":"WebSite","@id":"https:\/\/mrcartools.com\/#website","url":"https:\/\/mrcartools.com\/","name":"MRCARTOOL","description":"Sitio web oficial de MRCARTOOL","publisher":{"@id":"https:\/\/mrcartools.com\/#organization"},"potentialAction":[{"@type":"SearchAction","target":{"@type":"EntryPoint","urlTemplate":"https:\/\/mrcartools.com\/?s={search_term_string}"},"query-input":{"@type":"PropertyValueSpecification","valueRequired":true,"valueName":"search_term_string"}}],"inLanguage":"es"},{"@type":"Organization","@id":"https:\/\/mrcartools.com\/#organization","name":"MRCARTOOL","url":"https:\/\/mrcartools.com\/","logo":{"@type":"ImageObject","inLanguage":"es","@id":"https:\/\/mrcartools.com\/#\/schema\/logo\/image\/","url":"https:\/\/mrcartools.com\/wp-content\/uploads\/2023\/07\/\u4e0a\u4f73\u6c7d\u8f66\u5de5\u5177-LOGO-2.png","contentUrl":"https:\/\/mrcartools.com\/wp-content\/uploads\/2023\/07\/\u4e0a\u4f73\u6c7d\u8f66\u5de5\u5177-LOGO-2.png","width":1800,"height":402,"caption":"MRCARTOOL"},"image":{"@id":"https:\/\/mrcartools.com\/#\/schema\/logo\/image\/"}}]}},"_links":{"self":[{"href":"https:\/\/mrcartools.com\/es\/wp-json\/wp\/v2\/product\/8214","targetHints":{"allow":["GET"]}}],"collection":[{"href":"https:\/\/mrcartools.com\/es\/wp-json\/wp\/v2\/product"}],"about":[{"href":"https:\/\/mrcartools.com\/es\/wp-json\/wp\/v2\/types\/product"}],"version-history":[{"count":0,"href":"https:\/\/mrcartools.com\/es\/wp-json\/wp\/v2\/product\/8214\/revisions"}],"wp:featuredmedia":[{"embeddable":true,"href":"https:\/\/mrcartools.com\/es\/wp-json\/wp\/v2\/media\/8217"}],"wp:attachment":[{"href":"https:\/\/mrcartools.com\/es\/wp-json\/wp\/v2\/media?parent=8214"}],"wp:term":[{"taxonomy":"product_brand","embeddable":true,"href":"https:\/\/mrcartools.com\/es\/wp-json\/wp\/v2\/product_brand?post=8214"},{"taxonomy":"product_cat","embeddable":true,"href":"https:\/\/mrcartools.com\/es\/wp-json\/wp\/v2\/product_cat?post=8214"},{"taxonomy":"product_tag","embeddable":true,"href":"https:\/\/mrcartools.com\/es\/wp-json\/wp\/v2\/product_tag?post=8214"}],"curies":[{"name":"wp","href":"https:\/\/api.w.org\/{rel}","templated":true}]}}