{"id":8219,"date":"2025-03-11T04:00:19","date_gmt":"2025-03-11T04:00:19","guid":{"rendered":"https:\/\/mrcartools.com\/?post_type=product&#038;p=8219"},"modified":"2025-03-11T06:17:55","modified_gmt":"2025-03-11T06:17:55","slug":"camshaft-holding-tool-timing-tool-bmw-n20n26","status":"publish","type":"product","link":"https:\/\/mrcartools.com\/es\/producto\/camshaft-holding-tool-timing-tool-bmw-n20n26\/","title":{"rendered":"Herramienta de sujeci\u00f3n del \u00e1rbol de levas Herramienta de sincronizaci\u00f3n BMW N20N26"},"content":{"rendered":"<section class=\"section\" id=\"section_1321454235\">\n\t\t<div class=\"section-bg fill\" >\n\t\t\t\t\t\t\t\t\t\n\t\t\t\n\n\t\t<\/div>\n\n\t\t\n\n\t\t<div class=\"section-content relative\">\n\t\t\t\n<div class=\"row\"  id=\"row-1112523057\">\n<p hidden=\"\">Kit de recarga de refrigerante al vac\u00edo<\/p>\n\n\t<div id=\"col-46371477\" class=\"col small-12 large-12\"  >\n\t\t\t\t<div class=\"col-inner\"  >\n\t\t\t\n\t\t\t\n<h3><strong>La Herramienta de Sujeci\u00f3n del \u00c1rbol de Levas es un equipo de mantenimiento profesional dise\u00f1ado para motores modelo BMW para ajustar e instalar con precisi\u00f3n el sistema de sincronizaci\u00f3n. El sistema de sincronizaci\u00f3n es la clave para el funcionamiento eficiente del motor, que afecta directamente a la potencia de salida, econom\u00eda de combustible y la estabilidad general.<\/strong><br \/>\n<strong>Con la Herramienta de distribuci\u00f3n BMW, puede completar eficazmente la sustituci\u00f3n y calibraci\u00f3n de la cadena o correa de distribuci\u00f3n, y evitar aver\u00edas en el motor causadas por desviaciones en la distribuci\u00f3n, como interferencias mec\u00e1nicas entre pistones y v\u00e1lvulas.<\/strong><\/h3>\n<div class=\"detailmodule_image\">\n<div class=\"row\"  id=\"row-1148245957\">\n\n\t<div id=\"col-430407093\" class=\"col small-12 large-12\"  >\n\t\t\t\t<div class=\"col-inner\"  >\n\t\t\t\n\t\t\t\n\n\t<a class=\"plain\" href=\"https:\/\/api.whatsapp.com\/send\/?phone=%2B8618923768146&#038;text=onlinesupport\" target=\"_blank\" rel=\"noopener\" >\t<div class=\"icon-box featured-box icon-box-center text-center\"  >\n\t\t\t\t\t<div class=\"icon-box-img\" style=\"width: 54px\">\n\t\t\t\t<div class=\"icon\">\n\t\t\t\t\t<div class=\"icon-inner\" >\n\t\t\t\t\t\t<img decoding=\"async\" width=\"128\" height=\"128\" src=\"https:\/\/mrcartools.com\/wp-content\/uploads\/2022\/03\/\u5bfb\u627e\u641c\u7d22_333333_128_21559135.png\" class=\"attachment-medium size-medium wvs-archive-product-image\" alt=\"\" srcset=\"\/\/mrcartools.com\/wp-content\/uploads\/2022\/03\/\u5bfb\u627e\u641c\u7d22_333333_128_21559135.png 128w, \/\/mrcartools.com\/wp-content\/uploads\/2022\/03\/\u5bfb\u627e\u641c\u7d22_333333_128_21559135-100x100.png 100w, \/\/mrcartools.com\/wp-content\/uploads\/2022\/03\/\u5bfb\u627e\u641c\u7d22_333333_128_21559135-50x50.png 50w\" sizes=\"(max-width: 128px) 100vw, 128px\" \/>\t\t\t\t\t<\/div>\n\t\t\t\t<\/div>\n\t\t\t<\/div>\n\t\t\t\t<div class=\"icon-box-text last-reset\">\n\t\t\t\t\t\t\t\t\t\n\t<div id=\"text-472814910\" class=\"text\">\n\t\t\n<h3><a href=\"https:\/\/api.whatsapp.com\/send\/?phone=%2B8618923768146&amp;text=onlinesupport\"><em><strong>Centro de ayuda<\/strong><\/em><\/a><\/h3>\n\t\t\n<style>\n#text-472814910 {\n  font-size: 0.9rem;\n}\n<\/style>\n\t<\/div>\n\t\n\t\t<\/div>\n\t<\/div>\n\t<\/a>\n\t\n\t\t<\/div>\n\t\t\t\t\t<\/div>\n\n\t\n<\/div>\n<div class=\"accordion\">\n\t<div id=\"accordion-1308244031\" class=\"accordion-item\">\n\t\t<a id=\"accordion-1308244031-label\" class=\"accordion-title plain active\" href=\"#accordion-item-\ud83d\udcddwarm-tips\" aria-expanded=\"true\" aria-controls=\"accordion-1308244031-content\">\n\t\t\t<button class=\"toggle\" aria-label=\"Toggle\"><i class=\"icon-angle-down\" aria-hidden=\"true\"><\/i><\/button>\n\t\t\t<span>\ud83d\udcddConsejos<\/span>\n\t\t<\/a>\n\t\t<div id=\"accordion-1308244031-content\" class=\"accordion-inner\" style=\"display: block;\" aria-labelledby=\"accordion-1308244031-label\">\n\t\t\t\n<ul>\n<li>Aseg\u00farese de que la herramienta es adecuada para su modelo de motor para evitar problemas de incompatibilidad.<\/li>\n<li>Aseg\u00farese de que el compartimento del motor est\u00e1 limpio para evitar que entre polvo.<\/li>\n<li>Desconecte el borne negativo de la bater\u00eda antes de ponerlo en marcha para evitar arranques accidentales.<\/li>\n<li>Desmonte paso a paso seg\u00fan el manual para evitar omisiones o errores.<\/li>\n<\/ul>\n\t\t<\/div>\n\t<\/div>\n\t\n<\/div>\n\t\t<\/div>\n\t\t\t\t\t<\/div>\n\n\t\n<\/div>\n\t\t<\/div>\n\n\t\t\n<style>\n#section_1321454235 {\n  padding-top: 0px;\n  padding-bottom: 0px;\n}\n<\/style>\n\t<\/section>\n\t\n<h3 style=\"text-align: center;\"><b>Herramienta de sujeci\u00f3n del \u00e1rbol de levas MRCARTOOL Caracter\u00edsticas<\/b><\/h3>\n<div class=\"accordion\">\n\t<div id=\"accordion-3208754615\" class=\"accordion-item\">\n\t\t<a id=\"accordion-3208754615-label\" class=\"accordion-title plain active\" href=\"#accordion-item-features\" aria-expanded=\"true\" aria-controls=\"accordion-3208754615-content\">\n\t\t\t<button class=\"toggle\" aria-label=\"Toggle\"><i class=\"icon-angle-down\" aria-hidden=\"true\"><\/i><\/button>\n\t\t\t<span>Caracter\u00edsticas<\/span>\n\t\t<\/a>\n\t\t<div id=\"accordion-3208754615-content\" class=\"accordion-inner\" style=\"display: block;\" aria-labelledby=\"accordion-3208754615-label\">\n\t\t\t\n<ul>\n<li>\n<div><strong>Alineaci\u00f3n precisa:<\/strong> Personalizado para motores BMW, asegura una sincronizaci\u00f3n precisa entre el \u00e1rbol de levas y el cig\u00fce\u00f1al, garantizando el perfecto funcionamiento del sistema de distribuci\u00f3n.<\/div>\n<\/li>\n<li>\n<div><strong>Instalaci\u00f3n r\u00e1pida:<\/strong> Simplificar el proceso de instalaci\u00f3n de la cadena o correa de distribuci\u00f3n, acortar significativamente el tiempo de mantenimiento y mejorar la eficiencia del trabajo.<\/div>\n<\/li>\n<li>\n<div><strong>Protecci\u00f3n del motor:<\/strong> Evita eficazmente los da\u00f1os en las piezas internas causados por la desalineaci\u00f3n de la distribuci\u00f3n y reduce los costes de mantenimiento.<\/div>\n<\/li>\n<li>\n<div><strong>Material de alta resistencia:<\/strong> Herramienta de sujeci\u00f3n del \u00e1rbol de levas fabricada con materiales de alta calidad, resistente y duradera, adecuada para el entorno de mantenimiento profesional o el uso personal.<\/div>\n<div><\/div>\n<\/li>\n<li>\n<div><strong>Amplia compatibilidad:<\/strong> Herramienta de sujeci\u00f3n del \u00e1rbol de levas aplicable a una gran variedad de modelos BMW, satisfaciendo las necesidades de reparaci\u00f3n de distribuci\u00f3n de diferentes modelos de motor.<\/div>\n<\/li>\n<li><strong>Garant\u00eda:<\/strong> MRCARTOOL ofrece una garant\u00eda de 24 meses y 7\u00d724 horas de amable servicio al cliente para asegurar su experiencia de compra.<\/li>\n<\/ul>\n<a href=\"https:\/\/api.whatsapp.com\/send\/?phone=%2B8618923768146&#038;text=onlinesupport\" target=\"_blank\" class=\"button primary is-outline is-smaller\" rel=\"noopener\" style=\"border-radius:30px;\">\n\t\t<span>asistencia en l\u00ednea<\/span>\n\t<\/a>\n\n\t\t<\/div>\n\t<\/div>\n\t\n<\/div>\n\n\t<section class=\"section\" id=\"section_411314011\">\n\t\t<div class=\"section-bg fill\" >\n\t\t\t\t\t\t\t\t\t\n\t\t\t\n\n\t\t<\/div>\n\n\t\t\n\n\t\t<div class=\"section-content relative\">\n\t\t\t\n<div class=\"row\"  id=\"row-744180482\">\n\n\t<div id=\"col-1673931064\" class=\"col small-12 large-12\"  >\n\t\t\t\t<div class=\"col-inner\"  >\n\t\t\t\n\t\t\t\n<h3><strong>Lista de embalaje :<\/strong><\/h3>\n\t<div class=\"img has-hover x md-x lg-x y md-y lg-y\" id=\"image_721131916\">\n\t\t\t\t\t\t\t\t<div class=\"img-inner dark\" >\n\t\t\t<img fetchpriority=\"high\" decoding=\"async\" width=\"1600\" height=\"1600\" src=\"https:\/\/mrcartools.com\/wp-content\/uploads\/2025\/03\/a297afd5-073a-8584-7516-fd079866da18.jpg\" class=\"attachment-original size-original wvs-archive-product-image\" alt=\"\" srcset=\"\/\/mrcartools.com\/wp-content\/uploads\/2025\/03\/a297afd5-073a-8584-7516-fd079866da18.jpg 1600w, \/\/mrcartools.com\/wp-content\/uploads\/2025\/03\/a297afd5-073a-8584-7516-fd079866da18-150x150.jpg 150w, \/\/mrcartools.com\/wp-content\/uploads\/2025\/03\/a297afd5-073a-8584-7516-fd079866da18-768x768.jpg 768w, \/\/mrcartools.com\/wp-content\/uploads\/2025\/03\/a297afd5-073a-8584-7516-fd079866da18-1536x1536.jpg 1536w, \/\/mrcartools.com\/wp-content\/uploads\/2025\/03\/a297afd5-073a-8584-7516-fd079866da18-253x253.jpg 253w, \/\/mrcartools.com\/wp-content\/uploads\/2025\/03\/a297afd5-073a-8584-7516-fd079866da18-510x510.jpg 510w, \/\/mrcartools.com\/wp-content\/uploads\/2025\/03\/a297afd5-073a-8584-7516-fd079866da18-100x100.jpg 100w, \/\/mrcartools.com\/wp-content\/uploads\/2025\/03\/a297afd5-073a-8584-7516-fd079866da18-50x50.jpg 50w\" sizes=\"(max-width: 1600px) 100vw, 1600px\" \/>\t\t\t\t\t\t\n\t\t\t\t\t<\/div>\n\t\t\t\t\t\t\t\t\n<style>\n#image_721131916 {\n  width: 100%;\n}\n<\/style>\n\t<\/div>\n\t\n\t\t<\/div>\n\t\t\t\t\t<\/div>\n\n\t\n<\/div>\n\t\t<\/div>\n\n\t\t\n<style>\n#section_411314011 {\n  padding-top: 30px;\n  padding-bottom: 30px;\n}\n<\/style>\n\t<\/section>\n\t\n<\/p><\/div>\n<p>&nbsp;<\/p>","protected":false},"excerpt":{"rendered":"<ul>\n<li>\n<div><strong>Alineaci\u00f3n precisa:<\/strong> Herramienta de sujeci\u00f3n del \u00e1rbol de levas para motores BMW, que asegura una sincronizaci\u00f3n precisa entre el \u00e1rbol de levas y el cig\u00fce\u00f1al, garantizando el perfecto funcionamiento del sistema de distribuci\u00f3n.<\/div>\n<\/li>\n<li>\n<div><strong>Instalaci\u00f3n r\u00e1pida:<\/strong> Simplificar el proceso de instalaci\u00f3n de la cadena o correa de distribuci\u00f3n, acortar significativamente el tiempo de mantenimiento y mejorar la eficiencia del trabajo.<\/div>\n<\/li>\n<li>\n<div><strong>Protecci\u00f3n del motor:<\/strong> Evita eficazmente los da\u00f1os en las piezas internas causados por la desalineaci\u00f3n de la distribuci\u00f3n y reduce los costes de mantenimiento.<\/div>\n<\/li>\n<\/ul>","protected":false},"featured_media":8222,"template":"","meta":[],"product_brand":[],"product_cat":[137],"product_tag":[],"class_list":{"0":"post-8219","1":"product","2":"type-product","3":"status-publish","4":"has-post-thumbnail","6":"product_cat-timing-tool","7":"product_shipping_class-weight","8":"pa_ship-from-china","9":"pa_ship-from-germany","10":"pa_ship-from-united-kingdom","11":"pa_ship-from-united-states","13":"first","14":"instock","15":"shipping-taxable","16":"product-type-variable","17":"wvs-archive-product-wrapper"},"yoast_head":"<!-- This site is optimized with the Yoast SEO Premium plugin v24.4 (Yoast SEO v24.4) - https:\/\/yoast.com\/wordpress\/plugins\/seo\/ -->\n<title>Camshaft Holding Tool\u200b Timing Tool\u200b BMW N20N26 - Mrcartool<\/title>\n<meta name=\"description\" content=\"Camshaft Holding Tool\u200b is specially designed for BMW model engines, can avoiding engine failures caused by timing deviation.\" \/>\n<meta name=\"robots\" content=\"index, follow, max-snippet:-1, max-image-preview:large, max-video-preview:-1\" \/>\n<link rel=\"canonical\" href=\"https:\/\/mrcartools.com\/es\/producto\/camshaft-holding-tool-timing-tool-bmw-n20n26\/\" \/>\n<meta property=\"og:locale\" content=\"es_MX\" \/>\n<meta property=\"og:type\" content=\"article\" \/>\n<meta property=\"og:title\" content=\"Camshaft Holding Tool\u200b Timing Tool\u200b BMW N20N26\" \/>\n<meta property=\"og:description\" content=\"Camshaft Holding Tool\u200b is specially designed for BMW model engines, can avoiding engine failures caused by timing deviation.\" \/>\n<meta property=\"og:url\" content=\"https:\/\/mrcartools.com\/es\/producto\/camshaft-holding-tool-timing-tool-bmw-n20n26\/\" \/>\n<meta property=\"og:site_name\" content=\"Mrcartool\" \/>\n<meta property=\"article:modified_time\" content=\"2025-03-11T06:17:55+00:00\" \/>\n<meta property=\"og:image\" content=\"https:\/\/mrcartools.com\/wp-content\/uploads\/2025\/03\/a297afd5-073a-8584-7516-fd079866da18.jpg\" \/>\n\t<meta property=\"og:image:width\" content=\"1600\" \/>\n\t<meta property=\"og:image:height\" content=\"1600\" \/>\n\t<meta property=\"og:image:type\" content=\"image\/jpeg\" \/>\n<meta name=\"twitter:card\" content=\"summary_large_image\" \/>\n<meta name=\"twitter:label1\" content=\"Tiempo de lectura\" \/>\n\t<meta name=\"twitter:data1\" content=\"2 minutos\" \/>\n<script type=\"application\/ld+json\" class=\"yoast-schema-graph\">{\"@context\":\"https:\/\/schema.org\",\"@graph\":[{\"@type\":\"WebPage\",\"@id\":\"https:\/\/mrcartools.com\/product\/camshaft-holding-tool-timing-tool-bmw-n20n26\/\",\"url\":\"https:\/\/mrcartools.com\/product\/camshaft-holding-tool-timing-tool-bmw-n20n26\/\",\"name\":\"Camshaft Holding Tool\u200b Timing Tool\u200b BMW N20N26 - Mrcartool\",\"isPartOf\":{\"@id\":\"https:\/\/mrcartools.com\/#website\"},\"primaryImageOfPage\":{\"@id\":\"https:\/\/mrcartools.com\/product\/camshaft-holding-tool-timing-tool-bmw-n20n26\/#primaryimage\"},\"image\":{\"@id\":\"https:\/\/mrcartools.com\/product\/camshaft-holding-tool-timing-tool-bmw-n20n26\/#primaryimage\"},\"thumbnailUrl\":\"https:\/\/mrcartools.com\/wp-content\/uploads\/2025\/03\/a297afd5-073a-8584-7516-fd079866da18.jpg\",\"datePublished\":\"2025-03-11T04:00:19+00:00\",\"dateModified\":\"2025-03-11T06:17:55+00:00\",\"description\":\"Camshaft Holding Tool\u200b is specially designed for BMW model engines, can avoiding engine failures caused by timing deviation.\",\"breadcrumb\":{\"@id\":\"https:\/\/mrcartools.com\/product\/camshaft-holding-tool-timing-tool-bmw-n20n26\/#breadcrumb\"},\"inLanguage\":\"es\",\"potentialAction\":[{\"@type\":\"ReadAction\",\"target\":[\"https:\/\/mrcartools.com\/product\/camshaft-holding-tool-timing-tool-bmw-n20n26\/\"]}]},{\"@type\":\"ImageObject\",\"inLanguage\":\"es\",\"@id\":\"https:\/\/mrcartools.com\/product\/camshaft-holding-tool-timing-tool-bmw-n20n26\/#primaryimage\",\"url\":\"https:\/\/mrcartools.com\/wp-content\/uploads\/2025\/03\/a297afd5-073a-8584-7516-fd079866da18.jpg\",\"contentUrl\":\"https:\/\/mrcartools.com\/wp-content\/uploads\/2025\/03\/a297afd5-073a-8584-7516-fd079866da18.jpg\",\"width\":1600,\"height\":1600},{\"@type\":\"BreadcrumbList\",\"@id\":\"https:\/\/mrcartools.com\/product\/camshaft-holding-tool-timing-tool-bmw-n20n26\/#breadcrumb\",\"itemListElement\":[{\"@type\":\"ListItem\",\"position\":1,\"name\":\"Home\",\"item\":\"https:\/\/mrcartools.com\/\"},{\"@type\":\"ListItem\",\"position\":2,\"name\":\"Shop\",\"item\":\"https:\/\/mrcartools.com\/shop-2\/\"},{\"@type\":\"ListItem\",\"position\":3,\"name\":\"Camshaft Holding Tool\u200b Timing Tool\u200b BMW N20N26\"}]},{\"@type\":\"WebSite\",\"@id\":\"https:\/\/mrcartools.com\/#website\",\"url\":\"https:\/\/mrcartools.com\/\",\"name\":\"MRCARTOOL\",\"description\":\"MRCARTOOL Official Website\",\"publisher\":{\"@id\":\"https:\/\/mrcartools.com\/#organization\"},\"potentialAction\":[{\"@type\":\"SearchAction\",\"target\":{\"@type\":\"EntryPoint\",\"urlTemplate\":\"https:\/\/mrcartools.com\/?s={search_term_string}\"},\"query-input\":{\"@type\":\"PropertyValueSpecification\",\"valueRequired\":true,\"valueName\":\"search_term_string\"}}],\"inLanguage\":\"es\"},{\"@type\":\"Organization\",\"@id\":\"https:\/\/mrcartools.com\/#organization\",\"name\":\"MRCARTOOL\",\"url\":\"https:\/\/mrcartools.com\/\",\"logo\":{\"@type\":\"ImageObject\",\"inLanguage\":\"es\",\"@id\":\"https:\/\/mrcartools.com\/#\/schema\/logo\/image\/\",\"url\":\"https:\/\/mrcartools.com\/wp-content\/uploads\/2023\/07\/\u4e0a\u4f73\u6c7d\u8f66\u5de5\u5177-LOGO-2.png\",\"contentUrl\":\"https:\/\/mrcartools.com\/wp-content\/uploads\/2023\/07\/\u4e0a\u4f73\u6c7d\u8f66\u5de5\u5177-LOGO-2.png\",\"width\":1800,\"height\":402,\"caption\":\"MRCARTOOL\"},\"image\":{\"@id\":\"https:\/\/mrcartools.com\/#\/schema\/logo\/image\/\"}}]}<\/script>\n<!-- \/ Yoast SEO Premium plugin. -->","yoast_head_json":{"title":"Camshaft Holding Tool\u200b Timing Tool\u200b BMW N20N26 - Mrcartool","description":"Camshaft Holding Tool\u200b is specially designed for BMW model engines, can avoiding engine failures caused by timing deviation.","robots":{"index":"index","follow":"follow","max-snippet":"max-snippet:-1","max-image-preview":"max-image-preview:large","max-video-preview":"max-video-preview:-1"},"canonical":"https:\/\/mrcartools.com\/es\/producto\/camshaft-holding-tool-timing-tool-bmw-n20n26\/","og_locale":"es_MX","og_type":"article","og_title":"Camshaft Holding Tool\u200b Timing Tool\u200b BMW N20N26","og_description":"Camshaft Holding Tool\u200b is specially designed for BMW model engines, can avoiding engine failures caused by timing deviation.","og_url":"https:\/\/mrcartools.com\/es\/producto\/camshaft-holding-tool-timing-tool-bmw-n20n26\/","og_site_name":"Mrcartool","article_modified_time":"2025-03-11T06:17:55+00:00","og_image":[{"width":1600,"height":1600,"url":"https:\/\/mrcartools.com\/wp-content\/uploads\/2025\/03\/a297afd5-073a-8584-7516-fd079866da18.jpg","type":"image\/jpeg"}],"twitter_card":"summary_large_image","twitter_misc":{"Tiempo de lectura":"2 minutos"},"schema":{"@context":"https:\/\/schema.org","@graph":[{"@type":"WebPage","@id":"https:\/\/mrcartools.com\/product\/camshaft-holding-tool-timing-tool-bmw-n20n26\/","url":"https:\/\/mrcartools.com\/product\/camshaft-holding-tool-timing-tool-bmw-n20n26\/","name":"Camshaft Holding Tool\u200b Timing Tool\u200b BMW N20N26 - Mrcartool","isPartOf":{"@id":"https:\/\/mrcartools.com\/#website"},"primaryImageOfPage":{"@id":"https:\/\/mrcartools.com\/product\/camshaft-holding-tool-timing-tool-bmw-n20n26\/#primaryimage"},"image":{"@id":"https:\/\/mrcartools.com\/product\/camshaft-holding-tool-timing-tool-bmw-n20n26\/#primaryimage"},"thumbnailUrl":"https:\/\/mrcartools.com\/wp-content\/uploads\/2025\/03\/a297afd5-073a-8584-7516-fd079866da18.jpg","datePublished":"2025-03-11T04:00:19+00:00","dateModified":"2025-03-11T06:17:55+00:00","description":"Camshaft Holding Tool\u200b is specially designed for BMW model engines, can avoiding engine failures caused by timing deviation.","breadcrumb":{"@id":"https:\/\/mrcartools.com\/product\/camshaft-holding-tool-timing-tool-bmw-n20n26\/#breadcrumb"},"inLanguage":"es","potentialAction":[{"@type":"ReadAction","target":["https:\/\/mrcartools.com\/product\/camshaft-holding-tool-timing-tool-bmw-n20n26\/"]}]},{"@type":"ImageObject","inLanguage":"es","@id":"https:\/\/mrcartools.com\/product\/camshaft-holding-tool-timing-tool-bmw-n20n26\/#primaryimage","url":"https:\/\/mrcartools.com\/wp-content\/uploads\/2025\/03\/a297afd5-073a-8584-7516-fd079866da18.jpg","contentUrl":"https:\/\/mrcartools.com\/wp-content\/uploads\/2025\/03\/a297afd5-073a-8584-7516-fd079866da18.jpg","width":1600,"height":1600},{"@type":"BreadcrumbList","@id":"https:\/\/mrcartools.com\/product\/camshaft-holding-tool-timing-tool-bmw-n20n26\/#breadcrumb","itemListElement":[{"@type":"ListItem","position":1,"name":"Home","item":"https:\/\/mrcartools.com\/"},{"@type":"ListItem","position":2,"name":"Shop","item":"https:\/\/mrcartools.com\/shop-2\/"},{"@type":"ListItem","position":3,"name":"Camshaft Holding Tool\u200b Timing Tool\u200b BMW N20N26"}]},{"@type":"WebSite","@id":"https:\/\/mrcartools.com\/#website","url":"https:\/\/mrcartools.com\/","name":"MRCARTOOL","description":"Sitio web oficial de MRCARTOOL","publisher":{"@id":"https:\/\/mrcartools.com\/#organization"},"potentialAction":[{"@type":"SearchAction","target":{"@type":"EntryPoint","urlTemplate":"https:\/\/mrcartools.com\/?s={search_term_string}"},"query-input":{"@type":"PropertyValueSpecification","valueRequired":true,"valueName":"search_term_string"}}],"inLanguage":"es"},{"@type":"Organization","@id":"https:\/\/mrcartools.com\/#organization","name":"MRCARTOOL","url":"https:\/\/mrcartools.com\/","logo":{"@type":"ImageObject","inLanguage":"es","@id":"https:\/\/mrcartools.com\/#\/schema\/logo\/image\/","url":"https:\/\/mrcartools.com\/wp-content\/uploads\/2023\/07\/\u4e0a\u4f73\u6c7d\u8f66\u5de5\u5177-LOGO-2.png","contentUrl":"https:\/\/mrcartools.com\/wp-content\/uploads\/2023\/07\/\u4e0a\u4f73\u6c7d\u8f66\u5de5\u5177-LOGO-2.png","width":1800,"height":402,"caption":"MRCARTOOL"},"image":{"@id":"https:\/\/mrcartools.com\/#\/schema\/logo\/image\/"}}]}},"_links":{"self":[{"href":"https:\/\/mrcartools.com\/es\/wp-json\/wp\/v2\/product\/8219","targetHints":{"allow":["GET"]}}],"collection":[{"href":"https:\/\/mrcartools.com\/es\/wp-json\/wp\/v2\/product"}],"about":[{"href":"https:\/\/mrcartools.com\/es\/wp-json\/wp\/v2\/types\/product"}],"version-history":[{"count":0,"href":"https:\/\/mrcartools.com\/es\/wp-json\/wp\/v2\/product\/8219\/revisions"}],"wp:featuredmedia":[{"embeddable":true,"href":"https:\/\/mrcartools.com\/es\/wp-json\/wp\/v2\/media\/8222"}],"wp:attachment":[{"href":"https:\/\/mrcartools.com\/es\/wp-json\/wp\/v2\/media?parent=8219"}],"wp:term":[{"taxonomy":"product_brand","embeddable":true,"href":"https:\/\/mrcartools.com\/es\/wp-json\/wp\/v2\/product_brand?post=8219"},{"taxonomy":"product_cat","embeddable":true,"href":"https:\/\/mrcartools.com\/es\/wp-json\/wp\/v2\/product_cat?post=8219"},{"taxonomy":"product_tag","embeddable":true,"href":"https:\/\/mrcartools.com\/es\/wp-json\/wp\/v2\/product_tag?post=8219"}],"curies":[{"name":"wp","href":"https:\/\/api.w.org\/{rel}","templated":true}]}}