{"id":8227,"date":"2025-03-11T06:00:12","date_gmt":"2025-03-11T06:00:12","guid":{"rendered":"https:\/\/mrcartools.com\/?post_type=product&#038;p=8227"},"modified":"2025-08-12T03:00:30","modified_gmt":"2025-08-12T03:00:30","slug":"timing-chain-tool-camshaft-tool-porsche","status":"publish","type":"product","link":"https:\/\/mrcartools.com\/es\/producto\/timing-chain-tool-camshaft-tool-porsche\/","title":{"rendered":"Herramienta de sincronizaci\u00f3n del \u00e1rbol de levas del motor compatible para Porsche Cayenne Panamera V8 4.5L, 4.8L V6 3.6L"},"content":{"rendered":"<section class=\"section\" id=\"section_1313477732\">\n\t\t<div class=\"section-bg fill\" >\n\t\t\t\t\t\t\t\t\t\n\t\t\t\n\n\t\t<\/div>\n\n\t\t\n\n\t\t<div class=\"section-content relative\">\n\t\t\t\n<div class=\"row\"  id=\"row-468570912\">\n<p hidden=\"\">Kit de recarga de refrigerante al vac\u00edo<\/p>\n\n\t<div id=\"col-632537096\" class=\"col small-12 large-12\"  >\n\t\t\t\t<div class=\"col-inner\"  >\n\t\t\t\n\t\t\t\n<h3><strong>Timing Chain Tool es un equipo de mantenimiento especializado hecho a medida para los motores de alto rendimiento de Porsche, dise\u00f1ado para garantizar una instalaci\u00f3n y puesta a punto precisas del sistema de distribuci\u00f3n. El sistema de distribuci\u00f3n est\u00e1 en el coraz\u00f3n del funcionamiento eficiente del motor, afectando directamente a la suavidad de la potencia, el ahorro de combustible y la experiencia de conducci\u00f3n en general.<\/strong><\/h3>\n<h3><strong>Con las Herramientas de distribuci\u00f3n Porsche, puede sustituir y alinear con precisi\u00f3n las cadenas o correas de distribuci\u00f3n para evitar fallos del motor causados por desviaciones de la distribuci\u00f3n, como colisiones pist\u00f3n-v\u00e1lvula o p\u00e9rdida de potencia.<\/strong><\/h3>\n<div class=\"detailmodule_image\">\n<div class=\"row\"  id=\"row-111266974\">\n\t<div id=\"col-2087486206\" class=\"col small-12 large-12\"  >\n\t\t\t\t<div class=\"col-inner\"  >\n\t\t\t\n\t\t\t\n\n\t<a class=\"plain\" href=\"https:\/\/api.whatsapp.com\/send\/?phone=%2B8618923768146&#038;text=onlinesupport\" target=\"_blank\" rel=\"noopener\" >\t<div class=\"icon-box featured-box icon-box-center text-center\"  >\n\t\t\t\t\t<div class=\"icon-box-img\" style=\"width: 54px\">\n\t\t\t\t<div class=\"icon\">\n\t\t\t\t\t<div class=\"icon-inner\" >\n\t\t\t\t\t\t<img decoding=\"async\" width=\"128\" height=\"128\" src=\"https:\/\/mrcartools.com\/wp-content\/uploads\/2022\/03\/\u5bfb\u627e\u641c\u7d22_333333_128_21559135.png\" class=\"attachment-medium size-medium wvs-archive-product-image\" alt=\"\" srcset=\"\/\/mrcartools.com\/wp-content\/uploads\/2022\/03\/\u5bfb\u627e\u641c\u7d22_333333_128_21559135.png 128w, \/\/mrcartools.com\/wp-content\/uploads\/2022\/03\/\u5bfb\u627e\u641c\u7d22_333333_128_21559135-100x100.png 100w, \/\/mrcartools.com\/wp-content\/uploads\/2022\/03\/\u5bfb\u627e\u641c\u7d22_333333_128_21559135-50x50.png 50w\" sizes=\"(max-width: 128px) 100vw, 128px\" \/>\t\t\t\t\t<\/div>\n\t\t\t\t<\/div>\n\t\t\t<\/div>\n\t\t\t\t<div class=\"icon-box-text last-reset\">\n\t\t\t\t\t\t\t\t\t\n\t<div id=\"text-2770589927\" class=\"text\">\n\t\t\n<h3><a href=\"https:\/\/api.whatsapp.com\/send\/?phone=%2B8618923768146&amp;text=onlinesupport\"><em><strong>Centro de ayuda<\/strong><\/em><\/a><\/h3>\n\t\t\n<style>\n#text-2770589927 {\n  font-size: 0.9rem;\n}\n<\/style>\n\t<\/div>\n\t\n\t\t<\/div>\n\t<\/div>\n\t<\/a>\n\t\n\t\t<\/div>\n\t\t\t\t\t<\/div>\n\n\t\n<\/div>\n<div class=\"accordion\">\n\t<div id=\"accordion-4213671032\" class=\"accordion-item\">\n\t\t<a id=\"accordion-4213671032-label\" class=\"accordion-title plain active\" href=\"#accordion-item-\ud83d\udcddwarm-tips\" aria-expanded=\"true\" aria-controls=\"accordion-4213671032-content\">\n\t\t\t<button class=\"toggle\" aria-label=\"Toggle\"><i class=\"icon-angle-down\" aria-hidden=\"true\"><\/i><\/button>\n\t\t\t<span>\ud83d\udcddConsejos<\/span>\n\t\t<\/a>\n\t\t<div id=\"accordion-4213671032-content\" class=\"accordion-inner\" style=\"display: block;\" aria-labelledby=\"accordion-4213671032-label\">\n\t\t\t\n<ul>\n<li>Aseg\u00farese de que la herramienta es adecuada para su modelo de motor para evitar problemas de incompatibilidad.<\/li>\n<li>Aseg\u00farese de que el compartimento del motor est\u00e1 limpio para evitar que entre polvo.<\/li>\n<li>Desconecte el borne negativo de la bater\u00eda antes de ponerlo en marcha para evitar arranques accidentales.<\/li>\n<li>Desmonte paso a paso seg\u00fan el manual para evitar omisiones o errores.<\/li>\n<\/ul>\n\t\t<\/div>\n\t<\/div>\n\t\n<\/div>\n\t\t<\/div>\n\t\t\t\t\t<\/div>\n\n\t\n<\/div>\n\t\t<\/div>\n\n\t\t\n<style>\n#section_1313477732 {\n  padding-top: 0px;\n  padding-bottom: 0px;\n}\n<\/style>\n\t<\/section>\n\t\n<h3 style=\"text-align: center;\"><b>MRCARTOOL Timing Chain Tool Caracter\u00edsticas<\/b><\/h3>\n<div class=\"accordion\">\n\t<div id=\"accordion-25016468\" class=\"accordion-item\">\n\t\t<a id=\"accordion-25016468-label\" class=\"accordion-title plain active\" href=\"#accordion-item-features\" aria-expanded=\"true\" aria-controls=\"accordion-25016468-content\">\n\t\t\t<button class=\"toggle\" aria-label=\"Toggle\"><i class=\"icon-angle-down\" aria-hidden=\"true\"><\/i><\/button>\n\t\t\t<span>Caracter\u00edsticas<\/span>\n\t\t<\/a>\n\t\t<div id=\"accordion-25016468-content\" class=\"accordion-inner\" style=\"display: block;\" aria-labelledby=\"accordion-25016468-label\">\n\t\t\t\n<ul>\n<li><strong>Ajuste de precisi\u00f3n:<\/strong> Dise\u00f1ado espec\u00edficamente para motores Porsche para garantizar una sincronizaci\u00f3n precisa del \u00e1rbol de levas y el cig\u00fce\u00f1al, liberando el m\u00e1ximo rendimiento del motor.<\/li>\n<li><strong>R\u00e1pido y eficaz:<\/strong> Simplifica el complejo proceso de instalaci\u00f3n del sistema de cronometraje, mejorando significativamente la eficacia del mantenimiento y ahorrando un tiempo valioso.<\/li>\n<li><strong>Protecci\u00f3n integral:<\/strong> Previene eficazmente los da\u00f1os internos del motor causados por la desalineaci\u00f3n de la distribuci\u00f3n y prolonga la vida \u00fatil del motor.<\/li>\n<li><strong>Calidad superior:<\/strong> Hecho de materiales de alta resistencia de grado aeroespacial con alta durabilidad, adecuado para talleres de reparaci\u00f3n profesionales o propietarios de autom\u00f3viles de gama alta.<\/li>\n<li><strong>Amplia gama de aplicaciones:<\/strong> Timing Chain Tool cubre una amplia gama de modelos Porsche, satisfaciendo las necesidades de mantenimiento de la distribuci\u00f3n de los diferentes tipos de motor.<\/li>\n<li><strong>Garant\u00eda:<\/strong> MRCARTOOL ofrece una garant\u00eda de 24 meses y 7\u00d724 horas de amable servicio al cliente para asegurar su experiencia de compra.<\/li>\n<\/ul>\n<a href=\"https:\/\/api.whatsapp.com\/send\/?phone=%2B8618923768146&#038;text=onlinesupport\" target=\"_blank\" class=\"button primary is-outline is-smaller\" rel=\"noopener\" style=\"border-radius:30px;\">\n\t\t<span>asistencia en l\u00ednea<\/span>\n\t<\/a>\n\n\t\t<\/div>\n\t<\/div>\n\t\n<\/div>\n\n\t<section class=\"section\" id=\"section_1586477573\">\n\t\t<div class=\"section-bg fill\" >\n\t\t\t\t\t\t\t\t\t\n\t\t\t\n\n\t\t<\/div>\n\n\t\t\n\n\t\t<div class=\"section-content relative\">\n\t\t\t\n<div class=\"row\"  id=\"row-1140409168\">\n\n\t<div id=\"col-1924773637\" class=\"col medium-6 small-12 large-6\"  >\n\t\t\t\t<div class=\"col-inner\"  >\n\t\t\t\n\t\t\t\n\t<div class=\"img has-hover x md-x lg-x y md-y lg-y\" id=\"image_1791987629\">\n\t\t\t\t\t\t\t\t<div class=\"img-inner dark\" >\n\t\t\t<img fetchpriority=\"high\" decoding=\"async\" width=\"1600\" height=\"1600\" src=\"https:\/\/mrcartools.com\/wp-content\/uploads\/2025\/03\/f3ef2412-9cdf-ad90-0409-236c2acc1cbb.jpg\" class=\"attachment-original size-original wvs-archive-product-image\" alt=\"\" srcset=\"\/\/mrcartools.com\/wp-content\/uploads\/2025\/03\/f3ef2412-9cdf-ad90-0409-236c2acc1cbb.jpg 1600w, \/\/mrcartools.com\/wp-content\/uploads\/2025\/03\/f3ef2412-9cdf-ad90-0409-236c2acc1cbb-150x150.jpg 150w, \/\/mrcartools.com\/wp-content\/uploads\/2025\/03\/f3ef2412-9cdf-ad90-0409-236c2acc1cbb-768x768.jpg 768w, \/\/mrcartools.com\/wp-content\/uploads\/2025\/03\/f3ef2412-9cdf-ad90-0409-236c2acc1cbb-1536x1536.jpg 1536w, \/\/mrcartools.com\/wp-content\/uploads\/2025\/03\/f3ef2412-9cdf-ad90-0409-236c2acc1cbb-253x253.jpg 253w, \/\/mrcartools.com\/wp-content\/uploads\/2025\/03\/f3ef2412-9cdf-ad90-0409-236c2acc1cbb-510x510.jpg 510w, \/\/mrcartools.com\/wp-content\/uploads\/2025\/03\/f3ef2412-9cdf-ad90-0409-236c2acc1cbb-100x100.jpg 100w, \/\/mrcartools.com\/wp-content\/uploads\/2025\/03\/f3ef2412-9cdf-ad90-0409-236c2acc1cbb-50x50.jpg 50w\" sizes=\"(max-width: 1600px) 100vw, 1600px\" \/>\t\t\t\t\t\t\n\t\t\t\t\t<\/div>\n\t\t\t\t\t\t\t\t\n<style>\n#image_1791987629 {\n  width: 100%;\n}\n<\/style>\n\t<\/div>\n\t\n\t\t<\/div>\n\t\t\t\t\t<\/div>\n\n\t\n\n\t<div id=\"col-11827176\" class=\"col medium-6 small-12 large-6\"  >\n\t\t\t\t<div class=\"col-inner\"  >\n\t\t\t\n\t\t\t\n\t<div class=\"img has-hover x md-x lg-x y md-y lg-y\" id=\"image_117319616\">\n\t\t\t\t\t\t\t\t<div class=\"img-inner dark\" >\n\t\t\t<img decoding=\"async\" width=\"1600\" height=\"1600\" src=\"https:\/\/mrcartools.com\/wp-content\/uploads\/2025\/03\/cd0f5ca6-feb5-3e9c-b30f-3d7a2fe21c81.jpg\" class=\"attachment-original size-original wvs-archive-product-image\" alt=\"\" srcset=\"\/\/mrcartools.com\/wp-content\/uploads\/2025\/03\/cd0f5ca6-feb5-3e9c-b30f-3d7a2fe21c81.jpg 1600w, \/\/mrcartools.com\/wp-content\/uploads\/2025\/03\/cd0f5ca6-feb5-3e9c-b30f-3d7a2fe21c81-150x150.jpg 150w, \/\/mrcartools.com\/wp-content\/uploads\/2025\/03\/cd0f5ca6-feb5-3e9c-b30f-3d7a2fe21c81-768x768.jpg 768w, \/\/mrcartools.com\/wp-content\/uploads\/2025\/03\/cd0f5ca6-feb5-3e9c-b30f-3d7a2fe21c81-1536x1536.jpg 1536w, \/\/mrcartools.com\/wp-content\/uploads\/2025\/03\/cd0f5ca6-feb5-3e9c-b30f-3d7a2fe21c81-253x253.jpg 253w, \/\/mrcartools.com\/wp-content\/uploads\/2025\/03\/cd0f5ca6-feb5-3e9c-b30f-3d7a2fe21c81-510x510.jpg 510w, \/\/mrcartools.com\/wp-content\/uploads\/2025\/03\/cd0f5ca6-feb5-3e9c-b30f-3d7a2fe21c81-100x100.jpg 100w, \/\/mrcartools.com\/wp-content\/uploads\/2025\/03\/cd0f5ca6-feb5-3e9c-b30f-3d7a2fe21c81-50x50.jpg 50w\" sizes=\"(max-width: 1600px) 100vw, 1600px\" \/>\t\t\t\t\t\t\n\t\t\t\t\t<\/div>\n\t\t\t\t\t\t\t\t\n<style>\n#image_117319616 {\n  width: 100%;\n}\n<\/style>\n\t<\/div>\n\t\n\t\t<\/div>\n\t\t\t\t\t<\/div>\n\n\t\n<\/div>\n<div class=\"row\"  id=\"row-548596926\">\n\n\t<div id=\"col-1151638124\" class=\"col small-12 large-12\"  >\n\t\t\t\t<div class=\"col-inner\"  >\n\t\t\t\n\t\t\t\n<h3><strong>Lista de embalaje :<\/strong><\/h3>\n\t<div class=\"img has-hover x md-x lg-x y md-y lg-y\" id=\"image_958255716\">\n\t\t\t\t\t\t\t\t<div class=\"img-inner dark\" >\n\t\t\t<img loading=\"lazy\" decoding=\"async\" width=\"1600\" height=\"1600\" src=\"https:\/\/mrcartools.com\/wp-content\/uploads\/2025\/03\/5e74beaa-eecd-37a3-1ef5-39776ed846a7.jpg\" class=\"attachment-original size-original wvs-archive-product-image\" alt=\"\" srcset=\"\/\/mrcartools.com\/wp-content\/uploads\/2025\/03\/5e74beaa-eecd-37a3-1ef5-39776ed846a7.jpg 1600w, \/\/mrcartools.com\/wp-content\/uploads\/2025\/03\/5e74beaa-eecd-37a3-1ef5-39776ed846a7-150x150.jpg 150w, \/\/mrcartools.com\/wp-content\/uploads\/2025\/03\/5e74beaa-eecd-37a3-1ef5-39776ed846a7-768x768.jpg 768w, \/\/mrcartools.com\/wp-content\/uploads\/2025\/03\/5e74beaa-eecd-37a3-1ef5-39776ed846a7-1536x1536.jpg 1536w, \/\/mrcartools.com\/wp-content\/uploads\/2025\/03\/5e74beaa-eecd-37a3-1ef5-39776ed846a7-253x253.jpg 253w, \/\/mrcartools.com\/wp-content\/uploads\/2025\/03\/5e74beaa-eecd-37a3-1ef5-39776ed846a7-510x510.jpg 510w, \/\/mrcartools.com\/wp-content\/uploads\/2025\/03\/5e74beaa-eecd-37a3-1ef5-39776ed846a7-100x100.jpg 100w, \/\/mrcartools.com\/wp-content\/uploads\/2025\/03\/5e74beaa-eecd-37a3-1ef5-39776ed846a7-50x50.jpg 50w\" sizes=\"(max-width: 1600px) 100vw, 1600px\" \/>\t\t\t\t\t\t\n\t\t\t\t\t<\/div>\n\t\t\t\t\t\t\t\t\n<style>\n#image_958255716 {\n  width: 100%;\n}\n<\/style>\n\t<\/div>\n\t\n\t\t<\/div>\n\t\t\t\t\t<\/div>\n\n\t\n<\/div>\n\t\t<\/div>\n\n\t\t\n<style>\n#section_1586477573 {\n  padding-top: 30px;\n  padding-bottom: 30px;\n}\n<\/style>\n\t<\/section>\n\t\n<\/div>\n<p>&nbsp;<\/p>","protected":false},"excerpt":{"rendered":"<ul>\n<li><strong>Ajuste de precisi\u00f3n:<\/strong> Herramienta de cadena de distribuci\u00f3n dise\u00f1ada espec\u00edficamente para motores Porsche para garantizar una sincronizaci\u00f3n precisa del \u00e1rbol de levas y el cig\u00fce\u00f1al, liberando el m\u00e1ximo rendimiento del motor.<\/li>\n<li><strong>R\u00e1pido y eficaz:<\/strong> Simplifica el complejo proceso de instalaci\u00f3n del sistema de cronometraje, mejorando significativamente la eficacia del mantenimiento y ahorrando un tiempo valioso.<\/li>\n<li><strong>Calidad superior:<\/strong> Hecho de materiales de alta resistencia de grado aeroespacial con alta durabilidad, adecuado para talleres de reparaci\u00f3n profesionales o propietarios de autom\u00f3viles de gama alta.<\/li>\n<\/ul>","protected":false},"featured_media":8230,"template":"","meta":[],"product_brand":[],"product_cat":[140,137],"product_tag":[],"class_list":{"0":"post-8227","1":"product","2":"type-product","3":"status-publish","4":"has-post-thumbnail","6":"product_cat-automotive-hand-tools","7":"product_cat-timing-tool","8":"pa_ship-from-china","9":"pa_ship-from-germany","10":"pa_ship-from-united-kingdom","11":"pa_ship-from-united-states","13":"first","14":"instock","15":"shipping-taxable","16":"product-type-variable","17":"wvs-archive-product-wrapper"},"yoast_head":"<!-- This site is optimized with the Yoast SEO Premium plugin v24.4 (Yoast SEO v24.4) - https:\/\/yoast.com\/wordpress\/plugins\/seo\/ -->\n<title>Engine Camshaft Timing Tool compatible for Porsche Cayenne Panamera V8 4.5L, 4.8L V6 3.6L - Mrcartool<\/title>\n<meta name=\"description\" content=\"Porsche Engine Camshaft Timing Tool ensure precise timing chain\/belt replacement, preventing engine damage from misalignment (e.g., valve\/piston contact or power loss).\" \/>\n<meta name=\"robots\" content=\"index, follow, max-snippet:-1, max-image-preview:large, max-video-preview:-1\" \/>\n<link rel=\"canonical\" href=\"https:\/\/mrcartools.com\/es\/producto\/timing-chain-tool-camshaft-tool-porsche\/\" \/>\n<meta property=\"og:locale\" content=\"es_MX\" \/>\n<meta property=\"og:type\" content=\"article\" \/>\n<meta property=\"og:title\" content=\"Engine Camshaft Timing Tool compatible for Porsche Cayenne Panamera V8 4.5L, 4.8L V6 3.6L\" \/>\n<meta property=\"og:description\" content=\"Porsche Engine Camshaft Timing Tool ensure precise timing chain\/belt replacement, preventing engine damage from misalignment (e.g., valve\/piston contact or power loss).\" \/>\n<meta property=\"og:url\" content=\"https:\/\/mrcartools.com\/es\/producto\/timing-chain-tool-camshaft-tool-porsche\/\" \/>\n<meta property=\"og:site_name\" content=\"Mrcartool\" \/>\n<meta property=\"article:modified_time\" content=\"2025-08-12T03:00:30+00:00\" \/>\n<meta property=\"og:image\" content=\"https:\/\/mrcartools.com\/wp-content\/uploads\/2025\/03\/5e74beaa-eecd-37a3-1ef5-39776ed846a7.jpg\" \/>\n\t<meta property=\"og:image:width\" content=\"1600\" \/>\n\t<meta property=\"og:image:height\" content=\"1600\" \/>\n\t<meta property=\"og:image:type\" content=\"image\/jpeg\" \/>\n<meta name=\"twitter:card\" content=\"summary_large_image\" \/>\n<meta name=\"twitter:label1\" content=\"Tiempo de lectura\" \/>\n\t<meta name=\"twitter:data1\" content=\"2 minutos\" \/>\n<script type=\"application\/ld+json\" class=\"yoast-schema-graph\">{\"@context\":\"https:\/\/schema.org\",\"@graph\":[{\"@type\":\"WebPage\",\"@id\":\"https:\/\/mrcartools.com\/product\/timing-chain-tool-camshaft-tool-porsche\/\",\"url\":\"https:\/\/mrcartools.com\/product\/timing-chain-tool-camshaft-tool-porsche\/\",\"name\":\"Engine Camshaft Timing Tool compatible for Porsche Cayenne Panamera V8 4.5L, 4.8L V6 3.6L - Mrcartool\",\"isPartOf\":{\"@id\":\"https:\/\/mrcartools.com\/#website\"},\"primaryImageOfPage\":{\"@id\":\"https:\/\/mrcartools.com\/product\/timing-chain-tool-camshaft-tool-porsche\/#primaryimage\"},\"image\":{\"@id\":\"https:\/\/mrcartools.com\/product\/timing-chain-tool-camshaft-tool-porsche\/#primaryimage\"},\"thumbnailUrl\":\"https:\/\/mrcartools.com\/wp-content\/uploads\/2025\/03\/5e74beaa-eecd-37a3-1ef5-39776ed846a7.jpg\",\"datePublished\":\"2025-03-11T06:00:12+00:00\",\"dateModified\":\"2025-08-12T03:00:30+00:00\",\"description\":\"Porsche Engine Camshaft Timing Tool ensure precise timing chain\/belt replacement, preventing engine damage from misalignment (e.g., valve\/piston contact or power loss).\",\"breadcrumb\":{\"@id\":\"https:\/\/mrcartools.com\/product\/timing-chain-tool-camshaft-tool-porsche\/#breadcrumb\"},\"inLanguage\":\"es\",\"potentialAction\":[{\"@type\":\"ReadAction\",\"target\":[\"https:\/\/mrcartools.com\/product\/timing-chain-tool-camshaft-tool-porsche\/\"]}]},{\"@type\":\"ImageObject\",\"inLanguage\":\"es\",\"@id\":\"https:\/\/mrcartools.com\/product\/timing-chain-tool-camshaft-tool-porsche\/#primaryimage\",\"url\":\"https:\/\/mrcartools.com\/wp-content\/uploads\/2025\/03\/5e74beaa-eecd-37a3-1ef5-39776ed846a7.jpg\",\"contentUrl\":\"https:\/\/mrcartools.com\/wp-content\/uploads\/2025\/03\/5e74beaa-eecd-37a3-1ef5-39776ed846a7.jpg\",\"width\":1600,\"height\":1600},{\"@type\":\"BreadcrumbList\",\"@id\":\"https:\/\/mrcartools.com\/product\/timing-chain-tool-camshaft-tool-porsche\/#breadcrumb\",\"itemListElement\":[{\"@type\":\"ListItem\",\"position\":1,\"name\":\"Home\",\"item\":\"https:\/\/mrcartools.com\/\"},{\"@type\":\"ListItem\",\"position\":2,\"name\":\"Shop\",\"item\":\"https:\/\/mrcartools.com\/shop-2\/\"},{\"@type\":\"ListItem\",\"position\":3,\"name\":\"Engine Camshaft Timing Tool compatible for Porsche Cayenne Panamera V8 4.5L, 4.8L V6 3.6L\"}]},{\"@type\":\"WebSite\",\"@id\":\"https:\/\/mrcartools.com\/#website\",\"url\":\"https:\/\/mrcartools.com\/\",\"name\":\"MRCARTOOL\",\"description\":\"MRCARTOOL Official Website\",\"publisher\":{\"@id\":\"https:\/\/mrcartools.com\/#organization\"},\"potentialAction\":[{\"@type\":\"SearchAction\",\"target\":{\"@type\":\"EntryPoint\",\"urlTemplate\":\"https:\/\/mrcartools.com\/?s={search_term_string}\"},\"query-input\":{\"@type\":\"PropertyValueSpecification\",\"valueRequired\":true,\"valueName\":\"search_term_string\"}}],\"inLanguage\":\"es\"},{\"@type\":\"Organization\",\"@id\":\"https:\/\/mrcartools.com\/#organization\",\"name\":\"MRCARTOOL\",\"url\":\"https:\/\/mrcartools.com\/\",\"logo\":{\"@type\":\"ImageObject\",\"inLanguage\":\"es\",\"@id\":\"https:\/\/mrcartools.com\/#\/schema\/logo\/image\/\",\"url\":\"https:\/\/mrcartools.com\/wp-content\/uploads\/2023\/07\/\u4e0a\u4f73\u6c7d\u8f66\u5de5\u5177-LOGO-2.png\",\"contentUrl\":\"https:\/\/mrcartools.com\/wp-content\/uploads\/2023\/07\/\u4e0a\u4f73\u6c7d\u8f66\u5de5\u5177-LOGO-2.png\",\"width\":1800,\"height\":402,\"caption\":\"MRCARTOOL\"},\"image\":{\"@id\":\"https:\/\/mrcartools.com\/#\/schema\/logo\/image\/\"}}]}<\/script>\n<!-- \/ Yoast SEO Premium plugin. -->","yoast_head_json":{"title":"Engine Camshaft Timing Tool compatible for Porsche Cayenne Panamera V8 4.5L, 4.8L V6 3.6L - Mrcartool","description":"Porsche Engine Camshaft Timing Tool ensure precise timing chain\/belt replacement, preventing engine damage from misalignment (e.g., valve\/piston contact or power loss).","robots":{"index":"index","follow":"follow","max-snippet":"max-snippet:-1","max-image-preview":"max-image-preview:large","max-video-preview":"max-video-preview:-1"},"canonical":"https:\/\/mrcartools.com\/es\/producto\/timing-chain-tool-camshaft-tool-porsche\/","og_locale":"es_MX","og_type":"article","og_title":"Engine Camshaft Timing Tool compatible for Porsche Cayenne Panamera V8 4.5L, 4.8L V6 3.6L","og_description":"Porsche Engine Camshaft Timing Tool ensure precise timing chain\/belt replacement, preventing engine damage from misalignment (e.g., valve\/piston contact or power loss).","og_url":"https:\/\/mrcartools.com\/es\/producto\/timing-chain-tool-camshaft-tool-porsche\/","og_site_name":"Mrcartool","article_modified_time":"2025-08-12T03:00:30+00:00","og_image":[{"width":1600,"height":1600,"url":"https:\/\/mrcartools.com\/wp-content\/uploads\/2025\/03\/5e74beaa-eecd-37a3-1ef5-39776ed846a7.jpg","type":"image\/jpeg"}],"twitter_card":"summary_large_image","twitter_misc":{"Tiempo de lectura":"2 minutos"},"schema":{"@context":"https:\/\/schema.org","@graph":[{"@type":"WebPage","@id":"https:\/\/mrcartools.com\/product\/timing-chain-tool-camshaft-tool-porsche\/","url":"https:\/\/mrcartools.com\/product\/timing-chain-tool-camshaft-tool-porsche\/","name":"Engine Camshaft Timing Tool compatible for Porsche Cayenne Panamera V8 4.5L, 4.8L V6 3.6L - Mrcartool","isPartOf":{"@id":"https:\/\/mrcartools.com\/#website"},"primaryImageOfPage":{"@id":"https:\/\/mrcartools.com\/product\/timing-chain-tool-camshaft-tool-porsche\/#primaryimage"},"image":{"@id":"https:\/\/mrcartools.com\/product\/timing-chain-tool-camshaft-tool-porsche\/#primaryimage"},"thumbnailUrl":"https:\/\/mrcartools.com\/wp-content\/uploads\/2025\/03\/5e74beaa-eecd-37a3-1ef5-39776ed846a7.jpg","datePublished":"2025-03-11T06:00:12+00:00","dateModified":"2025-08-12T03:00:30+00:00","description":"Porsche Engine Camshaft Timing Tool ensure precise timing chain\/belt replacement, preventing engine damage from misalignment (e.g., valve\/piston contact or power loss).","breadcrumb":{"@id":"https:\/\/mrcartools.com\/product\/timing-chain-tool-camshaft-tool-porsche\/#breadcrumb"},"inLanguage":"es","potentialAction":[{"@type":"ReadAction","target":["https:\/\/mrcartools.com\/product\/timing-chain-tool-camshaft-tool-porsche\/"]}]},{"@type":"ImageObject","inLanguage":"es","@id":"https:\/\/mrcartools.com\/product\/timing-chain-tool-camshaft-tool-porsche\/#primaryimage","url":"https:\/\/mrcartools.com\/wp-content\/uploads\/2025\/03\/5e74beaa-eecd-37a3-1ef5-39776ed846a7.jpg","contentUrl":"https:\/\/mrcartools.com\/wp-content\/uploads\/2025\/03\/5e74beaa-eecd-37a3-1ef5-39776ed846a7.jpg","width":1600,"height":1600},{"@type":"BreadcrumbList","@id":"https:\/\/mrcartools.com\/product\/timing-chain-tool-camshaft-tool-porsche\/#breadcrumb","itemListElement":[{"@type":"ListItem","position":1,"name":"Home","item":"https:\/\/mrcartools.com\/"},{"@type":"ListItem","position":2,"name":"Shop","item":"https:\/\/mrcartools.com\/shop-2\/"},{"@type":"ListItem","position":3,"name":"Engine Camshaft Timing Tool compatible for Porsche Cayenne Panamera V8 4.5L, 4.8L V6 3.6L"}]},{"@type":"WebSite","@id":"https:\/\/mrcartools.com\/#website","url":"https:\/\/mrcartools.com\/","name":"MRCARTOOL","description":"Sitio web oficial de MRCARTOOL","publisher":{"@id":"https:\/\/mrcartools.com\/#organization"},"potentialAction":[{"@type":"SearchAction","target":{"@type":"EntryPoint","urlTemplate":"https:\/\/mrcartools.com\/?s={search_term_string}"},"query-input":{"@type":"PropertyValueSpecification","valueRequired":true,"valueName":"search_term_string"}}],"inLanguage":"es"},{"@type":"Organization","@id":"https:\/\/mrcartools.com\/#organization","name":"MRCARTOOL","url":"https:\/\/mrcartools.com\/","logo":{"@type":"ImageObject","inLanguage":"es","@id":"https:\/\/mrcartools.com\/#\/schema\/logo\/image\/","url":"https:\/\/mrcartools.com\/wp-content\/uploads\/2023\/07\/\u4e0a\u4f73\u6c7d\u8f66\u5de5\u5177-LOGO-2.png","contentUrl":"https:\/\/mrcartools.com\/wp-content\/uploads\/2023\/07\/\u4e0a\u4f73\u6c7d\u8f66\u5de5\u5177-LOGO-2.png","width":1800,"height":402,"caption":"MRCARTOOL"},"image":{"@id":"https:\/\/mrcartools.com\/#\/schema\/logo\/image\/"}}]}},"_links":{"self":[{"href":"https:\/\/mrcartools.com\/es\/wp-json\/wp\/v2\/product\/8227","targetHints":{"allow":["GET"]}}],"collection":[{"href":"https:\/\/mrcartools.com\/es\/wp-json\/wp\/v2\/product"}],"about":[{"href":"https:\/\/mrcartools.com\/es\/wp-json\/wp\/v2\/types\/product"}],"version-history":[{"count":0,"href":"https:\/\/mrcartools.com\/es\/wp-json\/wp\/v2\/product\/8227\/revisions"}],"wp:featuredmedia":[{"embeddable":true,"href":"https:\/\/mrcartools.com\/es\/wp-json\/wp\/v2\/media\/8230"}],"wp:attachment":[{"href":"https:\/\/mrcartools.com\/es\/wp-json\/wp\/v2\/media?parent=8227"}],"wp:term":[{"taxonomy":"product_brand","embeddable":true,"href":"https:\/\/mrcartools.com\/es\/wp-json\/wp\/v2\/product_brand?post=8227"},{"taxonomy":"product_cat","embeddable":true,"href":"https:\/\/mrcartools.com\/es\/wp-json\/wp\/v2\/product_cat?post=8227"},{"taxonomy":"product_tag","embeddable":true,"href":"https:\/\/mrcartools.com\/es\/wp-json\/wp\/v2\/product_tag?post=8227"}],"curies":[{"name":"wp","href":"https:\/\/api.w.org\/{rel}","templated":true}]}}