{"id":8292,"date":"2025-03-12T10:00:23","date_gmt":"2025-03-12T10:00:23","guid":{"rendered":"https:\/\/mrcartools.com\/?post_type=product&#038;p=8292"},"modified":"2025-03-17T03:29:40","modified_gmt":"2025-03-17T03:29:40","slug":"anti-theft-license-plate-bolts-porsche","status":"publish","type":"product","link":"https:\/\/mrcartools.com\/es\/producto\/anti-theft-license-plate-bolts-porsche\/","title":{"rendered":"Pernos de matr\u00edcula antirrobo Porsche"},"content":{"rendered":"<section class=\"section\" id=\"section_410960582\">\n\t\t<div class=\"section-bg fill\" >\n\t\t\t\t\t\t\t\t\t\n\t\t\t\n\n\t\t<\/div>\n\n\t\t\n\n\t\t<div class=\"section-content relative\">\n\t\t\t\n<div class=\"row\"  id=\"row-1829335845\">\n<p hidden=\"\">Kit de recarga de refrigerante al vac\u00edo<\/p>\n\n\t<div id=\"col-2036630252\" class=\"col small-12 large-12\"  >\n\t\t\t\t<div class=\"col-inner\"  >\n\t\t\t\n\t\t\t\n<h3><strong>Antirrobo Pernos de matr\u00edcula Porsche perno de la placa tiene un dise\u00f1o \u00fanico con el n\u00famero exclusivo y la ubicaci\u00f3n exclusiva, y est\u00e1 hecho de acero de alta dureza, que es altamente resistente al desgaste y puede mantener un buen rendimiento incluso en ambientes hostiles. y puede mantener un buen rendimiento incluso en ambientes hostiles. La instalaci\u00f3n tambi\u00e9n es muy f\u00e1cil, usted puede manejar f\u00e1cilmente por s\u00ed mismo.<\/strong><\/h3>\n<div class=\"detailmodule_image\">\n<div class=\"row\"  id=\"row-1362876597\">\n\t<div id=\"col-1045729123\" class=\"col small-12 large-12\"  >\n\t\t\t\t<div class=\"col-inner\"  >\n\t\t\t\n\t\t\t\n\n\t<a class=\"plain\" href=\"https:\/\/api.whatsapp.com\/send\/?phone=%2B8618923768146&#038;text=onlinesupport\" target=\"_blank\" rel=\"noopener\" >\t<div class=\"icon-box featured-box icon-box-center text-center\"  >\n\t\t\t\t\t<div class=\"icon-box-img\" style=\"width: 54px\">\n\t\t\t\t<div class=\"icon\">\n\t\t\t\t\t<div class=\"icon-inner\" >\n\t\t\t\t\t\t<img decoding=\"async\" width=\"128\" height=\"128\" src=\"https:\/\/mrcartools.com\/wp-content\/uploads\/2022\/03\/\u5bfb\u627e\u641c\u7d22_333333_128_21559135.png\" class=\"attachment-medium size-medium wvs-archive-product-image\" alt=\"\" srcset=\"\/\/mrcartools.com\/wp-content\/uploads\/2022\/03\/\u5bfb\u627e\u641c\u7d22_333333_128_21559135.png 128w, \/\/mrcartools.com\/wp-content\/uploads\/2022\/03\/\u5bfb\u627e\u641c\u7d22_333333_128_21559135-100x100.png 100w, \/\/mrcartools.com\/wp-content\/uploads\/2022\/03\/\u5bfb\u627e\u641c\u7d22_333333_128_21559135-50x50.png 50w\" sizes=\"(max-width: 128px) 100vw, 128px\" \/>\t\t\t\t\t<\/div>\n\t\t\t\t<\/div>\n\t\t\t<\/div>\n\t\t\t\t<div class=\"icon-box-text last-reset\">\n\t\t\t\t\t\t\t\t\t\n\t<div id=\"text-4013120099\" class=\"text\">\n\t\t\n<h3><a href=\"https:\/\/api.whatsapp.com\/send\/?phone=%2B8618923768146&amp;text=onlinesupport\"><em><strong>Centro de ayuda<\/strong><\/em><\/a><\/h3>\n\t\t\n<style>\n#text-4013120099 {\n  font-size: 0.9rem;\n}\n<\/style>\n\t<\/div>\n\t\n\t\t<\/div>\n\t<\/div>\n\t<\/a>\n\t\n\t\t<\/div>\n\t\t\t\t\t<\/div>\n\n\t\n<\/div>\n<div class=\"accordion\">\n\t<div id=\"accordion-1181192376\" class=\"accordion-item\">\n\t\t<a id=\"accordion-1181192376-label\" class=\"accordion-title plain active\" href=\"#accordion-item-\ud83d\udcddwarm-tips\" aria-expanded=\"true\" aria-controls=\"accordion-1181192376-content\">\n\t\t\t<button class=\"toggle\" aria-label=\"Toggle\"><i class=\"icon-angle-down\" aria-hidden=\"true\"><\/i><\/button>\n\t\t\t<span>\ud83d\udcddConsejos<\/span>\n\t\t<\/a>\n\t\t<div id=\"accordion-1181192376-content\" class=\"accordion-inner\" style=\"display: block;\" aria-labelledby=\"accordion-1181192376-label\">\n\t\t\t\n<ul>\n<li>1. Antirrobo Pernos de la placa Porsche Antes de desmontar los tornillos antes de que el primer borde del primer agente de aflojamiento de pulverizaci\u00f3n, no directamente rociado a la ciruela, para rociar el menor n\u00famero de veces posible, espere un tiempo para dejar que el agente de aflojamiento para penetrar en.<\/li>\n<li>2. Despu\u00e9s de rociar el aflojador de tornillos se puede desmontar en la direcci\u00f3n de cincelado tornillos antirrobo.<\/li>\n<li>3. Limpiaremos los restos en la ranura, alinearemos el manguito con los tornillos y golpearemos suavemente la chaveta y los tornillos con un martillo para asegurar un contacto completo.<\/li>\n<\/ul>\n\t\t<\/div>\n\t<\/div>\n\t\n<\/div>\n\t\t<\/div>\n\t\t\t\t\t<\/div>\n\n\t\n<\/div>\n\t\t<\/div>\n\n\t\t\n<style>\n#section_410960582 {\n  padding-top: 0px;\n  padding-bottom: 0px;\n}\n<\/style>\n\t<\/section>\n\t\n<h3 style=\"text-align: center;\"><b>MRCARTOOL Antirrobo Pernos de matr\u00edcula Caracter\u00edsticas<\/b><\/h3>\n<div class=\"accordion\">\n\t<div id=\"accordion-4041224323\" class=\"accordion-item\">\n\t\t<a id=\"accordion-4041224323-label\" class=\"accordion-title plain active\" href=\"#accordion-item-features\" aria-expanded=\"true\" aria-controls=\"accordion-4041224323-content\">\n\t\t\t<button class=\"toggle\" aria-label=\"Toggle\"><i class=\"icon-angle-down\" aria-hidden=\"true\"><\/i><\/button>\n\t\t\t<span>Caracter\u00edsticas<\/span>\n\t\t<\/a>\n\t\t<div id=\"accordion-4041224323-content\" class=\"accordion-inner\" style=\"display: block;\" aria-labelledby=\"accordion-4041224323-label\">\n\t\t\t\n<ul>\n<li><strong>Alta calidad:<\/strong> Hecho de acero puro CR-V, robusto y no f\u00e1cil de deformar, larga vida \u00fatil.<br \/>\nDoble antirrobo:<\/li>\n<li><strong>C\u00f3digo exclusivo:<\/strong> Diferentes modelos son adecuados para diferentes anchuras, con un error de 1 mil\u00edmetro. Varias especificaciones, ampliamente aplicables.<\/li>\n<li><strong>Larga vida \u00fatil:<\/strong> Tratamos la superficie con un tratamiento antioxidante y anticorrosi\u00f3n, lo que le confiere belleza, elegancia y resistencia a la oxidaci\u00f3n.<br \/>\nJuego de herramientas port\u00e1til: almacenamiento c\u00f3modo y conciso, f\u00e1cil de guardar<\/li>\n<li><strong>Garant\u00eda:<\/strong> MRCARTOOL ofrece una garant\u00eda de 24 meses y 7\u00d724 horas de amable servicio al cliente para asegurar su experiencia de compra.<\/li>\n<\/ul>\n<a href=\"https:\/\/api.whatsapp.com\/send\/?phone=%2B8618923768146&#038;text=onlinesupport\" target=\"_blank\" class=\"button primary is-outline is-smaller\" rel=\"noopener\" style=\"border-radius:30px;\">\n\t\t<span>asistencia en l\u00ednea<\/span>\n\t<\/a>\n\n\t\t<\/div>\n\t<\/div>\n\t\n<\/div>\n\t<div class=\"img has-hover x md-x lg-x y md-y lg-y\" id=\"image_1774384496\">\n\t\t\t\t\t\t\t\t<div class=\"img-inner dark\" >\n\t\t\t<img fetchpriority=\"high\" decoding=\"async\" width=\"1600\" height=\"1600\" src=\"https:\/\/mrcartools.com\/wp-content\/uploads\/2025\/03\/e0d427c5-d274-458b-98d1-1dad17e10199.jpg\" class=\"attachment-original size-original wvs-archive-product-image\" alt=\"\" srcset=\"\/\/mrcartools.com\/wp-content\/uploads\/2025\/03\/e0d427c5-d274-458b-98d1-1dad17e10199.jpg 1600w, \/\/mrcartools.com\/wp-content\/uploads\/2025\/03\/e0d427c5-d274-458b-98d1-1dad17e10199-150x150.jpg 150w, \/\/mrcartools.com\/wp-content\/uploads\/2025\/03\/e0d427c5-d274-458b-98d1-1dad17e10199-768x768.jpg 768w, \/\/mrcartools.com\/wp-content\/uploads\/2025\/03\/e0d427c5-d274-458b-98d1-1dad17e10199-1536x1536.jpg 1536w, \/\/mrcartools.com\/wp-content\/uploads\/2025\/03\/e0d427c5-d274-458b-98d1-1dad17e10199-253x253.jpg 253w, \/\/mrcartools.com\/wp-content\/uploads\/2025\/03\/e0d427c5-d274-458b-98d1-1dad17e10199-510x510.jpg 510w, \/\/mrcartools.com\/wp-content\/uploads\/2025\/03\/e0d427c5-d274-458b-98d1-1dad17e10199-100x100.jpg 100w, \/\/mrcartools.com\/wp-content\/uploads\/2025\/03\/e0d427c5-d274-458b-98d1-1dad17e10199-50x50.jpg 50w\" sizes=\"(max-width: 1600px) 100vw, 1600px\" \/>\t\t\t\t\t\t\n\t\t\t\t\t<\/div>\n\t\t\t\t\t\t\t\t\n<style>\n#image_1774384496 {\n  width: 100%;\n}\n<\/style>\n\t<\/div>\n\t\n\n\t<section class=\"section\" id=\"section_53836776\">\n\t\t<div class=\"section-bg fill\" >\n\t\t\t\t\t\t\t\t\t\n\t\t\t\n\n\t\t<\/div>\n\n\t\t\n\n\t\t<div class=\"section-content relative\">\n\t\t\t\n<div class=\"row\"  id=\"row-106055581\">\n\n\t<div id=\"col-359703723\" class=\"col small-12 large-12\"  >\n\t\t\t\t<div class=\"col-inner\"  >\n\t\t\t\n\t\t\t\n<h3><strong>Lista de embalaje<\/strong><\/h3>\n\t<div class=\"img has-hover x md-x lg-x y md-y lg-y\" id=\"image_1626718189\">\n\t\t\t\t\t\t\t\t<div class=\"img-inner dark\" >\n\t\t\t<img decoding=\"async\" width=\"1600\" height=\"1600\" src=\"https:\/\/mrcartools.com\/wp-content\/uploads\/2025\/03\/487a63ae-8af4-4fca-8cf3-3b06243cea82.jpg\" class=\"attachment-original size-original wvs-archive-product-image\" alt=\"\" srcset=\"\/\/mrcartools.com\/wp-content\/uploads\/2025\/03\/487a63ae-8af4-4fca-8cf3-3b06243cea82.jpg 1600w, \/\/mrcartools.com\/wp-content\/uploads\/2025\/03\/487a63ae-8af4-4fca-8cf3-3b06243cea82-150x150.jpg 150w, \/\/mrcartools.com\/wp-content\/uploads\/2025\/03\/487a63ae-8af4-4fca-8cf3-3b06243cea82-768x768.jpg 768w, \/\/mrcartools.com\/wp-content\/uploads\/2025\/03\/487a63ae-8af4-4fca-8cf3-3b06243cea82-1536x1536.jpg 1536w, \/\/mrcartools.com\/wp-content\/uploads\/2025\/03\/487a63ae-8af4-4fca-8cf3-3b06243cea82-253x253.jpg 253w, \/\/mrcartools.com\/wp-content\/uploads\/2025\/03\/487a63ae-8af4-4fca-8cf3-3b06243cea82-510x510.jpg 510w, \/\/mrcartools.com\/wp-content\/uploads\/2025\/03\/487a63ae-8af4-4fca-8cf3-3b06243cea82-100x100.jpg 100w, \/\/mrcartools.com\/wp-content\/uploads\/2025\/03\/487a63ae-8af4-4fca-8cf3-3b06243cea82-50x50.jpg 50w\" sizes=\"(max-width: 1600px) 100vw, 1600px\" \/>\t\t\t\t\t\t\n\t\t\t\t\t<\/div>\n\t\t\t\t\t\t\t\t\n<style>\n#image_1626718189 {\n  width: 100%;\n}\n<\/style>\n\t<\/div>\n\t\n\t\t<\/div>\n\t\t\t\t\t<\/div>\n\n\t\n<\/div>\n\t\t<\/div>\n\n\t\t\n<style>\n#section_53836776 {\n  padding-top: 30px;\n  padding-bottom: 30px;\n}\n<\/style>\n\t<\/section>\n\t\n<\/div>","protected":false},"excerpt":{"rendered":"<ul>\n<li><strong>Alta calidad:<\/strong> Hecho de acero puro CR-V, robusto y no f\u00e1cil de deformar, larga vida \u00fatil.<br \/>\nDoble antirrobo:<\/li>\n<li><strong>C\u00f3digo exclusivo:<\/strong> Diferentes modelos son adecuados para diferentes anchuras, con un error de 1 mil\u00edmetro. Varias especificaciones, ampliamente aplicables.<\/li>\n<li><strong>Larga vida \u00fatil:<\/strong>\u00a0 Tratamos la superficie con tratamiento antioxidante y anticorrosi\u00f3n, por lo que es hermoso, elegante y resistente a la oxidaci\u00f3n. Kit de herramientas port\u00e1til de almacenamiento: almacenamiento conveniente y conciso, f\u00e1cil de mantener el almacenamiento.<\/li>\n<\/ul>","protected":false},"featured_media":8294,"template":"","meta":[],"product_brand":[],"product_cat":[140,149],"product_tag":[],"class_list":{"0":"post-8292","1":"product","2":"type-product","3":"status-publish","4":"has-post-thumbnail","6":"product_cat-automotive-hand-tools","7":"product_cat-wheel-lock-removal-tool","8":"product_shipping_class-weight","9":"pa_ship-from-china","10":"pa_ship-from-germany","11":"pa_ship-from-united-kingdom","12":"pa_ship-from-united-states","14":"first","15":"instock","16":"shipping-taxable","17":"product-type-variable","18":"wvs-archive-product-wrapper"},"yoast_head":"<!-- This site is optimized with the Yoast SEO Premium plugin v24.4 (Yoast SEO v24.4) - https:\/\/yoast.com\/wordpress\/plugins\/seo\/ -->\n<title>Anti Theft License Plate Bolts Porsche - Mrcartool<\/title>\n<meta name=\"description\" content=\"Porsche anti-theft license plate bolts are made of high-hardness steel that is highly resistant to abrasion, even in harsh environments.\" \/>\n<meta name=\"robots\" content=\"index, follow, max-snippet:-1, max-image-preview:large, max-video-preview:-1\" \/>\n<link rel=\"canonical\" href=\"https:\/\/mrcartools.com\/es\/producto\/anti-theft-license-plate-bolts-porsche\/\" \/>\n<meta property=\"og:locale\" content=\"es_MX\" \/>\n<meta property=\"og:type\" content=\"article\" \/>\n<meta property=\"og:title\" content=\"Anti Theft License Plate Bolts Porsche\" \/>\n<meta property=\"og:description\" content=\"Porsche anti-theft license plate bolts are made of high-hardness steel that is highly resistant to abrasion, even in harsh environments.\" \/>\n<meta property=\"og:url\" content=\"https:\/\/mrcartools.com\/es\/producto\/anti-theft-license-plate-bolts-porsche\/\" \/>\n<meta property=\"og:site_name\" content=\"Mrcartool\" \/>\n<meta property=\"article:modified_time\" content=\"2025-03-17T03:29:40+00:00\" \/>\n<meta property=\"og:image\" content=\"https:\/\/mrcartools.com\/wp-content\/uploads\/2025\/03\/487a63ae-8af4-4fca-8cf3-3b06243cea82.jpg\" \/>\n\t<meta property=\"og:image:width\" content=\"1600\" \/>\n\t<meta property=\"og:image:height\" content=\"1600\" \/>\n\t<meta property=\"og:image:type\" content=\"image\/jpeg\" \/>\n<meta name=\"twitter:card\" content=\"summary_large_image\" \/>\n<meta name=\"twitter:label1\" content=\"Tiempo de lectura\" \/>\n\t<meta name=\"twitter:data1\" content=\"2 minutos\" \/>\n<script type=\"application\/ld+json\" class=\"yoast-schema-graph\">{\"@context\":\"https:\/\/schema.org\",\"@graph\":[{\"@type\":\"WebPage\",\"@id\":\"https:\/\/mrcartools.com\/product\/anti-theft-license-plate-bolts-porsche\/\",\"url\":\"https:\/\/mrcartools.com\/product\/anti-theft-license-plate-bolts-porsche\/\",\"name\":\"Anti Theft License Plate Bolts Porsche - Mrcartool\",\"isPartOf\":{\"@id\":\"https:\/\/mrcartools.com\/#website\"},\"primaryImageOfPage\":{\"@id\":\"https:\/\/mrcartools.com\/product\/anti-theft-license-plate-bolts-porsche\/#primaryimage\"},\"image\":{\"@id\":\"https:\/\/mrcartools.com\/product\/anti-theft-license-plate-bolts-porsche\/#primaryimage\"},\"thumbnailUrl\":\"https:\/\/mrcartools.com\/wp-content\/uploads\/2025\/03\/487a63ae-8af4-4fca-8cf3-3b06243cea82.jpg\",\"datePublished\":\"2025-03-12T10:00:23+00:00\",\"dateModified\":\"2025-03-17T03:29:40+00:00\",\"description\":\"Porsche anti-theft license plate bolts are made of high-hardness steel that is highly resistant to abrasion, even in harsh environments.\",\"breadcrumb\":{\"@id\":\"https:\/\/mrcartools.com\/product\/anti-theft-license-plate-bolts-porsche\/#breadcrumb\"},\"inLanguage\":\"es\",\"potentialAction\":[{\"@type\":\"ReadAction\",\"target\":[\"https:\/\/mrcartools.com\/product\/anti-theft-license-plate-bolts-porsche\/\"]}]},{\"@type\":\"ImageObject\",\"inLanguage\":\"es\",\"@id\":\"https:\/\/mrcartools.com\/product\/anti-theft-license-plate-bolts-porsche\/#primaryimage\",\"url\":\"https:\/\/mrcartools.com\/wp-content\/uploads\/2025\/03\/487a63ae-8af4-4fca-8cf3-3b06243cea82.jpg\",\"contentUrl\":\"https:\/\/mrcartools.com\/wp-content\/uploads\/2025\/03\/487a63ae-8af4-4fca-8cf3-3b06243cea82.jpg\",\"width\":1600,\"height\":1600},{\"@type\":\"BreadcrumbList\",\"@id\":\"https:\/\/mrcartools.com\/product\/anti-theft-license-plate-bolts-porsche\/#breadcrumb\",\"itemListElement\":[{\"@type\":\"ListItem\",\"position\":1,\"name\":\"Home\",\"item\":\"https:\/\/mrcartools.com\/\"},{\"@type\":\"ListItem\",\"position\":2,\"name\":\"Shop\",\"item\":\"https:\/\/mrcartools.com\/shop-2\/\"},{\"@type\":\"ListItem\",\"position\":3,\"name\":\"Anti Theft License Plate Bolts Porsche\"}]},{\"@type\":\"WebSite\",\"@id\":\"https:\/\/mrcartools.com\/#website\",\"url\":\"https:\/\/mrcartools.com\/\",\"name\":\"MRCARTOOL\",\"description\":\"MRCARTOOL Official Website\",\"publisher\":{\"@id\":\"https:\/\/mrcartools.com\/#organization\"},\"potentialAction\":[{\"@type\":\"SearchAction\",\"target\":{\"@type\":\"EntryPoint\",\"urlTemplate\":\"https:\/\/mrcartools.com\/?s={search_term_string}\"},\"query-input\":{\"@type\":\"PropertyValueSpecification\",\"valueRequired\":true,\"valueName\":\"search_term_string\"}}],\"inLanguage\":\"es\"},{\"@type\":\"Organization\",\"@id\":\"https:\/\/mrcartools.com\/#organization\",\"name\":\"MRCARTOOL\",\"url\":\"https:\/\/mrcartools.com\/\",\"logo\":{\"@type\":\"ImageObject\",\"inLanguage\":\"es\",\"@id\":\"https:\/\/mrcartools.com\/#\/schema\/logo\/image\/\",\"url\":\"https:\/\/mrcartools.com\/wp-content\/uploads\/2023\/07\/\u4e0a\u4f73\u6c7d\u8f66\u5de5\u5177-LOGO-2.png\",\"contentUrl\":\"https:\/\/mrcartools.com\/wp-content\/uploads\/2023\/07\/\u4e0a\u4f73\u6c7d\u8f66\u5de5\u5177-LOGO-2.png\",\"width\":1800,\"height\":402,\"caption\":\"MRCARTOOL\"},\"image\":{\"@id\":\"https:\/\/mrcartools.com\/#\/schema\/logo\/image\/\"}}]}<\/script>\n<!-- \/ Yoast SEO Premium plugin. -->","yoast_head_json":{"title":"Anti Theft License Plate Bolts Porsche - Mrcartool","description":"Porsche anti-theft license plate bolts are made of high-hardness steel that is highly resistant to abrasion, even in harsh environments.","robots":{"index":"index","follow":"follow","max-snippet":"max-snippet:-1","max-image-preview":"max-image-preview:large","max-video-preview":"max-video-preview:-1"},"canonical":"https:\/\/mrcartools.com\/es\/producto\/anti-theft-license-plate-bolts-porsche\/","og_locale":"es_MX","og_type":"article","og_title":"Anti Theft License Plate Bolts Porsche","og_description":"Porsche anti-theft license plate bolts are made of high-hardness steel that is highly resistant to abrasion, even in harsh environments.","og_url":"https:\/\/mrcartools.com\/es\/producto\/anti-theft-license-plate-bolts-porsche\/","og_site_name":"Mrcartool","article_modified_time":"2025-03-17T03:29:40+00:00","og_image":[{"width":1600,"height":1600,"url":"https:\/\/mrcartools.com\/wp-content\/uploads\/2025\/03\/487a63ae-8af4-4fca-8cf3-3b06243cea82.jpg","type":"image\/jpeg"}],"twitter_card":"summary_large_image","twitter_misc":{"Tiempo de lectura":"2 minutos"},"schema":{"@context":"https:\/\/schema.org","@graph":[{"@type":"WebPage","@id":"https:\/\/mrcartools.com\/product\/anti-theft-license-plate-bolts-porsche\/","url":"https:\/\/mrcartools.com\/product\/anti-theft-license-plate-bolts-porsche\/","name":"Anti Theft License Plate Bolts Porsche - Mrcartool","isPartOf":{"@id":"https:\/\/mrcartools.com\/#website"},"primaryImageOfPage":{"@id":"https:\/\/mrcartools.com\/product\/anti-theft-license-plate-bolts-porsche\/#primaryimage"},"image":{"@id":"https:\/\/mrcartools.com\/product\/anti-theft-license-plate-bolts-porsche\/#primaryimage"},"thumbnailUrl":"https:\/\/mrcartools.com\/wp-content\/uploads\/2025\/03\/487a63ae-8af4-4fca-8cf3-3b06243cea82.jpg","datePublished":"2025-03-12T10:00:23+00:00","dateModified":"2025-03-17T03:29:40+00:00","description":"Porsche anti-theft license plate bolts are made of high-hardness steel that is highly resistant to abrasion, even in harsh environments.","breadcrumb":{"@id":"https:\/\/mrcartools.com\/product\/anti-theft-license-plate-bolts-porsche\/#breadcrumb"},"inLanguage":"es","potentialAction":[{"@type":"ReadAction","target":["https:\/\/mrcartools.com\/product\/anti-theft-license-plate-bolts-porsche\/"]}]},{"@type":"ImageObject","inLanguage":"es","@id":"https:\/\/mrcartools.com\/product\/anti-theft-license-plate-bolts-porsche\/#primaryimage","url":"https:\/\/mrcartools.com\/wp-content\/uploads\/2025\/03\/487a63ae-8af4-4fca-8cf3-3b06243cea82.jpg","contentUrl":"https:\/\/mrcartools.com\/wp-content\/uploads\/2025\/03\/487a63ae-8af4-4fca-8cf3-3b06243cea82.jpg","width":1600,"height":1600},{"@type":"BreadcrumbList","@id":"https:\/\/mrcartools.com\/product\/anti-theft-license-plate-bolts-porsche\/#breadcrumb","itemListElement":[{"@type":"ListItem","position":1,"name":"Home","item":"https:\/\/mrcartools.com\/"},{"@type":"ListItem","position":2,"name":"Shop","item":"https:\/\/mrcartools.com\/shop-2\/"},{"@type":"ListItem","position":3,"name":"Anti Theft License Plate Bolts Porsche"}]},{"@type":"WebSite","@id":"https:\/\/mrcartools.com\/#website","url":"https:\/\/mrcartools.com\/","name":"MRCARTOOL","description":"Sitio web oficial de MRCARTOOL","publisher":{"@id":"https:\/\/mrcartools.com\/#organization"},"potentialAction":[{"@type":"SearchAction","target":{"@type":"EntryPoint","urlTemplate":"https:\/\/mrcartools.com\/?s={search_term_string}"},"query-input":{"@type":"PropertyValueSpecification","valueRequired":true,"valueName":"search_term_string"}}],"inLanguage":"es"},{"@type":"Organization","@id":"https:\/\/mrcartools.com\/#organization","name":"MRCARTOOL","url":"https:\/\/mrcartools.com\/","logo":{"@type":"ImageObject","inLanguage":"es","@id":"https:\/\/mrcartools.com\/#\/schema\/logo\/image\/","url":"https:\/\/mrcartools.com\/wp-content\/uploads\/2023\/07\/\u4e0a\u4f73\u6c7d\u8f66\u5de5\u5177-LOGO-2.png","contentUrl":"https:\/\/mrcartools.com\/wp-content\/uploads\/2023\/07\/\u4e0a\u4f73\u6c7d\u8f66\u5de5\u5177-LOGO-2.png","width":1800,"height":402,"caption":"MRCARTOOL"},"image":{"@id":"https:\/\/mrcartools.com\/#\/schema\/logo\/image\/"}}]}},"_links":{"self":[{"href":"https:\/\/mrcartools.com\/es\/wp-json\/wp\/v2\/product\/8292","targetHints":{"allow":["GET"]}}],"collection":[{"href":"https:\/\/mrcartools.com\/es\/wp-json\/wp\/v2\/product"}],"about":[{"href":"https:\/\/mrcartools.com\/es\/wp-json\/wp\/v2\/types\/product"}],"version-history":[{"count":0,"href":"https:\/\/mrcartools.com\/es\/wp-json\/wp\/v2\/product\/8292\/revisions"}],"wp:featuredmedia":[{"embeddable":true,"href":"https:\/\/mrcartools.com\/es\/wp-json\/wp\/v2\/media\/8294"}],"wp:attachment":[{"href":"https:\/\/mrcartools.com\/es\/wp-json\/wp\/v2\/media?parent=8292"}],"wp:term":[{"taxonomy":"product_brand","embeddable":true,"href":"https:\/\/mrcartools.com\/es\/wp-json\/wp\/v2\/product_brand?post=8292"},{"taxonomy":"product_cat","embeddable":true,"href":"https:\/\/mrcartools.com\/es\/wp-json\/wp\/v2\/product_cat?post=8292"},{"taxonomy":"product_tag","embeddable":true,"href":"https:\/\/mrcartools.com\/es\/wp-json\/wp\/v2\/product_tag?post=8292"}],"curies":[{"name":"wp","href":"https:\/\/api.w.org\/{rel}","templated":true}]}}