{"id":8958,"date":"2025-04-09T02:04:29","date_gmt":"2025-04-09T02:04:29","guid":{"rendered":"https:\/\/mrcartools.com\/?post_type=product&#038;p=8958"},"modified":"2025-04-09T02:10:06","modified_gmt":"2025-04-09T02:10:06","slug":"digital-tire-inflator-dy19","status":"publish","type":"product","link":"https:\/\/mrcartools.com\/es\/producto\/digital-tire-inflator-dy19\/","title":{"rendered":"Inflador digital de neum\u00e1ticos con man\u00f3metro y profund\u00edmetro DY19"},"content":{"rendered":"<section class=\"section\" id=\"section_1186729038\">\n\t\t<div class=\"section-bg fill\" >\n\t\t\t\t\t\t\t\t\t\n\t\t\t\n\n\t\t<\/div>\n\n\t\t\n\n\t\t<div class=\"section-content relative\">\n\t\t\t\n<h3><strong>La pistola infladora de neum\u00e1ticos digital inteligente DY19 es una herramienta multifuncional dise\u00f1ada para el mantenimiento y la reparaci\u00f3n de neum\u00e1ticos de veh\u00edculos, que puede inflar y desinflar neum\u00e1ticos de veh\u00edculos, detectar la presi\u00f3n de los neum\u00e1ticos y detectar la profundidad de la ranura de la banda de rodadura del neum\u00e1tico.<\/strong><\/p>\n\t<div id=\"text-184774027\" class=\"text\">\n\t\t\n<\/h3>\n<div class=\"detailmodule_image\">\n<h3><strong>Comprobador de protocolos de diagn\u00f3stico del autom\u00f3vil DY29 Funciones<\/strong><\/h3>\n\t\t\n<style>\n#text-184774027 {\n  text-align: center;\n}\n<\/style>\n\t<\/div>\n\t\n<div class=\"accordion\">\n\t<div id=\"accordion-2121754521\" class=\"accordion-item\">\n\t\t<a id=\"accordion-2121754521-label\" class=\"accordion-title plain active\" href=\"#accordion-item-features\" aria-expanded=\"true\" aria-controls=\"accordion-2121754521-content\">\n\t\t\t<button class=\"toggle\" aria-label=\"Toggle\"><i class=\"icon-angle-down\" aria-hidden=\"true\"><\/i><\/button>\n\t\t\t<span>Caracter\u00edsticas<\/span>\n\t\t<\/a>\n\t\t<div id=\"accordion-2121754521-content\" class=\"accordion-inner\" style=\"display: block;\" aria-labelledby=\"accordion-2121754521-label\">\n\t\t\t\n<ul>\n<li>Gracias a la pantalla digital de cristal l\u00edquido, la lectura de las fechas es intuitiva, r\u00e1pida y precisa. Las lecturas pueden cambiarse a diferentes unidades de lectura seg\u00fan las necesidades y los h\u00e1bitos de uso.<\/li>\n<li>Pantalla LCD con retroiluminaci\u00f3n, en el entorno cuando la luz es<br \/>\nd\u00e9bil puede ver f\u00e1cilmente el valor.<\/li>\n<li>Puesta a cero y correcci\u00f3n autom\u00e1ticas, listas para usar cuando se activan.<\/li>\n<li>Regla de profundidad de banda de rodadura incorporada, pr\u00e1ctica para comprobar la profundidad de la banda de rodadura del neum\u00e1tico<br \/>\nal reparar neum\u00e1ticos.<\/li>\n<li>Apagado autom\u00e1tico.<\/li>\n<li>MRCARTOOL ofrece 48 meses de garant\u00eda y 7\u00d724 horas de servicio al cliente amigable para asegurar su experiencia de compra. Si tiene alguna pregunta sobre Evap Leak Tester, p\u00f3ngase en contacto con nosotros directamente.<\/li>\n<\/ul>\n<a href=\"https:\/\/api.whatsapp.com\/send\/?phone=%2B8618923768146&#038;text=onlinesupport\" target=\"_blank\" class=\"button primary is-outline is-smaller\" rel=\"noopener\" style=\"border-radius:30px;\">\n\t\t<span>asistencia en l\u00ednea<\/span>\n\t<\/a>\n\n\t\t<\/div>\n\t<\/div>\n\t\n<\/div>\n\t\t<\/div>\n\n\t\t\n<style>\n#section_1186729038 {\n  padding-top: 30px;\n  padding-bottom: 30px;\n}\n<\/style>\n\t<\/section>\n\t\n\n\t<section class=\"section\" id=\"section_2073372020\">\n\t\t<div class=\"section-bg fill\" >\n\t\t\t\t\t\t\t\t\t\n\t\t\t\n\n\t\t<\/div>\n\n\t\t\n\n\t\t<div class=\"section-content relative\">\n\t\t\t\n<div class=\"row\"  id=\"row-1289889458\">\n\n\t<div id=\"col-1714588043\" class=\"col medium-6 small-12 large-6\"  >\n\t\t\t\t<div class=\"col-inner\"  >\n\t\t\t\n\t\t\t\n\t<div class=\"img has-hover x md-x lg-x y md-y lg-y\" id=\"image_1833929265\">\n\t\t\t\t\t\t\t\t<div class=\"img-inner dark\" >\n\t\t\t<img fetchpriority=\"high\" decoding=\"async\" width=\"1200\" height=\"1200\" src=\"https:\/\/mrcartools.com\/wp-content\/uploads\/2025\/04\/da92af84-62b0-462c-997f-1b33900975be.jpg\" class=\"attachment-original size-original wvs-archive-product-image\" alt=\"\" srcset=\"\/\/mrcartools.com\/wp-content\/uploads\/2025\/04\/da92af84-62b0-462c-997f-1b33900975be.jpg 1200w, \/\/mrcartools.com\/wp-content\/uploads\/2025\/04\/da92af84-62b0-462c-997f-1b33900975be-150x150.jpg 150w, \/\/mrcartools.com\/wp-content\/uploads\/2025\/04\/da92af84-62b0-462c-997f-1b33900975be-768x768.jpg 768w, \/\/mrcartools.com\/wp-content\/uploads\/2025\/04\/da92af84-62b0-462c-997f-1b33900975be-253x253.jpg 253w, \/\/mrcartools.com\/wp-content\/uploads\/2025\/04\/da92af84-62b0-462c-997f-1b33900975be-510x510.jpg 510w, \/\/mrcartools.com\/wp-content\/uploads\/2025\/04\/da92af84-62b0-462c-997f-1b33900975be-100x100.jpg 100w, \/\/mrcartools.com\/wp-content\/uploads\/2025\/04\/da92af84-62b0-462c-997f-1b33900975be-50x50.jpg 50w\" sizes=\"(max-width: 1200px) 100vw, 1200px\" \/>\t\t\t\t\t\t\n\t\t\t\t\t<\/div>\n\t\t\t\t\t\t\t\t\n<style>\n#image_1833929265 {\n  width: 100%;\n}\n<\/style>\n\t<\/div>\n\t\n\t\t<\/div>\n\t\t\t\t\t<\/div>\n\n\t\n\n\t<div id=\"col-699004499\" class=\"col medium-6 small-12 large-6\"  >\n\t\t\t\t<div class=\"col-inner\"  >\n\t\t\t\n\t\t\t\n\t<div class=\"img has-hover x md-x lg-x y md-y lg-y\" id=\"image_1311997274\">\n\t\t\t\t\t\t\t\t<div class=\"img-inner dark\" >\n\t\t\t<img decoding=\"async\" width=\"1200\" height=\"1200\" src=\"https:\/\/mrcartools.com\/wp-content\/uploads\/2025\/04\/a024446f-c2a5-4d06-94dc-b75e42f1e883.jpg\" class=\"attachment-original size-original wvs-archive-product-image\" alt=\"\" srcset=\"\/\/mrcartools.com\/wp-content\/uploads\/2025\/04\/a024446f-c2a5-4d06-94dc-b75e42f1e883.jpg 1200w, \/\/mrcartools.com\/wp-content\/uploads\/2025\/04\/a024446f-c2a5-4d06-94dc-b75e42f1e883-150x150.jpg 150w, \/\/mrcartools.com\/wp-content\/uploads\/2025\/04\/a024446f-c2a5-4d06-94dc-b75e42f1e883-768x768.jpg 768w, \/\/mrcartools.com\/wp-content\/uploads\/2025\/04\/a024446f-c2a5-4d06-94dc-b75e42f1e883-253x253.jpg 253w, \/\/mrcartools.com\/wp-content\/uploads\/2025\/04\/a024446f-c2a5-4d06-94dc-b75e42f1e883-510x510.jpg 510w, \/\/mrcartools.com\/wp-content\/uploads\/2025\/04\/a024446f-c2a5-4d06-94dc-b75e42f1e883-100x100.jpg 100w, \/\/mrcartools.com\/wp-content\/uploads\/2025\/04\/a024446f-c2a5-4d06-94dc-b75e42f1e883-50x50.jpg 50w\" sizes=\"(max-width: 1200px) 100vw, 1200px\" \/>\t\t\t\t\t\t\n\t\t\t\t\t<\/div>\n\t\t\t\t\t\t\t\t\n<style>\n#image_1311997274 {\n  width: 100%;\n}\n<\/style>\n\t<\/div>\n\t\n\t\t<\/div>\n\t\t\t\t\t<\/div>\n\n\t\n<\/div>\n<div class=\"row\"  id=\"row-979590350\">\n\n\t<div id=\"col-884268472\" class=\"col medium-6 small-12 large-6\"  >\n\t\t\t\t<div class=\"col-inner\"  >\n\t\t\t\n\t\t\t\n\t<div class=\"img has-hover x md-x lg-x y md-y lg-y\" id=\"image_174240158\">\n\t\t\t\t\t\t\t\t<div class=\"img-inner dark\" >\n\t\t\t<img decoding=\"async\" width=\"1200\" height=\"1200\" src=\"https:\/\/mrcartools.com\/wp-content\/uploads\/2025\/04\/7add0ca2-4767-43b0-a816-890b529013e3.jpg\" class=\"attachment-original size-original wvs-archive-product-image\" alt=\"\" srcset=\"\/\/mrcartools.com\/wp-content\/uploads\/2025\/04\/7add0ca2-4767-43b0-a816-890b529013e3.jpg 1200w, \/\/mrcartools.com\/wp-content\/uploads\/2025\/04\/7add0ca2-4767-43b0-a816-890b529013e3-150x150.jpg 150w, \/\/mrcartools.com\/wp-content\/uploads\/2025\/04\/7add0ca2-4767-43b0-a816-890b529013e3-768x768.jpg 768w, \/\/mrcartools.com\/wp-content\/uploads\/2025\/04\/7add0ca2-4767-43b0-a816-890b529013e3-253x253.jpg 253w, \/\/mrcartools.com\/wp-content\/uploads\/2025\/04\/7add0ca2-4767-43b0-a816-890b529013e3-510x510.jpg 510w, \/\/mrcartools.com\/wp-content\/uploads\/2025\/04\/7add0ca2-4767-43b0-a816-890b529013e3-100x100.jpg 100w, \/\/mrcartools.com\/wp-content\/uploads\/2025\/04\/7add0ca2-4767-43b0-a816-890b529013e3-50x50.jpg 50w\" sizes=\"(max-width: 1200px) 100vw, 1200px\" \/>\t\t\t\t\t\t\n\t\t\t\t\t<\/div>\n\t\t\t\t\t\t\t\t\n<style>\n#image_174240158 {\n  width: 100%;\n}\n<\/style>\n\t<\/div>\n\t\n\t\t<\/div>\n\t\t\t\t\t<\/div>\n\n\t\n\n\t<div id=\"col-623849085\" class=\"col medium-6 small-12 large-6\"  >\n\t\t\t\t<div class=\"col-inner\"  >\n\t\t\t\n\t\t\t\n\t<div class=\"img has-hover x md-x lg-x y md-y lg-y\" id=\"image_491114938\">\n\t\t\t\t\t\t\t\t<div class=\"img-inner dark\" >\n\t\t\t<img loading=\"lazy\" decoding=\"async\" width=\"1200\" height=\"1200\" src=\"https:\/\/mrcartools.com\/wp-content\/uploads\/2025\/04\/06113b15-ad15-af43-d73b-57af18fb9c1c.jpg\" class=\"attachment-original size-original wvs-archive-product-image\" alt=\"\" srcset=\"\/\/mrcartools.com\/wp-content\/uploads\/2025\/04\/06113b15-ad15-af43-d73b-57af18fb9c1c.jpg 1200w, \/\/mrcartools.com\/wp-content\/uploads\/2025\/04\/06113b15-ad15-af43-d73b-57af18fb9c1c-150x150.jpg 150w, \/\/mrcartools.com\/wp-content\/uploads\/2025\/04\/06113b15-ad15-af43-d73b-57af18fb9c1c-768x768.jpg 768w, \/\/mrcartools.com\/wp-content\/uploads\/2025\/04\/06113b15-ad15-af43-d73b-57af18fb9c1c-253x253.jpg 253w, \/\/mrcartools.com\/wp-content\/uploads\/2025\/04\/06113b15-ad15-af43-d73b-57af18fb9c1c-510x510.jpg 510w, \/\/mrcartools.com\/wp-content\/uploads\/2025\/04\/06113b15-ad15-af43-d73b-57af18fb9c1c-100x100.jpg 100w, \/\/mrcartools.com\/wp-content\/uploads\/2025\/04\/06113b15-ad15-af43-d73b-57af18fb9c1c-50x50.jpg 50w\" sizes=\"(max-width: 1200px) 100vw, 1200px\" \/>\t\t\t\t\t\t\n\t\t\t\t\t<\/div>\n\t\t\t\t\t\t\t\t\n<style>\n#image_491114938 {\n  width: 100%;\n}\n<\/style>\n\t<\/div>\n\t\n\t\t<\/div>\n\t\t\t\t\t<\/div>\n\n\t\n\n\t<div id=\"col-813923318\" class=\"col medium-6 small-12 large-6\"  >\n\t\t\t\t<div class=\"col-inner\"  >\n\t\t\t\n\t\t\t\n\t<div class=\"img has-hover x md-x lg-x y md-y lg-y\" id=\"image_2072818478\">\n\t\t\t\t\t\t\t\t<div class=\"img-inner dark\" >\n\t\t\t<img loading=\"lazy\" decoding=\"async\" width=\"1200\" height=\"1200\" src=\"https:\/\/mrcartools.com\/wp-content\/uploads\/2025\/04\/e038fdcf-44f8-4337-a2b2-c5f0e6cd300a.jpg\" class=\"attachment-original size-original wvs-archive-product-image\" alt=\"\" srcset=\"\/\/mrcartools.com\/wp-content\/uploads\/2025\/04\/e038fdcf-44f8-4337-a2b2-c5f0e6cd300a.jpg 1200w, \/\/mrcartools.com\/wp-content\/uploads\/2025\/04\/e038fdcf-44f8-4337-a2b2-c5f0e6cd300a-150x150.jpg 150w, \/\/mrcartools.com\/wp-content\/uploads\/2025\/04\/e038fdcf-44f8-4337-a2b2-c5f0e6cd300a-768x768.jpg 768w, \/\/mrcartools.com\/wp-content\/uploads\/2025\/04\/e038fdcf-44f8-4337-a2b2-c5f0e6cd300a-253x253.jpg 253w, \/\/mrcartools.com\/wp-content\/uploads\/2025\/04\/e038fdcf-44f8-4337-a2b2-c5f0e6cd300a-510x510.jpg 510w, \/\/mrcartools.com\/wp-content\/uploads\/2025\/04\/e038fdcf-44f8-4337-a2b2-c5f0e6cd300a-100x100.jpg 100w, \/\/mrcartools.com\/wp-content\/uploads\/2025\/04\/e038fdcf-44f8-4337-a2b2-c5f0e6cd300a-50x50.jpg 50w\" sizes=\"(max-width: 1200px) 100vw, 1200px\" \/>\t\t\t\t\t\t\n\t\t\t\t\t<\/div>\n\t\t\t\t\t\t\t\t\n<style>\n#image_2072818478 {\n  width: 100%;\n}\n<\/style>\n\t<\/div>\n\t\n\t\t<\/div>\n\t\t\t\t\t<\/div>\n\n\t\n\n\t<div id=\"col-1392052442\" class=\"col medium-6 small-12 large-6\"  >\n\t\t\t\t<div class=\"col-inner\"  >\n\t\t\t\n\t\t\t\n\t<div class=\"img has-hover x md-x lg-x y md-y lg-y\" id=\"image_1414361693\">\n\t\t\t\t\t\t\t\t<div class=\"img-inner dark\" >\n\t\t\t<img loading=\"lazy\" decoding=\"async\" width=\"1200\" height=\"1200\" src=\"https:\/\/mrcartools.com\/wp-content\/uploads\/2025\/04\/cab50c33-89d3-41a0-94db-4ef56221e547.jpg\" class=\"attachment-original size-original wvs-archive-product-image\" alt=\"\" srcset=\"\/\/mrcartools.com\/wp-content\/uploads\/2025\/04\/cab50c33-89d3-41a0-94db-4ef56221e547.jpg 1200w, \/\/mrcartools.com\/wp-content\/uploads\/2025\/04\/cab50c33-89d3-41a0-94db-4ef56221e547-150x150.jpg 150w, \/\/mrcartools.com\/wp-content\/uploads\/2025\/04\/cab50c33-89d3-41a0-94db-4ef56221e547-768x768.jpg 768w, \/\/mrcartools.com\/wp-content\/uploads\/2025\/04\/cab50c33-89d3-41a0-94db-4ef56221e547-253x253.jpg 253w, \/\/mrcartools.com\/wp-content\/uploads\/2025\/04\/cab50c33-89d3-41a0-94db-4ef56221e547-510x510.jpg 510w, \/\/mrcartools.com\/wp-content\/uploads\/2025\/04\/cab50c33-89d3-41a0-94db-4ef56221e547-100x100.jpg 100w, \/\/mrcartools.com\/wp-content\/uploads\/2025\/04\/cab50c33-89d3-41a0-94db-4ef56221e547-50x50.jpg 50w\" sizes=\"(max-width: 1200px) 100vw, 1200px\" \/>\t\t\t\t\t\t\n\t\t\t\t\t<\/div>\n\t\t\t\t\t\t\t\t\n<style>\n#image_1414361693 {\n  width: 100%;\n}\n<\/style>\n\t<\/div>\n\t\n\t\t<\/div>\n\t\t\t\t\t<\/div>\n\n\t\n\n\t<div id=\"col-445156007\" class=\"col small-12 large-12\"  >\n\t\t\t\t<div class=\"col-inner\"  >\n\t\t\t\n\t\t\t\n<h3>Lista de embalaje<\/h3>\n\t<div class=\"img has-hover x md-x lg-x y md-y lg-y\" id=\"image_1043019043\">\n\t\t\t\t\t\t\t\t<div class=\"img-inner dark\" >\n\t\t\t<img loading=\"lazy\" decoding=\"async\" width=\"1200\" height=\"1200\" src=\"https:\/\/mrcartools.com\/wp-content\/uploads\/2025\/04\/528571b0-86b9-4d76-bc13-ff3f1ee78543.jpg\" class=\"attachment-original size-original wvs-archive-product-image\" alt=\"\" srcset=\"\/\/mrcartools.com\/wp-content\/uploads\/2025\/04\/528571b0-86b9-4d76-bc13-ff3f1ee78543.jpg 1200w, \/\/mrcartools.com\/wp-content\/uploads\/2025\/04\/528571b0-86b9-4d76-bc13-ff3f1ee78543-150x150.jpg 150w, \/\/mrcartools.com\/wp-content\/uploads\/2025\/04\/528571b0-86b9-4d76-bc13-ff3f1ee78543-768x768.jpg 768w, \/\/mrcartools.com\/wp-content\/uploads\/2025\/04\/528571b0-86b9-4d76-bc13-ff3f1ee78543-253x253.jpg 253w, \/\/mrcartools.com\/wp-content\/uploads\/2025\/04\/528571b0-86b9-4d76-bc13-ff3f1ee78543-510x510.jpg 510w, \/\/mrcartools.com\/wp-content\/uploads\/2025\/04\/528571b0-86b9-4d76-bc13-ff3f1ee78543-100x100.jpg 100w, \/\/mrcartools.com\/wp-content\/uploads\/2025\/04\/528571b0-86b9-4d76-bc13-ff3f1ee78543-50x50.jpg 50w\" sizes=\"(max-width: 1200px) 100vw, 1200px\" \/>\t\t\t\t\t\t\n\t\t\t\t\t<\/div>\n\t\t\t\t\t\t\t\t\n<style>\n#image_1043019043 {\n  width: 100%;\n}\n<\/style>\n\t<\/div>\n\t\n\t\t<\/div>\n\t\t\t\t\t<\/div>\n\n\t\n<\/div>\n\t\t<\/div>\n\n\t\t\n<style>\n#section_2073372020 {\n  padding-top: 30px;\n  padding-bottom: 30px;\n}\n<\/style>\n\t<\/section>\n\t\n<\/p><\/div>","protected":false},"excerpt":{"rendered":"<ul>\n<li>Detecci\u00f3n de la presi\u00f3n<\/li>\n<li>Inflaci\u00f3n y deflaci\u00f3n<\/li>\n<li>Detecci\u00f3n de la profundidad del dibujo de los neum\u00e1ticos<\/li>\n<li>Indicaci\u00f3n del valor umbral de presi\u00f3n<\/li>\n<li>Calibraci\u00f3n de la puesta a cero de la presi\u00f3n<\/li>\n<\/ul>","protected":false},"featured_media":8967,"template":"","meta":[],"product_brand":[],"product_cat":[154],"product_tag":[],"class_list":{"0":"post-8958","1":"product","2":"type-product","3":"status-publish","4":"has-post-thumbnail","6":"product_cat-duoyi","7":"product_shipping_class-weight","8":"pa_ship-from-china","9":"pa_ship-from-germany","10":"pa_ship-from-united-kingdom","11":"pa_ship-from-united-states","13":"first","14":"instock","15":"shipping-taxable","16":"product-type-variable","17":"has-default-attributes","18":"wvs-archive-product-wrapper"},"yoast_head":"<!-- This site is optimized with the Yoast SEO Premium plugin v24.4 (Yoast SEO v24.4) - https:\/\/yoast.com\/wordpress\/plugins\/seo\/ -->\n<title>Digital Tire Inflator With Pressure And Tire Tread Depth Gauge DY19 - Mrcartool<\/title>\n<meta name=\"description\" content=\"DY19 Smart Digital Tire Inflator is a multi-functional tool designed for automotive tire maintenance and repair, with all-around tire inspection.\" \/>\n<meta name=\"robots\" content=\"index, follow, max-snippet:-1, max-image-preview:large, max-video-preview:-1\" \/>\n<link rel=\"canonical\" href=\"https:\/\/mrcartools.com\/es\/producto\/digital-tire-inflator-dy19\/\" \/>\n<meta property=\"og:locale\" content=\"es_MX\" \/>\n<meta property=\"og:type\" content=\"article\" \/>\n<meta property=\"og:title\" content=\"Digital Tire Inflator With Pressure And Tire Tread Depth Gauge DY19\" \/>\n<meta property=\"og:description\" content=\"DY19 Smart Digital Tire Inflator is a multi-functional tool designed for automotive tire maintenance and repair, with all-around tire inspection.\" \/>\n<meta property=\"og:url\" content=\"https:\/\/mrcartools.com\/es\/producto\/digital-tire-inflator-dy19\/\" \/>\n<meta property=\"og:site_name\" content=\"Mrcartool\" \/>\n<meta property=\"article:modified_time\" content=\"2025-04-09T02:10:06+00:00\" \/>\n<meta property=\"og:image\" content=\"https:\/\/mrcartools.com\/wp-content\/uploads\/2025\/04\/528571b0-86b9-4d76-bc13-ff3f1ee78543.jpg\" \/>\n\t<meta property=\"og:image:width\" content=\"1200\" \/>\n\t<meta property=\"og:image:height\" content=\"1200\" \/>\n\t<meta property=\"og:image:type\" content=\"image\/jpeg\" \/>\n<meta name=\"twitter:card\" content=\"summary_large_image\" \/>\n<meta name=\"twitter:label1\" content=\"Tiempo de lectura\" \/>\n\t<meta name=\"twitter:data1\" content=\"2 minutos\" \/>\n<script type=\"application\/ld+json\" class=\"yoast-schema-graph\">{\"@context\":\"https:\/\/schema.org\",\"@graph\":[{\"@type\":\"WebPage\",\"@id\":\"https:\/\/mrcartools.com\/product\/digital-tire-inflator-dy19\/\",\"url\":\"https:\/\/mrcartools.com\/product\/digital-tire-inflator-dy19\/\",\"name\":\"Digital Tire Inflator With Pressure And Tire Tread Depth Gauge DY19 - Mrcartool\",\"isPartOf\":{\"@id\":\"https:\/\/mrcartools.com\/#website\"},\"primaryImageOfPage\":{\"@id\":\"https:\/\/mrcartools.com\/product\/digital-tire-inflator-dy19\/#primaryimage\"},\"image\":{\"@id\":\"https:\/\/mrcartools.com\/product\/digital-tire-inflator-dy19\/#primaryimage\"},\"thumbnailUrl\":\"https:\/\/mrcartools.com\/wp-content\/uploads\/2025\/04\/528571b0-86b9-4d76-bc13-ff3f1ee78543.jpg\",\"datePublished\":\"2025-04-09T02:04:29+00:00\",\"dateModified\":\"2025-04-09T02:10:06+00:00\",\"description\":\"DY19 Smart Digital Tire Inflator is a multi-functional tool designed for automotive tire maintenance and repair, with all-around tire inspection.\",\"breadcrumb\":{\"@id\":\"https:\/\/mrcartools.com\/product\/digital-tire-inflator-dy19\/#breadcrumb\"},\"inLanguage\":\"es\",\"potentialAction\":[{\"@type\":\"ReadAction\",\"target\":[\"https:\/\/mrcartools.com\/product\/digital-tire-inflator-dy19\/\"]}]},{\"@type\":\"ImageObject\",\"inLanguage\":\"es\",\"@id\":\"https:\/\/mrcartools.com\/product\/digital-tire-inflator-dy19\/#primaryimage\",\"url\":\"https:\/\/mrcartools.com\/wp-content\/uploads\/2025\/04\/528571b0-86b9-4d76-bc13-ff3f1ee78543.jpg\",\"contentUrl\":\"https:\/\/mrcartools.com\/wp-content\/uploads\/2025\/04\/528571b0-86b9-4d76-bc13-ff3f1ee78543.jpg\",\"width\":1200,\"height\":1200},{\"@type\":\"BreadcrumbList\",\"@id\":\"https:\/\/mrcartools.com\/product\/digital-tire-inflator-dy19\/#breadcrumb\",\"itemListElement\":[{\"@type\":\"ListItem\",\"position\":1,\"name\":\"Home\",\"item\":\"https:\/\/mrcartools.com\/\"},{\"@type\":\"ListItem\",\"position\":2,\"name\":\"Shop\",\"item\":\"https:\/\/mrcartools.com\/shop-2\/\"},{\"@type\":\"ListItem\",\"position\":3,\"name\":\"Digital Tire Inflator With Pressure And Tire Tread Depth Gauge DY19\"}]},{\"@type\":\"WebSite\",\"@id\":\"https:\/\/mrcartools.com\/#website\",\"url\":\"https:\/\/mrcartools.com\/\",\"name\":\"MRCARTOOL\",\"description\":\"MRCARTOOL Official Website\",\"publisher\":{\"@id\":\"https:\/\/mrcartools.com\/#organization\"},\"potentialAction\":[{\"@type\":\"SearchAction\",\"target\":{\"@type\":\"EntryPoint\",\"urlTemplate\":\"https:\/\/mrcartools.com\/?s={search_term_string}\"},\"query-input\":{\"@type\":\"PropertyValueSpecification\",\"valueRequired\":true,\"valueName\":\"search_term_string\"}}],\"inLanguage\":\"es\"},{\"@type\":\"Organization\",\"@id\":\"https:\/\/mrcartools.com\/#organization\",\"name\":\"MRCARTOOL\",\"url\":\"https:\/\/mrcartools.com\/\",\"logo\":{\"@type\":\"ImageObject\",\"inLanguage\":\"es\",\"@id\":\"https:\/\/mrcartools.com\/#\/schema\/logo\/image\/\",\"url\":\"https:\/\/mrcartools.com\/wp-content\/uploads\/2023\/07\/\u4e0a\u4f73\u6c7d\u8f66\u5de5\u5177-LOGO-2.png\",\"contentUrl\":\"https:\/\/mrcartools.com\/wp-content\/uploads\/2023\/07\/\u4e0a\u4f73\u6c7d\u8f66\u5de5\u5177-LOGO-2.png\",\"width\":1800,\"height\":402,\"caption\":\"MRCARTOOL\"},\"image\":{\"@id\":\"https:\/\/mrcartools.com\/#\/schema\/logo\/image\/\"}}]}<\/script>\n<!-- \/ Yoast SEO Premium plugin. -->","yoast_head_json":{"title":"Digital Tire Inflator With Pressure And Tire Tread Depth Gauge DY19 - Mrcartool","description":"DY19 Smart Digital Tire Inflator is a multi-functional tool designed for automotive tire maintenance and repair, with all-around tire inspection.","robots":{"index":"index","follow":"follow","max-snippet":"max-snippet:-1","max-image-preview":"max-image-preview:large","max-video-preview":"max-video-preview:-1"},"canonical":"https:\/\/mrcartools.com\/es\/producto\/digital-tire-inflator-dy19\/","og_locale":"es_MX","og_type":"article","og_title":"Digital Tire Inflator With Pressure And Tire Tread Depth Gauge DY19","og_description":"DY19 Smart Digital Tire Inflator is a multi-functional tool designed for automotive tire maintenance and repair, with all-around tire inspection.","og_url":"https:\/\/mrcartools.com\/es\/producto\/digital-tire-inflator-dy19\/","og_site_name":"Mrcartool","article_modified_time":"2025-04-09T02:10:06+00:00","og_image":[{"width":1200,"height":1200,"url":"https:\/\/mrcartools.com\/wp-content\/uploads\/2025\/04\/528571b0-86b9-4d76-bc13-ff3f1ee78543.jpg","type":"image\/jpeg"}],"twitter_card":"summary_large_image","twitter_misc":{"Tiempo de lectura":"2 minutos"},"schema":{"@context":"https:\/\/schema.org","@graph":[{"@type":"WebPage","@id":"https:\/\/mrcartools.com\/product\/digital-tire-inflator-dy19\/","url":"https:\/\/mrcartools.com\/product\/digital-tire-inflator-dy19\/","name":"Digital Tire Inflator With Pressure And Tire Tread Depth Gauge DY19 - Mrcartool","isPartOf":{"@id":"https:\/\/mrcartools.com\/#website"},"primaryImageOfPage":{"@id":"https:\/\/mrcartools.com\/product\/digital-tire-inflator-dy19\/#primaryimage"},"image":{"@id":"https:\/\/mrcartools.com\/product\/digital-tire-inflator-dy19\/#primaryimage"},"thumbnailUrl":"https:\/\/mrcartools.com\/wp-content\/uploads\/2025\/04\/528571b0-86b9-4d76-bc13-ff3f1ee78543.jpg","datePublished":"2025-04-09T02:04:29+00:00","dateModified":"2025-04-09T02:10:06+00:00","description":"DY19 Smart Digital Tire Inflator is a multi-functional tool designed for automotive tire maintenance and repair, with all-around tire inspection.","breadcrumb":{"@id":"https:\/\/mrcartools.com\/product\/digital-tire-inflator-dy19\/#breadcrumb"},"inLanguage":"es","potentialAction":[{"@type":"ReadAction","target":["https:\/\/mrcartools.com\/product\/digital-tire-inflator-dy19\/"]}]},{"@type":"ImageObject","inLanguage":"es","@id":"https:\/\/mrcartools.com\/product\/digital-tire-inflator-dy19\/#primaryimage","url":"https:\/\/mrcartools.com\/wp-content\/uploads\/2025\/04\/528571b0-86b9-4d76-bc13-ff3f1ee78543.jpg","contentUrl":"https:\/\/mrcartools.com\/wp-content\/uploads\/2025\/04\/528571b0-86b9-4d76-bc13-ff3f1ee78543.jpg","width":1200,"height":1200},{"@type":"BreadcrumbList","@id":"https:\/\/mrcartools.com\/product\/digital-tire-inflator-dy19\/#breadcrumb","itemListElement":[{"@type":"ListItem","position":1,"name":"Home","item":"https:\/\/mrcartools.com\/"},{"@type":"ListItem","position":2,"name":"Shop","item":"https:\/\/mrcartools.com\/shop-2\/"},{"@type":"ListItem","position":3,"name":"Digital Tire Inflator With Pressure And Tire Tread Depth Gauge DY19"}]},{"@type":"WebSite","@id":"https:\/\/mrcartools.com\/#website","url":"https:\/\/mrcartools.com\/","name":"MRCARTOOL","description":"Sitio web oficial de MRCARTOOL","publisher":{"@id":"https:\/\/mrcartools.com\/#organization"},"potentialAction":[{"@type":"SearchAction","target":{"@type":"EntryPoint","urlTemplate":"https:\/\/mrcartools.com\/?s={search_term_string}"},"query-input":{"@type":"PropertyValueSpecification","valueRequired":true,"valueName":"search_term_string"}}],"inLanguage":"es"},{"@type":"Organization","@id":"https:\/\/mrcartools.com\/#organization","name":"MRCARTOOL","url":"https:\/\/mrcartools.com\/","logo":{"@type":"ImageObject","inLanguage":"es","@id":"https:\/\/mrcartools.com\/#\/schema\/logo\/image\/","url":"https:\/\/mrcartools.com\/wp-content\/uploads\/2023\/07\/\u4e0a\u4f73\u6c7d\u8f66\u5de5\u5177-LOGO-2.png","contentUrl":"https:\/\/mrcartools.com\/wp-content\/uploads\/2023\/07\/\u4e0a\u4f73\u6c7d\u8f66\u5de5\u5177-LOGO-2.png","width":1800,"height":402,"caption":"MRCARTOOL"},"image":{"@id":"https:\/\/mrcartools.com\/#\/schema\/logo\/image\/"}}]}},"_links":{"self":[{"href":"https:\/\/mrcartools.com\/es\/wp-json\/wp\/v2\/product\/8958","targetHints":{"allow":["GET"]}}],"collection":[{"href":"https:\/\/mrcartools.com\/es\/wp-json\/wp\/v2\/product"}],"about":[{"href":"https:\/\/mrcartools.com\/es\/wp-json\/wp\/v2\/types\/product"}],"version-history":[{"count":0,"href":"https:\/\/mrcartools.com\/es\/wp-json\/wp\/v2\/product\/8958\/revisions"}],"wp:featuredmedia":[{"embeddable":true,"href":"https:\/\/mrcartools.com\/es\/wp-json\/wp\/v2\/media\/8967"}],"wp:attachment":[{"href":"https:\/\/mrcartools.com\/es\/wp-json\/wp\/v2\/media?parent=8958"}],"wp:term":[{"taxonomy":"product_brand","embeddable":true,"href":"https:\/\/mrcartools.com\/es\/wp-json\/wp\/v2\/product_brand?post=8958"},{"taxonomy":"product_cat","embeddable":true,"href":"https:\/\/mrcartools.com\/es\/wp-json\/wp\/v2\/product_cat?post=8958"},{"taxonomy":"product_tag","embeddable":true,"href":"https:\/\/mrcartools.com\/es\/wp-json\/wp\/v2\/product_tag?post=8958"}],"curies":[{"name":"wp","href":"https:\/\/api.w.org\/{rel}","templated":true}]}}