{"id":1447,"date":"2022-03-17T08:44:47","date_gmt":"2022-03-17T08:44:47","guid":{"rendered":"https:\/\/mrcartools.com\/?post_type=product&#038;p=1447"},"modified":"2025-09-15T01:13:32","modified_gmt":"2025-09-15T01:13:32","slug":"mr-cartool-s310-ev-home-charger-wallbox-32a-7kw-level-2-charging-pile-wall-mount-for-ev","status":"publish","type":"product","link":"https:\/\/mrcartools.com\/it\/prodotto\/mr-cartool-s310-ev-home-charger-wallbox-32a-7kw-level-2-charging-pile-wall-mount-for-ev\/","title":{"rendered":"MRCARTOOL S310 Caricabatterie domestico EV Wallbox 32A 7KW Livello 2 Pile di ricarica Montaggio a parete per EV"},"content":{"rendered":"<div class=\"detailmodule_text\">\n<h3 class=\"detail-desc-decorate-content\"><strong>MRCARTOOL S310 EV Home Charger \u00e8 il vostro partner affidabile per la ricarica rapida dei veicoli elettrici. Grazie alla protezione integrata contro le sovracorrenti e le correnti di dispersione, pu\u00f2 essere installato come unit\u00e0 indipendente per garantire la vostra sicurezza. \u00c8 possibile installarlo nel garage o in qualsiasi punto della casa.<\/strong><\/h3>\n<p class=\"detail-desc-decorate-content\"><span style=\"color: #ed1c24;\"><strong>Il prodotto \u00e8 disponibile in due versioni per gli standard statunitensi ed europei. Prima dell'acquisto, selezionare il caricabatterie giusto in base al modello di auto.<\/strong><\/span><\/p>\n<h3><strong><a href=\"https:\/\/mrcartools.com\/wp-content\/uploads\/2022\/03\/S310-MANUAL-\u591a\u8bed\u8a00-\u7248\u672c20240516.pdf\"><span style=\"color: #ed1c24;\">MRCARTOOL S310 Manuale d'uso del caricabatterie Download&gt;&gt;<\/span><\/a><\/strong><\/h3>\n<\/div>\n<h3 class=\"detailmodule_image\"><\/h3>\n<div class=\"wp-playlist wp-video-playlist wp-playlist-light\">\n\t\t<video controls=\"controls\" preload=\"none\" width=\"998\"\n\t\t height=\"561\"\t><\/video>\n\t<div class=\"wp-playlist-next\"><\/div>\n\t<div class=\"wp-playlist-prev\"><\/div>\n\t<noscript>\n\t<ol>\n\t\t<li><a href='https:\/\/mrcartools.com\/wp-content\/uploads\/2022\/03\/S310.mp4'>S310<\/a><\/li><li><a href='https:\/\/mrcartools.com\/wp-content\/uploads\/2025\/08\/Mrcartool-N180-Industrial-endoscopes.mp4'>Mrcartool N180 Endoscopi industriali<\/a><\/li>\t<\/ol>\n\t<\/noscript>\n\t<script type=\"application\/json\" class=\"wp-playlist-script\">{\"type\":\"video\",\"tracklist\":true,\"tracknumbers\":true,\"images\":true,\"artists\":true,\"tracks\":[{\"src\":\"https:\/\/mrcartools.com\/wp-content\/uploads\/2022\/03\/S310.mp4\",\"type\":\"video\/mp4\",\"title\":\"S310\",\"caption\":\"\",\"description\":\"\",\"meta\":{\"length_formatted\":\"0:46\"},\"dimensions\":{\"original\":{\"width\":1920,\"height\":1080},\"resized\":{\"width\":998,\"height\":561}},\"image\":{\"src\":\"https:\/\/mrcartools.com\/wp-includes\/images\/media\/video.svg\",\"width\":48,\"height\":64},\"thumb\":{\"src\":\"https:\/\/mrcartools.com\/wp-includes\/images\/media\/video.svg\",\"width\":48,\"height\":64}},{\"src\":\"https:\/\/mrcartools.com\/wp-content\/uploads\/2025\/08\/Mrcartool-N180-Industrial-endoscopes.mp4\",\"type\":\"video\/mp4\",\"title\":\"Mrcartool N180 Industrial endoscopes\",\"caption\":\"\",\"description\":\"\",\"meta\":{\"length_formatted\":\"1:22\"},\"dimensions\":{\"original\":{\"width\":1920,\"height\":1080},\"resized\":{\"width\":998,\"height\":561}},\"image\":{\"src\":\"https:\/\/mrcartools.com\/wp-includes\/images\/media\/video.svg\",\"width\":48,\"height\":64},\"thumb\":{\"src\":\"https:\/\/mrcartools.com\/wp-includes\/images\/media\/video.svg\",\"width\":48,\"height\":64}}]}<\/script>\n<\/div>\n\t\n<h3 class=\"detailmodule_image\"><img fetchpriority=\"high\" decoding=\"async\" class=\"alignnone size-full wp-image-9157\" src=\"https:\/\/mrcartools.com\/wp-content\/uploads\/2024\/05\/4989dfb1f8e13314b584680d13204c90.png\" alt=\"\" width=\"1388\" height=\"1042\" srcset=\"\/\/mrcartools.com\/wp-content\/uploads\/2024\/05\/4989dfb1f8e13314b584680d13204c90.png 1388w, \/\/mrcartools.com\/wp-content\/uploads\/2024\/05\/4989dfb1f8e13314b584680d13204c90-150x113.png 150w, \/\/mrcartools.com\/wp-content\/uploads\/2024\/05\/4989dfb1f8e13314b584680d13204c90-768x577.png 768w, \/\/mrcartools.com\/wp-content\/uploads\/2024\/05\/4989dfb1f8e13314b584680d13204c90-510x383.png 510w\" sizes=\"(max-width: 1388px) 100vw, 1388px\" \/><\/h3>\n<h3><strong>Serie di caricabatterie EV Ricerca rapida<\/strong><\/h3>\n<ul>\n<li><a href=\"https:\/\/mrcartools.com\/it\/prodotto\/mrcartool-s300-portable-ev-charger-electric-vehicle-charging-adapter-for-electric-car-with-5m-cable\/\">Caricabatterie portatile EV MRCARTOOL S300<\/a><\/li>\n<li><a href=\"https:\/\/mrcartools.com\/it\/prodotto\/mr-cartool-s310-ev-home-charger-wallbox-32a-7kw-level-2-charging-pile-wall-mount-for-ev\/\">MRCARTOOL S310 Caricabatterie elettrico per auto Connettore da parete 4,5m (15FT)<\/a><\/li>\n<li><a href=\"https:\/\/mrcartools.com\/it\/prodotto\/mr-cartool-s310-electric-car-charger\/\">MRCARTOOL S310 Caricabatterie elettrico per auto Connettore da parete 8,5m (28FT) <\/a><\/li>\n<li><a href=\"https:\/\/mrcartools.com\/it\/prodotto\/mrcartool-s311-electric-vehicle-charger-ev-charging-station-wall-connector\/\">MRCARTOOL S311 Caricabatteria da parete per veicoli elettrici<\/a><\/li>\n<\/ul>\n<h3 style=\"font-size: 22px;\"><strong>Caratteristiche del prodotto:<\/strong><\/h3>\n<p class=\"detail-desc-decorate-content\">Il caricatore domestico S310 EV utilizza il protocollo di ricarica standard SAE_J1772 e IEC_61851-1, quindi funziona bene con tutte le auto elettriche.<br \/>\nIl caricatore EV di livello 2 da 32A pu\u00f2 caricare l'auto fino a 2 volte pi\u00f9 velocemente rispetto al caricatore EV di livello 2 da 16A. \u00c8 4 volte pi\u00f9 veloce del caricatore EV di livello 1 da 16A di cui \u00e8 dotata la maggior parte dei veicoli elettrici. Normalmente, sono necessarie 7-12 ore per una carica completa. (La corrente effettiva dipende dalle impostazioni del veicolo).<\/p>\n<div class=\"detailmodule_text\">\n<h3 style=\"font-size: 22px;\"><strong>Come installare il caricatore domestico S310 EV:<\/strong><\/h3>\n<p class=\"detail-desc-decorate-content\">1. Posizionare i fori in base alle dimensioni del backplane montato a parete, quindi praticare fori di 4-\u03c66*35 mm e inserire i tubi di espansione.<br \/>\n2. Bloccare le viti autofilettanti 4-M4*32 nel tubo di espansione e fissare il tabellone a parete alla parete.<br \/>\n3. Aprire il coperchio superiore della pila di ricarica, appendere la pila al tabellone a muro e bloccare le viti dal fondo della pila.<br \/>\npila.<br \/>\n4. Passare il cavo di alimentazione da 3*6 mm attraverso la testa impermeabile corrispondente e collegarlo al terminale di ingresso corrispondente.<br \/>\nBloccare le viti del pannello di copertura superiore.<\/p>\n<\/div>\n<div class=\"detailmodule_text\">\n<h2 style=\"font-size: 22px;\"><strong>Funzionamento del caricatore domestico S310 EV:<\/strong><\/h2>\n<p class=\"detail-desc-decorate-content\">1. Inserire la stazione di ricarica EV (collegare la spina di ricarica)<br \/>\n2. Avviare la ricarica:<br \/>\nMetodo 1: Collegare il caricatore e avviare la ricarica;<br \/>\nMetodo 2: utilizzare la carta di ricarica designata per strisciare.<br \/>\nLa spia verde lampeggia: indica una ricarica regolare.<br \/>\nPassare nuovamente la carta per terminare la ricarica.<br \/>\nMetodo 1: Estrarre il caricabatterie per terminare<br \/>\nla ricarica;<br \/>\nMetodo 2: Passare di nuovo la carta per terminare la ricarica<br \/>\nRimettere la stazione di ricarica EV al suo posto<\/p>\n<\/div>\n<h3 style=\"font-size: 22px;\"><strong>Caricabatterie domestico S310 EV Specifiche:<\/strong><\/h3>\n<p class=\"detail-desc-decorate-content\"><strong>Materiale della scocca:<\/strong> Corpo in acciaio zincato, pannello in vetro temperato<br \/>\n<strong>Dimensioni:<\/strong> 180 x 80 x 240 mm<br \/>\n<strong>Peso:<\/strong> &lt;7kg<br \/>\n<strong>Lunghezza del cavo:<\/strong> 4.5m<br \/>\n<strong>Spia luminosa:<\/strong> Blu, verde, viola e rosso<br \/>\n<strong>Metodi di installazione:<\/strong> Installazione della colonna a parete<\/p>\n<h3><span style=\"color: #e14d43;\"><strong>Precauzioni per l'installazione<\/strong><\/span><\/h3>\n<p><span style=\"color: #e14d43;\">Il connettore a parete MRCARTOOL S310 deve essere installato da persone addestrate e qualificate a lavorare con sistemi elettrici.<\/span><\/p>\n<div class=\"detailmodule_text-image\">\n<div><img decoding=\"async\" class=\"detail-desc-decorate-image alignnone\" style=\"color: #555555; font-size: 14.4px;\" src=\"https:\/\/ae01.alicdn.com\/kf\/Hfcea334dae7340da9aea30ccedbb5466n.jpg\" alt=\"safety protection\" width=\"1200\" height=\"1200\" \/><\/div>\n<\/div>\n<div class=\"detailmodule_text-image\">\n<div><img decoding=\"async\" class=\"detail-desc-decorate-image alignnone\" src=\"https:\/\/ae01.alicdn.com\/kf\/H6bcb6be5041242508032ced3b2f7e2efC.jpg\" alt=\"fast charging\" width=\"1200\" height=\"1200\" \/><\/div>\n<\/div>\n<div class=\"detailmodule_text-image\">\n<div><img loading=\"lazy\" decoding=\"async\" class=\"detail-desc-decorate-image alignnone\" src=\"https:\/\/ae01.alicdn.com\/kf\/H7bf117aab1f344f99b885dda7b5768318.jpg\" alt=\"smart swipe charging\" width=\"1200\" height=\"1200\" \/><\/div>\n<\/div>\n<div class=\"detailmodule_text-image\">\n<div><img loading=\"lazy\" decoding=\"async\" class=\"detail-desc-decorate-image alignnone\" src=\"https:\/\/ae01.alicdn.com\/kf\/He9780750a35f415db7d61bc15440290f6.jpg\" alt=\"waterproof\" width=\"1200\" height=\"1200\" \/><\/div>\n<\/div>\n<div class=\"detailmodule_text-image\">\n<div><img loading=\"lazy\" decoding=\"async\" class=\"detail-desc-decorate-image alignnone\" src=\"https:\/\/ae01.alicdn.com\/kf\/H4b3c34423b634e859156882a0e863205m.jpg\" alt=\"two types of chargers\" width=\"1200\" height=\"1200\" \/><\/div>\n<\/div>\n<div class=\"detailmodule_text-image\">\n<div><img loading=\"lazy\" decoding=\"async\" class=\"detail-desc-decorate-image alignnone\" src=\"https:\/\/ae01.alicdn.com\/kf\/H56ddad01162649b5b2b30266652aa4d3b.jpg\" alt=\"led indicator\" width=\"1200\" height=\"1200\" \/><\/div>\n<\/div>\n<div class=\"detailmodule_text-image\">\n<div><img loading=\"lazy\" decoding=\"async\" class=\"detail-desc-decorate-image alignnone\" src=\"https:\/\/ae01.alicdn.com\/kf\/H24598a06778040ddaeca579bbea69d9aF.jpg\" alt=\"suitable for all ev models\" width=\"1200\" height=\"1200\" \/><img loading=\"lazy\" decoding=\"async\" class=\"detail-desc-decorate-image aligncenter\" src=\"https:\/\/ae01.alicdn.com\/kf\/H7f6b93b235d3414f9db4c7bb74bff9cbB.png\" alt=\"ev brands\" width=\"970\" height=\"600\" \/><\/div>\n<\/div>\n<div class=\"detailmodule_text-image\">\n<h2 style=\"font-size: 22px;\">Dettagli del prodotto:<\/h2>\n<div><img loading=\"lazy\" decoding=\"async\" class=\"detail-desc-decorate-image alignnone\" src=\"https:\/\/ae01.alicdn.com\/kf\/H8303644fa6ac45df85d541d4c1150c26y.jpg\" alt=\"s310 ev home charger details\" width=\"1200\" height=\"1200\" \/><span style=\"font-size: 22px;\">Precauzioni:<\/span><\/div>\n<\/div>\n<div class=\"detailmodule_text\">\n<p class=\"detail-desc-decorate-content\">1. Per la prima installazione, \u00e8 necessario prestare attenzione al cavo di alimentazione in base a IN-L (fuoco), IN-N (zero) e PE (terra) uno per uno; il filo del fuoco e il filo dello zero non possono essere invertiti.<br \/>\n2. Il PE (filo di terra) deve essere collegato a terra in modo affidabile.<br \/>\n3. Assicurarsi che l'interruttore di emergenza sia attivato dopo l'accensione.<br \/>\n4. Prima della ricarica, assicurarsi che la punta del caricabatterie EV sia libera.<br \/>\ndalle macchie e dall'acqua;<br \/>\n5. \u00c8 vietato collocare la pila di ricarica all'interno dell'auto durante la ricarica.<\/p>\n<\/div>\n<div class=\"detailmodule_text-image\">\n<h2 style=\"font-size: 22px;\">Elenco delle confezioni:<\/h2>\n<p class=\"detail-desc-decorate-content\">1pc: MRCARTOOL S310 Stazioni di ricarica CA (pile) Unit\u00e0 principale<br \/>\n1pc: Caricabatterie EV<br \/>\n1 pezzo: Tabellone montato a parete<br \/>\n1pc: Gancio<br \/>\n1 set: Viti e tubi di plastica<br \/>\n1pc: Manuale d'uso<br \/>\n1pc: Scatola del pacchetto<\/p>\n<div><\/div>\n<\/div>\n<div class=\"detailmodule_image\"><img loading=\"lazy\" decoding=\"async\" class=\"detail-desc-decorate-image alignnone\" src=\"https:\/\/ae01.alicdn.com\/kf\/H61b09700c5704c298155909f15b6be4cD.jpg\" alt=\"overseas warehouse\" width=\"1200\" height=\"600\" \/><img loading=\"lazy\" decoding=\"async\" class=\"detail-desc-decorate-image alignnone\" src=\"https:\/\/ae01.alicdn.com\/kf\/He0124965341c4589a4edf29083f8ddc6Y.jpg\" alt=\"warranty and service\" width=\"1200\" height=\"600\" \/><img loading=\"lazy\" decoding=\"async\" class=\"detail-desc-decorate-image alignnone\" src=\"https:\/\/ae01.alicdn.com\/kf\/Hd46a0aa34b45463880136122c9027c5bM.jpg\" alt=\"shopping guide\" width=\"1200\" height=\"600\" \/><img decoding=\"async\" src=\"https:\/\/mrcartools.com\/wp-content\/uploads\/2022\/04\/Mrcartool.jpg\" \/><\/div>","protected":false},"excerpt":{"rendered":"<ul>\n<li><strong>Ricarica veloce e affidabile\uff1aCarica veloce e affidabile<\/strong> fornisce un'efficiente erogazione di energia per i veicoli elettrici.<\/li>\n<li><strong>Caratteristiche di sicurezza migliorate<\/strong> includono una protezione integrata contro le sovracorrenti e le correnti di dispersione.<\/li>\n<li><strong>Facilit\u00e0 di installazione e versatilit\u00e0 di utilizzo<\/strong> consentono l'installazione in un garage o in qualsiasi altro luogo idoneo della casa.<\/li>\n<li>Disponibile in cavi da 4,5 m e 8,5 m, da scegliere in base alle proprie esigenze.<\/li>\n<li>La versione con cavo da 8,5 m non include l'applicazione.<a href=\"https:\/\/api.whatsapp.com\/send\/?phone=%2B8618923768146&amp;text=onlinesupport\"><span style=\"color: #d83131;\"><strong>Assistenza online<\/strong><\/span><\/a><\/li>\n<\/ul>","protected":false},"featured_media":2275,"template":"","meta":[],"product_brand":[],"product_cat":[58],"product_tag":[],"class_list":{"0":"post-1447","1":"product","2":"type-product","3":"status-publish","4":"has-post-thumbnail","6":"product_cat-electric-car-charger-home-charging-station-voltage-adjustable-sections","7":"product_shipping_class-weight","8":"pa_ship-from-china","9":"pa_ship-from-germany","10":"pa_ship-from-united-kingdom","11":"pa_ship-from-united-states","13":"first","14":"instock","15":"shipping-taxable","16":"product-type-variable","17":"has-default-attributes","18":"wvs-archive-product-wrapper"},"yoast_head":"<!-- This site is optimized with the Yoast SEO Premium plugin v24.4 (Yoast SEO v24.4) - https:\/\/yoast.com\/wordpress\/plugins\/seo\/ -->\n<title>MRCARTOOL S310 EV Home Charger 32A 7KW Level 2 Charging Pile<\/title>\n<meta name=\"description\" content=\"Mrcartool S310 EV home charger can be installed in your garage or anywhere in your home. It works well with all electric vehicles.\" \/>\n<meta name=\"robots\" content=\"index, follow, max-snippet:-1, max-image-preview:large, max-video-preview:-1\" \/>\n<link rel=\"canonical\" href=\"https:\/\/mrcartools.com\/it\/prodotto\/mr-cartool-s310-ev-home-charger-wallbox-32a-7kw-level-2-charging-pile-wall-mount-for-ev\/\" \/>\n<meta property=\"og:locale\" content=\"it_IT\" \/>\n<meta property=\"og:type\" content=\"article\" \/>\n<meta property=\"og:title\" content=\"MRCARTOOL S310 EV Home Charger Wallbox 32A 7KW Level 2 Charging Pile Wall Mount For EV\" \/>\n<meta property=\"og:description\" content=\"Mrcartool S310 EV home charger can be installed in your garage or anywhere in your home. It works well with all electric vehicles.\" \/>\n<meta property=\"og:url\" content=\"https:\/\/mrcartools.com\/it\/prodotto\/mr-cartool-s310-ev-home-charger-wallbox-32a-7kw-level-2-charging-pile-wall-mount-for-ev\/\" \/>\n<meta property=\"og:site_name\" content=\"Mrcartool\" \/>\n<meta property=\"article:modified_time\" content=\"2025-09-15T01:13:32+00:00\" \/>\n<meta property=\"og:image\" content=\"https:\/\/mrcartools.com\/wp-content\/uploads\/2022\/03\/\u672a\u6807\u9898-1-1.jpg\" \/>\n\t<meta property=\"og:image:width\" content=\"1000\" \/>\n\t<meta property=\"og:image:height\" content=\"1000\" \/>\n\t<meta property=\"og:image:type\" content=\"image\/jpeg\" \/>\n<meta name=\"twitter:card\" content=\"summary_large_image\" \/>\n<meta name=\"twitter:label1\" content=\"Tempo di lettura stimato\" \/>\n\t<meta name=\"twitter:data1\" content=\"6 minuti\" \/>\n<script type=\"application\/ld+json\" class=\"yoast-schema-graph\">{\"@context\":\"https:\/\/schema.org\",\"@graph\":[{\"@type\":\"WebPage\",\"@id\":\"https:\/\/mrcartools.com\/product\/mr-cartool-s310-ev-home-charger-wallbox-32a-7kw-level-2-charging-pile-wall-mount-for-ev\/\",\"url\":\"https:\/\/mrcartools.com\/product\/mr-cartool-s310-ev-home-charger-wallbox-32a-7kw-level-2-charging-pile-wall-mount-for-ev\/\",\"name\":\"MRCARTOOL S310 EV Home Charger 32A 7KW Level 2 Charging Pile\",\"isPartOf\":{\"@id\":\"https:\/\/mrcartools.com\/#website\"},\"primaryImageOfPage\":{\"@id\":\"https:\/\/mrcartools.com\/product\/mr-cartool-s310-ev-home-charger-wallbox-32a-7kw-level-2-charging-pile-wall-mount-for-ev\/#primaryimage\"},\"image\":{\"@id\":\"https:\/\/mrcartools.com\/product\/mr-cartool-s310-ev-home-charger-wallbox-32a-7kw-level-2-charging-pile-wall-mount-for-ev\/#primaryimage\"},\"thumbnailUrl\":\"https:\/\/mrcartools.com\/wp-content\/uploads\/2022\/03\/\u672a\u6807\u9898-1-1.jpg\",\"datePublished\":\"2022-03-17T08:44:47+00:00\",\"dateModified\":\"2025-09-15T01:13:32+00:00\",\"description\":\"Mrcartool S310 EV home charger can be installed in your garage or anywhere in your home. It works well with all electric vehicles.\",\"breadcrumb\":{\"@id\":\"https:\/\/mrcartools.com\/product\/mr-cartool-s310-ev-home-charger-wallbox-32a-7kw-level-2-charging-pile-wall-mount-for-ev\/#breadcrumb\"},\"inLanguage\":\"it-IT\",\"potentialAction\":[{\"@type\":\"ReadAction\",\"target\":[\"https:\/\/mrcartools.com\/product\/mr-cartool-s310-ev-home-charger-wallbox-32a-7kw-level-2-charging-pile-wall-mount-for-ev\/\"]}]},{\"@type\":\"ImageObject\",\"inLanguage\":\"it-IT\",\"@id\":\"https:\/\/mrcartools.com\/product\/mr-cartool-s310-ev-home-charger-wallbox-32a-7kw-level-2-charging-pile-wall-mount-for-ev\/#primaryimage\",\"url\":\"https:\/\/mrcartools.com\/wp-content\/uploads\/2022\/03\/\u672a\u6807\u9898-1-1.jpg\",\"contentUrl\":\"https:\/\/mrcartools.com\/wp-content\/uploads\/2022\/03\/\u672a\u6807\u9898-1-1.jpg\",\"width\":1000,\"height\":1000},{\"@type\":\"BreadcrumbList\",\"@id\":\"https:\/\/mrcartools.com\/product\/mr-cartool-s310-ev-home-charger-wallbox-32a-7kw-level-2-charging-pile-wall-mount-for-ev\/#breadcrumb\",\"itemListElement\":[{\"@type\":\"ListItem\",\"position\":1,\"name\":\"Home\",\"item\":\"https:\/\/mrcartools.com\/\"},{\"@type\":\"ListItem\",\"position\":2,\"name\":\"Shop\",\"item\":\"https:\/\/mrcartools.com\/shop-2\/\"},{\"@type\":\"ListItem\",\"position\":3,\"name\":\"MRCARTOOL S310 EV Home Charger Wallbox 32A 7KW Level 2 Charging Pile Wall Mount For EV\"}]},{\"@type\":\"WebSite\",\"@id\":\"https:\/\/mrcartools.com\/#website\",\"url\":\"https:\/\/mrcartools.com\/\",\"name\":\"MRCARTOOL\",\"description\":\"MRCARTOOL Official Website\",\"publisher\":{\"@id\":\"https:\/\/mrcartools.com\/#organization\"},\"potentialAction\":[{\"@type\":\"SearchAction\",\"target\":{\"@type\":\"EntryPoint\",\"urlTemplate\":\"https:\/\/mrcartools.com\/?s={search_term_string}\"},\"query-input\":{\"@type\":\"PropertyValueSpecification\",\"valueRequired\":true,\"valueName\":\"search_term_string\"}}],\"inLanguage\":\"it-IT\"},{\"@type\":\"Organization\",\"@id\":\"https:\/\/mrcartools.com\/#organization\",\"name\":\"MRCARTOOL\",\"url\":\"https:\/\/mrcartools.com\/\",\"logo\":{\"@type\":\"ImageObject\",\"inLanguage\":\"it-IT\",\"@id\":\"https:\/\/mrcartools.com\/#\/schema\/logo\/image\/\",\"url\":\"https:\/\/mrcartools.com\/wp-content\/uploads\/2023\/07\/\u4e0a\u4f73\u6c7d\u8f66\u5de5\u5177-LOGO-2.png\",\"contentUrl\":\"https:\/\/mrcartools.com\/wp-content\/uploads\/2023\/07\/\u4e0a\u4f73\u6c7d\u8f66\u5de5\u5177-LOGO-2.png\",\"width\":1800,\"height\":402,\"caption\":\"MRCARTOOL\"},\"image\":{\"@id\":\"https:\/\/mrcartools.com\/#\/schema\/logo\/image\/\"}}]}<\/script>\n<!-- \/ Yoast SEO Premium plugin. -->","yoast_head_json":{"title":"MRCARTOOL S310 EV Home Charger 32A 7KW Level 2 Charging Pile","description":"Mrcartool S310 EV home charger can be installed in your garage or anywhere in your home. It works well with all electric vehicles.","robots":{"index":"index","follow":"follow","max-snippet":"max-snippet:-1","max-image-preview":"max-image-preview:large","max-video-preview":"max-video-preview:-1"},"canonical":"https:\/\/mrcartools.com\/it\/prodotto\/mr-cartool-s310-ev-home-charger-wallbox-32a-7kw-level-2-charging-pile-wall-mount-for-ev\/","og_locale":"it_IT","og_type":"article","og_title":"MRCARTOOL S310 EV Home Charger Wallbox 32A 7KW Level 2 Charging Pile Wall Mount For EV","og_description":"Mrcartool S310 EV home charger can be installed in your garage or anywhere in your home. It works well with all electric vehicles.","og_url":"https:\/\/mrcartools.com\/it\/prodotto\/mr-cartool-s310-ev-home-charger-wallbox-32a-7kw-level-2-charging-pile-wall-mount-for-ev\/","og_site_name":"Mrcartool","article_modified_time":"2025-09-15T01:13:32+00:00","og_image":[{"width":1000,"height":1000,"url":"https:\/\/mrcartools.com\/wp-content\/uploads\/2022\/03\/\u672a\u6807\u9898-1-1.jpg","type":"image\/jpeg"}],"twitter_card":"summary_large_image","twitter_misc":{"Tempo di lettura stimato":"6 minuti"},"schema":{"@context":"https:\/\/schema.org","@graph":[{"@type":"WebPage","@id":"https:\/\/mrcartools.com\/product\/mr-cartool-s310-ev-home-charger-wallbox-32a-7kw-level-2-charging-pile-wall-mount-for-ev\/","url":"https:\/\/mrcartools.com\/product\/mr-cartool-s310-ev-home-charger-wallbox-32a-7kw-level-2-charging-pile-wall-mount-for-ev\/","name":"MRCARTOOL S310 EV Home Charger 32A 7KW Level 2 Charging Pile","isPartOf":{"@id":"https:\/\/mrcartools.com\/#website"},"primaryImageOfPage":{"@id":"https:\/\/mrcartools.com\/product\/mr-cartool-s310-ev-home-charger-wallbox-32a-7kw-level-2-charging-pile-wall-mount-for-ev\/#primaryimage"},"image":{"@id":"https:\/\/mrcartools.com\/product\/mr-cartool-s310-ev-home-charger-wallbox-32a-7kw-level-2-charging-pile-wall-mount-for-ev\/#primaryimage"},"thumbnailUrl":"https:\/\/mrcartools.com\/wp-content\/uploads\/2022\/03\/\u672a\u6807\u9898-1-1.jpg","datePublished":"2022-03-17T08:44:47+00:00","dateModified":"2025-09-15T01:13:32+00:00","description":"Mrcartool S310 EV home charger can be installed in your garage or anywhere in your home. It works well with all electric vehicles.","breadcrumb":{"@id":"https:\/\/mrcartools.com\/product\/mr-cartool-s310-ev-home-charger-wallbox-32a-7kw-level-2-charging-pile-wall-mount-for-ev\/#breadcrumb"},"inLanguage":"it-IT","potentialAction":[{"@type":"ReadAction","target":["https:\/\/mrcartools.com\/product\/mr-cartool-s310-ev-home-charger-wallbox-32a-7kw-level-2-charging-pile-wall-mount-for-ev\/"]}]},{"@type":"ImageObject","inLanguage":"it-IT","@id":"https:\/\/mrcartools.com\/product\/mr-cartool-s310-ev-home-charger-wallbox-32a-7kw-level-2-charging-pile-wall-mount-for-ev\/#primaryimage","url":"https:\/\/mrcartools.com\/wp-content\/uploads\/2022\/03\/\u672a\u6807\u9898-1-1.jpg","contentUrl":"https:\/\/mrcartools.com\/wp-content\/uploads\/2022\/03\/\u672a\u6807\u9898-1-1.jpg","width":1000,"height":1000},{"@type":"BreadcrumbList","@id":"https:\/\/mrcartools.com\/product\/mr-cartool-s310-ev-home-charger-wallbox-32a-7kw-level-2-charging-pile-wall-mount-for-ev\/#breadcrumb","itemListElement":[{"@type":"ListItem","position":1,"name":"Home","item":"https:\/\/mrcartools.com\/"},{"@type":"ListItem","position":2,"name":"Shop","item":"https:\/\/mrcartools.com\/shop-2\/"},{"@type":"ListItem","position":3,"name":"MRCARTOOL S310 EV Home Charger Wallbox 32A 7KW Level 2 Charging Pile Wall Mount For EV"}]},{"@type":"WebSite","@id":"https:\/\/mrcartools.com\/#website","url":"https:\/\/mrcartools.com\/","name":"MRCARTOOL","description":"MRCARTOOL Sito ufficiale","publisher":{"@id":"https:\/\/mrcartools.com\/#organization"},"potentialAction":[{"@type":"SearchAction","target":{"@type":"EntryPoint","urlTemplate":"https:\/\/mrcartools.com\/?s={search_term_string}"},"query-input":{"@type":"PropertyValueSpecification","valueRequired":true,"valueName":"search_term_string"}}],"inLanguage":"it-IT"},{"@type":"Organization","@id":"https:\/\/mrcartools.com\/#organization","name":"MRCARTOOL","url":"https:\/\/mrcartools.com\/","logo":{"@type":"ImageObject","inLanguage":"it-IT","@id":"https:\/\/mrcartools.com\/#\/schema\/logo\/image\/","url":"https:\/\/mrcartools.com\/wp-content\/uploads\/2023\/07\/\u4e0a\u4f73\u6c7d\u8f66\u5de5\u5177-LOGO-2.png","contentUrl":"https:\/\/mrcartools.com\/wp-content\/uploads\/2023\/07\/\u4e0a\u4f73\u6c7d\u8f66\u5de5\u5177-LOGO-2.png","width":1800,"height":402,"caption":"MRCARTOOL"},"image":{"@id":"https:\/\/mrcartools.com\/#\/schema\/logo\/image\/"}}]}},"_links":{"self":[{"href":"https:\/\/mrcartools.com\/it\/wp-json\/wp\/v2\/product\/1447","targetHints":{"allow":["GET"]}}],"collection":[{"href":"https:\/\/mrcartools.com\/it\/wp-json\/wp\/v2\/product"}],"about":[{"href":"https:\/\/mrcartools.com\/it\/wp-json\/wp\/v2\/types\/product"}],"version-history":[{"count":1,"href":"https:\/\/mrcartools.com\/it\/wp-json\/wp\/v2\/product\/1447\/revisions"}],"predecessor-version":[{"id":11619,"href":"https:\/\/mrcartools.com\/it\/wp-json\/wp\/v2\/product\/1447\/revisions\/11619"}],"wp:featuredmedia":[{"embeddable":true,"href":"https:\/\/mrcartools.com\/it\/wp-json\/wp\/v2\/media\/2275"}],"wp:attachment":[{"href":"https:\/\/mrcartools.com\/it\/wp-json\/wp\/v2\/media?parent=1447"}],"wp:term":[{"taxonomy":"product_brand","embeddable":true,"href":"https:\/\/mrcartools.com\/it\/wp-json\/wp\/v2\/product_brand?post=1447"},{"taxonomy":"product_cat","embeddable":true,"href":"https:\/\/mrcartools.com\/it\/wp-json\/wp\/v2\/product_cat?post=1447"},{"taxonomy":"product_tag","embeddable":true,"href":"https:\/\/mrcartools.com\/it\/wp-json\/wp\/v2\/product_tag?post=1447"}],"curies":[{"name":"wp","href":"https:\/\/api.w.org\/{rel}","templated":true}]}}