{"id":3522,"date":"2023-06-26T03:31:58","date_gmt":"2023-06-26T03:31:58","guid":{"rendered":"https:\/\/mrcartools.com\/?post_type=product&#038;p=3522"},"modified":"2025-03-17T03:02:34","modified_gmt":"2025-03-17T03:02:34","slug":"mini-mrcartool-car-battery-analyzer-alarm-tester-battery-voltage-display-12v-24v-for-vehicles-motorcycle","status":"publish","type":"product","link":"https:\/\/mrcartools.com\/it\/prodotto\/mini-mrcartool-car-battery-analyzer-alarm-tester-battery-voltage-display-12v-24v-for-vehicles-motorcycle\/","title":{"rendered":"Mini MRCARTOOL Analizzatore di batteria dell'auto Tester di allarme Tensione della batteria Display 12V 24V per veicoli moto"},"content":{"rendered":"<p><img fetchpriority=\"high\" decoding=\"async\" class=\"alignnone size-full wp-image-3527\" src=\"https:\/\/mrcartools.com\/wp-content\/uploads\/2023\/06\/Mini-MRCARTOOL-Car-Battery-Analyzer.jpg\" alt=\"Mini MRCARTOOL Car Battery Analyzer\" width=\"1200\" height=\"1200\" srcset=\"\/\/mrcartools.com\/wp-content\/uploads\/2023\/06\/Mini-MRCARTOOL-Car-Battery-Analyzer.jpg 1200w, \/\/mrcartools.com\/wp-content\/uploads\/2023\/06\/Mini-MRCARTOOL-Car-Battery-Analyzer-253x253.jpg 253w, \/\/mrcartools.com\/wp-content\/uploads\/2023\/06\/Mini-MRCARTOOL-Car-Battery-Analyzer-100x100.jpg 100w, \/\/mrcartools.com\/wp-content\/uploads\/2023\/06\/Mini-MRCARTOOL-Car-Battery-Analyzer-510x510.jpg 510w\" sizes=\"(max-width: 1200px) 100vw, 1200px\" \/><\/p>\n<div class=\"detailmodule_text\">\n<p data-spm-anchor-id=\"a2g0o.detail.1000023.i0.17c64adaXj6KT0\"><strong>12V\/24V Smart Automotive Battery Tester Caratteristiche:<\/strong><\/p>\n<\/div>\n<div class=\"detailmodule_text-image\">\n<p><strong>[Diag veloce e precisa]:<\/strong><\/p>\n<p class=\"detail-desc-decorate-content\" data-spm-anchor-id=\"a2g0o.detail.1000023.i1.17c64adaXj6KT0\">Si tratta di uno strumento portatile per l'analisi e il test della capacit\u00e0 delle batterie al piombo da 12\/24 V, in grado di rilevare con rapidit\u00e0 e precisione la potenza della batteria e di offrire suggerimenti appropriati per lo stato attuale della batteria.<\/p>\n<p data-spm-anchor-id=\"a2g0o.detail.1000023.i1.17c64adaXj6KT0\"><img decoding=\"async\" class=\"alignnone size-full wp-image-3528\" src=\"https:\/\/mrcartools.com\/wp-content\/uploads\/2023\/06\/Voltage-Monitor.jpg\" alt=\"Voltage Monitor\" width=\"1200\" height=\"1200\" srcset=\"\/\/mrcartools.com\/wp-content\/uploads\/2023\/06\/Voltage-Monitor.jpg 1200w, \/\/mrcartools.com\/wp-content\/uploads\/2023\/06\/Voltage-Monitor-253x253.jpg 253w, \/\/mrcartools.com\/wp-content\/uploads\/2023\/06\/Voltage-Monitor-100x100.jpg 100w, \/\/mrcartools.com\/wp-content\/uploads\/2023\/06\/Voltage-Monitor-510x510.jpg 510w\" sizes=\"(max-width: 1200px) 100vw, 1200px\" \/><\/p>\n<p data-spm-anchor-id=\"a2g0o.detail.1000023.i3.17c64adaXj6KT0\"><strong>[ALLARME DI BASSA POTENZA]:<\/strong><\/p>\n<p class=\"detail-desc-decorate-content\" data-spm-anchor-id=\"a2g0o.detail.1000023.i2.17c64adaXj6KT0\">Quando l'alimentazione del 20% viene interrotta, il dispositivo emette un segnale acustico.<\/p>\n<p data-spm-anchor-id=\"a2g0o.detail.1000023.i2.17c64adaXj6KT0\"><img decoding=\"async\" class=\"alignnone size-full wp-image-3526\" src=\"https:\/\/mrcartools.com\/wp-content\/uploads\/2023\/06\/Low-Power-Alarm.jpg\" alt=\"Low Power Alarm\" width=\"1200\" height=\"1200\" srcset=\"\/\/mrcartools.com\/wp-content\/uploads\/2023\/06\/Low-Power-Alarm.jpg 1200w, \/\/mrcartools.com\/wp-content\/uploads\/2023\/06\/Low-Power-Alarm-253x253.jpg 253w, \/\/mrcartools.com\/wp-content\/uploads\/2023\/06\/Low-Power-Alarm-100x100.jpg 100w, \/\/mrcartools.com\/wp-content\/uploads\/2023\/06\/Low-Power-Alarm-510x510.jpg 510w\" sizes=\"(max-width: 1200px) 100vw, 1200px\" \/><\/p>\n<p><strong>[Indicatore a 5 segmenti]:<\/strong><\/p>\n<p class=\"detail-desc-decorate-content\">Lo divide in 5 fasi. 20% \u00e8 SOSTITUZIONE; 40% \u00e8 CARICA; 60% \u00e8 CARICA; 80% \u00e8 BUONO\uff1b 100% \u00e8 MOLTO BUONO.<\/p>\n<p><img loading=\"lazy\" decoding=\"async\" class=\"alignnone size-full wp-image-3524\" src=\"https:\/\/mrcartools.com\/wp-content\/uploads\/2023\/06\/Battery-Capacity-Monitor-Analyzer.jpg\" alt=\"Battery Capacity Monitor Analyzer\" width=\"1200\" height=\"1200\" srcset=\"\/\/mrcartools.com\/wp-content\/uploads\/2023\/06\/Battery-Capacity-Monitor-Analyzer.jpg 1200w, \/\/mrcartools.com\/wp-content\/uploads\/2023\/06\/Battery-Capacity-Monitor-Analyzer-253x253.jpg 253w, \/\/mrcartools.com\/wp-content\/uploads\/2023\/06\/Battery-Capacity-Monitor-Analyzer-100x100.jpg 100w, \/\/mrcartools.com\/wp-content\/uploads\/2023\/06\/Battery-Capacity-Monitor-Analyzer-510x510.jpg 510w\" sizes=\"(max-width: 1200px) 100vw, 1200px\" \/><\/p>\n<p><strong>[Applicazione multifunzionale]:<\/strong><\/p>\n<p class=\"detail-desc-decorate-content\">Questo prodotto serve per testare le batterie di auto, pick-up, fuoristrada, autocarri leggeri, motocicli, motoscafi, ecc. che utilizzano batterie al piombo da 12 o 24 V.<\/p>\n<p><img loading=\"lazy\" decoding=\"async\" class=\"alignnone size-full wp-image-3530\" src=\"https:\/\/mrcartools.com\/wp-content\/uploads\/2023\/06\/Voltage-Monitor-for-Vehicles-Motorcycle-1.jpg\" alt=\"Voltage Monitor for Vehicles Motorcycle\" width=\"1200\" height=\"1200\" srcset=\"\/\/mrcartools.com\/wp-content\/uploads\/2023\/06\/Voltage-Monitor-for-Vehicles-Motorcycle-1.jpg 1200w, \/\/mrcartools.com\/wp-content\/uploads\/2023\/06\/Voltage-Monitor-for-Vehicles-Motorcycle-1-253x253.jpg 253w, \/\/mrcartools.com\/wp-content\/uploads\/2023\/06\/Voltage-Monitor-for-Vehicles-Motorcycle-1-100x100.jpg 100w, \/\/mrcartools.com\/wp-content\/uploads\/2023\/06\/Voltage-Monitor-for-Vehicles-Motorcycle-1-510x510.jpg 510w\" sizes=\"(max-width: 1200px) 100vw, 1200px\" \/><\/p>\n<p class=\"detail-desc-decorate-title\"><strong>[LEGGERO E PORTATILE:]<\/strong><\/p>\n<p class=\"detail-desc-decorate-content\" data-spm-anchor-id=\"a2g0o.detail.1000023.i4.17c64adaXj6KT0\">Peso: 100 g<br \/>\nDimensione del prodotto: 53 * 40 * 13 mm<\/p>\n<p data-spm-anchor-id=\"a2g0o.detail.1000023.i4.17c64adaXj6KT0\"><img loading=\"lazy\" decoding=\"async\" class=\"alignnone size-full wp-image-3531\" src=\"https:\/\/mrcartools.com\/wp-content\/uploads\/2023\/06\/Monitoring-Alarm-Tester.jpg\" alt=\"Monitoring Alarm Tester\" width=\"1200\" height=\"1200\" srcset=\"\/\/mrcartools.com\/wp-content\/uploads\/2023\/06\/Monitoring-Alarm-Tester.jpg 1200w, \/\/mrcartools.com\/wp-content\/uploads\/2023\/06\/Monitoring-Alarm-Tester-253x253.jpg 253w, \/\/mrcartools.com\/wp-content\/uploads\/2023\/06\/Monitoring-Alarm-Tester-100x100.jpg 100w, \/\/mrcartools.com\/wp-content\/uploads\/2023\/06\/Monitoring-Alarm-Tester-510x510.jpg 510w\" sizes=\"(max-width: 1200px) 100vw, 1200px\" \/><img loading=\"lazy\" decoding=\"async\" class=\"alignnone size-full wp-image-3523\" src=\"https:\/\/mrcartools.com\/wp-content\/uploads\/2023\/06\/MRCARTOOL-Car-Battery-Capacity-Tester.jpg\" alt=\"MRCARTOOL Car Battery Capacity Tester\" width=\"1600\" height=\"1600\" srcset=\"\/\/mrcartools.com\/wp-content\/uploads\/2023\/06\/MRCARTOOL-Car-Battery-Capacity-Tester.jpg 1600w, \/\/mrcartools.com\/wp-content\/uploads\/2023\/06\/MRCARTOOL-Car-Battery-Capacity-Tester-253x253.jpg 253w, \/\/mrcartools.com\/wp-content\/uploads\/2023\/06\/MRCARTOOL-Car-Battery-Capacity-Tester-100x100.jpg 100w, \/\/mrcartools.com\/wp-content\/uploads\/2023\/06\/MRCARTOOL-Car-Battery-Capacity-Tester-510x510.jpg 510w\" sizes=\"(max-width: 1600px) 100vw, 1600px\" \/> <img loading=\"lazy\" decoding=\"async\" class=\"alignnone size-full wp-image-3532\" src=\"https:\/\/mrcartools.com\/wp-content\/uploads\/2023\/06\/Car-Motorcycle-Battery-Capacity-Monitor-Analyzer.jpg\" alt=\"Car Motorcycle Battery Capacity Monitor Analyzer\" width=\"1000\" height=\"1000\" srcset=\"\/\/mrcartools.com\/wp-content\/uploads\/2023\/06\/Car-Motorcycle-Battery-Capacity-Monitor-Analyzer.jpg 1000w, \/\/mrcartools.com\/wp-content\/uploads\/2023\/06\/Car-Motorcycle-Battery-Capacity-Monitor-Analyzer-253x253.jpg 253w, \/\/mrcartools.com\/wp-content\/uploads\/2023\/06\/Car-Motorcycle-Battery-Capacity-Monitor-Analyzer-100x100.jpg 100w, \/\/mrcartools.com\/wp-content\/uploads\/2023\/06\/Car-Motorcycle-Battery-Capacity-Monitor-Analyzer-510x510.jpg 510w\" sizes=\"(max-width: 1000px) 100vw, 1000px\" \/><\/p>\n<p class=\"detail-desc-decorate-title\"><strong>[Installazione semplice:]<\/strong><\/p>\n<p class=\"detail-desc-decorate-content\">1. Svitare il dado di fissaggio sul collegamento del terminale di polarit\u00e0 della batteria;<br \/>\n2. Collegare i morsetti elettrici. Il rosso si collega al positivo e il nero al negativo;<br \/>\n3. Serrare nuovamente il dado di fissaggio per garantire che le clip elettriche non cadano;<br \/>\n4. Fissare il dispositivo alla batteria con del nastro adesivo.<\/p>\n<p><img loading=\"lazy\" decoding=\"async\" class=\"alignnone size-full wp-image-3525\" src=\"https:\/\/mrcartools.com\/wp-content\/uploads\/2023\/06\/Cell-Tester.jpg\" alt=\"Cell Tester\" width=\"1200\" height=\"1200\" srcset=\"\/\/mrcartools.com\/wp-content\/uploads\/2023\/06\/Cell-Tester.jpg 1200w, \/\/mrcartools.com\/wp-content\/uploads\/2023\/06\/Cell-Tester-253x253.jpg 253w, \/\/mrcartools.com\/wp-content\/uploads\/2023\/06\/Cell-Tester-100x100.jpg 100w, \/\/mrcartools.com\/wp-content\/uploads\/2023\/06\/Cell-Tester-510x510.jpg 510w\" sizes=\"(max-width: 1200px) 100vw, 1200px\" \/><\/p>\n<p><strong>Elenco delle confezioni:<\/strong><\/p>\n<p class=\"detail-desc-decorate-content\" data-spm-anchor-id=\"a2g0o.detail.1000023.i5.17c64adaXj6KT0\">1pcs * Unit\u00e0 principale del monitor di capacit\u00e0 della batteria dell'automobile<br \/>\n1pz* Manuale<\/p>\n<p data-spm-anchor-id=\"a2g0o.detail.1000023.i5.17c64adaXj6KT0\"><img loading=\"lazy\" decoding=\"async\" class=\"alignnone size-full wp-image-3533\" src=\"https:\/\/mrcartools.com\/wp-content\/uploads\/2023\/06\/Portable-Car-Battery-Level-Capacity-Monitoring.jpg\" alt=\"Portable Car Battery Level Capacity Monitoring\" width=\"1200\" height=\"1200\" srcset=\"\/\/mrcartools.com\/wp-content\/uploads\/2023\/06\/Portable-Car-Battery-Level-Capacity-Monitoring.jpg 1200w, \/\/mrcartools.com\/wp-content\/uploads\/2023\/06\/Portable-Car-Battery-Level-Capacity-Monitoring-253x253.jpg 253w, \/\/mrcartools.com\/wp-content\/uploads\/2023\/06\/Portable-Car-Battery-Level-Capacity-Monitoring-100x100.jpg 100w, \/\/mrcartools.com\/wp-content\/uploads\/2023\/06\/Portable-Car-Battery-Level-Capacity-Monitoring-510x510.jpg 510w\" sizes=\"(max-width: 1200px) 100vw, 1200px\" \/><img loading=\"lazy\" decoding=\"async\" class=\"alignnone size-full wp-image-3311\" src=\"https:\/\/mrcartools.com\/wp-content\/uploads\/2023\/06\/1.webp\" alt=\"\" width=\"1200\" height=\"600\" srcset=\"\/\/mrcartools.com\/wp-content\/uploads\/2023\/06\/1.webp 1200w, \/\/mrcartools.com\/wp-content\/uploads\/2023\/06\/1-510x255.webp 510w, \/\/mrcartools.com\/wp-content\/uploads\/2023\/06\/1-800x400.webp 800w, \/\/mrcartools.com\/wp-content\/uploads\/2023\/06\/1-768x384.webp 768w\" sizes=\"(max-width: 1200px) 100vw, 1200px\" \/> <img loading=\"lazy\" decoding=\"async\" class=\"alignnone size-full wp-image-3312\" src=\"https:\/\/mrcartools.com\/wp-content\/uploads\/2023\/06\/2.webp\" alt=\"\" width=\"1200\" height=\"600\" srcset=\"\/\/mrcartools.com\/wp-content\/uploads\/2023\/06\/2.webp 1200w, \/\/mrcartools.com\/wp-content\/uploads\/2023\/06\/2-510x255.webp 510w, \/\/mrcartools.com\/wp-content\/uploads\/2023\/06\/2-800x400.webp 800w, \/\/mrcartools.com\/wp-content\/uploads\/2023\/06\/2-768x384.webp 768w\" sizes=\"(max-width: 1200px) 100vw, 1200px\" \/> <img loading=\"lazy\" decoding=\"async\" class=\"alignnone size-full wp-image-3313\" src=\"https:\/\/mrcartools.com\/wp-content\/uploads\/2023\/06\/3.webp\" alt=\"\" width=\"1200\" height=\"600\" srcset=\"\/\/mrcartools.com\/wp-content\/uploads\/2023\/06\/3.webp 1200w, \/\/mrcartools.com\/wp-content\/uploads\/2023\/06\/3-510x255.webp 510w, \/\/mrcartools.com\/wp-content\/uploads\/2023\/06\/3-800x400.webp 800w, \/\/mrcartools.com\/wp-content\/uploads\/2023\/06\/3-768x384.webp 768w\" sizes=\"(max-width: 1200px) 100vw, 1200px\" \/> <img loading=\"lazy\" decoding=\"async\" class=\"alignnone size-full wp-image-3314\" src=\"https:\/\/mrcartools.com\/wp-content\/uploads\/2023\/06\/Mrcartool.jpg\" alt=\"\" width=\"1200\" height=\"600\" srcset=\"\/\/mrcartools.com\/wp-content\/uploads\/2023\/06\/Mrcartool.jpg 1200w, \/\/mrcartools.com\/wp-content\/uploads\/2023\/06\/Mrcartool-510x255.jpg 510w\" sizes=\"(max-width: 1200px) 100vw, 1200px\" \/><\/p>\n<\/div>","protected":false},"excerpt":{"rendered":"<p><strong>ALLARME DI BASSA POTENZA: <\/strong>Quando l'alimentazione del 20% viene interrotta, il dispositivo emette un segnale acustico.<br \/>\n<strong>5 Segmenti Indicatore: <\/strong>Lo divide in 5 fasi. 20% \u00e8 SOSTITUZIONE; 40% \u00e8 CARICA; 60% \u00e8 CARICA; 80% \u00e8 BUONO\uff1b 100% \u00e8 MOLTO BUONO.<br \/>\n<strong>Applicazione multifunzionale: <\/strong>Questo prodotto serve per testare le batterie di auto, pick-up, fuoristrada, autocarri leggeri, motocicli, motoscafi, ecc. che utilizzano batterie al piombo da 12 o 24 V.<a href=\"https:\/\/api.whatsapp.com\/send\/?phone=%2B8618923768146&amp;text=onlinesupport\"><span style=\"color: #d83131;\"><strong>Assistenza online<\/strong><\/span><\/a><\/p>","protected":false},"featured_media":3523,"template":"","meta":[],"product_brand":[],"product_cat":[17,68],"product_tag":[],"class_list":{"0":"post-3522","1":"product","2":"type-product","3":"status-publish","4":"has-post-thumbnail","6":"product_cat-automotive-repair-tools","7":"product_cat-car-battery-tester","8":"product_shipping_class-weight","9":"pa_ship-from-china","10":"pa_ship-from-germany","11":"pa_ship-from-united-kingdom","12":"pa_ship-from-united-states","14":"first","15":"instock","16":"shipping-taxable","17":"product-type-variable","18":"wvs-archive-product-wrapper"},"yoast_head":"<!-- This site is optimized with the Yoast SEO Premium plugin v24.4 (Yoast SEO v24.4) - https:\/\/yoast.com\/wordpress\/plugins\/seo\/ -->\n<title>Mini MRCARTOOL Car Battery Analyzer Alarm Tester Battery Voltage Display 12V 24V for Vehicles Motorcycle - Mrcartool<\/title>\n<meta name=\"robots\" content=\"index, follow, max-snippet:-1, max-image-preview:large, max-video-preview:-1\" \/>\n<link rel=\"canonical\" href=\"https:\/\/mrcartools.com\/it\/prodotto\/mini-mrcartool-car-battery-analyzer-alarm-tester-battery-voltage-display-12v-24v-for-vehicles-motorcycle\/\" \/>\n<meta property=\"og:locale\" content=\"it_IT\" \/>\n<meta property=\"og:type\" content=\"article\" \/>\n<meta property=\"og:title\" content=\"Mini MRCARTOOL Car Battery Analyzer Alarm Tester Battery Voltage Display 12V 24V for Vehicles Motorcycle\" \/>\n<meta property=\"og:description\" content=\"LOW POWER ALARM: When the power leaathan 20%, the device will prompt with an alarm sound. 5 Segments Indicator: It divides it into 5 stages. 20% is REPLACE; 40% is CHARGE; 60% is CHARGE; 80% is GOOD\uff1b 100% is VERY GOOD. Multifunctional Application: This product is for battery testing of cars, pickup trucks, off-road vehicles, light trucks, motorcycles, speed boats, etc. that use 12V or 24V lead-acid batteries.Online Support&gt;&gt;\" \/>\n<meta property=\"og:url\" content=\"https:\/\/mrcartools.com\/it\/prodotto\/mini-mrcartool-car-battery-analyzer-alarm-tester-battery-voltage-display-12v-24v-for-vehicles-motorcycle\/\" \/>\n<meta property=\"og:site_name\" content=\"Mrcartool\" \/>\n<meta property=\"article:modified_time\" content=\"2025-03-17T03:02:34+00:00\" \/>\n<meta property=\"og:image\" content=\"https:\/\/mrcartools.com\/wp-content\/uploads\/2023\/06\/MRCARTOOL-Car-Battery-Capacity-Tester.jpg\" \/>\n\t<meta property=\"og:image:width\" content=\"1600\" \/>\n\t<meta property=\"og:image:height\" content=\"1600\" \/>\n\t<meta property=\"og:image:type\" content=\"image\/jpeg\" \/>\n<meta name=\"twitter:card\" content=\"summary_large_image\" \/>\n<meta name=\"twitter:label1\" content=\"Tempo di lettura stimato\" \/>\n\t<meta name=\"twitter:data1\" content=\"4 minuti\" \/>\n<script type=\"application\/ld+json\" class=\"yoast-schema-graph\">{\"@context\":\"https:\/\/schema.org\",\"@graph\":[{\"@type\":\"WebPage\",\"@id\":\"https:\/\/mrcartools.com\/product\/mini-mrcartool-car-battery-analyzer-alarm-tester-battery-voltage-display-12v-24v-for-vehicles-motorcycle\/\",\"url\":\"https:\/\/mrcartools.com\/product\/mini-mrcartool-car-battery-analyzer-alarm-tester-battery-voltage-display-12v-24v-for-vehicles-motorcycle\/\",\"name\":\"Mini MRCARTOOL Car Battery Analyzer Alarm Tester Battery Voltage Display 12V 24V for Vehicles Motorcycle - Mrcartool\",\"isPartOf\":{\"@id\":\"https:\/\/mrcartools.com\/#website\"},\"primaryImageOfPage\":{\"@id\":\"https:\/\/mrcartools.com\/product\/mini-mrcartool-car-battery-analyzer-alarm-tester-battery-voltage-display-12v-24v-for-vehicles-motorcycle\/#primaryimage\"},\"image\":{\"@id\":\"https:\/\/mrcartools.com\/product\/mini-mrcartool-car-battery-analyzer-alarm-tester-battery-voltage-display-12v-24v-for-vehicles-motorcycle\/#primaryimage\"},\"thumbnailUrl\":\"https:\/\/mrcartools.com\/wp-content\/uploads\/2023\/06\/MRCARTOOL-Car-Battery-Capacity-Tester.jpg\",\"datePublished\":\"2023-06-26T03:31:58+00:00\",\"dateModified\":\"2025-03-17T03:02:34+00:00\",\"breadcrumb\":{\"@id\":\"https:\/\/mrcartools.com\/product\/mini-mrcartool-car-battery-analyzer-alarm-tester-battery-voltage-display-12v-24v-for-vehicles-motorcycle\/#breadcrumb\"},\"inLanguage\":\"it-IT\",\"potentialAction\":[{\"@type\":\"ReadAction\",\"target\":[\"https:\/\/mrcartools.com\/product\/mini-mrcartool-car-battery-analyzer-alarm-tester-battery-voltage-display-12v-24v-for-vehicles-motorcycle\/\"]}]},{\"@type\":\"ImageObject\",\"inLanguage\":\"it-IT\",\"@id\":\"https:\/\/mrcartools.com\/product\/mini-mrcartool-car-battery-analyzer-alarm-tester-battery-voltage-display-12v-24v-for-vehicles-motorcycle\/#primaryimage\",\"url\":\"https:\/\/mrcartools.com\/wp-content\/uploads\/2023\/06\/MRCARTOOL-Car-Battery-Capacity-Tester.jpg\",\"contentUrl\":\"https:\/\/mrcartools.com\/wp-content\/uploads\/2023\/06\/MRCARTOOL-Car-Battery-Capacity-Tester.jpg\",\"width\":1600,\"height\":1600,\"caption\":\"MRCARTOOL Car Battery Capacity Tester\"},{\"@type\":\"BreadcrumbList\",\"@id\":\"https:\/\/mrcartools.com\/product\/mini-mrcartool-car-battery-analyzer-alarm-tester-battery-voltage-display-12v-24v-for-vehicles-motorcycle\/#breadcrumb\",\"itemListElement\":[{\"@type\":\"ListItem\",\"position\":1,\"name\":\"Home\",\"item\":\"https:\/\/mrcartools.com\/\"},{\"@type\":\"ListItem\",\"position\":2,\"name\":\"Shop\",\"item\":\"https:\/\/mrcartools.com\/shop-2\/\"},{\"@type\":\"ListItem\",\"position\":3,\"name\":\"Mini MRCARTOOL Car Battery Analyzer Alarm Tester Battery Voltage Display 12V 24V for Vehicles Motorcycle\"}]},{\"@type\":\"WebSite\",\"@id\":\"https:\/\/mrcartools.com\/#website\",\"url\":\"https:\/\/mrcartools.com\/\",\"name\":\"MRCARTOOL\",\"description\":\"MRCARTOOL Official Website\",\"publisher\":{\"@id\":\"https:\/\/mrcartools.com\/#organization\"},\"potentialAction\":[{\"@type\":\"SearchAction\",\"target\":{\"@type\":\"EntryPoint\",\"urlTemplate\":\"https:\/\/mrcartools.com\/?s={search_term_string}\"},\"query-input\":{\"@type\":\"PropertyValueSpecification\",\"valueRequired\":true,\"valueName\":\"search_term_string\"}}],\"inLanguage\":\"it-IT\"},{\"@type\":\"Organization\",\"@id\":\"https:\/\/mrcartools.com\/#organization\",\"name\":\"MRCARTOOL\",\"url\":\"https:\/\/mrcartools.com\/\",\"logo\":{\"@type\":\"ImageObject\",\"inLanguage\":\"it-IT\",\"@id\":\"https:\/\/mrcartools.com\/#\/schema\/logo\/image\/\",\"url\":\"https:\/\/mrcartools.com\/wp-content\/uploads\/2023\/07\/\u4e0a\u4f73\u6c7d\u8f66\u5de5\u5177-LOGO-2.png\",\"contentUrl\":\"https:\/\/mrcartools.com\/wp-content\/uploads\/2023\/07\/\u4e0a\u4f73\u6c7d\u8f66\u5de5\u5177-LOGO-2.png\",\"width\":1800,\"height\":402,\"caption\":\"MRCARTOOL\"},\"image\":{\"@id\":\"https:\/\/mrcartools.com\/#\/schema\/logo\/image\/\"}}]}<\/script>\n<!-- \/ Yoast SEO Premium plugin. -->","yoast_head_json":{"title":"Mini MRCARTOOL Car Battery Analyzer Alarm Tester Battery Voltage Display 12V 24V for Vehicles Motorcycle - Mrcartool","robots":{"index":"index","follow":"follow","max-snippet":"max-snippet:-1","max-image-preview":"max-image-preview:large","max-video-preview":"max-video-preview:-1"},"canonical":"https:\/\/mrcartools.com\/it\/prodotto\/mini-mrcartool-car-battery-analyzer-alarm-tester-battery-voltage-display-12v-24v-for-vehicles-motorcycle\/","og_locale":"it_IT","og_type":"article","og_title":"Mini MRCARTOOL Car Battery Analyzer Alarm Tester Battery Voltage Display 12V 24V for Vehicles Motorcycle","og_description":"LOW POWER ALARM: When the power leaathan 20%, the device will prompt with an alarm sound. 5 Segments Indicator: It divides it into 5 stages. 20% is REPLACE; 40% is CHARGE; 60% is CHARGE; 80% is GOOD\uff1b 100% is VERY GOOD. Multifunctional Application: This product is for battery testing of cars, pickup trucks, off-road vehicles, light trucks, motorcycles, speed boats, etc. that use 12V or 24V lead-acid batteries.Online Support&gt;&gt;","og_url":"https:\/\/mrcartools.com\/it\/prodotto\/mini-mrcartool-car-battery-analyzer-alarm-tester-battery-voltage-display-12v-24v-for-vehicles-motorcycle\/","og_site_name":"Mrcartool","article_modified_time":"2025-03-17T03:02:34+00:00","og_image":[{"width":1600,"height":1600,"url":"https:\/\/mrcartools.com\/wp-content\/uploads\/2023\/06\/MRCARTOOL-Car-Battery-Capacity-Tester.jpg","type":"image\/jpeg"}],"twitter_card":"summary_large_image","twitter_misc":{"Tempo di lettura stimato":"4 minuti"},"schema":{"@context":"https:\/\/schema.org","@graph":[{"@type":"WebPage","@id":"https:\/\/mrcartools.com\/product\/mini-mrcartool-car-battery-analyzer-alarm-tester-battery-voltage-display-12v-24v-for-vehicles-motorcycle\/","url":"https:\/\/mrcartools.com\/product\/mini-mrcartool-car-battery-analyzer-alarm-tester-battery-voltage-display-12v-24v-for-vehicles-motorcycle\/","name":"Mini MRCARTOOL Car Battery Analyzer Alarm Tester Battery Voltage Display 12V 24V for Vehicles Motorcycle - Mrcartool","isPartOf":{"@id":"https:\/\/mrcartools.com\/#website"},"primaryImageOfPage":{"@id":"https:\/\/mrcartools.com\/product\/mini-mrcartool-car-battery-analyzer-alarm-tester-battery-voltage-display-12v-24v-for-vehicles-motorcycle\/#primaryimage"},"image":{"@id":"https:\/\/mrcartools.com\/product\/mini-mrcartool-car-battery-analyzer-alarm-tester-battery-voltage-display-12v-24v-for-vehicles-motorcycle\/#primaryimage"},"thumbnailUrl":"https:\/\/mrcartools.com\/wp-content\/uploads\/2023\/06\/MRCARTOOL-Car-Battery-Capacity-Tester.jpg","datePublished":"2023-06-26T03:31:58+00:00","dateModified":"2025-03-17T03:02:34+00:00","breadcrumb":{"@id":"https:\/\/mrcartools.com\/product\/mini-mrcartool-car-battery-analyzer-alarm-tester-battery-voltage-display-12v-24v-for-vehicles-motorcycle\/#breadcrumb"},"inLanguage":"it-IT","potentialAction":[{"@type":"ReadAction","target":["https:\/\/mrcartools.com\/product\/mini-mrcartool-car-battery-analyzer-alarm-tester-battery-voltage-display-12v-24v-for-vehicles-motorcycle\/"]}]},{"@type":"ImageObject","inLanguage":"it-IT","@id":"https:\/\/mrcartools.com\/product\/mini-mrcartool-car-battery-analyzer-alarm-tester-battery-voltage-display-12v-24v-for-vehicles-motorcycle\/#primaryimage","url":"https:\/\/mrcartools.com\/wp-content\/uploads\/2023\/06\/MRCARTOOL-Car-Battery-Capacity-Tester.jpg","contentUrl":"https:\/\/mrcartools.com\/wp-content\/uploads\/2023\/06\/MRCARTOOL-Car-Battery-Capacity-Tester.jpg","width":1600,"height":1600,"caption":"MRCARTOOL Car Battery Capacity Tester"},{"@type":"BreadcrumbList","@id":"https:\/\/mrcartools.com\/product\/mini-mrcartool-car-battery-analyzer-alarm-tester-battery-voltage-display-12v-24v-for-vehicles-motorcycle\/#breadcrumb","itemListElement":[{"@type":"ListItem","position":1,"name":"Home","item":"https:\/\/mrcartools.com\/"},{"@type":"ListItem","position":2,"name":"Shop","item":"https:\/\/mrcartools.com\/shop-2\/"},{"@type":"ListItem","position":3,"name":"Mini MRCARTOOL Car Battery Analyzer Alarm Tester Battery Voltage Display 12V 24V for Vehicles Motorcycle"}]},{"@type":"WebSite","@id":"https:\/\/mrcartools.com\/#website","url":"https:\/\/mrcartools.com\/","name":"MRCARTOOL","description":"MRCARTOOL Sito ufficiale","publisher":{"@id":"https:\/\/mrcartools.com\/#organization"},"potentialAction":[{"@type":"SearchAction","target":{"@type":"EntryPoint","urlTemplate":"https:\/\/mrcartools.com\/?s={search_term_string}"},"query-input":{"@type":"PropertyValueSpecification","valueRequired":true,"valueName":"search_term_string"}}],"inLanguage":"it-IT"},{"@type":"Organization","@id":"https:\/\/mrcartools.com\/#organization","name":"MRCARTOOL","url":"https:\/\/mrcartools.com\/","logo":{"@type":"ImageObject","inLanguage":"it-IT","@id":"https:\/\/mrcartools.com\/#\/schema\/logo\/image\/","url":"https:\/\/mrcartools.com\/wp-content\/uploads\/2023\/07\/\u4e0a\u4f73\u6c7d\u8f66\u5de5\u5177-LOGO-2.png","contentUrl":"https:\/\/mrcartools.com\/wp-content\/uploads\/2023\/07\/\u4e0a\u4f73\u6c7d\u8f66\u5de5\u5177-LOGO-2.png","width":1800,"height":402,"caption":"MRCARTOOL"},"image":{"@id":"https:\/\/mrcartools.com\/#\/schema\/logo\/image\/"}}]}},"_links":{"self":[{"href":"https:\/\/mrcartools.com\/it\/wp-json\/wp\/v2\/product\/3522","targetHints":{"allow":["GET"]}}],"collection":[{"href":"https:\/\/mrcartools.com\/it\/wp-json\/wp\/v2\/product"}],"about":[{"href":"https:\/\/mrcartools.com\/it\/wp-json\/wp\/v2\/types\/product"}],"version-history":[{"count":0,"href":"https:\/\/mrcartools.com\/it\/wp-json\/wp\/v2\/product\/3522\/revisions"}],"wp:featuredmedia":[{"embeddable":true,"href":"https:\/\/mrcartools.com\/it\/wp-json\/wp\/v2\/media\/3523"}],"wp:attachment":[{"href":"https:\/\/mrcartools.com\/it\/wp-json\/wp\/v2\/media?parent=3522"}],"wp:term":[{"taxonomy":"product_brand","embeddable":true,"href":"https:\/\/mrcartools.com\/it\/wp-json\/wp\/v2\/product_brand?post=3522"},{"taxonomy":"product_cat","embeddable":true,"href":"https:\/\/mrcartools.com\/it\/wp-json\/wp\/v2\/product_cat?post=3522"},{"taxonomy":"product_tag","embeddable":true,"href":"https:\/\/mrcartools.com\/it\/wp-json\/wp\/v2\/product_tag?post=3522"}],"curies":[{"name":"wp","href":"https:\/\/api.w.org\/{rel}","templated":true}]}}