{"id":4366,"date":"2024-06-11T08:11:46","date_gmt":"2024-06-11T08:11:46","guid":{"rendered":"https:\/\/mrcartools.com\/?post_type=product&#038;p=4366"},"modified":"2025-04-28T04:01:31","modified_gmt":"2025-04-28T04:01:31","slug":"mrcartool-car-spark-plug-tester-with-auto-adjustable-for-12v-vehicles","status":"publish","type":"product","link":"https:\/\/mrcartools.com\/it\/prodotto\/mrcartool-car-spark-plug-tester-with-auto-adjustable-for-12v-vehicles\/","title":{"rendered":"MRCARTOOL Tester di candele per auto con regolazione automatica per veicoli a 12 V"},"content":{"rendered":"<h3><span style=\"font-family: Poppins;\"><strong>Il tester per candele MRCARTOOL serve a verificare le prestazioni e la resistenza delle candele. Il prodotto simula le condizioni reali del motore e funziona fino a 6000 giri\/min.<\/strong><\/span><\/h3>\n<p>\u00c8 compatibile con tutte le candele per motori ad albero motore e motocicli presenti sul mercato. Pu\u00f2 testare anche due fori contemporaneamente ed \u00e8 progettato con un coperchio protettivo per garantire la sicurezza del personale addetto alla manutenzione durante il test. Nel sistema di accensione dell'automobile, la bobina di accensione ad alta tensione genera un'alta tensione e la candela la devia dalla bobina di accensione ad alta tensione nel cilindro del motore, la scintilla tra gli elettrodi della candela accender\u00e0 la miscela, il rilevatore potrebbe distinguere le candele buone da quelle cattive in base alla forza della scintilla.<\/p>\n<h3><a href=\"https:\/\/mrcartools.com\/wp-content\/uploads\/2024\/06\/MRCARTOOL-\u706b\u82b1\u585e-MANUAL.pdf\"><em><strong>MRCARTOOL Manuale d'uso del tester di candele Download&gt;&gt;<\/strong><\/em><\/a><\/h3>\n<h3><strong>Suggerimenti caldi<\/strong><\/h3>\n<ul>\n<li><strong>Durante il test verr\u00e0 generata una tensione fino a 1000V; chiudere il coperchio di protezione prima di eseguire il test!<\/strong><\/li>\n<\/ul>\n<p><img fetchpriority=\"high\" decoding=\"async\" class=\"alignnone size-full wp-image-4368\" src=\"https:\/\/mrcartools.com\/wp-content\/uploads\/2024\/06\/8.jpg\" alt=\"\" width=\"1200\" height=\"1200\" srcset=\"\/\/mrcartools.com\/wp-content\/uploads\/2024\/06\/8.jpg 1200w, \/\/mrcartools.com\/wp-content\/uploads\/2024\/06\/8-253x253.jpg 253w, \/\/mrcartools.com\/wp-content\/uploads\/2024\/06\/8-100x100.jpg 100w, \/\/mrcartools.com\/wp-content\/uploads\/2024\/06\/8-510x510.jpg 510w, \/\/mrcartools.com\/wp-content\/uploads\/2024\/06\/8-150x150.jpg 150w, \/\/mrcartools.com\/wp-content\/uploads\/2024\/06\/8-768x768.jpg 768w, \/\/mrcartools.com\/wp-content\/uploads\/2024\/06\/8-50x50.jpg 50w\" sizes=\"(max-width: 1200px) 100vw, 1200px\" \/><\/p>\n<h3><strong>Qual \u00e8 la differenza tra tutti gli strumenti MRCARTOOL Car spark plug tester?<\/strong><\/h3>\n<p><img decoding=\"async\" class=\"alignnone size-full wp-image-9162\" src=\"https:\/\/mrcartools.com\/wp-content\/uploads\/2024\/10\/98c4881043172e12f336342a216bf804.png\" alt=\"\" width=\"1155\" height=\"943\" srcset=\"\/\/mrcartools.com\/wp-content\/uploads\/2024\/10\/98c4881043172e12f336342a216bf804.png 1155w, \/\/mrcartools.com\/wp-content\/uploads\/2024\/10\/98c4881043172e12f336342a216bf804-150x122.png 150w, \/\/mrcartools.com\/wp-content\/uploads\/2024\/10\/98c4881043172e12f336342a216bf804-768x627.png 768w, \/\/mrcartools.com\/wp-content\/uploads\/2024\/10\/98c4881043172e12f336342a216bf804-510x416.png 510w\" sizes=\"(max-width: 1155px) 100vw, 1155px\" \/><\/p>\n<h3><strong>MRCARTOOL Tester per candele Caratteristiche:<\/strong><\/h3>\n<ul>\n<li><strong>Da 0 a 6000 giri\/min Frequenza di funzionamento:<\/strong>\u00a0Il tester per candele AUTOOL SPT101 \u00e8 progettato con una frequenza di lavoro regolabile, la cui gamma pu\u00f2 raggiungere 0-6000 giri\/min. Pu\u00f2 essere regolato secondo le proprie esigenze.<\/li>\n<li><strong>Test a doppio foro e risparmio di tempo:<\/strong>\u00a0Il tester per candele AUTOOL SPT101 \u00e8 in grado di eseguire test simultanei a doppio foro e di far funzionare il motore in modo analogico, il che \u00e8 molto pi\u00f9 efficiente e fa risparmiare tempo.<\/li>\n<li><strong>Ampia applicazione:<\/strong>\u00a012V Candele per veicoli a benzina, tensione di ingresso 100V-240V.<\/li>\n<li><strong>Funzionamento semplice Plug And Play:<\/strong>\u00a0Facile da usare, plug and play. Dotato di indicatore luminoso, lo stato della candela pu\u00f2 essere visualizzato in modo pi\u00f9 intuitivo.<\/li>\n<li><strong>Servizio post-vendita<\/strong>: MRCARTOOL offre una garanzia di 48 mesi e un servizio clienti amichevole 7\u00d724 ore per garantire la vostra esperienza di acquisto. Se avete domande sui rilevatori di perdite EVAP, contattateci direttamente. Supporto online&gt;&gt;<\/li>\n<\/ul>\n<h3><strong>Come utilizzare il tester per candele MRCARTOOL?<\/strong><\/h3>\n<ul>\n<li>Fase 1: inserire la candela nel foro di prova.<\/li>\n<li>Fase 2: coprire il coperchio di protezione.<\/li>\n<li>Fase 3: collegare l'alimentazione e regolare la frequenza di lavoro.<\/li>\n<li>Fase 4: Osservare lo stato del test della candela attraverso il coperchio di protezione.<\/li>\n<\/ul>\n<p><img decoding=\"async\" class=\"alignnone size-full wp-image-4372\" src=\"https:\/\/mrcartools.com\/wp-content\/uploads\/2024\/06\/12.jpg\" alt=\"\" width=\"1200\" height=\"1200\" srcset=\"\/\/mrcartools.com\/wp-content\/uploads\/2024\/06\/12.jpg 1200w, \/\/mrcartools.com\/wp-content\/uploads\/2024\/06\/12-253x253.jpg 253w, \/\/mrcartools.com\/wp-content\/uploads\/2024\/06\/12-100x100.jpg 100w, \/\/mrcartools.com\/wp-content\/uploads\/2024\/06\/12-510x510.jpg 510w, \/\/mrcartools.com\/wp-content\/uploads\/2024\/06\/12-150x150.jpg 150w, \/\/mrcartools.com\/wp-content\/uploads\/2024\/06\/12-768x768.jpg 768w, \/\/mrcartools.com\/wp-content\/uploads\/2024\/06\/12-50x50.jpg 50w\" sizes=\"(max-width: 1200px) 100vw, 1200px\" \/><img loading=\"lazy\" decoding=\"async\" class=\"alignnone size-full wp-image-4369\" src=\"https:\/\/mrcartools.com\/wp-content\/uploads\/2024\/06\/9.jpg\" alt=\"\" width=\"1200\" height=\"1200\" srcset=\"\/\/mrcartools.com\/wp-content\/uploads\/2024\/06\/9.jpg 1200w, \/\/mrcartools.com\/wp-content\/uploads\/2024\/06\/9-253x253.jpg 253w, \/\/mrcartools.com\/wp-content\/uploads\/2024\/06\/9-100x100.jpg 100w, \/\/mrcartools.com\/wp-content\/uploads\/2024\/06\/9-510x510.jpg 510w, \/\/mrcartools.com\/wp-content\/uploads\/2024\/06\/9-150x150.jpg 150w, \/\/mrcartools.com\/wp-content\/uploads\/2024\/06\/9-768x768.jpg 768w, \/\/mrcartools.com\/wp-content\/uploads\/2024\/06\/9-50x50.jpg 50w\" sizes=\"(max-width: 1200px) 100vw, 1200px\" \/> <img loading=\"lazy\" decoding=\"async\" class=\"alignnone size-full wp-image-4371\" src=\"https:\/\/mrcartools.com\/wp-content\/uploads\/2024\/06\/11.jpg\" alt=\"\" width=\"1200\" height=\"1200\" srcset=\"\/\/mrcartools.com\/wp-content\/uploads\/2024\/06\/11.jpg 1200w, \/\/mrcartools.com\/wp-content\/uploads\/2024\/06\/11-253x253.jpg 253w, \/\/mrcartools.com\/wp-content\/uploads\/2024\/06\/11-100x100.jpg 100w, \/\/mrcartools.com\/wp-content\/uploads\/2024\/06\/11-510x510.jpg 510w, \/\/mrcartools.com\/wp-content\/uploads\/2024\/06\/11-150x150.jpg 150w, \/\/mrcartools.com\/wp-content\/uploads\/2024\/06\/11-768x768.jpg 768w, \/\/mrcartools.com\/wp-content\/uploads\/2024\/06\/11-50x50.jpg 50w\" sizes=\"(max-width: 1200px) 100vw, 1200px\" \/> <img loading=\"lazy\" decoding=\"async\" class=\"alignnone size-full wp-image-4370\" src=\"https:\/\/mrcartools.com\/wp-content\/uploads\/2024\/06\/10.jpg\" alt=\"\" width=\"1200\" height=\"1200\" srcset=\"\/\/mrcartools.com\/wp-content\/uploads\/2024\/06\/10.jpg 1200w, \/\/mrcartools.com\/wp-content\/uploads\/2024\/06\/10-253x253.jpg 253w, \/\/mrcartools.com\/wp-content\/uploads\/2024\/06\/10-100x100.jpg 100w, \/\/mrcartools.com\/wp-content\/uploads\/2024\/06\/10-510x510.jpg 510w, \/\/mrcartools.com\/wp-content\/uploads\/2024\/06\/10-150x150.jpg 150w, \/\/mrcartools.com\/wp-content\/uploads\/2024\/06\/10-768x768.jpg 768w, \/\/mrcartools.com\/wp-content\/uploads\/2024\/06\/10-50x50.jpg 50w\" sizes=\"(max-width: 1200px) 100vw, 1200px\" \/><img loading=\"lazy\" decoding=\"async\" class=\"alignnone size-full wp-image-4373\" src=\"https:\/\/mrcartools.com\/wp-content\/uploads\/2024\/06\/13.jpg\" alt=\"\" width=\"1200\" height=\"1200\" srcset=\"\/\/mrcartools.com\/wp-content\/uploads\/2024\/06\/13.jpg 1200w, \/\/mrcartools.com\/wp-content\/uploads\/2024\/06\/13-253x253.jpg 253w, \/\/mrcartools.com\/wp-content\/uploads\/2024\/06\/13-100x100.jpg 100w, \/\/mrcartools.com\/wp-content\/uploads\/2024\/06\/13-510x510.jpg 510w, \/\/mrcartools.com\/wp-content\/uploads\/2024\/06\/13-150x150.jpg 150w, \/\/mrcartools.com\/wp-content\/uploads\/2024\/06\/13-768x768.jpg 768w, \/\/mrcartools.com\/wp-content\/uploads\/2024\/06\/13-50x50.jpg 50w\" sizes=\"(max-width: 1200px) 100vw, 1200px\" \/><\/p>\n<h3><strong>Lista di imballaggio<\/strong><\/h3>\n<p><img loading=\"lazy\" decoding=\"async\" class=\"alignnone size-full wp-image-4374\" src=\"https:\/\/mrcartools.com\/wp-content\/uploads\/2024\/06\/14.jpg\" alt=\"\" width=\"1200\" height=\"1200\" srcset=\"\/\/mrcartools.com\/wp-content\/uploads\/2024\/06\/14.jpg 1200w, \/\/mrcartools.com\/wp-content\/uploads\/2024\/06\/14-253x253.jpg 253w, \/\/mrcartools.com\/wp-content\/uploads\/2024\/06\/14-100x100.jpg 100w, \/\/mrcartools.com\/wp-content\/uploads\/2024\/06\/14-510x510.jpg 510w, \/\/mrcartools.com\/wp-content\/uploads\/2024\/06\/14-150x150.jpg 150w, \/\/mrcartools.com\/wp-content\/uploads\/2024\/06\/14-768x768.jpg 768w, \/\/mrcartools.com\/wp-content\/uploads\/2024\/06\/14-50x50.jpg 50w\" sizes=\"(max-width: 1200px) 100vw, 1200px\" \/><\/p>","protected":false},"excerpt":{"rendered":"<ul>\n<li><strong>Test a doppio foro e risparmio di tempo:<\/strong>Il tester per candele AUTOOL SPT101 consente di testare due fori contemporaneamente e mostra lo stato del motore per ottenere risultati pi\u00f9 rapidi.<\/li>\n<li><strong>Ampia applicazione:<\/strong>Funziona con veicoli a benzina a 12 V e accetta ingressi da 100 V a 240 V.<\/li>\n<li><strong>Facile da usare:<\/strong>\u00c8 sufficiente collegarla per utilizzarla. La spia luminosa mostra chiaramente lo stato della candela.<a href=\"https:\/\/api.whatsapp.com\/send\/?phone=%2B8618923768146&amp;text=onlinesupport\"><span style=\"color: #d83131;\"><strong>Assistenza online<\/strong><\/span><\/a><\/li>\n<\/ul>","protected":false},"featured_media":4367,"template":"","meta":[],"product_brand":[],"product_cat":[105],"product_tag":[],"class_list":{"0":"post-4366","1":"product","2":"type-product","3":"status-publish","4":"has-post-thumbnail","6":"product_cat-spark-plug-tester","7":"product_shipping_class-weight","8":"pa_ship-from-china","9":"pa_ship-from-germany","10":"pa_ship-from-united-kingdom","11":"pa_ship-from-united-states","12":"pa_voltage-110v","13":"pa_voltage-220v","15":"first","16":"instock","17":"shipping-taxable","18":"product-type-variable","19":"wvs-archive-product-wrapper"},"yoast_head":"<!-- This site is optimized with the Yoast SEO Premium plugin v24.4 (Yoast SEO v24.4) - https:\/\/yoast.com\/wordpress\/plugins\/seo\/ -->\n<title>MRCARTOOL Car Spark Plug Tester with Auto Adjustable for 12V Vehicles - Mrcartool<\/title>\n<meta name=\"description\" content=\"MRCARTOOL Spark Plug Tester is for testing the performance and strength of spark plugs. The product simulates actual engine conditions and works up to 6000rpm.\" \/>\n<meta name=\"robots\" content=\"index, follow, max-snippet:-1, max-image-preview:large, max-video-preview:-1\" \/>\n<link rel=\"canonical\" href=\"https:\/\/mrcartools.com\/it\/prodotto\/mrcartool-car-spark-plug-tester-with-auto-adjustable-for-12v-vehicles\/\" \/>\n<meta property=\"og:locale\" content=\"it_IT\" \/>\n<meta property=\"og:type\" content=\"article\" \/>\n<meta property=\"og:title\" content=\"MRCARTOOL Car Spark Plug Tester with Auto Adjustable for 12V Vehicles\" \/>\n<meta property=\"og:description\" content=\"MRCARTOOL Spark Plug Tester is for testing the performance and strength of spark plugs. The product simulates actual engine conditions and works up to 6000rpm.\" \/>\n<meta property=\"og:url\" content=\"https:\/\/mrcartools.com\/it\/prodotto\/mrcartool-car-spark-plug-tester-with-auto-adjustable-for-12v-vehicles\/\" \/>\n<meta property=\"og:site_name\" content=\"Mrcartool\" \/>\n<meta property=\"article:modified_time\" content=\"2025-04-28T04:01:31+00:00\" \/>\n<meta property=\"og:image\" content=\"https:\/\/mrcartools.com\/wp-content\/uploads\/2024\/06\/2-1.jpg\" \/>\n\t<meta property=\"og:image:width\" content=\"1200\" \/>\n\t<meta property=\"og:image:height\" content=\"1200\" \/>\n\t<meta property=\"og:image:type\" content=\"image\/jpeg\" \/>\n<meta name=\"twitter:card\" content=\"summary_large_image\" \/>\n<meta name=\"twitter:label1\" content=\"Tempo di lettura stimato\" \/>\n\t<meta name=\"twitter:data1\" content=\"4 minuti\" \/>\n<script type=\"application\/ld+json\" class=\"yoast-schema-graph\">{\"@context\":\"https:\/\/schema.org\",\"@graph\":[{\"@type\":\"WebPage\",\"@id\":\"https:\/\/mrcartools.com\/product\/mrcartool-car-spark-plug-tester-with-auto-adjustable-for-12v-vehicles\/\",\"url\":\"https:\/\/mrcartools.com\/product\/mrcartool-car-spark-plug-tester-with-auto-adjustable-for-12v-vehicles\/\",\"name\":\"MRCARTOOL Car Spark Plug Tester with Auto Adjustable for 12V Vehicles - Mrcartool\",\"isPartOf\":{\"@id\":\"https:\/\/mrcartools.com\/#website\"},\"primaryImageOfPage\":{\"@id\":\"https:\/\/mrcartools.com\/product\/mrcartool-car-spark-plug-tester-with-auto-adjustable-for-12v-vehicles\/#primaryimage\"},\"image\":{\"@id\":\"https:\/\/mrcartools.com\/product\/mrcartool-car-spark-plug-tester-with-auto-adjustable-for-12v-vehicles\/#primaryimage\"},\"thumbnailUrl\":\"https:\/\/mrcartools.com\/wp-content\/uploads\/2024\/06\/2-1.jpg\",\"datePublished\":\"2024-06-11T08:11:46+00:00\",\"dateModified\":\"2025-04-28T04:01:31+00:00\",\"description\":\"MRCARTOOL Spark Plug Tester is for testing the performance and strength of spark plugs. The product simulates actual engine conditions and works up to 6000rpm.\",\"breadcrumb\":{\"@id\":\"https:\/\/mrcartools.com\/product\/mrcartool-car-spark-plug-tester-with-auto-adjustable-for-12v-vehicles\/#breadcrumb\"},\"inLanguage\":\"it-IT\",\"potentialAction\":[{\"@type\":\"ReadAction\",\"target\":[\"https:\/\/mrcartools.com\/product\/mrcartool-car-spark-plug-tester-with-auto-adjustable-for-12v-vehicles\/\"]}]},{\"@type\":\"ImageObject\",\"inLanguage\":\"it-IT\",\"@id\":\"https:\/\/mrcartools.com\/product\/mrcartool-car-spark-plug-tester-with-auto-adjustable-for-12v-vehicles\/#primaryimage\",\"url\":\"https:\/\/mrcartools.com\/wp-content\/uploads\/2024\/06\/2-1.jpg\",\"contentUrl\":\"https:\/\/mrcartools.com\/wp-content\/uploads\/2024\/06\/2-1.jpg\",\"width\":1200,\"height\":1200},{\"@type\":\"BreadcrumbList\",\"@id\":\"https:\/\/mrcartools.com\/product\/mrcartool-car-spark-plug-tester-with-auto-adjustable-for-12v-vehicles\/#breadcrumb\",\"itemListElement\":[{\"@type\":\"ListItem\",\"position\":1,\"name\":\"Home\",\"item\":\"https:\/\/mrcartools.com\/\"},{\"@type\":\"ListItem\",\"position\":2,\"name\":\"Shop\",\"item\":\"https:\/\/mrcartools.com\/shop-2\/\"},{\"@type\":\"ListItem\",\"position\":3,\"name\":\"MRCARTOOL Car Spark Plug Tester with Auto Adjustable for 12V Vehicles\"}]},{\"@type\":\"WebSite\",\"@id\":\"https:\/\/mrcartools.com\/#website\",\"url\":\"https:\/\/mrcartools.com\/\",\"name\":\"MRCARTOOL\",\"description\":\"MRCARTOOL Official Website\",\"publisher\":{\"@id\":\"https:\/\/mrcartools.com\/#organization\"},\"potentialAction\":[{\"@type\":\"SearchAction\",\"target\":{\"@type\":\"EntryPoint\",\"urlTemplate\":\"https:\/\/mrcartools.com\/?s={search_term_string}\"},\"query-input\":{\"@type\":\"PropertyValueSpecification\",\"valueRequired\":true,\"valueName\":\"search_term_string\"}}],\"inLanguage\":\"it-IT\"},{\"@type\":\"Organization\",\"@id\":\"https:\/\/mrcartools.com\/#organization\",\"name\":\"MRCARTOOL\",\"url\":\"https:\/\/mrcartools.com\/\",\"logo\":{\"@type\":\"ImageObject\",\"inLanguage\":\"it-IT\",\"@id\":\"https:\/\/mrcartools.com\/#\/schema\/logo\/image\/\",\"url\":\"https:\/\/mrcartools.com\/wp-content\/uploads\/2023\/07\/\u4e0a\u4f73\u6c7d\u8f66\u5de5\u5177-LOGO-2.png\",\"contentUrl\":\"https:\/\/mrcartools.com\/wp-content\/uploads\/2023\/07\/\u4e0a\u4f73\u6c7d\u8f66\u5de5\u5177-LOGO-2.png\",\"width\":1800,\"height\":402,\"caption\":\"MRCARTOOL\"},\"image\":{\"@id\":\"https:\/\/mrcartools.com\/#\/schema\/logo\/image\/\"}}]}<\/script>\n<!-- \/ Yoast SEO Premium plugin. -->","yoast_head_json":{"title":"MRCARTOOL Car Spark Plug Tester with Auto Adjustable for 12V Vehicles - Mrcartool","description":"Il tester per candele MRCARTOOL serve a verificare le prestazioni e la resistenza delle candele. Il prodotto simula le condizioni reali del motore e funziona fino a 6000 giri\/min.","robots":{"index":"index","follow":"follow","max-snippet":"max-snippet:-1","max-image-preview":"max-image-preview:large","max-video-preview":"max-video-preview:-1"},"canonical":"https:\/\/mrcartools.com\/it\/prodotto\/mrcartool-car-spark-plug-tester-with-auto-adjustable-for-12v-vehicles\/","og_locale":"it_IT","og_type":"article","og_title":"MRCARTOOL Car Spark Plug Tester with Auto Adjustable for 12V Vehicles","og_description":"MRCARTOOL Spark Plug Tester is for testing the performance and strength of spark plugs. The product simulates actual engine conditions and works up to 6000rpm.","og_url":"https:\/\/mrcartools.com\/it\/prodotto\/mrcartool-car-spark-plug-tester-with-auto-adjustable-for-12v-vehicles\/","og_site_name":"Mrcartool","article_modified_time":"2025-04-28T04:01:31+00:00","og_image":[{"width":1200,"height":1200,"url":"https:\/\/mrcartools.com\/wp-content\/uploads\/2024\/06\/2-1.jpg","type":"image\/jpeg"}],"twitter_card":"summary_large_image","twitter_misc":{"Tempo di lettura stimato":"4 minuti"},"schema":{"@context":"https:\/\/schema.org","@graph":[{"@type":"WebPage","@id":"https:\/\/mrcartools.com\/product\/mrcartool-car-spark-plug-tester-with-auto-adjustable-for-12v-vehicles\/","url":"https:\/\/mrcartools.com\/product\/mrcartool-car-spark-plug-tester-with-auto-adjustable-for-12v-vehicles\/","name":"MRCARTOOL Car Spark Plug Tester with Auto Adjustable for 12V Vehicles - Mrcartool","isPartOf":{"@id":"https:\/\/mrcartools.com\/#website"},"primaryImageOfPage":{"@id":"https:\/\/mrcartools.com\/product\/mrcartool-car-spark-plug-tester-with-auto-adjustable-for-12v-vehicles\/#primaryimage"},"image":{"@id":"https:\/\/mrcartools.com\/product\/mrcartool-car-spark-plug-tester-with-auto-adjustable-for-12v-vehicles\/#primaryimage"},"thumbnailUrl":"https:\/\/mrcartools.com\/wp-content\/uploads\/2024\/06\/2-1.jpg","datePublished":"2024-06-11T08:11:46+00:00","dateModified":"2025-04-28T04:01:31+00:00","description":"Il tester per candele MRCARTOOL serve a verificare le prestazioni e la resistenza delle candele. Il prodotto simula le condizioni reali del motore e funziona fino a 6000 giri\/min.","breadcrumb":{"@id":"https:\/\/mrcartools.com\/product\/mrcartool-car-spark-plug-tester-with-auto-adjustable-for-12v-vehicles\/#breadcrumb"},"inLanguage":"it-IT","potentialAction":[{"@type":"ReadAction","target":["https:\/\/mrcartools.com\/product\/mrcartool-car-spark-plug-tester-with-auto-adjustable-for-12v-vehicles\/"]}]},{"@type":"ImageObject","inLanguage":"it-IT","@id":"https:\/\/mrcartools.com\/product\/mrcartool-car-spark-plug-tester-with-auto-adjustable-for-12v-vehicles\/#primaryimage","url":"https:\/\/mrcartools.com\/wp-content\/uploads\/2024\/06\/2-1.jpg","contentUrl":"https:\/\/mrcartools.com\/wp-content\/uploads\/2024\/06\/2-1.jpg","width":1200,"height":1200},{"@type":"BreadcrumbList","@id":"https:\/\/mrcartools.com\/product\/mrcartool-car-spark-plug-tester-with-auto-adjustable-for-12v-vehicles\/#breadcrumb","itemListElement":[{"@type":"ListItem","position":1,"name":"Home","item":"https:\/\/mrcartools.com\/"},{"@type":"ListItem","position":2,"name":"Shop","item":"https:\/\/mrcartools.com\/shop-2\/"},{"@type":"ListItem","position":3,"name":"MRCARTOOL Car Spark Plug Tester with Auto Adjustable for 12V Vehicles"}]},{"@type":"WebSite","@id":"https:\/\/mrcartools.com\/#website","url":"https:\/\/mrcartools.com\/","name":"MRCARTOOL","description":"MRCARTOOL Sito ufficiale","publisher":{"@id":"https:\/\/mrcartools.com\/#organization"},"potentialAction":[{"@type":"SearchAction","target":{"@type":"EntryPoint","urlTemplate":"https:\/\/mrcartools.com\/?s={search_term_string}"},"query-input":{"@type":"PropertyValueSpecification","valueRequired":true,"valueName":"search_term_string"}}],"inLanguage":"it-IT"},{"@type":"Organization","@id":"https:\/\/mrcartools.com\/#organization","name":"MRCARTOOL","url":"https:\/\/mrcartools.com\/","logo":{"@type":"ImageObject","inLanguage":"it-IT","@id":"https:\/\/mrcartools.com\/#\/schema\/logo\/image\/","url":"https:\/\/mrcartools.com\/wp-content\/uploads\/2023\/07\/\u4e0a\u4f73\u6c7d\u8f66\u5de5\u5177-LOGO-2.png","contentUrl":"https:\/\/mrcartools.com\/wp-content\/uploads\/2023\/07\/\u4e0a\u4f73\u6c7d\u8f66\u5de5\u5177-LOGO-2.png","width":1800,"height":402,"caption":"MRCARTOOL"},"image":{"@id":"https:\/\/mrcartools.com\/#\/schema\/logo\/image\/"}}]}},"_links":{"self":[{"href":"https:\/\/mrcartools.com\/it\/wp-json\/wp\/v2\/product\/4366","targetHints":{"allow":["GET"]}}],"collection":[{"href":"https:\/\/mrcartools.com\/it\/wp-json\/wp\/v2\/product"}],"about":[{"href":"https:\/\/mrcartools.com\/it\/wp-json\/wp\/v2\/types\/product"}],"version-history":[{"count":0,"href":"https:\/\/mrcartools.com\/it\/wp-json\/wp\/v2\/product\/4366\/revisions"}],"wp:featuredmedia":[{"embeddable":true,"href":"https:\/\/mrcartools.com\/it\/wp-json\/wp\/v2\/media\/4367"}],"wp:attachment":[{"href":"https:\/\/mrcartools.com\/it\/wp-json\/wp\/v2\/media?parent=4366"}],"wp:term":[{"taxonomy":"product_brand","embeddable":true,"href":"https:\/\/mrcartools.com\/it\/wp-json\/wp\/v2\/product_brand?post=4366"},{"taxonomy":"product_cat","embeddable":true,"href":"https:\/\/mrcartools.com\/it\/wp-json\/wp\/v2\/product_cat?post=4366"},{"taxonomy":"product_tag","embeddable":true,"href":"https:\/\/mrcartools.com\/it\/wp-json\/wp\/v2\/product_tag?post=4366"}],"curies":[{"name":"wp","href":"https:\/\/api.w.org\/{rel}","templated":true}]}}