{"id":8712,"date":"2025-04-01T09:24:37","date_gmt":"2025-04-01T09:24:37","guid":{"rendered":"https:\/\/mrcartools.com\/?post_type=product&#038;p=8712"},"modified":"2025-04-01T09:29:08","modified_gmt":"2025-04-01T09:29:08","slug":"1kg-walnut-sand-for-autool-hts558-and-hts518","status":"publish","type":"product","link":"https:\/\/mrcartools.com\/it\/prodotto\/1kg-walnut-sand-for-autool-hts558-and-hts518\/","title":{"rendered":"1KG di sabbia di noce per AUTOOL HTS558 e HTS518"},"content":{"rendered":"<h3><strong>Che cos'\u00e8 la sabbia di noce?<\/strong><\/h3>\n<p>La materia prima della sabbia di noce \u00e8 il guscio di noce, che viene prodotto e sintetizzato attraverso una rigorosa selezione e classificazione e molteplici processi dopo la rottura del guscio di noce. \u00c8 un estratto di noce e appartiene ai mezzi di lucidatura dei metalli. Ha caratteristiche di elevata durezza, alta pressione e resistenza all'usura e la superficie \u00e8 microporosa. Ha una forte capacit\u00e0 di assorbimento e di intercettazione delle acque reflue, non \u00e8 corrosivo e non inquina. Il guscio di noce \u00e8 una materia prima naturale e non chimica, per cui l'uso della sabbia di noce come abrasivo non danneggia la superficie del pezzo e l'uso della sabbia di noce per pulire i depositi di carbonio dell'auto non danneggia il motore, l'effetto di pulizia \u00e8 notevole e il costo \u00e8 basso.<\/p>\n<h3><strong>Suggerimenti caldi<\/strong><\/h3>\n<p>Questa sabbia di noce \u00e8 adatta solo per AUTOOL HTS558\/HTS618\/HTS678.<br \/>\nIl peso di una confezione di sabbia di noce \u00e8 di 1 kg; per avviare il dispositivo sono necessari almeno 2-4 kg di sabbia di noce.<br \/>\nQuesto link \u00e8 solo per la sabbia di noce e non include alcuna attrezzatura.<br \/>\nPu\u00f2 essere spedito solo dalla Germania, i clienti dei paesi dell'UE possono acquistarlo da soli.<br \/>\nFinezza della sabbia di noce di 0,4 mm.<br \/>\nPer qualsiasi domanda, non esitate a contattare l'ASSISTENZA ONLINE&gt;&gt;.<\/p>\n<h3><strong>AUTOOL Pulitore motore a deposizione di carbonio Ricerca rapida<\/strong><\/h3>\n<p><a href=\"https:\/\/mrcartools.com\/it\/prodotto\/walnut-shell-sand-blaster-autool\/\">AUTOOL HTS 518 polvere di noce motore Tubo di aspirazione valvola pulire macchina&gt;&gt;<\/a><br \/>\n<a href=\"https:\/\/mrcartools.com\/it\/prodotto\/walnut-shell-sand-blaster-engine-clean-machine-carbon-cleaner\/\">AUTOOL HTS 558 polvere di noce motore Tubo di aspirazione valvola pulire macchina&gt;&gt;<\/a><br \/>\n1PC sabbia di noce (1kg)<\/p>","protected":false},"excerpt":{"rendered":"<p>What is Walnut Sand? The raw material of walnut sand is a walnut shell, which is made and synthesized through strict screening and classification and multiple processes after the walnut shell is broken. It is a walnut extract and belongs to metal polishing media. It has the characteristics of high hardness, high pressure, and wear [&#8230;]","protected":false},"featured_media":7234,"template":"","meta":[],"product_brand":[],"product_cat":[132],"product_tag":[],"class_list":{"0":"post-8712","1":"product","2":"type-product","3":"status-publish","4":"has-post-thumbnail","6":"product_cat-accessory","7":"product_shipping_class-weight","8":"pa_ship-from-china","9":"pa_ship-from-germany","10":"pa_ship-from-united-kingdom","11":"pa_ship-from-united-states","13":"first","14":"instock","15":"shipping-taxable","16":"product-type-variable","17":"wvs-archive-product-wrapper"},"yoast_head":"<!-- This site is optimized with the Yoast SEO Premium plugin v24.4 (Yoast SEO v24.4) - https:\/\/yoast.com\/wordpress\/plugins\/seo\/ -->\n<title>1KG Walnut Sand For AUTOOL HTS558 and HTS518 - Mrcartool<\/title>\n<meta name=\"robots\" content=\"index, follow, max-snippet:-1, max-image-preview:large, max-video-preview:-1\" \/>\n<link rel=\"canonical\" href=\"https:\/\/mrcartools.com\/it\/prodotto\/1kg-walnut-sand-for-autool-hts558-and-hts518\/\" \/>\n<meta property=\"og:locale\" content=\"it_IT\" \/>\n<meta property=\"og:type\" content=\"article\" \/>\n<meta property=\"og:title\" content=\"1KG Walnut Sand For AUTOOL HTS558 and HTS518\" \/>\n<meta property=\"og:description\" content=\"What is Walnut Sand? The raw material of walnut sand is a walnut shell, which is made and synthesized through strict screening and classification and multiple processes after the walnut shell is broken. It is a walnut extract and belongs to metal polishing media. It has the characteristics of high hardness, high pressure, and wear [...]\" \/>\n<meta property=\"og:url\" content=\"https:\/\/mrcartools.com\/it\/prodotto\/1kg-walnut-sand-for-autool-hts558-and-hts518\/\" \/>\n<meta property=\"og:site_name\" content=\"Mrcartool\" \/>\n<meta property=\"article:modified_time\" content=\"2025-04-01T09:29:08+00:00\" \/>\n<meta property=\"og:image\" content=\"https:\/\/mrcartools.com\/wp-content\/uploads\/2024\/04\/\u5fae\u4fe1\u622a\u56fe_20231222142545.png\" \/>\n\t<meta property=\"og:image:width\" content=\"600\" \/>\n\t<meta property=\"og:image:height\" content=\"600\" \/>\n\t<meta property=\"og:image:type\" content=\"image\/png\" \/>\n<meta name=\"twitter:card\" content=\"summary_large_image\" \/>\n<meta name=\"twitter:label1\" content=\"Tempo di lettura stimato\" \/>\n\t<meta name=\"twitter:data1\" content=\"2 minuti\" \/>\n<script type=\"application\/ld+json\" class=\"yoast-schema-graph\">{\"@context\":\"https:\/\/schema.org\",\"@graph\":[{\"@type\":\"WebPage\",\"@id\":\"https:\/\/mrcartools.com\/product\/1kg-walnut-sand-for-autool-hts558-and-hts518\/\",\"url\":\"https:\/\/mrcartools.com\/product\/1kg-walnut-sand-for-autool-hts558-and-hts518\/\",\"name\":\"1KG Walnut Sand For AUTOOL HTS558 and HTS518 - Mrcartool\",\"isPartOf\":{\"@id\":\"https:\/\/mrcartools.com\/#website\"},\"primaryImageOfPage\":{\"@id\":\"https:\/\/mrcartools.com\/product\/1kg-walnut-sand-for-autool-hts558-and-hts518\/#primaryimage\"},\"image\":{\"@id\":\"https:\/\/mrcartools.com\/product\/1kg-walnut-sand-for-autool-hts558-and-hts518\/#primaryimage\"},\"thumbnailUrl\":\"https:\/\/mrcartools.com\/wp-content\/uploads\/2024\/04\/\u5fae\u4fe1\u622a\u56fe_20231222142545.png\",\"datePublished\":\"2025-04-01T09:24:37+00:00\",\"dateModified\":\"2025-04-01T09:29:08+00:00\",\"breadcrumb\":{\"@id\":\"https:\/\/mrcartools.com\/product\/1kg-walnut-sand-for-autool-hts558-and-hts518\/#breadcrumb\"},\"inLanguage\":\"it-IT\",\"potentialAction\":[{\"@type\":\"ReadAction\",\"target\":[\"https:\/\/mrcartools.com\/product\/1kg-walnut-sand-for-autool-hts558-and-hts518\/\"]}]},{\"@type\":\"ImageObject\",\"inLanguage\":\"it-IT\",\"@id\":\"https:\/\/mrcartools.com\/product\/1kg-walnut-sand-for-autool-hts558-and-hts518\/#primaryimage\",\"url\":\"https:\/\/mrcartools.com\/wp-content\/uploads\/2024\/04\/\u5fae\u4fe1\u622a\u56fe_20231222142545.png\",\"contentUrl\":\"https:\/\/mrcartools.com\/wp-content\/uploads\/2024\/04\/\u5fae\u4fe1\u622a\u56fe_20231222142545.png\",\"width\":600,\"height\":600},{\"@type\":\"BreadcrumbList\",\"@id\":\"https:\/\/mrcartools.com\/product\/1kg-walnut-sand-for-autool-hts558-and-hts518\/#breadcrumb\",\"itemListElement\":[{\"@type\":\"ListItem\",\"position\":1,\"name\":\"Home\",\"item\":\"https:\/\/mrcartools.com\/\"},{\"@type\":\"ListItem\",\"position\":2,\"name\":\"Shop\",\"item\":\"https:\/\/mrcartools.com\/shop-2\/\"},{\"@type\":\"ListItem\",\"position\":3,\"name\":\"1KG Walnut Sand For AUTOOL HTS558 and HTS518\"}]},{\"@type\":\"WebSite\",\"@id\":\"https:\/\/mrcartools.com\/#website\",\"url\":\"https:\/\/mrcartools.com\/\",\"name\":\"MRCARTOOL\",\"description\":\"MRCARTOOL Official Website\",\"publisher\":{\"@id\":\"https:\/\/mrcartools.com\/#organization\"},\"potentialAction\":[{\"@type\":\"SearchAction\",\"target\":{\"@type\":\"EntryPoint\",\"urlTemplate\":\"https:\/\/mrcartools.com\/?s={search_term_string}\"},\"query-input\":{\"@type\":\"PropertyValueSpecification\",\"valueRequired\":true,\"valueName\":\"search_term_string\"}}],\"inLanguage\":\"it-IT\"},{\"@type\":\"Organization\",\"@id\":\"https:\/\/mrcartools.com\/#organization\",\"name\":\"MRCARTOOL\",\"url\":\"https:\/\/mrcartools.com\/\",\"logo\":{\"@type\":\"ImageObject\",\"inLanguage\":\"it-IT\",\"@id\":\"https:\/\/mrcartools.com\/#\/schema\/logo\/image\/\",\"url\":\"https:\/\/mrcartools.com\/wp-content\/uploads\/2023\/07\/\u4e0a\u4f73\u6c7d\u8f66\u5de5\u5177-LOGO-2.png\",\"contentUrl\":\"https:\/\/mrcartools.com\/wp-content\/uploads\/2023\/07\/\u4e0a\u4f73\u6c7d\u8f66\u5de5\u5177-LOGO-2.png\",\"width\":1800,\"height\":402,\"caption\":\"MRCARTOOL\"},\"image\":{\"@id\":\"https:\/\/mrcartools.com\/#\/schema\/logo\/image\/\"}}]}<\/script>\n<!-- \/ Yoast SEO Premium plugin. -->","yoast_head_json":{"title":"1KG Walnut Sand For AUTOOL HTS558 and HTS518 - Mrcartool","robots":{"index":"index","follow":"follow","max-snippet":"max-snippet:-1","max-image-preview":"max-image-preview:large","max-video-preview":"max-video-preview:-1"},"canonical":"https:\/\/mrcartools.com\/it\/prodotto\/1kg-walnut-sand-for-autool-hts558-and-hts518\/","og_locale":"it_IT","og_type":"article","og_title":"1KG Walnut Sand For AUTOOL HTS558 and HTS518","og_description":"What is Walnut Sand? The raw material of walnut sand is a walnut shell, which is made and synthesized through strict screening and classification and multiple processes after the walnut shell is broken. It is a walnut extract and belongs to metal polishing media. It has the characteristics of high hardness, high pressure, and wear [...]","og_url":"https:\/\/mrcartools.com\/it\/prodotto\/1kg-walnut-sand-for-autool-hts558-and-hts518\/","og_site_name":"Mrcartool","article_modified_time":"2025-04-01T09:29:08+00:00","og_image":[{"width":600,"height":600,"url":"https:\/\/mrcartools.com\/wp-content\/uploads\/2024\/04\/\u5fae\u4fe1\u622a\u56fe_20231222142545.png","type":"image\/png"}],"twitter_card":"summary_large_image","twitter_misc":{"Tempo di lettura stimato":"2 minuti"},"schema":{"@context":"https:\/\/schema.org","@graph":[{"@type":"WebPage","@id":"https:\/\/mrcartools.com\/product\/1kg-walnut-sand-for-autool-hts558-and-hts518\/","url":"https:\/\/mrcartools.com\/product\/1kg-walnut-sand-for-autool-hts558-and-hts518\/","name":"1KG Walnut Sand For AUTOOL HTS558 and HTS518 - Mrcartool","isPartOf":{"@id":"https:\/\/mrcartools.com\/#website"},"primaryImageOfPage":{"@id":"https:\/\/mrcartools.com\/product\/1kg-walnut-sand-for-autool-hts558-and-hts518\/#primaryimage"},"image":{"@id":"https:\/\/mrcartools.com\/product\/1kg-walnut-sand-for-autool-hts558-and-hts518\/#primaryimage"},"thumbnailUrl":"https:\/\/mrcartools.com\/wp-content\/uploads\/2024\/04\/\u5fae\u4fe1\u622a\u56fe_20231222142545.png","datePublished":"2025-04-01T09:24:37+00:00","dateModified":"2025-04-01T09:29:08+00:00","breadcrumb":{"@id":"https:\/\/mrcartools.com\/product\/1kg-walnut-sand-for-autool-hts558-and-hts518\/#breadcrumb"},"inLanguage":"it-IT","potentialAction":[{"@type":"ReadAction","target":["https:\/\/mrcartools.com\/product\/1kg-walnut-sand-for-autool-hts558-and-hts518\/"]}]},{"@type":"ImageObject","inLanguage":"it-IT","@id":"https:\/\/mrcartools.com\/product\/1kg-walnut-sand-for-autool-hts558-and-hts518\/#primaryimage","url":"https:\/\/mrcartools.com\/wp-content\/uploads\/2024\/04\/\u5fae\u4fe1\u622a\u56fe_20231222142545.png","contentUrl":"https:\/\/mrcartools.com\/wp-content\/uploads\/2024\/04\/\u5fae\u4fe1\u622a\u56fe_20231222142545.png","width":600,"height":600},{"@type":"BreadcrumbList","@id":"https:\/\/mrcartools.com\/product\/1kg-walnut-sand-for-autool-hts558-and-hts518\/#breadcrumb","itemListElement":[{"@type":"ListItem","position":1,"name":"Home","item":"https:\/\/mrcartools.com\/"},{"@type":"ListItem","position":2,"name":"Shop","item":"https:\/\/mrcartools.com\/shop-2\/"},{"@type":"ListItem","position":3,"name":"1KG Walnut Sand For AUTOOL HTS558 and HTS518"}]},{"@type":"WebSite","@id":"https:\/\/mrcartools.com\/#website","url":"https:\/\/mrcartools.com\/","name":"MRCARTOOL","description":"MRCARTOOL Sito ufficiale","publisher":{"@id":"https:\/\/mrcartools.com\/#organization"},"potentialAction":[{"@type":"SearchAction","target":{"@type":"EntryPoint","urlTemplate":"https:\/\/mrcartools.com\/?s={search_term_string}"},"query-input":{"@type":"PropertyValueSpecification","valueRequired":true,"valueName":"search_term_string"}}],"inLanguage":"it-IT"},{"@type":"Organization","@id":"https:\/\/mrcartools.com\/#organization","name":"MRCARTOOL","url":"https:\/\/mrcartools.com\/","logo":{"@type":"ImageObject","inLanguage":"it-IT","@id":"https:\/\/mrcartools.com\/#\/schema\/logo\/image\/","url":"https:\/\/mrcartools.com\/wp-content\/uploads\/2023\/07\/\u4e0a\u4f73\u6c7d\u8f66\u5de5\u5177-LOGO-2.png","contentUrl":"https:\/\/mrcartools.com\/wp-content\/uploads\/2023\/07\/\u4e0a\u4f73\u6c7d\u8f66\u5de5\u5177-LOGO-2.png","width":1800,"height":402,"caption":"MRCARTOOL"},"image":{"@id":"https:\/\/mrcartools.com\/#\/schema\/logo\/image\/"}}]}},"_links":{"self":[{"href":"https:\/\/mrcartools.com\/it\/wp-json\/wp\/v2\/product\/8712","targetHints":{"allow":["GET"]}}],"collection":[{"href":"https:\/\/mrcartools.com\/it\/wp-json\/wp\/v2\/product"}],"about":[{"href":"https:\/\/mrcartools.com\/it\/wp-json\/wp\/v2\/types\/product"}],"version-history":[{"count":0,"href":"https:\/\/mrcartools.com\/it\/wp-json\/wp\/v2\/product\/8712\/revisions"}],"wp:featuredmedia":[{"embeddable":true,"href":"https:\/\/mrcartools.com\/it\/wp-json\/wp\/v2\/media\/7234"}],"wp:attachment":[{"href":"https:\/\/mrcartools.com\/it\/wp-json\/wp\/v2\/media?parent=8712"}],"wp:term":[{"taxonomy":"product_brand","embeddable":true,"href":"https:\/\/mrcartools.com\/it\/wp-json\/wp\/v2\/product_brand?post=8712"},{"taxonomy":"product_cat","embeddable":true,"href":"https:\/\/mrcartools.com\/it\/wp-json\/wp\/v2\/product_cat?post=8712"},{"taxonomy":"product_tag","embeddable":true,"href":"https:\/\/mrcartools.com\/it\/wp-json\/wp\/v2\/product_tag?post=8712"}],"curies":[{"name":"wp","href":"https:\/\/api.w.org\/{rel}","templated":true}]}}