{"id":5541,"date":"2024-11-05T03:32:42","date_gmt":"2024-11-05T03:32:42","guid":{"rendered":"https:\/\/mrcartools.com\/?page_id=5541"},"modified":"2025-02-13T14:34:48","modified_gmt":"2025-02-13T06:34:48","slug":"help-center","status":"publish","type":"page","link":"https:\/\/mrcartools.com\/lt\/mrcartools-official-shop\/help-center\/","title":{"rendered":"Pagalbos centras"},"content":{"rendered":"<section class=\"section\" id=\"section_1549274719\">\n\t\t<div class=\"section-bg fill\" >\n\t\t\t\t\t\t\t\t\t\n\t\t\t\n\n\t\t<\/div>\n\n\t\t\n\n\t\t<div class=\"section-content relative\">\n\t\t\t\n<div class=\"row row-small align-equal row-box-shadow-3-hover\"  id=\"row-1188203640\">\n\n\t<div id=\"col-288180651\" class=\"col medium-4 small-12 large-4\"  >\n\t\t\t\t<div class=\"col-inner\" style=\"background-color:rgb(255, 250, 238);\" >\n\t\t\t\n\t\t\t\n\n\t<a class=\"plain\" href=\"https:\/\/mrcartools.com\/lt\/mrcartools-official-shop\/help-center\/shipping\/\" target=\"_blank\" rel=\"noopener\" >\t<div class=\"icon-box featured-box icon-box-center text-center\"  >\n\t\t\t\t\t<div class=\"icon-box-img\" style=\"width: 110px\">\n\t\t\t\t<div class=\"icon\">\n\t\t\t\t\t<div class=\"icon-inner\" >\n\t\t\t\t\t\t<img decoding=\"async\" width=\"128\" height=\"128\" src=\"https:\/\/mrcartools.com\/wp-content\/uploads\/2024\/11\/\u7269\u6d41\u67e5\u8be2_515151_128_21560393.png\" class=\"attachment-medium size-medium wvs-archive-product-image\" alt=\"\" srcset=\"\/\/mrcartools.com\/wp-content\/uploads\/2024\/11\/\u7269\u6d41\u67e5\u8be2_515151_128_21560393.png 128w, \/\/mrcartools.com\/wp-content\/uploads\/2024\/11\/\u7269\u6d41\u67e5\u8be2_515151_128_21560393-100x100.png 100w, \/\/mrcartools.com\/wp-content\/uploads\/2024\/11\/\u7269\u6d41\u67e5\u8be2_515151_128_21560393-50x50.png 50w\" sizes=\"(max-width: 128px) 100vw, 128px\" \/>\t\t\t\t\t<\/div>\n\t\t\t\t<\/div>\n\t\t\t<\/div>\n\t\t\t\t<div class=\"icon-box-text last-reset\">\n\t\t\t\t\t\t\t\t\t\n\t<div id=\"text-2769673498\" class=\"text\">\n\t\t\n<h2><strong>Pristatymas\u3001U\u017esakymas ir gr\u0105\u017einimas<\/strong><\/h2>\n\t\t\n<style>\n#text-2769673498 {\n  font-size: 1rem;\n}\n@media (min-width:850px) {\n  #text-2769673498 {\n    font-size: 0.75rem;\n  }\n}\n<\/style>\n\t<\/div>\n\t\n\t<div id=\"gap-449955089\" class=\"gap-element clearfix\" style=\"display:block; height:auto;\">\n\t\t\n<style>\n#gap-449955089 {\n  padding-top: 10px;\n}\n<\/style>\n\t<\/div>\n\t\n<a href=\"https:\/\/mrcartools.com\/lt\/mrcartools-official-shop\/help-center\/shipping\/\" target=\"_blank\" class=\"button secondary is-link is-small\" rel=\"noopener\" >\n\t\t<span>Su\u017einokite daugiau<\/span>\n\t<i class=\"icon-angle-right\" aria-hidden=\"true\"><\/i><\/a>\n\n\t\t<\/div>\n\t<\/div>\n\t<\/a>\n\t\n\t\t<\/div>\n\t\t\t\t\t<\/div>\n\n\t\n\n\t<div id=\"col-2123898504\" class=\"col medium-4 small-12 large-4\"  >\n\t\t\t\t<div class=\"col-inner\" style=\"background-color:rgb(255, 241, 250);\" >\n\t\t\t\n\t\t\t\n\n\t<a class=\"plain\" href=\"https:\/\/mrcartools.com\/lt\/track-order\/\" target=\"_blank\" rel=\"noopener\" >\t<div class=\"icon-box featured-box icon-box-center text-center\"  >\n\t\t\t\t\t<div class=\"icon-box-img\" style=\"width: 110px\">\n\t\t\t\t<div class=\"icon\">\n\t\t\t\t\t<div class=\"icon-inner\" >\n\t\t\t\t\t\t<img decoding=\"async\" width=\"128\" height=\"128\" src=\"https:\/\/mrcartools.com\/wp-content\/uploads\/2024\/11\/\u9001\u8d27\u5feb\u9012\u5458_333333_128_21556627-1.png\" class=\"attachment-medium size-medium wvs-archive-product-image\" alt=\"\" srcset=\"\/\/mrcartools.com\/wp-content\/uploads\/2024\/11\/\u9001\u8d27\u5feb\u9012\u5458_333333_128_21556627-1.png 128w, \/\/mrcartools.com\/wp-content\/uploads\/2024\/11\/\u9001\u8d27\u5feb\u9012\u5458_333333_128_21556627-1-100x100.png 100w, \/\/mrcartools.com\/wp-content\/uploads\/2024\/11\/\u9001\u8d27\u5feb\u9012\u5458_333333_128_21556627-1-50x50.png 50w\" sizes=\"(max-width: 128px) 100vw, 128px\" \/>\t\t\t\t\t<\/div>\n\t\t\t\t<\/div>\n\t\t\t<\/div>\n\t\t\t\t<div class=\"icon-box-text last-reset\">\n\t\t\t\t\t\t\t\t\t\n\t<div id=\"text-3466974994\" class=\"text\">\n\t\t\n<h2><strong>Sekti mano u\u017esakym\u0105<\/strong><\/h2>\n\t\t\n<style>\n#text-3466974994 {\n  font-size: 1rem;\n}\n@media (min-width:850px) {\n  #text-3466974994 {\n    font-size: 0.75rem;\n  }\n}\n<\/style>\n\t<\/div>\n\t\n\t<div id=\"gap-164151406\" class=\"gap-element clearfix\" style=\"display:block; height:auto;\">\n\t\t\n<style>\n#gap-164151406 {\n  padding-top: 10px;\n}\n<\/style>\n\t<\/div>\n\t\n<a href=\"https:\/\/mrcartools.com\/lt\/track-order\/\" target=\"_blank\" class=\"button secondary is-link is-small\" rel=\"noopener\" >\n\t\t<span>Su\u017einokite daugiau<\/span>\n\t<i class=\"icon-angle-right\" aria-hidden=\"true\"><\/i><\/a>\n\n\t\t<\/div>\n\t<\/div>\n\t<\/a>\n\t\n\t\t<\/div>\n\t\t\t\t\t<\/div>\n\n\t\n\n\t<div id=\"col-1081975814\" class=\"col medium-4 small-12 large-4\"  >\n\t\t\t\t<div class=\"col-inner\" style=\"background-color:rgb(235, 241, 251);\" >\n\t\t\t\n\t\t\t\n\n\t<a class=\"plain\" href=\"https:\/\/mrcartools.com\/lt\/mrcartools-official-shop\/help-center\/manuals-downloads\/\" target=\"_blank\" rel=\"noopener\" >\t<div class=\"icon-box featured-box icon-box-center text-center\"  >\n\t\t\t\t\t<div class=\"icon-box-img\" style=\"width: 110px\">\n\t\t\t\t<div class=\"icon\">\n\t\t\t\t\t<div class=\"icon-inner\" >\n\t\t\t\t\t\t<img decoding=\"async\" width=\"128\" height=\"128\" src=\"https:\/\/mrcartools.com\/wp-content\/uploads\/2024\/11\/\u4e0b\u8f7d\u6587\u4ef6_333333_128_20179443-1.png\" class=\"attachment-medium size-medium wvs-archive-product-image\" alt=\"\" srcset=\"\/\/mrcartools.com\/wp-content\/uploads\/2024\/11\/\u4e0b\u8f7d\u6587\u4ef6_333333_128_20179443-1.png 128w, \/\/mrcartools.com\/wp-content\/uploads\/2024\/11\/\u4e0b\u8f7d\u6587\u4ef6_333333_128_20179443-1-100x100.png 100w, \/\/mrcartools.com\/wp-content\/uploads\/2024\/11\/\u4e0b\u8f7d\u6587\u4ef6_333333_128_20179443-1-50x50.png 50w\" sizes=\"(max-width: 128px) 100vw, 128px\" \/>\t\t\t\t\t<\/div>\n\t\t\t\t<\/div>\n\t\t\t<\/div>\n\t\t\t\t<div class=\"icon-box-text last-reset\">\n\t\t\t\t\t\t\t\t\t\n\t<div id=\"text-2529334735\" class=\"text\">\n\t\t\n<h2><strong>Produkt\u0173 vadovai<\/strong><\/h2>\n\t\t\n<style>\n#text-2529334735 {\n  font-size: 1rem;\n}\n@media (min-width:850px) {\n  #text-2529334735 {\n    font-size: 0.75rem;\n  }\n}\n<\/style>\n\t<\/div>\n\t\n\t<div id=\"gap-1659050664\" class=\"gap-element clearfix\" style=\"display:block; height:auto;\">\n\t\t\n<style>\n#gap-1659050664 {\n  padding-top: 10px;\n}\n<\/style>\n\t<\/div>\n\t\n<a href=\"https:\/\/mrcartools.com\/lt\/mrcartools-official-shop\/help-center\/manuals-downloads\/\" target=\"_blank\" class=\"button secondary is-link is-small\" rel=\"noopener\" >\n\t\t<span>Su\u017einokite daugiau<\/span>\n\t<i class=\"icon-angle-right\" aria-hidden=\"true\"><\/i><\/a>\n\n\t\t<\/div>\n\t<\/div>\n\t<\/a>\n\t\n\t\t<\/div>\n\t\t\t\t\t<\/div>\n\n\t\n\n\t<div id=\"col-2008705928\" class=\"col medium-4 small-12 large-4\"  >\n\t\t\t\t<div class=\"col-inner\" style=\"background-color:rgb(241, 234, 254);\" >\n\t\t\t\n\t\t\t\n\n\t<a class=\"plain\" href=\"https:\/\/mrcartools.com\/lt\/about-us\/\" target=\"_blank\" rel=\"noopener\" >\t<div class=\"icon-box featured-box icon-box-center text-center\"  >\n\t\t\t\t\t<div class=\"icon-box-img\" style=\"width: 110px\">\n\t\t\t\t<div class=\"icon\">\n\t\t\t\t\t<div class=\"icon-inner\" >\n\t\t\t\t\t\t<img loading=\"lazy\" decoding=\"async\" width=\"128\" height=\"128\" src=\"https:\/\/mrcartools.com\/wp-content\/uploads\/2024\/11\/\u529e\u516c\u697c_333333_128_21539355-1.png\" class=\"attachment-medium size-medium wvs-archive-product-image\" alt=\"\" srcset=\"\/\/mrcartools.com\/wp-content\/uploads\/2024\/11\/\u529e\u516c\u697c_333333_128_21539355-1.png 128w, \/\/mrcartools.com\/wp-content\/uploads\/2024\/11\/\u529e\u516c\u697c_333333_128_21539355-1-100x100.png 100w, \/\/mrcartools.com\/wp-content\/uploads\/2024\/11\/\u529e\u516c\u697c_333333_128_21539355-1-50x50.png 50w\" sizes=\"(max-width: 128px) 100vw, 128px\" \/>\t\t\t\t\t<\/div>\n\t\t\t\t<\/div>\n\t\t\t<\/div>\n\t\t\t\t<div class=\"icon-box-text last-reset\">\n\t\t\t\t\t\t\t\t\t\n\t<div id=\"text-1642441825\" class=\"text\">\n\t\t\n<h2><strong>Apie mus<\/strong><\/h2>\n\t\t\n<style>\n#text-1642441825 {\n  font-size: 1rem;\n}\n@media (min-width:850px) {\n  #text-1642441825 {\n    font-size: 0.75rem;\n  }\n}\n<\/style>\n\t<\/div>\n\t\n\t<div id=\"gap-88309783\" class=\"gap-element clearfix\" style=\"display:block; height:auto;\">\n\t\t\n<style>\n#gap-88309783 {\n  padding-top: 10px;\n}\n<\/style>\n\t<\/div>\n\t\n<a href=\"https:\/\/mrcartools.com\/lt\/about-us\/\" target=\"_blank\" class=\"button secondary is-link is-small\" rel=\"noopener\" >\n\t\t<span>Su\u017einokite daugiau<\/span>\n\t<i class=\"icon-angle-right\" aria-hidden=\"true\"><\/i><\/a>\n\n\t\t<\/div>\n\t<\/div>\n\t<\/a>\n\t\n\t\t<\/div>\n\t\t\t\t\t<\/div>\n\n\t\n\n\t<div id=\"col-484486421\" class=\"col medium-4 small-12 large-4\"  >\n\t\t\t\t<div class=\"col-inner\" style=\"background-color:rgb(228, 248, 246);\" >\n\t\t\t\n\t\t\t\n\n\t<a class=\"plain\" href=\"https:\/\/api.whatsapp.com\/send\/?phone=%2B8618923768146&#038;text=onlinesupport\" target=\"_blank\" rel=\"noopener\" >\t<div class=\"icon-box featured-box icon-box-center text-center\"  >\n\t\t\t\t\t<div class=\"icon-box-img\" style=\"width: 110px\">\n\t\t\t\t<div class=\"icon\">\n\t\t\t\t\t<div class=\"icon-inner\" >\n\t\t\t\t\t\t<img loading=\"lazy\" decoding=\"async\" width=\"128\" height=\"128\" src=\"https:\/\/mrcartools.com\/wp-content\/uploads\/2024\/11\/\u5728\u7ebf\u6d3d\u8c08_333333_128_21541415-1.png\" class=\"attachment-medium size-medium wvs-archive-product-image\" alt=\"\" srcset=\"\/\/mrcartools.com\/wp-content\/uploads\/2024\/11\/\u5728\u7ebf\u6d3d\u8c08_333333_128_21541415-1.png 128w, \/\/mrcartools.com\/wp-content\/uploads\/2024\/11\/\u5728\u7ebf\u6d3d\u8c08_333333_128_21541415-1-100x100.png 100w, \/\/mrcartools.com\/wp-content\/uploads\/2024\/11\/\u5728\u7ebf\u6d3d\u8c08_333333_128_21541415-1-50x50.png 50w\" sizes=\"(max-width: 128px) 100vw, 128px\" \/>\t\t\t\t\t<\/div>\n\t\t\t\t<\/div>\n\t\t\t<\/div>\n\t\t\t\t<div class=\"icon-box-text last-reset\">\n\t\t\t\t\t\t\t\t\t\n\t<div id=\"text-1085366928\" class=\"text\">\n\t\t\n<h2><strong>Pagalba internetu<\/strong><\/h2>\n\t\t\n<style>\n#text-1085366928 {\n  font-size: 1rem;\n}\n@media (min-width:850px) {\n  #text-1085366928 {\n    font-size: 0.75rem;\n  }\n}\n<\/style>\n\t<\/div>\n\t\n\t<div id=\"gap-883183177\" class=\"gap-element clearfix\" style=\"display:block; height:auto;\">\n\t\t\n<style>\n#gap-883183177 {\n  padding-top: 10px;\n}\n<\/style>\n\t<\/div>\n\t\n<a href=\"https:\/\/api.whatsapp.com\/send\/?phone=%2B8618923768146&#038;text=onlinesupport\" target=\"_blank\" class=\"button secondary is-link is-small\" rel=\"noopener\" >\n\t\t<span>Su\u017einokite daugiau<\/span>\n\t<i class=\"icon-angle-right\" aria-hidden=\"true\"><\/i><\/a>\n\n\t\t<\/div>\n\t<\/div>\n\t<\/a>\n\t\n\t\t<\/div>\n\t\t\t\t\t<\/div>\n\n\t\n\n\t<div id=\"col-151125806\" class=\"col medium-4 small-12 large-4\"  >\n\t\t\t\t<div class=\"col-inner\" style=\"background-color:rgb(255, 255, 255);\" >\n\t\t\t\n\t\t\t\n\n\t<a class=\"plain\" href=\"https:\/\/mrcartools.com\/lt\/mrcartools-official-shop\/help-center\/global-terms-of-sale\/\" target=\"_blank\" rel=\"noopener\" >\t<div class=\"icon-box featured-box icon-box-center text-center\"  >\n\t\t\t\t\t<div class=\"icon-box-img\" style=\"width: 110px\">\n\t\t\t\t<div class=\"icon\">\n\t\t\t\t\t<div class=\"icon-inner\" >\n\t\t\t\t\t\t<img loading=\"lazy\" decoding=\"async\" width=\"128\" height=\"128\" src=\"https:\/\/mrcartools.com\/wp-content\/uploads\/2024\/11\/\u624b\u518c_1396db_128_21581558.png\" class=\"attachment-medium size-medium wvs-archive-product-image\" alt=\"\" srcset=\"\/\/mrcartools.com\/wp-content\/uploads\/2024\/11\/\u624b\u518c_1396db_128_21581558.png 128w, \/\/mrcartools.com\/wp-content\/uploads\/2024\/11\/\u624b\u518c_1396db_128_21581558-100x100.png 100w, \/\/mrcartools.com\/wp-content\/uploads\/2024\/11\/\u624b\u518c_1396db_128_21581558-50x50.png 50w\" sizes=\"(max-width: 128px) 100vw, 128px\" \/>\t\t\t\t\t<\/div>\n\t\t\t\t<\/div>\n\t\t\t<\/div>\n\t\t\t\t<div class=\"icon-box-text last-reset\">\n\t\t\t\t\t\t\t\t\t\n\t<div id=\"text-2307599308\" class=\"text\">\n\t\t\n<h2><strong>Naudojimo s\u0105lygos<\/strong><\/h2>\n\t\t\n<style>\n#text-2307599308 {\n  font-size: 1rem;\n}\n@media (min-width:850px) {\n  #text-2307599308 {\n    font-size: 0.75rem;\n  }\n}\n<\/style>\n\t<\/div>\n\t\n\t<div id=\"gap-1909845341\" class=\"gap-element clearfix\" style=\"display:block; height:auto;\">\n\t\t\n<style>\n#gap-1909845341 {\n  padding-top: 10px;\n}\n<\/style>\n\t<\/div>\n\t\n<a href=\"https:\/\/mrcartools.com\/lt\/mrcartools-official-shop\/help-center\/global-terms-of-sale\/\" target=\"_blank\" class=\"button secondary is-link is-small\" rel=\"noopener\" >\n\t\t<span>Su\u017einokite daugiau<\/span>\n\t<i class=\"icon-angle-right\" aria-hidden=\"true\"><\/i><\/a>\n\n\t\t<\/div>\n\t<\/div>\n\t<\/a>\n\t\n\t\t<\/div>\n\t\t\t\t\t<\/div>\n\n\t\n\n\t<div id=\"col-1881706712\" class=\"col medium-4 small-12 large-4\"  >\n\t\t\t\t<div class=\"col-inner\" style=\"background-color:rgb(246, 240, 239);\" >\n\t\t\t\n\t\t\t\n\n\t<a class=\"plain\" href=\"https:\/\/mrcartools.com\/lt\/blog\/\" target=\"_blank\" rel=\"noopener\" >\t<div class=\"icon-box featured-box icon-box-center text-center\"  >\n\t\t\t\t\t<div class=\"icon-box-img\" style=\"width: 110px\">\n\t\t\t\t<div class=\"icon\">\n\t\t\t\t\t<div class=\"icon-inner\" >\n\t\t\t\t\t\t<img loading=\"lazy\" decoding=\"async\" width=\"128\" height=\"128\" src=\"https:\/\/mrcartools.com\/wp-content\/uploads\/2024\/11\/\u535a\u5ba2_333333_128_20153986-1.png\" class=\"attachment-medium size-medium wvs-archive-product-image\" alt=\"\" srcset=\"\/\/mrcartools.com\/wp-content\/uploads\/2024\/11\/\u535a\u5ba2_333333_128_20153986-1.png 128w, \/\/mrcartools.com\/wp-content\/uploads\/2024\/11\/\u535a\u5ba2_333333_128_20153986-1-100x100.png 100w, \/\/mrcartools.com\/wp-content\/uploads\/2024\/11\/\u535a\u5ba2_333333_128_20153986-1-50x50.png 50w\" sizes=\"(max-width: 128px) 100vw, 128px\" \/>\t\t\t\t\t<\/div>\n\t\t\t\t<\/div>\n\t\t\t<\/div>\n\t\t\t\t<div class=\"icon-box-text last-reset\">\n\t\t\t\t\t\t\t\t\t\n\t<div id=\"text-3005152143\" class=\"text\">\n\t\t\n<h2><strong>Tinklara\u0161tis ir naujienos<\/strong><\/h2>\n\t\t\n<style>\n#text-3005152143 {\n  font-size: 1rem;\n}\n@media (min-width:850px) {\n  #text-3005152143 {\n    font-size: 0.75rem;\n  }\n}\n<\/style>\n\t<\/div>\n\t\n\t<div id=\"gap-1614170484\" class=\"gap-element clearfix\" style=\"display:block; height:auto;\">\n\t\t\n<style>\n#gap-1614170484 {\n  padding-top: 10px;\n}\n<\/style>\n\t<\/div>\n\t\n<a href=\"https:\/\/mrcartools.com\/lt\/blog\/\" target=\"_blank\" class=\"button secondary is-link is-small\" rel=\"noopener\" >\n\t\t<span>Su\u017einokite daugiau<\/span>\n\t<i class=\"icon-angle-right\" aria-hidden=\"true\"><\/i><\/a>\n\n\t\t<\/div>\n\t<\/div>\n\t<\/a>\n\t\n\t\t<\/div>\n\t\t\t\t\t<\/div>\n\n\t\n\n\t<div id=\"col-613005715\" class=\"col medium-4 small-12 large-4\"  >\n\t\t\t\t<div class=\"col-inner\" style=\"background-color:rgb(237, 250, 254);\" >\n\t\t\t\n\t\t\t\n\n\t<a class=\"plain\" href=\"#\" target=\"_blank\" rel=\"noopener\" >\t<div class=\"icon-box featured-box icon-box-center text-center\"  >\n\t\t\t\t\t<div class=\"icon-box-img\" style=\"width: 110px\">\n\t\t\t\t<div class=\"icon\">\n\t\t\t\t\t<div class=\"icon-inner\" >\n\t\t\t\t\t\t<img loading=\"lazy\" decoding=\"async\" width=\"128\" height=\"128\" src=\"https:\/\/mrcartools.com\/wp-content\/uploads\/2024\/11\/\u624b\u673a\u8425\u9500_333333_128_20263704-1.png\" class=\"attachment-medium size-medium wvs-archive-product-image\" alt=\"\" srcset=\"\/\/mrcartools.com\/wp-content\/uploads\/2024\/11\/\u624b\u673a\u8425\u9500_333333_128_20263704-1.png 128w, \/\/mrcartools.com\/wp-content\/uploads\/2024\/11\/\u624b\u673a\u8425\u9500_333333_128_20263704-1-100x100.png 100w, \/\/mrcartools.com\/wp-content\/uploads\/2024\/11\/\u624b\u673a\u8425\u9500_333333_128_20263704-1-50x50.png 50w\" sizes=\"(max-width: 128px) 100vw, 128px\" \/>\t\t\t\t\t<\/div>\n\t\t\t\t<\/div>\n\t\t\t<\/div>\n\t\t\t\t<div class=\"icon-box-text last-reset\">\n\t\t\t\t\t\t\t\t\t\n\t<div id=\"text-3569530496\" class=\"text\">\n\t\t\n<h2><strong>Bendradarbiavimo partneris<\/strong><\/h2>\n\t\t\n<style>\n#text-3569530496 {\n  font-size: 1rem;\n}\n@media (min-width:850px) {\n  #text-3569530496 {\n    font-size: 0.75rem;\n  }\n}\n<\/style>\n\t<\/div>\n\t\n\t<div id=\"gap-744578916\" class=\"gap-element clearfix\" style=\"display:block; height:auto;\">\n\t\t\n<style>\n#gap-744578916 {\n  padding-top: 10px;\n}\n<\/style>\n\t<\/div>\n\t\n<a class=\"button secondary is-link is-small\" >\n\t\t<span>Su\u017einokite daugiau<\/span>\n\t<i class=\"icon-angle-right\" aria-hidden=\"true\"><\/i><\/a>\n\n\t\t<\/div>\n\t<\/div>\n\t<\/a>\n\t\n\t\t<\/div>\n\t\t\t\t\t<\/div>\n\n\t\n\n<style>\n#row-1188203640 > .col > .col-inner {\n  padding: 30px 20px 30px 20px;\n  border-radius: 5px;\n}\n@media (min-width:850px) {\n  #row-1188203640 > .col > .col-inner {\n    padding: 70px 40px 70px 40px;\n  }\n}\n<\/style>\n<\/div>\n\t\t<\/div>\n\n\t\t\n<style>\n#section_1549274719 {\n  padding-top: 40px;\n  padding-bottom: 40px;\n  background-color: #ffffff;\n}\n@media (min-width:550px) {\n  #section_1549274719 {\n    padding-top: 70px;\n    padding-bottom: 70px;\n  }\n}\n<\/style>\n\t<\/section>","protected":false},"excerpt":{"rendered":"","protected":false},"author":378,"featured_media":0,"parent":3824,"menu_order":0,"comment_status":"closed","ping_status":"closed","template":"","meta":{"footnotes":""},"class_list":["post-5541","page","type-page","status-publish","hentry"],"yoast_head":"<!-- This site is optimized with the Yoast SEO Premium plugin v24.4 (Yoast SEO v24.4) - https:\/\/yoast.com\/wordpress\/plugins\/seo\/ -->\n<title>Help Center - Mrcartool<\/title>\n<meta name=\"robots\" content=\"index, follow, max-snippet:-1, max-image-preview:large, max-video-preview:-1\" \/>\n<link rel=\"canonical\" href=\"https:\/\/mrcartools.com\/lt\/mrcartools-official-shop\/help-center\/\" \/>\n<meta property=\"og:locale\" content=\"lt_LT\" \/>\n<meta property=\"og:type\" content=\"article\" \/>\n<meta property=\"og:title\" content=\"Help Center\" \/>\n<meta property=\"og:url\" content=\"https:\/\/mrcartools.com\/lt\/mrcartools-official-shop\/help-center\/\" \/>\n<meta property=\"og:site_name\" content=\"Mrcartool\" \/>\n<meta property=\"article:modified_time\" content=\"2025-02-13T06:34:48+00:00\" \/>\n<meta name=\"twitter:card\" content=\"summary_large_image\" \/>\n<script type=\"application\/ld+json\" class=\"yoast-schema-graph\">{\"@context\":\"https:\/\/schema.org\",\"@graph\":[{\"@type\":\"WebPage\",\"@id\":\"https:\/\/mrcartools.com\/mrcartools-official-shop\/help-center\/\",\"url\":\"https:\/\/mrcartools.com\/mrcartools-official-shop\/help-center\/\",\"name\":\"Help Center - Mrcartool\",\"isPartOf\":{\"@id\":\"https:\/\/mrcartools.com\/#website\"},\"datePublished\":\"2024-11-05T03:32:42+00:00\",\"dateModified\":\"2025-02-13T06:34:48+00:00\",\"breadcrumb\":{\"@id\":\"https:\/\/mrcartools.com\/mrcartools-official-shop\/help-center\/#breadcrumb\"},\"inLanguage\":\"lt-LT\",\"potentialAction\":[{\"@type\":\"ReadAction\",\"target\":[\"https:\/\/mrcartools.com\/mrcartools-official-shop\/help-center\/\"]}]},{\"@type\":\"BreadcrumbList\",\"@id\":\"https:\/\/mrcartools.com\/mrcartools-official-shop\/help-center\/#breadcrumb\",\"itemListElement\":[{\"@type\":\"ListItem\",\"position\":1,\"name\":\"Home\",\"item\":\"https:\/\/mrcartools.com\/\"},{\"@type\":\"ListItem\",\"position\":2,\"name\":\"Mrcartool&#8217;s Official Shop\",\"item\":\"https:\/\/mrcartools.com\/\"},{\"@type\":\"ListItem\",\"position\":3,\"name\":\"Help Center\"}]},{\"@type\":\"WebSite\",\"@id\":\"https:\/\/mrcartools.com\/#website\",\"url\":\"https:\/\/mrcartools.com\/\",\"name\":\"MRCARTOOL\",\"description\":\"MRCARTOOL Official Website\",\"publisher\":{\"@id\":\"https:\/\/mrcartools.com\/#organization\"},\"potentialAction\":[{\"@type\":\"SearchAction\",\"target\":{\"@type\":\"EntryPoint\",\"urlTemplate\":\"https:\/\/mrcartools.com\/?s={search_term_string}\"},\"query-input\":{\"@type\":\"PropertyValueSpecification\",\"valueRequired\":true,\"valueName\":\"search_term_string\"}}],\"inLanguage\":\"lt-LT\"},{\"@type\":\"Organization\",\"@id\":\"https:\/\/mrcartools.com\/#organization\",\"name\":\"MRCARTOOL\",\"url\":\"https:\/\/mrcartools.com\/\",\"logo\":{\"@type\":\"ImageObject\",\"inLanguage\":\"lt-LT\",\"@id\":\"https:\/\/mrcartools.com\/#\/schema\/logo\/image\/\",\"url\":\"https:\/\/mrcartools.com\/wp-content\/uploads\/2023\/07\/\u4e0a\u4f73\u6c7d\u8f66\u5de5\u5177-LOGO-2.png\",\"contentUrl\":\"https:\/\/mrcartools.com\/wp-content\/uploads\/2023\/07\/\u4e0a\u4f73\u6c7d\u8f66\u5de5\u5177-LOGO-2.png\",\"width\":1800,\"height\":402,\"caption\":\"MRCARTOOL\"},\"image\":{\"@id\":\"https:\/\/mrcartools.com\/#\/schema\/logo\/image\/\"}}]}<\/script>\n<!-- \/ Yoast SEO Premium plugin. -->","yoast_head_json":{"title":"Help Center - Mrcartool","robots":{"index":"index","follow":"follow","max-snippet":"max-snippet:-1","max-image-preview":"max-image-preview:large","max-video-preview":"max-video-preview:-1"},"canonical":"https:\/\/mrcartools.com\/lt\/mrcartools-official-shop\/help-center\/","og_locale":"lt_LT","og_type":"article","og_title":"Help Center","og_url":"https:\/\/mrcartools.com\/lt\/mrcartools-official-shop\/help-center\/","og_site_name":"Mrcartool","article_modified_time":"2025-02-13T06:34:48+00:00","twitter_card":"summary_large_image","schema":{"@context":"https:\/\/schema.org","@graph":[{"@type":"WebPage","@id":"https:\/\/mrcartools.com\/mrcartools-official-shop\/help-center\/","url":"https:\/\/mrcartools.com\/mrcartools-official-shop\/help-center\/","name":"Help Center - Mrcartool","isPartOf":{"@id":"https:\/\/mrcartools.com\/#website"},"datePublished":"2024-11-05T03:32:42+00:00","dateModified":"2025-02-13T06:34:48+00:00","breadcrumb":{"@id":"https:\/\/mrcartools.com\/mrcartools-official-shop\/help-center\/#breadcrumb"},"inLanguage":"lt-LT","potentialAction":[{"@type":"ReadAction","target":["https:\/\/mrcartools.com\/mrcartools-official-shop\/help-center\/"]}]},{"@type":"BreadcrumbList","@id":"https:\/\/mrcartools.com\/mrcartools-official-shop\/help-center\/#breadcrumb","itemListElement":[{"@type":"ListItem","position":1,"name":"Home","item":"https:\/\/mrcartools.com\/"},{"@type":"ListItem","position":2,"name":"Mrcartool&#8217;s Official Shop","item":"https:\/\/mrcartools.com\/"},{"@type":"ListItem","position":3,"name":"Help Center"}]},{"@type":"WebSite","@id":"https:\/\/mrcartools.com\/#website","url":"https:\/\/mrcartools.com\/","name":"MRCARTOOL","description":"Oficiali svetain\u0117 MRCARTOOL","publisher":{"@id":"https:\/\/mrcartools.com\/#organization"},"potentialAction":[{"@type":"SearchAction","target":{"@type":"EntryPoint","urlTemplate":"https:\/\/mrcartools.com\/?s={search_term_string}"},"query-input":{"@type":"PropertyValueSpecification","valueRequired":true,"valueName":"search_term_string"}}],"inLanguage":"lt-LT"},{"@type":"Organization","@id":"https:\/\/mrcartools.com\/#organization","name":"MRCARTOOL","url":"https:\/\/mrcartools.com\/","logo":{"@type":"ImageObject","inLanguage":"lt-LT","@id":"https:\/\/mrcartools.com\/#\/schema\/logo\/image\/","url":"https:\/\/mrcartools.com\/wp-content\/uploads\/2023\/07\/\u4e0a\u4f73\u6c7d\u8f66\u5de5\u5177-LOGO-2.png","contentUrl":"https:\/\/mrcartools.com\/wp-content\/uploads\/2023\/07\/\u4e0a\u4f73\u6c7d\u8f66\u5de5\u5177-LOGO-2.png","width":1800,"height":402,"caption":"MRCARTOOL"},"image":{"@id":"https:\/\/mrcartools.com\/#\/schema\/logo\/image\/"}}]}},"_links":{"self":[{"href":"https:\/\/mrcartools.com\/lt\/wp-json\/wp\/v2\/pages\/5541","targetHints":{"allow":["GET"]}}],"collection":[{"href":"https:\/\/mrcartools.com\/lt\/wp-json\/wp\/v2\/pages"}],"about":[{"href":"https:\/\/mrcartools.com\/lt\/wp-json\/wp\/v2\/types\/page"}],"author":[{"embeddable":true,"href":"https:\/\/mrcartools.com\/lt\/wp-json\/wp\/v2\/users\/378"}],"replies":[{"embeddable":true,"href":"https:\/\/mrcartools.com\/lt\/wp-json\/wp\/v2\/comments?post=5541"}],"version-history":[{"count":0,"href":"https:\/\/mrcartools.com\/lt\/wp-json\/wp\/v2\/pages\/5541\/revisions"}],"up":[{"embeddable":true,"href":"https:\/\/mrcartools.com\/lt\/wp-json\/wp\/v2\/pages\/3824"}],"wp:attachment":[{"href":"https:\/\/mrcartools.com\/lt\/wp-json\/wp\/v2\/media?parent=5541"}],"curies":[{"name":"wp","href":"https:\/\/api.w.org\/{rel}","templated":true}]}}