{"id":10466,"date":"2025-08-08T09:13:02","date_gmt":"2025-08-08T09:13:02","guid":{"rendered":"https:\/\/mrcartools.com\/?post_type=product&#038;p=10466"},"modified":"2025-08-08T09:13:03","modified_gmt":"2025-08-08T09:13:03","slug":"mrcartool-volkswagen-timing-belt-tool-camshaft-timing-tools","status":"publish","type":"product","link":"https:\/\/mrcartools.com\/lt\/produktas\/mrcartool-volkswagen-timing-belt-tool-camshaft-timing-tools\/","title":{"rendered":"MRCARTOOL \"Volkswagen\" skirstomojo dir\u017eo \u012frankis"},"content":{"rendered":"<p><span style=\"font-family: arial, helvetica, sans-serif; font-size: 13px;\"><span class=\"a-text-bold\">MR CARTOOL skirstymo veleno paskirstymo \u012franki\u0173 rinkinys,<\/span>\u00a0Suderinamas su \"Volkswagen\", \"VW New Jetta\", \"Santana\" ir \"LaVida\", paprastai taikomas paskirstymo mechanizmo ir alk\u016bninio veleno pad\u0117\u010diai koreguoti, laikomas puikiu pagalbininku kei\u010diant paskirstymo dir\u017e\u0105. Naudojant \u0161\u012f \u012franki\u0173 rinkin\u012f paskirstymo veleno fiksavim\u0105, alk\u016bninio veleno keitim\u0105 ir paskirstymo dir\u017eo keitim\u0105 atliksite lengviau ir grei\u010diau, taupydami savo laik\u0105 ir energij\u0105.<\/span><\/p>\n<h2 class=\"a-spacing-mini\"><span style=\"font-family: arial, helvetica, sans-serif; font-size: 13px;\">Volkswagen <a href=\"https:\/\/mrcartools.com\/lt\/produkto-kategorija\/timing-tool\/\">\u012erankis krumpliara\u010diui<\/a> PRA\u0160YMAS:<\/span><\/h2>\n<p><span style=\"font-family: arial, helvetica, sans-serif; font-size: 13px;\">Suderinama su \"VW Golf VII 2012\",<\/span><\/p>\n<p><span style=\"font-family: arial, helvetica, sans-serif; font-size: 13px;\">Tinka A3 2013 m,<\/span><\/p>\n<p><span style=\"font-family: arial, helvetica, sans-serif; font-size: 13px;\">Tinka \"Jetta 2012\",<\/span><\/p>\n<p><span style=\"font-family: arial, helvetica, sans-serif; font-size: 13px;\">Tinka Skoda Octavia 2013,<\/span><\/p>\n<p><span style=\"font-family: arial, helvetica, sans-serif; font-size: 13px;\">Tinka Seat Leon 2013<\/span><\/p>\n<p><span style=\"font-family: arial, helvetica, sans-serif; font-size: 13px;\">Variklis:<\/span><\/p>\n<p><span style=\"font-family: arial, helvetica, sans-serif; font-size: 13px;\">Puikus pakaitalas VAG serijos EA211 FSI, TSI, TFSI varikliams (1.2L, 1.4L, 1.4T ir 1.6L)<\/span><\/p>\n<p><strong><span style=\"font-family: arial, helvetica, sans-serif;\">Vis dar turite klausim\u0173 apie \u012frankio naudojim\u0105? Kreipkit\u0117s \u012f <a href=\"https:\/\/api.whatsapp.com\/send\/?phone=%2B8618923768146&amp;text=onlinesupport\">Pagalba internetu&gt;&gt;<\/a><\/span><\/strong><\/p>\n<h2 class=\"a-spacing-mini a-color-secondary\"><span style=\"font-family: arial, helvetica, sans-serif; font-size: 13px;\">\"Volkswagen\" paskirstymo dir\u017eo \u012frankis PAKET\u0172 S\u0104RA\u0160AS:<\/span><\/h2>\n<p class=\"a-spacing-base\"><span style=\"font-family: arial, helvetica, sans-serif; font-size: 13px;\">1 vnt. 145 x 31 mm skirstymo veleno laikiklis<\/span><\/p>\n<p class=\"a-spacing-base\"><span style=\"font-family: arial, helvetica, sans-serif; font-size: 13px;\">1 vnt. 150 x 30 mm skirstymo veleno laikiklis<\/span><\/p>\n<p class=\"a-spacing-base\"><span style=\"font-family: arial, helvetica, sans-serif; font-size: 13px;\">1 vnt. 45 x 29 mm skirstymo veleno krumpliara\u010dio laikiklis<\/span><\/p>\n<p class=\"a-spacing-base\"><span style=\"font-family: arial, helvetica, sans-serif; font-size: 13px;\">1PCS184 x 85 mm dir\u017eo laikiklis<\/span><\/p>\n<p class=\"a-spacing-base\"><span style=\"font-family: arial, helvetica, sans-serif; font-size: 13px;\">1 vnt. 305 x 51 mm ver\u017eliarak\u010di\u0173<\/span><\/p>\n<p class=\"a-spacing-base\"><span style=\"font-family: arial, helvetica, sans-serif; font-size: 13px;\">1 vnt. 76 x 10 mm alk\u016bninio veleno pad\u0117ties nustatymo kai\u0161tis,<\/span><\/p>\n<p class=\"a-spacing-base\"><span style=\"font-family: arial, helvetica, sans-serif; font-size: 13px;\">1 vnt. m\u0117lynos spalvos d\u0117klas<\/span><\/p>","protected":false},"excerpt":{"rendered":"<ul>\n<li><span style=\"font-family: arial, helvetica, sans-serif; font-size: 13px;\">Suderinama su \"VW Golf VII 2012\",<\/span><\/li>\n<li><span style=\"font-family: arial, helvetica, sans-serif; font-size: 13px;\">Tinka A3 2013 m,<\/span><\/li>\n<li><span style=\"font-family: arial, helvetica, sans-serif; font-size: 13px;\">Tinka \"Jetta 2012\",<\/span><\/li>\n<li><span style=\"font-family: arial, helvetica, sans-serif; font-size: 13px;\">Tinka Skoda Octavia 2013,<\/span><\/li>\n<li><span style=\"font-family: arial, helvetica, sans-serif; font-size: 13px;\">Tinka Seat Leon 2013<\/span><\/li>\n<\/ul>","protected":false},"featured_media":10468,"template":"","meta":[],"product_brand":[],"product_cat":[137],"product_tag":[],"class_list":{"0":"post-10466","1":"product","2":"type-product","3":"status-publish","4":"has-post-thumbnail","6":"product_cat-timing-tool","7":"product_shipping_class-weight","8":"pa_ship-from-china","9":"pa_ship-from-germany","10":"pa_ship-from-united-kingdom","11":"pa_ship-from-united-states","13":"first","14":"instock","15":"shipping-taxable","16":"product-type-variable","17":"wvs-archive-product-wrapper"},"yoast_head":"<!-- This site is optimized with the Yoast SEO Premium plugin v24.4 (Yoast SEO v24.4) - https:\/\/yoast.com\/wordpress\/plugins\/seo\/ -->\n<title>MRCARTOOL Volkswagen Timing Belt Tool Camshaft Timing Tools - Mrcartool<\/title>\n<meta name=\"description\" content=\"Volkswagen Timing Belt Tool allows for efficient and easy camshaft locking, crankshaft replacement, and timing belt replacement.\" \/>\n<meta name=\"robots\" content=\"index, follow, max-snippet:-1, max-image-preview:large, max-video-preview:-1\" \/>\n<link rel=\"canonical\" href=\"https:\/\/mrcartools.com\/lt\/produktas\/mrcartool-volkswagen-timing-belt-tool-camshaft-timing-tools\/\" \/>\n<meta property=\"og:locale\" content=\"lt_LT\" \/>\n<meta property=\"og:type\" content=\"article\" \/>\n<meta property=\"og:title\" content=\"MRCARTOOL Volkswagen Timing Belt Tool Camshaft Timing Tools\" \/>\n<meta property=\"og:description\" content=\"Volkswagen Timing Belt Tool allows for efficient and easy camshaft locking, crankshaft replacement, and timing belt replacement.\" \/>\n<meta property=\"og:url\" content=\"https:\/\/mrcartools.com\/lt\/produktas\/mrcartool-volkswagen-timing-belt-tool-camshaft-timing-tools\/\" \/>\n<meta property=\"og:site_name\" content=\"Mrcartool\" \/>\n<meta property=\"article:modified_time\" content=\"2025-08-08T09:13:03+00:00\" \/>\n<meta property=\"og:image\" content=\"https:\/\/mrcartools.com\/wp-content\/uploads\/2025\/08\/Volkswagen-Timing-Belt-Tool-Timing-Tool-.jpg\" \/>\n\t<meta property=\"og:image:width\" content=\"1600\" \/>\n\t<meta property=\"og:image:height\" content=\"1600\" \/>\n\t<meta property=\"og:image:type\" content=\"image\/jpeg\" \/>\n<meta name=\"twitter:card\" content=\"summary_large_image\" \/>\n<meta name=\"twitter:label1\" content=\"Est. reading time\" \/>\n\t<meta name=\"twitter:data1\" content=\"1 minut\u0117\" \/>\n<script type=\"application\/ld+json\" class=\"yoast-schema-graph\">{\"@context\":\"https:\/\/schema.org\",\"@graph\":[{\"@type\":\"WebPage\",\"@id\":\"https:\/\/mrcartools.com\/product\/mrcartool-volkswagen-timing-belt-tool-camshaft-timing-tools\/\",\"url\":\"https:\/\/mrcartools.com\/product\/mrcartool-volkswagen-timing-belt-tool-camshaft-timing-tools\/\",\"name\":\"MRCARTOOL Volkswagen Timing Belt Tool Camshaft Timing Tools - Mrcartool\",\"isPartOf\":{\"@id\":\"https:\/\/mrcartools.com\/#website\"},\"primaryImageOfPage\":{\"@id\":\"https:\/\/mrcartools.com\/product\/mrcartool-volkswagen-timing-belt-tool-camshaft-timing-tools\/#primaryimage\"},\"image\":{\"@id\":\"https:\/\/mrcartools.com\/product\/mrcartool-volkswagen-timing-belt-tool-camshaft-timing-tools\/#primaryimage\"},\"thumbnailUrl\":\"https:\/\/mrcartools.com\/wp-content\/uploads\/2025\/08\/Volkswagen-Timing-Belt-Tool-Timing-Tool-.jpg\",\"datePublished\":\"2025-08-08T09:13:02+00:00\",\"dateModified\":\"2025-08-08T09:13:03+00:00\",\"description\":\"Volkswagen Timing Belt Tool allows for efficient and easy camshaft locking, crankshaft replacement, and timing belt replacement.\",\"breadcrumb\":{\"@id\":\"https:\/\/mrcartools.com\/product\/mrcartool-volkswagen-timing-belt-tool-camshaft-timing-tools\/#breadcrumb\"},\"inLanguage\":\"lt-LT\",\"potentialAction\":[{\"@type\":\"ReadAction\",\"target\":[\"https:\/\/mrcartools.com\/product\/mrcartool-volkswagen-timing-belt-tool-camshaft-timing-tools\/\"]}]},{\"@type\":\"ImageObject\",\"inLanguage\":\"lt-LT\",\"@id\":\"https:\/\/mrcartools.com\/product\/mrcartool-volkswagen-timing-belt-tool-camshaft-timing-tools\/#primaryimage\",\"url\":\"https:\/\/mrcartools.com\/wp-content\/uploads\/2025\/08\/Volkswagen-Timing-Belt-Tool-Timing-Tool-.jpg\",\"contentUrl\":\"https:\/\/mrcartools.com\/wp-content\/uploads\/2025\/08\/Volkswagen-Timing-Belt-Tool-Timing-Tool-.jpg\",\"width\":1600,\"height\":1600},{\"@type\":\"BreadcrumbList\",\"@id\":\"https:\/\/mrcartools.com\/product\/mrcartool-volkswagen-timing-belt-tool-camshaft-timing-tools\/#breadcrumb\",\"itemListElement\":[{\"@type\":\"ListItem\",\"position\":1,\"name\":\"Home\",\"item\":\"https:\/\/mrcartools.com\/\"},{\"@type\":\"ListItem\",\"position\":2,\"name\":\"Shop\",\"item\":\"https:\/\/mrcartools.com\/shop-2\/\"},{\"@type\":\"ListItem\",\"position\":3,\"name\":\"MRCARTOOL Volkswagen Timing Belt Tool Camshaft Timing Tools\"}]},{\"@type\":\"WebSite\",\"@id\":\"https:\/\/mrcartools.com\/#website\",\"url\":\"https:\/\/mrcartools.com\/\",\"name\":\"MRCARTOOL\",\"description\":\"MRCARTOOL Official Website\",\"publisher\":{\"@id\":\"https:\/\/mrcartools.com\/#organization\"},\"potentialAction\":[{\"@type\":\"SearchAction\",\"target\":{\"@type\":\"EntryPoint\",\"urlTemplate\":\"https:\/\/mrcartools.com\/?s={search_term_string}\"},\"query-input\":{\"@type\":\"PropertyValueSpecification\",\"valueRequired\":true,\"valueName\":\"search_term_string\"}}],\"inLanguage\":\"lt-LT\"},{\"@type\":\"Organization\",\"@id\":\"https:\/\/mrcartools.com\/#organization\",\"name\":\"MRCARTOOL\",\"url\":\"https:\/\/mrcartools.com\/\",\"logo\":{\"@type\":\"ImageObject\",\"inLanguage\":\"lt-LT\",\"@id\":\"https:\/\/mrcartools.com\/#\/schema\/logo\/image\/\",\"url\":\"https:\/\/mrcartools.com\/wp-content\/uploads\/2023\/07\/\u4e0a\u4f73\u6c7d\u8f66\u5de5\u5177-LOGO-2.png\",\"contentUrl\":\"https:\/\/mrcartools.com\/wp-content\/uploads\/2023\/07\/\u4e0a\u4f73\u6c7d\u8f66\u5de5\u5177-LOGO-2.png\",\"width\":1800,\"height\":402,\"caption\":\"MRCARTOOL\"},\"image\":{\"@id\":\"https:\/\/mrcartools.com\/#\/schema\/logo\/image\/\"}}]}<\/script>\n<!-- \/ Yoast SEO Premium plugin. -->","yoast_head_json":{"title":"MRCARTOOL Volkswagen Timing Belt Tool Camshaft Timing Tools - Mrcartool","description":"Volkswagen Timing Belt Tool allows for efficient and easy camshaft locking, crankshaft replacement, and timing belt replacement.","robots":{"index":"index","follow":"follow","max-snippet":"max-snippet:-1","max-image-preview":"max-image-preview:large","max-video-preview":"max-video-preview:-1"},"canonical":"https:\/\/mrcartools.com\/lt\/produktas\/mrcartool-volkswagen-timing-belt-tool-camshaft-timing-tools\/","og_locale":"lt_LT","og_type":"article","og_title":"MRCARTOOL Volkswagen Timing Belt Tool Camshaft Timing Tools","og_description":"Volkswagen Timing Belt Tool allows for efficient and easy camshaft locking, crankshaft replacement, and timing belt replacement.","og_url":"https:\/\/mrcartools.com\/lt\/produktas\/mrcartool-volkswagen-timing-belt-tool-camshaft-timing-tools\/","og_site_name":"Mrcartool","article_modified_time":"2025-08-08T09:13:03+00:00","og_image":[{"width":1600,"height":1600,"url":"https:\/\/mrcartools.com\/wp-content\/uploads\/2025\/08\/Volkswagen-Timing-Belt-Tool-Timing-Tool-.jpg","type":"image\/jpeg"}],"twitter_card":"summary_large_image","twitter_misc":{"Est. reading time":"1 minut\u0117"},"schema":{"@context":"https:\/\/schema.org","@graph":[{"@type":"WebPage","@id":"https:\/\/mrcartools.com\/product\/mrcartool-volkswagen-timing-belt-tool-camshaft-timing-tools\/","url":"https:\/\/mrcartools.com\/product\/mrcartool-volkswagen-timing-belt-tool-camshaft-timing-tools\/","name":"MRCARTOOL Volkswagen Timing Belt Tool Camshaft Timing Tools - Mrcartool","isPartOf":{"@id":"https:\/\/mrcartools.com\/#website"},"primaryImageOfPage":{"@id":"https:\/\/mrcartools.com\/product\/mrcartool-volkswagen-timing-belt-tool-camshaft-timing-tools\/#primaryimage"},"image":{"@id":"https:\/\/mrcartools.com\/product\/mrcartool-volkswagen-timing-belt-tool-camshaft-timing-tools\/#primaryimage"},"thumbnailUrl":"https:\/\/mrcartools.com\/wp-content\/uploads\/2025\/08\/Volkswagen-Timing-Belt-Tool-Timing-Tool-.jpg","datePublished":"2025-08-08T09:13:02+00:00","dateModified":"2025-08-08T09:13:03+00:00","description":"Volkswagen Timing Belt Tool allows for efficient and easy camshaft locking, crankshaft replacement, and timing belt replacement.","breadcrumb":{"@id":"https:\/\/mrcartools.com\/product\/mrcartool-volkswagen-timing-belt-tool-camshaft-timing-tools\/#breadcrumb"},"inLanguage":"lt-LT","potentialAction":[{"@type":"ReadAction","target":["https:\/\/mrcartools.com\/product\/mrcartool-volkswagen-timing-belt-tool-camshaft-timing-tools\/"]}]},{"@type":"ImageObject","inLanguage":"lt-LT","@id":"https:\/\/mrcartools.com\/product\/mrcartool-volkswagen-timing-belt-tool-camshaft-timing-tools\/#primaryimage","url":"https:\/\/mrcartools.com\/wp-content\/uploads\/2025\/08\/Volkswagen-Timing-Belt-Tool-Timing-Tool-.jpg","contentUrl":"https:\/\/mrcartools.com\/wp-content\/uploads\/2025\/08\/Volkswagen-Timing-Belt-Tool-Timing-Tool-.jpg","width":1600,"height":1600},{"@type":"BreadcrumbList","@id":"https:\/\/mrcartools.com\/product\/mrcartool-volkswagen-timing-belt-tool-camshaft-timing-tools\/#breadcrumb","itemListElement":[{"@type":"ListItem","position":1,"name":"Home","item":"https:\/\/mrcartools.com\/"},{"@type":"ListItem","position":2,"name":"Shop","item":"https:\/\/mrcartools.com\/shop-2\/"},{"@type":"ListItem","position":3,"name":"MRCARTOOL Volkswagen Timing Belt Tool Camshaft Timing Tools"}]},{"@type":"WebSite","@id":"https:\/\/mrcartools.com\/#website","url":"https:\/\/mrcartools.com\/","name":"MRCARTOOL","description":"Oficiali svetain\u0117 MRCARTOOL","publisher":{"@id":"https:\/\/mrcartools.com\/#organization"},"potentialAction":[{"@type":"SearchAction","target":{"@type":"EntryPoint","urlTemplate":"https:\/\/mrcartools.com\/?s={search_term_string}"},"query-input":{"@type":"PropertyValueSpecification","valueRequired":true,"valueName":"search_term_string"}}],"inLanguage":"lt-LT"},{"@type":"Organization","@id":"https:\/\/mrcartools.com\/#organization","name":"MRCARTOOL","url":"https:\/\/mrcartools.com\/","logo":{"@type":"ImageObject","inLanguage":"lt-LT","@id":"https:\/\/mrcartools.com\/#\/schema\/logo\/image\/","url":"https:\/\/mrcartools.com\/wp-content\/uploads\/2023\/07\/\u4e0a\u4f73\u6c7d\u8f66\u5de5\u5177-LOGO-2.png","contentUrl":"https:\/\/mrcartools.com\/wp-content\/uploads\/2023\/07\/\u4e0a\u4f73\u6c7d\u8f66\u5de5\u5177-LOGO-2.png","width":1800,"height":402,"caption":"MRCARTOOL"},"image":{"@id":"https:\/\/mrcartools.com\/#\/schema\/logo\/image\/"}}]}},"_links":{"self":[{"href":"https:\/\/mrcartools.com\/lt\/wp-json\/wp\/v2\/product\/10466","targetHints":{"allow":["GET"]}}],"collection":[{"href":"https:\/\/mrcartools.com\/lt\/wp-json\/wp\/v2\/product"}],"about":[{"href":"https:\/\/mrcartools.com\/lt\/wp-json\/wp\/v2\/types\/product"}],"version-history":[{"count":0,"href":"https:\/\/mrcartools.com\/lt\/wp-json\/wp\/v2\/product\/10466\/revisions"}],"wp:featuredmedia":[{"embeddable":true,"href":"https:\/\/mrcartools.com\/lt\/wp-json\/wp\/v2\/media\/10468"}],"wp:attachment":[{"href":"https:\/\/mrcartools.com\/lt\/wp-json\/wp\/v2\/media?parent=10466"}],"wp:term":[{"taxonomy":"product_brand","embeddable":true,"href":"https:\/\/mrcartools.com\/lt\/wp-json\/wp\/v2\/product_brand?post=10466"},{"taxonomy":"product_cat","embeddable":true,"href":"https:\/\/mrcartools.com\/lt\/wp-json\/wp\/v2\/product_cat?post=10466"},{"taxonomy":"product_tag","embeddable":true,"href":"https:\/\/mrcartools.com\/lt\/wp-json\/wp\/v2\/product_tag?post=10466"}],"curies":[{"name":"wp","href":"https:\/\/api.w.org\/{rel}","templated":true}]}}