{"id":10501,"date":"2025-08-12T02:53:31","date_gmt":"2025-08-12T02:53:31","guid":{"rendered":"https:\/\/mrcartools.com\/?post_type=product&#038;p=10501"},"modified":"2025-08-12T02:53:32","modified_gmt":"2025-08-12T02:53:32","slug":"renault-f4-camshaft-removal-tool-renault-1-8-2-0-f4-16-valve-camshaft-sprocket-locking-timing-tool","status":"publish","type":"product","link":"https:\/\/mrcartools.com\/lt\/produktas\/renault-f4-camshaft-removal-tool-renault-1-8-2-0-f4-16-valve-camshaft-sprocket-locking-timing-tool\/","title":{"rendered":"Renault F4 skirstymo veleno nu\u0117mimo \u012frankis Renault 1.8\/2.0 F4 16 vo\u017etuv\u0173 skirstymo veleno krumpliara\u010dio fiksavimo \u012frankis"},"content":{"rendered":"<div>Taikomi varikli\u0173 modeliai<\/div>\n<div>F4R 2,0 l variklio darbinis t\u016bris (NA)<\/div>\n<div>Modeliai: F4R 730\/732\/738<\/div>\n<div>Funkcijos: 16 vo\u017etuv\u0173, DOHC, du vir\u0161utiniai paskirstymo velenai<\/div>\n<div><\/div>\n<div>\u012erengta:<\/div>\n<div>\"Renault Megane III<\/div>\n<div>\"Renault Laguna III<\/div>\n<div>\"Renault Scenic III<\/div>\n<div><\/div>\n<div>F4Rt 2.0L Turbo<\/div>\n<div>Modelis: F4Rt<\/div>\n<div>Funkcijos: Turbokompresorin\u0117 versija, skirta na\u0161umo transporto priemon\u0117ms<\/div>\n<div>\u012erengta:<\/div>\n<div>\"Renault Megane RS<\/div>\n<div>\"Renault Laguna GT<\/div>\n<div><\/div>\n<div>\u012eranki\u0173 naudojimas<\/div>\n<div>Funkcija:<\/div>\n<div>U\u017efiksuokite skirstymo veleno krumpliarat\u012f (skirstymo veleno \u017evaig\u017edut\u0119), kad jis nesisukt\u0173 nuimant.<\/div>\n<div>Sureguliuoja laik\u0105 (reikia alk\u016bninio veleno sureguliavimo \u012frankio).<\/div>\n<div><\/div>\n<div>Tipiniai veikimo scenarijai:<\/div>\n<div>Dir\u017eo ir (arba) grandin\u0117s keitimas<\/div>\n<div>Skirstymo veleno sandariklio arba fazatoriaus remontas<\/div>\n<div><\/div>\n<div>\u012eranki\u0173 pavyzd\u017eiai (original\u016bs \/ tre\u010di\u0173j\u0173 \u0161ali\u0173)<\/div>\n<div>Originalus \u012frankis (Renault OEM)<\/div>\n<div>Dalies numeris: 8200607918 (skirstymo veleno fiksavimo \u012frankis)<\/div>\n<div>Reikalingas alk\u016bninio veleno derinimo \u012frankis (pvz., 8200142239).<\/div>\n<div><\/div>\n<div>Tre\u010diosios \u0161alies \u012frankis<\/div>\n<div>LASER 4943 (F4R\/F4Rt)<\/div>\n<div>\"Sealey VS1381\" (universalus u\u017erakto \u012frankis)<\/div>\n<div><\/div>\n<div>Kod\u0117l specializuotos <a href=\"https:\/\/mrcartools.com\/lt\/produkto-kategorija\/timing-tool\/\">Skirstymo veleno nu\u0117mimo \u012frankis<\/a> reikia?<\/div>\n<div>Laikma\u010dio sistemos projektavimas:<\/div>\n<div>F4R\/F4Rt variklyje naudojamas paskirstymo dir\u017eas (ne grandin\u0117), tod\u0117l kei\u010diant varikl\u012f reikia grie\u017etai suderinti paskirstymo velen\u0105 ir alk\u016bnin\u012f velen\u0105.<\/div>\n<div><\/div>\n<div>Prie\u017ei\u016bros da\u017enumas:<\/div>\n<div>Dantyt\u0105j\u012f dir\u017e\u0105 reikia keisti kas 60 000-80 000 kilometr\u0173, tod\u0117l reikia daug \u012franki\u0173.<\/div>\n<div><\/div>\n<div>Veikimo variklis (F4Rt):<\/div>\n<div>Turbokompresoriaus versijai keliami didesni laiko nustatymo reikalavimai, tod\u0117l reikia tiksli\u0173 \u012franki\u0173.<\/div>\n<div><\/div>\n<div>Pastabos<\/div>\n<div>Variklio versij\u0173 skirtumai:<\/div>\n<div>Laiko nustatymo \u012frankis yra universalus tiek varikliams su \u012fsiurbimo (F4R), tiek su turbokompresoriumi (F4RT), ta\u010diau varikliams su turbokompresoriumi reikia atlikti papildom\u0105 faz\u0117s patikrinim\u0105.<\/div>\n<div><\/div>\n<div>Pagalbin\u0117s priemon\u0117s:<\/div>\n<div>Vien kum\u0161telinio veleno fiksavimo \u012frankio nepakanka; norint u\u017ebaigti laiko sureguliavim\u0105, reikia alk\u016bninio veleno fiksavimo kai\u0161\u010dio (pvz., 8200305863).<\/div>","protected":false},"excerpt":{"rendered":"<p>Applicable Engine Models F4R 2.0L Naturally Aspirated (NA) Models: F4R 730\/732\/738 Features: 16-valve, DOHC, dual overhead camshafts Equipped with: Renault Megane III Renault Laguna III Renault Scenic III F4Rt 2.0L Turbo Model: F4Rt Features: Turbocharged version for performance vehicles Equipped with: Renault Megane RS Renault Laguna GT Tool Usage Function: Secures the camshaft gear (Camshaft [&#8230;]","protected":false},"featured_media":10503,"template":"","meta":[],"product_brand":[],"product_cat":[137],"product_tag":[],"class_list":{"0":"post-10501","1":"product","2":"type-product","3":"status-publish","4":"has-post-thumbnail","6":"product_cat-timing-tool","7":"product_shipping_class-world","9":"first","10":"instock","11":"shipping-taxable","12":"product-type-simple"},"yoast_head":"<!-- This site is optimized with the Yoast SEO Premium plugin v24.4 (Yoast SEO v24.4) - https:\/\/yoast.com\/wordpress\/plugins\/seo\/ -->\n<title>Renault F4 Camshaft Removal Tool Renault 1.8\/2.0 F4 16-Valve Camshaft Sprocket Locking Timing Tool - Mrcartool<\/title>\n<meta name=\"description\" content=\"Camshaft Removal Tool F4R\/F4Rt engine uses a timing belt (not a chain), requiring strict alignment of the camshaft and crankshaft during replacement.\" \/>\n<meta name=\"robots\" content=\"index, follow, max-snippet:-1, max-image-preview:large, max-video-preview:-1\" \/>\n<link rel=\"canonical\" href=\"https:\/\/mrcartools.com\/lt\/produktas\/renault-f4-camshaft-removal-tool-renault-1-8-2-0-f4-16-valve-camshaft-sprocket-locking-timing-tool\/\" \/>\n<meta property=\"og:locale\" content=\"lt_LT\" \/>\n<meta property=\"og:type\" content=\"article\" \/>\n<meta property=\"og:title\" content=\"Renault F4 Camshaft Removal Tool Renault 1.8\/2.0 F4 16-Valve Camshaft Sprocket Locking Timing Tool\" \/>\n<meta property=\"og:description\" content=\"Camshaft Removal Tool F4R\/F4Rt engine uses a timing belt (not a chain), requiring strict alignment of the camshaft and crankshaft during replacement.\" \/>\n<meta property=\"og:url\" content=\"https:\/\/mrcartools.com\/lt\/produktas\/renault-f4-camshaft-removal-tool-renault-1-8-2-0-f4-16-valve-camshaft-sprocket-locking-timing-tool\/\" \/>\n<meta property=\"og:site_name\" content=\"Mrcartool\" \/>\n<meta property=\"article:modified_time\" content=\"2025-08-12T02:53:32+00:00\" \/>\n<meta property=\"og:image\" content=\"https:\/\/mrcartools.com\/wp-content\/uploads\/2025\/08\/Renault-F4-Camshaft-Removal-Tool-Renault-1.82.0-F4-16-Valve-Camshaft-Sprocket-Locking-Timing-Tool-3-scaled.png\" \/>\n\t<meta property=\"og:image:width\" content=\"2560\" \/>\n\t<meta property=\"og:image:height\" content=\"2560\" \/>\n\t<meta property=\"og:image:type\" content=\"image\/png\" \/>\n<meta name=\"twitter:card\" content=\"summary_large_image\" \/>\n<meta name=\"twitter:label1\" content=\"Est. reading time\" \/>\n\t<meta name=\"twitter:data1\" content=\"2 minut\u0117s\" \/>\n<script type=\"application\/ld+json\" class=\"yoast-schema-graph\">{\"@context\":\"https:\/\/schema.org\",\"@graph\":[{\"@type\":\"WebPage\",\"@id\":\"https:\/\/mrcartools.com\/product\/renault-f4-camshaft-removal-tool-renault-1-8-2-0-f4-16-valve-camshaft-sprocket-locking-timing-tool\/\",\"url\":\"https:\/\/mrcartools.com\/product\/renault-f4-camshaft-removal-tool-renault-1-8-2-0-f4-16-valve-camshaft-sprocket-locking-timing-tool\/\",\"name\":\"Renault F4 Camshaft Removal Tool Renault 1.8\/2.0 F4 16-Valve Camshaft Sprocket Locking Timing Tool - Mrcartool\",\"isPartOf\":{\"@id\":\"https:\/\/mrcartools.com\/#website\"},\"primaryImageOfPage\":{\"@id\":\"https:\/\/mrcartools.com\/product\/renault-f4-camshaft-removal-tool-renault-1-8-2-0-f4-16-valve-camshaft-sprocket-locking-timing-tool\/#primaryimage\"},\"image\":{\"@id\":\"https:\/\/mrcartools.com\/product\/renault-f4-camshaft-removal-tool-renault-1-8-2-0-f4-16-valve-camshaft-sprocket-locking-timing-tool\/#primaryimage\"},\"thumbnailUrl\":\"https:\/\/mrcartools.com\/wp-content\/uploads\/2025\/08\/Renault-F4-Camshaft-Removal-Tool-Renault-1.82.0-F4-16-Valve-Camshaft-Sprocket-Locking-Timing-Tool-3-scaled.png\",\"datePublished\":\"2025-08-12T02:53:31+00:00\",\"dateModified\":\"2025-08-12T02:53:32+00:00\",\"description\":\"Camshaft Removal Tool F4R\/F4Rt engine uses a timing belt (not a chain), requiring strict alignment of the camshaft and crankshaft during replacement.\",\"breadcrumb\":{\"@id\":\"https:\/\/mrcartools.com\/product\/renault-f4-camshaft-removal-tool-renault-1-8-2-0-f4-16-valve-camshaft-sprocket-locking-timing-tool\/#breadcrumb\"},\"inLanguage\":\"lt-LT\",\"potentialAction\":[{\"@type\":\"ReadAction\",\"target\":[\"https:\/\/mrcartools.com\/product\/renault-f4-camshaft-removal-tool-renault-1-8-2-0-f4-16-valve-camshaft-sprocket-locking-timing-tool\/\"]}]},{\"@type\":\"ImageObject\",\"inLanguage\":\"lt-LT\",\"@id\":\"https:\/\/mrcartools.com\/product\/renault-f4-camshaft-removal-tool-renault-1-8-2-0-f4-16-valve-camshaft-sprocket-locking-timing-tool\/#primaryimage\",\"url\":\"https:\/\/mrcartools.com\/wp-content\/uploads\/2025\/08\/Renault-F4-Camshaft-Removal-Tool-Renault-1.82.0-F4-16-Valve-Camshaft-Sprocket-Locking-Timing-Tool-3-scaled.png\",\"contentUrl\":\"https:\/\/mrcartools.com\/wp-content\/uploads\/2025\/08\/Renault-F4-Camshaft-Removal-Tool-Renault-1.82.0-F4-16-Valve-Camshaft-Sprocket-Locking-Timing-Tool-3-scaled.png\",\"width\":2560,\"height\":2560},{\"@type\":\"BreadcrumbList\",\"@id\":\"https:\/\/mrcartools.com\/product\/renault-f4-camshaft-removal-tool-renault-1-8-2-0-f4-16-valve-camshaft-sprocket-locking-timing-tool\/#breadcrumb\",\"itemListElement\":[{\"@type\":\"ListItem\",\"position\":1,\"name\":\"Home\",\"item\":\"https:\/\/mrcartools.com\/\"},{\"@type\":\"ListItem\",\"position\":2,\"name\":\"Shop\",\"item\":\"https:\/\/mrcartools.com\/shop-2\/\"},{\"@type\":\"ListItem\",\"position\":3,\"name\":\"Renault F4 Camshaft Removal Tool Renault 1.8\/2.0 F4 16-Valve Camshaft Sprocket Locking Timing Tool\"}]},{\"@type\":\"WebSite\",\"@id\":\"https:\/\/mrcartools.com\/#website\",\"url\":\"https:\/\/mrcartools.com\/\",\"name\":\"MRCARTOOL\",\"description\":\"MRCARTOOL Official Website\",\"publisher\":{\"@id\":\"https:\/\/mrcartools.com\/#organization\"},\"potentialAction\":[{\"@type\":\"SearchAction\",\"target\":{\"@type\":\"EntryPoint\",\"urlTemplate\":\"https:\/\/mrcartools.com\/?s={search_term_string}\"},\"query-input\":{\"@type\":\"PropertyValueSpecification\",\"valueRequired\":true,\"valueName\":\"search_term_string\"}}],\"inLanguage\":\"lt-LT\"},{\"@type\":\"Organization\",\"@id\":\"https:\/\/mrcartools.com\/#organization\",\"name\":\"MRCARTOOL\",\"url\":\"https:\/\/mrcartools.com\/\",\"logo\":{\"@type\":\"ImageObject\",\"inLanguage\":\"lt-LT\",\"@id\":\"https:\/\/mrcartools.com\/#\/schema\/logo\/image\/\",\"url\":\"https:\/\/mrcartools.com\/wp-content\/uploads\/2023\/07\/\u4e0a\u4f73\u6c7d\u8f66\u5de5\u5177-LOGO-2.png\",\"contentUrl\":\"https:\/\/mrcartools.com\/wp-content\/uploads\/2023\/07\/\u4e0a\u4f73\u6c7d\u8f66\u5de5\u5177-LOGO-2.png\",\"width\":1800,\"height\":402,\"caption\":\"MRCARTOOL\"},\"image\":{\"@id\":\"https:\/\/mrcartools.com\/#\/schema\/logo\/image\/\"}}]}<\/script>\n<!-- \/ Yoast SEO Premium plugin. -->","yoast_head_json":{"title":"Renault F4 Camshaft Removal Tool Renault 1.8\/2.0 F4 16-Valve Camshaft Sprocket Locking Timing Tool - Mrcartool","description":"Camshaft Removal Tool F4R\/F4Rt engine uses a timing belt (not a chain), requiring strict alignment of the camshaft and crankshaft during replacement.","robots":{"index":"index","follow":"follow","max-snippet":"max-snippet:-1","max-image-preview":"max-image-preview:large","max-video-preview":"max-video-preview:-1"},"canonical":"https:\/\/mrcartools.com\/lt\/produktas\/renault-f4-camshaft-removal-tool-renault-1-8-2-0-f4-16-valve-camshaft-sprocket-locking-timing-tool\/","og_locale":"lt_LT","og_type":"article","og_title":"Renault F4 Camshaft Removal Tool Renault 1.8\/2.0 F4 16-Valve Camshaft Sprocket Locking Timing Tool","og_description":"Camshaft Removal Tool F4R\/F4Rt engine uses a timing belt (not a chain), requiring strict alignment of the camshaft and crankshaft during replacement.","og_url":"https:\/\/mrcartools.com\/lt\/produktas\/renault-f4-camshaft-removal-tool-renault-1-8-2-0-f4-16-valve-camshaft-sprocket-locking-timing-tool\/","og_site_name":"Mrcartool","article_modified_time":"2025-08-12T02:53:32+00:00","og_image":[{"width":2560,"height":2560,"url":"https:\/\/mrcartools.com\/wp-content\/uploads\/2025\/08\/Renault-F4-Camshaft-Removal-Tool-Renault-1.82.0-F4-16-Valve-Camshaft-Sprocket-Locking-Timing-Tool-3-scaled.png","type":"image\/png"}],"twitter_card":"summary_large_image","twitter_misc":{"Est. reading time":"2 minut\u0117s"},"schema":{"@context":"https:\/\/schema.org","@graph":[{"@type":"WebPage","@id":"https:\/\/mrcartools.com\/product\/renault-f4-camshaft-removal-tool-renault-1-8-2-0-f4-16-valve-camshaft-sprocket-locking-timing-tool\/","url":"https:\/\/mrcartools.com\/product\/renault-f4-camshaft-removal-tool-renault-1-8-2-0-f4-16-valve-camshaft-sprocket-locking-timing-tool\/","name":"Renault F4 Camshaft Removal Tool Renault 1.8\/2.0 F4 16-Valve Camshaft Sprocket Locking Timing Tool - Mrcartool","isPartOf":{"@id":"https:\/\/mrcartools.com\/#website"},"primaryImageOfPage":{"@id":"https:\/\/mrcartools.com\/product\/renault-f4-camshaft-removal-tool-renault-1-8-2-0-f4-16-valve-camshaft-sprocket-locking-timing-tool\/#primaryimage"},"image":{"@id":"https:\/\/mrcartools.com\/product\/renault-f4-camshaft-removal-tool-renault-1-8-2-0-f4-16-valve-camshaft-sprocket-locking-timing-tool\/#primaryimage"},"thumbnailUrl":"https:\/\/mrcartools.com\/wp-content\/uploads\/2025\/08\/Renault-F4-Camshaft-Removal-Tool-Renault-1.82.0-F4-16-Valve-Camshaft-Sprocket-Locking-Timing-Tool-3-scaled.png","datePublished":"2025-08-12T02:53:31+00:00","dateModified":"2025-08-12T02:53:32+00:00","description":"Camshaft Removal Tool F4R\/F4Rt engine uses a timing belt (not a chain), requiring strict alignment of the camshaft and crankshaft during replacement.","breadcrumb":{"@id":"https:\/\/mrcartools.com\/product\/renault-f4-camshaft-removal-tool-renault-1-8-2-0-f4-16-valve-camshaft-sprocket-locking-timing-tool\/#breadcrumb"},"inLanguage":"lt-LT","potentialAction":[{"@type":"ReadAction","target":["https:\/\/mrcartools.com\/product\/renault-f4-camshaft-removal-tool-renault-1-8-2-0-f4-16-valve-camshaft-sprocket-locking-timing-tool\/"]}]},{"@type":"ImageObject","inLanguage":"lt-LT","@id":"https:\/\/mrcartools.com\/product\/renault-f4-camshaft-removal-tool-renault-1-8-2-0-f4-16-valve-camshaft-sprocket-locking-timing-tool\/#primaryimage","url":"https:\/\/mrcartools.com\/wp-content\/uploads\/2025\/08\/Renault-F4-Camshaft-Removal-Tool-Renault-1.82.0-F4-16-Valve-Camshaft-Sprocket-Locking-Timing-Tool-3-scaled.png","contentUrl":"https:\/\/mrcartools.com\/wp-content\/uploads\/2025\/08\/Renault-F4-Camshaft-Removal-Tool-Renault-1.82.0-F4-16-Valve-Camshaft-Sprocket-Locking-Timing-Tool-3-scaled.png","width":2560,"height":2560},{"@type":"BreadcrumbList","@id":"https:\/\/mrcartools.com\/product\/renault-f4-camshaft-removal-tool-renault-1-8-2-0-f4-16-valve-camshaft-sprocket-locking-timing-tool\/#breadcrumb","itemListElement":[{"@type":"ListItem","position":1,"name":"Home","item":"https:\/\/mrcartools.com\/"},{"@type":"ListItem","position":2,"name":"Shop","item":"https:\/\/mrcartools.com\/shop-2\/"},{"@type":"ListItem","position":3,"name":"Renault F4 Camshaft Removal Tool Renault 1.8\/2.0 F4 16-Valve Camshaft Sprocket Locking Timing Tool"}]},{"@type":"WebSite","@id":"https:\/\/mrcartools.com\/#website","url":"https:\/\/mrcartools.com\/","name":"MRCARTOOL","description":"Oficiali svetain\u0117 MRCARTOOL","publisher":{"@id":"https:\/\/mrcartools.com\/#organization"},"potentialAction":[{"@type":"SearchAction","target":{"@type":"EntryPoint","urlTemplate":"https:\/\/mrcartools.com\/?s={search_term_string}"},"query-input":{"@type":"PropertyValueSpecification","valueRequired":true,"valueName":"search_term_string"}}],"inLanguage":"lt-LT"},{"@type":"Organization","@id":"https:\/\/mrcartools.com\/#organization","name":"MRCARTOOL","url":"https:\/\/mrcartools.com\/","logo":{"@type":"ImageObject","inLanguage":"lt-LT","@id":"https:\/\/mrcartools.com\/#\/schema\/logo\/image\/","url":"https:\/\/mrcartools.com\/wp-content\/uploads\/2023\/07\/\u4e0a\u4f73\u6c7d\u8f66\u5de5\u5177-LOGO-2.png","contentUrl":"https:\/\/mrcartools.com\/wp-content\/uploads\/2023\/07\/\u4e0a\u4f73\u6c7d\u8f66\u5de5\u5177-LOGO-2.png","width":1800,"height":402,"caption":"MRCARTOOL"},"image":{"@id":"https:\/\/mrcartools.com\/#\/schema\/logo\/image\/"}}]}},"_links":{"self":[{"href":"https:\/\/mrcartools.com\/lt\/wp-json\/wp\/v2\/product\/10501","targetHints":{"allow":["GET"]}}],"collection":[{"href":"https:\/\/mrcartools.com\/lt\/wp-json\/wp\/v2\/product"}],"about":[{"href":"https:\/\/mrcartools.com\/lt\/wp-json\/wp\/v2\/types\/product"}],"version-history":[{"count":0,"href":"https:\/\/mrcartools.com\/lt\/wp-json\/wp\/v2\/product\/10501\/revisions"}],"wp:featuredmedia":[{"embeddable":true,"href":"https:\/\/mrcartools.com\/lt\/wp-json\/wp\/v2\/media\/10503"}],"wp:attachment":[{"href":"https:\/\/mrcartools.com\/lt\/wp-json\/wp\/v2\/media?parent=10501"}],"wp:term":[{"taxonomy":"product_brand","embeddable":true,"href":"https:\/\/mrcartools.com\/lt\/wp-json\/wp\/v2\/product_brand?post=10501"},{"taxonomy":"product_cat","embeddable":true,"href":"https:\/\/mrcartools.com\/lt\/wp-json\/wp\/v2\/product_cat?post=10501"},{"taxonomy":"product_tag","embeddable":true,"href":"https:\/\/mrcartools.com\/lt\/wp-json\/wp\/v2\/product_tag?post=10501"}],"curies":[{"name":"wp","href":"https:\/\/api.w.org\/{rel}","templated":true}]}}