{"id":10508,"date":"2025-08-12T03:06:25","date_gmt":"2025-08-12T03:06:25","guid":{"rendered":"https:\/\/mrcartools.com\/?post_type=product&#038;p=10508"},"modified":"2025-08-12T03:06:26","modified_gmt":"2025-08-12T03:06:26","slug":"bmw-n63n74-camshaft-timing","status":"publish","type":"product","link":"https:\/\/mrcartools.com\/lt\/produktas\/bmw-n63n74-camshaft-timing\/","title":{"rendered":"BMW N63N74 skirstymo veleno paskirstymo mechanizmas"},"content":{"rendered":"<p>BMW N63\/N74 skirstymo veleno paskirstymo \u012frankiai<br \/>\nB\u016btina tiksliam vo\u017etuv\u0173 laiko nustatymui atliekant grandin\u0117s ir (arba) gumos prie\u017ei\u016br\u0105. U\u017etikrina teising\u0105:<br \/>\n- N63 (4,4 l TwinTurbo V8 - F01\/F10\/X5\/X6)<br \/>\n- N74 (6,6 l TwinTurbo V12 - 7 serija\/Rolls-Royce)<\/p>\n<p>Apsaugo nuo:<br \/>\n- Vo\u017etuvo ir st\u016bmoklio trukd\u017eiai<br \/>\n- \"Vanos\" ir (arba) va\u017eiavimo sutrikimai<br \/>\n- Grandin\u0117s i\u0161tempimo klaidos<\/p>\n<p>Pagrindin\u0117s priemon\u0117s:<br \/>\n- 11 2 450 (N63 alk\u016bninis u\u017eraktas)<br \/>\n- 11 3 240 (N74 kum\u0161teli\u0173 blokai)<br \/>\n- 00 9 470(Vanos reguliavimas)<\/p>\n<p>*Pastaba: Dviej\u0173 turbokompresori\u0173 varikliams reikalingas vienalaikis alk\u016bn\u0117s ir kum\u0161telio fiksavimas.*<\/p>","protected":false},"excerpt":{"rendered":"<p>BMW N63\/N74 Camshaft Timing Tools Essential for precise valve timing during chain\/phaser service. Ensures correct alignment of: &#8211; N63 (4.4L TwinTurbo V8 &#8211; F01\/F10\/X5\/X6) &#8211; N74 (6.6L TwinTurbo V12 &#8211; 7 Series\/Rolls-Royce) Prevents: \u2022 Valve\/piston interference \u2022 Vanos\/drivability faults \u2022 Chain stretch errors Key Tools: &#8211; 11 2 450 (N63 crank lock) &#8211; 11 3 [&#8230;]","protected":false},"featured_media":10512,"template":"","meta":[],"product_brand":[],"product_cat":[137],"product_tag":[],"class_list":{"0":"post-10508","1":"product","2":"type-product","3":"status-publish","4":"has-post-thumbnail","6":"product_cat-timing-tool","7":"product_shipping_class-world","9":"first","10":"instock","11":"shipping-taxable","12":"product-type-simple"},"yoast_head":"<!-- This site is optimized with the Yoast SEO Premium plugin v24.4 (Yoast SEO v24.4) - https:\/\/yoast.com\/wordpress\/plugins\/seo\/ -->\n<title>BMW N63N74 Camshaft Timing - Mrcartool<\/title>\n<meta name=\"description\" content=\"BMW N63\/N74 Camshaft Timing ToolsEssential for precise valve timing during chain\/phaser service. Ensures correct alignment of:- N63 (4.4L TwinTurbo V8 - F01\/F10\/X5\/X6)- N74 (6.6L TwinTurbo V12 - 7 Series\/Rolls-Royce)\" \/>\n<meta name=\"robots\" content=\"index, follow, max-snippet:-1, max-image-preview:large, max-video-preview:-1\" \/>\n<link rel=\"canonical\" href=\"https:\/\/mrcartools.com\/lt\/produktas\/bmw-n63n74-camshaft-timing\/\" \/>\n<meta property=\"og:locale\" content=\"lt_LT\" \/>\n<meta property=\"og:type\" content=\"article\" \/>\n<meta property=\"og:title\" content=\"BMW N63N74 Camshaft Timing\" \/>\n<meta property=\"og:description\" content=\"BMW N63\/N74 Camshaft Timing ToolsEssential for precise valve timing during chain\/phaser service. Ensures correct alignment of:- N63 (4.4L TwinTurbo V8 - F01\/F10\/X5\/X6)- N74 (6.6L TwinTurbo V12 - 7 Series\/Rolls-Royce)\" \/>\n<meta property=\"og:url\" content=\"https:\/\/mrcartools.com\/lt\/produktas\/bmw-n63n74-camshaft-timing\/\" \/>\n<meta property=\"og:site_name\" content=\"Mrcartool\" \/>\n<meta property=\"article:modified_time\" content=\"2025-08-12T03:06:26+00:00\" \/>\n<meta property=\"og:image\" content=\"https:\/\/mrcartools.com\/wp-content\/uploads\/2025\/08\/BMW-N63N74-Camshaft-Timing-scaled.jpg\" \/>\n\t<meta property=\"og:image:width\" content=\"2560\" \/>\n\t<meta property=\"og:image:height\" content=\"2560\" \/>\n\t<meta property=\"og:image:type\" content=\"image\/jpeg\" \/>\n<meta name=\"twitter:card\" content=\"summary_large_image\" \/>\n<meta name=\"twitter:label1\" content=\"Est. reading time\" \/>\n\t<meta name=\"twitter:data1\" content=\"1 minut\u0117\" \/>\n<script type=\"application\/ld+json\" class=\"yoast-schema-graph\">{\"@context\":\"https:\/\/schema.org\",\"@graph\":[{\"@type\":\"WebPage\",\"@id\":\"https:\/\/mrcartools.com\/product\/bmw-n63n74-camshaft-timing\/\",\"url\":\"https:\/\/mrcartools.com\/product\/bmw-n63n74-camshaft-timing\/\",\"name\":\"BMW N63N74 Camshaft Timing - Mrcartool\",\"isPartOf\":{\"@id\":\"https:\/\/mrcartools.com\/#website\"},\"primaryImageOfPage\":{\"@id\":\"https:\/\/mrcartools.com\/product\/bmw-n63n74-camshaft-timing\/#primaryimage\"},\"image\":{\"@id\":\"https:\/\/mrcartools.com\/product\/bmw-n63n74-camshaft-timing\/#primaryimage\"},\"thumbnailUrl\":\"https:\/\/mrcartools.com\/wp-content\/uploads\/2025\/08\/BMW-N63N74-Camshaft-Timing-scaled.jpg\",\"datePublished\":\"2025-08-12T03:06:25+00:00\",\"dateModified\":\"2025-08-12T03:06:26+00:00\",\"description\":\"BMW N63\/N74 Camshaft Timing ToolsEssential for precise valve timing during chain\/phaser service. Ensures correct alignment of:- N63 (4.4L TwinTurbo V8 - F01\/F10\/X5\/X6)- N74 (6.6L TwinTurbo V12 - 7 Series\/Rolls-Royce)\",\"breadcrumb\":{\"@id\":\"https:\/\/mrcartools.com\/product\/bmw-n63n74-camshaft-timing\/#breadcrumb\"},\"inLanguage\":\"lt-LT\",\"potentialAction\":[{\"@type\":\"ReadAction\",\"target\":[\"https:\/\/mrcartools.com\/product\/bmw-n63n74-camshaft-timing\/\"]}]},{\"@type\":\"ImageObject\",\"inLanguage\":\"lt-LT\",\"@id\":\"https:\/\/mrcartools.com\/product\/bmw-n63n74-camshaft-timing\/#primaryimage\",\"url\":\"https:\/\/mrcartools.com\/wp-content\/uploads\/2025\/08\/BMW-N63N74-Camshaft-Timing-scaled.jpg\",\"contentUrl\":\"https:\/\/mrcartools.com\/wp-content\/uploads\/2025\/08\/BMW-N63N74-Camshaft-Timing-scaled.jpg\",\"width\":2560,\"height\":2560},{\"@type\":\"BreadcrumbList\",\"@id\":\"https:\/\/mrcartools.com\/product\/bmw-n63n74-camshaft-timing\/#breadcrumb\",\"itemListElement\":[{\"@type\":\"ListItem\",\"position\":1,\"name\":\"Home\",\"item\":\"https:\/\/mrcartools.com\/\"},{\"@type\":\"ListItem\",\"position\":2,\"name\":\"Shop\",\"item\":\"https:\/\/mrcartools.com\/shop-2\/\"},{\"@type\":\"ListItem\",\"position\":3,\"name\":\"BMW N63N74 Camshaft Timing\"}]},{\"@type\":\"WebSite\",\"@id\":\"https:\/\/mrcartools.com\/#website\",\"url\":\"https:\/\/mrcartools.com\/\",\"name\":\"MRCARTOOL\",\"description\":\"MRCARTOOL Official Website\",\"publisher\":{\"@id\":\"https:\/\/mrcartools.com\/#organization\"},\"potentialAction\":[{\"@type\":\"SearchAction\",\"target\":{\"@type\":\"EntryPoint\",\"urlTemplate\":\"https:\/\/mrcartools.com\/?s={search_term_string}\"},\"query-input\":{\"@type\":\"PropertyValueSpecification\",\"valueRequired\":true,\"valueName\":\"search_term_string\"}}],\"inLanguage\":\"lt-LT\"},{\"@type\":\"Organization\",\"@id\":\"https:\/\/mrcartools.com\/#organization\",\"name\":\"MRCARTOOL\",\"url\":\"https:\/\/mrcartools.com\/\",\"logo\":{\"@type\":\"ImageObject\",\"inLanguage\":\"lt-LT\",\"@id\":\"https:\/\/mrcartools.com\/#\/schema\/logo\/image\/\",\"url\":\"https:\/\/mrcartools.com\/wp-content\/uploads\/2023\/07\/\u4e0a\u4f73\u6c7d\u8f66\u5de5\u5177-LOGO-2.png\",\"contentUrl\":\"https:\/\/mrcartools.com\/wp-content\/uploads\/2023\/07\/\u4e0a\u4f73\u6c7d\u8f66\u5de5\u5177-LOGO-2.png\",\"width\":1800,\"height\":402,\"caption\":\"MRCARTOOL\"},\"image\":{\"@id\":\"https:\/\/mrcartools.com\/#\/schema\/logo\/image\/\"}}]}<\/script>\n<!-- \/ Yoast SEO Premium plugin. -->","yoast_head_json":{"title":"BMW N63N74 Camshaft Timing - Mrcartool","description":"BMW N63\/N74 Camshaft Timing ToolsEssential for precise valve timing during chain\/phaser service. Ensures correct alignment of:- N63 (4.4L TwinTurbo V8 - F01\/F10\/X5\/X6)- N74 (6.6L TwinTurbo V12 - 7 Series\/Rolls-Royce)","robots":{"index":"index","follow":"follow","max-snippet":"max-snippet:-1","max-image-preview":"max-image-preview:large","max-video-preview":"max-video-preview:-1"},"canonical":"https:\/\/mrcartools.com\/lt\/produktas\/bmw-n63n74-camshaft-timing\/","og_locale":"lt_LT","og_type":"article","og_title":"BMW N63N74 Camshaft Timing","og_description":"BMW N63\/N74 Camshaft Timing ToolsEssential for precise valve timing during chain\/phaser service. Ensures correct alignment of:- N63 (4.4L TwinTurbo V8 - F01\/F10\/X5\/X6)- N74 (6.6L TwinTurbo V12 - 7 Series\/Rolls-Royce)","og_url":"https:\/\/mrcartools.com\/lt\/produktas\/bmw-n63n74-camshaft-timing\/","og_site_name":"Mrcartool","article_modified_time":"2025-08-12T03:06:26+00:00","og_image":[{"width":2560,"height":2560,"url":"https:\/\/mrcartools.com\/wp-content\/uploads\/2025\/08\/BMW-N63N74-Camshaft-Timing-scaled.jpg","type":"image\/jpeg"}],"twitter_card":"summary_large_image","twitter_misc":{"Est. reading time":"1 minut\u0117"},"schema":{"@context":"https:\/\/schema.org","@graph":[{"@type":"WebPage","@id":"https:\/\/mrcartools.com\/product\/bmw-n63n74-camshaft-timing\/","url":"https:\/\/mrcartools.com\/product\/bmw-n63n74-camshaft-timing\/","name":"BMW N63N74 Camshaft Timing - Mrcartool","isPartOf":{"@id":"https:\/\/mrcartools.com\/#website"},"primaryImageOfPage":{"@id":"https:\/\/mrcartools.com\/product\/bmw-n63n74-camshaft-timing\/#primaryimage"},"image":{"@id":"https:\/\/mrcartools.com\/product\/bmw-n63n74-camshaft-timing\/#primaryimage"},"thumbnailUrl":"https:\/\/mrcartools.com\/wp-content\/uploads\/2025\/08\/BMW-N63N74-Camshaft-Timing-scaled.jpg","datePublished":"2025-08-12T03:06:25+00:00","dateModified":"2025-08-12T03:06:26+00:00","description":"BMW N63\/N74 Camshaft Timing ToolsEssential for precise valve timing during chain\/phaser service. Ensures correct alignment of:- N63 (4.4L TwinTurbo V8 - F01\/F10\/X5\/X6)- N74 (6.6L TwinTurbo V12 - 7 Series\/Rolls-Royce)","breadcrumb":{"@id":"https:\/\/mrcartools.com\/product\/bmw-n63n74-camshaft-timing\/#breadcrumb"},"inLanguage":"lt-LT","potentialAction":[{"@type":"ReadAction","target":["https:\/\/mrcartools.com\/product\/bmw-n63n74-camshaft-timing\/"]}]},{"@type":"ImageObject","inLanguage":"lt-LT","@id":"https:\/\/mrcartools.com\/product\/bmw-n63n74-camshaft-timing\/#primaryimage","url":"https:\/\/mrcartools.com\/wp-content\/uploads\/2025\/08\/BMW-N63N74-Camshaft-Timing-scaled.jpg","contentUrl":"https:\/\/mrcartools.com\/wp-content\/uploads\/2025\/08\/BMW-N63N74-Camshaft-Timing-scaled.jpg","width":2560,"height":2560},{"@type":"BreadcrumbList","@id":"https:\/\/mrcartools.com\/product\/bmw-n63n74-camshaft-timing\/#breadcrumb","itemListElement":[{"@type":"ListItem","position":1,"name":"Home","item":"https:\/\/mrcartools.com\/"},{"@type":"ListItem","position":2,"name":"Shop","item":"https:\/\/mrcartools.com\/shop-2\/"},{"@type":"ListItem","position":3,"name":"BMW N63N74 Camshaft Timing"}]},{"@type":"WebSite","@id":"https:\/\/mrcartools.com\/#website","url":"https:\/\/mrcartools.com\/","name":"MRCARTOOL","description":"Oficiali svetain\u0117 MRCARTOOL","publisher":{"@id":"https:\/\/mrcartools.com\/#organization"},"potentialAction":[{"@type":"SearchAction","target":{"@type":"EntryPoint","urlTemplate":"https:\/\/mrcartools.com\/?s={search_term_string}"},"query-input":{"@type":"PropertyValueSpecification","valueRequired":true,"valueName":"search_term_string"}}],"inLanguage":"lt-LT"},{"@type":"Organization","@id":"https:\/\/mrcartools.com\/#organization","name":"MRCARTOOL","url":"https:\/\/mrcartools.com\/","logo":{"@type":"ImageObject","inLanguage":"lt-LT","@id":"https:\/\/mrcartools.com\/#\/schema\/logo\/image\/","url":"https:\/\/mrcartools.com\/wp-content\/uploads\/2023\/07\/\u4e0a\u4f73\u6c7d\u8f66\u5de5\u5177-LOGO-2.png","contentUrl":"https:\/\/mrcartools.com\/wp-content\/uploads\/2023\/07\/\u4e0a\u4f73\u6c7d\u8f66\u5de5\u5177-LOGO-2.png","width":1800,"height":402,"caption":"MRCARTOOL"},"image":{"@id":"https:\/\/mrcartools.com\/#\/schema\/logo\/image\/"}}]}},"_links":{"self":[{"href":"https:\/\/mrcartools.com\/lt\/wp-json\/wp\/v2\/product\/10508","targetHints":{"allow":["GET"]}}],"collection":[{"href":"https:\/\/mrcartools.com\/lt\/wp-json\/wp\/v2\/product"}],"about":[{"href":"https:\/\/mrcartools.com\/lt\/wp-json\/wp\/v2\/types\/product"}],"version-history":[{"count":0,"href":"https:\/\/mrcartools.com\/lt\/wp-json\/wp\/v2\/product\/10508\/revisions"}],"wp:featuredmedia":[{"embeddable":true,"href":"https:\/\/mrcartools.com\/lt\/wp-json\/wp\/v2\/media\/10512"}],"wp:attachment":[{"href":"https:\/\/mrcartools.com\/lt\/wp-json\/wp\/v2\/media?parent=10508"}],"wp:term":[{"taxonomy":"product_brand","embeddable":true,"href":"https:\/\/mrcartools.com\/lt\/wp-json\/wp\/v2\/product_brand?post=10508"},{"taxonomy":"product_cat","embeddable":true,"href":"https:\/\/mrcartools.com\/lt\/wp-json\/wp\/v2\/product_cat?post=10508"},{"taxonomy":"product_tag","embeddable":true,"href":"https:\/\/mrcartools.com\/lt\/wp-json\/wp\/v2\/product_tag?post=10508"}],"curies":[{"name":"wp","href":"https:\/\/api.w.org\/{rel}","templated":true}]}}