{"id":10906,"date":"2025-09-03T03:43:30","date_gmt":"2025-09-03T03:43:30","guid":{"rendered":"https:\/\/mrcartools.com\/?post_type=product&#038;p=10906"},"modified":"2025-09-04T10:35:19","modified_gmt":"2025-09-04T10:35:19","slug":"engine-timing-tool-kit-for-vw-audi-seat-skoda-1-5t","status":"publish","type":"product","link":"https:\/\/mrcartools.com\/lt\/produktas\/engine-timing-tool-kit-for-vw-audi-seat-skoda-1-5t\/","title":{"rendered":"VW Audi Seat Skoda 1.5T variklio paskirstymo \u012franki\u0173 rinkinys"},"content":{"rendered":"<section class=\"section\" id=\"section_770392012\">\n\t\t<div class=\"section-bg fill\" >\n\t\t\t\t\t\t\t\t\t\n\t\t\t\n\n\t\t<\/div>\n\n\t\t\n\n\t\t<div class=\"section-content relative\">\n\t\t\t\n<div class=\"row\"  id=\"row-1990525739\">\n<p hidden=\"\">Au\u0161inimo skys\u010dio vakuuminio papildymo rinkinys<\/p>\n\n\t<div id=\"col-1985840649\" class=\"col small-12 large-12\"  >\n\t\t\t\t<div class=\"col-inner\"  >\n\t\t\t\n\t\t\t\n<div class=\"_segment_11wth_1\">\n<div class=\"_content_zpgxp_1\">\n<h3>Tai profesionalus variklio laiko nustatymo \u012franki\u0173 rinkinys, specialiai sukurtas VW \/ Audi \/ Seat \/ Skoda \/ Cupra 1.5 TSI benzininiams varikliams (EA211 EVO serija). Rinkin\u012f sudaro skaitmeninis inklinometras, laiko nustatymo kai\u0161\u010diai, adapteriai ir \u012ftempiklio skriemulio reguliavimo \u012frankis, leid\u017eiantis tiksliai kalibruoti skirstymo veleno ir alk\u016bninio veleno pad\u0117tis, kad b\u016bt\u0173 u\u017etikrintas optimalus variklio veikimas ir ilgaam\u017ei\u0161kumas.<\/h3>\n<h3>Pastaba: siekiant i\u0161vengti muitin\u0117s proced\u016br\u0173, \u012f siunt\u0105 ne\u012feina akumuliatorius.<\/h3>\n<\/div>\n<\/div>\n<div class=\"detailmodule_image\">\n<div class=\"row\"  id=\"row-1373878364\">\n\t<div id=\"col-690960102\" class=\"col small-12 large-12\"  >\n\t\t\t\t<div class=\"col-inner\"  >\n\t\t\t\n\t\t\t\n\n\t<a class=\"plain\" href=\"https:\/\/api.whatsapp.com\/send\/?phone=%2B8618923768146&#038;text=onlinesupport\" target=\"_blank\" rel=\"noopener\" >\t<div class=\"icon-box featured-box icon-box-center text-center\"  >\n\t\t\t\t\t<div class=\"icon-box-img\" style=\"width: 54px\">\n\t\t\t\t<div class=\"icon\">\n\t\t\t\t\t<div class=\"icon-inner\" >\n\t\t\t\t\t\t<img decoding=\"async\" width=\"128\" height=\"128\" src=\"https:\/\/mrcartools.com\/wp-content\/uploads\/2022\/03\/\u5bfb\u627e\u641c\u7d22_333333_128_21559135.png\" class=\"attachment-medium size-medium wvs-archive-product-image\" alt=\"\" srcset=\"\/\/mrcartools.com\/wp-content\/uploads\/2022\/03\/\u5bfb\u627e\u641c\u7d22_333333_128_21559135.png 128w, \/\/mrcartools.com\/wp-content\/uploads\/2022\/03\/\u5bfb\u627e\u641c\u7d22_333333_128_21559135-100x100.png 100w, \/\/mrcartools.com\/wp-content\/uploads\/2022\/03\/\u5bfb\u627e\u641c\u7d22_333333_128_21559135-50x50.png 50w\" sizes=\"(max-width: 128px) 100vw, 128px\" \/>\t\t\t\t\t<\/div>\n\t\t\t\t<\/div>\n\t\t\t<\/div>\n\t\t\t\t<div class=\"icon-box-text last-reset\">\n\t\t\t\t\t\t\t\t\t\n\t<div id=\"text-354151682\" class=\"text\">\n\t\t\n<h3><a href=\"https:\/\/api.whatsapp.com\/send\/?phone=%2B8618923768146&amp;text=onlinesupport\"><em><strong>Pagalbos centras<\/strong><\/em><\/a><\/h3>\n\t\t\n<style>\n#text-354151682 {\n  font-size: 0.9rem;\n}\n<\/style>\n\t<\/div>\n\t\n\t\t<\/div>\n\t<\/div>\n\t<\/a>\n\t\n\t\t<\/div>\n\t\t\t\t\t<\/div>\n\n\t\n<\/div>\n<div class=\"accordion\">\n\t<div id=\"accordion-3740954685\" class=\"accordion-item\">\n\t\t<a id=\"accordion-3740954685-label\" class=\"accordion-title plain active\" href=\"#accordion-item-\ud83d\udcddwarm-tips\" aria-expanded=\"true\" aria-controls=\"accordion-3740954685-content\">\n\t\t\t<button class=\"toggle\" aria-label=\"Toggle\"><i class=\"icon-angle-down\" aria-hidden=\"true\"><\/i><\/button>\n\t\t\t<span>\ud83d\udcdd\u0160ilti patarimai<\/span>\n\t\t<\/a>\n\t\t<div id=\"accordion-3740954685-content\" class=\"accordion-inner\" style=\"display: block;\" aria-labelledby=\"accordion-3740954685-label\">\n\t\t\t\n<ul>\n<li>Kad i\u0161vengtum\u0117te nesuderinamumo problem\u0173, \u012fsitikinkite, kad \u012frankis tinka j\u016bs\u0173 variklio modeliui.<\/li>\n<li>Pasir\u016bpinkite, kad variklio skyrius b\u016bt\u0173 \u0161varus, kad \u012f j\u012f nepatekt\u0173 dulki\u0173.<\/li>\n<li>Prie\u0161 prad\u0117dami darb\u0105 atjunkite neigiam\u0105 akumuliatoriaus gnybt\u0105, kad i\u0161vengtum\u0117te atsitiktinio u\u017evedimo.<\/li>\n<li>Kad i\u0161vengtum\u0117te praleidimo ar klaidos, i\u0161montuokite palaipsniui pagal instrukcij\u0105.<\/li>\n<\/ul>\n\t\t<\/div>\n\t<\/div>\n\t\n<\/div>\n\t\t<\/div>\n\t\t\t\t\t<\/div>\n\n\t\n<\/div>\n\t\t<\/div>\n\n\t\t\n<style>\n#section_770392012 {\n  padding-top: 0px;\n  padding-bottom: 0px;\n}\n<\/style>\n\t<\/section>\n\t\n<h3 style=\"text-align: center;\"><b>MRCARTOOL VW Audi Seat Skoda Timing Tool Kit Features<\/b><\/h3>\n<div class=\"accordion\">\n\t<div id=\"accordion-1761123800\" class=\"accordion-item\">\n\t\t<a id=\"accordion-1761123800-label\" class=\"accordion-title plain active\" href=\"#accordion-item-features\" aria-expanded=\"true\" aria-controls=\"accordion-1761123800-content\">\n\t\t\t<button class=\"toggle\" aria-label=\"Toggle\"><i class=\"icon-angle-down\" aria-hidden=\"true\"><\/i><\/button>\n\t\t\t<span>Funkcijos<\/span>\n\t\t<\/a>\n\t\t<div id=\"accordion-1761123800-content\" class=\"accordion-inner\" style=\"display: block;\" aria-labelledby=\"accordion-1761123800-label\">\n\t\t\t\n<ul>\n<li><strong>Skirta VW\/Audi\/Seat\/Skoda\/Cupra 1.5 TSI (EA211 EVO) varikliams:<\/strong> Tinka modeliams nuo 2017 m., suderinama su keliais variklio kodais (DACA, DACB, DADA, DFYA, DHFA, DPBA, DPCA, DPBE ir kt.).<\/li>\n<li><strong>Tikslus laiko kalibravimas:<\/strong> Skaitmeninis inklinometras ir tiksl\u016bs adapteriai u\u017etikrina, kad skirstymo veleno ir alk\u016bninio veleno kampai visi\u0161kai atitikt\u0173 gamintojo specifikacijas.<\/li>\n<li><strong>Patvari med\u017eiaga:<\/strong> Pagamintas i\u0161 labai tvirtos med\u017eiagos, patvarus ir tinkamas naudoti profesionaliose remonto dirbtuv\u0117se arba asmeniniam naudojimui.<\/li>\n<li><strong>Stiprus suderinamumas:<\/strong> Tenkinti \u012fvairi\u0173 modeli\u0173 varikli\u0173 remonto poreikius.<\/li>\n<li><strong>Garantija:<\/strong> MRCARTOOL suteikia 24 m\u0117nesi\u0173 garantij\u0105 ir 7\u00d724 valand\u0173 draugi\u0161k\u0105 klient\u0173 aptarnavim\u0105, kad u\u017etikrint\u0173 j\u016bs\u0173 apsipirkimo patirt\u012f.<\/li>\n<\/ul>\n<h3><strong>Varikli\u0173 tipai ir metai<\/strong><\/h3>\n<div><a href=\"https:\/\/mrcartools.com\/wp-content\/uploads\/2025\/09\/87e6080c-7b33-4e6e-8c1b-ed24f2688baa.png\"><img fetchpriority=\"high\" decoding=\"async\" class=\"alignnone size-full wp-image-10927\" src=\"https:\/\/mrcartools.com\/wp-content\/uploads\/2025\/09\/87e6080c-7b33-4e6e-8c1b-ed24f2688baa.png\" alt=\"\" width=\"827\" height=\"606\" srcset=\"\/\/mrcartools.com\/wp-content\/uploads\/2025\/09\/87e6080c-7b33-4e6e-8c1b-ed24f2688baa.png 827w, \/\/mrcartools.com\/wp-content\/uploads\/2025\/09\/87e6080c-7b33-4e6e-8c1b-ed24f2688baa-150x110.png 150w, \/\/mrcartools.com\/wp-content\/uploads\/2025\/09\/87e6080c-7b33-4e6e-8c1b-ed24f2688baa-768x563.png 768w, \/\/mrcartools.com\/wp-content\/uploads\/2025\/09\/87e6080c-7b33-4e6e-8c1b-ed24f2688baa-510x374.png 510w\" sizes=\"(max-width: 827px) 100vw, 827px\" \/><\/a><\/div>\n<div>\n<a href=\"https:\/\/api.whatsapp.com\/send\/?phone=%2B8618923768146&#038;text=onlinesupport\" target=\"_blank\" class=\"button primary is-outline is-smaller\" rel=\"noopener\" style=\"border-radius:30px;\">\n\t\t<span>Pagalba internetu<\/span>\n\t<\/a>\n\n\t\t<\/div>\n\t<\/div>\n\t\n<\/div>\n\n\t<section class=\"section\" id=\"section_496590696\">\n\t\t<div class=\"section-bg fill\" >\n\t\t\t\t\t\t\t\t\t\n\t\t\t\n\n\t\t<\/div>\n\n\t\t\n\n\t\t<div class=\"section-content relative\">\n\t\t\t\n<div class=\"row\"  id=\"row-880087505\">\n<\/div>\n<div class=\"row\"  id=\"row-1354555286\">\n\n\t<div id=\"col-142248723\" class=\"col small-12 large-12\"  >\n\t\t\t\t<div class=\"col-inner\"  >\n\t\t\t\n\t\t\t\n<\/div>\n<h3><strong>Pakavimo s\u0105ra\u0161as:<\/strong><\/h3>\n\t<div class=\"img has-hover x md-x lg-x y md-y lg-y\" id=\"image_1273753318\">\n\t\t\t\t\t\t\t\t<div class=\"img-inner dark\" >\n\t\t\t<img decoding=\"async\" src=\"https:\/\/mrcartools.com\/wp-content\/uploads\/2025\/09\/\u6b63\u65f6\u5de5\u5177.jpg\" alt=\"\"\/>\t\t\t\t\t\t\n\t\t\t\t\t<\/div>\n\t\t\t\t\t\t\t\t\n<style>\n#image_1273753318 {\n  width: 100%;\n}\n<\/style>\n\t<\/div>\n\t\n\t\t<\/div>\n\t\t\t\t\t<\/div>\n\n\t\n<\/div>\n\t\t<\/div>\n\n\t\t\n<style>\n#section_496590696 {\n  padding-top: 30px;\n  padding-bottom: 30px;\n}\n<\/style>\n\t<\/section>\n\t\n<\/div>\n<p>&nbsp;<\/p>","protected":false},"excerpt":{"rendered":"<ul>\n<li><strong>Tikslus laiko kalibravimas:<\/strong> \u012erengtas skaitmeninis inklinometras ir tiksl\u016bs adapteriai, u\u017etikrinantys, kad skirstymo veleno ir alk\u016bninio veleno kampai atitikt\u0173 gamyklines specifikacijas.<\/li>\n<li><strong>Konkre\u010diai transporto priemonei pritaikytas dizainas:<\/strong> Pritaikyta VW\/Audi\/Seat\/Skoda\/Cupra 1.5 TSI (EA211 EVO) varikliams, suderinama su 2017+ modeliais ir keliais variklio kodais (DACA, DACB, DADA, DFYA, DHFA, DPBA, DPCA, DPBE).<\/li>\n<\/ul>","protected":false},"featured_media":10911,"template":"","meta":[],"product_brand":[686],"product_cat":[137],"product_tag":[],"class_list":{"0":"post-10906","1":"product","2":"type-product","3":"status-publish","4":"has-post-thumbnail","6":"product_brand-mrcartool","7":"product_cat-timing-tool","8":"product_shipping_class-weight","9":"pa_ship-from-china","10":"pa_ship-from-germany","11":"pa_ship-from-united-kingdom","12":"pa_ship-from-united-states","14":"first","15":"instock","16":"shipping-taxable","17":"product-type-variable","18":"wvs-archive-product-wrapper"},"yoast_head":"<!-- This site is optimized with the Yoast SEO Premium plugin v24.4 (Yoast SEO v24.4) - https:\/\/yoast.com\/wordpress\/plugins\/seo\/ -->\n<title>Engine Timing Tool Kit for VW Audi Seat Skoda 1.5T - Mrcartool<\/title>\n<meta name=\"description\" content=\"Timing Tool VW Audi Seat Cupra Skoda 1.5 TSI Petrol DACA DACB DADA DFYA 611007 T10340 T10499A\" \/>\n<meta name=\"robots\" content=\"index, follow, max-snippet:-1, max-image-preview:large, max-video-preview:-1\" \/>\n<link rel=\"canonical\" href=\"https:\/\/mrcartools.com\/lt\/produktas\/engine-timing-tool-kit-for-vw-audi-seat-skoda-1-5t\/\" \/>\n<meta property=\"og:locale\" content=\"lt_LT\" \/>\n<meta property=\"og:type\" content=\"article\" \/>\n<meta property=\"og:title\" content=\"Engine Timing Tool Kit for VW Audi Seat Skoda 1.5T\" \/>\n<meta property=\"og:description\" content=\"Timing Tool VW Audi Seat Cupra Skoda 1.5 TSI Petrol DACA DACB DADA DFYA 611007 T10340 T10499A\" \/>\n<meta property=\"og:url\" content=\"https:\/\/mrcartools.com\/lt\/produktas\/engine-timing-tool-kit-for-vw-audi-seat-skoda-1-5t\/\" \/>\n<meta property=\"og:site_name\" content=\"Mrcartool\" \/>\n<meta property=\"article:modified_time\" content=\"2025-09-04T10:35:19+00:00\" \/>\n<meta property=\"og:image\" content=\"https:\/\/mrcartools.com\/wp-content\/uploads\/2025\/09\/\u6b63\u65f6\u5de5\u5177.jpg\" \/>\n\t<meta property=\"og:image:width\" content=\"800\" \/>\n\t<meta property=\"og:image:height\" content=\"800\" \/>\n\t<meta property=\"og:image:type\" content=\"image\/jpeg\" \/>\n<meta name=\"twitter:card\" content=\"summary_large_image\" \/>\n<meta name=\"twitter:label1\" content=\"Est. reading time\" \/>\n\t<meta name=\"twitter:data1\" content=\"2 minut\u0117s\" \/>\n<script type=\"application\/ld+json\" class=\"yoast-schema-graph\">{\"@context\":\"https:\/\/schema.org\",\"@graph\":[{\"@type\":\"WebPage\",\"@id\":\"https:\/\/mrcartools.com\/product\/engine-timing-tool-kit-for-vw-audi-seat-skoda-1-5t\/\",\"url\":\"https:\/\/mrcartools.com\/product\/engine-timing-tool-kit-for-vw-audi-seat-skoda-1-5t\/\",\"name\":\"Engine Timing Tool Kit for VW Audi Seat Skoda 1.5T - Mrcartool\",\"isPartOf\":{\"@id\":\"https:\/\/mrcartools.com\/#website\"},\"primaryImageOfPage\":{\"@id\":\"https:\/\/mrcartools.com\/product\/engine-timing-tool-kit-for-vw-audi-seat-skoda-1-5t\/#primaryimage\"},\"image\":{\"@id\":\"https:\/\/mrcartools.com\/product\/engine-timing-tool-kit-for-vw-audi-seat-skoda-1-5t\/#primaryimage\"},\"thumbnailUrl\":\"https:\/\/mrcartools.com\/wp-content\/uploads\/2025\/09\/\u6b63\u65f6\u5de5\u5177.jpg\",\"datePublished\":\"2025-09-03T03:43:30+00:00\",\"dateModified\":\"2025-09-04T10:35:19+00:00\",\"description\":\"Timing Tool VW Audi Seat Cupra Skoda 1.5 TSI Petrol DACA DACB DADA DFYA 611007 T10340 T10499A\",\"breadcrumb\":{\"@id\":\"https:\/\/mrcartools.com\/product\/engine-timing-tool-kit-for-vw-audi-seat-skoda-1-5t\/#breadcrumb\"},\"inLanguage\":\"lt-LT\",\"potentialAction\":[{\"@type\":\"ReadAction\",\"target\":[\"https:\/\/mrcartools.com\/product\/engine-timing-tool-kit-for-vw-audi-seat-skoda-1-5t\/\"]}]},{\"@type\":\"ImageObject\",\"inLanguage\":\"lt-LT\",\"@id\":\"https:\/\/mrcartools.com\/product\/engine-timing-tool-kit-for-vw-audi-seat-skoda-1-5t\/#primaryimage\",\"url\":\"https:\/\/mrcartools.com\/wp-content\/uploads\/2025\/09\/\u6b63\u65f6\u5de5\u5177.jpg\",\"contentUrl\":\"https:\/\/mrcartools.com\/wp-content\/uploads\/2025\/09\/\u6b63\u65f6\u5de5\u5177.jpg\",\"width\":800,\"height\":800},{\"@type\":\"BreadcrumbList\",\"@id\":\"https:\/\/mrcartools.com\/product\/engine-timing-tool-kit-for-vw-audi-seat-skoda-1-5t\/#breadcrumb\",\"itemListElement\":[{\"@type\":\"ListItem\",\"position\":1,\"name\":\"Home\",\"item\":\"https:\/\/mrcartools.com\/\"},{\"@type\":\"ListItem\",\"position\":2,\"name\":\"Shop\",\"item\":\"https:\/\/mrcartools.com\/shop-2\/\"},{\"@type\":\"ListItem\",\"position\":3,\"name\":\"Engine Timing Tool Kit for VW Audi Seat Skoda 1.5T\"}]},{\"@type\":\"WebSite\",\"@id\":\"https:\/\/mrcartools.com\/#website\",\"url\":\"https:\/\/mrcartools.com\/\",\"name\":\"MRCARTOOL\",\"description\":\"MRCARTOOL Official Website\",\"publisher\":{\"@id\":\"https:\/\/mrcartools.com\/#organization\"},\"potentialAction\":[{\"@type\":\"SearchAction\",\"target\":{\"@type\":\"EntryPoint\",\"urlTemplate\":\"https:\/\/mrcartools.com\/?s={search_term_string}\"},\"query-input\":{\"@type\":\"PropertyValueSpecification\",\"valueRequired\":true,\"valueName\":\"search_term_string\"}}],\"inLanguage\":\"lt-LT\"},{\"@type\":\"Organization\",\"@id\":\"https:\/\/mrcartools.com\/#organization\",\"name\":\"MRCARTOOL\",\"url\":\"https:\/\/mrcartools.com\/\",\"logo\":{\"@type\":\"ImageObject\",\"inLanguage\":\"lt-LT\",\"@id\":\"https:\/\/mrcartools.com\/#\/schema\/logo\/image\/\",\"url\":\"https:\/\/mrcartools.com\/wp-content\/uploads\/2023\/07\/\u4e0a\u4f73\u6c7d\u8f66\u5de5\u5177-LOGO-2.png\",\"contentUrl\":\"https:\/\/mrcartools.com\/wp-content\/uploads\/2023\/07\/\u4e0a\u4f73\u6c7d\u8f66\u5de5\u5177-LOGO-2.png\",\"width\":1800,\"height\":402,\"caption\":\"MRCARTOOL\"},\"image\":{\"@id\":\"https:\/\/mrcartools.com\/#\/schema\/logo\/image\/\"}}]}<\/script>\n<!-- \/ Yoast SEO Premium plugin. -->","yoast_head_json":{"title":"Engine Timing Tool Kit for VW Audi Seat Skoda 1.5T - Mrcartool","description":"Timing Tool VW Audi Seat Cupra Skoda 1.5 TSI Petrol DACA DACB DADA DFYA 611007 T10340 T10499A","robots":{"index":"index","follow":"follow","max-snippet":"max-snippet:-1","max-image-preview":"max-image-preview:large","max-video-preview":"max-video-preview:-1"},"canonical":"https:\/\/mrcartools.com\/lt\/produktas\/engine-timing-tool-kit-for-vw-audi-seat-skoda-1-5t\/","og_locale":"lt_LT","og_type":"article","og_title":"Engine Timing Tool Kit for VW Audi Seat Skoda 1.5T","og_description":"Timing Tool VW Audi Seat Cupra Skoda 1.5 TSI Petrol DACA DACB DADA DFYA 611007 T10340 T10499A","og_url":"https:\/\/mrcartools.com\/lt\/produktas\/engine-timing-tool-kit-for-vw-audi-seat-skoda-1-5t\/","og_site_name":"Mrcartool","article_modified_time":"2025-09-04T10:35:19+00:00","og_image":[{"width":800,"height":800,"url":"https:\/\/mrcartools.com\/wp-content\/uploads\/2025\/09\/\u6b63\u65f6\u5de5\u5177.jpg","type":"image\/jpeg"}],"twitter_card":"summary_large_image","twitter_misc":{"Est. reading time":"2 minut\u0117s"},"schema":{"@context":"https:\/\/schema.org","@graph":[{"@type":"WebPage","@id":"https:\/\/mrcartools.com\/product\/engine-timing-tool-kit-for-vw-audi-seat-skoda-1-5t\/","url":"https:\/\/mrcartools.com\/product\/engine-timing-tool-kit-for-vw-audi-seat-skoda-1-5t\/","name":"Engine Timing Tool Kit for VW Audi Seat Skoda 1.5T - Mrcartool","isPartOf":{"@id":"https:\/\/mrcartools.com\/#website"},"primaryImageOfPage":{"@id":"https:\/\/mrcartools.com\/product\/engine-timing-tool-kit-for-vw-audi-seat-skoda-1-5t\/#primaryimage"},"image":{"@id":"https:\/\/mrcartools.com\/product\/engine-timing-tool-kit-for-vw-audi-seat-skoda-1-5t\/#primaryimage"},"thumbnailUrl":"https:\/\/mrcartools.com\/wp-content\/uploads\/2025\/09\/\u6b63\u65f6\u5de5\u5177.jpg","datePublished":"2025-09-03T03:43:30+00:00","dateModified":"2025-09-04T10:35:19+00:00","description":"Timing Tool VW Audi Seat Cupra Skoda 1.5 TSI Petrol DACA DACB DADA DFYA 611007 T10340 T10499A","breadcrumb":{"@id":"https:\/\/mrcartools.com\/product\/engine-timing-tool-kit-for-vw-audi-seat-skoda-1-5t\/#breadcrumb"},"inLanguage":"lt-LT","potentialAction":[{"@type":"ReadAction","target":["https:\/\/mrcartools.com\/product\/engine-timing-tool-kit-for-vw-audi-seat-skoda-1-5t\/"]}]},{"@type":"ImageObject","inLanguage":"lt-LT","@id":"https:\/\/mrcartools.com\/product\/engine-timing-tool-kit-for-vw-audi-seat-skoda-1-5t\/#primaryimage","url":"https:\/\/mrcartools.com\/wp-content\/uploads\/2025\/09\/\u6b63\u65f6\u5de5\u5177.jpg","contentUrl":"https:\/\/mrcartools.com\/wp-content\/uploads\/2025\/09\/\u6b63\u65f6\u5de5\u5177.jpg","width":800,"height":800},{"@type":"BreadcrumbList","@id":"https:\/\/mrcartools.com\/product\/engine-timing-tool-kit-for-vw-audi-seat-skoda-1-5t\/#breadcrumb","itemListElement":[{"@type":"ListItem","position":1,"name":"Home","item":"https:\/\/mrcartools.com\/"},{"@type":"ListItem","position":2,"name":"Shop","item":"https:\/\/mrcartools.com\/shop-2\/"},{"@type":"ListItem","position":3,"name":"Engine Timing Tool Kit for VW Audi Seat Skoda 1.5T"}]},{"@type":"WebSite","@id":"https:\/\/mrcartools.com\/#website","url":"https:\/\/mrcartools.com\/","name":"MRCARTOOL","description":"Oficiali svetain\u0117 MRCARTOOL","publisher":{"@id":"https:\/\/mrcartools.com\/#organization"},"potentialAction":[{"@type":"SearchAction","target":{"@type":"EntryPoint","urlTemplate":"https:\/\/mrcartools.com\/?s={search_term_string}"},"query-input":{"@type":"PropertyValueSpecification","valueRequired":true,"valueName":"search_term_string"}}],"inLanguage":"lt-LT"},{"@type":"Organization","@id":"https:\/\/mrcartools.com\/#organization","name":"MRCARTOOL","url":"https:\/\/mrcartools.com\/","logo":{"@type":"ImageObject","inLanguage":"lt-LT","@id":"https:\/\/mrcartools.com\/#\/schema\/logo\/image\/","url":"https:\/\/mrcartools.com\/wp-content\/uploads\/2023\/07\/\u4e0a\u4f73\u6c7d\u8f66\u5de5\u5177-LOGO-2.png","contentUrl":"https:\/\/mrcartools.com\/wp-content\/uploads\/2023\/07\/\u4e0a\u4f73\u6c7d\u8f66\u5de5\u5177-LOGO-2.png","width":1800,"height":402,"caption":"MRCARTOOL"},"image":{"@id":"https:\/\/mrcartools.com\/#\/schema\/logo\/image\/"}}]}},"_links":{"self":[{"href":"https:\/\/mrcartools.com\/lt\/wp-json\/wp\/v2\/product\/10906","targetHints":{"allow":["GET"]}}],"collection":[{"href":"https:\/\/mrcartools.com\/lt\/wp-json\/wp\/v2\/product"}],"about":[{"href":"https:\/\/mrcartools.com\/lt\/wp-json\/wp\/v2\/types\/product"}],"version-history":[{"count":0,"href":"https:\/\/mrcartools.com\/lt\/wp-json\/wp\/v2\/product\/10906\/revisions"}],"wp:featuredmedia":[{"embeddable":true,"href":"https:\/\/mrcartools.com\/lt\/wp-json\/wp\/v2\/media\/10911"}],"wp:attachment":[{"href":"https:\/\/mrcartools.com\/lt\/wp-json\/wp\/v2\/media?parent=10906"}],"wp:term":[{"taxonomy":"product_brand","embeddable":true,"href":"https:\/\/mrcartools.com\/lt\/wp-json\/wp\/v2\/product_brand?post=10906"},{"taxonomy":"product_cat","embeddable":true,"href":"https:\/\/mrcartools.com\/lt\/wp-json\/wp\/v2\/product_cat?post=10906"},{"taxonomy":"product_tag","embeddable":true,"href":"https:\/\/mrcartools.com\/lt\/wp-json\/wp\/v2\/product_tag?post=10906"}],"curies":[{"name":"wp","href":"https:\/\/api.w.org\/{rel}","templated":true}]}}