{"id":1447,"date":"2022-03-17T08:44:47","date_gmt":"2022-03-17T08:44:47","guid":{"rendered":"https:\/\/mrcartools.com\/?post_type=product&#038;p=1447"},"modified":"2025-09-15T01:13:32","modified_gmt":"2025-09-15T01:13:32","slug":"mr-cartool-s310-ev-home-charger-wallbox-32a-7kw-level-2-charging-pile-wall-mount-for-ev","status":"publish","type":"product","link":"https:\/\/mrcartools.com\/lt\/produktas\/mr-cartool-s310-ev-home-charger-wallbox-32a-7kw-level-2-charging-pile-wall-mount-for-ev\/","title":{"rendered":"MRCARTOOL S310 EV nam\u0173 \u012fkroviklis Wallbox 32A 7KW 2 lygio \u012fkrovimo kr\u016bva Sieninis laikiklis EV"},"content":{"rendered":"<div class=\"detailmodule_text\">\n<h3 class=\"detail-desc-decorate-content\"><strong>\"MRCARTOOL S310 EV Home Charger\" yra j\u016bs\u0173 patikimas partneris greitai \u012fkraunant elektromobilius. Su \u012fmontuota apsauga nuo vir\u0161\u012ftampi\u0173 ir nuot\u0117kio srov\u0117s, jis gali b\u016bti \u012frengtas kaip atskiras \u012frenginys, kad u\u017etikrint\u0173 j\u016bs\u0173 saugum\u0105. J\u012f galite \u012frengti gara\u017ee arba bet kurioje nam\u0173 vietoje.<\/strong><\/h3>\n<p class=\"detail-desc-decorate-content\"><span style=\"color: #ed1c24;\"><strong>Gaminys yra dviej\u0173 versij\u0173, pritaikyt\u0173 JAV ir Europos standartams.Prie\u0161 pirkdami pasirinkite tinkam\u0105 \u012fkrovikl\u012f pagal savo automobilio model\u012f.<\/strong><\/span><\/p>\n<h3><strong><a href=\"https:\/\/mrcartools.com\/wp-content\/uploads\/2022\/03\/S310-MANUAL-\u591a\u8bed\u8a00-\u7248\u672c20240516.pdf\"><span style=\"color: #ed1c24;\">MRCARTOOL S310 User Home Charger Vadovas Atsisi\u0173sti&gt;&gt;<\/span><\/a><\/strong><\/h3>\n<\/div>\n<h3 class=\"detailmodule_image\"><\/h3>\n<div class=\"wp-playlist wp-video-playlist wp-playlist-light\">\n\t\t<video controls=\"controls\" preload=\"none\" width=\"998\"\n\t\t height=\"561\"\t><\/video>\n\t<div class=\"wp-playlist-next\"><\/div>\n\t<div class=\"wp-playlist-prev\"><\/div>\n\t<noscript>\n\t<ol>\n\t\t<li><a href='https:\/\/mrcartools.com\/wp-content\/uploads\/2022\/03\/S310.mp4'>S310<\/a><\/li><li><a href='https:\/\/mrcartools.com\/wp-content\/uploads\/2025\/08\/Mrcartool-N180-Industrial-endoscopes.mp4'>Mrcartool N180 Pramoniniai endoskopai<\/a><\/li>\t<\/ol>\n\t<\/noscript>\n\t<script type=\"application\/json\" class=\"wp-playlist-script\">{\"type\":\"video\",\"tracklist\":true,\"tracknumbers\":true,\"images\":true,\"artists\":true,\"tracks\":[{\"src\":\"https:\/\/mrcartools.com\/wp-content\/uploads\/2022\/03\/S310.mp4\",\"type\":\"video\/mp4\",\"title\":\"S310\",\"caption\":\"\",\"description\":\"\",\"meta\":{\"length_formatted\":\"0:46\"},\"dimensions\":{\"original\":{\"width\":1920,\"height\":1080},\"resized\":{\"width\":998,\"height\":561}},\"image\":{\"src\":\"https:\/\/mrcartools.com\/wp-includes\/images\/media\/video.svg\",\"width\":48,\"height\":64},\"thumb\":{\"src\":\"https:\/\/mrcartools.com\/wp-includes\/images\/media\/video.svg\",\"width\":48,\"height\":64}},{\"src\":\"https:\/\/mrcartools.com\/wp-content\/uploads\/2025\/08\/Mrcartool-N180-Industrial-endoscopes.mp4\",\"type\":\"video\/mp4\",\"title\":\"Mrcartool N180 Industrial endoscopes\",\"caption\":\"\",\"description\":\"\",\"meta\":{\"length_formatted\":\"1:22\"},\"dimensions\":{\"original\":{\"width\":1920,\"height\":1080},\"resized\":{\"width\":998,\"height\":561}},\"image\":{\"src\":\"https:\/\/mrcartools.com\/wp-includes\/images\/media\/video.svg\",\"width\":48,\"height\":64},\"thumb\":{\"src\":\"https:\/\/mrcartools.com\/wp-includes\/images\/media\/video.svg\",\"width\":48,\"height\":64}}]}<\/script>\n<\/div>\n\t\n<h3 class=\"detailmodule_image\"><img fetchpriority=\"high\" decoding=\"async\" class=\"alignnone size-full wp-image-9157\" src=\"https:\/\/mrcartools.com\/wp-content\/uploads\/2024\/05\/4989dfb1f8e13314b584680d13204c90.png\" alt=\"\" width=\"1388\" height=\"1042\" srcset=\"\/\/mrcartools.com\/wp-content\/uploads\/2024\/05\/4989dfb1f8e13314b584680d13204c90.png 1388w, \/\/mrcartools.com\/wp-content\/uploads\/2024\/05\/4989dfb1f8e13314b584680d13204c90-150x113.png 150w, \/\/mrcartools.com\/wp-content\/uploads\/2024\/05\/4989dfb1f8e13314b584680d13204c90-768x577.png 768w, \/\/mrcartools.com\/wp-content\/uploads\/2024\/05\/4989dfb1f8e13314b584680d13204c90-510x383.png 510w\" sizes=\"(max-width: 1388px) 100vw, 1388px\" \/><\/h3>\n<h3><strong>EV \u012fkrovikli\u0173 serija Greita paie\u0161ka<\/strong><\/h3>\n<ul>\n<li><a href=\"https:\/\/mrcartools.com\/lt\/produktas\/mrcartool-s300-portable-ev-charger-electric-vehicle-charging-adapter-for-electric-car-with-5m-cable\/\">MRCARTOOL S300 ne\u0161iojamasis elektromobili\u0173 \u012fkroviklis<\/a><\/li>\n<li><a href=\"https:\/\/mrcartools.com\/lt\/produktas\/mr-cartool-s310-ev-home-charger-wallbox-32a-7kw-level-2-charging-pile-wall-mount-for-ev\/\">MRCARTOOL S310 elektrinio automobilio \u012fkroviklio sienin\u0117 jungtis 4,5 m (15 p\u0117d\u0173)<\/a><\/li>\n<li><a href=\"https:\/\/mrcartools.com\/lt\/produktas\/mr-cartool-s310-electric-car-charger\/\">MRCARTOOL S310 elektrinio automobilio \u012fkroviklio sienin\u0117 jungtis 8.5m (28FT) <\/a><\/li>\n<li><a href=\"https:\/\/mrcartools.com\/lt\/produktas\/mrcartool-s311-electric-vehicle-charger-ev-charging-station-wall-connector\/\">MRCARTOOL S311 Elektromobili\u0173 \u012fkroviklio sienin\u0117 jungtis<\/a><\/li>\n<\/ul>\n<h3 style=\"font-size: 22px;\"><strong>Produkto savyb\u0117s:<\/strong><\/h3>\n<p class=\"detail-desc-decorate-content\">S310 EV nam\u0173 \u012fkroviklis naudoja standartin\u012f SAE_J1772 ir IEC_61851-1 \u012fkrovimo protokol\u0105, tod\u0117l jis veikia su visais elektromobiliais.<br \/>\nJo 32A 2 lygio EV \u012fkroviklis gali \u012fkrauti automobil\u012f iki 2 kart\u0173 grei\u010diau nei 16A 2 lygio EV \u012fkroviklis. Jis \u012fkrauna 4 kartus grei\u010diau nei 16A 1 lygio EV \u012fkroviklis, su kuriuo komplektuojama dauguma elektromobili\u0173. \u012eprastai visi\u0161kai \u012fkrauti u\u017etrunka 7-12 valand\u0173. (Faktin\u0117 darbin\u0117 srov\u0117 priklauso nuo j\u016bs\u0173 transporto priemon\u0117s nustatym\u0173).<\/p>\n<div class=\"detailmodule_text\">\n<h3 style=\"font-size: 22px;\"><strong>Kaip \u012fdiegti S310 EV nam\u0173 \u012fkrovikl\u012f:<\/strong><\/h3>\n<p class=\"detail-desc-decorate-content\">1. Pagal sienoje montuojamos plok\u0161t\u0117s dyd\u012f i\u0161d\u0117stykite skyles, tada i\u0161mu\u0161kite 4-\u03c66*35 mm skyles ir \u012fstatykite i\u0161pl\u0117timo vamzdelius.<br \/>\n2. U\u017esukite 4-M4*32 savisriegius var\u017etus \u012f i\u0161sipl\u0117timo vamzdel\u012f ir pritvirtinkite sienin\u0119 plok\u0161t\u0119 prie sienos.<br \/>\n3. Atidarykite vir\u0161utin\u012f \u012fkrovimo kr\u016bvos dangtel\u012f, pakabinkite kr\u016bv\u0105 ant sienin\u0117s plok\u0161t\u0117s ir u\u017efiksuokite var\u017etus, esan\u010dius kr\u016bvos apa\u010dioje.<br \/>\nkr\u016bva.<br \/>\n4. 3*6 mm ilgio maitinimo kabel\u012f praveskite pro atitinkam\u0105 vandeniui atspari\u0105 galvut\u0119 ir prijunkite prie atitinkamo \u012fvesties gnybto.<br \/>\nU\u017ever\u017ekite vir\u0161utinio dangtelio var\u017etus.<\/p>\n<\/div>\n<div class=\"detailmodule_text\">\n<h2 style=\"font-size: 22px;\"><strong>S310 EV nam\u0173 \u012fkroviklio veikimas:<\/strong><\/h2>\n<p class=\"detail-desc-decorate-content\">1. \u012estatykite elektromobilio \u012fkrovimo stotel\u0119 (prijunkite \u012fkrovimo ki\u0161tuk\u0105)<br \/>\n2. Prad\u0117kite \u012fkrauti:<br \/>\n1 b\u016bdas: prijunkite \u012fkrovikl\u012f ir prad\u0117kite \u012fkrovim\u0105;<br \/>\n2 b\u016bdas: nuimkite nurodyt\u0105 \u012fkrovimo kortel\u0119.<br \/>\n\u017dalioji lemput\u0117 mirksi: tai rodo, kad \u012fkrovimas vyksta reguliariai.<br \/>\nDar kart\u0105 perbraukite kortel\u0119, kad baigtum\u0117te \u012fkrovim\u0105.<br \/>\n1 b\u016bdas: i\u0161traukite \u012fkrovikl\u012f iki galo<br \/>\n\u012fkrovim\u0105;<br \/>\n2 b\u016bdas: dar kart\u0105 perbraukite kortel\u0119, kad baigtum\u0117te \u012fkrovim\u0105<br \/>\nPastatykite elektromobili\u0173 \u012fkrovimo stotel\u0119 \u012f jos viet\u0105<\/p>\n<\/div>\n<h3 style=\"font-size: 22px;\"><strong>S310 EV nam\u0173 \u012fkroviklio specifikacijos:<\/strong><\/h3>\n<p class=\"detail-desc-decorate-content\"><strong>Korpuso med\u017eiaga:<\/strong> Cinkuoto plieno korpusas, gr\u016bdinto stiklo plok\u0161t\u0117<br \/>\n<strong>Matmenys:<\/strong> 180 x 80 x 240 mm<br \/>\n<strong>Svoris:<\/strong> &lt;7 kg<br \/>\n<strong>Kabelio ilgis:<\/strong> 4.5m<br \/>\n<strong>Kontrolin\u0117 lemput\u0117:<\/strong> M\u0117lyna, \u017ealia, violetin\u0117 ir raudona<br \/>\n<strong>\u012erengimo b\u016bdai:<\/strong> Sienin\u0117s kolonos montavimas<\/p>\n<h3><span style=\"color: #e14d43;\"><strong>\u012erengimo atsargumo priemon\u0117s<\/strong><\/span><\/h3>\n<p><span style=\"color: #e14d43;\">MRCARTOOL S310 sienin\u0119 jungt\u012f turi montuoti asmenys, apmokyti dirbti su elektros sistemomis.<\/span><\/p>\n<div class=\"detailmodule_text-image\">\n<div><img decoding=\"async\" class=\"detail-desc-decorate-image alignnone\" style=\"color: #555555; font-size: 14.4px;\" src=\"https:\/\/ae01.alicdn.com\/kf\/Hfcea334dae7340da9aea30ccedbb5466n.jpg\" alt=\"safety protection\" width=\"1200\" height=\"1200\" \/><\/div>\n<\/div>\n<div class=\"detailmodule_text-image\">\n<div><img decoding=\"async\" class=\"detail-desc-decorate-image alignnone\" src=\"https:\/\/ae01.alicdn.com\/kf\/H6bcb6be5041242508032ced3b2f7e2efC.jpg\" alt=\"fast charging\" width=\"1200\" height=\"1200\" \/><\/div>\n<\/div>\n<div class=\"detailmodule_text-image\">\n<div><img loading=\"lazy\" decoding=\"async\" class=\"detail-desc-decorate-image alignnone\" src=\"https:\/\/ae01.alicdn.com\/kf\/H7bf117aab1f344f99b885dda7b5768318.jpg\" alt=\"smart swipe charging\" width=\"1200\" height=\"1200\" \/><\/div>\n<\/div>\n<div class=\"detailmodule_text-image\">\n<div><img loading=\"lazy\" decoding=\"async\" class=\"detail-desc-decorate-image alignnone\" src=\"https:\/\/ae01.alicdn.com\/kf\/He9780750a35f415db7d61bc15440290f6.jpg\" alt=\"waterproof\" width=\"1200\" height=\"1200\" \/><\/div>\n<\/div>\n<div class=\"detailmodule_text-image\">\n<div><img loading=\"lazy\" decoding=\"async\" class=\"detail-desc-decorate-image alignnone\" src=\"https:\/\/ae01.alicdn.com\/kf\/H4b3c34423b634e859156882a0e863205m.jpg\" alt=\"two types of chargers\" width=\"1200\" height=\"1200\" \/><\/div>\n<\/div>\n<div class=\"detailmodule_text-image\">\n<div><img loading=\"lazy\" decoding=\"async\" class=\"detail-desc-decorate-image alignnone\" src=\"https:\/\/ae01.alicdn.com\/kf\/H56ddad01162649b5b2b30266652aa4d3b.jpg\" alt=\"led indicator\" width=\"1200\" height=\"1200\" \/><\/div>\n<\/div>\n<div class=\"detailmodule_text-image\">\n<div><img loading=\"lazy\" decoding=\"async\" class=\"detail-desc-decorate-image alignnone\" src=\"https:\/\/ae01.alicdn.com\/kf\/H24598a06778040ddaeca579bbea69d9aF.jpg\" alt=\"suitable for all ev models\" width=\"1200\" height=\"1200\" \/><img loading=\"lazy\" decoding=\"async\" class=\"detail-desc-decorate-image aligncenter\" src=\"https:\/\/ae01.alicdn.com\/kf\/H7f6b93b235d3414f9db4c7bb74bff9cbB.png\" alt=\"ev brands\" width=\"970\" height=\"600\" \/><\/div>\n<\/div>\n<div class=\"detailmodule_text-image\">\n<h2 style=\"font-size: 22px;\">I\u0161sami informacija apie produkt\u0105:<\/h2>\n<div><img loading=\"lazy\" decoding=\"async\" class=\"detail-desc-decorate-image alignnone\" src=\"https:\/\/ae01.alicdn.com\/kf\/H8303644fa6ac45df85d541d4c1150c26y.jpg\" alt=\"s310 ev home charger details\" width=\"1200\" height=\"1200\" \/><span style=\"font-size: 22px;\">Atsargumo priemon\u0117s:<\/span><\/div>\n<\/div>\n<div class=\"detailmodule_text\">\n<p class=\"detail-desc-decorate-content\">1. Pirm\u0105 kart\u0105 montuojant reikia atkreipti d\u0117mes\u012f \u012f maitinimo kabel\u012f pagal IN-L (ugnis), IN-N (nulis) ir PE (\u012f\u017eeminimas) i\u0161 eil\u0117s, o ugnies ir nulio laid\u0173 negalima sukeisti vietomis.<br \/>\n2. PE (\u012f\u017eeminimo laidas) turi b\u016bti patikimai \u012f\u017eemintas.<br \/>\n3. \u012esitikinkite, kad \u012fjungus maitinim\u0105 \u012fjungtas avarinio stabdymo jungiklis.<br \/>\n4. Prie\u0161 \u012fkraudami \u012fsitikinkite, kad EV \u012fkroviklio antgalis yra laisvas.<br \/>\nnuo d\u0117mi\u0173 ir vandens;<br \/>\n5. \u012ekrovimo metu draud\u017eiama \u012fkrovimo kr\u016bvel\u0119 d\u0117ti \u012f automobilio vid\u0173.<\/p>\n<\/div>\n<div class=\"detailmodule_text-image\">\n<h2 style=\"font-size: 22px;\">Pakuo\u010di\u0173 s\u0105ra\u0161as:<\/h2>\n<p class=\"detail-desc-decorate-content\">1 vnt: MRCARTOOL S310 kintamosios srov\u0117s \u012fkrovimo stotel\u0117s (poliai) Pagrindinis blokas<br \/>\n1 vnt: Elektromobili\u0173 \u012fkroviklis<br \/>\n1 vnt: Sienoje montuojama lenta<br \/>\n1 vnt: Kabliukas<br \/>\n1 rinkinys: Sraigtai ir plastikiniai vamzdeliai<br \/>\n1 vnt: Vartotojo vadovas<br \/>\n1 vnt: Pakuot\u0117s d\u0117\u017eut\u0117<\/p>\n<div><\/div>\n<\/div>\n<div class=\"detailmodule_image\"><img loading=\"lazy\" decoding=\"async\" class=\"detail-desc-decorate-image alignnone\" src=\"https:\/\/ae01.alicdn.com\/kf\/H61b09700c5704c298155909f15b6be4cD.jpg\" alt=\"overseas warehouse\" width=\"1200\" height=\"600\" \/><img loading=\"lazy\" decoding=\"async\" class=\"detail-desc-decorate-image alignnone\" src=\"https:\/\/ae01.alicdn.com\/kf\/He0124965341c4589a4edf29083f8ddc6Y.jpg\" alt=\"warranty and service\" width=\"1200\" height=\"600\" \/><img loading=\"lazy\" decoding=\"async\" class=\"detail-desc-decorate-image alignnone\" src=\"https:\/\/ae01.alicdn.com\/kf\/Hd46a0aa34b45463880136122c9027c5bM.jpg\" alt=\"shopping guide\" width=\"1200\" height=\"600\" \/><img decoding=\"async\" src=\"https:\/\/mrcartools.com\/wp-content\/uploads\/2022\/04\/Mrcartool.jpg\" \/><\/div>","protected":false},"excerpt":{"rendered":"<ul>\n<li><strong>Greitas ir patikimas \u012fkrovimas\uff1a<\/strong> u\u017etikrina efektyv\u0173 elektros energijos tiekim\u0105 elektra varomoms transporto priemon\u0117ms.<\/li>\n<li><strong>Patobulintos saugos funkcijos\uff1a<\/strong> \u012fmontuota apsauga nuo vir\u0161\u012ftampi\u0173 ir nuot\u0117kio srov\u0117s.<\/li>\n<li><strong>Lengvas montavimas ir universalus naudojimas\uff1a<\/strong> galima \u012frengti gara\u017ee arba bet kurioje kitoje tinkamoje nam\u0173 vietoje.<\/li>\n<li>Galimi 4,5 m ir 8,5 m ilgio kabeliai, pasirinkite pagal savo poreikius.<\/li>\n<li>\u012e 8,5 m ilgio kabelio versij\u0105 programa ne\u012ftraukta.<a href=\"https:\/\/api.whatsapp.com\/send\/?phone=%2B8618923768146&amp;text=onlinesupport\"><span style=\"color: #d83131;\"><strong>Pagalba internetu&gt;&gt;<\/strong><\/span><\/a><\/li>\n<\/ul>","protected":false},"featured_media":2275,"template":"","meta":[],"product_brand":[],"product_cat":[58],"product_tag":[],"class_list":{"0":"post-1447","1":"product","2":"type-product","3":"status-publish","4":"has-post-thumbnail","6":"product_cat-electric-car-charger-home-charging-station-voltage-adjustable-sections","7":"product_shipping_class-weight","8":"pa_ship-from-china","9":"pa_ship-from-germany","10":"pa_ship-from-united-kingdom","11":"pa_ship-from-united-states","13":"first","14":"instock","15":"shipping-taxable","16":"product-type-variable","17":"has-default-attributes","18":"wvs-archive-product-wrapper"},"yoast_head":"<!-- This site is optimized with the Yoast SEO Premium plugin v24.4 (Yoast SEO v24.4) - https:\/\/yoast.com\/wordpress\/plugins\/seo\/ -->\n<title>MRCARTOOL S310 EV Home Charger 32A 7KW Level 2 Charging Pile<\/title>\n<meta name=\"description\" content=\"Mrcartool S310 EV home charger can be installed in your garage or anywhere in your home. It works well with all electric vehicles.\" \/>\n<meta name=\"robots\" content=\"index, follow, max-snippet:-1, max-image-preview:large, max-video-preview:-1\" \/>\n<link rel=\"canonical\" href=\"https:\/\/mrcartools.com\/lt\/produktas\/mr-cartool-s310-ev-home-charger-wallbox-32a-7kw-level-2-charging-pile-wall-mount-for-ev\/\" \/>\n<meta property=\"og:locale\" content=\"lt_LT\" \/>\n<meta property=\"og:type\" content=\"article\" \/>\n<meta property=\"og:title\" content=\"MRCARTOOL S310 EV Home Charger Wallbox 32A 7KW Level 2 Charging Pile Wall Mount For EV\" \/>\n<meta property=\"og:description\" content=\"Mrcartool S310 EV home charger can be installed in your garage or anywhere in your home. It works well with all electric vehicles.\" \/>\n<meta property=\"og:url\" content=\"https:\/\/mrcartools.com\/lt\/produktas\/mr-cartool-s310-ev-home-charger-wallbox-32a-7kw-level-2-charging-pile-wall-mount-for-ev\/\" \/>\n<meta property=\"og:site_name\" content=\"Mrcartool\" \/>\n<meta property=\"article:modified_time\" content=\"2025-09-15T01:13:32+00:00\" \/>\n<meta property=\"og:image\" content=\"https:\/\/mrcartools.com\/wp-content\/uploads\/2022\/03\/\u672a\u6807\u9898-1-1.jpg\" \/>\n\t<meta property=\"og:image:width\" content=\"1000\" \/>\n\t<meta property=\"og:image:height\" content=\"1000\" \/>\n\t<meta property=\"og:image:type\" content=\"image\/jpeg\" \/>\n<meta name=\"twitter:card\" content=\"summary_large_image\" \/>\n<meta name=\"twitter:label1\" content=\"Est. reading time\" \/>\n\t<meta name=\"twitter:data1\" content=\"6 minut\u0117s\" \/>\n<script type=\"application\/ld+json\" class=\"yoast-schema-graph\">{\"@context\":\"https:\/\/schema.org\",\"@graph\":[{\"@type\":\"WebPage\",\"@id\":\"https:\/\/mrcartools.com\/product\/mr-cartool-s310-ev-home-charger-wallbox-32a-7kw-level-2-charging-pile-wall-mount-for-ev\/\",\"url\":\"https:\/\/mrcartools.com\/product\/mr-cartool-s310-ev-home-charger-wallbox-32a-7kw-level-2-charging-pile-wall-mount-for-ev\/\",\"name\":\"MRCARTOOL S310 EV Home Charger 32A 7KW Level 2 Charging Pile\",\"isPartOf\":{\"@id\":\"https:\/\/mrcartools.com\/#website\"},\"primaryImageOfPage\":{\"@id\":\"https:\/\/mrcartools.com\/product\/mr-cartool-s310-ev-home-charger-wallbox-32a-7kw-level-2-charging-pile-wall-mount-for-ev\/#primaryimage\"},\"image\":{\"@id\":\"https:\/\/mrcartools.com\/product\/mr-cartool-s310-ev-home-charger-wallbox-32a-7kw-level-2-charging-pile-wall-mount-for-ev\/#primaryimage\"},\"thumbnailUrl\":\"https:\/\/mrcartools.com\/wp-content\/uploads\/2022\/03\/\u672a\u6807\u9898-1-1.jpg\",\"datePublished\":\"2022-03-17T08:44:47+00:00\",\"dateModified\":\"2025-09-15T01:13:32+00:00\",\"description\":\"Mrcartool S310 EV home charger can be installed in your garage or anywhere in your home. It works well with all electric vehicles.\",\"breadcrumb\":{\"@id\":\"https:\/\/mrcartools.com\/product\/mr-cartool-s310-ev-home-charger-wallbox-32a-7kw-level-2-charging-pile-wall-mount-for-ev\/#breadcrumb\"},\"inLanguage\":\"lt-LT\",\"potentialAction\":[{\"@type\":\"ReadAction\",\"target\":[\"https:\/\/mrcartools.com\/product\/mr-cartool-s310-ev-home-charger-wallbox-32a-7kw-level-2-charging-pile-wall-mount-for-ev\/\"]}]},{\"@type\":\"ImageObject\",\"inLanguage\":\"lt-LT\",\"@id\":\"https:\/\/mrcartools.com\/product\/mr-cartool-s310-ev-home-charger-wallbox-32a-7kw-level-2-charging-pile-wall-mount-for-ev\/#primaryimage\",\"url\":\"https:\/\/mrcartools.com\/wp-content\/uploads\/2022\/03\/\u672a\u6807\u9898-1-1.jpg\",\"contentUrl\":\"https:\/\/mrcartools.com\/wp-content\/uploads\/2022\/03\/\u672a\u6807\u9898-1-1.jpg\",\"width\":1000,\"height\":1000},{\"@type\":\"BreadcrumbList\",\"@id\":\"https:\/\/mrcartools.com\/product\/mr-cartool-s310-ev-home-charger-wallbox-32a-7kw-level-2-charging-pile-wall-mount-for-ev\/#breadcrumb\",\"itemListElement\":[{\"@type\":\"ListItem\",\"position\":1,\"name\":\"Home\",\"item\":\"https:\/\/mrcartools.com\/\"},{\"@type\":\"ListItem\",\"position\":2,\"name\":\"Shop\",\"item\":\"https:\/\/mrcartools.com\/shop-2\/\"},{\"@type\":\"ListItem\",\"position\":3,\"name\":\"MRCARTOOL S310 EV Home Charger Wallbox 32A 7KW Level 2 Charging Pile Wall Mount For EV\"}]},{\"@type\":\"WebSite\",\"@id\":\"https:\/\/mrcartools.com\/#website\",\"url\":\"https:\/\/mrcartools.com\/\",\"name\":\"MRCARTOOL\",\"description\":\"MRCARTOOL Official Website\",\"publisher\":{\"@id\":\"https:\/\/mrcartools.com\/#organization\"},\"potentialAction\":[{\"@type\":\"SearchAction\",\"target\":{\"@type\":\"EntryPoint\",\"urlTemplate\":\"https:\/\/mrcartools.com\/?s={search_term_string}\"},\"query-input\":{\"@type\":\"PropertyValueSpecification\",\"valueRequired\":true,\"valueName\":\"search_term_string\"}}],\"inLanguage\":\"lt-LT\"},{\"@type\":\"Organization\",\"@id\":\"https:\/\/mrcartools.com\/#organization\",\"name\":\"MRCARTOOL\",\"url\":\"https:\/\/mrcartools.com\/\",\"logo\":{\"@type\":\"ImageObject\",\"inLanguage\":\"lt-LT\",\"@id\":\"https:\/\/mrcartools.com\/#\/schema\/logo\/image\/\",\"url\":\"https:\/\/mrcartools.com\/wp-content\/uploads\/2023\/07\/\u4e0a\u4f73\u6c7d\u8f66\u5de5\u5177-LOGO-2.png\",\"contentUrl\":\"https:\/\/mrcartools.com\/wp-content\/uploads\/2023\/07\/\u4e0a\u4f73\u6c7d\u8f66\u5de5\u5177-LOGO-2.png\",\"width\":1800,\"height\":402,\"caption\":\"MRCARTOOL\"},\"image\":{\"@id\":\"https:\/\/mrcartools.com\/#\/schema\/logo\/image\/\"}}]}<\/script>\n<!-- \/ Yoast SEO Premium plugin. -->","yoast_head_json":{"title":"MRCARTOOL S310 EV Home Charger 32A 7KW Level 2 Charging Pile","description":"Mrcartool S310 EV home charger can be installed in your garage or anywhere in your home. It works well with all electric vehicles.","robots":{"index":"index","follow":"follow","max-snippet":"max-snippet:-1","max-image-preview":"max-image-preview:large","max-video-preview":"max-video-preview:-1"},"canonical":"https:\/\/mrcartools.com\/lt\/produktas\/mr-cartool-s310-ev-home-charger-wallbox-32a-7kw-level-2-charging-pile-wall-mount-for-ev\/","og_locale":"lt_LT","og_type":"article","og_title":"MRCARTOOL S310 EV Home Charger Wallbox 32A 7KW Level 2 Charging Pile Wall Mount For EV","og_description":"Mrcartool S310 EV home charger can be installed in your garage or anywhere in your home. It works well with all electric vehicles.","og_url":"https:\/\/mrcartools.com\/lt\/produktas\/mr-cartool-s310-ev-home-charger-wallbox-32a-7kw-level-2-charging-pile-wall-mount-for-ev\/","og_site_name":"Mrcartool","article_modified_time":"2025-09-15T01:13:32+00:00","og_image":[{"width":1000,"height":1000,"url":"https:\/\/mrcartools.com\/wp-content\/uploads\/2022\/03\/\u672a\u6807\u9898-1-1.jpg","type":"image\/jpeg"}],"twitter_card":"summary_large_image","twitter_misc":{"Est. reading time":"6 minut\u0117s"},"schema":{"@context":"https:\/\/schema.org","@graph":[{"@type":"WebPage","@id":"https:\/\/mrcartools.com\/product\/mr-cartool-s310-ev-home-charger-wallbox-32a-7kw-level-2-charging-pile-wall-mount-for-ev\/","url":"https:\/\/mrcartools.com\/product\/mr-cartool-s310-ev-home-charger-wallbox-32a-7kw-level-2-charging-pile-wall-mount-for-ev\/","name":"MRCARTOOL S310 EV Home Charger 32A 7KW Level 2 Charging Pile","isPartOf":{"@id":"https:\/\/mrcartools.com\/#website"},"primaryImageOfPage":{"@id":"https:\/\/mrcartools.com\/product\/mr-cartool-s310-ev-home-charger-wallbox-32a-7kw-level-2-charging-pile-wall-mount-for-ev\/#primaryimage"},"image":{"@id":"https:\/\/mrcartools.com\/product\/mr-cartool-s310-ev-home-charger-wallbox-32a-7kw-level-2-charging-pile-wall-mount-for-ev\/#primaryimage"},"thumbnailUrl":"https:\/\/mrcartools.com\/wp-content\/uploads\/2022\/03\/\u672a\u6807\u9898-1-1.jpg","datePublished":"2022-03-17T08:44:47+00:00","dateModified":"2025-09-15T01:13:32+00:00","description":"Mrcartool S310 EV home charger can be installed in your garage or anywhere in your home. It works well with all electric vehicles.","breadcrumb":{"@id":"https:\/\/mrcartools.com\/product\/mr-cartool-s310-ev-home-charger-wallbox-32a-7kw-level-2-charging-pile-wall-mount-for-ev\/#breadcrumb"},"inLanguage":"lt-LT","potentialAction":[{"@type":"ReadAction","target":["https:\/\/mrcartools.com\/product\/mr-cartool-s310-ev-home-charger-wallbox-32a-7kw-level-2-charging-pile-wall-mount-for-ev\/"]}]},{"@type":"ImageObject","inLanguage":"lt-LT","@id":"https:\/\/mrcartools.com\/product\/mr-cartool-s310-ev-home-charger-wallbox-32a-7kw-level-2-charging-pile-wall-mount-for-ev\/#primaryimage","url":"https:\/\/mrcartools.com\/wp-content\/uploads\/2022\/03\/\u672a\u6807\u9898-1-1.jpg","contentUrl":"https:\/\/mrcartools.com\/wp-content\/uploads\/2022\/03\/\u672a\u6807\u9898-1-1.jpg","width":1000,"height":1000},{"@type":"BreadcrumbList","@id":"https:\/\/mrcartools.com\/product\/mr-cartool-s310-ev-home-charger-wallbox-32a-7kw-level-2-charging-pile-wall-mount-for-ev\/#breadcrumb","itemListElement":[{"@type":"ListItem","position":1,"name":"Home","item":"https:\/\/mrcartools.com\/"},{"@type":"ListItem","position":2,"name":"Shop","item":"https:\/\/mrcartools.com\/shop-2\/"},{"@type":"ListItem","position":3,"name":"MRCARTOOL S310 EV Home Charger Wallbox 32A 7KW Level 2 Charging Pile Wall Mount For EV"}]},{"@type":"WebSite","@id":"https:\/\/mrcartools.com\/#website","url":"https:\/\/mrcartools.com\/","name":"MRCARTOOL","description":"Oficiali svetain\u0117 MRCARTOOL","publisher":{"@id":"https:\/\/mrcartools.com\/#organization"},"potentialAction":[{"@type":"SearchAction","target":{"@type":"EntryPoint","urlTemplate":"https:\/\/mrcartools.com\/?s={search_term_string}"},"query-input":{"@type":"PropertyValueSpecification","valueRequired":true,"valueName":"search_term_string"}}],"inLanguage":"lt-LT"},{"@type":"Organization","@id":"https:\/\/mrcartools.com\/#organization","name":"MRCARTOOL","url":"https:\/\/mrcartools.com\/","logo":{"@type":"ImageObject","inLanguage":"lt-LT","@id":"https:\/\/mrcartools.com\/#\/schema\/logo\/image\/","url":"https:\/\/mrcartools.com\/wp-content\/uploads\/2023\/07\/\u4e0a\u4f73\u6c7d\u8f66\u5de5\u5177-LOGO-2.png","contentUrl":"https:\/\/mrcartools.com\/wp-content\/uploads\/2023\/07\/\u4e0a\u4f73\u6c7d\u8f66\u5de5\u5177-LOGO-2.png","width":1800,"height":402,"caption":"MRCARTOOL"},"image":{"@id":"https:\/\/mrcartools.com\/#\/schema\/logo\/image\/"}}]}},"_links":{"self":[{"href":"https:\/\/mrcartools.com\/lt\/wp-json\/wp\/v2\/product\/1447","targetHints":{"allow":["GET"]}}],"collection":[{"href":"https:\/\/mrcartools.com\/lt\/wp-json\/wp\/v2\/product"}],"about":[{"href":"https:\/\/mrcartools.com\/lt\/wp-json\/wp\/v2\/types\/product"}],"version-history":[{"count":1,"href":"https:\/\/mrcartools.com\/lt\/wp-json\/wp\/v2\/product\/1447\/revisions"}],"predecessor-version":[{"id":11619,"href":"https:\/\/mrcartools.com\/lt\/wp-json\/wp\/v2\/product\/1447\/revisions\/11619"}],"wp:featuredmedia":[{"embeddable":true,"href":"https:\/\/mrcartools.com\/lt\/wp-json\/wp\/v2\/media\/2275"}],"wp:attachment":[{"href":"https:\/\/mrcartools.com\/lt\/wp-json\/wp\/v2\/media?parent=1447"}],"wp:term":[{"taxonomy":"product_brand","embeddable":true,"href":"https:\/\/mrcartools.com\/lt\/wp-json\/wp\/v2\/product_brand?post=1447"},{"taxonomy":"product_cat","embeddable":true,"href":"https:\/\/mrcartools.com\/lt\/wp-json\/wp\/v2\/product_cat?post=1447"},{"taxonomy":"product_tag","embeddable":true,"href":"https:\/\/mrcartools.com\/lt\/wp-json\/wp\/v2\/product_tag?post=1447"}],"curies":[{"name":"wp","href":"https:\/\/api.w.org\/{rel}","templated":true}]}}