{"id":3367,"date":"2023-06-14T09:02:44","date_gmt":"2023-06-14T09:02:44","guid":{"rendered":"https:\/\/mrcartools.com\/?post_type=product&#038;p=3367"},"modified":"2025-05-12T10:11:56","modified_gmt":"2025-05-12T10:11:56","slug":"mrcartool-m30-obd-gps-head-up-display-car-speedmeter-kmh-mph-mini-usb-speedometer","status":"publish","type":"product","link":"https:\/\/mrcartools.com\/lt\/produktas\/mrcartool-m30-obd-gps-head-up-display-car-speedmeter-kmh-mph-mini-usb-speedometer\/","title":{"rendered":"MRCARTOOL M30 OBD GPS Head-Up Display automobilio grei\u010dio matuoklis KMH ir MPH Mini Usb spidometras"},"content":{"rendered":"<p><strong>Produkto pristatymas\uff1a<\/strong><\/p>\n<p class=\"detail-desc-decorate-content\">\"MRCARTOOL M30\" yra GPS i\u0161manusis transporto priemon\u0117s grei\u010dio laiko rodiklis, kuris gali gauti palydovinio signalo duomenis per GPS \/ Beidou palydovo dviej\u0173 kanal\u0173 modul\u012f, o dvigubas signalas yra stabilesnis. Vairuokite nesukdami galvos ir mok\u0117kite stabiliai. Vairavimas nesukant galvos ir bet kuriuo metu atkreipiant d\u0117mes\u012f \u012f va\u017eiavimo greit\u012f labai pagerina vairavimo saugum\u0105 ir yra m\u0117gstamas daugelio nauj\u0173 ir sen\u0173 vairuotoj\u0173, lydin\u010di\u0173 automobili\u0173 savinink\u0173. Funkcijos: (GPS greitis, palydovo laikas, grei\u010dio vir\u0161ijimo signalas, vairavimo nuovargio priminimas).<\/p>\n<p><img fetchpriority=\"high\" decoding=\"async\" class=\"alignnone size-full wp-image-3372\" src=\"https:\/\/mrcartools.com\/wp-content\/uploads\/2023\/06\/MRCARTOOL-M30-Car-Speedmeter.jpg\" alt=\"MRCARTOOL M30 Car Speedmeter\" width=\"1200\" height=\"1200\" srcset=\"\/\/mrcartools.com\/wp-content\/uploads\/2023\/06\/MRCARTOOL-M30-Car-Speedmeter.jpg 1200w, \/\/mrcartools.com\/wp-content\/uploads\/2023\/06\/MRCARTOOL-M30-Car-Speedmeter-253x253.jpg 253w, \/\/mrcartools.com\/wp-content\/uploads\/2023\/06\/MRCARTOOL-M30-Car-Speedmeter-100x100.jpg 100w, \/\/mrcartools.com\/wp-content\/uploads\/2023\/06\/MRCARTOOL-M30-Car-Speedmeter-510x510.jpg 510w\" sizes=\"(max-width: 1200px) 100vw, 1200px\" \/><\/p>\n<p><strong>Produc Specifikacija\uff1a<\/strong><\/p>\n<p><img decoding=\"async\" class=\"alignnone size-full wp-image-3375\" src=\"https:\/\/mrcartools.com\/wp-content\/uploads\/2023\/06\/Compass-for-All-Vehicles.jpg\" alt=\"Compass for All Vehicles\" width=\"1200\" height=\"1200\" srcset=\"\/\/mrcartools.com\/wp-content\/uploads\/2023\/06\/Compass-for-All-Vehicles.jpg 1200w, \/\/mrcartools.com\/wp-content\/uploads\/2023\/06\/Compass-for-All-Vehicles-253x253.jpg 253w, \/\/mrcartools.com\/wp-content\/uploads\/2023\/06\/Compass-for-All-Vehicles-100x100.jpg 100w, \/\/mrcartools.com\/wp-content\/uploads\/2023\/06\/Compass-for-All-Vehicles-510x510.jpg 510w\" sizes=\"(max-width: 1200px) 100vw, 1200px\" \/><\/p>\n<p>Pagrindin\u0117 funkcija:<\/p>\n<p class=\"detail-desc-decorate-content\" data-spm-anchor-id=\"a2g0o.detail.1000023.i1.68e73104LGF0iC\">\u25cfGPS grei\u010dio rodinys<br \/>\n\u25cf Priminimas apie nuovarg\u012f vairuojant<br \/>\n\u25cf Satelitinis laiko rodinys<br \/>\n\u25cf \u012esp\u0117jimas apie vir\u0161yt\u0105 greit\u012f<br \/>\n\u25cf Kompaso ekranas<\/p>\n<p data-spm-anchor-id=\"a2g0o.detail.1000023.i1.68e73104LGF0iC\"><img decoding=\"async\" class=\"alignnone size-full wp-image-3376\" src=\"https:\/\/mrcartools.com\/wp-content\/uploads\/2023\/06\/Car-Mini-OBD-GPS-Head-Up-Display-1.jpg\" alt=\"Car Mini OBD GPS Head-Up Display\" width=\"1200\" height=\"1200\" srcset=\"\/\/mrcartools.com\/wp-content\/uploads\/2023\/06\/Car-Mini-OBD-GPS-Head-Up-Display-1.jpg 1200w, \/\/mrcartools.com\/wp-content\/uploads\/2023\/06\/Car-Mini-OBD-GPS-Head-Up-Display-1-253x253.jpg 253w, \/\/mrcartools.com\/wp-content\/uploads\/2023\/06\/Car-Mini-OBD-GPS-Head-Up-Display-1-100x100.jpg 100w, \/\/mrcartools.com\/wp-content\/uploads\/2023\/06\/Car-Mini-OBD-GPS-Head-Up-Display-1-510x510.jpg 510w\" sizes=\"(max-width: 1200px) 100vw, 1200px\" \/> <img loading=\"lazy\" decoding=\"async\" class=\"alignnone size-full wp-image-3377\" src=\"https:\/\/mrcartools.com\/wp-content\/uploads\/2023\/06\/Digital-GPS-Speedometer-1.jpg\" alt=\"Digital GPS Speedometer\" width=\"1200\" height=\"1200\" srcset=\"\/\/mrcartools.com\/wp-content\/uploads\/2023\/06\/Digital-GPS-Speedometer-1.jpg 1200w, \/\/mrcartools.com\/wp-content\/uploads\/2023\/06\/Digital-GPS-Speedometer-1-253x253.jpg 253w, \/\/mrcartools.com\/wp-content\/uploads\/2023\/06\/Digital-GPS-Speedometer-1-100x100.jpg 100w, \/\/mrcartools.com\/wp-content\/uploads\/2023\/06\/Digital-GPS-Speedometer-1-510x510.jpg 510w\" sizes=\"(max-width: 1200px) 100vw, 1200px\" \/> <img loading=\"lazy\" decoding=\"async\" class=\"alignnone size-full wp-image-3370\" src=\"https:\/\/mrcartools.com\/wp-content\/uploads\/2023\/06\/Car-Speedmeter-GPS.jpg\" alt=\"Car Speedmeter GPS\" width=\"1200\" height=\"1200\" srcset=\"\/\/mrcartools.com\/wp-content\/uploads\/2023\/06\/Car-Speedmeter-GPS.jpg 1200w, \/\/mrcartools.com\/wp-content\/uploads\/2023\/06\/Car-Speedmeter-GPS-253x253.jpg 253w, \/\/mrcartools.com\/wp-content\/uploads\/2023\/06\/Car-Speedmeter-GPS-100x100.jpg 100w, \/\/mrcartools.com\/wp-content\/uploads\/2023\/06\/Car-Speedmeter-GPS-510x510.jpg 510w\" sizes=\"(max-width: 1200px) 100vw, 1200px\" \/><\/p>\n<p>Pagrindin\u0117s savyb\u0117s\uff1a<\/p>\n<p class=\"detail-desc-decorate-content\">\u25cf Taikoma vietin\u0117ms automobili\u0173 serijoms, Azijos automobili\u0173 serijoms, Amerikos automobili\u0173 serijoms, Europos automobili\u0173 serijoms.<br \/>\n\u25cf \u012erengtas didelio tikslumo dviej\u0173 kanal\u0173 palydovinio GPS signalo modulis.<br \/>\n\u25cf Reguliuodami ekrano ry\u0161kum\u0105, nustatykite \u0161viesos \u0161altinio jutiklio \u0161viesos intensyvum\u0105.<br \/>\n\u25cf Pasirinkite anglies pluo\u0161to i\u0161vaizdos k\u0117bulo dizain\u0105.<br \/>\n\u25cfDarbo aplinkos ir techniniai rodikliai prasideda nuo automobilio, automatinio miego funkcija, kai automobilis stovi.<\/p>\n<p><img loading=\"lazy\" decoding=\"async\" class=\"alignnone size-full wp-image-3373\" src=\"https:\/\/mrcartools.com\/wp-content\/uploads\/2023\/06\/Car-and-Motorcycle-Speedometer.jpg\" alt=\"Car and Motorcycle Speedometer\" width=\"1200\" height=\"1200\" srcset=\"\/\/mrcartools.com\/wp-content\/uploads\/2023\/06\/Car-and-Motorcycle-Speedometer.jpg 1200w, \/\/mrcartools.com\/wp-content\/uploads\/2023\/06\/Car-and-Motorcycle-Speedometer-253x253.jpg 253w, \/\/mrcartools.com\/wp-content\/uploads\/2023\/06\/Car-and-Motorcycle-Speedometer-100x100.jpg 100w, \/\/mrcartools.com\/wp-content\/uploads\/2023\/06\/Car-and-Motorcycle-Speedometer-510x510.jpg 510w\" sizes=\"(max-width: 1200px) 100vw, 1200px\" \/><img loading=\"lazy\" decoding=\"async\" class=\"alignnone size-full wp-image-3378\" src=\"https:\/\/mrcartools.com\/wp-content\/uploads\/2023\/06\/Automotive-Head-Up-Display.jpg\" alt=\"Automotive Head Up Display\" width=\"1200\" height=\"1200\" srcset=\"\/\/mrcartools.com\/wp-content\/uploads\/2023\/06\/Automotive-Head-Up-Display.jpg 1200w, \/\/mrcartools.com\/wp-content\/uploads\/2023\/06\/Automotive-Head-Up-Display-253x253.jpg 253w, \/\/mrcartools.com\/wp-content\/uploads\/2023\/06\/Automotive-Head-Up-Display-100x100.jpg 100w, \/\/mrcartools.com\/wp-content\/uploads\/2023\/06\/Automotive-Head-Up-Display-510x510.jpg 510w\" sizes=\"(max-width: 1200px) 100vw, 1200px\" \/> <img loading=\"lazy\" decoding=\"async\" class=\"alignnone size-full wp-image-3379\" src=\"https:\/\/mrcartools.com\/wp-content\/uploads\/2023\/06\/MRCARTOOL-M30-Mini-Usb-Gps-HUD-1.jpg\" alt=\"MRCARTOOL M30 Mini Usb Gps HUD\" width=\"1200\" height=\"1200\" srcset=\"\/\/mrcartools.com\/wp-content\/uploads\/2023\/06\/MRCARTOOL-M30-Mini-Usb-Gps-HUD-1.jpg 1200w, \/\/mrcartools.com\/wp-content\/uploads\/2023\/06\/MRCARTOOL-M30-Mini-Usb-Gps-HUD-1-253x253.jpg 253w, \/\/mrcartools.com\/wp-content\/uploads\/2023\/06\/MRCARTOOL-M30-Mini-Usb-Gps-HUD-1-100x100.jpg 100w, \/\/mrcartools.com\/wp-content\/uploads\/2023\/06\/MRCARTOOL-M30-Mini-Usb-Gps-HUD-1-510x510.jpg 510w\" sizes=\"(max-width: 1200px) 100vw, 1200px\" \/> <img loading=\"lazy\" decoding=\"async\" class=\"alignnone size-full wp-image-3381\" src=\"https:\/\/mrcartools.com\/wp-content\/uploads\/2023\/06\/Head-Up-Display-for-Off-Road-Vehicles-1.jpg\" alt=\"Head Up Display for Off Road Vehicles\" width=\"1200\" height=\"1200\" srcset=\"\/\/mrcartools.com\/wp-content\/uploads\/2023\/06\/Head-Up-Display-for-Off-Road-Vehicles-1.jpg 1200w, \/\/mrcartools.com\/wp-content\/uploads\/2023\/06\/Head-Up-Display-for-Off-Road-Vehicles-1-253x253.jpg 253w, \/\/mrcartools.com\/wp-content\/uploads\/2023\/06\/Head-Up-Display-for-Off-Road-Vehicles-1-100x100.jpg 100w, \/\/mrcartools.com\/wp-content\/uploads\/2023\/06\/Head-Up-Display-for-Off-Road-Vehicles-1-510x510.jpg 510w\" sizes=\"(max-width: 1200px) 100vw, 1200px\" \/><\/p>\n<p class=\"detail-desc-decorate-title\">Pakuo\u010di\u0173 s\u0105ra\u0161as:<\/p>\n<p class=\"detail-desc-decorate-content\" data-spm-anchor-id=\"a2g0o.detail.1000023.i4.68e73104LGF0iC\">1x M30 pagrindinis blokas<br \/>\n1x 1,5 m ilgio USB jungties kabelis<br \/>\n1x vadovas<br \/>\n1x juosta<br \/>\n1x pakuot\u0117<\/p>\n<p data-spm-anchor-id=\"a2g0o.detail.1000023.i4.68e73104LGF0iC\"><img loading=\"lazy\" decoding=\"async\" class=\"alignnone size-full wp-image-3382\" src=\"https:\/\/mrcartools.com\/wp-content\/uploads\/2023\/06\/Head-Up-Display-with-Overspeed-Alarm.jpg\" alt=\"Head Up Display with Overspeed Alarm\" width=\"1200\" height=\"1200\" srcset=\"\/\/mrcartools.com\/wp-content\/uploads\/2023\/06\/Head-Up-Display-with-Overspeed-Alarm.jpg 1200w, \/\/mrcartools.com\/wp-content\/uploads\/2023\/06\/Head-Up-Display-with-Overspeed-Alarm-253x253.jpg 253w, \/\/mrcartools.com\/wp-content\/uploads\/2023\/06\/Head-Up-Display-with-Overspeed-Alarm-100x100.jpg 100w, \/\/mrcartools.com\/wp-content\/uploads\/2023\/06\/Head-Up-Display-with-Overspeed-Alarm-510x510.jpg 510w\" sizes=\"(max-width: 1200px) 100vw, 1200px\" \/> <img loading=\"lazy\" decoding=\"async\" class=\"alignnone size-full wp-image-3311\" src=\"https:\/\/mrcartools.com\/wp-content\/uploads\/2023\/06\/1.webp\" alt=\"\" width=\"1200\" height=\"600\" srcset=\"\/\/mrcartools.com\/wp-content\/uploads\/2023\/06\/1.webp 1200w, \/\/mrcartools.com\/wp-content\/uploads\/2023\/06\/1-510x255.webp 510w, \/\/mrcartools.com\/wp-content\/uploads\/2023\/06\/1-800x400.webp 800w, \/\/mrcartools.com\/wp-content\/uploads\/2023\/06\/1-768x384.webp 768w\" sizes=\"(max-width: 1200px) 100vw, 1200px\" \/> <img loading=\"lazy\" decoding=\"async\" class=\"alignnone size-full wp-image-3312\" src=\"https:\/\/mrcartools.com\/wp-content\/uploads\/2023\/06\/2.webp\" alt=\"\" width=\"1200\" height=\"600\" srcset=\"\/\/mrcartools.com\/wp-content\/uploads\/2023\/06\/2.webp 1200w, \/\/mrcartools.com\/wp-content\/uploads\/2023\/06\/2-510x255.webp 510w, \/\/mrcartools.com\/wp-content\/uploads\/2023\/06\/2-800x400.webp 800w, \/\/mrcartools.com\/wp-content\/uploads\/2023\/06\/2-768x384.webp 768w\" sizes=\"(max-width: 1200px) 100vw, 1200px\" \/> <img loading=\"lazy\" decoding=\"async\" class=\"alignnone size-full wp-image-3313\" src=\"https:\/\/mrcartools.com\/wp-content\/uploads\/2023\/06\/3.webp\" alt=\"\" width=\"1200\" height=\"600\" srcset=\"\/\/mrcartools.com\/wp-content\/uploads\/2023\/06\/3.webp 1200w, \/\/mrcartools.com\/wp-content\/uploads\/2023\/06\/3-510x255.webp 510w, \/\/mrcartools.com\/wp-content\/uploads\/2023\/06\/3-800x400.webp 800w, \/\/mrcartools.com\/wp-content\/uploads\/2023\/06\/3-768x384.webp 768w\" sizes=\"(max-width: 1200px) 100vw, 1200px\" \/> <img loading=\"lazy\" decoding=\"async\" class=\"alignnone size-full wp-image-3314\" src=\"https:\/\/mrcartools.com\/wp-content\/uploads\/2023\/06\/Mrcartool.jpg\" alt=\"\" width=\"1200\" height=\"600\" srcset=\"\/\/mrcartools.com\/wp-content\/uploads\/2023\/06\/Mrcartool.jpg 1200w, \/\/mrcartools.com\/wp-content\/uploads\/2023\/06\/Mrcartool-510x255.jpg 510w\" sizes=\"(max-width: 1200px) 100vw, 1200px\" \/><\/p>","protected":false},"excerpt":{"rendered":"<p><strong>Platus transporto priemoni\u0173 suderinamumas:<\/strong> Taikoma vietini\u0173, Azijos, Amerikos ir Europos automobili\u0173 serijoms.<br \/>\n<strong>Pa\u017eangi GPS technologija:<\/strong> \u012erengtas didelio tikslumo dviej\u0173 kanal\u0173 palydovinio GPS signalo modulis.<br \/>\n<strong>Prisitaikantis ekrano ry\u0161kumas:<\/strong> Naudoja \u0161viesos \u0161altinio jutikl\u012f, kad automati\u0161kai sureguliuot\u0173 ekrano ry\u0161kum\u0105. <a href=\"https:\/\/api.whatsapp.com\/send\/?phone=%2B8618923768146&amp;text=onlinesupport\"><span style=\"color: #d83131;\"><strong>Pagalba internetu&gt;&gt;<\/strong><\/span><\/a><\/p>","protected":false},"featured_media":3368,"template":"","meta":[],"product_brand":[],"product_cat":[142,114],"product_tag":[],"class_list":{"0":"post-3367","1":"product","2":"type-product","3":"status-publish","4":"has-post-thumbnail","6":"product_cat-car-inclinometer","7":"product_cat-car-head-up-display","8":"product_shipping_class-weight","9":"pa_ship-from-china","10":"pa_ship-from-germany","11":"pa_ship-from-united-kingdom","12":"pa_ship-from-united-states","14":"first","15":"instock","16":"shipping-taxable","17":"product-type-variable","18":"wvs-archive-product-wrapper"},"yoast_head":"<!-- This site is optimized with the Yoast SEO Premium plugin v24.4 (Yoast SEO v24.4) - https:\/\/yoast.com\/wordpress\/plugins\/seo\/ -->\n<title>MRCARTOOL M30 OBD GPS Head-Up Display Car Speedmeter KMH &amp; MPH Mini Usb Speedometer - Mrcartool<\/title>\n<meta name=\"robots\" content=\"index, follow, max-snippet:-1, max-image-preview:large, max-video-preview:-1\" \/>\n<link rel=\"canonical\" href=\"https:\/\/mrcartools.com\/lt\/produktas\/mrcartool-m30-obd-gps-head-up-display-car-speedmeter-kmh-mph-mini-usb-speedometer\/\" \/>\n<meta property=\"og:locale\" content=\"lt_LT\" \/>\n<meta property=\"og:type\" content=\"article\" \/>\n<meta property=\"og:title\" content=\"MRCARTOOL M30 OBD GPS Head-Up Display Car Speedmeter KMH &amp; MPH Mini Usb Speedometer\" \/>\n<meta property=\"og:description\" content=\"Wide Vehicle Compatibility: Applicable to domestic, Asian, American, and European car series. Advanced GPS Technology: Equipped with a high-precision dual-channel satellite GPS signal module. Adaptive Screen Brightness: Uses a light source sensor to automatically adjust screen brightness. Online Support&gt;&gt;\" \/>\n<meta property=\"og:url\" content=\"https:\/\/mrcartools.com\/lt\/produktas\/mrcartool-m30-obd-gps-head-up-display-car-speedmeter-kmh-mph-mini-usb-speedometer\/\" \/>\n<meta property=\"og:site_name\" content=\"Mrcartool\" \/>\n<meta property=\"article:modified_time\" content=\"2025-05-12T10:11:56+00:00\" \/>\n<meta property=\"og:image\" content=\"https:\/\/mrcartools.com\/wp-content\/uploads\/2023\/06\/MRCARTOOL-M30-GPS-Slope-Meter.jpg\" \/>\n\t<meta property=\"og:image:width\" content=\"1600\" \/>\n\t<meta property=\"og:image:height\" content=\"1600\" \/>\n\t<meta property=\"og:image:type\" content=\"image\/jpeg\" \/>\n<meta name=\"twitter:card\" content=\"summary_large_image\" \/>\n<meta name=\"twitter:label1\" content=\"Est. reading time\" \/>\n\t<meta name=\"twitter:data1\" content=\"4 minut\u0117s\" \/>\n<script type=\"application\/ld+json\" class=\"yoast-schema-graph\">{\"@context\":\"https:\/\/schema.org\",\"@graph\":[{\"@type\":\"WebPage\",\"@id\":\"https:\/\/mrcartools.com\/product\/mrcartool-m30-obd-gps-head-up-display-car-speedmeter-kmh-mph-mini-usb-speedometer\/\",\"url\":\"https:\/\/mrcartools.com\/product\/mrcartool-m30-obd-gps-head-up-display-car-speedmeter-kmh-mph-mini-usb-speedometer\/\",\"name\":\"MRCARTOOL M30 OBD GPS Head-Up Display Car Speedmeter KMH & MPH Mini Usb Speedometer - Mrcartool\",\"isPartOf\":{\"@id\":\"https:\/\/mrcartools.com\/#website\"},\"primaryImageOfPage\":{\"@id\":\"https:\/\/mrcartools.com\/product\/mrcartool-m30-obd-gps-head-up-display-car-speedmeter-kmh-mph-mini-usb-speedometer\/#primaryimage\"},\"image\":{\"@id\":\"https:\/\/mrcartools.com\/product\/mrcartool-m30-obd-gps-head-up-display-car-speedmeter-kmh-mph-mini-usb-speedometer\/#primaryimage\"},\"thumbnailUrl\":\"https:\/\/mrcartools.com\/wp-content\/uploads\/2023\/06\/MRCARTOOL-M30-GPS-Slope-Meter.jpg\",\"datePublished\":\"2023-06-14T09:02:44+00:00\",\"dateModified\":\"2025-05-12T10:11:56+00:00\",\"breadcrumb\":{\"@id\":\"https:\/\/mrcartools.com\/product\/mrcartool-m30-obd-gps-head-up-display-car-speedmeter-kmh-mph-mini-usb-speedometer\/#breadcrumb\"},\"inLanguage\":\"lt-LT\",\"potentialAction\":[{\"@type\":\"ReadAction\",\"target\":[\"https:\/\/mrcartools.com\/product\/mrcartool-m30-obd-gps-head-up-display-car-speedmeter-kmh-mph-mini-usb-speedometer\/\"]}]},{\"@type\":\"ImageObject\",\"inLanguage\":\"lt-LT\",\"@id\":\"https:\/\/mrcartools.com\/product\/mrcartool-m30-obd-gps-head-up-display-car-speedmeter-kmh-mph-mini-usb-speedometer\/#primaryimage\",\"url\":\"https:\/\/mrcartools.com\/wp-content\/uploads\/2023\/06\/MRCARTOOL-M30-GPS-Slope-Meter.jpg\",\"contentUrl\":\"https:\/\/mrcartools.com\/wp-content\/uploads\/2023\/06\/MRCARTOOL-M30-GPS-Slope-Meter.jpg\",\"width\":1600,\"height\":1600,\"caption\":\"MRCARTOOL M30 GPS Slope Meter\"},{\"@type\":\"BreadcrumbList\",\"@id\":\"https:\/\/mrcartools.com\/product\/mrcartool-m30-obd-gps-head-up-display-car-speedmeter-kmh-mph-mini-usb-speedometer\/#breadcrumb\",\"itemListElement\":[{\"@type\":\"ListItem\",\"position\":1,\"name\":\"Home\",\"item\":\"https:\/\/mrcartools.com\/\"},{\"@type\":\"ListItem\",\"position\":2,\"name\":\"Shop\",\"item\":\"https:\/\/mrcartools.com\/shop-2\/\"},{\"@type\":\"ListItem\",\"position\":3,\"name\":\"MRCARTOOL M30 OBD GPS Head-Up Display Car Speedmeter KMH &#038; MPH Mini Usb Speedometer\"}]},{\"@type\":\"WebSite\",\"@id\":\"https:\/\/mrcartools.com\/#website\",\"url\":\"https:\/\/mrcartools.com\/\",\"name\":\"MRCARTOOL\",\"description\":\"MRCARTOOL Official Website\",\"publisher\":{\"@id\":\"https:\/\/mrcartools.com\/#organization\"},\"potentialAction\":[{\"@type\":\"SearchAction\",\"target\":{\"@type\":\"EntryPoint\",\"urlTemplate\":\"https:\/\/mrcartools.com\/?s={search_term_string}\"},\"query-input\":{\"@type\":\"PropertyValueSpecification\",\"valueRequired\":true,\"valueName\":\"search_term_string\"}}],\"inLanguage\":\"lt-LT\"},{\"@type\":\"Organization\",\"@id\":\"https:\/\/mrcartools.com\/#organization\",\"name\":\"MRCARTOOL\",\"url\":\"https:\/\/mrcartools.com\/\",\"logo\":{\"@type\":\"ImageObject\",\"inLanguage\":\"lt-LT\",\"@id\":\"https:\/\/mrcartools.com\/#\/schema\/logo\/image\/\",\"url\":\"https:\/\/mrcartools.com\/wp-content\/uploads\/2023\/07\/\u4e0a\u4f73\u6c7d\u8f66\u5de5\u5177-LOGO-2.png\",\"contentUrl\":\"https:\/\/mrcartools.com\/wp-content\/uploads\/2023\/07\/\u4e0a\u4f73\u6c7d\u8f66\u5de5\u5177-LOGO-2.png\",\"width\":1800,\"height\":402,\"caption\":\"MRCARTOOL\"},\"image\":{\"@id\":\"https:\/\/mrcartools.com\/#\/schema\/logo\/image\/\"}}]}<\/script>\n<!-- \/ Yoast SEO Premium plugin. -->","yoast_head_json":{"title":"MRCARTOOL M30 OBD GPS Head-Up Display Car Speedmeter KMH & MPH Mini Usb Speedometer - Mrcartool","robots":{"index":"index","follow":"follow","max-snippet":"max-snippet:-1","max-image-preview":"max-image-preview:large","max-video-preview":"max-video-preview:-1"},"canonical":"https:\/\/mrcartools.com\/lt\/produktas\/mrcartool-m30-obd-gps-head-up-display-car-speedmeter-kmh-mph-mini-usb-speedometer\/","og_locale":"lt_LT","og_type":"article","og_title":"MRCARTOOL M30 OBD GPS Head-Up Display Car Speedmeter KMH & MPH Mini Usb Speedometer","og_description":"Wide Vehicle Compatibility: Applicable to domestic, Asian, American, and European car series. Advanced GPS Technology: Equipped with a high-precision dual-channel satellite GPS signal module. Adaptive Screen Brightness: Uses a light source sensor to automatically adjust screen brightness. Online Support&gt;&gt;","og_url":"https:\/\/mrcartools.com\/lt\/produktas\/mrcartool-m30-obd-gps-head-up-display-car-speedmeter-kmh-mph-mini-usb-speedometer\/","og_site_name":"Mrcartool","article_modified_time":"2025-05-12T10:11:56+00:00","og_image":[{"width":1600,"height":1600,"url":"https:\/\/mrcartools.com\/wp-content\/uploads\/2023\/06\/MRCARTOOL-M30-GPS-Slope-Meter.jpg","type":"image\/jpeg"}],"twitter_card":"summary_large_image","twitter_misc":{"Est. reading time":"4 minut\u0117s"},"schema":{"@context":"https:\/\/schema.org","@graph":[{"@type":"WebPage","@id":"https:\/\/mrcartools.com\/product\/mrcartool-m30-obd-gps-head-up-display-car-speedmeter-kmh-mph-mini-usb-speedometer\/","url":"https:\/\/mrcartools.com\/product\/mrcartool-m30-obd-gps-head-up-display-car-speedmeter-kmh-mph-mini-usb-speedometer\/","name":"MRCARTOOL M30 OBD GPS Head-Up Display Car Speedmeter KMH & MPH Mini Usb Speedometer - Mrcartool","isPartOf":{"@id":"https:\/\/mrcartools.com\/#website"},"primaryImageOfPage":{"@id":"https:\/\/mrcartools.com\/product\/mrcartool-m30-obd-gps-head-up-display-car-speedmeter-kmh-mph-mini-usb-speedometer\/#primaryimage"},"image":{"@id":"https:\/\/mrcartools.com\/product\/mrcartool-m30-obd-gps-head-up-display-car-speedmeter-kmh-mph-mini-usb-speedometer\/#primaryimage"},"thumbnailUrl":"https:\/\/mrcartools.com\/wp-content\/uploads\/2023\/06\/MRCARTOOL-M30-GPS-Slope-Meter.jpg","datePublished":"2023-06-14T09:02:44+00:00","dateModified":"2025-05-12T10:11:56+00:00","breadcrumb":{"@id":"https:\/\/mrcartools.com\/product\/mrcartool-m30-obd-gps-head-up-display-car-speedmeter-kmh-mph-mini-usb-speedometer\/#breadcrumb"},"inLanguage":"lt-LT","potentialAction":[{"@type":"ReadAction","target":["https:\/\/mrcartools.com\/product\/mrcartool-m30-obd-gps-head-up-display-car-speedmeter-kmh-mph-mini-usb-speedometer\/"]}]},{"@type":"ImageObject","inLanguage":"lt-LT","@id":"https:\/\/mrcartools.com\/product\/mrcartool-m30-obd-gps-head-up-display-car-speedmeter-kmh-mph-mini-usb-speedometer\/#primaryimage","url":"https:\/\/mrcartools.com\/wp-content\/uploads\/2023\/06\/MRCARTOOL-M30-GPS-Slope-Meter.jpg","contentUrl":"https:\/\/mrcartools.com\/wp-content\/uploads\/2023\/06\/MRCARTOOL-M30-GPS-Slope-Meter.jpg","width":1600,"height":1600,"caption":"MRCARTOOL M30 GPS Slope Meter"},{"@type":"BreadcrumbList","@id":"https:\/\/mrcartools.com\/product\/mrcartool-m30-obd-gps-head-up-display-car-speedmeter-kmh-mph-mini-usb-speedometer\/#breadcrumb","itemListElement":[{"@type":"ListItem","position":1,"name":"Home","item":"https:\/\/mrcartools.com\/"},{"@type":"ListItem","position":2,"name":"Shop","item":"https:\/\/mrcartools.com\/shop-2\/"},{"@type":"ListItem","position":3,"name":"MRCARTOOL M30 OBD GPS Head-Up Display Car Speedmeter KMH &#038; MPH Mini Usb Speedometer"}]},{"@type":"WebSite","@id":"https:\/\/mrcartools.com\/#website","url":"https:\/\/mrcartools.com\/","name":"MRCARTOOL","description":"Oficiali svetain\u0117 MRCARTOOL","publisher":{"@id":"https:\/\/mrcartools.com\/#organization"},"potentialAction":[{"@type":"SearchAction","target":{"@type":"EntryPoint","urlTemplate":"https:\/\/mrcartools.com\/?s={search_term_string}"},"query-input":{"@type":"PropertyValueSpecification","valueRequired":true,"valueName":"search_term_string"}}],"inLanguage":"lt-LT"},{"@type":"Organization","@id":"https:\/\/mrcartools.com\/#organization","name":"MRCARTOOL","url":"https:\/\/mrcartools.com\/","logo":{"@type":"ImageObject","inLanguage":"lt-LT","@id":"https:\/\/mrcartools.com\/#\/schema\/logo\/image\/","url":"https:\/\/mrcartools.com\/wp-content\/uploads\/2023\/07\/\u4e0a\u4f73\u6c7d\u8f66\u5de5\u5177-LOGO-2.png","contentUrl":"https:\/\/mrcartools.com\/wp-content\/uploads\/2023\/07\/\u4e0a\u4f73\u6c7d\u8f66\u5de5\u5177-LOGO-2.png","width":1800,"height":402,"caption":"MRCARTOOL"},"image":{"@id":"https:\/\/mrcartools.com\/#\/schema\/logo\/image\/"}}]}},"_links":{"self":[{"href":"https:\/\/mrcartools.com\/lt\/wp-json\/wp\/v2\/product\/3367","targetHints":{"allow":["GET"]}}],"collection":[{"href":"https:\/\/mrcartools.com\/lt\/wp-json\/wp\/v2\/product"}],"about":[{"href":"https:\/\/mrcartools.com\/lt\/wp-json\/wp\/v2\/types\/product"}],"version-history":[{"count":0,"href":"https:\/\/mrcartools.com\/lt\/wp-json\/wp\/v2\/product\/3367\/revisions"}],"wp:featuredmedia":[{"embeddable":true,"href":"https:\/\/mrcartools.com\/lt\/wp-json\/wp\/v2\/media\/3368"}],"wp:attachment":[{"href":"https:\/\/mrcartools.com\/lt\/wp-json\/wp\/v2\/media?parent=3367"}],"wp:term":[{"taxonomy":"product_brand","embeddable":true,"href":"https:\/\/mrcartools.com\/lt\/wp-json\/wp\/v2\/product_brand?post=3367"},{"taxonomy":"product_cat","embeddable":true,"href":"https:\/\/mrcartools.com\/lt\/wp-json\/wp\/v2\/product_cat?post=3367"},{"taxonomy":"product_tag","embeddable":true,"href":"https:\/\/mrcartools.com\/lt\/wp-json\/wp\/v2\/product_tag?post=3367"}],"curies":[{"name":"wp","href":"https:\/\/api.w.org\/{rel}","templated":true}]}}