{"id":3422,"date":"2023-06-15T08:19:03","date_gmt":"2023-06-15T08:19:03","guid":{"rendered":"https:\/\/mrcartools.com\/?post_type=product&#038;p=3422"},"modified":"2025-04-29T08:59:27","modified_gmt":"2025-04-29T08:59:27","slug":"mrcartool-m50-gps-smart-inclinometer-digital-inclinometer-guage-for-off-road-suv-vehicles-gps-hud","status":"publish","type":"product","link":"https:\/\/mrcartools.com\/lt\/produktas\/mrcartool-m50-gps-smart-inclinometer-digital-inclinometer-guage-for-off-road-suv-vehicles-gps-hud\/","title":{"rendered":"MRCARTOOL M50 GPS Smart Inclinometer Skaitmeninis polinometras, skirtas visureigi\u0173 visureigiams GPS HUD"},"content":{"rendered":"<p class=\"detail-desc-decorate-title\" data-spm-anchor-id=\"a2g0o.detail.1000023.i0.1e3029ceOsgWH7\">Atnaujintas M50 \u012fvadas\uff1a<\/p>\n<p class=\"detail-desc-decorate-content\">MR CARTOOL M50 automobilinis i\u0161manusis nuolyd\u017eio matuoklis yra matuoklis su \u012fmontuotu daugiafunkciniu ir keli\u0173 a\u0161i\u0173 giroskopu. Jis palaiko 99% rinkoje esan\u010di\u0173 automobili\u0173 modeli\u0173. Jis gali matuoti automobilio posvyrio kamp\u0105, posvyrio kamp\u0105, va\u017eiavimo re\u017eimo pasirinkim\u0105 ir saugos signalizacijos u\u017euominas, o tai labai pagerina vairavimo saugum\u0105 ir suteikia auk\u0161\u010diausios kokyb\u0117s kelion\u0117s patirt\u012f.<\/p>\n<p><img fetchpriority=\"high\" decoding=\"async\" class=\"alignnone size-full wp-image-3426\" src=\"https:\/\/mrcartools.com\/wp-content\/uploads\/2023\/06\/MRCARTOOL-M50-Car-Digital-Inclinometer.jpg\" alt=\"MRCARTOOL M50 Car Digital Inclinometer\" width=\"1200\" height=\"1200\" srcset=\"\/\/mrcartools.com\/wp-content\/uploads\/2023\/06\/MRCARTOOL-M50-Car-Digital-Inclinometer.jpg 1200w, \/\/mrcartools.com\/wp-content\/uploads\/2023\/06\/MRCARTOOL-M50-Car-Digital-Inclinometer-253x253.jpg 253w, \/\/mrcartools.com\/wp-content\/uploads\/2023\/06\/MRCARTOOL-M50-Car-Digital-Inclinometer-100x100.jpg 100w, \/\/mrcartools.com\/wp-content\/uploads\/2023\/06\/MRCARTOOL-M50-Car-Digital-Inclinometer-510x510.jpg 510w\" sizes=\"(max-width: 1200px) 100vw, 1200px\" \/><img decoding=\"async\" class=\"alignnone size-full wp-image-3429\" src=\"https:\/\/mrcartools.com\/wp-content\/uploads\/2023\/06\/GPS-Off-road-Digital-Inclinometer.jpg\" alt=\"GPS Off road Digital Inclinometer\" width=\"1200\" height=\"1200\" srcset=\"\/\/mrcartools.com\/wp-content\/uploads\/2023\/06\/GPS-Off-road-Digital-Inclinometer.jpg 1200w, \/\/mrcartools.com\/wp-content\/uploads\/2023\/06\/GPS-Off-road-Digital-Inclinometer-253x253.jpg 253w, \/\/mrcartools.com\/wp-content\/uploads\/2023\/06\/GPS-Off-road-Digital-Inclinometer-100x100.jpg 100w, \/\/mrcartools.com\/wp-content\/uploads\/2023\/06\/GPS-Off-road-Digital-Inclinometer-510x510.jpg 510w\" sizes=\"(max-width: 1200px) 100vw, 1200px\" \/><\/p>\n<div class=\"detailmodule_text\">\n<p class=\"detail-desc-decorate-title\">Produkto parametras:<\/p>\n<p class=\"detail-desc-decorate-content\" data-spm-anchor-id=\"a2g0o.detail.1000023.i1.1e3029ceOsgWH7\">Maitinimo \u0161altinis: DC 10V ~ 30V;<br \/>\nDarbin\u0117 temperat\u016bra: -40 \u00b0C ~ 80 \u00b0C;<br \/>\nPosvyrio kampas \/ ried\u0117jimo kampas: -40\u00b0 ~ 40\u00b0;<br \/>\n\u012etampos matavimo diapazonas: DC 5V ~ 30V;<br \/>\n\u012etampos matavimo tikslumas: 0,5 V;<br \/>\nSvoris\uff1a230g\uff1b<br \/>\nProdukto dydis\uff1a127*25*60mm<\/p>\n<p data-spm-anchor-id=\"a2g0o.detail.1000023.i1.1e3029ceOsgWH7\"><img decoding=\"async\" class=\"alignnone size-full wp-image-3425\" src=\"https:\/\/mrcartools.com\/wp-content\/uploads\/2023\/06\/Car-Digital-Display.jpg\" alt=\"Car Digital Display\" width=\"1200\" height=\"1200\" srcset=\"\/\/mrcartools.com\/wp-content\/uploads\/2023\/06\/Car-Digital-Display.jpg 1200w, \/\/mrcartools.com\/wp-content\/uploads\/2023\/06\/Car-Digital-Display-253x253.jpg 253w, \/\/mrcartools.com\/wp-content\/uploads\/2023\/06\/Car-Digital-Display-100x100.jpg 100w, \/\/mrcartools.com\/wp-content\/uploads\/2023\/06\/Car-Digital-Display-510x510.jpg 510w\" sizes=\"(max-width: 1200px) 100vw, 1200px\" \/><img loading=\"lazy\" decoding=\"async\" class=\"alignnone size-full wp-image-3430\" src=\"https:\/\/mrcartools.com\/wp-content\/uploads\/2023\/06\/Car-HUD-Digital-Display.jpg\" alt=\"Car HUD Digital Display\" width=\"1200\" height=\"1200\" srcset=\"\/\/mrcartools.com\/wp-content\/uploads\/2023\/06\/Car-HUD-Digital-Display.jpg 1200w, \/\/mrcartools.com\/wp-content\/uploads\/2023\/06\/Car-HUD-Digital-Display-253x253.jpg 253w, \/\/mrcartools.com\/wp-content\/uploads\/2023\/06\/Car-HUD-Digital-Display-100x100.jpg 100w, \/\/mrcartools.com\/wp-content\/uploads\/2023\/06\/Car-HUD-Digital-Display-510x510.jpg 510w\" sizes=\"(max-width: 1200px) 100vw, 1200px\" \/><\/p>\n<p class=\"detail-desc-decorate-title\" data-spm-anchor-id=\"a2g0o.detail.1000023.i2.1e3029ceOsgWH7\">I\u0161samus funkcij\u0173 paai\u0161kinimas:<\/p>\n<p class=\"detail-desc-decorate-content\">\u27a4Va\u017eiavimo re\u017eimo jungiklis: Paspauskite ir 5 s palaikykite funkcij\u0173 pasirinkimo mygtuk\u0105, kad \u012feitum\u0117te \u012f va\u017eiavimo bekele ir va\u017eiavimo mieste re\u017eimo pasirinkimo s\u0105saj\u0105, tada paspauskite ir 5 s palaikykite, kad i\u0161saugotum\u0117te nustatymus.<br \/>\n\u27a4Roll angle reset: Trumpai paspauskite \u012fjungimo \/ i\u0161jungimo mygtuk\u0105, kad i\u0161 naujo nustatytum\u0117te posvyrio kamp\u0105 ir polinkio kamp\u0105.<br \/>\n\u27a4 Ry\u0161kumo reguliavimas: trumpai paspauskite funkcijos pasirinkimo mygtuk\u0105, kad sureguliuotum\u0117te ry\u0161kum\u0105.<\/p>\n<p><img loading=\"lazy\" decoding=\"async\" class=\"alignnone size-full wp-image-3431\" src=\"https:\/\/mrcartools.com\/wp-content\/uploads\/2023\/06\/Slope-Meter.jpg\" alt=\"Slope Meter\" width=\"1200\" height=\"1200\" srcset=\"\/\/mrcartools.com\/wp-content\/uploads\/2023\/06\/Slope-Meter.jpg 1200w, \/\/mrcartools.com\/wp-content\/uploads\/2023\/06\/Slope-Meter-253x253.jpg 253w, \/\/mrcartools.com\/wp-content\/uploads\/2023\/06\/Slope-Meter-100x100.jpg 100w, \/\/mrcartools.com\/wp-content\/uploads\/2023\/06\/Slope-Meter-510x510.jpg 510w\" sizes=\"(max-width: 1200px) 100vw, 1200px\" \/> <img loading=\"lazy\" decoding=\"async\" class=\"alignnone size-full wp-image-3432\" src=\"https:\/\/mrcartools.com\/wp-content\/uploads\/2023\/06\/GPS-Smart-Inclinometer.jpg\" alt=\"GPS Smart Inclinometer\" width=\"1200\" height=\"1200\" srcset=\"\/\/mrcartools.com\/wp-content\/uploads\/2023\/06\/GPS-Smart-Inclinometer.jpg 1200w, \/\/mrcartools.com\/wp-content\/uploads\/2023\/06\/GPS-Smart-Inclinometer-253x253.jpg 253w, \/\/mrcartools.com\/wp-content\/uploads\/2023\/06\/GPS-Smart-Inclinometer-100x100.jpg 100w, \/\/mrcartools.com\/wp-content\/uploads\/2023\/06\/GPS-Smart-Inclinometer-510x510.jpg 510w\" sizes=\"(max-width: 1200px) 100vw, 1200px\" \/><\/p>\n<div class=\"detailmodule_text\">\n<p class=\"detail-desc-decorate-title\">Savyb\u0117s\uff1a<\/p>\n<p class=\"detail-desc-decorate-content\">-\u012estri\u017eain\u0117s kampas: Nuokrypio kampas matuojamas realiuoju laiku va\u017eiuojant, diapazonas -40\u00b0~ +40\u00b0 nuo vir\u0161aus iki apa\u010dios.<br \/>\n-Ritinio kampas: -40\u00b0~ +40\u00b0 tarp kair\u0117s ir de\u0161in\u0117s pus\u0117s.<br \/>\n-Va\u017eiavimo re\u017eimo pasirinkimas: Galima pasirinkti va\u017eiavimo mieste ir bekel\u0117je re\u017eim\u0105.<br \/>\n-Saugos signalo raginimai: Kai transporto priemon\u0117s posvyrio kampas ir posvyrio kampas vir\u0161ija numatyt\u0105j\u0105 pavojaus reik\u0161m\u0119, prietaisas paskelbia saugos signalo signal\u0105 \"pyptel\u0117jimas\".<\/p>\n<p><img loading=\"lazy\" decoding=\"async\" class=\"alignnone size-full wp-image-3433\" src=\"https:\/\/mrcartools.com\/wp-content\/uploads\/2023\/06\/HUD-Angle-Slope-Meter.jpg\" alt=\"HUD Angle Slope Meter\" width=\"1200\" height=\"1200\" srcset=\"\/\/mrcartools.com\/wp-content\/uploads\/2023\/06\/HUD-Angle-Slope-Meter.jpg 1200w, \/\/mrcartools.com\/wp-content\/uploads\/2023\/06\/HUD-Angle-Slope-Meter-253x253.jpg 253w, \/\/mrcartools.com\/wp-content\/uploads\/2023\/06\/HUD-Angle-Slope-Meter-100x100.jpg 100w, \/\/mrcartools.com\/wp-content\/uploads\/2023\/06\/HUD-Angle-Slope-Meter-510x510.jpg 510w\" sizes=\"(max-width: 1200px) 100vw, 1200px\" \/> <img loading=\"lazy\" decoding=\"async\" class=\"alignnone size-full wp-image-3427\" src=\"https:\/\/mrcartools.com\/wp-content\/uploads\/2023\/06\/mrcartool-M50-head-up-display.jpg\" alt=\"mrcartool M50 head up display\" width=\"1200\" height=\"1200\" srcset=\"\/\/mrcartools.com\/wp-content\/uploads\/2023\/06\/mrcartool-M50-head-up-display.jpg 1200w, \/\/mrcartools.com\/wp-content\/uploads\/2023\/06\/mrcartool-M50-head-up-display-253x253.jpg 253w, \/\/mrcartools.com\/wp-content\/uploads\/2023\/06\/mrcartool-M50-head-up-display-100x100.jpg 100w, \/\/mrcartools.com\/wp-content\/uploads\/2023\/06\/mrcartool-M50-head-up-display-510x510.jpg 510w\" sizes=\"(max-width: 1200px) 100vw, 1200px\" \/><img loading=\"lazy\" decoding=\"async\" class=\"alignnone size-full wp-image-3428\" src=\"https:\/\/mrcartools.com\/wp-content\/uploads\/2023\/06\/Slope-Meter-with-Battery-Voltage-Monitoring.jpg\" alt=\"Slope Meter with Battery Voltage Monitoring\" width=\"1200\" height=\"1200\" srcset=\"\/\/mrcartools.com\/wp-content\/uploads\/2023\/06\/Slope-Meter-with-Battery-Voltage-Monitoring.jpg 1200w, \/\/mrcartools.com\/wp-content\/uploads\/2023\/06\/Slope-Meter-with-Battery-Voltage-Monitoring-253x253.jpg 253w, \/\/mrcartools.com\/wp-content\/uploads\/2023\/06\/Slope-Meter-with-Battery-Voltage-Monitoring-100x100.jpg 100w, \/\/mrcartools.com\/wp-content\/uploads\/2023\/06\/Slope-Meter-with-Battery-Voltage-Monitoring-510x510.jpg 510w\" sizes=\"(max-width: 1200px) 100vw, 1200px\" \/><\/p>\n<div class=\"detailmodule_text\">\n<p class=\"detail-desc-decorate-title\">Pakavimo s\u0105ra\u0161as:<\/p>\n<p class=\"detail-desc-decorate-content\">1 vnt* MRCARTOOL M50 i\u0161maniojo nuolyd\u017eio matuoklio pagrindinis blokas<br \/>\n1 vnt. * Cigaret\u0117s \u017eiebtuv\u0117lio maitinimo kabelis<br \/>\n1 vnt. * Sumontuotas maitinimo kabelis<br \/>\n1 vnt* laikiklis<br \/>\n1 vnt. * Vartotojo vadovas<br \/>\n1 vnt. * Pakuot\u0117s d\u0117\u017eut\u0117<\/p>\n<p><img loading=\"lazy\" decoding=\"async\" class=\"alignnone size-full wp-image-3434\" src=\"https:\/\/mrcartools.com\/wp-content\/uploads\/2023\/06\/GPS-HUD-Intelligent-Slope-Meter.jpg\" alt=\"GPS HUD Intelligent Slope Meter\" width=\"1200\" height=\"1200\" srcset=\"\/\/mrcartools.com\/wp-content\/uploads\/2023\/06\/GPS-HUD-Intelligent-Slope-Meter.jpg 1200w, \/\/mrcartools.com\/wp-content\/uploads\/2023\/06\/GPS-HUD-Intelligent-Slope-Meter-253x253.jpg 253w, \/\/mrcartools.com\/wp-content\/uploads\/2023\/06\/GPS-HUD-Intelligent-Slope-Meter-100x100.jpg 100w, \/\/mrcartools.com\/wp-content\/uploads\/2023\/06\/GPS-HUD-Intelligent-Slope-Meter-510x510.jpg 510w\" sizes=\"(max-width: 1200px) 100vw, 1200px\" \/><img loading=\"lazy\" decoding=\"async\" class=\"alignnone size-full wp-image-3311\" src=\"https:\/\/mrcartools.com\/wp-content\/uploads\/2023\/06\/1.webp\" alt=\"\" width=\"1200\" height=\"600\" srcset=\"\/\/mrcartools.com\/wp-content\/uploads\/2023\/06\/1.webp 1200w, \/\/mrcartools.com\/wp-content\/uploads\/2023\/06\/1-510x255.webp 510w, \/\/mrcartools.com\/wp-content\/uploads\/2023\/06\/1-800x400.webp 800w, \/\/mrcartools.com\/wp-content\/uploads\/2023\/06\/1-768x384.webp 768w\" sizes=\"(max-width: 1200px) 100vw, 1200px\" \/> <img loading=\"lazy\" decoding=\"async\" class=\"alignnone size-full wp-image-3312\" src=\"https:\/\/mrcartools.com\/wp-content\/uploads\/2023\/06\/2.webp\" alt=\"\" width=\"1200\" height=\"600\" srcset=\"\/\/mrcartools.com\/wp-content\/uploads\/2023\/06\/2.webp 1200w, \/\/mrcartools.com\/wp-content\/uploads\/2023\/06\/2-510x255.webp 510w, \/\/mrcartools.com\/wp-content\/uploads\/2023\/06\/2-800x400.webp 800w, \/\/mrcartools.com\/wp-content\/uploads\/2023\/06\/2-768x384.webp 768w\" sizes=\"(max-width: 1200px) 100vw, 1200px\" \/> <img loading=\"lazy\" decoding=\"async\" class=\"alignnone size-full wp-image-3313\" src=\"https:\/\/mrcartools.com\/wp-content\/uploads\/2023\/06\/3.webp\" alt=\"\" width=\"1200\" height=\"600\" srcset=\"\/\/mrcartools.com\/wp-content\/uploads\/2023\/06\/3.webp 1200w, \/\/mrcartools.com\/wp-content\/uploads\/2023\/06\/3-510x255.webp 510w, \/\/mrcartools.com\/wp-content\/uploads\/2023\/06\/3-800x400.webp 800w, \/\/mrcartools.com\/wp-content\/uploads\/2023\/06\/3-768x384.webp 768w\" sizes=\"(max-width: 1200px) 100vw, 1200px\" \/> <img loading=\"lazy\" decoding=\"async\" class=\"alignnone size-full wp-image-3314\" src=\"https:\/\/mrcartools.com\/wp-content\/uploads\/2023\/06\/Mrcartool.jpg\" alt=\"\" width=\"1200\" height=\"600\" srcset=\"\/\/mrcartools.com\/wp-content\/uploads\/2023\/06\/Mrcartool.jpg 1200w, \/\/mrcartools.com\/wp-content\/uploads\/2023\/06\/Mrcartool-510x255.jpg 510w\" sizes=\"(max-width: 1200px) 100vw, 1200px\" \/><\/p>\n<\/div>\n<\/div>\n<\/div>","protected":false},"excerpt":{"rendered":"<p>Upgraded M50 Introduction\uff1a MR CARTOOL M50 Automotive Smart Slope Meter is a meter with a built-in multi-functional and multi-axis gyroscope. It supports 99% of the car models in the market. It can measure the vehicle&#8217;s pitch angle, roll angle, driving mode selection and safety alarm prompts, which greatly improves driving safety and delivers a premium [&#8230;]","protected":false},"featured_media":3423,"template":"","meta":[],"product_brand":[],"product_cat":[142],"product_tag":[],"class_list":{"0":"post-3422","1":"product","2":"type-product","3":"status-publish","4":"has-post-thumbnail","6":"product_cat-car-inclinometer","7":"product_shipping_class-weight","8":"pa_ship-from-china","9":"pa_ship-from-germany","10":"pa_ship-from-united-kingdom","11":"pa_ship-from-united-states","13":"first","14":"instock","15":"shipping-taxable","16":"product-type-variable","17":"wvs-archive-product-wrapper"},"yoast_head":"<!-- This site is optimized with the Yoast SEO Premium plugin v24.4 (Yoast SEO v24.4) - https:\/\/yoast.com\/wordpress\/plugins\/seo\/ -->\n<title>MRCARTOOL M50 GPS Smart Inclinometer Digital Inclinometer Guage for Off-Road SUV Vehicles GPS HUD - Mrcartool<\/title>\n<meta name=\"robots\" content=\"index, follow, max-snippet:-1, max-image-preview:large, max-video-preview:-1\" \/>\n<link rel=\"canonical\" href=\"https:\/\/mrcartools.com\/lt\/produktas\/mrcartool-m50-gps-smart-inclinometer-digital-inclinometer-guage-for-off-road-suv-vehicles-gps-hud\/\" \/>\n<meta property=\"og:locale\" content=\"lt_LT\" \/>\n<meta property=\"og:type\" content=\"article\" \/>\n<meta property=\"og:title\" content=\"MRCARTOOL M50 GPS Smart Inclinometer Digital Inclinometer Guage for Off-Road SUV Vehicles GPS HUD\" \/>\n<meta property=\"og:description\" content=\"Upgraded M50 Introduction\uff1a MR CARTOOL M50 Automotive Smart Slope Meter is a meter with a built-in multi-functional and multi-axis gyroscope. It supports 99% of the car models in the market. It can measure the vehicle&#8217;s pitch angle, roll angle, driving mode selection and safety alarm prompts, which greatly improves driving safety and delivers a premium [...]\" \/>\n<meta property=\"og:url\" content=\"https:\/\/mrcartools.com\/lt\/produktas\/mrcartool-m50-gps-smart-inclinometer-digital-inclinometer-guage-for-off-road-suv-vehicles-gps-hud\/\" \/>\n<meta property=\"og:site_name\" content=\"Mrcartool\" \/>\n<meta property=\"article:modified_time\" content=\"2025-04-29T08:59:27+00:00\" \/>\n<meta property=\"og:image\" content=\"https:\/\/mrcartools.com\/wp-content\/uploads\/2023\/06\/MRCARTOOL-M50-Off-Road-GPS-Smart-Inclinometer.jpg\" \/>\n\t<meta property=\"og:image:width\" content=\"1920\" \/>\n\t<meta property=\"og:image:height\" content=\"1920\" \/>\n\t<meta property=\"og:image:type\" content=\"image\/jpeg\" \/>\n<meta name=\"twitter:card\" content=\"summary_large_image\" \/>\n<meta name=\"twitter:label1\" content=\"Est. reading time\" \/>\n\t<meta name=\"twitter:data1\" content=\"5 minut\u0117s\" \/>\n<script type=\"application\/ld+json\" class=\"yoast-schema-graph\">{\"@context\":\"https:\/\/schema.org\",\"@graph\":[{\"@type\":\"WebPage\",\"@id\":\"https:\/\/mrcartools.com\/product\/mrcartool-m50-gps-smart-inclinometer-digital-inclinometer-guage-for-off-road-suv-vehicles-gps-hud\/\",\"url\":\"https:\/\/mrcartools.com\/product\/mrcartool-m50-gps-smart-inclinometer-digital-inclinometer-guage-for-off-road-suv-vehicles-gps-hud\/\",\"name\":\"MRCARTOOL M50 GPS Smart Inclinometer Digital Inclinometer Guage for Off-Road SUV Vehicles GPS HUD - Mrcartool\",\"isPartOf\":{\"@id\":\"https:\/\/mrcartools.com\/#website\"},\"primaryImageOfPage\":{\"@id\":\"https:\/\/mrcartools.com\/product\/mrcartool-m50-gps-smart-inclinometer-digital-inclinometer-guage-for-off-road-suv-vehicles-gps-hud\/#primaryimage\"},\"image\":{\"@id\":\"https:\/\/mrcartools.com\/product\/mrcartool-m50-gps-smart-inclinometer-digital-inclinometer-guage-for-off-road-suv-vehicles-gps-hud\/#primaryimage\"},\"thumbnailUrl\":\"https:\/\/mrcartools.com\/wp-content\/uploads\/2023\/06\/MRCARTOOL-M50-Off-Road-GPS-Smart-Inclinometer.jpg\",\"datePublished\":\"2023-06-15T08:19:03+00:00\",\"dateModified\":\"2025-04-29T08:59:27+00:00\",\"breadcrumb\":{\"@id\":\"https:\/\/mrcartools.com\/product\/mrcartool-m50-gps-smart-inclinometer-digital-inclinometer-guage-for-off-road-suv-vehicles-gps-hud\/#breadcrumb\"},\"inLanguage\":\"lt-LT\",\"potentialAction\":[{\"@type\":\"ReadAction\",\"target\":[\"https:\/\/mrcartools.com\/product\/mrcartool-m50-gps-smart-inclinometer-digital-inclinometer-guage-for-off-road-suv-vehicles-gps-hud\/\"]}]},{\"@type\":\"ImageObject\",\"inLanguage\":\"lt-LT\",\"@id\":\"https:\/\/mrcartools.com\/product\/mrcartool-m50-gps-smart-inclinometer-digital-inclinometer-guage-for-off-road-suv-vehicles-gps-hud\/#primaryimage\",\"url\":\"https:\/\/mrcartools.com\/wp-content\/uploads\/2023\/06\/MRCARTOOL-M50-Off-Road-GPS-Smart-Inclinometer.jpg\",\"contentUrl\":\"https:\/\/mrcartools.com\/wp-content\/uploads\/2023\/06\/MRCARTOOL-M50-Off-Road-GPS-Smart-Inclinometer.jpg\",\"width\":1920,\"height\":1920,\"caption\":\"MRCARTOOL M50 Off Road GPS Smart Inclinometer\"},{\"@type\":\"BreadcrumbList\",\"@id\":\"https:\/\/mrcartools.com\/product\/mrcartool-m50-gps-smart-inclinometer-digital-inclinometer-guage-for-off-road-suv-vehicles-gps-hud\/#breadcrumb\",\"itemListElement\":[{\"@type\":\"ListItem\",\"position\":1,\"name\":\"Home\",\"item\":\"https:\/\/mrcartools.com\/\"},{\"@type\":\"ListItem\",\"position\":2,\"name\":\"Shop\",\"item\":\"https:\/\/mrcartools.com\/shop-2\/\"},{\"@type\":\"ListItem\",\"position\":3,\"name\":\"MRCARTOOL M50 GPS Smart Inclinometer Digital Inclinometer Guage for Off-Road SUV Vehicles GPS HUD\"}]},{\"@type\":\"WebSite\",\"@id\":\"https:\/\/mrcartools.com\/#website\",\"url\":\"https:\/\/mrcartools.com\/\",\"name\":\"MRCARTOOL\",\"description\":\"MRCARTOOL Official Website\",\"publisher\":{\"@id\":\"https:\/\/mrcartools.com\/#organization\"},\"potentialAction\":[{\"@type\":\"SearchAction\",\"target\":{\"@type\":\"EntryPoint\",\"urlTemplate\":\"https:\/\/mrcartools.com\/?s={search_term_string}\"},\"query-input\":{\"@type\":\"PropertyValueSpecification\",\"valueRequired\":true,\"valueName\":\"search_term_string\"}}],\"inLanguage\":\"lt-LT\"},{\"@type\":\"Organization\",\"@id\":\"https:\/\/mrcartools.com\/#organization\",\"name\":\"MRCARTOOL\",\"url\":\"https:\/\/mrcartools.com\/\",\"logo\":{\"@type\":\"ImageObject\",\"inLanguage\":\"lt-LT\",\"@id\":\"https:\/\/mrcartools.com\/#\/schema\/logo\/image\/\",\"url\":\"https:\/\/mrcartools.com\/wp-content\/uploads\/2023\/07\/\u4e0a\u4f73\u6c7d\u8f66\u5de5\u5177-LOGO-2.png\",\"contentUrl\":\"https:\/\/mrcartools.com\/wp-content\/uploads\/2023\/07\/\u4e0a\u4f73\u6c7d\u8f66\u5de5\u5177-LOGO-2.png\",\"width\":1800,\"height\":402,\"caption\":\"MRCARTOOL\"},\"image\":{\"@id\":\"https:\/\/mrcartools.com\/#\/schema\/logo\/image\/\"}}]}<\/script>\n<!-- \/ Yoast SEO Premium plugin. -->","yoast_head_json":{"title":"MRCARTOOL M50 GPS Smart Inclinometer Digital Inclinometer Guage for Off-Road SUV Vehicles GPS HUD - Mrcartool","robots":{"index":"index","follow":"follow","max-snippet":"max-snippet:-1","max-image-preview":"max-image-preview:large","max-video-preview":"max-video-preview:-1"},"canonical":"https:\/\/mrcartools.com\/lt\/produktas\/mrcartool-m50-gps-smart-inclinometer-digital-inclinometer-guage-for-off-road-suv-vehicles-gps-hud\/","og_locale":"lt_LT","og_type":"article","og_title":"MRCARTOOL M50 GPS Smart Inclinometer Digital Inclinometer Guage for Off-Road SUV Vehicles GPS HUD","og_description":"Upgraded M50 Introduction\uff1a MR CARTOOL M50 Automotive Smart Slope Meter is a meter with a built-in multi-functional and multi-axis gyroscope. It supports 99% of the car models in the market. It can measure the vehicle&#8217;s pitch angle, roll angle, driving mode selection and safety alarm prompts, which greatly improves driving safety and delivers a premium [...]","og_url":"https:\/\/mrcartools.com\/lt\/produktas\/mrcartool-m50-gps-smart-inclinometer-digital-inclinometer-guage-for-off-road-suv-vehicles-gps-hud\/","og_site_name":"Mrcartool","article_modified_time":"2025-04-29T08:59:27+00:00","og_image":[{"width":1920,"height":1920,"url":"https:\/\/mrcartools.com\/wp-content\/uploads\/2023\/06\/MRCARTOOL-M50-Off-Road-GPS-Smart-Inclinometer.jpg","type":"image\/jpeg"}],"twitter_card":"summary_large_image","twitter_misc":{"Est. reading time":"5 minut\u0117s"},"schema":{"@context":"https:\/\/schema.org","@graph":[{"@type":"WebPage","@id":"https:\/\/mrcartools.com\/product\/mrcartool-m50-gps-smart-inclinometer-digital-inclinometer-guage-for-off-road-suv-vehicles-gps-hud\/","url":"https:\/\/mrcartools.com\/product\/mrcartool-m50-gps-smart-inclinometer-digital-inclinometer-guage-for-off-road-suv-vehicles-gps-hud\/","name":"MRCARTOOL M50 GPS Smart Inclinometer Digital Inclinometer Guage for Off-Road SUV Vehicles GPS HUD - Mrcartool","isPartOf":{"@id":"https:\/\/mrcartools.com\/#website"},"primaryImageOfPage":{"@id":"https:\/\/mrcartools.com\/product\/mrcartool-m50-gps-smart-inclinometer-digital-inclinometer-guage-for-off-road-suv-vehicles-gps-hud\/#primaryimage"},"image":{"@id":"https:\/\/mrcartools.com\/product\/mrcartool-m50-gps-smart-inclinometer-digital-inclinometer-guage-for-off-road-suv-vehicles-gps-hud\/#primaryimage"},"thumbnailUrl":"https:\/\/mrcartools.com\/wp-content\/uploads\/2023\/06\/MRCARTOOL-M50-Off-Road-GPS-Smart-Inclinometer.jpg","datePublished":"2023-06-15T08:19:03+00:00","dateModified":"2025-04-29T08:59:27+00:00","breadcrumb":{"@id":"https:\/\/mrcartools.com\/product\/mrcartool-m50-gps-smart-inclinometer-digital-inclinometer-guage-for-off-road-suv-vehicles-gps-hud\/#breadcrumb"},"inLanguage":"lt-LT","potentialAction":[{"@type":"ReadAction","target":["https:\/\/mrcartools.com\/product\/mrcartool-m50-gps-smart-inclinometer-digital-inclinometer-guage-for-off-road-suv-vehicles-gps-hud\/"]}]},{"@type":"ImageObject","inLanguage":"lt-LT","@id":"https:\/\/mrcartools.com\/product\/mrcartool-m50-gps-smart-inclinometer-digital-inclinometer-guage-for-off-road-suv-vehicles-gps-hud\/#primaryimage","url":"https:\/\/mrcartools.com\/wp-content\/uploads\/2023\/06\/MRCARTOOL-M50-Off-Road-GPS-Smart-Inclinometer.jpg","contentUrl":"https:\/\/mrcartools.com\/wp-content\/uploads\/2023\/06\/MRCARTOOL-M50-Off-Road-GPS-Smart-Inclinometer.jpg","width":1920,"height":1920,"caption":"MRCARTOOL M50 Off Road GPS Smart Inclinometer"},{"@type":"BreadcrumbList","@id":"https:\/\/mrcartools.com\/product\/mrcartool-m50-gps-smart-inclinometer-digital-inclinometer-guage-for-off-road-suv-vehicles-gps-hud\/#breadcrumb","itemListElement":[{"@type":"ListItem","position":1,"name":"Home","item":"https:\/\/mrcartools.com\/"},{"@type":"ListItem","position":2,"name":"Shop","item":"https:\/\/mrcartools.com\/shop-2\/"},{"@type":"ListItem","position":3,"name":"MRCARTOOL M50 GPS Smart Inclinometer Digital Inclinometer Guage for Off-Road SUV Vehicles GPS HUD"}]},{"@type":"WebSite","@id":"https:\/\/mrcartools.com\/#website","url":"https:\/\/mrcartools.com\/","name":"MRCARTOOL","description":"Oficiali svetain\u0117 MRCARTOOL","publisher":{"@id":"https:\/\/mrcartools.com\/#organization"},"potentialAction":[{"@type":"SearchAction","target":{"@type":"EntryPoint","urlTemplate":"https:\/\/mrcartools.com\/?s={search_term_string}"},"query-input":{"@type":"PropertyValueSpecification","valueRequired":true,"valueName":"search_term_string"}}],"inLanguage":"lt-LT"},{"@type":"Organization","@id":"https:\/\/mrcartools.com\/#organization","name":"MRCARTOOL","url":"https:\/\/mrcartools.com\/","logo":{"@type":"ImageObject","inLanguage":"lt-LT","@id":"https:\/\/mrcartools.com\/#\/schema\/logo\/image\/","url":"https:\/\/mrcartools.com\/wp-content\/uploads\/2023\/07\/\u4e0a\u4f73\u6c7d\u8f66\u5de5\u5177-LOGO-2.png","contentUrl":"https:\/\/mrcartools.com\/wp-content\/uploads\/2023\/07\/\u4e0a\u4f73\u6c7d\u8f66\u5de5\u5177-LOGO-2.png","width":1800,"height":402,"caption":"MRCARTOOL"},"image":{"@id":"https:\/\/mrcartools.com\/#\/schema\/logo\/image\/"}}]}},"_links":{"self":[{"href":"https:\/\/mrcartools.com\/lt\/wp-json\/wp\/v2\/product\/3422","targetHints":{"allow":["GET"]}}],"collection":[{"href":"https:\/\/mrcartools.com\/lt\/wp-json\/wp\/v2\/product"}],"about":[{"href":"https:\/\/mrcartools.com\/lt\/wp-json\/wp\/v2\/types\/product"}],"version-history":[{"count":0,"href":"https:\/\/mrcartools.com\/lt\/wp-json\/wp\/v2\/product\/3422\/revisions"}],"wp:featuredmedia":[{"embeddable":true,"href":"https:\/\/mrcartools.com\/lt\/wp-json\/wp\/v2\/media\/3423"}],"wp:attachment":[{"href":"https:\/\/mrcartools.com\/lt\/wp-json\/wp\/v2\/media?parent=3422"}],"wp:term":[{"taxonomy":"product_brand","embeddable":true,"href":"https:\/\/mrcartools.com\/lt\/wp-json\/wp\/v2\/product_brand?post=3422"},{"taxonomy":"product_cat","embeddable":true,"href":"https:\/\/mrcartools.com\/lt\/wp-json\/wp\/v2\/product_cat?post=3422"},{"taxonomy":"product_tag","embeddable":true,"href":"https:\/\/mrcartools.com\/lt\/wp-json\/wp\/v2\/product_tag?post=3422"}],"curies":[{"name":"wp","href":"https:\/\/api.w.org\/{rel}","templated":true}]}}