{"id":3436,"date":"2023-06-15T08:53:58","date_gmt":"2023-06-15T08:53:58","guid":{"rendered":"https:\/\/mrcartools.com\/?post_type=product&#038;p=3436"},"modified":"2025-04-29T09:07:02","modified_gmt":"2025-04-29T09:07:02","slug":"mrcartool-m85-multi-function-hud-gps-inclinometer-slope-meter-for-off-road-suv-vehicles","status":"publish","type":"product","link":"https:\/\/mrcartools.com\/lt\/produktas\/mrcartool-m85-multi-function-hud-gps-inclinometer-slope-meter-for-off-road-suv-vehicles\/","title":{"rendered":"MRCARTOOL M85 daugiafunkcinis HUD GPS nuolyd\u017eio matuoklis, skirtas visureigi\u0173 visureigiams"},"content":{"rendered":"<div class=\"detailmodule_text\">\n<p>Produkto apra\u0161ymas:<\/p>\n<p class=\"detail-desc-decorate-content\">M85 visureigi\u0173 nuolyd\u017eio matuoklis yra kompakti\u0161kas ir galingas automobili\u0173 prietaisas. Prietaisas turi tokias funkcijas, kaip transporto priemon\u0117s greitis, laikas, auk\u0161tis, rida ir kt. Jis ypa\u010d tinka visureigiams, neturintiems nuolyd\u017eio matuokli\u0173.<\/p>\n<p><img fetchpriority=\"high\" decoding=\"async\" class=\"alignnone size-full wp-image-3439\" src=\"https:\/\/mrcartools.com\/wp-content\/uploads\/2023\/06\/MRCARTOOL-M85-GPS-Off-road-Car-Gradient-Meter.jpg\" alt=\"MRCARTOOL M85 GPS Off road Car Gradient Meter\" width=\"1200\" height=\"1200\" srcset=\"\/\/mrcartools.com\/wp-content\/uploads\/2023\/06\/MRCARTOOL-M85-GPS-Off-road-Car-Gradient-Meter.jpg 1200w, \/\/mrcartools.com\/wp-content\/uploads\/2023\/06\/MRCARTOOL-M85-GPS-Off-road-Car-Gradient-Meter-253x253.jpg 253w, \/\/mrcartools.com\/wp-content\/uploads\/2023\/06\/MRCARTOOL-M85-GPS-Off-road-Car-Gradient-Meter-100x100.jpg 100w, \/\/mrcartools.com\/wp-content\/uploads\/2023\/06\/MRCARTOOL-M85-GPS-Off-road-Car-Gradient-Meter-510x510.jpg 510w\" sizes=\"(max-width: 1200px) 100vw, 1200px\" \/><\/p>\n<p>Produkto parametrai\uff1a<\/p>\n<p class=\"detail-desc-decorate-content\">Darbin\u0117 \u012ftampa: 5V-35V DC<\/p>\n<p class=\"detail-desc-decorate-content\">Darbin\u0117 srov\u0117: &lt;80 mA<\/p>\n<p class=\"detail-desc-decorate-content\">Miego srov\u0117: &lt;10 mA<\/p>\n<p class=\"detail-desc-decorate-content\">Darbo temperat\u016bra: -20 ~ 75 \u2103<\/p>\n<p class=\"detail-desc-decorate-content\">Gaminio t\u016bris: 115 mm \u00d7 75 mm \u00d7 50 mm<\/p>\n<p><img decoding=\"async\" class=\"alignnone size-full wp-image-3441\" src=\"https:\/\/mrcartools.com\/wp-content\/uploads\/2023\/06\/Slope-Meter-1.jpg\" alt=\"Slope Meter\" width=\"1200\" height=\"1200\" srcset=\"\/\/mrcartools.com\/wp-content\/uploads\/2023\/06\/Slope-Meter-1.jpg 1200w, \/\/mrcartools.com\/wp-content\/uploads\/2023\/06\/Slope-Meter-1-253x253.jpg 253w, \/\/mrcartools.com\/wp-content\/uploads\/2023\/06\/Slope-Meter-1-100x100.jpg 100w, \/\/mrcartools.com\/wp-content\/uploads\/2023\/06\/Slope-Meter-1-510x510.jpg 510w\" sizes=\"(max-width: 1200px) 100vw, 1200px\" \/><img decoding=\"async\" class=\"alignnone size-full wp-image-3444\" src=\"https:\/\/mrcartools.com\/wp-content\/uploads\/2023\/06\/Multi-function-HUD-Display-For-Car.jpg\" alt=\"Multi function HUD Display For Car\" width=\"1200\" height=\"1200\" srcset=\"\/\/mrcartools.com\/wp-content\/uploads\/2023\/06\/Multi-function-HUD-Display-For-Car.jpg 1200w, \/\/mrcartools.com\/wp-content\/uploads\/2023\/06\/Multi-function-HUD-Display-For-Car-253x253.jpg 253w, \/\/mrcartools.com\/wp-content\/uploads\/2023\/06\/Multi-function-HUD-Display-For-Car-100x100.jpg 100w, \/\/mrcartools.com\/wp-content\/uploads\/2023\/06\/Multi-function-HUD-Display-For-Car-510x510.jpg 510w\" sizes=\"(max-width: 1200px) 100vw, 1200px\" \/><\/p>\n<div class=\"detailmodule_text\">\n<p class=\"detail-desc-decorate-title\"><strong>Pagrindin\u0117s gaminio funkcijos\uff1a<\/strong><\/p>\n<p class=\"detail-desc-decorate-content\">1. Auk\u0161\u010dio rodymas<\/p>\n<p class=\"detail-desc-decorate-content\">2. Palydovinio laiko rodymas<\/p>\n<p class=\"detail-desc-decorate-content\">3. Kelion\u0117s grei\u010dio rodinys<\/p>\n<p class=\"detail-desc-decorate-content\">4. Akumuliatoriaus \u012ftampos ir srov\u0117s rodmuo<\/p>\n<p class=\"detail-desc-decorate-content\">5. Vairavimo laikas<\/p>\n<p class=\"detail-desc-decorate-content\">6. Kompaso ekranas<\/p>\n<p class=\"detail-desc-decorate-content\">7. Dabartinis nuva\u017eiuotas atstumas<\/p>\n<p class=\"detail-desc-decorate-content\">8. Bendras nuva\u017eiuotas atstumas<\/p>\n<p class=\"detail-desc-decorate-content\">9. Va\u017eiavimo kryptis<\/p>\n<p class=\"detail-desc-decorate-content\">10. Posvyrio kampo rodymas<\/p>\n<p class=\"detail-desc-decorate-content\">11. Krypties kampo rodymas<\/p>\n<p class=\"detail-desc-decorate-content\">12. Platumos ir ilgumos matavimas<\/p>\n<p class=\"detail-desc-decorate-content\">13. Automatinis ry\u0161kumo reguliavimas<\/p>\n<p class=\"detail-desc-decorate-content\">14. Pad\u0117ties nustatymo palydov\u0173 skai\u010dius<\/p>\n<p class=\"detail-desc-decorate-content\">15. \u012esp\u0117jimas apie nuovarg\u012f<\/p>\n<p class=\"detail-desc-decorate-content\">16. \u012esp\u0117jimas apie nuovarg\u012f<\/p>\n<\/div>\n<div class=\"detailmodule_text\">\n<p class=\"detail-desc-decorate-title\" data-spm-anchor-id=\"a2g0o.detail.1000023.i1.5b1c5592hAYo6P\"><strong>4 darbo s\u0105saj\u0173 r\u016b\u0161ys\uff1a<\/strong><\/p>\n<p data-spm-anchor-id=\"a2g0o.detail.1000023.i1.5b1c5592hAYo6P\"><img loading=\"lazy\" decoding=\"async\" class=\"alignnone size-full wp-image-3445\" src=\"https:\/\/mrcartools.com\/wp-content\/uploads\/2023\/06\/GPS-Off-road-Car-Gradient-Meter.webp\" alt=\"GPS Off road Car Gradient Meter\" width=\"970\" height=\"600\" srcset=\"\/\/mrcartools.com\/wp-content\/uploads\/2023\/06\/GPS-Off-road-Car-Gradient-Meter.webp 970w, \/\/mrcartools.com\/wp-content\/uploads\/2023\/06\/GPS-Off-road-Car-Gradient-Meter-510x315.webp 510w, \/\/mrcartools.com\/wp-content\/uploads\/2023\/06\/GPS-Off-road-Car-Gradient-Meter-647x400.webp 647w, \/\/mrcartools.com\/wp-content\/uploads\/2023\/06\/GPS-Off-road-Car-Gradient-Meter-768x475.webp 768w\" sizes=\"(max-width: 970px) 100vw, 970px\" \/><\/p>\n<p data-spm-anchor-id=\"a2g0o.detail.1000023.i1.5b1c5592hAYo6P\">Produkto savyb\u0117s:<\/p>\n<p data-spm-anchor-id=\"a2g0o.detail.1000023.i1.5b1c5592hAYo6P\"><img loading=\"lazy\" decoding=\"async\" class=\"alignnone size-full wp-image-3438\" src=\"https:\/\/mrcartools.com\/wp-content\/uploads\/2023\/06\/Car-LCD-Speedometer-Display.jpg\" alt=\"Car LCD Speedometer Display\" width=\"1200\" height=\"1200\" srcset=\"\/\/mrcartools.com\/wp-content\/uploads\/2023\/06\/Car-LCD-Speedometer-Display.jpg 1200w, \/\/mrcartools.com\/wp-content\/uploads\/2023\/06\/Car-LCD-Speedometer-Display-253x253.jpg 253w, \/\/mrcartools.com\/wp-content\/uploads\/2023\/06\/Car-LCD-Speedometer-Display-100x100.jpg 100w, \/\/mrcartools.com\/wp-content\/uploads\/2023\/06\/Car-LCD-Speedometer-Display-510x510.jpg 510w\" sizes=\"(max-width: 1200px) 100vw, 1200px\" \/><img loading=\"lazy\" decoding=\"async\" class=\"alignnone size-full wp-image-3446\" src=\"https:\/\/mrcartools.com\/wp-content\/uploads\/2023\/06\/M85-Car-HUD.jpg\" alt=\"M85 Car HUD\" width=\"1200\" height=\"1200\" srcset=\"\/\/mrcartools.com\/wp-content\/uploads\/2023\/06\/M85-Car-HUD.jpg 1200w, \/\/mrcartools.com\/wp-content\/uploads\/2023\/06\/M85-Car-HUD-253x253.jpg 253w, \/\/mrcartools.com\/wp-content\/uploads\/2023\/06\/M85-Car-HUD-100x100.jpg 100w, \/\/mrcartools.com\/wp-content\/uploads\/2023\/06\/M85-Car-HUD-510x510.jpg 510w\" sizes=\"(max-width: 1200px) 100vw, 1200px\" \/><img loading=\"lazy\" decoding=\"async\" class=\"alignnone size-full wp-image-3447\" src=\"https:\/\/mrcartools.com\/wp-content\/uploads\/2023\/06\/Automotive-Digital-Inclinometer.jpg\" alt=\"Automotive Digital Inclinometer\" width=\"1200\" height=\"1200\" srcset=\"\/\/mrcartools.com\/wp-content\/uploads\/2023\/06\/Automotive-Digital-Inclinometer.jpg 1200w, \/\/mrcartools.com\/wp-content\/uploads\/2023\/06\/Automotive-Digital-Inclinometer-253x253.jpg 253w, \/\/mrcartools.com\/wp-content\/uploads\/2023\/06\/Automotive-Digital-Inclinometer-100x100.jpg 100w, \/\/mrcartools.com\/wp-content\/uploads\/2023\/06\/Automotive-Digital-Inclinometer-510x510.jpg 510w\" sizes=\"(max-width: 1200px) 100vw, 1200px\" \/> <img loading=\"lazy\" decoding=\"async\" class=\"alignnone size-full wp-image-3448\" src=\"https:\/\/mrcartools.com\/wp-content\/uploads\/2023\/06\/MRCARTOOL-M85-Slope-Meter-for-Off-Road-SUV-Vehicles-1.jpg\" alt=\"MRCARTOOL M85 Slope Meter for Off Road SUV Vehicles\" width=\"1200\" height=\"1200\" srcset=\"\/\/mrcartools.com\/wp-content\/uploads\/2023\/06\/MRCARTOOL-M85-Slope-Meter-for-Off-Road-SUV-Vehicles-1.jpg 1200w, \/\/mrcartools.com\/wp-content\/uploads\/2023\/06\/MRCARTOOL-M85-Slope-Meter-for-Off-Road-SUV-Vehicles-1-253x253.jpg 253w, \/\/mrcartools.com\/wp-content\/uploads\/2023\/06\/MRCARTOOL-M85-Slope-Meter-for-Off-Road-SUV-Vehicles-1-100x100.jpg 100w, \/\/mrcartools.com\/wp-content\/uploads\/2023\/06\/MRCARTOOL-M85-Slope-Meter-for-Off-Road-SUV-Vehicles-1-510x510.jpg 510w\" sizes=\"(max-width: 1200px) 100vw, 1200px\" \/><\/p>\n<div class=\"detailmodule_text\">\n<p class=\"detail-desc-decorate-title\">Produkto montavimas:<\/p>\n<p class=\"detail-desc-decorate-content\">1. \u012eki\u0161kite automobilinio \u012fkroviklio laid\u0105 \u012f transporto priemon\u0119, tada \u012fki\u0161kite miniUSB galvut\u0117s lizd\u0105 \u012f galin\u012f kompiuterio lizd\u0105.<\/p>\n<p>2. Pateikt\u0105 modifikavimo kabel\u012f galima prijungti prie transporto priemon\u0117s ACC maitinimo gnybto, ir \u012frenginys automati\u0161kai \u012fsijungs ir i\u0161sijungs u\u017evedus ir i\u0161jungus transporto priemon\u0119.<\/p>\n<p>3. Ant pagrindinio bloko pagrindo u\u017eklijuokite dvipus\u0119 lipni\u0105 juost\u0105 ir suraskite tinkam\u0105 viet\u0105, kad gal\u0117tum\u0117te j\u0105 priklijuoti ant prietais\u0173 skydelio.<\/p>\n<\/div>\n<div class=\"detailmodule_text\">\n<p class=\"detail-desc-decorate-title\">Pakuo\u010di\u0173 s\u0105ra\u0161as:<\/p>\n<ul class=\"a-unordered-list a-vertical\">\n<li><span class=\"a-list-item\">M85 pagrindinis blokas * 1<\/span><\/li>\n<li><span class=\"a-list-item\">Automobilio \u012fkrovimo laidas * 1<\/span><\/li>\n<li><span class=\"a-list-item\">Modernizavimo linija * 1<\/span><\/li>\n<li><span class=\"a-list-item\">Instrukcija * 1<\/span><\/li>\n<li><span class=\"a-list-item\">Dvipus\u0117 lipni juosta * 2<\/span><\/li>\n<\/ul>\n<p><img loading=\"lazy\" decoding=\"async\" class=\"alignnone size-full wp-image-3449\" src=\"https:\/\/mrcartools.com\/wp-content\/uploads\/2023\/06\/HUD-Display-For-Car.jpg\" alt=\"HUD Display For Car\" width=\"1200\" height=\"1200\" srcset=\"\/\/mrcartools.com\/wp-content\/uploads\/2023\/06\/HUD-Display-For-Car.jpg 1200w, \/\/mrcartools.com\/wp-content\/uploads\/2023\/06\/HUD-Display-For-Car-253x253.jpg 253w, \/\/mrcartools.com\/wp-content\/uploads\/2023\/06\/HUD-Display-For-Car-100x100.jpg 100w, \/\/mrcartools.com\/wp-content\/uploads\/2023\/06\/HUD-Display-For-Car-510x510.jpg 510w\" sizes=\"(max-width: 1200px) 100vw, 1200px\" \/> <img loading=\"lazy\" decoding=\"async\" class=\"alignnone size-full wp-image-3451\" src=\"https:\/\/mrcartools.com\/wp-content\/uploads\/2023\/06\/Slope-Meter-for-Off-Road-SUV-Vehicles-1.jpg\" alt=\"Slope Meter for Off Road SUV Vehicles\" width=\"1200\" height=\"1200\" srcset=\"\/\/mrcartools.com\/wp-content\/uploads\/2023\/06\/Slope-Meter-for-Off-Road-SUV-Vehicles-1.jpg 1200w, \/\/mrcartools.com\/wp-content\/uploads\/2023\/06\/Slope-Meter-for-Off-Road-SUV-Vehicles-1-253x253.jpg 253w, \/\/mrcartools.com\/wp-content\/uploads\/2023\/06\/Slope-Meter-for-Off-Road-SUV-Vehicles-1-100x100.jpg 100w, \/\/mrcartools.com\/wp-content\/uploads\/2023\/06\/Slope-Meter-for-Off-Road-SUV-Vehicles-1-510x510.jpg 510w\" sizes=\"(max-width: 1200px) 100vw, 1200px\" \/> <img loading=\"lazy\" decoding=\"async\" class=\"alignnone size-full wp-image-3450\" src=\"https:\/\/mrcartools.com\/wp-content\/uploads\/2023\/06\/HUD-Speedometer.jpg\" alt=\"HUD Speedometer\" width=\"1200\" height=\"1200\" srcset=\"\/\/mrcartools.com\/wp-content\/uploads\/2023\/06\/HUD-Speedometer.jpg 1200w, \/\/mrcartools.com\/wp-content\/uploads\/2023\/06\/HUD-Speedometer-253x253.jpg 253w, \/\/mrcartools.com\/wp-content\/uploads\/2023\/06\/HUD-Speedometer-100x100.jpg 100w, \/\/mrcartools.com\/wp-content\/uploads\/2023\/06\/HUD-Speedometer-510x510.jpg 510w\" sizes=\"(max-width: 1200px) 100vw, 1200px\" \/> <img loading=\"lazy\" decoding=\"async\" class=\"alignnone size-full wp-image-3311\" src=\"https:\/\/mrcartools.com\/wp-content\/uploads\/2023\/06\/1.webp\" alt=\"\" width=\"1200\" height=\"600\" srcset=\"\/\/mrcartools.com\/wp-content\/uploads\/2023\/06\/1.webp 1200w, \/\/mrcartools.com\/wp-content\/uploads\/2023\/06\/1-510x255.webp 510w, \/\/mrcartools.com\/wp-content\/uploads\/2023\/06\/1-800x400.webp 800w, \/\/mrcartools.com\/wp-content\/uploads\/2023\/06\/1-768x384.webp 768w\" sizes=\"(max-width: 1200px) 100vw, 1200px\" \/> <img loading=\"lazy\" decoding=\"async\" class=\"alignnone size-full wp-image-3312\" src=\"https:\/\/mrcartools.com\/wp-content\/uploads\/2023\/06\/2.webp\" alt=\"\" width=\"1200\" height=\"600\" srcset=\"\/\/mrcartools.com\/wp-content\/uploads\/2023\/06\/2.webp 1200w, \/\/mrcartools.com\/wp-content\/uploads\/2023\/06\/2-510x255.webp 510w, \/\/mrcartools.com\/wp-content\/uploads\/2023\/06\/2-800x400.webp 800w, \/\/mrcartools.com\/wp-content\/uploads\/2023\/06\/2-768x384.webp 768w\" sizes=\"(max-width: 1200px) 100vw, 1200px\" \/> <img loading=\"lazy\" decoding=\"async\" class=\"alignnone size-full wp-image-3313\" src=\"https:\/\/mrcartools.com\/wp-content\/uploads\/2023\/06\/3.webp\" alt=\"\" width=\"1200\" height=\"600\" srcset=\"\/\/mrcartools.com\/wp-content\/uploads\/2023\/06\/3.webp 1200w, \/\/mrcartools.com\/wp-content\/uploads\/2023\/06\/3-510x255.webp 510w, \/\/mrcartools.com\/wp-content\/uploads\/2023\/06\/3-800x400.webp 800w, \/\/mrcartools.com\/wp-content\/uploads\/2023\/06\/3-768x384.webp 768w\" sizes=\"(max-width: 1200px) 100vw, 1200px\" \/> <img loading=\"lazy\" decoding=\"async\" class=\"alignnone size-full wp-image-3314\" src=\"https:\/\/mrcartools.com\/wp-content\/uploads\/2023\/06\/Mrcartool.jpg\" alt=\"\" width=\"1200\" height=\"600\" srcset=\"\/\/mrcartools.com\/wp-content\/uploads\/2023\/06\/Mrcartool.jpg 1200w, \/\/mrcartools.com\/wp-content\/uploads\/2023\/06\/Mrcartool-510x255.jpg 510w\" sizes=\"(max-width: 1200px) 100vw, 1200px\" \/><\/p>\n<\/div>\n<\/div>\n<p>&nbsp;<\/p>\n<\/div>","protected":false},"excerpt":{"rendered":"<p><strong>I\u0161sam\u016bs vairavimo duomenys:<\/strong> Rodo greit\u012f, va\u017eiavimo laik\u0105, esam\u0105 ir bendr\u0105 atstum\u0105 bei krypt\u012f.<br \/>\n<strong>I\u0161pl\u0117stin\u0117 pad\u0117ties nustatymo sistema:<\/strong> Pateikiamas palydovo laikas, platumos ir ilgumos matavimas bei pad\u0117ties nustatymo palydov\u0173 skai\u010dius.<br \/>\n<strong>Patobulintos saugos funkcijos:<\/strong> Automatinis ry\u0161kumo reguliavimas ir \u012fsp\u0117jimai apie nuovarg\u012f u\u017etikrina saugesn\u012f vairavim\u0105.<a href=\"https:\/\/api.whatsapp.com\/send\/?phone=%2B8618923768146&amp;text=onlinesupport\"><span style=\"color: #d83131;\"><strong>Pagalba internetu&gt;&gt;<\/strong><\/span><\/a><\/p>","protected":false},"featured_media":3437,"template":"","meta":[],"product_brand":[],"product_cat":[142,114],"product_tag":[],"class_list":{"0":"post-3436","1":"product","2":"type-product","3":"status-publish","4":"has-post-thumbnail","6":"product_cat-car-inclinometer","7":"product_cat-car-head-up-display","8":"product_shipping_class-world","9":"pa_ship-from-china","10":"pa_ship-from-germany","11":"pa_ship-from-united-kingdom","12":"pa_ship-from-united-states","14":"first","15":"instock","16":"shipping-taxable","17":"product-type-variable","18":"has-default-attributes","19":"wvs-archive-product-wrapper"},"yoast_head":"<!-- This site is optimized with the Yoast SEO Premium plugin v24.4 (Yoast SEO v24.4) - https:\/\/yoast.com\/wordpress\/plugins\/seo\/ -->\n<title>MRCARTOOL M85 Multi-function HUD GPS Inclinometer Slope Meter for Off-Road SUV Vehicles - Mrcartool<\/title>\n<meta name=\"robots\" content=\"index, follow, max-snippet:-1, max-image-preview:large, max-video-preview:-1\" \/>\n<link rel=\"canonical\" href=\"https:\/\/mrcartools.com\/lt\/produktas\/mrcartool-m85-multi-function-hud-gps-inclinometer-slope-meter-for-off-road-suv-vehicles\/\" \/>\n<meta property=\"og:locale\" content=\"lt_LT\" \/>\n<meta property=\"og:type\" content=\"article\" \/>\n<meta property=\"og:title\" content=\"MRCARTOOL M85 Multi-function HUD GPS Inclinometer Slope Meter for Off-Road SUV Vehicles\" \/>\n<meta property=\"og:description\" content=\"Comprehensive Driving Data: Displays speed, driving time, current and total distance, and direction. Advanced Positioning System: Provides satellite time, latitude and longitude measurement, and number of positioning satellites. Enhanced Safety Features: Includes automatic brightness adjustment and fatigue warnings for safer driving..Online Support&gt;&gt;\" \/>\n<meta property=\"og:url\" content=\"https:\/\/mrcartools.com\/lt\/produktas\/mrcartool-m85-multi-function-hud-gps-inclinometer-slope-meter-for-off-road-suv-vehicles\/\" \/>\n<meta property=\"og:site_name\" content=\"Mrcartool\" \/>\n<meta property=\"article:modified_time\" content=\"2025-04-29T09:07:02+00:00\" \/>\n<meta property=\"og:image\" content=\"https:\/\/mrcartools.com\/wp-content\/uploads\/2023\/06\/MRCARTOOL-M85-Multi-function-HUD.jpg\" \/>\n\t<meta property=\"og:image:width\" content=\"1200\" \/>\n\t<meta property=\"og:image:height\" content=\"1200\" \/>\n\t<meta property=\"og:image:type\" content=\"image\/jpeg\" \/>\n<meta name=\"twitter:card\" content=\"summary_large_image\" \/>\n<meta name=\"twitter:label1\" content=\"Est. reading time\" \/>\n\t<meta name=\"twitter:data1\" content=\"5 minut\u0117s\" \/>\n<script type=\"application\/ld+json\" class=\"yoast-schema-graph\">{\"@context\":\"https:\/\/schema.org\",\"@graph\":[{\"@type\":\"WebPage\",\"@id\":\"https:\/\/mrcartools.com\/product\/mrcartool-m85-multi-function-hud-gps-inclinometer-slope-meter-for-off-road-suv-vehicles\/\",\"url\":\"https:\/\/mrcartools.com\/product\/mrcartool-m85-multi-function-hud-gps-inclinometer-slope-meter-for-off-road-suv-vehicles\/\",\"name\":\"MRCARTOOL M85 Multi-function HUD GPS Inclinometer Slope Meter for Off-Road SUV Vehicles - Mrcartool\",\"isPartOf\":{\"@id\":\"https:\/\/mrcartools.com\/#website\"},\"primaryImageOfPage\":{\"@id\":\"https:\/\/mrcartools.com\/product\/mrcartool-m85-multi-function-hud-gps-inclinometer-slope-meter-for-off-road-suv-vehicles\/#primaryimage\"},\"image\":{\"@id\":\"https:\/\/mrcartools.com\/product\/mrcartool-m85-multi-function-hud-gps-inclinometer-slope-meter-for-off-road-suv-vehicles\/#primaryimage\"},\"thumbnailUrl\":\"https:\/\/mrcartools.com\/wp-content\/uploads\/2023\/06\/MRCARTOOL-M85-Multi-function-HUD.jpg\",\"datePublished\":\"2023-06-15T08:53:58+00:00\",\"dateModified\":\"2025-04-29T09:07:02+00:00\",\"breadcrumb\":{\"@id\":\"https:\/\/mrcartools.com\/product\/mrcartool-m85-multi-function-hud-gps-inclinometer-slope-meter-for-off-road-suv-vehicles\/#breadcrumb\"},\"inLanguage\":\"lt-LT\",\"potentialAction\":[{\"@type\":\"ReadAction\",\"target\":[\"https:\/\/mrcartools.com\/product\/mrcartool-m85-multi-function-hud-gps-inclinometer-slope-meter-for-off-road-suv-vehicles\/\"]}]},{\"@type\":\"ImageObject\",\"inLanguage\":\"lt-LT\",\"@id\":\"https:\/\/mrcartools.com\/product\/mrcartool-m85-multi-function-hud-gps-inclinometer-slope-meter-for-off-road-suv-vehicles\/#primaryimage\",\"url\":\"https:\/\/mrcartools.com\/wp-content\/uploads\/2023\/06\/MRCARTOOL-M85-Multi-function-HUD.jpg\",\"contentUrl\":\"https:\/\/mrcartools.com\/wp-content\/uploads\/2023\/06\/MRCARTOOL-M85-Multi-function-HUD.jpg\",\"width\":1200,\"height\":1200,\"caption\":\"MRCARTOOL M85 Multi function HUD\"},{\"@type\":\"BreadcrumbList\",\"@id\":\"https:\/\/mrcartools.com\/product\/mrcartool-m85-multi-function-hud-gps-inclinometer-slope-meter-for-off-road-suv-vehicles\/#breadcrumb\",\"itemListElement\":[{\"@type\":\"ListItem\",\"position\":1,\"name\":\"Home\",\"item\":\"https:\/\/mrcartools.com\/\"},{\"@type\":\"ListItem\",\"position\":2,\"name\":\"Shop\",\"item\":\"https:\/\/mrcartools.com\/shop-2\/\"},{\"@type\":\"ListItem\",\"position\":3,\"name\":\"MRCARTOOL M85 Multi-function HUD GPS Inclinometer Slope Meter for Off-Road SUV Vehicles\"}]},{\"@type\":\"WebSite\",\"@id\":\"https:\/\/mrcartools.com\/#website\",\"url\":\"https:\/\/mrcartools.com\/\",\"name\":\"MRCARTOOL\",\"description\":\"MRCARTOOL Official Website\",\"publisher\":{\"@id\":\"https:\/\/mrcartools.com\/#organization\"},\"potentialAction\":[{\"@type\":\"SearchAction\",\"target\":{\"@type\":\"EntryPoint\",\"urlTemplate\":\"https:\/\/mrcartools.com\/?s={search_term_string}\"},\"query-input\":{\"@type\":\"PropertyValueSpecification\",\"valueRequired\":true,\"valueName\":\"search_term_string\"}}],\"inLanguage\":\"lt-LT\"},{\"@type\":\"Organization\",\"@id\":\"https:\/\/mrcartools.com\/#organization\",\"name\":\"MRCARTOOL\",\"url\":\"https:\/\/mrcartools.com\/\",\"logo\":{\"@type\":\"ImageObject\",\"inLanguage\":\"lt-LT\",\"@id\":\"https:\/\/mrcartools.com\/#\/schema\/logo\/image\/\",\"url\":\"https:\/\/mrcartools.com\/wp-content\/uploads\/2023\/07\/\u4e0a\u4f73\u6c7d\u8f66\u5de5\u5177-LOGO-2.png\",\"contentUrl\":\"https:\/\/mrcartools.com\/wp-content\/uploads\/2023\/07\/\u4e0a\u4f73\u6c7d\u8f66\u5de5\u5177-LOGO-2.png\",\"width\":1800,\"height\":402,\"caption\":\"MRCARTOOL\"},\"image\":{\"@id\":\"https:\/\/mrcartools.com\/#\/schema\/logo\/image\/\"}}]}<\/script>\n<!-- \/ Yoast SEO Premium plugin. -->","yoast_head_json":{"title":"MRCARTOOL M85 Multi-function HUD GPS Inclinometer Slope Meter for Off-Road SUV Vehicles - Mrcartool","robots":{"index":"index","follow":"follow","max-snippet":"max-snippet:-1","max-image-preview":"max-image-preview:large","max-video-preview":"max-video-preview:-1"},"canonical":"https:\/\/mrcartools.com\/lt\/produktas\/mrcartool-m85-multi-function-hud-gps-inclinometer-slope-meter-for-off-road-suv-vehicles\/","og_locale":"lt_LT","og_type":"article","og_title":"MRCARTOOL M85 Multi-function HUD GPS Inclinometer Slope Meter for Off-Road SUV Vehicles","og_description":"Comprehensive Driving Data: Displays speed, driving time, current and total distance, and direction. Advanced Positioning System: Provides satellite time, latitude and longitude measurement, and number of positioning satellites. Enhanced Safety Features: Includes automatic brightness adjustment and fatigue warnings for safer driving..Online Support&gt;&gt;","og_url":"https:\/\/mrcartools.com\/lt\/produktas\/mrcartool-m85-multi-function-hud-gps-inclinometer-slope-meter-for-off-road-suv-vehicles\/","og_site_name":"Mrcartool","article_modified_time":"2025-04-29T09:07:02+00:00","og_image":[{"width":1200,"height":1200,"url":"https:\/\/mrcartools.com\/wp-content\/uploads\/2023\/06\/MRCARTOOL-M85-Multi-function-HUD.jpg","type":"image\/jpeg"}],"twitter_card":"summary_large_image","twitter_misc":{"Est. reading time":"5 minut\u0117s"},"schema":{"@context":"https:\/\/schema.org","@graph":[{"@type":"WebPage","@id":"https:\/\/mrcartools.com\/product\/mrcartool-m85-multi-function-hud-gps-inclinometer-slope-meter-for-off-road-suv-vehicles\/","url":"https:\/\/mrcartools.com\/product\/mrcartool-m85-multi-function-hud-gps-inclinometer-slope-meter-for-off-road-suv-vehicles\/","name":"MRCARTOOL M85 Multi-function HUD GPS Inclinometer Slope Meter for Off-Road SUV Vehicles - Mrcartool","isPartOf":{"@id":"https:\/\/mrcartools.com\/#website"},"primaryImageOfPage":{"@id":"https:\/\/mrcartools.com\/product\/mrcartool-m85-multi-function-hud-gps-inclinometer-slope-meter-for-off-road-suv-vehicles\/#primaryimage"},"image":{"@id":"https:\/\/mrcartools.com\/product\/mrcartool-m85-multi-function-hud-gps-inclinometer-slope-meter-for-off-road-suv-vehicles\/#primaryimage"},"thumbnailUrl":"https:\/\/mrcartools.com\/wp-content\/uploads\/2023\/06\/MRCARTOOL-M85-Multi-function-HUD.jpg","datePublished":"2023-06-15T08:53:58+00:00","dateModified":"2025-04-29T09:07:02+00:00","breadcrumb":{"@id":"https:\/\/mrcartools.com\/product\/mrcartool-m85-multi-function-hud-gps-inclinometer-slope-meter-for-off-road-suv-vehicles\/#breadcrumb"},"inLanguage":"lt-LT","potentialAction":[{"@type":"ReadAction","target":["https:\/\/mrcartools.com\/product\/mrcartool-m85-multi-function-hud-gps-inclinometer-slope-meter-for-off-road-suv-vehicles\/"]}]},{"@type":"ImageObject","inLanguage":"lt-LT","@id":"https:\/\/mrcartools.com\/product\/mrcartool-m85-multi-function-hud-gps-inclinometer-slope-meter-for-off-road-suv-vehicles\/#primaryimage","url":"https:\/\/mrcartools.com\/wp-content\/uploads\/2023\/06\/MRCARTOOL-M85-Multi-function-HUD.jpg","contentUrl":"https:\/\/mrcartools.com\/wp-content\/uploads\/2023\/06\/MRCARTOOL-M85-Multi-function-HUD.jpg","width":1200,"height":1200,"caption":"MRCARTOOL M85 Multi function HUD"},{"@type":"BreadcrumbList","@id":"https:\/\/mrcartools.com\/product\/mrcartool-m85-multi-function-hud-gps-inclinometer-slope-meter-for-off-road-suv-vehicles\/#breadcrumb","itemListElement":[{"@type":"ListItem","position":1,"name":"Home","item":"https:\/\/mrcartools.com\/"},{"@type":"ListItem","position":2,"name":"Shop","item":"https:\/\/mrcartools.com\/shop-2\/"},{"@type":"ListItem","position":3,"name":"MRCARTOOL M85 Multi-function HUD GPS Inclinometer Slope Meter for Off-Road SUV Vehicles"}]},{"@type":"WebSite","@id":"https:\/\/mrcartools.com\/#website","url":"https:\/\/mrcartools.com\/","name":"MRCARTOOL","description":"Oficiali svetain\u0117 MRCARTOOL","publisher":{"@id":"https:\/\/mrcartools.com\/#organization"},"potentialAction":[{"@type":"SearchAction","target":{"@type":"EntryPoint","urlTemplate":"https:\/\/mrcartools.com\/?s={search_term_string}"},"query-input":{"@type":"PropertyValueSpecification","valueRequired":true,"valueName":"search_term_string"}}],"inLanguage":"lt-LT"},{"@type":"Organization","@id":"https:\/\/mrcartools.com\/#organization","name":"MRCARTOOL","url":"https:\/\/mrcartools.com\/","logo":{"@type":"ImageObject","inLanguage":"lt-LT","@id":"https:\/\/mrcartools.com\/#\/schema\/logo\/image\/","url":"https:\/\/mrcartools.com\/wp-content\/uploads\/2023\/07\/\u4e0a\u4f73\u6c7d\u8f66\u5de5\u5177-LOGO-2.png","contentUrl":"https:\/\/mrcartools.com\/wp-content\/uploads\/2023\/07\/\u4e0a\u4f73\u6c7d\u8f66\u5de5\u5177-LOGO-2.png","width":1800,"height":402,"caption":"MRCARTOOL"},"image":{"@id":"https:\/\/mrcartools.com\/#\/schema\/logo\/image\/"}}]}},"_links":{"self":[{"href":"https:\/\/mrcartools.com\/lt\/wp-json\/wp\/v2\/product\/3436","targetHints":{"allow":["GET"]}}],"collection":[{"href":"https:\/\/mrcartools.com\/lt\/wp-json\/wp\/v2\/product"}],"about":[{"href":"https:\/\/mrcartools.com\/lt\/wp-json\/wp\/v2\/types\/product"}],"version-history":[{"count":0,"href":"https:\/\/mrcartools.com\/lt\/wp-json\/wp\/v2\/product\/3436\/revisions"}],"wp:featuredmedia":[{"embeddable":true,"href":"https:\/\/mrcartools.com\/lt\/wp-json\/wp\/v2\/media\/3437"}],"wp:attachment":[{"href":"https:\/\/mrcartools.com\/lt\/wp-json\/wp\/v2\/media?parent=3436"}],"wp:term":[{"taxonomy":"product_brand","embeddable":true,"href":"https:\/\/mrcartools.com\/lt\/wp-json\/wp\/v2\/product_brand?post=3436"},{"taxonomy":"product_cat","embeddable":true,"href":"https:\/\/mrcartools.com\/lt\/wp-json\/wp\/v2\/product_cat?post=3436"},{"taxonomy":"product_tag","embeddable":true,"href":"https:\/\/mrcartools.com\/lt\/wp-json\/wp\/v2\/product_tag?post=3436"}],"curies":[{"name":"wp","href":"https:\/\/api.w.org\/{rel}","templated":true}]}}