{"id":4366,"date":"2024-06-11T08:11:46","date_gmt":"2024-06-11T08:11:46","guid":{"rendered":"https:\/\/mrcartools.com\/?post_type=product&#038;p=4366"},"modified":"2025-04-28T04:01:31","modified_gmt":"2025-04-28T04:01:31","slug":"mrcartool-car-spark-plug-tester-with-auto-adjustable-for-12v-vehicles","status":"publish","type":"product","link":"https:\/\/mrcartools.com\/lt\/produktas\/mrcartool-car-spark-plug-tester-with-auto-adjustable-for-12v-vehicles\/","title":{"rendered":"MRCARTOOL automobili\u0173 u\u017edegimo \u017evaki\u0173 testeris su automatiniu reguliavimu, skirtas 12V transporto priemon\u0117ms"},"content":{"rendered":"<h3><span style=\"font-family: Poppins;\"><strong>MRCARTOOL u\u017edegimo \u017evaki\u0173 testeris skirtas u\u017edegimo \u017evaki\u0173 veikimui ir stiprumui tikrinti. Gaminys imituoja realias variklio s\u0105lygas ir veikia iki 6000 aps\/min.<\/strong><\/span><\/h3>\n<p>Jis suderinamas su visais rinkoje esan\u010diais alk\u016bninio veleno varikliais ir motociklais. Juo taip pat galima vienu metu i\u0161bandyti dvi skyles, be to, jis turi apsaugin\u012f dangtel\u012f, u\u017etikrinant\u012f saug\u0173 technin\u0117s prie\u017ei\u016bros darbuotoj\u0173 darb\u0105 atliekant bandym\u0105. Automobili\u0173 u\u017edegimo sistemoje auk\u0161tos \u012ftampos u\u017edegimo rit\u0117 generuoja auk\u0161t\u0105 \u012ftamp\u0105, o u\u017edegimo \u017evak\u0117 nukreipia j\u0105 i\u0161 auk\u0161tos \u012ftampos u\u017edegimo rit\u0117s \u012f variklio cilindr\u0105, kibirk\u0161tis tarp \u017evak\u0117s elektrod\u0173 u\u017edegs mi\u0161in\u012f, Detektorius pagal kibirk\u0161ties stiprum\u0105 gal\u0117t\u0173 atskirti geras \u017evakes nuo blog\u0173.<\/p>\n<h3><a href=\"https:\/\/mrcartools.com\/wp-content\/uploads\/2024\/06\/MRCARTOOL-\u706b\u82b1\u585e-MANUAL.pdf\"><em><strong>MRCARTOOL u\u017edegimo \u017evaki\u0173 testerio naudotojo vadovas Atsisi\u0173sti&gt;&gt;<\/strong><\/em><\/a><\/h3>\n<h3><strong>\u0160ilti patarimai<\/strong><\/h3>\n<ul>\n<li><strong>Bandymo metu susidaro iki 1000 V \u012ftampa, prie\u0161 bandym\u0105 u\u017edarykite apsaugin\u012f dangtel\u012f!<\/strong><\/li>\n<\/ul>\n<p><img fetchpriority=\"high\" decoding=\"async\" class=\"alignnone size-full wp-image-4368\" src=\"https:\/\/mrcartools.com\/wp-content\/uploads\/2024\/06\/8.jpg\" alt=\"\" width=\"1200\" height=\"1200\" srcset=\"\/\/mrcartools.com\/wp-content\/uploads\/2024\/06\/8.jpg 1200w, \/\/mrcartools.com\/wp-content\/uploads\/2024\/06\/8-253x253.jpg 253w, \/\/mrcartools.com\/wp-content\/uploads\/2024\/06\/8-100x100.jpg 100w, \/\/mrcartools.com\/wp-content\/uploads\/2024\/06\/8-510x510.jpg 510w, \/\/mrcartools.com\/wp-content\/uploads\/2024\/06\/8-150x150.jpg 150w, \/\/mrcartools.com\/wp-content\/uploads\/2024\/06\/8-768x768.jpg 768w, \/\/mrcartools.com\/wp-content\/uploads\/2024\/06\/8-50x50.jpg 50w\" sizes=\"(max-width: 1200px) 100vw, 1200px\" \/><\/p>\n<h3><strong>Kuo skiriasi visi MRCARTOOL automobilio u\u017edegimo \u017evaki\u0173 testerio \u012frankiai?<\/strong><\/h3>\n<p><img decoding=\"async\" class=\"alignnone size-full wp-image-9162\" src=\"https:\/\/mrcartools.com\/wp-content\/uploads\/2024\/10\/98c4881043172e12f336342a216bf804.png\" alt=\"\" width=\"1155\" height=\"943\" srcset=\"\/\/mrcartools.com\/wp-content\/uploads\/2024\/10\/98c4881043172e12f336342a216bf804.png 1155w, \/\/mrcartools.com\/wp-content\/uploads\/2024\/10\/98c4881043172e12f336342a216bf804-150x122.png 150w, \/\/mrcartools.com\/wp-content\/uploads\/2024\/10\/98c4881043172e12f336342a216bf804-768x627.png 768w, \/\/mrcartools.com\/wp-content\/uploads\/2024\/10\/98c4881043172e12f336342a216bf804-510x416.png 510w\" sizes=\"(max-width: 1155px) 100vw, 1155px\" \/><\/p>\n<h3><strong>MRCARTOOL u\u017edegimo \u017evaki\u0173 testeris Savyb\u0117s:<\/strong><\/h3>\n<ul>\n<li><strong>0-6000 aps.\/min Darbo da\u017enis:<\/strong>\u00a0AUTOOL SPT101 automobili\u0173 u\u017edegimo \u017evaki\u0173 testeris turi reguliuojam\u0105 darbo da\u017en\u012f, kurio diapazonas gali siekti nuo 0 iki 6000 aps\/min. Galima reguliuoti taip, kaip jums reikia.<\/li>\n<li><strong>Dviej\u0173 skyli\u0173 testavimas ir laiko taupymas:<\/strong>\u00a0AUTOOL SPT101 automobili\u0173 u\u017edegimo \u017evaki\u0173 testeris gali vienu metu atlikti bandymus su dviem skylut\u0117mis, taip pat analogin\u012f variklio darb\u0105, kuris yra daug efektyvesnis ir taupo laik\u0105.<\/li>\n<li><strong>Platus pritaikymas:<\/strong>\u00a012V benzinini\u0173 transporto priemoni\u0173 automobili\u0173 u\u017edegimo \u017evak\u0117s, 100V-240V \u012f\u0117jimo \u012ftampa.<\/li>\n<li><strong>Lengvas valdymas \"Plug And Play\":<\/strong>\u00a0Lengva valdyti, prijungti ir naudoti. Turi indikatoriaus lemput\u0119, tod\u0117l u\u017edegimo \u017evak\u0117s b\u016bsen\u0105 galima matyti intuityviau.<\/li>\n<li><strong>Popardaviminis aptarnavimas<\/strong>: MRCARTOOL si\u016blo 48 m\u0117nesi\u0173 garantij\u0105 ir 7 \u00d7 24 valand\u0173 draugi\u0161k\u0105 klient\u0173 aptarnavim\u0105, kad u\u017etikrint\u0173 j\u016bs\u0173 apsipirkimo patirt\u012f. Jei turite klausim\u0173 apie EVAP nuot\u0117kio detektorius, susisiekite su mumis tiesiogiai. Pagalba internetu&gt;&gt;<\/li>\n<\/ul>\n<h3><strong>Kaip naudoti MRCARTOOL u\u017edegimo \u017evaki\u0173 tester\u012f?<\/strong><\/h3>\n<ul>\n<li>1 veiksmas: \u012eki\u0161kite u\u017edegimo \u017evak\u0119 \u012f bandymo ang\u0105.<\/li>\n<li>2 veiksmas: u\u017edenkite apsaugin\u012f dangtel\u012f.<\/li>\n<li>3 veiksmas: prijunkite maitinimo \u0161altin\u012f ir nustatykite darbin\u012f da\u017en\u012f.<\/li>\n<li>4 veiksmas: pro apsaugin\u012f dangtel\u012f steb\u0117kite u\u017edegimo \u017evak\u0117s bandymo b\u016bkl\u0119.<\/li>\n<\/ul>\n<p><img decoding=\"async\" class=\"alignnone size-full wp-image-4372\" src=\"https:\/\/mrcartools.com\/wp-content\/uploads\/2024\/06\/12.jpg\" alt=\"\" width=\"1200\" height=\"1200\" srcset=\"\/\/mrcartools.com\/wp-content\/uploads\/2024\/06\/12.jpg 1200w, \/\/mrcartools.com\/wp-content\/uploads\/2024\/06\/12-253x253.jpg 253w, \/\/mrcartools.com\/wp-content\/uploads\/2024\/06\/12-100x100.jpg 100w, \/\/mrcartools.com\/wp-content\/uploads\/2024\/06\/12-510x510.jpg 510w, \/\/mrcartools.com\/wp-content\/uploads\/2024\/06\/12-150x150.jpg 150w, \/\/mrcartools.com\/wp-content\/uploads\/2024\/06\/12-768x768.jpg 768w, \/\/mrcartools.com\/wp-content\/uploads\/2024\/06\/12-50x50.jpg 50w\" sizes=\"(max-width: 1200px) 100vw, 1200px\" \/><img loading=\"lazy\" decoding=\"async\" class=\"alignnone size-full wp-image-4369\" src=\"https:\/\/mrcartools.com\/wp-content\/uploads\/2024\/06\/9.jpg\" alt=\"\" width=\"1200\" height=\"1200\" srcset=\"\/\/mrcartools.com\/wp-content\/uploads\/2024\/06\/9.jpg 1200w, \/\/mrcartools.com\/wp-content\/uploads\/2024\/06\/9-253x253.jpg 253w, \/\/mrcartools.com\/wp-content\/uploads\/2024\/06\/9-100x100.jpg 100w, \/\/mrcartools.com\/wp-content\/uploads\/2024\/06\/9-510x510.jpg 510w, \/\/mrcartools.com\/wp-content\/uploads\/2024\/06\/9-150x150.jpg 150w, \/\/mrcartools.com\/wp-content\/uploads\/2024\/06\/9-768x768.jpg 768w, \/\/mrcartools.com\/wp-content\/uploads\/2024\/06\/9-50x50.jpg 50w\" sizes=\"(max-width: 1200px) 100vw, 1200px\" \/> <img loading=\"lazy\" decoding=\"async\" class=\"alignnone size-full wp-image-4371\" src=\"https:\/\/mrcartools.com\/wp-content\/uploads\/2024\/06\/11.jpg\" alt=\"\" width=\"1200\" height=\"1200\" srcset=\"\/\/mrcartools.com\/wp-content\/uploads\/2024\/06\/11.jpg 1200w, \/\/mrcartools.com\/wp-content\/uploads\/2024\/06\/11-253x253.jpg 253w, \/\/mrcartools.com\/wp-content\/uploads\/2024\/06\/11-100x100.jpg 100w, \/\/mrcartools.com\/wp-content\/uploads\/2024\/06\/11-510x510.jpg 510w, \/\/mrcartools.com\/wp-content\/uploads\/2024\/06\/11-150x150.jpg 150w, \/\/mrcartools.com\/wp-content\/uploads\/2024\/06\/11-768x768.jpg 768w, \/\/mrcartools.com\/wp-content\/uploads\/2024\/06\/11-50x50.jpg 50w\" sizes=\"(max-width: 1200px) 100vw, 1200px\" \/> <img loading=\"lazy\" decoding=\"async\" class=\"alignnone size-full wp-image-4370\" src=\"https:\/\/mrcartools.com\/wp-content\/uploads\/2024\/06\/10.jpg\" alt=\"\" width=\"1200\" height=\"1200\" srcset=\"\/\/mrcartools.com\/wp-content\/uploads\/2024\/06\/10.jpg 1200w, \/\/mrcartools.com\/wp-content\/uploads\/2024\/06\/10-253x253.jpg 253w, \/\/mrcartools.com\/wp-content\/uploads\/2024\/06\/10-100x100.jpg 100w, \/\/mrcartools.com\/wp-content\/uploads\/2024\/06\/10-510x510.jpg 510w, \/\/mrcartools.com\/wp-content\/uploads\/2024\/06\/10-150x150.jpg 150w, \/\/mrcartools.com\/wp-content\/uploads\/2024\/06\/10-768x768.jpg 768w, \/\/mrcartools.com\/wp-content\/uploads\/2024\/06\/10-50x50.jpg 50w\" sizes=\"(max-width: 1200px) 100vw, 1200px\" \/><img loading=\"lazy\" decoding=\"async\" class=\"alignnone size-full wp-image-4373\" src=\"https:\/\/mrcartools.com\/wp-content\/uploads\/2024\/06\/13.jpg\" alt=\"\" width=\"1200\" height=\"1200\" srcset=\"\/\/mrcartools.com\/wp-content\/uploads\/2024\/06\/13.jpg 1200w, \/\/mrcartools.com\/wp-content\/uploads\/2024\/06\/13-253x253.jpg 253w, \/\/mrcartools.com\/wp-content\/uploads\/2024\/06\/13-100x100.jpg 100w, \/\/mrcartools.com\/wp-content\/uploads\/2024\/06\/13-510x510.jpg 510w, \/\/mrcartools.com\/wp-content\/uploads\/2024\/06\/13-150x150.jpg 150w, \/\/mrcartools.com\/wp-content\/uploads\/2024\/06\/13-768x768.jpg 768w, \/\/mrcartools.com\/wp-content\/uploads\/2024\/06\/13-50x50.jpg 50w\" sizes=\"(max-width: 1200px) 100vw, 1200px\" \/><\/p>\n<h3><strong>Pakuo\u010di\u0173 s\u0105ra\u0161as<\/strong><\/h3>\n<p><img loading=\"lazy\" decoding=\"async\" class=\"alignnone size-full wp-image-4374\" src=\"https:\/\/mrcartools.com\/wp-content\/uploads\/2024\/06\/14.jpg\" alt=\"\" width=\"1200\" height=\"1200\" srcset=\"\/\/mrcartools.com\/wp-content\/uploads\/2024\/06\/14.jpg 1200w, \/\/mrcartools.com\/wp-content\/uploads\/2024\/06\/14-253x253.jpg 253w, \/\/mrcartools.com\/wp-content\/uploads\/2024\/06\/14-100x100.jpg 100w, \/\/mrcartools.com\/wp-content\/uploads\/2024\/06\/14-510x510.jpg 510w, \/\/mrcartools.com\/wp-content\/uploads\/2024\/06\/14-150x150.jpg 150w, \/\/mrcartools.com\/wp-content\/uploads\/2024\/06\/14-768x768.jpg 768w, \/\/mrcartools.com\/wp-content\/uploads\/2024\/06\/14-50x50.jpg 50w\" sizes=\"(max-width: 1200px) 100vw, 1200px\" \/><\/p>","protected":false},"excerpt":{"rendered":"<ul>\n<li><strong>Dviej\u0173 skyli\u0173 testavimas ir laiko taupymas:<\/strong>AUTOOL SPT101 automobilio u\u017edegimo \u017evaki\u0173 testeris leid\u017eia vienu metu patikrinti dvi skylutes ir rodo variklio b\u016bsen\u0105, kad rezultatai b\u016bt\u0173 greitesni.<\/li>\n<li><strong>Platus pritaikymas:<\/strong>Jis veikia su 12 V benzinin\u0117mis transporto priemon\u0117mis ir priima 100-240 V \u012fvesties \u012ftamp\u0105.<\/li>\n<li><strong>Lengvas valdymas:<\/strong>Nor\u0117dami naudoti, tiesiog prijunkite j\u012f prie elektros tinklo. Kontrolin\u0117 lemput\u0117 ai\u0161kiai rodo u\u017edegimo \u017evak\u0117s b\u016bkl\u0119.<a href=\"https:\/\/api.whatsapp.com\/send\/?phone=%2B8618923768146&amp;text=onlinesupport\"><span style=\"color: #d83131;\"><strong>Pagalba internetu&gt;&gt;<\/strong><\/span><\/a><\/li>\n<\/ul>","protected":false},"featured_media":4367,"template":"","meta":[],"product_brand":[],"product_cat":[105],"product_tag":[],"class_list":{"0":"post-4366","1":"product","2":"type-product","3":"status-publish","4":"has-post-thumbnail","6":"product_cat-spark-plug-tester","7":"product_shipping_class-weight","8":"pa_ship-from-china","9":"pa_ship-from-germany","10":"pa_ship-from-united-kingdom","11":"pa_ship-from-united-states","12":"pa_voltage-110v","13":"pa_voltage-220v","15":"first","16":"instock","17":"shipping-taxable","18":"product-type-variable","19":"wvs-archive-product-wrapper"},"yoast_head":"<!-- This site is optimized with the Yoast SEO Premium plugin v24.4 (Yoast SEO v24.4) - https:\/\/yoast.com\/wordpress\/plugins\/seo\/ -->\n<title>MRCARTOOL Car Spark Plug Tester with Auto Adjustable for 12V Vehicles - Mrcartool<\/title>\n<meta name=\"description\" content=\"MRCARTOOL Spark Plug Tester is for testing the performance and strength of spark plugs. The product simulates actual engine conditions and works up to 6000rpm.\" \/>\n<meta name=\"robots\" content=\"index, follow, max-snippet:-1, max-image-preview:large, max-video-preview:-1\" \/>\n<link rel=\"canonical\" href=\"https:\/\/mrcartools.com\/lt\/produktas\/mrcartool-car-spark-plug-tester-with-auto-adjustable-for-12v-vehicles\/\" \/>\n<meta property=\"og:locale\" content=\"lt_LT\" \/>\n<meta property=\"og:type\" content=\"article\" \/>\n<meta property=\"og:title\" content=\"MRCARTOOL Car Spark Plug Tester with Auto Adjustable for 12V Vehicles\" \/>\n<meta property=\"og:description\" content=\"MRCARTOOL Spark Plug Tester is for testing the performance and strength of spark plugs. The product simulates actual engine conditions and works up to 6000rpm.\" \/>\n<meta property=\"og:url\" content=\"https:\/\/mrcartools.com\/lt\/produktas\/mrcartool-car-spark-plug-tester-with-auto-adjustable-for-12v-vehicles\/\" \/>\n<meta property=\"og:site_name\" content=\"Mrcartool\" \/>\n<meta property=\"article:modified_time\" content=\"2025-04-28T04:01:31+00:00\" \/>\n<meta property=\"og:image\" content=\"https:\/\/mrcartools.com\/wp-content\/uploads\/2024\/06\/2-1.jpg\" \/>\n\t<meta property=\"og:image:width\" content=\"1200\" \/>\n\t<meta property=\"og:image:height\" content=\"1200\" \/>\n\t<meta property=\"og:image:type\" content=\"image\/jpeg\" \/>\n<meta name=\"twitter:card\" content=\"summary_large_image\" \/>\n<meta name=\"twitter:label1\" content=\"Est. reading time\" \/>\n\t<meta name=\"twitter:data1\" content=\"4 minut\u0117s\" \/>\n<script type=\"application\/ld+json\" class=\"yoast-schema-graph\">{\"@context\":\"https:\/\/schema.org\",\"@graph\":[{\"@type\":\"WebPage\",\"@id\":\"https:\/\/mrcartools.com\/product\/mrcartool-car-spark-plug-tester-with-auto-adjustable-for-12v-vehicles\/\",\"url\":\"https:\/\/mrcartools.com\/product\/mrcartool-car-spark-plug-tester-with-auto-adjustable-for-12v-vehicles\/\",\"name\":\"MRCARTOOL Car Spark Plug Tester with Auto Adjustable for 12V Vehicles - Mrcartool\",\"isPartOf\":{\"@id\":\"https:\/\/mrcartools.com\/#website\"},\"primaryImageOfPage\":{\"@id\":\"https:\/\/mrcartools.com\/product\/mrcartool-car-spark-plug-tester-with-auto-adjustable-for-12v-vehicles\/#primaryimage\"},\"image\":{\"@id\":\"https:\/\/mrcartools.com\/product\/mrcartool-car-spark-plug-tester-with-auto-adjustable-for-12v-vehicles\/#primaryimage\"},\"thumbnailUrl\":\"https:\/\/mrcartools.com\/wp-content\/uploads\/2024\/06\/2-1.jpg\",\"datePublished\":\"2024-06-11T08:11:46+00:00\",\"dateModified\":\"2025-04-28T04:01:31+00:00\",\"description\":\"MRCARTOOL Spark Plug Tester is for testing the performance and strength of spark plugs. The product simulates actual engine conditions and works up to 6000rpm.\",\"breadcrumb\":{\"@id\":\"https:\/\/mrcartools.com\/product\/mrcartool-car-spark-plug-tester-with-auto-adjustable-for-12v-vehicles\/#breadcrumb\"},\"inLanguage\":\"lt-LT\",\"potentialAction\":[{\"@type\":\"ReadAction\",\"target\":[\"https:\/\/mrcartools.com\/product\/mrcartool-car-spark-plug-tester-with-auto-adjustable-for-12v-vehicles\/\"]}]},{\"@type\":\"ImageObject\",\"inLanguage\":\"lt-LT\",\"@id\":\"https:\/\/mrcartools.com\/product\/mrcartool-car-spark-plug-tester-with-auto-adjustable-for-12v-vehicles\/#primaryimage\",\"url\":\"https:\/\/mrcartools.com\/wp-content\/uploads\/2024\/06\/2-1.jpg\",\"contentUrl\":\"https:\/\/mrcartools.com\/wp-content\/uploads\/2024\/06\/2-1.jpg\",\"width\":1200,\"height\":1200},{\"@type\":\"BreadcrumbList\",\"@id\":\"https:\/\/mrcartools.com\/product\/mrcartool-car-spark-plug-tester-with-auto-adjustable-for-12v-vehicles\/#breadcrumb\",\"itemListElement\":[{\"@type\":\"ListItem\",\"position\":1,\"name\":\"Home\",\"item\":\"https:\/\/mrcartools.com\/\"},{\"@type\":\"ListItem\",\"position\":2,\"name\":\"Shop\",\"item\":\"https:\/\/mrcartools.com\/shop-2\/\"},{\"@type\":\"ListItem\",\"position\":3,\"name\":\"MRCARTOOL Car Spark Plug Tester with Auto Adjustable for 12V Vehicles\"}]},{\"@type\":\"WebSite\",\"@id\":\"https:\/\/mrcartools.com\/#website\",\"url\":\"https:\/\/mrcartools.com\/\",\"name\":\"MRCARTOOL\",\"description\":\"MRCARTOOL Official Website\",\"publisher\":{\"@id\":\"https:\/\/mrcartools.com\/#organization\"},\"potentialAction\":[{\"@type\":\"SearchAction\",\"target\":{\"@type\":\"EntryPoint\",\"urlTemplate\":\"https:\/\/mrcartools.com\/?s={search_term_string}\"},\"query-input\":{\"@type\":\"PropertyValueSpecification\",\"valueRequired\":true,\"valueName\":\"search_term_string\"}}],\"inLanguage\":\"lt-LT\"},{\"@type\":\"Organization\",\"@id\":\"https:\/\/mrcartools.com\/#organization\",\"name\":\"MRCARTOOL\",\"url\":\"https:\/\/mrcartools.com\/\",\"logo\":{\"@type\":\"ImageObject\",\"inLanguage\":\"lt-LT\",\"@id\":\"https:\/\/mrcartools.com\/#\/schema\/logo\/image\/\",\"url\":\"https:\/\/mrcartools.com\/wp-content\/uploads\/2023\/07\/\u4e0a\u4f73\u6c7d\u8f66\u5de5\u5177-LOGO-2.png\",\"contentUrl\":\"https:\/\/mrcartools.com\/wp-content\/uploads\/2023\/07\/\u4e0a\u4f73\u6c7d\u8f66\u5de5\u5177-LOGO-2.png\",\"width\":1800,\"height\":402,\"caption\":\"MRCARTOOL\"},\"image\":{\"@id\":\"https:\/\/mrcartools.com\/#\/schema\/logo\/image\/\"}}]}<\/script>\n<!-- \/ Yoast SEO Premium plugin. -->","yoast_head_json":{"title":"MRCARTOOL Car Spark Plug Tester with Auto Adjustable for 12V Vehicles - Mrcartool","description":"MRCARTOOL u\u017edegimo \u017evaki\u0173 testeris skirtas u\u017edegimo \u017evaki\u0173 veikimui ir stiprumui tikrinti. Gaminys imituoja realias variklio s\u0105lygas ir veikia iki 6000 aps\/min.","robots":{"index":"index","follow":"follow","max-snippet":"max-snippet:-1","max-image-preview":"max-image-preview:large","max-video-preview":"max-video-preview:-1"},"canonical":"https:\/\/mrcartools.com\/lt\/produktas\/mrcartool-car-spark-plug-tester-with-auto-adjustable-for-12v-vehicles\/","og_locale":"lt_LT","og_type":"article","og_title":"MRCARTOOL Car Spark Plug Tester with Auto Adjustable for 12V Vehicles","og_description":"MRCARTOOL Spark Plug Tester is for testing the performance and strength of spark plugs. The product simulates actual engine conditions and works up to 6000rpm.","og_url":"https:\/\/mrcartools.com\/lt\/produktas\/mrcartool-car-spark-plug-tester-with-auto-adjustable-for-12v-vehicles\/","og_site_name":"Mrcartool","article_modified_time":"2025-04-28T04:01:31+00:00","og_image":[{"width":1200,"height":1200,"url":"https:\/\/mrcartools.com\/wp-content\/uploads\/2024\/06\/2-1.jpg","type":"image\/jpeg"}],"twitter_card":"summary_large_image","twitter_misc":{"Est. reading time":"4 minut\u0117s"},"schema":{"@context":"https:\/\/schema.org","@graph":[{"@type":"WebPage","@id":"https:\/\/mrcartools.com\/product\/mrcartool-car-spark-plug-tester-with-auto-adjustable-for-12v-vehicles\/","url":"https:\/\/mrcartools.com\/product\/mrcartool-car-spark-plug-tester-with-auto-adjustable-for-12v-vehicles\/","name":"MRCARTOOL Car Spark Plug Tester with Auto Adjustable for 12V Vehicles - Mrcartool","isPartOf":{"@id":"https:\/\/mrcartools.com\/#website"},"primaryImageOfPage":{"@id":"https:\/\/mrcartools.com\/product\/mrcartool-car-spark-plug-tester-with-auto-adjustable-for-12v-vehicles\/#primaryimage"},"image":{"@id":"https:\/\/mrcartools.com\/product\/mrcartool-car-spark-plug-tester-with-auto-adjustable-for-12v-vehicles\/#primaryimage"},"thumbnailUrl":"https:\/\/mrcartools.com\/wp-content\/uploads\/2024\/06\/2-1.jpg","datePublished":"2024-06-11T08:11:46+00:00","dateModified":"2025-04-28T04:01:31+00:00","description":"MRCARTOOL u\u017edegimo \u017evaki\u0173 testeris skirtas u\u017edegimo \u017evaki\u0173 veikimui ir stiprumui tikrinti. Gaminys imituoja realias variklio s\u0105lygas ir veikia iki 6000 aps\/min.","breadcrumb":{"@id":"https:\/\/mrcartools.com\/product\/mrcartool-car-spark-plug-tester-with-auto-adjustable-for-12v-vehicles\/#breadcrumb"},"inLanguage":"lt-LT","potentialAction":[{"@type":"ReadAction","target":["https:\/\/mrcartools.com\/product\/mrcartool-car-spark-plug-tester-with-auto-adjustable-for-12v-vehicles\/"]}]},{"@type":"ImageObject","inLanguage":"lt-LT","@id":"https:\/\/mrcartools.com\/product\/mrcartool-car-spark-plug-tester-with-auto-adjustable-for-12v-vehicles\/#primaryimage","url":"https:\/\/mrcartools.com\/wp-content\/uploads\/2024\/06\/2-1.jpg","contentUrl":"https:\/\/mrcartools.com\/wp-content\/uploads\/2024\/06\/2-1.jpg","width":1200,"height":1200},{"@type":"BreadcrumbList","@id":"https:\/\/mrcartools.com\/product\/mrcartool-car-spark-plug-tester-with-auto-adjustable-for-12v-vehicles\/#breadcrumb","itemListElement":[{"@type":"ListItem","position":1,"name":"Home","item":"https:\/\/mrcartools.com\/"},{"@type":"ListItem","position":2,"name":"Shop","item":"https:\/\/mrcartools.com\/shop-2\/"},{"@type":"ListItem","position":3,"name":"MRCARTOOL Car Spark Plug Tester with Auto Adjustable for 12V Vehicles"}]},{"@type":"WebSite","@id":"https:\/\/mrcartools.com\/#website","url":"https:\/\/mrcartools.com\/","name":"MRCARTOOL","description":"Oficiali svetain\u0117 MRCARTOOL","publisher":{"@id":"https:\/\/mrcartools.com\/#organization"},"potentialAction":[{"@type":"SearchAction","target":{"@type":"EntryPoint","urlTemplate":"https:\/\/mrcartools.com\/?s={search_term_string}"},"query-input":{"@type":"PropertyValueSpecification","valueRequired":true,"valueName":"search_term_string"}}],"inLanguage":"lt-LT"},{"@type":"Organization","@id":"https:\/\/mrcartools.com\/#organization","name":"MRCARTOOL","url":"https:\/\/mrcartools.com\/","logo":{"@type":"ImageObject","inLanguage":"lt-LT","@id":"https:\/\/mrcartools.com\/#\/schema\/logo\/image\/","url":"https:\/\/mrcartools.com\/wp-content\/uploads\/2023\/07\/\u4e0a\u4f73\u6c7d\u8f66\u5de5\u5177-LOGO-2.png","contentUrl":"https:\/\/mrcartools.com\/wp-content\/uploads\/2023\/07\/\u4e0a\u4f73\u6c7d\u8f66\u5de5\u5177-LOGO-2.png","width":1800,"height":402,"caption":"MRCARTOOL"},"image":{"@id":"https:\/\/mrcartools.com\/#\/schema\/logo\/image\/"}}]}},"_links":{"self":[{"href":"https:\/\/mrcartools.com\/lt\/wp-json\/wp\/v2\/product\/4366","targetHints":{"allow":["GET"]}}],"collection":[{"href":"https:\/\/mrcartools.com\/lt\/wp-json\/wp\/v2\/product"}],"about":[{"href":"https:\/\/mrcartools.com\/lt\/wp-json\/wp\/v2\/types\/product"}],"version-history":[{"count":0,"href":"https:\/\/mrcartools.com\/lt\/wp-json\/wp\/v2\/product\/4366\/revisions"}],"wp:featuredmedia":[{"embeddable":true,"href":"https:\/\/mrcartools.com\/lt\/wp-json\/wp\/v2\/media\/4367"}],"wp:attachment":[{"href":"https:\/\/mrcartools.com\/lt\/wp-json\/wp\/v2\/media?parent=4366"}],"wp:term":[{"taxonomy":"product_brand","embeddable":true,"href":"https:\/\/mrcartools.com\/lt\/wp-json\/wp\/v2\/product_brand?post=4366"},{"taxonomy":"product_cat","embeddable":true,"href":"https:\/\/mrcartools.com\/lt\/wp-json\/wp\/v2\/product_cat?post=4366"},{"taxonomy":"product_tag","embeddable":true,"href":"https:\/\/mrcartools.com\/lt\/wp-json\/wp\/v2\/product_tag?post=4366"}],"curies":[{"name":"wp","href":"https:\/\/api.w.org\/{rel}","templated":true}]}}