{"id":4769,"date":"2024-07-13T06:35:50","date_gmt":"2024-07-13T06:35:50","guid":{"rendered":"https:\/\/mrcartools.com\/?post_type=product&#038;p=4769"},"modified":"2025-02-17T14:04:13","modified_gmt":"2025-02-17T06:04:13","slug":"mrcartool-b05-brake-fluid-change-machine-adaptor-use-for-f118","status":"publish","type":"product","link":"https:\/\/mrcartools.com\/lt\/produktas\/mrcartool-b05-brake-fluid-change-machine-adaptor-use-for-f118\/","title":{"rendered":"MRCARTOOL B05 stabd\u017ei\u0173 skys\u010dio keitimo ma\u0161inos adapteris, skirtas F118"},"content":{"rendered":"<h2>\u0160is priedas tinka MRCARTOOL F118 stabd\u017ei\u0173 alyvos keitimo ma\u0161inai, \"Honda\", BYD serijoms<\/h2>\n<p><img fetchpriority=\"high\" decoding=\"async\" class=\"alignnone size-full wp-image-4770\" src=\"https:\/\/mrcartools.com\/wp-content\/uploads\/2024\/07\/3.jpg\" alt=\"\" width=\"800\" height=\"800\" srcset=\"\/\/mrcartools.com\/wp-content\/uploads\/2024\/07\/3.jpg 800w, \/\/mrcartools.com\/wp-content\/uploads\/2024\/07\/3-253x253.jpg 253w, \/\/mrcartools.com\/wp-content\/uploads\/2024\/07\/3-100x100.jpg 100w, \/\/mrcartools.com\/wp-content\/uploads\/2024\/07\/3-510x510.jpg 510w, \/\/mrcartools.com\/wp-content\/uploads\/2024\/07\/3-150x150.jpg 150w, \/\/mrcartools.com\/wp-content\/uploads\/2024\/07\/3-768x768.jpg 768w, \/\/mrcartools.com\/wp-content\/uploads\/2024\/07\/3-50x50.jpg 50w\" sizes=\"(max-width: 800px) 100vw, 800px\" \/><\/p>","protected":false},"excerpt":{"rendered":"<p>\u0160is priedas tinka MRCARTOOL F118 stabd\u017ei\u0173 alyvos keitimo ma\u0161inai, \"Honda\", BYD serijoms<\/p>","protected":false},"featured_media":4770,"template":"","meta":[],"product_brand":[],"product_cat":[132],"product_tag":[],"class_list":{"0":"post-4769","1":"product","2":"type-product","3":"status-publish","4":"has-post-thumbnail","6":"product_cat-accessory","7":"product_shipping_class-world","8":"pa_ship-from-china","9":"pa_ship-from-germany","10":"pa_ship-from-united-kingdom","11":"pa_ship-from-united-states","13":"first","14":"instock","15":"shipping-taxable","16":"product-type-variable","17":"wvs-archive-product-wrapper"},"yoast_head":"<!-- This site is optimized with the Yoast SEO Premium plugin v24.4 (Yoast SEO v24.4) - https:\/\/yoast.com\/wordpress\/plugins\/seo\/ -->\n<title>MRCARTOOL B05 Brake Fluid Change Machine Adaptor use for F118 - Mrcartool<\/title>\n<meta name=\"robots\" content=\"index, follow, max-snippet:-1, max-image-preview:large, max-video-preview:-1\" \/>\n<link rel=\"canonical\" href=\"https:\/\/mrcartools.com\/lt\/produktas\/mrcartool-b05-brake-fluid-change-machine-adaptor-use-for-f118\/\" \/>\n<meta property=\"og:locale\" content=\"lt_LT\" \/>\n<meta property=\"og:type\" content=\"article\" \/>\n<meta property=\"og:title\" content=\"MRCARTOOL B05 Brake Fluid Change Machine Adaptor use for F118\" \/>\n<meta property=\"og:description\" content=\"This accessory is suitable For MRCARTOOL F118 brake oil change machine, For Honda, BYD Series\" \/>\n<meta property=\"og:url\" content=\"https:\/\/mrcartools.com\/lt\/produktas\/mrcartool-b05-brake-fluid-change-machine-adaptor-use-for-f118\/\" \/>\n<meta property=\"og:site_name\" content=\"Mrcartool\" \/>\n<meta property=\"article:modified_time\" content=\"2025-02-17T06:04:13+00:00\" \/>\n<meta property=\"og:image\" content=\"https:\/\/mrcartools.com\/wp-content\/uploads\/2024\/07\/3.jpg\" \/>\n\t<meta property=\"og:image:width\" content=\"800\" \/>\n\t<meta property=\"og:image:height\" content=\"800\" \/>\n\t<meta property=\"og:image:type\" content=\"image\/jpeg\" \/>\n<meta name=\"twitter:card\" content=\"summary_large_image\" \/>\n<meta name=\"twitter:label1\" content=\"Est. reading time\" \/>\n\t<meta name=\"twitter:data1\" content=\"1 minut\u0117\" \/>\n<script type=\"application\/ld+json\" class=\"yoast-schema-graph\">{\"@context\":\"https:\/\/schema.org\",\"@graph\":[{\"@type\":\"WebPage\",\"@id\":\"https:\/\/mrcartools.com\/product\/mrcartool-b05-brake-fluid-change-machine-adaptor-use-for-f118\/\",\"url\":\"https:\/\/mrcartools.com\/product\/mrcartool-b05-brake-fluid-change-machine-adaptor-use-for-f118\/\",\"name\":\"MRCARTOOL B05 Brake Fluid Change Machine Adaptor use for F118 - Mrcartool\",\"isPartOf\":{\"@id\":\"https:\/\/mrcartools.com\/#website\"},\"primaryImageOfPage\":{\"@id\":\"https:\/\/mrcartools.com\/product\/mrcartool-b05-brake-fluid-change-machine-adaptor-use-for-f118\/#primaryimage\"},\"image\":{\"@id\":\"https:\/\/mrcartools.com\/product\/mrcartool-b05-brake-fluid-change-machine-adaptor-use-for-f118\/#primaryimage\"},\"thumbnailUrl\":\"https:\/\/mrcartools.com\/wp-content\/uploads\/2024\/07\/3.jpg\",\"datePublished\":\"2024-07-13T06:35:50+00:00\",\"dateModified\":\"2025-02-17T06:04:13+00:00\",\"breadcrumb\":{\"@id\":\"https:\/\/mrcartools.com\/product\/mrcartool-b05-brake-fluid-change-machine-adaptor-use-for-f118\/#breadcrumb\"},\"inLanguage\":\"lt-LT\",\"potentialAction\":[{\"@type\":\"ReadAction\",\"target\":[\"https:\/\/mrcartools.com\/product\/mrcartool-b05-brake-fluid-change-machine-adaptor-use-for-f118\/\"]}]},{\"@type\":\"ImageObject\",\"inLanguage\":\"lt-LT\",\"@id\":\"https:\/\/mrcartools.com\/product\/mrcartool-b05-brake-fluid-change-machine-adaptor-use-for-f118\/#primaryimage\",\"url\":\"https:\/\/mrcartools.com\/wp-content\/uploads\/2024\/07\/3.jpg\",\"contentUrl\":\"https:\/\/mrcartools.com\/wp-content\/uploads\/2024\/07\/3.jpg\",\"width\":800,\"height\":800},{\"@type\":\"BreadcrumbList\",\"@id\":\"https:\/\/mrcartools.com\/product\/mrcartool-b05-brake-fluid-change-machine-adaptor-use-for-f118\/#breadcrumb\",\"itemListElement\":[{\"@type\":\"ListItem\",\"position\":1,\"name\":\"Home\",\"item\":\"https:\/\/mrcartools.com\/\"},{\"@type\":\"ListItem\",\"position\":2,\"name\":\"Shop\",\"item\":\"https:\/\/mrcartools.com\/shop-2\/\"},{\"@type\":\"ListItem\",\"position\":3,\"name\":\"MRCARTOOL B05 Brake Fluid Change Machine Adaptor use for F118\"}]},{\"@type\":\"WebSite\",\"@id\":\"https:\/\/mrcartools.com\/#website\",\"url\":\"https:\/\/mrcartools.com\/\",\"name\":\"MRCARTOOL\",\"description\":\"MRCARTOOL Official Website\",\"publisher\":{\"@id\":\"https:\/\/mrcartools.com\/#organization\"},\"potentialAction\":[{\"@type\":\"SearchAction\",\"target\":{\"@type\":\"EntryPoint\",\"urlTemplate\":\"https:\/\/mrcartools.com\/?s={search_term_string}\"},\"query-input\":{\"@type\":\"PropertyValueSpecification\",\"valueRequired\":true,\"valueName\":\"search_term_string\"}}],\"inLanguage\":\"lt-LT\"},{\"@type\":\"Organization\",\"@id\":\"https:\/\/mrcartools.com\/#organization\",\"name\":\"MRCARTOOL\",\"url\":\"https:\/\/mrcartools.com\/\",\"logo\":{\"@type\":\"ImageObject\",\"inLanguage\":\"lt-LT\",\"@id\":\"https:\/\/mrcartools.com\/#\/schema\/logo\/image\/\",\"url\":\"https:\/\/mrcartools.com\/wp-content\/uploads\/2023\/07\/\u4e0a\u4f73\u6c7d\u8f66\u5de5\u5177-LOGO-2.png\",\"contentUrl\":\"https:\/\/mrcartools.com\/wp-content\/uploads\/2023\/07\/\u4e0a\u4f73\u6c7d\u8f66\u5de5\u5177-LOGO-2.png\",\"width\":1800,\"height\":402,\"caption\":\"MRCARTOOL\"},\"image\":{\"@id\":\"https:\/\/mrcartools.com\/#\/schema\/logo\/image\/\"}}]}<\/script>\n<!-- \/ Yoast SEO Premium plugin. -->","yoast_head_json":{"title":"MRCARTOOL B05 Brake Fluid Change Machine Adaptor use for F118 - Mrcartool","robots":{"index":"index","follow":"follow","max-snippet":"max-snippet:-1","max-image-preview":"max-image-preview:large","max-video-preview":"max-video-preview:-1"},"canonical":"https:\/\/mrcartools.com\/lt\/produktas\/mrcartool-b05-brake-fluid-change-machine-adaptor-use-for-f118\/","og_locale":"lt_LT","og_type":"article","og_title":"MRCARTOOL B05 Brake Fluid Change Machine Adaptor use for F118","og_description":"This accessory is suitable For MRCARTOOL F118 brake oil change machine, For Honda, BYD Series","og_url":"https:\/\/mrcartools.com\/lt\/produktas\/mrcartool-b05-brake-fluid-change-machine-adaptor-use-for-f118\/","og_site_name":"Mrcartool","article_modified_time":"2025-02-17T06:04:13+00:00","og_image":[{"width":800,"height":800,"url":"https:\/\/mrcartools.com\/wp-content\/uploads\/2024\/07\/3.jpg","type":"image\/jpeg"}],"twitter_card":"summary_large_image","twitter_misc":{"Est. reading time":"1 minut\u0117"},"schema":{"@context":"https:\/\/schema.org","@graph":[{"@type":"WebPage","@id":"https:\/\/mrcartools.com\/product\/mrcartool-b05-brake-fluid-change-machine-adaptor-use-for-f118\/","url":"https:\/\/mrcartools.com\/product\/mrcartool-b05-brake-fluid-change-machine-adaptor-use-for-f118\/","name":"MRCARTOOL B05 Brake Fluid Change Machine Adaptor use for F118 - Mrcartool","isPartOf":{"@id":"https:\/\/mrcartools.com\/#website"},"primaryImageOfPage":{"@id":"https:\/\/mrcartools.com\/product\/mrcartool-b05-brake-fluid-change-machine-adaptor-use-for-f118\/#primaryimage"},"image":{"@id":"https:\/\/mrcartools.com\/product\/mrcartool-b05-brake-fluid-change-machine-adaptor-use-for-f118\/#primaryimage"},"thumbnailUrl":"https:\/\/mrcartools.com\/wp-content\/uploads\/2024\/07\/3.jpg","datePublished":"2024-07-13T06:35:50+00:00","dateModified":"2025-02-17T06:04:13+00:00","breadcrumb":{"@id":"https:\/\/mrcartools.com\/product\/mrcartool-b05-brake-fluid-change-machine-adaptor-use-for-f118\/#breadcrumb"},"inLanguage":"lt-LT","potentialAction":[{"@type":"ReadAction","target":["https:\/\/mrcartools.com\/product\/mrcartool-b05-brake-fluid-change-machine-adaptor-use-for-f118\/"]}]},{"@type":"ImageObject","inLanguage":"lt-LT","@id":"https:\/\/mrcartools.com\/product\/mrcartool-b05-brake-fluid-change-machine-adaptor-use-for-f118\/#primaryimage","url":"https:\/\/mrcartools.com\/wp-content\/uploads\/2024\/07\/3.jpg","contentUrl":"https:\/\/mrcartools.com\/wp-content\/uploads\/2024\/07\/3.jpg","width":800,"height":800},{"@type":"BreadcrumbList","@id":"https:\/\/mrcartools.com\/product\/mrcartool-b05-brake-fluid-change-machine-adaptor-use-for-f118\/#breadcrumb","itemListElement":[{"@type":"ListItem","position":1,"name":"Home","item":"https:\/\/mrcartools.com\/"},{"@type":"ListItem","position":2,"name":"Shop","item":"https:\/\/mrcartools.com\/shop-2\/"},{"@type":"ListItem","position":3,"name":"MRCARTOOL B05 Brake Fluid Change Machine Adaptor use for F118"}]},{"@type":"WebSite","@id":"https:\/\/mrcartools.com\/#website","url":"https:\/\/mrcartools.com\/","name":"MRCARTOOL","description":"Oficiali svetain\u0117 MRCARTOOL","publisher":{"@id":"https:\/\/mrcartools.com\/#organization"},"potentialAction":[{"@type":"SearchAction","target":{"@type":"EntryPoint","urlTemplate":"https:\/\/mrcartools.com\/?s={search_term_string}"},"query-input":{"@type":"PropertyValueSpecification","valueRequired":true,"valueName":"search_term_string"}}],"inLanguage":"lt-LT"},{"@type":"Organization","@id":"https:\/\/mrcartools.com\/#organization","name":"MRCARTOOL","url":"https:\/\/mrcartools.com\/","logo":{"@type":"ImageObject","inLanguage":"lt-LT","@id":"https:\/\/mrcartools.com\/#\/schema\/logo\/image\/","url":"https:\/\/mrcartools.com\/wp-content\/uploads\/2023\/07\/\u4e0a\u4f73\u6c7d\u8f66\u5de5\u5177-LOGO-2.png","contentUrl":"https:\/\/mrcartools.com\/wp-content\/uploads\/2023\/07\/\u4e0a\u4f73\u6c7d\u8f66\u5de5\u5177-LOGO-2.png","width":1800,"height":402,"caption":"MRCARTOOL"},"image":{"@id":"https:\/\/mrcartools.com\/#\/schema\/logo\/image\/"}}]}},"_links":{"self":[{"href":"https:\/\/mrcartools.com\/lt\/wp-json\/wp\/v2\/product\/4769","targetHints":{"allow":["GET"]}}],"collection":[{"href":"https:\/\/mrcartools.com\/lt\/wp-json\/wp\/v2\/product"}],"about":[{"href":"https:\/\/mrcartools.com\/lt\/wp-json\/wp\/v2\/types\/product"}],"version-history":[{"count":0,"href":"https:\/\/mrcartools.com\/lt\/wp-json\/wp\/v2\/product\/4769\/revisions"}],"wp:featuredmedia":[{"embeddable":true,"href":"https:\/\/mrcartools.com\/lt\/wp-json\/wp\/v2\/media\/4770"}],"wp:attachment":[{"href":"https:\/\/mrcartools.com\/lt\/wp-json\/wp\/v2\/media?parent=4769"}],"wp:term":[{"taxonomy":"product_brand","embeddable":true,"href":"https:\/\/mrcartools.com\/lt\/wp-json\/wp\/v2\/product_brand?post=4769"},{"taxonomy":"product_cat","embeddable":true,"href":"https:\/\/mrcartools.com\/lt\/wp-json\/wp\/v2\/product_cat?post=4769"},{"taxonomy":"product_tag","embeddable":true,"href":"https:\/\/mrcartools.com\/lt\/wp-json\/wp\/v2\/product_tag?post=4769"}],"curies":[{"name":"wp","href":"https:\/\/api.w.org\/{rel}","templated":true}]}}