{"id":5574,"date":"2024-11-05T08:17:59","date_gmt":"2024-11-05T08:17:59","guid":{"rendered":"https:\/\/mrcartools.com\/?post_type=product&#038;p=5574"},"modified":"2025-07-22T03:02:06","modified_gmt":"2025-07-22T03:02:06","slug":"mr-cartool-obd-power-adapter-24v-to-12v","status":"publish","type":"product","link":"https:\/\/mrcartools.com\/lt\/produktas\/mr-cartool-obd-power-adapter-24v-to-12v\/","title":{"rendered":"MRCARTOOL OBD maitinimo adapteris i\u0161 24 V \u012f 12 V"},"content":{"rendered":"<section class=\"section\" id=\"section_982117992\">\n\t\t<div class=\"section-bg fill\" >\n\t\t\t\t\t\t\t\t\t\n\t\t\t\n\n\t\t<\/div>\n\n\t\t\n\n\t\t<div class=\"section-content relative\">\n\t\t\t\n<h3><strong>\"MRCARTOOL OBD\" 24V 12V maitinimo adapteris yra didelio efektyvumo \u012ftampos keitimo \u012frankis, konvertuojantis 24V maitinimo sistem\u0105 \u012f 12 V, pla\u010diai naudojamas \u012fvairiose transporto priemon\u0117se su 24 V akumuliatoriaus sistema, u\u017etikrinantis stabili\u0105 12 V i\u0161vest\u012f, kad b\u016bt\u0173 u\u017etikrintas saugus ir efektyvus j\u016bs\u0173 OBD-II diagnostikos \u012franki\u0173, borto \u012frangos ir kit\u0173 12 V prietais\u0173 veikimas.<\/strong><\/h3>\n<div class=\"row\"  id=\"row-1056301929\">\n\n\t<div id=\"col-1185741053\" class=\"col small-12 large-12\"  >\n\t\t\t\t<div class=\"col-inner text-center\"  >\n\t\t\t\n\t\t\t\n\n\t<a class=\"plain\" href=\"https:\/\/api.whatsapp.com\/send\/?phone=%2B8618923768146&#038;text=onlinesupport\" target=\"_blank\" rel=\"noopener\" >\t<div class=\"icon-box featured-box icon-box-center text-center\"  >\n\t\t\t\t\t<div class=\"icon-box-img\" style=\"width: 54px\">\n\t\t\t\t<div class=\"icon\">\n\t\t\t\t\t<div class=\"icon-inner\" >\n\t\t\t\t\t\t<img decoding=\"async\" width=\"128\" height=\"128\" src=\"https:\/\/mrcartools.com\/wp-content\/uploads\/2022\/03\/\u5bfb\u627e\u641c\u7d22_333333_128_21559135.png\" class=\"attachment-medium size-medium wvs-archive-product-image\" alt=\"\" srcset=\"\/\/mrcartools.com\/wp-content\/uploads\/2022\/03\/\u5bfb\u627e\u641c\u7d22_333333_128_21559135.png 128w, \/\/mrcartools.com\/wp-content\/uploads\/2022\/03\/\u5bfb\u627e\u641c\u7d22_333333_128_21559135-100x100.png 100w, \/\/mrcartools.com\/wp-content\/uploads\/2022\/03\/\u5bfb\u627e\u641c\u7d22_333333_128_21559135-50x50.png 50w\" sizes=\"(max-width: 128px) 100vw, 128px\" \/>\t\t\t\t\t<\/div>\n\t\t\t\t<\/div>\n\t\t\t<\/div>\n\t\t\t\t<div class=\"icon-box-text last-reset\">\n\t\t\t\t\t\t\t\t\t\n\t<div id=\"text-449176935\" class=\"text\">\n\t\t\n<h3><a href=\"https:\/\/api.whatsapp.com\/send\/?phone=%2B8618923768146&amp;text=onlinesupport\"><em><strong>Pagalbos centras<\/strong><\/em><\/a><\/h3>\n\t\t\n<style>\n#text-449176935 {\n  font-size: 0.9rem;\n}\n<\/style>\n\t<\/div>\n\t\n\t\t<\/div>\n\t<\/div>\n\t<\/a>\n\t\n\t\t<\/div>\n\t\t\t\t\t<\/div>\n\n\t\n<\/div>\n<div class=\"accordion\">\n\t<div id=\"accordion-3199973104\" class=\"accordion-item\">\n\t\t<a id=\"accordion-3199973104-label\" class=\"accordion-title plain\" href=\"#accordion-item-\ud83d\udcddwarm-tips\" aria-expanded=\"false\" aria-controls=\"accordion-3199973104-content\">\n\t\t\t<button class=\"toggle\" aria-label=\"Toggle\"><i class=\"icon-angle-down\" aria-hidden=\"true\"><\/i><\/button>\n\t\t\t<span>\ud83d\udcdd\u0160ilti patarimai<\/span>\n\t\t<\/a>\n\t\t<div id=\"accordion-3199973104-content\" class=\"accordion-inner\" aria-labelledby=\"accordion-3199973104-label\">\n\t\t\t\n<ul>\n<li><strong>U\u017etikrinkite tinkamas jungtis:<\/strong> 24 V gnybt\u0105 prijunkite prie transporto priemon\u0117s akumuliatoriaus, o 12 V gnybt\u0105 - prie 12 V \u012frenginio.D\u0117l netinkam\u0173 jung\u010di\u0173 \u012frenginys gali b\u016bti sugadintas arba netinkamai veikti.<\/li>\n<li><strong>Venkite per didel\u0117s apkrovos<\/strong> Nevir\u0161ykite vardinio adapterio galios diapazono. D\u0117l perkrovos gali perkaisti, \u012fvykti trumpasis jungimas arba sugadinti adapter\u012f ir prijungtus \u012frenginius.<\/li>\n<li><strong>Patikrinkite \u012ftampos atitikim\u0105<\/strong> \u012esitikinkite, kad transporto priemon\u0117s maitinimo \u0161altinis yra 24 V, o maitinamas \u012frenginys palaiko 12 V \u012ftamp\u0105. Netinkamas \u012ftampos suderinimas gali tur\u0117ti \u012ftakos prietaiso veikimui arba sukelti gedim\u0105.<\/li>\n<li><strong>Venkite auk\u0161tos temperat\u016bros aplinkos<\/strong> Naudojimo metu venkite, kad adapteris b\u016bt\u0173 veikiamas auk\u0161tos temperat\u016bros, pavyzd\u017eiui, saul\u0117s spinduli\u0173 transporto priemon\u0117je arba tiesioginio s\u0105ly\u010dio su kar\u0161tais daiktais. Auk\u0161ta temperat\u016bra gali tur\u0117ti \u012ftakos normaliam adapterio veikimui arba suveikti apsauga nuo perkaitimo.<\/li>\n<\/ul>\n\t\t<\/div>\n\t<\/div>\n\t\n<\/div>\n\t\t<\/div>\n\n\t\t\n<style>\n#section_982117992 {\n  padding-top: 0px;\n  padding-bottom: 0px;\n}\n<\/style>\n\t<\/section>\n\t\n\n\t<section class=\"section\" id=\"section_64492699\">\n\t\t<div class=\"section-bg fill\" >\n\t\t\t\t\t\t\t\t\t\n\t\t\t\n\n\t\t<\/div>\n\n\t\t\n\n\t\t<div class=\"section-content relative\">\n\t\t\t\n<h3 style=\"text-align: center;\"><strong>MRCARTOOL OBD maitinimo adapteris i\u0161 24 V \u012f 12 V<\/strong><\/h3>\n<div class=\"accordion\">\n\t<div id=\"accordion-3092405227\" class=\"accordion-item\">\n\t\t<a id=\"accordion-3092405227-label\" class=\"accordion-title plain active\" href=\"#accordion-item-features\" aria-expanded=\"true\" aria-controls=\"accordion-3092405227-content\">\n\t\t\t<button class=\"toggle\" aria-label=\"Toggle\"><i class=\"icon-angle-down\" aria-hidden=\"true\"><\/i><\/button>\n\t\t\t<span>Funkcijos<\/span>\n\t\t<\/a>\n\t\t<div id=\"accordion-3092405227-content\" class=\"accordion-inner\" style=\"display: block;\" aria-labelledby=\"accordion-3092405227-label\">\n\t\t\t\n<ul>\n<li><strong>Universalus suderinamumas:<\/strong> \u0160is adapteris 24 V maitinim\u0105 transformuoja \u012f 12 V, idealiai tinka OBD-II diagnostikos \u012frankiams, transporto priemon\u0117je esantiems prietaisams ir kitiems 12 V prietaisams, tinka visoms 24 V transporto priemon\u0117ms, \u012fskaitant didelius sunkve\u017eimius ir komercines transporto priemones.<\/li>\n<li><strong>Stabilus \u012ftampos i\u0161\u0117jimas:<\/strong> MRCARTOOL OBD adapteris u\u017etikrina patikim\u0105 12 V \u012ftamp\u0105, apsaugan\u010di\u0105 nuo \u012ftampos svyravim\u0173 ir galimos \u017ealos.<\/li>\n<li><strong>Paprastas montavimas:<\/strong> \"Plug and play\", palaiko \"plug and play\" dizain\u0105, patogus ir greitas, nereikia sud\u0117ting\u0173 diegimo \u017eingsni\u0173.<\/li>\n<li><strong>Efektyvi apsauga:<\/strong> Integruotos perkrovos, vir\u0161\u012ftampio ir perkaitimo apsaugos priemon\u0117s apsaugo \u012frang\u0105 nuo \u012ftampos svyravim\u0173 ir prailgina jos tarnavimo laik\u0105.<\/li>\n<li><strong>Kompakti\u0161kas ir lengvas\uff1a<\/strong>Kompakti\u0161kas dizainas ir auk\u0161tos kokyb\u0117s med\u017eiagos u\u017etikrina ilgalaik\u012f stabilum\u0105 sud\u0117tingoje aplinkoje.<\/li>\n<li><strong>Popardaviminis aptarnavimas:<\/strong> MRCARTOOL suteikia 48 m\u0117nesi\u0173 garantij\u0105 ir 7\u00d724 valand\u0173 draugi\u0161k\u0105 klient\u0173 aptarnavim\u0105, kad u\u017etikrint\u0173 j\u016bs\u0173 apsipirkimo patirt\u012f. Jei turite klausim\u0173 apie EVAP nuot\u0117kio detektorius, susisiekite su mumis tiesiogiai.<\/li>\n<\/ul>\n<div class=\"flex-shrink-0 flex flex-col relative items-end\">\n<div><\/div>\n<\/div>\n\t\t<\/div>\n\t<\/div>\n\t\n<\/div>\n\t\t<\/div>\n\n\t\t\n<style>\n#section_64492699 {\n  padding-top: 30px;\n  padding-bottom: 30px;\n}\n<\/style>\n\t<\/section>\n\t\n<div class=\"row\"  id=\"row-1940941997\">\n\n\t<div id=\"col-690341450\" class=\"col medium-6 small-12 large-6\"  >\n\t\t\t\t<div class=\"col-inner\"  >\n\t\t\t\n\t\t\t\n\t<div class=\"img has-hover x md-x lg-x y md-y lg-y\" id=\"image_1280333944\">\n\t\t\t\t\t\t\t\t<div class=\"img-inner dark\" >\n\t\t\t<img fetchpriority=\"high\" decoding=\"async\" width=\"1200\" height=\"1200\" src=\"https:\/\/mrcartools.com\/wp-content\/uploads\/2024\/11\/1-3.jpg\" class=\"attachment-original size-original wvs-archive-product-image\" alt=\"\" srcset=\"\/\/mrcartools.com\/wp-content\/uploads\/2024\/11\/1-3.jpg 1200w, \/\/mrcartools.com\/wp-content\/uploads\/2024\/11\/1-3-253x253.jpg 253w, \/\/mrcartools.com\/wp-content\/uploads\/2024\/11\/1-3-100x100.jpg 100w, \/\/mrcartools.com\/wp-content\/uploads\/2024\/11\/1-3-510x510.jpg 510w, \/\/mrcartools.com\/wp-content\/uploads\/2024\/11\/1-3-150x150.jpg 150w, \/\/mrcartools.com\/wp-content\/uploads\/2024\/11\/1-3-768x768.jpg 768w, \/\/mrcartools.com\/wp-content\/uploads\/2024\/11\/1-3-50x50.jpg 50w\" sizes=\"(max-width: 1200px) 100vw, 1200px\" \/>\t\t\t\t\t\t\n\t\t\t\t\t<\/div>\n\t\t\t\t\t\t\t\t\n<style>\n#image_1280333944 {\n  width: 100%;\n}\n<\/style>\n\t<\/div>\n\t\n\t\t<\/div>\n\t\t\t\t\t<\/div>\n\n\t\n\n\t<div id=\"col-1209766612\" class=\"col medium-6 small-12 large-6\"  >\n\t\t\t\t<div class=\"col-inner\"  >\n\t\t\t\n\t\t\t\n\t<div class=\"img has-hover x md-x lg-x y md-y lg-y\" id=\"image_668501824\">\n\t\t\t\t\t\t\t\t<div class=\"img-inner dark\" >\n\t\t\t<img decoding=\"async\" width=\"1200\" height=\"1200\" src=\"https:\/\/mrcartools.com\/wp-content\/uploads\/2024\/11\/2-3.jpg\" class=\"attachment-original size-original wvs-archive-product-image\" alt=\"\" srcset=\"\/\/mrcartools.com\/wp-content\/uploads\/2024\/11\/2-3.jpg 1200w, \/\/mrcartools.com\/wp-content\/uploads\/2024\/11\/2-3-253x253.jpg 253w, \/\/mrcartools.com\/wp-content\/uploads\/2024\/11\/2-3-100x100.jpg 100w, \/\/mrcartools.com\/wp-content\/uploads\/2024\/11\/2-3-510x510.jpg 510w, \/\/mrcartools.com\/wp-content\/uploads\/2024\/11\/2-3-150x150.jpg 150w, \/\/mrcartools.com\/wp-content\/uploads\/2024\/11\/2-3-768x768.jpg 768w, \/\/mrcartools.com\/wp-content\/uploads\/2024\/11\/2-3-50x50.jpg 50w\" sizes=\"(max-width: 1200px) 100vw, 1200px\" \/>\t\t\t\t\t\t\n\t\t\t\t\t<\/div>\n\t\t\t\t\t\t\t\t\n<style>\n#image_668501824 {\n  width: 100%;\n}\n<\/style>\n\t<\/div>\n\t\n\t\t<\/div>\n\t\t\t\t\t<\/div>\n\n\t\n<\/div>\n<div class=\"row\"  id=\"row-799999044\">\n\n\t<div id=\"col-318374201\" class=\"col medium-6 small-12 large-6\"  >\n\t\t\t\t<div class=\"col-inner\"  >\n\t\t\t\n\t\t\t\n\t<div class=\"img has-hover x md-x lg-x y md-y lg-y\" id=\"image_195156631\">\n\t\t\t\t\t\t\t\t<div class=\"img-inner dark\" >\n\t\t\t<img loading=\"lazy\" decoding=\"async\" width=\"1200\" height=\"1200\" src=\"https:\/\/mrcartools.com\/wp-content\/uploads\/2024\/11\/3-3.jpg\" class=\"attachment-original size-original wvs-archive-product-image\" alt=\"\" srcset=\"\/\/mrcartools.com\/wp-content\/uploads\/2024\/11\/3-3.jpg 1200w, \/\/mrcartools.com\/wp-content\/uploads\/2024\/11\/3-3-253x253.jpg 253w, \/\/mrcartools.com\/wp-content\/uploads\/2024\/11\/3-3-100x100.jpg 100w, \/\/mrcartools.com\/wp-content\/uploads\/2024\/11\/3-3-510x510.jpg 510w, \/\/mrcartools.com\/wp-content\/uploads\/2024\/11\/3-3-150x150.jpg 150w, \/\/mrcartools.com\/wp-content\/uploads\/2024\/11\/3-3-768x768.jpg 768w, \/\/mrcartools.com\/wp-content\/uploads\/2024\/11\/3-3-50x50.jpg 50w\" sizes=\"(max-width: 1200px) 100vw, 1200px\" \/>\t\t\t\t\t\t\n\t\t\t\t\t<\/div>\n\t\t\t\t\t\t\t\t\n<style>\n#image_195156631 {\n  width: 100%;\n}\n<\/style>\n\t<\/div>\n\t\n\t\t<\/div>\n\t\t\t\t\t<\/div>\n\n\t\n\n\t<div id=\"col-122515829\" class=\"col medium-6 small-12 large-6\"  >\n\t\t\t\t<div class=\"col-inner\"  >\n\t\t\t\n\t\t\t\n\t<div class=\"img has-hover x md-x lg-x y md-y lg-y\" id=\"image_1419754188\">\n\t\t\t\t\t\t\t\t<div class=\"img-inner dark\" >\n\t\t\t<img loading=\"lazy\" decoding=\"async\" width=\"1200\" height=\"1200\" src=\"https:\/\/mrcartools.com\/wp-content\/uploads\/2024\/11\/4-3.jpg\" class=\"attachment-original size-original wvs-archive-product-image\" alt=\"\" srcset=\"\/\/mrcartools.com\/wp-content\/uploads\/2024\/11\/4-3.jpg 1200w, \/\/mrcartools.com\/wp-content\/uploads\/2024\/11\/4-3-253x253.jpg 253w, \/\/mrcartools.com\/wp-content\/uploads\/2024\/11\/4-3-100x100.jpg 100w, \/\/mrcartools.com\/wp-content\/uploads\/2024\/11\/4-3-510x510.jpg 510w, \/\/mrcartools.com\/wp-content\/uploads\/2024\/11\/4-3-150x150.jpg 150w, \/\/mrcartools.com\/wp-content\/uploads\/2024\/11\/4-3-768x768.jpg 768w, \/\/mrcartools.com\/wp-content\/uploads\/2024\/11\/4-3-50x50.jpg 50w\" sizes=\"(max-width: 1200px) 100vw, 1200px\" \/>\t\t\t\t\t\t\n\t\t\t\t\t<\/div>\n\t\t\t\t\t\t\t\t\n<style>\n#image_1419754188 {\n  width: 100%;\n}\n<\/style>\n\t<\/div>\n\t\n\t\t<\/div>\n\t\t\t\t\t<\/div>\n\n\t\n<\/div>\n<div class=\"row\"  id=\"row-263054726\">\n\n\t<div id=\"col-1059623339\" class=\"col medium-6 small-12 large-6\"  >\n\t\t\t\t<div class=\"col-inner\"  >\n\t\t\t\n\t\t\t\n\t<div class=\"img has-hover x md-x lg-x y md-y lg-y\" id=\"image_575794213\">\n\t\t\t\t\t\t\t\t<div class=\"img-inner dark\" >\n\t\t\t<img loading=\"lazy\" decoding=\"async\" width=\"1200\" height=\"1200\" src=\"https:\/\/mrcartools.com\/wp-content\/uploads\/2024\/11\/5-3.jpg\" class=\"attachment-original size-original wvs-archive-product-image\" alt=\"\" srcset=\"\/\/mrcartools.com\/wp-content\/uploads\/2024\/11\/5-3.jpg 1200w, \/\/mrcartools.com\/wp-content\/uploads\/2024\/11\/5-3-253x253.jpg 253w, \/\/mrcartools.com\/wp-content\/uploads\/2024\/11\/5-3-100x100.jpg 100w, \/\/mrcartools.com\/wp-content\/uploads\/2024\/11\/5-3-510x510.jpg 510w, \/\/mrcartools.com\/wp-content\/uploads\/2024\/11\/5-3-150x150.jpg 150w, \/\/mrcartools.com\/wp-content\/uploads\/2024\/11\/5-3-768x768.jpg 768w, \/\/mrcartools.com\/wp-content\/uploads\/2024\/11\/5-3-50x50.jpg 50w\" sizes=\"(max-width: 1200px) 100vw, 1200px\" \/>\t\t\t\t\t\t\n\t\t\t\t\t<\/div>\n\t\t\t\t\t\t\t\t\n<style>\n#image_575794213 {\n  width: 100%;\n}\n<\/style>\n\t<\/div>\n\t\n\t\t<\/div>\n\t\t\t\t\t<\/div>\n\n\t\n\n\t<div id=\"col-2132559855\" class=\"col medium-6 small-12 large-6\"  >\n\t\t\t\t<div class=\"col-inner\"  >\n\t\t\t\n\t\t\t\n\t<div class=\"img has-hover x md-x lg-x y md-y lg-y\" id=\"image_623665382\">\n\t\t\t\t\t\t\t\t<div class=\"img-inner dark\" >\n\t\t\t<img loading=\"lazy\" decoding=\"async\" width=\"1200\" height=\"1200\" src=\"https:\/\/mrcartools.com\/wp-content\/uploads\/2024\/11\/6-3.jpg\" class=\"attachment-original size-original wvs-archive-product-image\" alt=\"\" srcset=\"\/\/mrcartools.com\/wp-content\/uploads\/2024\/11\/6-3.jpg 1200w, \/\/mrcartools.com\/wp-content\/uploads\/2024\/11\/6-3-253x253.jpg 253w, \/\/mrcartools.com\/wp-content\/uploads\/2024\/11\/6-3-100x100.jpg 100w, \/\/mrcartools.com\/wp-content\/uploads\/2024\/11\/6-3-510x510.jpg 510w, \/\/mrcartools.com\/wp-content\/uploads\/2024\/11\/6-3-150x150.jpg 150w, \/\/mrcartools.com\/wp-content\/uploads\/2024\/11\/6-3-768x768.jpg 768w, \/\/mrcartools.com\/wp-content\/uploads\/2024\/11\/6-3-50x50.jpg 50w\" sizes=\"(max-width: 1200px) 100vw, 1200px\" \/>\t\t\t\t\t\t\n\t\t\t\t\t<\/div>\n\t\t\t\t\t\t\t\t\n<style>\n#image_623665382 {\n  width: 100%;\n}\n<\/style>\n\t<\/div>\n\t\n\t\t<\/div>\n\t\t\t\t\t<\/div>\n\n\t\n<\/div>","protected":false},"excerpt":{"rendered":"<ul>\n<li><strong>Platus pritaikymas:<\/strong> tinka visoms transporto priemon\u0117ms su 24 V akumuliatori\u0173 sistema, suderinama su \u012fvairiais 12 V \u012frenginiais.<\/li>\n<li><strong>Apsaugokite savo prietais\u0105<\/strong>: Adapteris u\u017etikrina, kad j\u016bs\u0173 \u012frenginys gaut\u0173 stabili\u0105 12 V \u012ftamp\u0105, tod\u0117l i\u0161vengsite \u017ealos d\u0117l per didel\u0117s arba per ma\u017eos \u012ftampos.<\/li>\n<li><strong>Popardaviminis aptarnavimas:<\/strong>\u00a048 m\u0117nesi\u0173 garantija ir 7 \u00d7 24 valand\u0173 draugi\u0161kas klient\u0173 aptarnavimas, kad u\u017etikrintum\u0117te savo apsipirkimo patirt\u012f.<a href=\"https:\/\/api.whatsapp.com\/send\/?phone=%2B8618923768146&amp;text=onlinesupport\"><strong>Palaikymas&gt;&gt;<\/strong><\/a><\/li>\n<\/ul>","protected":false},"featured_media":5595,"template":"","meta":[],"product_brand":[],"product_cat":[117],"product_tag":[],"class_list":{"0":"post-5574","1":"product","2":"type-product","3":"status-publish","4":"has-post-thumbnail","6":"product_cat-obd-cables-connectors","8":"first","9":"instock","10":"shipping-taxable","11":"product-type-variable","12":"wvs-archive-product-wrapper"},"yoast_head":"<!-- This site is optimized with the Yoast SEO Premium plugin v24.4 (Yoast SEO v24.4) - https:\/\/yoast.com\/wordpress\/plugins\/seo\/ -->\n<title>MRCARTOOL OBD Power Adapter 24V to 12V - Mrcartool<\/title>\n<meta name=\"description\" content=\"MRCARTOOL OBD power adapter is widely used in large trucks, commercial vehicles and other vehicles with 24V battery system, providing stable 12V output.\" \/>\n<meta name=\"robots\" content=\"index, follow, max-snippet:-1, max-image-preview:large, max-video-preview:-1\" \/>\n<link rel=\"canonical\" href=\"https:\/\/mrcartools.com\/lt\/produktas\/mr-cartool-obd-power-adapter-24v-to-12v\/\" \/>\n<meta property=\"og:locale\" content=\"lt_LT\" \/>\n<meta property=\"og:type\" content=\"article\" \/>\n<meta property=\"og:title\" content=\"MRCARTOOL OBD Power Adapter 24V to 12V\" \/>\n<meta property=\"og:description\" content=\"MRCARTOOL OBD power adapter is widely used in large trucks, commercial vehicles and other vehicles with 24V battery system, providing stable 12V output.\" \/>\n<meta property=\"og:url\" content=\"https:\/\/mrcartools.com\/lt\/produktas\/mr-cartool-obd-power-adapter-24v-to-12v\/\" \/>\n<meta property=\"og:site_name\" content=\"Mrcartool\" \/>\n<meta property=\"article:modified_time\" content=\"2025-07-22T03:02:06+00:00\" \/>\n<meta property=\"og:image\" content=\"https:\/\/mrcartools.com\/wp-content\/uploads\/2024\/11\/1-1.jpg\" \/>\n\t<meta property=\"og:image:width\" content=\"1500\" \/>\n\t<meta property=\"og:image:height\" content=\"1500\" \/>\n\t<meta property=\"og:image:type\" content=\"image\/jpeg\" \/>\n<meta name=\"twitter:card\" content=\"summary_large_image\" \/>\n<meta name=\"twitter:label1\" content=\"Est. reading time\" \/>\n\t<meta name=\"twitter:data1\" content=\"3 minut\u0117s\" \/>\n<script type=\"application\/ld+json\" class=\"yoast-schema-graph\">{\"@context\":\"https:\/\/schema.org\",\"@graph\":[{\"@type\":\"WebPage\",\"@id\":\"https:\/\/mrcartools.com\/product\/mr-cartool-obd-power-adapter-24v-to-12v\/\",\"url\":\"https:\/\/mrcartools.com\/product\/mr-cartool-obd-power-adapter-24v-to-12v\/\",\"name\":\"MRCARTOOL OBD Power Adapter 24V to 12V - Mrcartool\",\"isPartOf\":{\"@id\":\"https:\/\/mrcartools.com\/#website\"},\"primaryImageOfPage\":{\"@id\":\"https:\/\/mrcartools.com\/product\/mr-cartool-obd-power-adapter-24v-to-12v\/#primaryimage\"},\"image\":{\"@id\":\"https:\/\/mrcartools.com\/product\/mr-cartool-obd-power-adapter-24v-to-12v\/#primaryimage\"},\"thumbnailUrl\":\"https:\/\/mrcartools.com\/wp-content\/uploads\/2024\/11\/1-1.jpg\",\"datePublished\":\"2024-11-05T08:17:59+00:00\",\"dateModified\":\"2025-07-22T03:02:06+00:00\",\"description\":\"MRCARTOOL OBD power adapter is widely used in large trucks, commercial vehicles and other vehicles with 24V battery system, providing stable 12V output.\",\"breadcrumb\":{\"@id\":\"https:\/\/mrcartools.com\/product\/mr-cartool-obd-power-adapter-24v-to-12v\/#breadcrumb\"},\"inLanguage\":\"lt-LT\",\"potentialAction\":[{\"@type\":\"ReadAction\",\"target\":[\"https:\/\/mrcartools.com\/product\/mr-cartool-obd-power-adapter-24v-to-12v\/\"]}]},{\"@type\":\"ImageObject\",\"inLanguage\":\"lt-LT\",\"@id\":\"https:\/\/mrcartools.com\/product\/mr-cartool-obd-power-adapter-24v-to-12v\/#primaryimage\",\"url\":\"https:\/\/mrcartools.com\/wp-content\/uploads\/2024\/11\/1-1.jpg\",\"contentUrl\":\"https:\/\/mrcartools.com\/wp-content\/uploads\/2024\/11\/1-1.jpg\",\"width\":1500,\"height\":1500},{\"@type\":\"BreadcrumbList\",\"@id\":\"https:\/\/mrcartools.com\/product\/mr-cartool-obd-power-adapter-24v-to-12v\/#breadcrumb\",\"itemListElement\":[{\"@type\":\"ListItem\",\"position\":1,\"name\":\"Home\",\"item\":\"https:\/\/mrcartools.com\/\"},{\"@type\":\"ListItem\",\"position\":2,\"name\":\"Shop\",\"item\":\"https:\/\/mrcartools.com\/shop-2\/\"},{\"@type\":\"ListItem\",\"position\":3,\"name\":\"MRCARTOOL OBD Power Adapter 24V to 12V\"}]},{\"@type\":\"WebSite\",\"@id\":\"https:\/\/mrcartools.com\/#website\",\"url\":\"https:\/\/mrcartools.com\/\",\"name\":\"MRCARTOOL\",\"description\":\"MRCARTOOL Official Website\",\"publisher\":{\"@id\":\"https:\/\/mrcartools.com\/#organization\"},\"potentialAction\":[{\"@type\":\"SearchAction\",\"target\":{\"@type\":\"EntryPoint\",\"urlTemplate\":\"https:\/\/mrcartools.com\/?s={search_term_string}\"},\"query-input\":{\"@type\":\"PropertyValueSpecification\",\"valueRequired\":true,\"valueName\":\"search_term_string\"}}],\"inLanguage\":\"lt-LT\"},{\"@type\":\"Organization\",\"@id\":\"https:\/\/mrcartools.com\/#organization\",\"name\":\"MRCARTOOL\",\"url\":\"https:\/\/mrcartools.com\/\",\"logo\":{\"@type\":\"ImageObject\",\"inLanguage\":\"lt-LT\",\"@id\":\"https:\/\/mrcartools.com\/#\/schema\/logo\/image\/\",\"url\":\"https:\/\/mrcartools.com\/wp-content\/uploads\/2023\/07\/\u4e0a\u4f73\u6c7d\u8f66\u5de5\u5177-LOGO-2.png\",\"contentUrl\":\"https:\/\/mrcartools.com\/wp-content\/uploads\/2023\/07\/\u4e0a\u4f73\u6c7d\u8f66\u5de5\u5177-LOGO-2.png\",\"width\":1800,\"height\":402,\"caption\":\"MRCARTOOL\"},\"image\":{\"@id\":\"https:\/\/mrcartools.com\/#\/schema\/logo\/image\/\"}}]}<\/script>\n<!-- \/ Yoast SEO Premium plugin. -->","yoast_head_json":{"title":"MRCARTOOL OBD Power Adapter 24V to 12V - Mrcartool","description":"MRCARTOOL OBD power adapter is widely used in large trucks, commercial vehicles and other vehicles with 24V battery system, providing stable 12V output.","robots":{"index":"index","follow":"follow","max-snippet":"max-snippet:-1","max-image-preview":"max-image-preview:large","max-video-preview":"max-video-preview:-1"},"canonical":"https:\/\/mrcartools.com\/lt\/produktas\/mr-cartool-obd-power-adapter-24v-to-12v\/","og_locale":"lt_LT","og_type":"article","og_title":"MRCARTOOL OBD Power Adapter 24V to 12V","og_description":"MRCARTOOL OBD power adapter is widely used in large trucks, commercial vehicles and other vehicles with 24V battery system, providing stable 12V output.","og_url":"https:\/\/mrcartools.com\/lt\/produktas\/mr-cartool-obd-power-adapter-24v-to-12v\/","og_site_name":"Mrcartool","article_modified_time":"2025-07-22T03:02:06+00:00","og_image":[{"width":1500,"height":1500,"url":"https:\/\/mrcartools.com\/wp-content\/uploads\/2024\/11\/1-1.jpg","type":"image\/jpeg"}],"twitter_card":"summary_large_image","twitter_misc":{"Est. reading time":"3 minut\u0117s"},"schema":{"@context":"https:\/\/schema.org","@graph":[{"@type":"WebPage","@id":"https:\/\/mrcartools.com\/product\/mr-cartool-obd-power-adapter-24v-to-12v\/","url":"https:\/\/mrcartools.com\/product\/mr-cartool-obd-power-adapter-24v-to-12v\/","name":"MRCARTOOL OBD Power Adapter 24V to 12V - Mrcartool","isPartOf":{"@id":"https:\/\/mrcartools.com\/#website"},"primaryImageOfPage":{"@id":"https:\/\/mrcartools.com\/product\/mr-cartool-obd-power-adapter-24v-to-12v\/#primaryimage"},"image":{"@id":"https:\/\/mrcartools.com\/product\/mr-cartool-obd-power-adapter-24v-to-12v\/#primaryimage"},"thumbnailUrl":"https:\/\/mrcartools.com\/wp-content\/uploads\/2024\/11\/1-1.jpg","datePublished":"2024-11-05T08:17:59+00:00","dateModified":"2025-07-22T03:02:06+00:00","description":"MRCARTOOL OBD power adapter is widely used in large trucks, commercial vehicles and other vehicles with 24V battery system, providing stable 12V output.","breadcrumb":{"@id":"https:\/\/mrcartools.com\/product\/mr-cartool-obd-power-adapter-24v-to-12v\/#breadcrumb"},"inLanguage":"lt-LT","potentialAction":[{"@type":"ReadAction","target":["https:\/\/mrcartools.com\/product\/mr-cartool-obd-power-adapter-24v-to-12v\/"]}]},{"@type":"ImageObject","inLanguage":"lt-LT","@id":"https:\/\/mrcartools.com\/product\/mr-cartool-obd-power-adapter-24v-to-12v\/#primaryimage","url":"https:\/\/mrcartools.com\/wp-content\/uploads\/2024\/11\/1-1.jpg","contentUrl":"https:\/\/mrcartools.com\/wp-content\/uploads\/2024\/11\/1-1.jpg","width":1500,"height":1500},{"@type":"BreadcrumbList","@id":"https:\/\/mrcartools.com\/product\/mr-cartool-obd-power-adapter-24v-to-12v\/#breadcrumb","itemListElement":[{"@type":"ListItem","position":1,"name":"Home","item":"https:\/\/mrcartools.com\/"},{"@type":"ListItem","position":2,"name":"Shop","item":"https:\/\/mrcartools.com\/shop-2\/"},{"@type":"ListItem","position":3,"name":"MRCARTOOL OBD Power Adapter 24V to 12V"}]},{"@type":"WebSite","@id":"https:\/\/mrcartools.com\/#website","url":"https:\/\/mrcartools.com\/","name":"MRCARTOOL","description":"Oficiali svetain\u0117 MRCARTOOL","publisher":{"@id":"https:\/\/mrcartools.com\/#organization"},"potentialAction":[{"@type":"SearchAction","target":{"@type":"EntryPoint","urlTemplate":"https:\/\/mrcartools.com\/?s={search_term_string}"},"query-input":{"@type":"PropertyValueSpecification","valueRequired":true,"valueName":"search_term_string"}}],"inLanguage":"lt-LT"},{"@type":"Organization","@id":"https:\/\/mrcartools.com\/#organization","name":"MRCARTOOL","url":"https:\/\/mrcartools.com\/","logo":{"@type":"ImageObject","inLanguage":"lt-LT","@id":"https:\/\/mrcartools.com\/#\/schema\/logo\/image\/","url":"https:\/\/mrcartools.com\/wp-content\/uploads\/2023\/07\/\u4e0a\u4f73\u6c7d\u8f66\u5de5\u5177-LOGO-2.png","contentUrl":"https:\/\/mrcartools.com\/wp-content\/uploads\/2023\/07\/\u4e0a\u4f73\u6c7d\u8f66\u5de5\u5177-LOGO-2.png","width":1800,"height":402,"caption":"MRCARTOOL"},"image":{"@id":"https:\/\/mrcartools.com\/#\/schema\/logo\/image\/"}}]}},"_links":{"self":[{"href":"https:\/\/mrcartools.com\/lt\/wp-json\/wp\/v2\/product\/5574","targetHints":{"allow":["GET"]}}],"collection":[{"href":"https:\/\/mrcartools.com\/lt\/wp-json\/wp\/v2\/product"}],"about":[{"href":"https:\/\/mrcartools.com\/lt\/wp-json\/wp\/v2\/types\/product"}],"version-history":[{"count":0,"href":"https:\/\/mrcartools.com\/lt\/wp-json\/wp\/v2\/product\/5574\/revisions"}],"wp:featuredmedia":[{"embeddable":true,"href":"https:\/\/mrcartools.com\/lt\/wp-json\/wp\/v2\/media\/5595"}],"wp:attachment":[{"href":"https:\/\/mrcartools.com\/lt\/wp-json\/wp\/v2\/media?parent=5574"}],"wp:term":[{"taxonomy":"product_brand","embeddable":true,"href":"https:\/\/mrcartools.com\/lt\/wp-json\/wp\/v2\/product_brand?post=5574"},{"taxonomy":"product_cat","embeddable":true,"href":"https:\/\/mrcartools.com\/lt\/wp-json\/wp\/v2\/product_cat?post=5574"},{"taxonomy":"product_tag","embeddable":true,"href":"https:\/\/mrcartools.com\/lt\/wp-json\/wp\/v2\/product_tag?post=5574"}],"curies":[{"name":"wp","href":"https:\/\/api.w.org\/{rel}","templated":true}]}}