{"id":8214,"date":"2025-03-11T03:35:07","date_gmt":"2025-03-11T03:35:07","guid":{"rendered":"https:\/\/mrcartools.com\/?post_type=product&#038;p=8214"},"modified":"2025-03-11T06:06:54","modified_gmt":"2025-03-11T06:06:54","slug":"ford-timing-tool-kit-ford-camshaft-holding-tool","status":"publish","type":"product","link":"https:\/\/mrcartools.com\/lt\/produktas\/ford-timing-tool-kit-ford-camshaft-holding-tool\/","title":{"rendered":"\"Ford\" skirstymo mechanizm\u0173 \u012franki\u0173 rinkinys \"Ford\" skirstymo veleno laikymo \u012frankis"},"content":{"rendered":"<section class=\"section\" id=\"section_526877607\">\n\t\t<div class=\"section-bg fill\" >\n\t\t\t\t\t\t\t\t\t\n\t\t\t\n\n\t\t<\/div>\n\n\t\t\n\n\t\t<div class=\"section-content relative\">\n\t\t\t\n<div class=\"row\"  id=\"row-1845328330\">\n<p hidden=\"\">Au\u0161inimo skys\u010dio vakuuminio papildymo rinkinys<\/p>\n\n\t<div id=\"col-1534372836\" class=\"col small-12 large-12\"  >\n\t\t\t\t<div class=\"col-inner\"  >\n\t\t\t\n\t\t\t\n<h3><strong style=\"font-size: 20.16px; color: #333333;\">\"Ford Timing Tool Kit\" \u012frankiai naudojami siekiant u\u017etikrinti tiksl\u0173 variklio paskirstymo sistemos montavim\u0105 ir reguliavim\u0105. Paskirstymo pagal laik\u0105 sistema yra pagrindin\u0117 variklio dalis, kuri turi tiesiogin\u0117s \u012ftakos variklio galiai, degal\u0173 naudojimo efektyvumui ir veikimo stabilumui.<\/strong><\/h3>\n<div class=\"_segment_11wth_1\">\n<div class=\"_content_zpgxp_1\">\n<h3 class=\"_markdown_hsyph_1\"><strong>Naudodami \"Ford\" skirstymo veleno tvirtinimo \u012frank\u012f galite lengvai pakeisti ir suderinti paskirstymo dir\u017e\u0105 arba grandin\u0119, kad i\u0161vengtum\u0117te variklio pa\u017eeidim\u0173 d\u0117l laiko nustatymo klaid\u0173, pavyzd\u017eiui, st\u016bmoklio ir vo\u017etuvo susid\u016brimo ir kit\u0173 rimt\u0173 problem\u0173. Tai geriausias pasirinkimas remonto dirbtuv\u0117ms.<\/strong><\/h3>\n<\/div>\n<\/div>\n<div class=\"detailmodule_image\">\n<div class=\"row\"  id=\"row-2026302731\">\n\n\t<div id=\"col-1207287262\" class=\"col small-12 large-12\"  >\n\t\t\t\t<div class=\"col-inner\"  >\n\t\t\t\n\t\t\t\n\n\t<a class=\"plain\" href=\"https:\/\/api.whatsapp.com\/send\/?phone=%2B8618923768146&#038;text=onlinesupport\" target=\"_blank\" rel=\"noopener\" >\t<div class=\"icon-box featured-box icon-box-center text-center\"  >\n\t\t\t\t\t<div class=\"icon-box-img\" style=\"width: 54px\">\n\t\t\t\t<div class=\"icon\">\n\t\t\t\t\t<div class=\"icon-inner\" >\n\t\t\t\t\t\t<img decoding=\"async\" width=\"128\" height=\"128\" src=\"https:\/\/mrcartools.com\/wp-content\/uploads\/2022\/03\/\u5bfb\u627e\u641c\u7d22_333333_128_21559135.png\" class=\"attachment-medium size-medium wvs-archive-product-image\" alt=\"\" srcset=\"\/\/mrcartools.com\/wp-content\/uploads\/2022\/03\/\u5bfb\u627e\u641c\u7d22_333333_128_21559135.png 128w, \/\/mrcartools.com\/wp-content\/uploads\/2022\/03\/\u5bfb\u627e\u641c\u7d22_333333_128_21559135-100x100.png 100w, \/\/mrcartools.com\/wp-content\/uploads\/2022\/03\/\u5bfb\u627e\u641c\u7d22_333333_128_21559135-50x50.png 50w\" sizes=\"(max-width: 128px) 100vw, 128px\" \/>\t\t\t\t\t<\/div>\n\t\t\t\t<\/div>\n\t\t\t<\/div>\n\t\t\t\t<div class=\"icon-box-text last-reset\">\n\t\t\t\t\t\t\t\t\t\n\t<div id=\"text-438871180\" class=\"text\">\n\t\t\n<h3><a href=\"https:\/\/api.whatsapp.com\/send\/?phone=%2B8618923768146&amp;text=onlinesupport\"><em><strong>Pagalbos centras<\/strong><\/em><\/a><\/h3>\n\t\t\n<style>\n#text-438871180 {\n  font-size: 0.9rem;\n}\n<\/style>\n\t<\/div>\n\t\n\t\t<\/div>\n\t<\/div>\n\t<\/a>\n\t\n\t\t<\/div>\n\t\t\t\t\t<\/div>\n\n\t\n<\/div>\n<div class=\"accordion\">\n\t<div id=\"accordion-102260097\" class=\"accordion-item\">\n\t\t<a id=\"accordion-102260097-label\" class=\"accordion-title plain active\" href=\"#accordion-item-\ud83d\udcddwarm-tips\" aria-expanded=\"true\" aria-controls=\"accordion-102260097-content\">\n\t\t\t<button class=\"toggle\" aria-label=\"Toggle\"><i class=\"icon-angle-down\" aria-hidden=\"true\"><\/i><\/button>\n\t\t\t<span>\ud83d\udcdd\u0160ilti patarimai<\/span>\n\t\t<\/a>\n\t\t<div id=\"accordion-102260097-content\" class=\"accordion-inner\" style=\"display: block;\" aria-labelledby=\"accordion-102260097-label\">\n\t\t\t\n<ul>\n<li>Kad i\u0161vengtum\u0117te nesuderinamumo problem\u0173, \u012fsitikinkite, kad \u012frankis tinka j\u016bs\u0173 variklio modeliui.<\/li>\n<li>Pasir\u016bpinkite, kad variklio skyrius b\u016bt\u0173 \u0161varus, kad \u012f j\u012f nepatekt\u0173 dulki\u0173.<\/li>\n<li>Prie\u0161 prad\u0117dami darb\u0105 atjunkite neigiam\u0105 akumuliatoriaus gnybt\u0105, kad i\u0161vengtum\u0117te atsitiktinio u\u017evedimo.<\/li>\n<li>Kad i\u0161vengtum\u0117te praleidimo ar klaidos, i\u0161montuokite palaipsniui pagal instrukcij\u0105.<\/li>\n<\/ul>\n\t\t<\/div>\n\t<\/div>\n\t\n<\/div>\n\t\t<\/div>\n\t\t\t\t\t<\/div>\n\n\t\n<\/div>\n\t\t<\/div>\n\n\t\t\n<style>\n#section_526877607 {\n  padding-top: 0px;\n  padding-bottom: 0px;\n}\n<\/style>\n\t<\/section>\n\t\n<h3 style=\"text-align: center;\"><b>MRCARTOOL \"Ford Timing Tool Kit\" savyb\u0117s<\/b><\/h3>\n<div class=\"accordion\">\n\t<div id=\"accordion-4160890737\" class=\"accordion-item\">\n\t\t<a id=\"accordion-4160890737-label\" class=\"accordion-title plain active\" href=\"#accordion-item-features\" aria-expanded=\"true\" aria-controls=\"accordion-4160890737-content\">\n\t\t\t<button class=\"toggle\" aria-label=\"Toggle\"><i class=\"icon-angle-down\" aria-hidden=\"true\"><\/i><\/button>\n\t\t\t<span>Funkcijos<\/span>\n\t\t<\/a>\n\t\t<div id=\"accordion-4160890737-content\" class=\"accordion-inner\" style=\"display: block;\" aria-labelledby=\"accordion-4160890737-label\">\n\t\t\t\n<ul>\n<li>\n<div><strong>Tikslus pad\u0117ties nustatymas:<\/strong> \"Ford\" skirstymo veleno laikymo \u012frankis yra specialiai sukurtas \"Ford\" varikliams, kad u\u017etikrint\u0173 tiksli\u0105 skirstymo veleno ir alk\u016bninio veleno pad\u0117t\u012f ir garantuot\u0173 puik\u0173 laiko paskirstymo sistemos suderinim\u0105.<\/div>\n<\/li>\n<li>\n<div><strong>Efektyvus montavimas:<\/strong> Supaprastina krumpliara\u010dio ar grandin\u0117s montavim\u0105, sutrumpina eksploatavimo laik\u0105 ir pagerina technin\u0117s prie\u017ei\u016bros efektyvum\u0105.<\/div>\n<\/li>\n<li>\n<div><strong>\u017dalos prevencija:<\/strong> \"Ford Timing Tool Kit\" \u012franki\u0173 rinkinys padeda i\u0161vengti variklio vidini\u0173 dali\u0173 pa\u017eeidim\u0173 d\u0117l neteisingai sureguliuoto paskirstymo laiko ir sutaupyti dideli\u0173 remonto i\u0161laid\u0173.<\/div>\n<\/li>\n<li>\n<div><strong>Patvari med\u017eiaga:<\/strong> Pagamintas i\u0161 labai tvirtos med\u017eiagos, patvarus ir tinkamas naudoti profesionaliose remonto dirbtuv\u0117se arba asmeniniam naudojimui.<\/div>\n<\/li>\n<li>\n<div><strong>Stiprus suderinamumas:<\/strong> Tinka \u012fvairiems \"Ford\" modeliams, kad atitikt\u0173 skirting\u0173 varikli\u0173 modeli\u0173 laiko nustatymo mechanizm\u0173 remonto poreikius.<\/div>\n<div><\/div>\n<\/li>\n<li><strong>Garantija:<\/strong> MRCARTOOL suteikia 24 m\u0117nesi\u0173 garantij\u0105 ir 7\u00d724 valand\u0173 draugi\u0161k\u0105 klient\u0173 aptarnavim\u0105, kad u\u017etikrint\u0173 j\u016bs\u0173 apsipirkimo patirt\u012f.<\/li>\n<\/ul>\n<a href=\"https:\/\/api.whatsapp.com\/send\/?phone=%2B8618923768146&#038;text=onlinesupport\" target=\"_blank\" class=\"button primary is-outline is-smaller\" rel=\"noopener\" style=\"border-radius:30px;\">\n\t\t<span>Pagalba internetu<\/span>\n\t<\/a>\n\n\t\t<\/div>\n\t<\/div>\n\t\n<\/div>\n\n\t<section class=\"section\" id=\"section_1104507928\">\n\t\t<div class=\"section-bg fill\" >\n\t\t\t\t\t\t\t\t\t\n\t\t\t\n\n\t\t<\/div>\n\n\t\t\n\n\t\t<div class=\"section-content relative\">\n\t\t\t\n<div class=\"row\"  id=\"row-1694338467\">\n\n\t<div id=\"col-1657932388\" class=\"col medium-6 small-12 large-6\"  >\n\t\t\t\t<div class=\"col-inner\"  >\n\t\t\t\n\t\t\t\n\t<div class=\"img has-hover x md-x lg-x y md-y lg-y\" id=\"image_340967583\">\n\t\t\t\t\t\t\t\t<div class=\"img-inner dark\" >\n\t\t\t<img fetchpriority=\"high\" decoding=\"async\" width=\"800\" height=\"800\" src=\"https:\/\/mrcartools.com\/wp-content\/uploads\/2025\/03\/1eef596d-5ef0-356f-52c0-3f51fbc773dc.jpg\" class=\"attachment-original size-original wvs-archive-product-image\" alt=\"\" srcset=\"\/\/mrcartools.com\/wp-content\/uploads\/2025\/03\/1eef596d-5ef0-356f-52c0-3f51fbc773dc.jpg 800w, \/\/mrcartools.com\/wp-content\/uploads\/2025\/03\/1eef596d-5ef0-356f-52c0-3f51fbc773dc-150x150.jpg 150w, \/\/mrcartools.com\/wp-content\/uploads\/2025\/03\/1eef596d-5ef0-356f-52c0-3f51fbc773dc-768x768.jpg 768w, \/\/mrcartools.com\/wp-content\/uploads\/2025\/03\/1eef596d-5ef0-356f-52c0-3f51fbc773dc-253x253.jpg 253w, \/\/mrcartools.com\/wp-content\/uploads\/2025\/03\/1eef596d-5ef0-356f-52c0-3f51fbc773dc-510x510.jpg 510w, \/\/mrcartools.com\/wp-content\/uploads\/2025\/03\/1eef596d-5ef0-356f-52c0-3f51fbc773dc-100x100.jpg 100w, \/\/mrcartools.com\/wp-content\/uploads\/2025\/03\/1eef596d-5ef0-356f-52c0-3f51fbc773dc-50x50.jpg 50w\" sizes=\"(max-width: 800px) 100vw, 800px\" \/>\t\t\t\t\t\t\n\t\t\t\t\t<\/div>\n\t\t\t\t\t\t\t\t\n<style>\n#image_340967583 {\n  width: 100%;\n}\n<\/style>\n\t<\/div>\n\t\n\t\t<\/div>\n\t\t\t\t\t<\/div>\n\n\t\n\n\t<div id=\"col-247217627\" class=\"col medium-6 small-12 large-6\"  >\n\t\t\t\t<div class=\"col-inner\"  >\n\t\t\t\n\t\t\t\n\t<div class=\"img has-hover x md-x lg-x y md-y lg-y\" id=\"image_442473072\">\n\t\t\t\t\t\t\t\t<div class=\"img-inner dark\" >\n\t\t\t<img decoding=\"async\" width=\"800\" height=\"800\" src=\"https:\/\/mrcartools.com\/wp-content\/uploads\/2025\/03\/1289a63c-debd-8666-0901-9ee26608e7b3.jpg\" class=\"attachment-original size-original wvs-archive-product-image\" alt=\"\" srcset=\"\/\/mrcartools.com\/wp-content\/uploads\/2025\/03\/1289a63c-debd-8666-0901-9ee26608e7b3.jpg 800w, \/\/mrcartools.com\/wp-content\/uploads\/2025\/03\/1289a63c-debd-8666-0901-9ee26608e7b3-150x150.jpg 150w, \/\/mrcartools.com\/wp-content\/uploads\/2025\/03\/1289a63c-debd-8666-0901-9ee26608e7b3-768x768.jpg 768w, \/\/mrcartools.com\/wp-content\/uploads\/2025\/03\/1289a63c-debd-8666-0901-9ee26608e7b3-253x253.jpg 253w, \/\/mrcartools.com\/wp-content\/uploads\/2025\/03\/1289a63c-debd-8666-0901-9ee26608e7b3-510x510.jpg 510w, \/\/mrcartools.com\/wp-content\/uploads\/2025\/03\/1289a63c-debd-8666-0901-9ee26608e7b3-100x100.jpg 100w, \/\/mrcartools.com\/wp-content\/uploads\/2025\/03\/1289a63c-debd-8666-0901-9ee26608e7b3-50x50.jpg 50w\" sizes=\"(max-width: 800px) 100vw, 800px\" \/>\t\t\t\t\t\t\n\t\t\t\t\t<\/div>\n\t\t\t\t\t\t\t\t\n<style>\n#image_442473072 {\n  width: 100%;\n}\n<\/style>\n\t<\/div>\n\t\n\t\t<\/div>\n\t\t\t\t\t<\/div>\n\n\t\n<\/div>\n<div class=\"row\"  id=\"row-78411456\">\n\n\t<div id=\"col-233770172\" class=\"col small-12 large-12\"  >\n\t\t\t\t<div class=\"col-inner\"  >\n\t\t\t\n\t\t\t\n<h3><strong>Pakavimo s\u0105ra\u0161as:<\/strong><\/h3>\n\t<div class=\"img has-hover x md-x lg-x y md-y lg-y\" id=\"image_994976931\">\n\t\t\t\t\t\t\t\t<div class=\"img-inner dark\" >\n\t\t\t<img loading=\"lazy\" decoding=\"async\" width=\"800\" height=\"800\" src=\"https:\/\/mrcartools.com\/wp-content\/uploads\/2025\/03\/a47b6e43-e275-8742-e403-f291f4cc58d1.jpg\" class=\"attachment-original size-original wvs-archive-product-image\" alt=\"\" srcset=\"\/\/mrcartools.com\/wp-content\/uploads\/2025\/03\/a47b6e43-e275-8742-e403-f291f4cc58d1.jpg 800w, \/\/mrcartools.com\/wp-content\/uploads\/2025\/03\/a47b6e43-e275-8742-e403-f291f4cc58d1-150x150.jpg 150w, \/\/mrcartools.com\/wp-content\/uploads\/2025\/03\/a47b6e43-e275-8742-e403-f291f4cc58d1-768x768.jpg 768w, \/\/mrcartools.com\/wp-content\/uploads\/2025\/03\/a47b6e43-e275-8742-e403-f291f4cc58d1-253x253.jpg 253w, \/\/mrcartools.com\/wp-content\/uploads\/2025\/03\/a47b6e43-e275-8742-e403-f291f4cc58d1-510x510.jpg 510w, \/\/mrcartools.com\/wp-content\/uploads\/2025\/03\/a47b6e43-e275-8742-e403-f291f4cc58d1-100x100.jpg 100w, \/\/mrcartools.com\/wp-content\/uploads\/2025\/03\/a47b6e43-e275-8742-e403-f291f4cc58d1-50x50.jpg 50w\" sizes=\"(max-width: 800px) 100vw, 800px\" \/>\t\t\t\t\t\t\n\t\t\t\t\t<\/div>\n\t\t\t\t\t\t\t\t\n<style>\n#image_994976931 {\n  width: 100%;\n}\n<\/style>\n\t<\/div>\n\t\n\t\t<\/div>\n\t\t\t\t\t<\/div>\n\n\t\n<\/div>\n\t\t<\/div>\n\n\t\t\n<style>\n#section_1104507928 {\n  padding-top: 30px;\n  padding-bottom: 30px;\n}\n<\/style>\n\t<\/section>\n\t\n<\/p><\/div>\n<p>&nbsp;<\/p>","protected":false},"excerpt":{"rendered":"<ul>\n<li>\n<div><strong>Tikslus pad\u0117ties nustatymas:<\/strong> \"Ford Timing Tool Kit\" yra specialiai \"Ford\" varikliams skirtas \u012franki\u0173 rinkinys, u\u017etikrinantis tikslias paskirstymo veleno ir alk\u016bninio veleno pozicijas, tod\u0117l garantuojantis puik\u0173 paskirstymo sistemos suderinim\u0105.<\/div>\n<\/li>\n<li>\n<div><strong>Efektyvus montavimas:<\/strong> Supaprastina krumpliara\u010dio ar grandin\u0117s montavim\u0105, sutrumpina eksploatavimo laik\u0105 ir pagerina technin\u0117s prie\u017ei\u016bros efektyvum\u0105.<\/div>\n<\/li>\n<li>\n<div><strong>Stiprus suderinamumas:<\/strong> Tinka \u012fvairiems \"Ford\" modeliams, kad atitikt\u0173 skirting\u0173 varikli\u0173 modeli\u0173 laiko nustatymo mechanizm\u0173 remonto poreikius.<\/div>\n<\/li>\n<\/ul>","protected":false},"featured_media":8217,"template":"","meta":[],"product_brand":[],"product_cat":[137],"product_tag":[],"class_list":{"0":"post-8214","1":"product","2":"type-product","3":"status-publish","4":"has-post-thumbnail","6":"product_cat-timing-tool","7":"product_shipping_class-weight","8":"pa_ship-from-china","9":"pa_ship-from-germany","10":"pa_ship-from-united-kingdom","11":"pa_ship-from-united-states","13":"first","14":"instock","15":"shipping-taxable","16":"product-type-variable","17":"wvs-archive-product-wrapper"},"yoast_head":"<!-- This site is optimized with the Yoast SEO Premium plugin v24.4 (Yoast SEO v24.4) - https:\/\/yoast.com\/wordpress\/plugins\/seo\/ -->\n<title>Ford Timing Tool Kit Ford Camshaft Holding Tool\u200b - Mrcartool<\/title>\n<meta name=\"description\" content=\"With the Ford Timing Kit, you can easily replace and align your timing belt or chain to avoid engine damage caused by timing errors.Ford Timing Tool Kit\" \/>\n<meta name=\"robots\" content=\"index, follow, max-snippet:-1, max-image-preview:large, max-video-preview:-1\" \/>\n<link rel=\"canonical\" href=\"https:\/\/mrcartools.com\/lt\/produktas\/ford-timing-tool-kit-ford-camshaft-holding-tool\/\" \/>\n<meta property=\"og:locale\" content=\"lt_LT\" \/>\n<meta property=\"og:type\" content=\"article\" \/>\n<meta property=\"og:title\" content=\"Ford Timing Tool Kit Ford Camshaft Holding Tool\u200b\" \/>\n<meta property=\"og:description\" content=\"With the Ford Timing Kit, you can easily replace and align your timing belt or chain to avoid engine damage caused by timing errors.Ford Timing Tool Kit\" \/>\n<meta property=\"og:url\" content=\"https:\/\/mrcartools.com\/lt\/produktas\/ford-timing-tool-kit-ford-camshaft-holding-tool\/\" \/>\n<meta property=\"og:site_name\" content=\"Mrcartool\" \/>\n<meta property=\"article:modified_time\" content=\"2025-03-11T06:06:54+00:00\" \/>\n<meta property=\"og:image\" content=\"https:\/\/mrcartools.com\/wp-content\/uploads\/2025\/03\/a47b6e43-e275-8742-e403-f291f4cc58d1.jpg\" \/>\n\t<meta property=\"og:image:width\" content=\"800\" \/>\n\t<meta property=\"og:image:height\" content=\"800\" \/>\n\t<meta property=\"og:image:type\" content=\"image\/jpeg\" \/>\n<meta name=\"twitter:card\" content=\"summary_large_image\" \/>\n<meta name=\"twitter:label1\" content=\"Est. reading time\" \/>\n\t<meta name=\"twitter:data1\" content=\"2 minut\u0117s\" \/>\n<script type=\"application\/ld+json\" class=\"yoast-schema-graph\">{\"@context\":\"https:\/\/schema.org\",\"@graph\":[{\"@type\":\"WebPage\",\"@id\":\"https:\/\/mrcartools.com\/product\/ford-timing-tool-kit-ford-camshaft-holding-tool\/\",\"url\":\"https:\/\/mrcartools.com\/product\/ford-timing-tool-kit-ford-camshaft-holding-tool\/\",\"name\":\"Ford Timing Tool Kit Ford Camshaft Holding Tool\u200b - Mrcartool\",\"isPartOf\":{\"@id\":\"https:\/\/mrcartools.com\/#website\"},\"primaryImageOfPage\":{\"@id\":\"https:\/\/mrcartools.com\/product\/ford-timing-tool-kit-ford-camshaft-holding-tool\/#primaryimage\"},\"image\":{\"@id\":\"https:\/\/mrcartools.com\/product\/ford-timing-tool-kit-ford-camshaft-holding-tool\/#primaryimage\"},\"thumbnailUrl\":\"https:\/\/mrcartools.com\/wp-content\/uploads\/2025\/03\/a47b6e43-e275-8742-e403-f291f4cc58d1.jpg\",\"datePublished\":\"2025-03-11T03:35:07+00:00\",\"dateModified\":\"2025-03-11T06:06:54+00:00\",\"description\":\"With the Ford Timing Kit, you can easily replace and align your timing belt or chain to avoid engine damage caused by timing errors.Ford Timing Tool Kit\",\"breadcrumb\":{\"@id\":\"https:\/\/mrcartools.com\/product\/ford-timing-tool-kit-ford-camshaft-holding-tool\/#breadcrumb\"},\"inLanguage\":\"lt-LT\",\"potentialAction\":[{\"@type\":\"ReadAction\",\"target\":[\"https:\/\/mrcartools.com\/product\/ford-timing-tool-kit-ford-camshaft-holding-tool\/\"]}]},{\"@type\":\"ImageObject\",\"inLanguage\":\"lt-LT\",\"@id\":\"https:\/\/mrcartools.com\/product\/ford-timing-tool-kit-ford-camshaft-holding-tool\/#primaryimage\",\"url\":\"https:\/\/mrcartools.com\/wp-content\/uploads\/2025\/03\/a47b6e43-e275-8742-e403-f291f4cc58d1.jpg\",\"contentUrl\":\"https:\/\/mrcartools.com\/wp-content\/uploads\/2025\/03\/a47b6e43-e275-8742-e403-f291f4cc58d1.jpg\",\"width\":800,\"height\":800},{\"@type\":\"BreadcrumbList\",\"@id\":\"https:\/\/mrcartools.com\/product\/ford-timing-tool-kit-ford-camshaft-holding-tool\/#breadcrumb\",\"itemListElement\":[{\"@type\":\"ListItem\",\"position\":1,\"name\":\"Home\",\"item\":\"https:\/\/mrcartools.com\/\"},{\"@type\":\"ListItem\",\"position\":2,\"name\":\"Shop\",\"item\":\"https:\/\/mrcartools.com\/shop-2\/\"},{\"@type\":\"ListItem\",\"position\":3,\"name\":\"Ford Timing Tool Kit Ford Camshaft Holding Tool\u200b\"}]},{\"@type\":\"WebSite\",\"@id\":\"https:\/\/mrcartools.com\/#website\",\"url\":\"https:\/\/mrcartools.com\/\",\"name\":\"MRCARTOOL\",\"description\":\"MRCARTOOL Official Website\",\"publisher\":{\"@id\":\"https:\/\/mrcartools.com\/#organization\"},\"potentialAction\":[{\"@type\":\"SearchAction\",\"target\":{\"@type\":\"EntryPoint\",\"urlTemplate\":\"https:\/\/mrcartools.com\/?s={search_term_string}\"},\"query-input\":{\"@type\":\"PropertyValueSpecification\",\"valueRequired\":true,\"valueName\":\"search_term_string\"}}],\"inLanguage\":\"lt-LT\"},{\"@type\":\"Organization\",\"@id\":\"https:\/\/mrcartools.com\/#organization\",\"name\":\"MRCARTOOL\",\"url\":\"https:\/\/mrcartools.com\/\",\"logo\":{\"@type\":\"ImageObject\",\"inLanguage\":\"lt-LT\",\"@id\":\"https:\/\/mrcartools.com\/#\/schema\/logo\/image\/\",\"url\":\"https:\/\/mrcartools.com\/wp-content\/uploads\/2023\/07\/\u4e0a\u4f73\u6c7d\u8f66\u5de5\u5177-LOGO-2.png\",\"contentUrl\":\"https:\/\/mrcartools.com\/wp-content\/uploads\/2023\/07\/\u4e0a\u4f73\u6c7d\u8f66\u5de5\u5177-LOGO-2.png\",\"width\":1800,\"height\":402,\"caption\":\"MRCARTOOL\"},\"image\":{\"@id\":\"https:\/\/mrcartools.com\/#\/schema\/logo\/image\/\"}}]}<\/script>\n<!-- \/ Yoast SEO Premium plugin. -->","yoast_head_json":{"title":"Ford Timing Tool Kit Ford Camshaft Holding Tool\u200b - Mrcartool","description":"With the Ford Timing Kit, you can easily replace and align your timing belt or chain to avoid engine damage caused by timing errors.Ford Timing Tool Kit","robots":{"index":"index","follow":"follow","max-snippet":"max-snippet:-1","max-image-preview":"max-image-preview:large","max-video-preview":"max-video-preview:-1"},"canonical":"https:\/\/mrcartools.com\/lt\/produktas\/ford-timing-tool-kit-ford-camshaft-holding-tool\/","og_locale":"lt_LT","og_type":"article","og_title":"Ford Timing Tool Kit Ford Camshaft Holding Tool\u200b","og_description":"With the Ford Timing Kit, you can easily replace and align your timing belt or chain to avoid engine damage caused by timing errors.Ford Timing Tool Kit","og_url":"https:\/\/mrcartools.com\/lt\/produktas\/ford-timing-tool-kit-ford-camshaft-holding-tool\/","og_site_name":"Mrcartool","article_modified_time":"2025-03-11T06:06:54+00:00","og_image":[{"width":800,"height":800,"url":"https:\/\/mrcartools.com\/wp-content\/uploads\/2025\/03\/a47b6e43-e275-8742-e403-f291f4cc58d1.jpg","type":"image\/jpeg"}],"twitter_card":"summary_large_image","twitter_misc":{"Est. reading time":"2 minut\u0117s"},"schema":{"@context":"https:\/\/schema.org","@graph":[{"@type":"WebPage","@id":"https:\/\/mrcartools.com\/product\/ford-timing-tool-kit-ford-camshaft-holding-tool\/","url":"https:\/\/mrcartools.com\/product\/ford-timing-tool-kit-ford-camshaft-holding-tool\/","name":"Ford Timing Tool Kit Ford Camshaft Holding Tool\u200b - Mrcartool","isPartOf":{"@id":"https:\/\/mrcartools.com\/#website"},"primaryImageOfPage":{"@id":"https:\/\/mrcartools.com\/product\/ford-timing-tool-kit-ford-camshaft-holding-tool\/#primaryimage"},"image":{"@id":"https:\/\/mrcartools.com\/product\/ford-timing-tool-kit-ford-camshaft-holding-tool\/#primaryimage"},"thumbnailUrl":"https:\/\/mrcartools.com\/wp-content\/uploads\/2025\/03\/a47b6e43-e275-8742-e403-f291f4cc58d1.jpg","datePublished":"2025-03-11T03:35:07+00:00","dateModified":"2025-03-11T06:06:54+00:00","description":"With the Ford Timing Kit, you can easily replace and align your timing belt or chain to avoid engine damage caused by timing errors.Ford Timing Tool Kit","breadcrumb":{"@id":"https:\/\/mrcartools.com\/product\/ford-timing-tool-kit-ford-camshaft-holding-tool\/#breadcrumb"},"inLanguage":"lt-LT","potentialAction":[{"@type":"ReadAction","target":["https:\/\/mrcartools.com\/product\/ford-timing-tool-kit-ford-camshaft-holding-tool\/"]}]},{"@type":"ImageObject","inLanguage":"lt-LT","@id":"https:\/\/mrcartools.com\/product\/ford-timing-tool-kit-ford-camshaft-holding-tool\/#primaryimage","url":"https:\/\/mrcartools.com\/wp-content\/uploads\/2025\/03\/a47b6e43-e275-8742-e403-f291f4cc58d1.jpg","contentUrl":"https:\/\/mrcartools.com\/wp-content\/uploads\/2025\/03\/a47b6e43-e275-8742-e403-f291f4cc58d1.jpg","width":800,"height":800},{"@type":"BreadcrumbList","@id":"https:\/\/mrcartools.com\/product\/ford-timing-tool-kit-ford-camshaft-holding-tool\/#breadcrumb","itemListElement":[{"@type":"ListItem","position":1,"name":"Home","item":"https:\/\/mrcartools.com\/"},{"@type":"ListItem","position":2,"name":"Shop","item":"https:\/\/mrcartools.com\/shop-2\/"},{"@type":"ListItem","position":3,"name":"Ford Timing Tool Kit Ford Camshaft Holding Tool\u200b"}]},{"@type":"WebSite","@id":"https:\/\/mrcartools.com\/#website","url":"https:\/\/mrcartools.com\/","name":"MRCARTOOL","description":"Oficiali svetain\u0117 MRCARTOOL","publisher":{"@id":"https:\/\/mrcartools.com\/#organization"},"potentialAction":[{"@type":"SearchAction","target":{"@type":"EntryPoint","urlTemplate":"https:\/\/mrcartools.com\/?s={search_term_string}"},"query-input":{"@type":"PropertyValueSpecification","valueRequired":true,"valueName":"search_term_string"}}],"inLanguage":"lt-LT"},{"@type":"Organization","@id":"https:\/\/mrcartools.com\/#organization","name":"MRCARTOOL","url":"https:\/\/mrcartools.com\/","logo":{"@type":"ImageObject","inLanguage":"lt-LT","@id":"https:\/\/mrcartools.com\/#\/schema\/logo\/image\/","url":"https:\/\/mrcartools.com\/wp-content\/uploads\/2023\/07\/\u4e0a\u4f73\u6c7d\u8f66\u5de5\u5177-LOGO-2.png","contentUrl":"https:\/\/mrcartools.com\/wp-content\/uploads\/2023\/07\/\u4e0a\u4f73\u6c7d\u8f66\u5de5\u5177-LOGO-2.png","width":1800,"height":402,"caption":"MRCARTOOL"},"image":{"@id":"https:\/\/mrcartools.com\/#\/schema\/logo\/image\/"}}]}},"_links":{"self":[{"href":"https:\/\/mrcartools.com\/lt\/wp-json\/wp\/v2\/product\/8214","targetHints":{"allow":["GET"]}}],"collection":[{"href":"https:\/\/mrcartools.com\/lt\/wp-json\/wp\/v2\/product"}],"about":[{"href":"https:\/\/mrcartools.com\/lt\/wp-json\/wp\/v2\/types\/product"}],"version-history":[{"count":0,"href":"https:\/\/mrcartools.com\/lt\/wp-json\/wp\/v2\/product\/8214\/revisions"}],"wp:featuredmedia":[{"embeddable":true,"href":"https:\/\/mrcartools.com\/lt\/wp-json\/wp\/v2\/media\/8217"}],"wp:attachment":[{"href":"https:\/\/mrcartools.com\/lt\/wp-json\/wp\/v2\/media?parent=8214"}],"wp:term":[{"taxonomy":"product_brand","embeddable":true,"href":"https:\/\/mrcartools.com\/lt\/wp-json\/wp\/v2\/product_brand?post=8214"},{"taxonomy":"product_cat","embeddable":true,"href":"https:\/\/mrcartools.com\/lt\/wp-json\/wp\/v2\/product_cat?post=8214"},{"taxonomy":"product_tag","embeddable":true,"href":"https:\/\/mrcartools.com\/lt\/wp-json\/wp\/v2\/product_tag?post=8214"}],"curies":[{"name":"wp","href":"https:\/\/api.w.org\/{rel}","templated":true}]}}