{"id":8219,"date":"2025-03-11T04:00:19","date_gmt":"2025-03-11T04:00:19","guid":{"rendered":"https:\/\/mrcartools.com\/?post_type=product&#038;p=8219"},"modified":"2025-03-11T06:17:55","modified_gmt":"2025-03-11T06:17:55","slug":"camshaft-holding-tool-timing-tool-bmw-n20n26","status":"publish","type":"product","link":"https:\/\/mrcartools.com\/lt\/produktas\/camshaft-holding-tool-timing-tool-bmw-n20n26\/","title":{"rendered":"Skirstymo veleno laikymo \u012frankis BMW N20N26"},"content":{"rendered":"<section class=\"section\" id=\"section_1094690127\">\n\t\t<div class=\"section-bg fill\" >\n\t\t\t\t\t\t\t\t\t\n\t\t\t\n\n\t\t<\/div>\n\n\t\t\n\n\t\t<div class=\"section-content relative\">\n\t\t\t\n<div class=\"row\"  id=\"row-496631335\">\n<p hidden=\"\">Au\u0161inimo skys\u010dio vakuuminio papildymo rinkinys<\/p>\n\n\t<div id=\"col-908970742\" class=\"col small-12 large-12\"  >\n\t\t\t\t<div class=\"col-inner\"  >\n\t\t\t\n\t\t\t\n<h3><strong>Skirstymo veleno laikymo \u012frankis yra profesionali technin\u0117s prie\u017ei\u016bros \u012franga, skirta BMW modelio varikliams, kad b\u016bt\u0173 galima tiksliai sureguliuoti ir sumontuoti paskirstymo sistem\u0105. Laiko paskirstymo sistema yra raktas \u012f efektyv\u0173 variklio veikim\u0105, kuris tiesiogiai veikia variklio gali\u0105, degal\u0173 ekonomij\u0105 ir bendr\u0105 stabilum\u0105.<\/strong><br \/>\n<strong>Naudodami BMW paskirstymo mechanizmo \u012frank\u012f galite veiksmingai pakeisti ir kalibruoti grandin\u0119 ar dir\u017e\u0105 ir i\u0161vengti variklio veikimo sutrikim\u0173 d\u0117l laiko nuokrypi\u0173, pavyzd\u017eiui, mechanini\u0173 st\u016bmokli\u0173 ir vo\u017etuv\u0173 trukd\u017ei\u0173.<\/strong><\/h3>\n<div class=\"detailmodule_image\">\n<div class=\"row\"  id=\"row-574545345\">\n\n\t<div id=\"col-503635345\" class=\"col small-12 large-12\"  >\n\t\t\t\t<div class=\"col-inner\"  >\n\t\t\t\n\t\t\t\n\n\t<a class=\"plain\" href=\"https:\/\/api.whatsapp.com\/send\/?phone=%2B8618923768146&#038;text=onlinesupport\" target=\"_blank\" rel=\"noopener\" >\t<div class=\"icon-box featured-box icon-box-center text-center\"  >\n\t\t\t\t\t<div class=\"icon-box-img\" style=\"width: 54px\">\n\t\t\t\t<div class=\"icon\">\n\t\t\t\t\t<div class=\"icon-inner\" >\n\t\t\t\t\t\t<img decoding=\"async\" width=\"128\" height=\"128\" src=\"https:\/\/mrcartools.com\/wp-content\/uploads\/2022\/03\/\u5bfb\u627e\u641c\u7d22_333333_128_21559135.png\" class=\"attachment-medium size-medium wvs-archive-product-image\" alt=\"\" srcset=\"\/\/mrcartools.com\/wp-content\/uploads\/2022\/03\/\u5bfb\u627e\u641c\u7d22_333333_128_21559135.png 128w, \/\/mrcartools.com\/wp-content\/uploads\/2022\/03\/\u5bfb\u627e\u641c\u7d22_333333_128_21559135-100x100.png 100w, \/\/mrcartools.com\/wp-content\/uploads\/2022\/03\/\u5bfb\u627e\u641c\u7d22_333333_128_21559135-50x50.png 50w\" sizes=\"(max-width: 128px) 100vw, 128px\" \/>\t\t\t\t\t<\/div>\n\t\t\t\t<\/div>\n\t\t\t<\/div>\n\t\t\t\t<div class=\"icon-box-text last-reset\">\n\t\t\t\t\t\t\t\t\t\n\t<div id=\"text-2211054783\" class=\"text\">\n\t\t\n<h3><a href=\"https:\/\/api.whatsapp.com\/send\/?phone=%2B8618923768146&amp;text=onlinesupport\"><em><strong>Pagalbos centras<\/strong><\/em><\/a><\/h3>\n\t\t\n<style>\n#text-2211054783 {\n  font-size: 0.9rem;\n}\n<\/style>\n\t<\/div>\n\t\n\t\t<\/div>\n\t<\/div>\n\t<\/a>\n\t\n\t\t<\/div>\n\t\t\t\t\t<\/div>\n\n\t\n<\/div>\n<div class=\"accordion\">\n\t<div id=\"accordion-3693540565\" class=\"accordion-item\">\n\t\t<a id=\"accordion-3693540565-label\" class=\"accordion-title plain active\" href=\"#accordion-item-\ud83d\udcddwarm-tips\" aria-expanded=\"true\" aria-controls=\"accordion-3693540565-content\">\n\t\t\t<button class=\"toggle\" aria-label=\"Toggle\"><i class=\"icon-angle-down\" aria-hidden=\"true\"><\/i><\/button>\n\t\t\t<span>\ud83d\udcdd\u0160ilti patarimai<\/span>\n\t\t<\/a>\n\t\t<div id=\"accordion-3693540565-content\" class=\"accordion-inner\" style=\"display: block;\" aria-labelledby=\"accordion-3693540565-label\">\n\t\t\t\n<ul>\n<li>Kad i\u0161vengtum\u0117te nesuderinamumo problem\u0173, \u012fsitikinkite, kad \u012frankis tinka j\u016bs\u0173 variklio modeliui.<\/li>\n<li>Pasir\u016bpinkite, kad variklio skyrius b\u016bt\u0173 \u0161varus, kad \u012f j\u012f nepatekt\u0173 dulki\u0173.<\/li>\n<li>Prie\u0161 prad\u0117dami darb\u0105 atjunkite neigiam\u0105 akumuliatoriaus gnybt\u0105, kad i\u0161vengtum\u0117te atsitiktinio u\u017evedimo.<\/li>\n<li>Kad i\u0161vengtum\u0117te praleidimo ar klaidos, i\u0161montuokite palaipsniui pagal instrukcij\u0105.<\/li>\n<\/ul>\n\t\t<\/div>\n\t<\/div>\n\t\n<\/div>\n\t\t<\/div>\n\t\t\t\t\t<\/div>\n\n\t\n<\/div>\n\t\t<\/div>\n\n\t\t\n<style>\n#section_1094690127 {\n  padding-top: 0px;\n  padding-bottom: 0px;\n}\n<\/style>\n\t<\/section>\n\t\n<h3 style=\"text-align: center;\"><b>MRCARTOOL skirstymo veleno laikymo \u012frankio ypatyb\u0117s<\/b><\/h3>\n<div class=\"accordion\">\n\t<div id=\"accordion-1208228777\" class=\"accordion-item\">\n\t\t<a id=\"accordion-1208228777-label\" class=\"accordion-title plain active\" href=\"#accordion-item-features\" aria-expanded=\"true\" aria-controls=\"accordion-1208228777-content\">\n\t\t\t<button class=\"toggle\" aria-label=\"Toggle\"><i class=\"icon-angle-down\" aria-hidden=\"true\"><\/i><\/button>\n\t\t\t<span>Funkcijos<\/span>\n\t\t<\/a>\n\t\t<div id=\"accordion-1208228777-content\" class=\"accordion-inner\" style=\"display: block;\" aria-labelledby=\"accordion-1208228777-label\">\n\t\t\t\n<ul>\n<li>\n<div><strong>Tikslus suderinimas:<\/strong> Pritaikyta BMW varikliams, u\u017etikrinanti tiksli\u0105 paskirstymo veleno ir alk\u016bninio veleno sinchronizacij\u0105, garantuojanti nepriekai\u0161ting\u0105 paskirstymo sistemos veikim\u0105.<\/div>\n<\/li>\n<li>\n<div><strong>Greitas montavimas:<\/strong> Supaprastina grandin\u0117s ar dir\u017eo montavimo proces\u0105, gerokai sutrumpina technin\u0117s prie\u017ei\u016bros laik\u0105 ir pagerina darbo efektyvum\u0105.<\/div>\n<\/li>\n<li>\n<div><strong>Variklio apsauga:<\/strong> Efektyviai apsaugo nuo vidini\u0173 dali\u0173 pa\u017eeidim\u0173, atsirandan\u010di\u0173 d\u0117l netinkamo laiko nustatymo, ir suma\u017eina technin\u0117s prie\u017ei\u016bros i\u0161laidas.<\/div>\n<\/li>\n<li>\n<div><strong>Didelio atsparumo med\u017eiaga:<\/strong> Skirstymo veleno laikymo \u012frankis pagamintas i\u0161 auk\u0161tos kokyb\u0117s med\u017eiag\u0173, tvirtas ir ilgaam\u017eis, tinkamas profesionaliai techninei prie\u017ei\u016brai ar asmeniniam naudojimui.<\/div>\n<div><\/div>\n<\/li>\n<li>\n<div><strong>Platus suderinamumas:<\/strong> Skirstymo veleno laikymo \u012frankis, taikomas \u012fvairiems BMW modeliams, tenkinantis \u012fvairi\u0173 modeli\u0173 varikli\u0173 laiko nustatymo remonto poreikius.<\/div>\n<\/li>\n<li><strong>Garantija:<\/strong> MRCARTOOL suteikia 24 m\u0117nesi\u0173 garantij\u0105 ir 7\u00d724 valand\u0173 draugi\u0161k\u0105 klient\u0173 aptarnavim\u0105, kad u\u017etikrint\u0173 j\u016bs\u0173 apsipirkimo patirt\u012f.<\/li>\n<\/ul>\n<a href=\"https:\/\/api.whatsapp.com\/send\/?phone=%2B8618923768146&#038;text=onlinesupport\" target=\"_blank\" class=\"button primary is-outline is-smaller\" rel=\"noopener\" style=\"border-radius:30px;\">\n\t\t<span>Pagalba internetu<\/span>\n\t<\/a>\n\n\t\t<\/div>\n\t<\/div>\n\t\n<\/div>\n\n\t<section class=\"section\" id=\"section_1368381258\">\n\t\t<div class=\"section-bg fill\" >\n\t\t\t\t\t\t\t\t\t\n\t\t\t\n\n\t\t<\/div>\n\n\t\t\n\n\t\t<div class=\"section-content relative\">\n\t\t\t\n<div class=\"row\"  id=\"row-143271397\">\n\n\t<div id=\"col-1393893031\" class=\"col small-12 large-12\"  >\n\t\t\t\t<div class=\"col-inner\"  >\n\t\t\t\n\t\t\t\n<h3><strong>Pakavimo s\u0105ra\u0161as:<\/strong><\/h3>\n\t<div class=\"img has-hover x md-x lg-x y md-y lg-y\" id=\"image_1642598629\">\n\t\t\t\t\t\t\t\t<div class=\"img-inner dark\" >\n\t\t\t<img fetchpriority=\"high\" decoding=\"async\" width=\"1600\" height=\"1600\" src=\"https:\/\/mrcartools.com\/wp-content\/uploads\/2025\/03\/a297afd5-073a-8584-7516-fd079866da18.jpg\" class=\"attachment-original size-original wvs-archive-product-image\" alt=\"\" srcset=\"\/\/mrcartools.com\/wp-content\/uploads\/2025\/03\/a297afd5-073a-8584-7516-fd079866da18.jpg 1600w, \/\/mrcartools.com\/wp-content\/uploads\/2025\/03\/a297afd5-073a-8584-7516-fd079866da18-150x150.jpg 150w, \/\/mrcartools.com\/wp-content\/uploads\/2025\/03\/a297afd5-073a-8584-7516-fd079866da18-768x768.jpg 768w, \/\/mrcartools.com\/wp-content\/uploads\/2025\/03\/a297afd5-073a-8584-7516-fd079866da18-1536x1536.jpg 1536w, \/\/mrcartools.com\/wp-content\/uploads\/2025\/03\/a297afd5-073a-8584-7516-fd079866da18-253x253.jpg 253w, \/\/mrcartools.com\/wp-content\/uploads\/2025\/03\/a297afd5-073a-8584-7516-fd079866da18-510x510.jpg 510w, \/\/mrcartools.com\/wp-content\/uploads\/2025\/03\/a297afd5-073a-8584-7516-fd079866da18-100x100.jpg 100w, \/\/mrcartools.com\/wp-content\/uploads\/2025\/03\/a297afd5-073a-8584-7516-fd079866da18-50x50.jpg 50w\" sizes=\"(max-width: 1600px) 100vw, 1600px\" \/>\t\t\t\t\t\t\n\t\t\t\t\t<\/div>\n\t\t\t\t\t\t\t\t\n<style>\n#image_1642598629 {\n  width: 100%;\n}\n<\/style>\n\t<\/div>\n\t\n\t\t<\/div>\n\t\t\t\t\t<\/div>\n\n\t\n<\/div>\n\t\t<\/div>\n\n\t\t\n<style>\n#section_1368381258 {\n  padding-top: 30px;\n  padding-bottom: 30px;\n}\n<\/style>\n\t<\/section>\n\t\n<\/p><\/div>\n<p>&nbsp;<\/p>","protected":false},"excerpt":{"rendered":"<ul>\n<li>\n<div><strong>Tikslus suderinimas:<\/strong> BMW varikliams skirtas paskirstymo veleno laikymo \u012frankis, u\u017etikrinantis tiksli\u0105 paskirstymo veleno ir alk\u016bninio veleno sinchronizacij\u0105 ir garantuojantis nepriekai\u0161ting\u0105 paskirstymo sistemos veikim\u0105.<\/div>\n<\/li>\n<li>\n<div><strong>Greitas montavimas:<\/strong> Supaprastina grandin\u0117s ar dir\u017eo montavimo proces\u0105, gerokai sutrumpina technin\u0117s prie\u017ei\u016bros laik\u0105 ir pagerina darbo efektyvum\u0105.<\/div>\n<\/li>\n<li>\n<div><strong>Variklio apsauga:<\/strong> Efektyviai apsaugo nuo vidini\u0173 dali\u0173 pa\u017eeidim\u0173, atsirandan\u010di\u0173 d\u0117l netinkamo laiko nustatymo, ir suma\u017eina technin\u0117s prie\u017ei\u016bros i\u0161laidas.<\/div>\n<\/li>\n<\/ul>","protected":false},"featured_media":8222,"template":"","meta":[],"product_brand":[],"product_cat":[137],"product_tag":[],"class_list":{"0":"post-8219","1":"product","2":"type-product","3":"status-publish","4":"has-post-thumbnail","6":"product_cat-timing-tool","7":"product_shipping_class-weight","8":"pa_ship-from-china","9":"pa_ship-from-germany","10":"pa_ship-from-united-kingdom","11":"pa_ship-from-united-states","13":"first","14":"instock","15":"shipping-taxable","16":"product-type-variable","17":"wvs-archive-product-wrapper"},"yoast_head":"<!-- This site is optimized with the Yoast SEO Premium plugin v24.4 (Yoast SEO v24.4) - https:\/\/yoast.com\/wordpress\/plugins\/seo\/ -->\n<title>Camshaft Holding Tool\u200b Timing Tool\u200b BMW N20N26 - Mrcartool<\/title>\n<meta name=\"description\" content=\"Camshaft Holding Tool\u200b is specially designed for BMW model engines, can avoiding engine failures caused by timing deviation.\" \/>\n<meta name=\"robots\" content=\"index, follow, max-snippet:-1, max-image-preview:large, max-video-preview:-1\" \/>\n<link rel=\"canonical\" href=\"https:\/\/mrcartools.com\/lt\/produktas\/camshaft-holding-tool-timing-tool-bmw-n20n26\/\" \/>\n<meta property=\"og:locale\" content=\"lt_LT\" \/>\n<meta property=\"og:type\" content=\"article\" \/>\n<meta property=\"og:title\" content=\"Camshaft Holding Tool\u200b Timing Tool\u200b BMW N20N26\" \/>\n<meta property=\"og:description\" content=\"Camshaft Holding Tool\u200b is specially designed for BMW model engines, can avoiding engine failures caused by timing deviation.\" \/>\n<meta property=\"og:url\" content=\"https:\/\/mrcartools.com\/lt\/produktas\/camshaft-holding-tool-timing-tool-bmw-n20n26\/\" \/>\n<meta property=\"og:site_name\" content=\"Mrcartool\" \/>\n<meta property=\"article:modified_time\" content=\"2025-03-11T06:17:55+00:00\" \/>\n<meta property=\"og:image\" content=\"https:\/\/mrcartools.com\/wp-content\/uploads\/2025\/03\/a297afd5-073a-8584-7516-fd079866da18.jpg\" \/>\n\t<meta property=\"og:image:width\" content=\"1600\" \/>\n\t<meta property=\"og:image:height\" content=\"1600\" \/>\n\t<meta property=\"og:image:type\" content=\"image\/jpeg\" \/>\n<meta name=\"twitter:card\" content=\"summary_large_image\" \/>\n<meta name=\"twitter:label1\" content=\"Est. reading time\" \/>\n\t<meta name=\"twitter:data1\" content=\"2 minut\u0117s\" \/>\n<script type=\"application\/ld+json\" class=\"yoast-schema-graph\">{\"@context\":\"https:\/\/schema.org\",\"@graph\":[{\"@type\":\"WebPage\",\"@id\":\"https:\/\/mrcartools.com\/product\/camshaft-holding-tool-timing-tool-bmw-n20n26\/\",\"url\":\"https:\/\/mrcartools.com\/product\/camshaft-holding-tool-timing-tool-bmw-n20n26\/\",\"name\":\"Camshaft Holding Tool\u200b Timing Tool\u200b BMW N20N26 - Mrcartool\",\"isPartOf\":{\"@id\":\"https:\/\/mrcartools.com\/#website\"},\"primaryImageOfPage\":{\"@id\":\"https:\/\/mrcartools.com\/product\/camshaft-holding-tool-timing-tool-bmw-n20n26\/#primaryimage\"},\"image\":{\"@id\":\"https:\/\/mrcartools.com\/product\/camshaft-holding-tool-timing-tool-bmw-n20n26\/#primaryimage\"},\"thumbnailUrl\":\"https:\/\/mrcartools.com\/wp-content\/uploads\/2025\/03\/a297afd5-073a-8584-7516-fd079866da18.jpg\",\"datePublished\":\"2025-03-11T04:00:19+00:00\",\"dateModified\":\"2025-03-11T06:17:55+00:00\",\"description\":\"Camshaft Holding Tool\u200b is specially designed for BMW model engines, can avoiding engine failures caused by timing deviation.\",\"breadcrumb\":{\"@id\":\"https:\/\/mrcartools.com\/product\/camshaft-holding-tool-timing-tool-bmw-n20n26\/#breadcrumb\"},\"inLanguage\":\"lt-LT\",\"potentialAction\":[{\"@type\":\"ReadAction\",\"target\":[\"https:\/\/mrcartools.com\/product\/camshaft-holding-tool-timing-tool-bmw-n20n26\/\"]}]},{\"@type\":\"ImageObject\",\"inLanguage\":\"lt-LT\",\"@id\":\"https:\/\/mrcartools.com\/product\/camshaft-holding-tool-timing-tool-bmw-n20n26\/#primaryimage\",\"url\":\"https:\/\/mrcartools.com\/wp-content\/uploads\/2025\/03\/a297afd5-073a-8584-7516-fd079866da18.jpg\",\"contentUrl\":\"https:\/\/mrcartools.com\/wp-content\/uploads\/2025\/03\/a297afd5-073a-8584-7516-fd079866da18.jpg\",\"width\":1600,\"height\":1600},{\"@type\":\"BreadcrumbList\",\"@id\":\"https:\/\/mrcartools.com\/product\/camshaft-holding-tool-timing-tool-bmw-n20n26\/#breadcrumb\",\"itemListElement\":[{\"@type\":\"ListItem\",\"position\":1,\"name\":\"Home\",\"item\":\"https:\/\/mrcartools.com\/\"},{\"@type\":\"ListItem\",\"position\":2,\"name\":\"Shop\",\"item\":\"https:\/\/mrcartools.com\/shop-2\/\"},{\"@type\":\"ListItem\",\"position\":3,\"name\":\"Camshaft Holding Tool\u200b Timing Tool\u200b BMW N20N26\"}]},{\"@type\":\"WebSite\",\"@id\":\"https:\/\/mrcartools.com\/#website\",\"url\":\"https:\/\/mrcartools.com\/\",\"name\":\"MRCARTOOL\",\"description\":\"MRCARTOOL Official Website\",\"publisher\":{\"@id\":\"https:\/\/mrcartools.com\/#organization\"},\"potentialAction\":[{\"@type\":\"SearchAction\",\"target\":{\"@type\":\"EntryPoint\",\"urlTemplate\":\"https:\/\/mrcartools.com\/?s={search_term_string}\"},\"query-input\":{\"@type\":\"PropertyValueSpecification\",\"valueRequired\":true,\"valueName\":\"search_term_string\"}}],\"inLanguage\":\"lt-LT\"},{\"@type\":\"Organization\",\"@id\":\"https:\/\/mrcartools.com\/#organization\",\"name\":\"MRCARTOOL\",\"url\":\"https:\/\/mrcartools.com\/\",\"logo\":{\"@type\":\"ImageObject\",\"inLanguage\":\"lt-LT\",\"@id\":\"https:\/\/mrcartools.com\/#\/schema\/logo\/image\/\",\"url\":\"https:\/\/mrcartools.com\/wp-content\/uploads\/2023\/07\/\u4e0a\u4f73\u6c7d\u8f66\u5de5\u5177-LOGO-2.png\",\"contentUrl\":\"https:\/\/mrcartools.com\/wp-content\/uploads\/2023\/07\/\u4e0a\u4f73\u6c7d\u8f66\u5de5\u5177-LOGO-2.png\",\"width\":1800,\"height\":402,\"caption\":\"MRCARTOOL\"},\"image\":{\"@id\":\"https:\/\/mrcartools.com\/#\/schema\/logo\/image\/\"}}]}<\/script>\n<!-- \/ Yoast SEO Premium plugin. -->","yoast_head_json":{"title":"Camshaft Holding Tool\u200b Timing Tool\u200b BMW N20N26 - Mrcartool","description":"Camshaft Holding Tool\u200b is specially designed for BMW model engines, can avoiding engine failures caused by timing deviation.","robots":{"index":"index","follow":"follow","max-snippet":"max-snippet:-1","max-image-preview":"max-image-preview:large","max-video-preview":"max-video-preview:-1"},"canonical":"https:\/\/mrcartools.com\/lt\/produktas\/camshaft-holding-tool-timing-tool-bmw-n20n26\/","og_locale":"lt_LT","og_type":"article","og_title":"Camshaft Holding Tool\u200b Timing Tool\u200b BMW N20N26","og_description":"Camshaft Holding Tool\u200b is specially designed for BMW model engines, can avoiding engine failures caused by timing deviation.","og_url":"https:\/\/mrcartools.com\/lt\/produktas\/camshaft-holding-tool-timing-tool-bmw-n20n26\/","og_site_name":"Mrcartool","article_modified_time":"2025-03-11T06:17:55+00:00","og_image":[{"width":1600,"height":1600,"url":"https:\/\/mrcartools.com\/wp-content\/uploads\/2025\/03\/a297afd5-073a-8584-7516-fd079866da18.jpg","type":"image\/jpeg"}],"twitter_card":"summary_large_image","twitter_misc":{"Est. reading time":"2 minut\u0117s"},"schema":{"@context":"https:\/\/schema.org","@graph":[{"@type":"WebPage","@id":"https:\/\/mrcartools.com\/product\/camshaft-holding-tool-timing-tool-bmw-n20n26\/","url":"https:\/\/mrcartools.com\/product\/camshaft-holding-tool-timing-tool-bmw-n20n26\/","name":"Camshaft Holding Tool\u200b Timing Tool\u200b BMW N20N26 - Mrcartool","isPartOf":{"@id":"https:\/\/mrcartools.com\/#website"},"primaryImageOfPage":{"@id":"https:\/\/mrcartools.com\/product\/camshaft-holding-tool-timing-tool-bmw-n20n26\/#primaryimage"},"image":{"@id":"https:\/\/mrcartools.com\/product\/camshaft-holding-tool-timing-tool-bmw-n20n26\/#primaryimage"},"thumbnailUrl":"https:\/\/mrcartools.com\/wp-content\/uploads\/2025\/03\/a297afd5-073a-8584-7516-fd079866da18.jpg","datePublished":"2025-03-11T04:00:19+00:00","dateModified":"2025-03-11T06:17:55+00:00","description":"Camshaft Holding Tool\u200b is specially designed for BMW model engines, can avoiding engine failures caused by timing deviation.","breadcrumb":{"@id":"https:\/\/mrcartools.com\/product\/camshaft-holding-tool-timing-tool-bmw-n20n26\/#breadcrumb"},"inLanguage":"lt-LT","potentialAction":[{"@type":"ReadAction","target":["https:\/\/mrcartools.com\/product\/camshaft-holding-tool-timing-tool-bmw-n20n26\/"]}]},{"@type":"ImageObject","inLanguage":"lt-LT","@id":"https:\/\/mrcartools.com\/product\/camshaft-holding-tool-timing-tool-bmw-n20n26\/#primaryimage","url":"https:\/\/mrcartools.com\/wp-content\/uploads\/2025\/03\/a297afd5-073a-8584-7516-fd079866da18.jpg","contentUrl":"https:\/\/mrcartools.com\/wp-content\/uploads\/2025\/03\/a297afd5-073a-8584-7516-fd079866da18.jpg","width":1600,"height":1600},{"@type":"BreadcrumbList","@id":"https:\/\/mrcartools.com\/product\/camshaft-holding-tool-timing-tool-bmw-n20n26\/#breadcrumb","itemListElement":[{"@type":"ListItem","position":1,"name":"Home","item":"https:\/\/mrcartools.com\/"},{"@type":"ListItem","position":2,"name":"Shop","item":"https:\/\/mrcartools.com\/shop-2\/"},{"@type":"ListItem","position":3,"name":"Camshaft Holding Tool\u200b Timing Tool\u200b BMW N20N26"}]},{"@type":"WebSite","@id":"https:\/\/mrcartools.com\/#website","url":"https:\/\/mrcartools.com\/","name":"MRCARTOOL","description":"Oficiali svetain\u0117 MRCARTOOL","publisher":{"@id":"https:\/\/mrcartools.com\/#organization"},"potentialAction":[{"@type":"SearchAction","target":{"@type":"EntryPoint","urlTemplate":"https:\/\/mrcartools.com\/?s={search_term_string}"},"query-input":{"@type":"PropertyValueSpecification","valueRequired":true,"valueName":"search_term_string"}}],"inLanguage":"lt-LT"},{"@type":"Organization","@id":"https:\/\/mrcartools.com\/#organization","name":"MRCARTOOL","url":"https:\/\/mrcartools.com\/","logo":{"@type":"ImageObject","inLanguage":"lt-LT","@id":"https:\/\/mrcartools.com\/#\/schema\/logo\/image\/","url":"https:\/\/mrcartools.com\/wp-content\/uploads\/2023\/07\/\u4e0a\u4f73\u6c7d\u8f66\u5de5\u5177-LOGO-2.png","contentUrl":"https:\/\/mrcartools.com\/wp-content\/uploads\/2023\/07\/\u4e0a\u4f73\u6c7d\u8f66\u5de5\u5177-LOGO-2.png","width":1800,"height":402,"caption":"MRCARTOOL"},"image":{"@id":"https:\/\/mrcartools.com\/#\/schema\/logo\/image\/"}}]}},"_links":{"self":[{"href":"https:\/\/mrcartools.com\/lt\/wp-json\/wp\/v2\/product\/8219","targetHints":{"allow":["GET"]}}],"collection":[{"href":"https:\/\/mrcartools.com\/lt\/wp-json\/wp\/v2\/product"}],"about":[{"href":"https:\/\/mrcartools.com\/lt\/wp-json\/wp\/v2\/types\/product"}],"version-history":[{"count":0,"href":"https:\/\/mrcartools.com\/lt\/wp-json\/wp\/v2\/product\/8219\/revisions"}],"wp:featuredmedia":[{"embeddable":true,"href":"https:\/\/mrcartools.com\/lt\/wp-json\/wp\/v2\/media\/8222"}],"wp:attachment":[{"href":"https:\/\/mrcartools.com\/lt\/wp-json\/wp\/v2\/media?parent=8219"}],"wp:term":[{"taxonomy":"product_brand","embeddable":true,"href":"https:\/\/mrcartools.com\/lt\/wp-json\/wp\/v2\/product_brand?post=8219"},{"taxonomy":"product_cat","embeddable":true,"href":"https:\/\/mrcartools.com\/lt\/wp-json\/wp\/v2\/product_cat?post=8219"},{"taxonomy":"product_tag","embeddable":true,"href":"https:\/\/mrcartools.com\/lt\/wp-json\/wp\/v2\/product_tag?post=8219"}],"curies":[{"name":"wp","href":"https:\/\/api.w.org\/{rel}","templated":true}]}}