{"id":8227,"date":"2025-03-11T06:00:12","date_gmt":"2025-03-11T06:00:12","guid":{"rendered":"https:\/\/mrcartools.com\/?post_type=product&#038;p=8227"},"modified":"2025-08-12T03:00:30","modified_gmt":"2025-08-12T03:00:30","slug":"timing-chain-tool-camshaft-tool-porsche","status":"publish","type":"product","link":"https:\/\/mrcartools.com\/lt\/produktas\/timing-chain-tool-camshaft-tool-porsche\/","title":{"rendered":"Variklio skirstymo veleno paskirstymo \u012frankis, suderinamas su Porsche Cayenne Panamera V8 4.5L, 4.8L V6 3.6L"},"content":{"rendered":"<section class=\"section\" id=\"section_463454361\">\n\t\t<div class=\"section-bg fill\" >\n\t\t\t\t\t\t\t\t\t\n\t\t\t\n\n\t\t<\/div>\n\n\t\t\n\n\t\t<div class=\"section-content relative\">\n\t\t\t\n<div class=\"row\"  id=\"row-1569112704\">\n<p hidden=\"\">Au\u0161inimo skys\u010dio vakuuminio papildymo rinkinys<\/p>\n\n\t<div id=\"col-1628290559\" class=\"col small-12 large-12\"  >\n\t\t\t\t<div class=\"col-inner\"  >\n\t\t\t\n\t\t\t\n<h3><strong>\"Timing Chain Tool\" yra specializuota technin\u0117s prie\u017ei\u016bros \u012franga, pritaikyta \"Porsche\" didelio na\u0161umo varikliams, skirta u\u017etikrinti tiksl\u0173 paskirstymo sistemos montavim\u0105 ir derinim\u0105. Laiko paskirstymo sistema yra variklio efektyvaus veikimo pagrindas, turintis tiesiogin\u0117s \u012ftakos skland\u017eiam galios i\u0161vystymui, degal\u0173 ekonomijai ir bendrai vairavimo patir\u010diai.<\/strong><\/h3>\n<h3><strong>Naudodami \"Porsche Timing Tools\" galite tiksliai pakeisti ir suderinti laiko paskirstymo grandines ar dir\u017eus, kad i\u0161vengtum\u0117te variklio gedim\u0173 d\u0117l laiko nuokrypi\u0173, pavyzd\u017eiui, st\u016bmoklio ir vo\u017etuvo susid\u016brim\u0173 ar galios suma\u017e\u0117jimo.<\/strong><\/h3>\n<div class=\"detailmodule_image\">\n<div class=\"row\"  id=\"row-1236904279\">\n\t<div id=\"col-1088902976\" class=\"col small-12 large-12\"  >\n\t\t\t\t<div class=\"col-inner\"  >\n\t\t\t\n\t\t\t\n\n\t<a class=\"plain\" href=\"https:\/\/api.whatsapp.com\/send\/?phone=%2B8618923768146&#038;text=onlinesupport\" target=\"_blank\" rel=\"noopener\" >\t<div class=\"icon-box featured-box icon-box-center text-center\"  >\n\t\t\t\t\t<div class=\"icon-box-img\" style=\"width: 54px\">\n\t\t\t\t<div class=\"icon\">\n\t\t\t\t\t<div class=\"icon-inner\" >\n\t\t\t\t\t\t<img decoding=\"async\" width=\"128\" height=\"128\" src=\"https:\/\/mrcartools.com\/wp-content\/uploads\/2022\/03\/\u5bfb\u627e\u641c\u7d22_333333_128_21559135.png\" class=\"attachment-medium size-medium wvs-archive-product-image\" alt=\"\" srcset=\"\/\/mrcartools.com\/wp-content\/uploads\/2022\/03\/\u5bfb\u627e\u641c\u7d22_333333_128_21559135.png 128w, \/\/mrcartools.com\/wp-content\/uploads\/2022\/03\/\u5bfb\u627e\u641c\u7d22_333333_128_21559135-100x100.png 100w, \/\/mrcartools.com\/wp-content\/uploads\/2022\/03\/\u5bfb\u627e\u641c\u7d22_333333_128_21559135-50x50.png 50w\" sizes=\"(max-width: 128px) 100vw, 128px\" \/>\t\t\t\t\t<\/div>\n\t\t\t\t<\/div>\n\t\t\t<\/div>\n\t\t\t\t<div class=\"icon-box-text last-reset\">\n\t\t\t\t\t\t\t\t\t\n\t<div id=\"text-2857746417\" class=\"text\">\n\t\t\n<h3><a href=\"https:\/\/api.whatsapp.com\/send\/?phone=%2B8618923768146&amp;text=onlinesupport\"><em><strong>Pagalbos centras<\/strong><\/em><\/a><\/h3>\n\t\t\n<style>\n#text-2857746417 {\n  font-size: 0.9rem;\n}\n<\/style>\n\t<\/div>\n\t\n\t\t<\/div>\n\t<\/div>\n\t<\/a>\n\t\n\t\t<\/div>\n\t\t\t\t\t<\/div>\n\n\t\n<\/div>\n<div class=\"accordion\">\n\t<div id=\"accordion-2208418607\" class=\"accordion-item\">\n\t\t<a id=\"accordion-2208418607-label\" class=\"accordion-title plain active\" href=\"#accordion-item-\ud83d\udcddwarm-tips\" aria-expanded=\"true\" aria-controls=\"accordion-2208418607-content\">\n\t\t\t<button class=\"toggle\" aria-label=\"Toggle\"><i class=\"icon-angle-down\" aria-hidden=\"true\"><\/i><\/button>\n\t\t\t<span>\ud83d\udcdd\u0160ilti patarimai<\/span>\n\t\t<\/a>\n\t\t<div id=\"accordion-2208418607-content\" class=\"accordion-inner\" style=\"display: block;\" aria-labelledby=\"accordion-2208418607-label\">\n\t\t\t\n<ul>\n<li>Kad i\u0161vengtum\u0117te nesuderinamumo problem\u0173, \u012fsitikinkite, kad \u012frankis tinka j\u016bs\u0173 variklio modeliui.<\/li>\n<li>Pasir\u016bpinkite, kad variklio skyrius b\u016bt\u0173 \u0161varus, kad \u012f j\u012f nepatekt\u0173 dulki\u0173.<\/li>\n<li>Prie\u0161 prad\u0117dami darb\u0105 atjunkite neigiam\u0105 akumuliatoriaus gnybt\u0105, kad i\u0161vengtum\u0117te atsitiktinio u\u017evedimo.<\/li>\n<li>Kad i\u0161vengtum\u0117te praleidimo ar klaidos, i\u0161montuokite palaipsniui pagal instrukcij\u0105.<\/li>\n<\/ul>\n\t\t<\/div>\n\t<\/div>\n\t\n<\/div>\n\t\t<\/div>\n\t\t\t\t\t<\/div>\n\n\t\n<\/div>\n\t\t<\/div>\n\n\t\t\n<style>\n#section_463454361 {\n  padding-top: 0px;\n  padding-bottom: 0px;\n}\n<\/style>\n\t<\/section>\n\t\n<h3 style=\"text-align: center;\"><b>MRCARTOOL Timing Chain Tool funkcijos<\/b><\/h3>\n<div class=\"accordion\">\n\t<div id=\"accordion-3475733455\" class=\"accordion-item\">\n\t\t<a id=\"accordion-3475733455-label\" class=\"accordion-title plain active\" href=\"#accordion-item-features\" aria-expanded=\"true\" aria-controls=\"accordion-3475733455-content\">\n\t\t\t<button class=\"toggle\" aria-label=\"Toggle\"><i class=\"icon-angle-down\" aria-hidden=\"true\"><\/i><\/button>\n\t\t\t<span>Funkcijos<\/span>\n\t\t<\/a>\n\t\t<div id=\"accordion-3475733455-content\" class=\"accordion-inner\" style=\"display: block;\" aria-labelledby=\"accordion-3475733455-label\">\n\t\t\t\n<ul>\n<li><strong>Tikslus derinimas:<\/strong> Sukurta specialiai \"Porsche\" varikliams, kad b\u016bt\u0173 u\u017etikrinta tiksli paskirstymo veleno ir alk\u016bninio veleno sinchronizacija, u\u017etikrinanti maksimal\u0173 variklio na\u0161um\u0105.<\/li>\n<li><strong>Greitas ir efektyvus:<\/strong> Supaprastina sud\u0117ting\u0105 laiko nustatymo sistemos montavimo proces\u0105, gerokai padidina technin\u0117s prie\u017ei\u016bros efektyvum\u0105 ir sutaupo brangaus laiko.<\/li>\n<li><strong>Visapusi\u0161ka apsauga:<\/strong> Veiksmingai apsaugo variklio vidinius pa\u017eeidimus, atsirandan\u010dius d\u0117l netinkamo laiko nustatymo, ir prailgina variklio tarnavimo laik\u0105.<\/li>\n<li><strong>Auk\u0161\u010diausia kokyb\u0117:<\/strong> Pagamintas i\u0161 aerokosmin\u0117s klas\u0117s didelio atsparumo med\u017eiag\u0173, pasi\u017eymin\u010di\u0173 dideliu patvarumu, tinka profesionalioms remonto dirbtuv\u0117ms arba auk\u0161tos klas\u0117s automobili\u0173 savininkams.<\/li>\n<li><strong>Platus taikymo spektras:<\/strong> \u012erankis \"Timing Chain Tool\" skirtas \u012fvairiems \"Porsche\" modeliams, tod\u0117l atitinka \u012fvairi\u0173 tip\u0173 varikli\u0173 laikrod\u017ei\u0173 prie\u017ei\u016bros poreikius.<\/li>\n<li><strong>Garantija:<\/strong> MRCARTOOL suteikia 24 m\u0117nesi\u0173 garantij\u0105 ir 7\u00d724 valand\u0173 draugi\u0161k\u0105 klient\u0173 aptarnavim\u0105, kad u\u017etikrint\u0173 j\u016bs\u0173 apsipirkimo patirt\u012f.<\/li>\n<\/ul>\n<a href=\"https:\/\/api.whatsapp.com\/send\/?phone=%2B8618923768146&#038;text=onlinesupport\" target=\"_blank\" class=\"button primary is-outline is-smaller\" rel=\"noopener\" style=\"border-radius:30px;\">\n\t\t<span>Pagalba internetu<\/span>\n\t<\/a>\n\n\t\t<\/div>\n\t<\/div>\n\t\n<\/div>\n\n\t<section class=\"section\" id=\"section_1739336923\">\n\t\t<div class=\"section-bg fill\" >\n\t\t\t\t\t\t\t\t\t\n\t\t\t\n\n\t\t<\/div>\n\n\t\t\n\n\t\t<div class=\"section-content relative\">\n\t\t\t\n<div class=\"row\"  id=\"row-49805550\">\n\n\t<div id=\"col-2085312278\" class=\"col medium-6 small-12 large-6\"  >\n\t\t\t\t<div class=\"col-inner\"  >\n\t\t\t\n\t\t\t\n\t<div class=\"img has-hover x md-x lg-x y md-y lg-y\" id=\"image_1255346701\">\n\t\t\t\t\t\t\t\t<div class=\"img-inner dark\" >\n\t\t\t<img fetchpriority=\"high\" decoding=\"async\" width=\"1600\" height=\"1600\" src=\"https:\/\/mrcartools.com\/wp-content\/uploads\/2025\/03\/f3ef2412-9cdf-ad90-0409-236c2acc1cbb.jpg\" class=\"attachment-original size-original wvs-archive-product-image\" alt=\"\" srcset=\"\/\/mrcartools.com\/wp-content\/uploads\/2025\/03\/f3ef2412-9cdf-ad90-0409-236c2acc1cbb.jpg 1600w, \/\/mrcartools.com\/wp-content\/uploads\/2025\/03\/f3ef2412-9cdf-ad90-0409-236c2acc1cbb-150x150.jpg 150w, \/\/mrcartools.com\/wp-content\/uploads\/2025\/03\/f3ef2412-9cdf-ad90-0409-236c2acc1cbb-768x768.jpg 768w, \/\/mrcartools.com\/wp-content\/uploads\/2025\/03\/f3ef2412-9cdf-ad90-0409-236c2acc1cbb-1536x1536.jpg 1536w, \/\/mrcartools.com\/wp-content\/uploads\/2025\/03\/f3ef2412-9cdf-ad90-0409-236c2acc1cbb-253x253.jpg 253w, \/\/mrcartools.com\/wp-content\/uploads\/2025\/03\/f3ef2412-9cdf-ad90-0409-236c2acc1cbb-510x510.jpg 510w, \/\/mrcartools.com\/wp-content\/uploads\/2025\/03\/f3ef2412-9cdf-ad90-0409-236c2acc1cbb-100x100.jpg 100w, \/\/mrcartools.com\/wp-content\/uploads\/2025\/03\/f3ef2412-9cdf-ad90-0409-236c2acc1cbb-50x50.jpg 50w\" sizes=\"(max-width: 1600px) 100vw, 1600px\" \/>\t\t\t\t\t\t\n\t\t\t\t\t<\/div>\n\t\t\t\t\t\t\t\t\n<style>\n#image_1255346701 {\n  width: 100%;\n}\n<\/style>\n\t<\/div>\n\t\n\t\t<\/div>\n\t\t\t\t\t<\/div>\n\n\t\n\n\t<div id=\"col-754066451\" class=\"col medium-6 small-12 large-6\"  >\n\t\t\t\t<div class=\"col-inner\"  >\n\t\t\t\n\t\t\t\n\t<div class=\"img has-hover x md-x lg-x y md-y lg-y\" id=\"image_912830937\">\n\t\t\t\t\t\t\t\t<div class=\"img-inner dark\" >\n\t\t\t<img decoding=\"async\" width=\"1600\" height=\"1600\" src=\"https:\/\/mrcartools.com\/wp-content\/uploads\/2025\/03\/cd0f5ca6-feb5-3e9c-b30f-3d7a2fe21c81.jpg\" class=\"attachment-original size-original wvs-archive-product-image\" alt=\"\" srcset=\"\/\/mrcartools.com\/wp-content\/uploads\/2025\/03\/cd0f5ca6-feb5-3e9c-b30f-3d7a2fe21c81.jpg 1600w, \/\/mrcartools.com\/wp-content\/uploads\/2025\/03\/cd0f5ca6-feb5-3e9c-b30f-3d7a2fe21c81-150x150.jpg 150w, \/\/mrcartools.com\/wp-content\/uploads\/2025\/03\/cd0f5ca6-feb5-3e9c-b30f-3d7a2fe21c81-768x768.jpg 768w, \/\/mrcartools.com\/wp-content\/uploads\/2025\/03\/cd0f5ca6-feb5-3e9c-b30f-3d7a2fe21c81-1536x1536.jpg 1536w, \/\/mrcartools.com\/wp-content\/uploads\/2025\/03\/cd0f5ca6-feb5-3e9c-b30f-3d7a2fe21c81-253x253.jpg 253w, \/\/mrcartools.com\/wp-content\/uploads\/2025\/03\/cd0f5ca6-feb5-3e9c-b30f-3d7a2fe21c81-510x510.jpg 510w, \/\/mrcartools.com\/wp-content\/uploads\/2025\/03\/cd0f5ca6-feb5-3e9c-b30f-3d7a2fe21c81-100x100.jpg 100w, \/\/mrcartools.com\/wp-content\/uploads\/2025\/03\/cd0f5ca6-feb5-3e9c-b30f-3d7a2fe21c81-50x50.jpg 50w\" sizes=\"(max-width: 1600px) 100vw, 1600px\" \/>\t\t\t\t\t\t\n\t\t\t\t\t<\/div>\n\t\t\t\t\t\t\t\t\n<style>\n#image_912830937 {\n  width: 100%;\n}\n<\/style>\n\t<\/div>\n\t\n\t\t<\/div>\n\t\t\t\t\t<\/div>\n\n\t\n<\/div>\n<div class=\"row\"  id=\"row-262423702\">\n\n\t<div id=\"col-1151130535\" class=\"col small-12 large-12\"  >\n\t\t\t\t<div class=\"col-inner\"  >\n\t\t\t\n\t\t\t\n<h3><strong>Pakavimo s\u0105ra\u0161as:<\/strong><\/h3>\n\t<div class=\"img has-hover x md-x lg-x y md-y lg-y\" id=\"image_56470220\">\n\t\t\t\t\t\t\t\t<div class=\"img-inner dark\" >\n\t\t\t<img loading=\"lazy\" decoding=\"async\" width=\"1600\" height=\"1600\" src=\"https:\/\/mrcartools.com\/wp-content\/uploads\/2025\/03\/5e74beaa-eecd-37a3-1ef5-39776ed846a7.jpg\" class=\"attachment-original size-original wvs-archive-product-image\" alt=\"\" srcset=\"\/\/mrcartools.com\/wp-content\/uploads\/2025\/03\/5e74beaa-eecd-37a3-1ef5-39776ed846a7.jpg 1600w, \/\/mrcartools.com\/wp-content\/uploads\/2025\/03\/5e74beaa-eecd-37a3-1ef5-39776ed846a7-150x150.jpg 150w, \/\/mrcartools.com\/wp-content\/uploads\/2025\/03\/5e74beaa-eecd-37a3-1ef5-39776ed846a7-768x768.jpg 768w, \/\/mrcartools.com\/wp-content\/uploads\/2025\/03\/5e74beaa-eecd-37a3-1ef5-39776ed846a7-1536x1536.jpg 1536w, \/\/mrcartools.com\/wp-content\/uploads\/2025\/03\/5e74beaa-eecd-37a3-1ef5-39776ed846a7-253x253.jpg 253w, \/\/mrcartools.com\/wp-content\/uploads\/2025\/03\/5e74beaa-eecd-37a3-1ef5-39776ed846a7-510x510.jpg 510w, \/\/mrcartools.com\/wp-content\/uploads\/2025\/03\/5e74beaa-eecd-37a3-1ef5-39776ed846a7-100x100.jpg 100w, \/\/mrcartools.com\/wp-content\/uploads\/2025\/03\/5e74beaa-eecd-37a3-1ef5-39776ed846a7-50x50.jpg 50w\" sizes=\"(max-width: 1600px) 100vw, 1600px\" \/>\t\t\t\t\t\t\n\t\t\t\t\t<\/div>\n\t\t\t\t\t\t\t\t\n<style>\n#image_56470220 {\n  width: 100%;\n}\n<\/style>\n\t<\/div>\n\t\n\t\t<\/div>\n\t\t\t\t\t<\/div>\n\n\t\n<\/div>\n\t\t<\/div>\n\n\t\t\n<style>\n#section_1739336923 {\n  padding-top: 30px;\n  padding-bottom: 30px;\n}\n<\/style>\n\t<\/section>\n\t\n<\/div>\n<p>&nbsp;<\/p>","protected":false},"excerpt":{"rendered":"<ul>\n<li><strong>Tikslus derinimas:<\/strong> Specialiai \"Porsche\" varikliams sukurtas paskirstymo grandin\u0117s \u012frankis, u\u017etikrinantis tiksli\u0105 paskirstymo veleno ir alk\u016bninio veleno sinchronizacij\u0105, kad variklis veikt\u0173 maksimaliai efektyviai.<\/li>\n<li><strong>Greitas ir efektyvus:<\/strong> Supaprastina sud\u0117ting\u0105 laiko nustatymo sistemos montavimo proces\u0105, gerokai padidina technin\u0117s prie\u017ei\u016bros efektyvum\u0105 ir sutaupo brangaus laiko.<\/li>\n<li><strong>Auk\u0161\u010diausia kokyb\u0117:<\/strong> Pagamintas i\u0161 aerokosmin\u0117s klas\u0117s didelio atsparumo med\u017eiag\u0173, pasi\u017eymin\u010di\u0173 dideliu patvarumu, tinka profesionalioms remonto dirbtuv\u0117ms arba auk\u0161tos klas\u0117s automobili\u0173 savininkams.<\/li>\n<\/ul>","protected":false},"featured_media":8230,"template":"","meta":[],"product_brand":[],"product_cat":[140,137],"product_tag":[],"class_list":{"0":"post-8227","1":"product","2":"type-product","3":"status-publish","4":"has-post-thumbnail","6":"product_cat-automotive-hand-tools","7":"product_cat-timing-tool","8":"pa_ship-from-china","9":"pa_ship-from-germany","10":"pa_ship-from-united-kingdom","11":"pa_ship-from-united-states","13":"first","14":"instock","15":"shipping-taxable","16":"product-type-variable","17":"wvs-archive-product-wrapper"},"yoast_head":"<!-- This site is optimized with the Yoast SEO Premium plugin v24.4 (Yoast SEO v24.4) - https:\/\/yoast.com\/wordpress\/plugins\/seo\/ -->\n<title>Engine Camshaft Timing Tool compatible for Porsche Cayenne Panamera V8 4.5L, 4.8L V6 3.6L - Mrcartool<\/title>\n<meta name=\"description\" content=\"Porsche Engine Camshaft Timing Tool ensure precise timing chain\/belt replacement, preventing engine damage from misalignment (e.g., valve\/piston contact or power loss).\" \/>\n<meta name=\"robots\" content=\"index, follow, max-snippet:-1, max-image-preview:large, max-video-preview:-1\" \/>\n<link rel=\"canonical\" href=\"https:\/\/mrcartools.com\/lt\/produktas\/timing-chain-tool-camshaft-tool-porsche\/\" \/>\n<meta property=\"og:locale\" content=\"lt_LT\" \/>\n<meta property=\"og:type\" content=\"article\" \/>\n<meta property=\"og:title\" content=\"Engine Camshaft Timing Tool compatible for Porsche Cayenne Panamera V8 4.5L, 4.8L V6 3.6L\" \/>\n<meta property=\"og:description\" content=\"Porsche Engine Camshaft Timing Tool ensure precise timing chain\/belt replacement, preventing engine damage from misalignment (e.g., valve\/piston contact or power loss).\" \/>\n<meta property=\"og:url\" content=\"https:\/\/mrcartools.com\/lt\/produktas\/timing-chain-tool-camshaft-tool-porsche\/\" \/>\n<meta property=\"og:site_name\" content=\"Mrcartool\" \/>\n<meta property=\"article:modified_time\" content=\"2025-08-12T03:00:30+00:00\" \/>\n<meta property=\"og:image\" content=\"https:\/\/mrcartools.com\/wp-content\/uploads\/2025\/03\/5e74beaa-eecd-37a3-1ef5-39776ed846a7.jpg\" \/>\n\t<meta property=\"og:image:width\" content=\"1600\" \/>\n\t<meta property=\"og:image:height\" content=\"1600\" \/>\n\t<meta property=\"og:image:type\" content=\"image\/jpeg\" \/>\n<meta name=\"twitter:card\" content=\"summary_large_image\" \/>\n<meta name=\"twitter:label1\" content=\"Est. reading time\" \/>\n\t<meta name=\"twitter:data1\" content=\"2 minut\u0117s\" \/>\n<script type=\"application\/ld+json\" class=\"yoast-schema-graph\">{\"@context\":\"https:\/\/schema.org\",\"@graph\":[{\"@type\":\"WebPage\",\"@id\":\"https:\/\/mrcartools.com\/product\/timing-chain-tool-camshaft-tool-porsche\/\",\"url\":\"https:\/\/mrcartools.com\/product\/timing-chain-tool-camshaft-tool-porsche\/\",\"name\":\"Engine Camshaft Timing Tool compatible for Porsche Cayenne Panamera V8 4.5L, 4.8L V6 3.6L - Mrcartool\",\"isPartOf\":{\"@id\":\"https:\/\/mrcartools.com\/#website\"},\"primaryImageOfPage\":{\"@id\":\"https:\/\/mrcartools.com\/product\/timing-chain-tool-camshaft-tool-porsche\/#primaryimage\"},\"image\":{\"@id\":\"https:\/\/mrcartools.com\/product\/timing-chain-tool-camshaft-tool-porsche\/#primaryimage\"},\"thumbnailUrl\":\"https:\/\/mrcartools.com\/wp-content\/uploads\/2025\/03\/5e74beaa-eecd-37a3-1ef5-39776ed846a7.jpg\",\"datePublished\":\"2025-03-11T06:00:12+00:00\",\"dateModified\":\"2025-08-12T03:00:30+00:00\",\"description\":\"Porsche Engine Camshaft Timing Tool ensure precise timing chain\/belt replacement, preventing engine damage from misalignment (e.g., valve\/piston contact or power loss).\",\"breadcrumb\":{\"@id\":\"https:\/\/mrcartools.com\/product\/timing-chain-tool-camshaft-tool-porsche\/#breadcrumb\"},\"inLanguage\":\"lt-LT\",\"potentialAction\":[{\"@type\":\"ReadAction\",\"target\":[\"https:\/\/mrcartools.com\/product\/timing-chain-tool-camshaft-tool-porsche\/\"]}]},{\"@type\":\"ImageObject\",\"inLanguage\":\"lt-LT\",\"@id\":\"https:\/\/mrcartools.com\/product\/timing-chain-tool-camshaft-tool-porsche\/#primaryimage\",\"url\":\"https:\/\/mrcartools.com\/wp-content\/uploads\/2025\/03\/5e74beaa-eecd-37a3-1ef5-39776ed846a7.jpg\",\"contentUrl\":\"https:\/\/mrcartools.com\/wp-content\/uploads\/2025\/03\/5e74beaa-eecd-37a3-1ef5-39776ed846a7.jpg\",\"width\":1600,\"height\":1600},{\"@type\":\"BreadcrumbList\",\"@id\":\"https:\/\/mrcartools.com\/product\/timing-chain-tool-camshaft-tool-porsche\/#breadcrumb\",\"itemListElement\":[{\"@type\":\"ListItem\",\"position\":1,\"name\":\"Home\",\"item\":\"https:\/\/mrcartools.com\/\"},{\"@type\":\"ListItem\",\"position\":2,\"name\":\"Shop\",\"item\":\"https:\/\/mrcartools.com\/shop-2\/\"},{\"@type\":\"ListItem\",\"position\":3,\"name\":\"Engine Camshaft Timing Tool compatible for Porsche Cayenne Panamera V8 4.5L, 4.8L V6 3.6L\"}]},{\"@type\":\"WebSite\",\"@id\":\"https:\/\/mrcartools.com\/#website\",\"url\":\"https:\/\/mrcartools.com\/\",\"name\":\"MRCARTOOL\",\"description\":\"MRCARTOOL Official Website\",\"publisher\":{\"@id\":\"https:\/\/mrcartools.com\/#organization\"},\"potentialAction\":[{\"@type\":\"SearchAction\",\"target\":{\"@type\":\"EntryPoint\",\"urlTemplate\":\"https:\/\/mrcartools.com\/?s={search_term_string}\"},\"query-input\":{\"@type\":\"PropertyValueSpecification\",\"valueRequired\":true,\"valueName\":\"search_term_string\"}}],\"inLanguage\":\"lt-LT\"},{\"@type\":\"Organization\",\"@id\":\"https:\/\/mrcartools.com\/#organization\",\"name\":\"MRCARTOOL\",\"url\":\"https:\/\/mrcartools.com\/\",\"logo\":{\"@type\":\"ImageObject\",\"inLanguage\":\"lt-LT\",\"@id\":\"https:\/\/mrcartools.com\/#\/schema\/logo\/image\/\",\"url\":\"https:\/\/mrcartools.com\/wp-content\/uploads\/2023\/07\/\u4e0a\u4f73\u6c7d\u8f66\u5de5\u5177-LOGO-2.png\",\"contentUrl\":\"https:\/\/mrcartools.com\/wp-content\/uploads\/2023\/07\/\u4e0a\u4f73\u6c7d\u8f66\u5de5\u5177-LOGO-2.png\",\"width\":1800,\"height\":402,\"caption\":\"MRCARTOOL\"},\"image\":{\"@id\":\"https:\/\/mrcartools.com\/#\/schema\/logo\/image\/\"}}]}<\/script>\n<!-- \/ Yoast SEO Premium plugin. -->","yoast_head_json":{"title":"Engine Camshaft Timing Tool compatible for Porsche Cayenne Panamera V8 4.5L, 4.8L V6 3.6L - Mrcartool","description":"Porsche Engine Camshaft Timing Tool ensure precise timing chain\/belt replacement, preventing engine damage from misalignment (e.g., valve\/piston contact or power loss).","robots":{"index":"index","follow":"follow","max-snippet":"max-snippet:-1","max-image-preview":"max-image-preview:large","max-video-preview":"max-video-preview:-1"},"canonical":"https:\/\/mrcartools.com\/lt\/produktas\/timing-chain-tool-camshaft-tool-porsche\/","og_locale":"lt_LT","og_type":"article","og_title":"Engine Camshaft Timing Tool compatible for Porsche Cayenne Panamera V8 4.5L, 4.8L V6 3.6L","og_description":"Porsche Engine Camshaft Timing Tool ensure precise timing chain\/belt replacement, preventing engine damage from misalignment (e.g., valve\/piston contact or power loss).","og_url":"https:\/\/mrcartools.com\/lt\/produktas\/timing-chain-tool-camshaft-tool-porsche\/","og_site_name":"Mrcartool","article_modified_time":"2025-08-12T03:00:30+00:00","og_image":[{"width":1600,"height":1600,"url":"https:\/\/mrcartools.com\/wp-content\/uploads\/2025\/03\/5e74beaa-eecd-37a3-1ef5-39776ed846a7.jpg","type":"image\/jpeg"}],"twitter_card":"summary_large_image","twitter_misc":{"Est. reading time":"2 minut\u0117s"},"schema":{"@context":"https:\/\/schema.org","@graph":[{"@type":"WebPage","@id":"https:\/\/mrcartools.com\/product\/timing-chain-tool-camshaft-tool-porsche\/","url":"https:\/\/mrcartools.com\/product\/timing-chain-tool-camshaft-tool-porsche\/","name":"Engine Camshaft Timing Tool compatible for Porsche Cayenne Panamera V8 4.5L, 4.8L V6 3.6L - Mrcartool","isPartOf":{"@id":"https:\/\/mrcartools.com\/#website"},"primaryImageOfPage":{"@id":"https:\/\/mrcartools.com\/product\/timing-chain-tool-camshaft-tool-porsche\/#primaryimage"},"image":{"@id":"https:\/\/mrcartools.com\/product\/timing-chain-tool-camshaft-tool-porsche\/#primaryimage"},"thumbnailUrl":"https:\/\/mrcartools.com\/wp-content\/uploads\/2025\/03\/5e74beaa-eecd-37a3-1ef5-39776ed846a7.jpg","datePublished":"2025-03-11T06:00:12+00:00","dateModified":"2025-08-12T03:00:30+00:00","description":"Porsche Engine Camshaft Timing Tool ensure precise timing chain\/belt replacement, preventing engine damage from misalignment (e.g., valve\/piston contact or power loss).","breadcrumb":{"@id":"https:\/\/mrcartools.com\/product\/timing-chain-tool-camshaft-tool-porsche\/#breadcrumb"},"inLanguage":"lt-LT","potentialAction":[{"@type":"ReadAction","target":["https:\/\/mrcartools.com\/product\/timing-chain-tool-camshaft-tool-porsche\/"]}]},{"@type":"ImageObject","inLanguage":"lt-LT","@id":"https:\/\/mrcartools.com\/product\/timing-chain-tool-camshaft-tool-porsche\/#primaryimage","url":"https:\/\/mrcartools.com\/wp-content\/uploads\/2025\/03\/5e74beaa-eecd-37a3-1ef5-39776ed846a7.jpg","contentUrl":"https:\/\/mrcartools.com\/wp-content\/uploads\/2025\/03\/5e74beaa-eecd-37a3-1ef5-39776ed846a7.jpg","width":1600,"height":1600},{"@type":"BreadcrumbList","@id":"https:\/\/mrcartools.com\/product\/timing-chain-tool-camshaft-tool-porsche\/#breadcrumb","itemListElement":[{"@type":"ListItem","position":1,"name":"Home","item":"https:\/\/mrcartools.com\/"},{"@type":"ListItem","position":2,"name":"Shop","item":"https:\/\/mrcartools.com\/shop-2\/"},{"@type":"ListItem","position":3,"name":"Engine Camshaft Timing Tool compatible for Porsche Cayenne Panamera V8 4.5L, 4.8L V6 3.6L"}]},{"@type":"WebSite","@id":"https:\/\/mrcartools.com\/#website","url":"https:\/\/mrcartools.com\/","name":"MRCARTOOL","description":"Oficiali svetain\u0117 MRCARTOOL","publisher":{"@id":"https:\/\/mrcartools.com\/#organization"},"potentialAction":[{"@type":"SearchAction","target":{"@type":"EntryPoint","urlTemplate":"https:\/\/mrcartools.com\/?s={search_term_string}"},"query-input":{"@type":"PropertyValueSpecification","valueRequired":true,"valueName":"search_term_string"}}],"inLanguage":"lt-LT"},{"@type":"Organization","@id":"https:\/\/mrcartools.com\/#organization","name":"MRCARTOOL","url":"https:\/\/mrcartools.com\/","logo":{"@type":"ImageObject","inLanguage":"lt-LT","@id":"https:\/\/mrcartools.com\/#\/schema\/logo\/image\/","url":"https:\/\/mrcartools.com\/wp-content\/uploads\/2023\/07\/\u4e0a\u4f73\u6c7d\u8f66\u5de5\u5177-LOGO-2.png","contentUrl":"https:\/\/mrcartools.com\/wp-content\/uploads\/2023\/07\/\u4e0a\u4f73\u6c7d\u8f66\u5de5\u5177-LOGO-2.png","width":1800,"height":402,"caption":"MRCARTOOL"},"image":{"@id":"https:\/\/mrcartools.com\/#\/schema\/logo\/image\/"}}]}},"_links":{"self":[{"href":"https:\/\/mrcartools.com\/lt\/wp-json\/wp\/v2\/product\/8227","targetHints":{"allow":["GET"]}}],"collection":[{"href":"https:\/\/mrcartools.com\/lt\/wp-json\/wp\/v2\/product"}],"about":[{"href":"https:\/\/mrcartools.com\/lt\/wp-json\/wp\/v2\/types\/product"}],"version-history":[{"count":0,"href":"https:\/\/mrcartools.com\/lt\/wp-json\/wp\/v2\/product\/8227\/revisions"}],"wp:featuredmedia":[{"embeddable":true,"href":"https:\/\/mrcartools.com\/lt\/wp-json\/wp\/v2\/media\/8230"}],"wp:attachment":[{"href":"https:\/\/mrcartools.com\/lt\/wp-json\/wp\/v2\/media?parent=8227"}],"wp:term":[{"taxonomy":"product_brand","embeddable":true,"href":"https:\/\/mrcartools.com\/lt\/wp-json\/wp\/v2\/product_brand?post=8227"},{"taxonomy":"product_cat","embeddable":true,"href":"https:\/\/mrcartools.com\/lt\/wp-json\/wp\/v2\/product_cat?post=8227"},{"taxonomy":"product_tag","embeddable":true,"href":"https:\/\/mrcartools.com\/lt\/wp-json\/wp\/v2\/product_tag?post=8227"}],"curies":[{"name":"wp","href":"https:\/\/api.w.org\/{rel}","templated":true}]}}