{"id":8712,"date":"2025-04-01T09:24:37","date_gmt":"2025-04-01T09:24:37","guid":{"rendered":"https:\/\/mrcartools.com\/?post_type=product&#038;p=8712"},"modified":"2025-04-01T09:29:08","modified_gmt":"2025-04-01T09:29:08","slug":"1kg-walnut-sand-for-autool-hts558-and-hts518","status":"publish","type":"product","link":"https:\/\/mrcartools.com\/lt\/produktas\/1kg-walnut-sand-for-autool-hts558-and-hts518\/","title":{"rendered":"1 kg graikini\u0173 rie\u0161ut\u0173 sm\u0117lio AUTOOL HTS558 ir HTS518"},"content":{"rendered":"<h3><strong>Kas yra graikini\u0173 rie\u0161ut\u0173 sm\u0117lis?<\/strong><\/h3>\n<p>Graikini\u0173 rie\u0161ut\u0173 sm\u0117lio \u017ealiava yra graikini\u0173 rie\u0161ut\u0173 kevalas, kuris gaminamas ir sintetinamas grie\u017etai atrenkant, klasifikuojant ir apdorojant kelis procesus po to, kai graikini\u0173 rie\u0161ut\u0173 kevalas yra suskaldytas. Tai graikini\u0173 rie\u0161ut\u0173 ekstraktas, priklausantis metalo poliravimo terp\u0117ms. Jis pasi\u017eymi dideliu kietumu, dideliu sl\u0117giu ir atsparumu dilimui, o jo pavir\u0161ius yra mikropor\u0117tas. Jis pasi\u017eymi stipriu adsorbcijos ir nuotek\u0173 per\u0117mimo geb\u0117jimu, nekoroduoja ir neter\u0161ia. Graikinio rie\u0161uto kevalas yra nat\u016brali ir nechemin\u0117 \u017ealiava, tod\u0117l naudojant graikinio rie\u0161uto sm\u0117l\u012f kaip abrazyv\u0105 nebus pa\u017eeistas ruo\u0161inio pavir\u0161ius, o naudojant graikinio rie\u0161uto sm\u0117l\u012f automobili\u0173 anglies nuos\u0117doms valyti nebus pa\u017eeistas variklis, valymo poveikis yra puikus, o kaina nedidel\u0117.<\/p>\n<h3><strong>\u0160ilti patarimai<\/strong><\/h3>\n<p>\u0160is graikini\u0173 rie\u0161ut\u0173 sm\u0117lis tinka tik AUTOOL HTS558\/HTS618\/HTS678<br \/>\nVienos graikini\u0173 rie\u0161ut\u0173 sm\u0117lio pakuot\u0117s svoris yra 1 kg, tod\u0117l prietaisui paleisti reikia bent 2-4 kg graikini\u0173 rie\u0161ut\u0173 sm\u0117lio.<br \/>\n\u0160i nuoroda taikoma tik graikini\u0173 rie\u0161ut\u0173 sm\u0117liui ir neapima jokios \u012frangos.<br \/>\nJis gali b\u016bti siun\u010diamas tik i\u0161 Vokietijos, klientai i\u0161 ES \u0161ali\u0173 gali j\u012f \u012fsigyti patys.<br \/>\n0,4 mm smulkumo graikini\u0173 rie\u0161ut\u0173 sm\u0117lis.<br \/>\nJei turite koki\u0173 nors klausim\u0173, nedvejodami kreipkit\u0117s \u012f INTERNETIN\u0118 PARAM\u0104&gt;&gt;<\/p>\n<h3><strong>AUTOOL anglies nus\u0117dimo variklio valiklis Greita paie\u0161ka<\/strong><\/h3>\n<p><a href=\"https:\/\/mrcartools.com\/lt\/produktas\/walnut-shell-sand-blaster-autool\/\">AUTOOL HTS 518 graikini\u0173 rie\u0161ut\u0173 milteli\u0173 variklio \u012fsiurbimo vamzd\u017eio vo\u017etuvo valymo ma\u0161ina&gt;&gt;<\/a><br \/>\n<a href=\"https:\/\/mrcartools.com\/lt\/produktas\/walnut-shell-sand-blaster-engine-clean-machine-carbon-cleaner\/\">AUTOOL HTS 558 graikini\u0173 rie\u0161ut\u0173 milteli\u0173 variklio \u012fsiurbimo vamzd\u017eio vo\u017etuvo valymo ma\u0161ina&gt;&gt;<\/a><br \/>\n1 vnt. graikini\u0173 rie\u0161ut\u0173 sm\u0117lio (1 kg)<\/p>","protected":false},"excerpt":{"rendered":"<p>What is Walnut Sand? The raw material of walnut sand is a walnut shell, which is made and synthesized through strict screening and classification and multiple processes after the walnut shell is broken. It is a walnut extract and belongs to metal polishing media. It has the characteristics of high hardness, high pressure, and wear [&#8230;]","protected":false},"featured_media":7234,"template":"","meta":[],"product_brand":[],"product_cat":[132],"product_tag":[],"class_list":{"0":"post-8712","1":"product","2":"type-product","3":"status-publish","4":"has-post-thumbnail","6":"product_cat-accessory","7":"product_shipping_class-weight","8":"pa_ship-from-china","9":"pa_ship-from-germany","10":"pa_ship-from-united-kingdom","11":"pa_ship-from-united-states","13":"first","14":"instock","15":"shipping-taxable","16":"product-type-variable","17":"wvs-archive-product-wrapper"},"yoast_head":"<!-- This site is optimized with the Yoast SEO Premium plugin v24.4 (Yoast SEO v24.4) - https:\/\/yoast.com\/wordpress\/plugins\/seo\/ -->\n<title>1KG Walnut Sand For AUTOOL HTS558 and HTS518 - Mrcartool<\/title>\n<meta name=\"robots\" content=\"index, follow, max-snippet:-1, max-image-preview:large, max-video-preview:-1\" \/>\n<link rel=\"canonical\" href=\"https:\/\/mrcartools.com\/lt\/produktas\/1kg-walnut-sand-for-autool-hts558-and-hts518\/\" \/>\n<meta property=\"og:locale\" content=\"lt_LT\" \/>\n<meta property=\"og:type\" content=\"article\" \/>\n<meta property=\"og:title\" content=\"1KG Walnut Sand For AUTOOL HTS558 and HTS518\" \/>\n<meta property=\"og:description\" content=\"What is Walnut Sand? The raw material of walnut sand is a walnut shell, which is made and synthesized through strict screening and classification and multiple processes after the walnut shell is broken. It is a walnut extract and belongs to metal polishing media. It has the characteristics of high hardness, high pressure, and wear [...]\" \/>\n<meta property=\"og:url\" content=\"https:\/\/mrcartools.com\/lt\/produktas\/1kg-walnut-sand-for-autool-hts558-and-hts518\/\" \/>\n<meta property=\"og:site_name\" content=\"Mrcartool\" \/>\n<meta property=\"article:modified_time\" content=\"2025-04-01T09:29:08+00:00\" \/>\n<meta property=\"og:image\" content=\"https:\/\/mrcartools.com\/wp-content\/uploads\/2024\/04\/\u5fae\u4fe1\u622a\u56fe_20231222142545.png\" \/>\n\t<meta property=\"og:image:width\" content=\"600\" \/>\n\t<meta property=\"og:image:height\" content=\"600\" \/>\n\t<meta property=\"og:image:type\" content=\"image\/png\" \/>\n<meta name=\"twitter:card\" content=\"summary_large_image\" \/>\n<meta name=\"twitter:label1\" content=\"Est. reading time\" \/>\n\t<meta name=\"twitter:data1\" content=\"2 minut\u0117s\" \/>\n<script type=\"application\/ld+json\" class=\"yoast-schema-graph\">{\"@context\":\"https:\/\/schema.org\",\"@graph\":[{\"@type\":\"WebPage\",\"@id\":\"https:\/\/mrcartools.com\/product\/1kg-walnut-sand-for-autool-hts558-and-hts518\/\",\"url\":\"https:\/\/mrcartools.com\/product\/1kg-walnut-sand-for-autool-hts558-and-hts518\/\",\"name\":\"1KG Walnut Sand For AUTOOL HTS558 and HTS518 - Mrcartool\",\"isPartOf\":{\"@id\":\"https:\/\/mrcartools.com\/#website\"},\"primaryImageOfPage\":{\"@id\":\"https:\/\/mrcartools.com\/product\/1kg-walnut-sand-for-autool-hts558-and-hts518\/#primaryimage\"},\"image\":{\"@id\":\"https:\/\/mrcartools.com\/product\/1kg-walnut-sand-for-autool-hts558-and-hts518\/#primaryimage\"},\"thumbnailUrl\":\"https:\/\/mrcartools.com\/wp-content\/uploads\/2024\/04\/\u5fae\u4fe1\u622a\u56fe_20231222142545.png\",\"datePublished\":\"2025-04-01T09:24:37+00:00\",\"dateModified\":\"2025-04-01T09:29:08+00:00\",\"breadcrumb\":{\"@id\":\"https:\/\/mrcartools.com\/product\/1kg-walnut-sand-for-autool-hts558-and-hts518\/#breadcrumb\"},\"inLanguage\":\"lt-LT\",\"potentialAction\":[{\"@type\":\"ReadAction\",\"target\":[\"https:\/\/mrcartools.com\/product\/1kg-walnut-sand-for-autool-hts558-and-hts518\/\"]}]},{\"@type\":\"ImageObject\",\"inLanguage\":\"lt-LT\",\"@id\":\"https:\/\/mrcartools.com\/product\/1kg-walnut-sand-for-autool-hts558-and-hts518\/#primaryimage\",\"url\":\"https:\/\/mrcartools.com\/wp-content\/uploads\/2024\/04\/\u5fae\u4fe1\u622a\u56fe_20231222142545.png\",\"contentUrl\":\"https:\/\/mrcartools.com\/wp-content\/uploads\/2024\/04\/\u5fae\u4fe1\u622a\u56fe_20231222142545.png\",\"width\":600,\"height\":600},{\"@type\":\"BreadcrumbList\",\"@id\":\"https:\/\/mrcartools.com\/product\/1kg-walnut-sand-for-autool-hts558-and-hts518\/#breadcrumb\",\"itemListElement\":[{\"@type\":\"ListItem\",\"position\":1,\"name\":\"Home\",\"item\":\"https:\/\/mrcartools.com\/\"},{\"@type\":\"ListItem\",\"position\":2,\"name\":\"Shop\",\"item\":\"https:\/\/mrcartools.com\/shop-2\/\"},{\"@type\":\"ListItem\",\"position\":3,\"name\":\"1KG Walnut Sand For AUTOOL HTS558 and HTS518\"}]},{\"@type\":\"WebSite\",\"@id\":\"https:\/\/mrcartools.com\/#website\",\"url\":\"https:\/\/mrcartools.com\/\",\"name\":\"MRCARTOOL\",\"description\":\"MRCARTOOL Official Website\",\"publisher\":{\"@id\":\"https:\/\/mrcartools.com\/#organization\"},\"potentialAction\":[{\"@type\":\"SearchAction\",\"target\":{\"@type\":\"EntryPoint\",\"urlTemplate\":\"https:\/\/mrcartools.com\/?s={search_term_string}\"},\"query-input\":{\"@type\":\"PropertyValueSpecification\",\"valueRequired\":true,\"valueName\":\"search_term_string\"}}],\"inLanguage\":\"lt-LT\"},{\"@type\":\"Organization\",\"@id\":\"https:\/\/mrcartools.com\/#organization\",\"name\":\"MRCARTOOL\",\"url\":\"https:\/\/mrcartools.com\/\",\"logo\":{\"@type\":\"ImageObject\",\"inLanguage\":\"lt-LT\",\"@id\":\"https:\/\/mrcartools.com\/#\/schema\/logo\/image\/\",\"url\":\"https:\/\/mrcartools.com\/wp-content\/uploads\/2023\/07\/\u4e0a\u4f73\u6c7d\u8f66\u5de5\u5177-LOGO-2.png\",\"contentUrl\":\"https:\/\/mrcartools.com\/wp-content\/uploads\/2023\/07\/\u4e0a\u4f73\u6c7d\u8f66\u5de5\u5177-LOGO-2.png\",\"width\":1800,\"height\":402,\"caption\":\"MRCARTOOL\"},\"image\":{\"@id\":\"https:\/\/mrcartools.com\/#\/schema\/logo\/image\/\"}}]}<\/script>\n<!-- \/ Yoast SEO Premium plugin. -->","yoast_head_json":{"title":"1KG Walnut Sand For AUTOOL HTS558 and HTS518 - Mrcartool","robots":{"index":"index","follow":"follow","max-snippet":"max-snippet:-1","max-image-preview":"max-image-preview:large","max-video-preview":"max-video-preview:-1"},"canonical":"https:\/\/mrcartools.com\/lt\/produktas\/1kg-walnut-sand-for-autool-hts558-and-hts518\/","og_locale":"lt_LT","og_type":"article","og_title":"1KG Walnut Sand For AUTOOL HTS558 and HTS518","og_description":"What is Walnut Sand? The raw material of walnut sand is a walnut shell, which is made and synthesized through strict screening and classification and multiple processes after the walnut shell is broken. It is a walnut extract and belongs to metal polishing media. It has the characteristics of high hardness, high pressure, and wear [...]","og_url":"https:\/\/mrcartools.com\/lt\/produktas\/1kg-walnut-sand-for-autool-hts558-and-hts518\/","og_site_name":"Mrcartool","article_modified_time":"2025-04-01T09:29:08+00:00","og_image":[{"width":600,"height":600,"url":"https:\/\/mrcartools.com\/wp-content\/uploads\/2024\/04\/\u5fae\u4fe1\u622a\u56fe_20231222142545.png","type":"image\/png"}],"twitter_card":"summary_large_image","twitter_misc":{"Est. reading time":"2 minut\u0117s"},"schema":{"@context":"https:\/\/schema.org","@graph":[{"@type":"WebPage","@id":"https:\/\/mrcartools.com\/product\/1kg-walnut-sand-for-autool-hts558-and-hts518\/","url":"https:\/\/mrcartools.com\/product\/1kg-walnut-sand-for-autool-hts558-and-hts518\/","name":"1KG Walnut Sand For AUTOOL HTS558 and HTS518 - Mrcartool","isPartOf":{"@id":"https:\/\/mrcartools.com\/#website"},"primaryImageOfPage":{"@id":"https:\/\/mrcartools.com\/product\/1kg-walnut-sand-for-autool-hts558-and-hts518\/#primaryimage"},"image":{"@id":"https:\/\/mrcartools.com\/product\/1kg-walnut-sand-for-autool-hts558-and-hts518\/#primaryimage"},"thumbnailUrl":"https:\/\/mrcartools.com\/wp-content\/uploads\/2024\/04\/\u5fae\u4fe1\u622a\u56fe_20231222142545.png","datePublished":"2025-04-01T09:24:37+00:00","dateModified":"2025-04-01T09:29:08+00:00","breadcrumb":{"@id":"https:\/\/mrcartools.com\/product\/1kg-walnut-sand-for-autool-hts558-and-hts518\/#breadcrumb"},"inLanguage":"lt-LT","potentialAction":[{"@type":"ReadAction","target":["https:\/\/mrcartools.com\/product\/1kg-walnut-sand-for-autool-hts558-and-hts518\/"]}]},{"@type":"ImageObject","inLanguage":"lt-LT","@id":"https:\/\/mrcartools.com\/product\/1kg-walnut-sand-for-autool-hts558-and-hts518\/#primaryimage","url":"https:\/\/mrcartools.com\/wp-content\/uploads\/2024\/04\/\u5fae\u4fe1\u622a\u56fe_20231222142545.png","contentUrl":"https:\/\/mrcartools.com\/wp-content\/uploads\/2024\/04\/\u5fae\u4fe1\u622a\u56fe_20231222142545.png","width":600,"height":600},{"@type":"BreadcrumbList","@id":"https:\/\/mrcartools.com\/product\/1kg-walnut-sand-for-autool-hts558-and-hts518\/#breadcrumb","itemListElement":[{"@type":"ListItem","position":1,"name":"Home","item":"https:\/\/mrcartools.com\/"},{"@type":"ListItem","position":2,"name":"Shop","item":"https:\/\/mrcartools.com\/shop-2\/"},{"@type":"ListItem","position":3,"name":"1KG Walnut Sand For AUTOOL HTS558 and HTS518"}]},{"@type":"WebSite","@id":"https:\/\/mrcartools.com\/#website","url":"https:\/\/mrcartools.com\/","name":"MRCARTOOL","description":"Oficiali svetain\u0117 MRCARTOOL","publisher":{"@id":"https:\/\/mrcartools.com\/#organization"},"potentialAction":[{"@type":"SearchAction","target":{"@type":"EntryPoint","urlTemplate":"https:\/\/mrcartools.com\/?s={search_term_string}"},"query-input":{"@type":"PropertyValueSpecification","valueRequired":true,"valueName":"search_term_string"}}],"inLanguage":"lt-LT"},{"@type":"Organization","@id":"https:\/\/mrcartools.com\/#organization","name":"MRCARTOOL","url":"https:\/\/mrcartools.com\/","logo":{"@type":"ImageObject","inLanguage":"lt-LT","@id":"https:\/\/mrcartools.com\/#\/schema\/logo\/image\/","url":"https:\/\/mrcartools.com\/wp-content\/uploads\/2023\/07\/\u4e0a\u4f73\u6c7d\u8f66\u5de5\u5177-LOGO-2.png","contentUrl":"https:\/\/mrcartools.com\/wp-content\/uploads\/2023\/07\/\u4e0a\u4f73\u6c7d\u8f66\u5de5\u5177-LOGO-2.png","width":1800,"height":402,"caption":"MRCARTOOL"},"image":{"@id":"https:\/\/mrcartools.com\/#\/schema\/logo\/image\/"}}]}},"_links":{"self":[{"href":"https:\/\/mrcartools.com\/lt\/wp-json\/wp\/v2\/product\/8712","targetHints":{"allow":["GET"]}}],"collection":[{"href":"https:\/\/mrcartools.com\/lt\/wp-json\/wp\/v2\/product"}],"about":[{"href":"https:\/\/mrcartools.com\/lt\/wp-json\/wp\/v2\/types\/product"}],"version-history":[{"count":0,"href":"https:\/\/mrcartools.com\/lt\/wp-json\/wp\/v2\/product\/8712\/revisions"}],"wp:featuredmedia":[{"embeddable":true,"href":"https:\/\/mrcartools.com\/lt\/wp-json\/wp\/v2\/media\/7234"}],"wp:attachment":[{"href":"https:\/\/mrcartools.com\/lt\/wp-json\/wp\/v2\/media?parent=8712"}],"wp:term":[{"taxonomy":"product_brand","embeddable":true,"href":"https:\/\/mrcartools.com\/lt\/wp-json\/wp\/v2\/product_brand?post=8712"},{"taxonomy":"product_cat","embeddable":true,"href":"https:\/\/mrcartools.com\/lt\/wp-json\/wp\/v2\/product_cat?post=8712"},{"taxonomy":"product_tag","embeddable":true,"href":"https:\/\/mrcartools.com\/lt\/wp-json\/wp\/v2\/product_tag?post=8712"}],"curies":[{"name":"wp","href":"https:\/\/api.w.org\/{rel}","templated":true}]}}