{"id":8976,"date":"2025-04-09T02:43:49","date_gmt":"2025-04-09T02:43:49","guid":{"rendered":"https:\/\/mrcartools.com\/?post_type=product&#038;p=8976"},"modified":"2025-04-09T02:45:52","modified_gmt":"2025-04-09T02:45:52","slug":"three-phase-detector-rotary-tester-non-contact-phase-sequence-tester","status":"publish","type":"product","link":"https:\/\/mrcartools.com\/lt\/produktas\/three-phase-detector-rotary-tester-non-contact-phase-sequence-tester\/","title":{"rendered":"Trij\u0173 fazi\u0173 detektorius Rotacinis testeris Nekontaktinis fazi\u0173 sekos testeris"},"content":{"rendered":"<section class=\"section\" id=\"section_1338045316\">\n\t\t<div class=\"section-bg fill\" >\n\t\t\t\t\t\t\t\t\t\n\t\t\t\n\n\t\t<\/div>\n\n\t\t\n\n\t\t<div class=\"section-content relative\">\n\t\t\t\n<h3><strong>DY29 Tai automobilinis \u012frankis, skirtas OBDII diagnostin\u0117s jungties jung\u010diai, kuris suteikia lengv\u0105 prieig\u0105 prie OBDII jungties, kad b\u016bt\u0173 galima patogiai ir saugiai steb\u0117ti protokolo, maitinimo ir \u012f\u017eeminimo signalus. Aptikus nepatvirtint\u0105 signal\u0105, j\u012f taip pat galima prijungti prie multimetro arba oscilografo ir toliau tikrinti.<\/strong><\/h3>\n<div class=\"detailmodule_image\">\n\t<div id=\"text-3669566041\" class=\"text\">\n\t\t\n<h3><strong>Automobili\u0173 diagnostikos protokolo testeris DY29 Funkcijos<\/strong><\/h3>\n\t\t\n<style>\n#text-3669566041 {\n  text-align: center;\n}\n<\/style>\n\t<\/div>\n\t\n<div class=\"accordion\">\n\t<div id=\"accordion-2905420794\" class=\"accordion-item\">\n\t\t<a id=\"accordion-2905420794-label\" class=\"accordion-title plain active\" href=\"#accordion-item-features\" aria-expanded=\"true\" aria-controls=\"accordion-2905420794-content\">\n\t\t\t<button class=\"toggle\" aria-label=\"Toggle\"><i class=\"icon-angle-down\" aria-hidden=\"true\"><\/i><\/button>\n\t\t\t<span>Funkcijos<\/span>\n\t\t<\/a>\n\t\t<div id=\"accordion-2905420794-content\" class=\"accordion-inner\" style=\"display: block;\" aria-labelledby=\"accordion-2905420794-label\">\n\t\t\t\n<ul>\n<li>DYXZ-02 bekontaktis fazi\u0173 sukimosi testeris skirtas greitai, lengvai ir tiksliai nustatyti trij\u0173 fazi\u0173 sek\u0105 montuojant ir remontuojant variklius. Neprisijungiant prie izoliuoto laidininko i\u0161vengiama neai\u0161kaus ir sud\u0117tingo prijungimo prie plik\u0173 auk\u0161tos \u012ftampos laid\u0173<\/li>\n<li>Tai fazi\u0173 detektorius, skirtas atlikti fazi\u0173 sekos patikr\u0105 ir 3 fazi\u0173 grandin\u0117s srov\u0117s linijos patikr\u0105 naudojant statin\u012f indukcin\u012f \u012ftampos fiksatori\u0173.<\/li>\n<li>Statin\u0117s indukcijos \u012ftampos spaustukai naudojami tam, kad b\u016bt\u0173 galima u\u017efiksuoti aptraukt\u0105 laid\u0105.Jie yra nedideli ir turi CAT 600 V saugos klas\u0119.<\/li>\n<li>Raudonos \u0161viesos diod\u0173 lemput\u0117s naudojamos tam, kad indikacija b\u016bt\u0173 matoma silpnai ap\u0161viestose patalpose.Fazi\u0173 sekos krypt\u012f galima lengvai patikrinti naudojant \u0161viesos diod\u0173 lemputes, kurios mirksi eil\u0117s tvarka.<\/li>\n<li>MRCARTOOL suteikia 48 m\u0117nesi\u0173 garantij\u0105 ir 7\u00d724 valand\u0173 draugi\u0161k\u0105 klient\u0173 aptarnavim\u0105, kad u\u017etikrint\u0173 j\u016bs\u0173 apsipirkimo patirt\u012f. Jei turite klausim\u0173 apie Evap Leak Tester, susisiekite su mumis tiesiogiai.<\/li>\n<\/ul>\n<a href=\"https:\/\/api.whatsapp.com\/send\/?phone=%2B8618923768146&#038;text=onlinesupport\" target=\"_blank\" class=\"button primary is-outline is-smaller\" rel=\"noopener\" style=\"border-radius:30px;\">\n\t\t<span>Pagalba internetu<\/span>\n\t<\/a>\n\n\t\t<\/div>\n\t<\/div>\n\t\n<\/div>\n<h3 style=\"text-align: center;\"><strong>Bandomoji operacija<\/strong><\/h3>\n\t<div id=\"text-3809945590\" class=\"text\">\n\t\t\n\t\t\n<style>\n#text-3809945590 {\n  text-align: center;\n}\n<\/style>\n\t<\/div>\n\t\n<div class=\"accordion\">\n\t<div id=\"accordion-842548327\" class=\"accordion-item\">\n\t\t<a id=\"accordion-842548327-label\" class=\"accordion-title plain active\" href=\"#accordion-item-1.-phase-detection\" aria-expanded=\"true\" aria-controls=\"accordion-842548327-content\">\n\t\t\t<button class=\"toggle\" aria-label=\"Toggle\"><i class=\"icon-angle-down\" aria-hidden=\"true\"><\/i><\/button>\n\t\t\t<span>1. Faz\u0117s aptikimas<\/span>\n\t\t<\/a>\n\t\t<div id=\"accordion-842548327-content\" class=\"accordion-inner\" style=\"display: block;\" aria-labelledby=\"accordion-842548327-label\">\n\t\t\tD\u0116MESIO ! DIDEL\u0116 \u012eTAMP\u0104!<\/p>\n<p>Ry\u0161ys:<\/p>\n<p>1.Prijunkite tris bekontak\u010dius aligatoriaus spaustukus prie trij\u0173<\/p>\n<p>2.faziniai maitinimo kabeliai.<\/p>\n<p>(2) Simbolis arba kiekvienas spaustukas turi b\u016bti kiekvieno kabelio centre.<\/p>\n<p>(3) Paspauskite \"ON\", lemput\u0117 A, B, C mirksi vien\u0105 kart\u0105, kad \u012fjungtum\u0117te tester\u012f.<\/p>\n<p>(4) Jei A, B, C \u0161vie\u010dia , R \u012fjungiamas, jei aptinkamas teigiamas CW.<\/p>\n<p>1.Jei neigiama kryptis yra \u012fjungta, L yra \u012fjungtas.<\/p>\n<p>2. Jei viena ar daugiau A, B, C lempu\u010di\u0173 neu\u017esidega, tai rei\u0161kia, kad atitinkama faz\u0117 yra atvira. \u0160iuo atveju R arba L nerei\u0161kia indikacijos.<\/p>\n<p>(5) Paspauskite \"OFF\", kad i\u0161jungtum\u0117te tester\u012f po naudojimo<\/p>\n\t\t<\/div>\n\t<\/div>\n\t\n<\/div>\n<div class=\"accordion\">\n\t<div id=\"accordion-3638444415\" class=\"accordion-item\">\n\t\t<a id=\"accordion-3638444415-label\" class=\"accordion-title plain active\" href=\"#accordion-item-2.live-voltage-detection\" aria-expanded=\"true\" aria-controls=\"accordion-3638444415-content\">\n\t\t\t<button class=\"toggle\" aria-label=\"Toggle\"><i class=\"icon-angle-down\" aria-hidden=\"true\"><\/i><\/button>\n\t\t\t<span>2.Live \u012ftampos aptikimas<\/span>\n\t\t<\/a>\n\t\t<div id=\"accordion-3638444415-content\" class=\"accordion-inner\" style=\"display: block;\" aria-labelledby=\"accordion-3638444415-label\">\n\t\t\t\n<p>D\u0116MESIO ! DIDEL\u0116 \u012eTAMP\u0104!<\/p>\n<p>(1) Prie laidininko prijunkite bet kur\u012f aligatoriaus spaustuk\u0105. Jei laidininkas yra \u012fjungtas (\u012ftampa 70~600 V kintamosios srov\u0117s), tur\u0117t\u0173 u\u017esidegti atitinkamos lemput\u0117s A, B, C. Taip galima greitai nustatyti, ar laidininkas \u012fjungtas.<\/p>\n<p>(2) S\u0105var\u017e\u0173 ir \u017eibint\u0173 nuorod\u0173 lentel\u0117<\/p>\n<table style=\"height: 224px;\" border=\"1\" width=\"210\" cellspacing=\"0\">\n<tbody>\n<tr>\n<td>\n<p align=\"center\"><strong>Klipai<\/strong><\/p>\n<\/td>\n<td>\n<p align=\"center\"><strong>\u00a0\u017dibintai<\/strong><\/p>\n<\/td>\n<\/tr>\n<tr>\n<td>\n<p align=\"center\">A (geltona, kair\u0117je)<\/p>\n<\/td>\n<td>\n<p align=\"center\">\u0160viesa A<\/p>\n<\/td>\n<\/tr>\n<tr>\n<td>\n<p align=\"center\">B (\u017ealia, vidurin\u0117)<\/p>\n<\/td>\n<td>\n<p align=\"center\">\u0160viesa B<\/p>\n<\/td>\n<\/tr>\n<tr>\n<td>\n<p align=\"center\">C(raudona, de\u0161in\u0117)<\/p>\n<\/td>\n<td>\n<p align=\"center\">\u0160viesa C<\/p>\n<\/td>\n<\/tr>\n<\/tbody>\n<\/table>\n\t\t<\/div>\n\t<\/div>\n\t\n<\/div>\n<\/div>\n<p><span style=\"font-size: 14.4px;\">\t\t<\/div>\n\n\t\t\n<style>\n#section_1338045316 {\n  padding-top: 30px;\n  padding-bottom: 30px;\n}\n<\/style>\n\t<\/section>\n\t<\/span><\/p>\n<div class=\"detailmodule_image\">\n<p><img fetchpriority=\"high\" decoding=\"async\" class=\"alignnone size-full wp-image-8977\" src=\"https:\/\/mrcartools.com\/wp-content\/uploads\/2025\/04\/H37250c4751f045198851500c96ad9e14n.avif\" alt=\"\" width=\"1000\" height=\"734\" srcset=\"\/\/mrcartools.com\/wp-content\/uploads\/2025\/04\/H37250c4751f045198851500c96ad9e14n.avif 1000w, \/\/mrcartools.com\/wp-content\/uploads\/2025\/04\/H37250c4751f045198851500c96ad9e14n-150x110.avif 150w, \/\/mrcartools.com\/wp-content\/uploads\/2025\/04\/H37250c4751f045198851500c96ad9e14n-768x564.avif 768w, \/\/mrcartools.com\/wp-content\/uploads\/2025\/04\/H37250c4751f045198851500c96ad9e14n-510x374.avif 510w\" sizes=\"(max-width: 1000px) 100vw, 1000px\" \/> \u00a0<img decoding=\"async\" class=\"alignnone size-full wp-image-8979\" src=\"https:\/\/mrcartools.com\/wp-content\/uploads\/2025\/04\/Hd82fc8ae33324e89a0b38e870ee5f5618.avif\" alt=\"\" width=\"1000\" height=\"1227\" srcset=\"\/\/mrcartools.com\/wp-content\/uploads\/2025\/04\/Hd82fc8ae33324e89a0b38e870ee5f5618.avif 1000w, \/\/mrcartools.com\/wp-content\/uploads\/2025\/04\/Hd82fc8ae33324e89a0b38e870ee5f5618-122x150.avif 122w, \/\/mrcartools.com\/wp-content\/uploads\/2025\/04\/Hd82fc8ae33324e89a0b38e870ee5f5618-768x942.avif 768w, \/\/mrcartools.com\/wp-content\/uploads\/2025\/04\/Hd82fc8ae33324e89a0b38e870ee5f5618-510x626.avif 510w\" sizes=\"(max-width: 1000px) 100vw, 1000px\" \/> <img decoding=\"async\" class=\"alignnone size-full wp-image-8980\" src=\"https:\/\/mrcartools.com\/wp-content\/uploads\/2025\/04\/S9df057de5f124fe18fed95d557d05632B.avif\" alt=\"\" width=\"1000\" height=\"1000\" srcset=\"\/\/mrcartools.com\/wp-content\/uploads\/2025\/04\/S9df057de5f124fe18fed95d557d05632B.avif 1000w, \/\/mrcartools.com\/wp-content\/uploads\/2025\/04\/S9df057de5f124fe18fed95d557d05632B-150x150.avif 150w, \/\/mrcartools.com\/wp-content\/uploads\/2025\/04\/S9df057de5f124fe18fed95d557d05632B-768x768.avif 768w, \/\/mrcartools.com\/wp-content\/uploads\/2025\/04\/S9df057de5f124fe18fed95d557d05632B-253x253.avif 253w, \/\/mrcartools.com\/wp-content\/uploads\/2025\/04\/S9df057de5f124fe18fed95d557d05632B-510x510.avif 510w, \/\/mrcartools.com\/wp-content\/uploads\/2025\/04\/S9df057de5f124fe18fed95d557d05632B-100x100.avif 100w, \/\/mrcartools.com\/wp-content\/uploads\/2025\/04\/S9df057de5f124fe18fed95d557d05632B-50x50.avif 50w\" sizes=\"(max-width: 1000px) 100vw, 1000px\" \/><\/p>\n<h3>Pakuo\u010di\u0173 s\u0105ra\u0161as<\/h3>\n<p><img loading=\"lazy\" decoding=\"async\" class=\"alignnone wp-image-8978\" src=\"https:\/\/mrcartools.com\/wp-content\/uploads\/2025\/04\/H43862fe76c8843f0a197060894c8594aW.avif\" alt=\"\" width=\"1200\" height=\"1200\" srcset=\"\/\/mrcartools.com\/wp-content\/uploads\/2025\/04\/H43862fe76c8843f0a197060894c8594aW.avif 800w, \/\/mrcartools.com\/wp-content\/uploads\/2025\/04\/H43862fe76c8843f0a197060894c8594aW-150x150.avif 150w, \/\/mrcartools.com\/wp-content\/uploads\/2025\/04\/H43862fe76c8843f0a197060894c8594aW-768x768.avif 768w, \/\/mrcartools.com\/wp-content\/uploads\/2025\/04\/H43862fe76c8843f0a197060894c8594aW-253x253.avif 253w, \/\/mrcartools.com\/wp-content\/uploads\/2025\/04\/H43862fe76c8843f0a197060894c8594aW-510x510.avif 510w, \/\/mrcartools.com\/wp-content\/uploads\/2025\/04\/H43862fe76c8843f0a197060894c8594aW-100x100.avif 100w, \/\/mrcartools.com\/wp-content\/uploads\/2025\/04\/H43862fe76c8843f0a197060894c8594aW-50x50.avif 50w\" sizes=\"(max-width: 1200px) 100vw, 1200px\" \/><\/p>\n<\/div>","protected":false},"excerpt":{"rendered":"<p>1.Skirtumas tarp 01 ir 02<\/p>\n<ul>\n<li>01Prid\u0117ta funkcija \"Variklio sukimosi aptikimas \"Nekontaktinis besisukan\u010dio magnetinio lauko indikavimas<\/li>\n<li>DYXZ-01 gali nustatyti vienfazio ir trifazio variklio sukim\u0105si. Ta\u010diau negali aptikti varikli\u0173, valdom\u0173 da\u017enio keitikliu.<\/li>\n<\/ul>\n<p>2.Bendra 01 ir 02 funkcija:<\/p>\n<ul>\n<li>Faz\u0117s aptikimas<\/li>\n<li>Tiesiogin\u0117s \u012ftampos aptikimas<\/li>\n<li>Tr\u016bkstamos faz\u0117s aptikimas<\/li>\n<\/ul>","protected":false},"featured_media":8981,"template":"","meta":[],"product_brand":[],"product_cat":[154],"product_tag":[],"class_list":{"0":"post-8976","1":"product","2":"type-product","3":"status-publish","4":"has-post-thumbnail","6":"product_cat-duoyi","7":"product_shipping_class-weight","8":"pa_model-dyxz-01","9":"pa_model-dyxz-02","10":"pa_ship-from-china","11":"pa_ship-from-germany","12":"pa_ship-from-united-kingdom","13":"pa_ship-from-united-states","15":"first","16":"instock","17":"shipping-taxable","18":"product-type-variable","19":"wvs-archive-product-wrapper"},"yoast_head":"<!-- This site is optimized with the Yoast SEO Premium plugin v24.4 (Yoast SEO v24.4) - https:\/\/yoast.com\/wordpress\/plugins\/seo\/ -->\n<title>Three Phase Detector Rotary Tester Non-Contact Phase Sequence Tester - Mrcartool<\/title>\n<meta name=\"description\" content=\"Three-Phase Detector Rotating Tester is a portable phasor meter for current and voltage detection that can meet all your electrical testing needs.\" \/>\n<meta name=\"robots\" content=\"index, follow, max-snippet:-1, max-image-preview:large, max-video-preview:-1\" \/>\n<link rel=\"canonical\" href=\"https:\/\/mrcartools.com\/lt\/produktas\/three-phase-detector-rotary-tester-non-contact-phase-sequence-tester\/\" \/>\n<meta property=\"og:locale\" content=\"lt_LT\" \/>\n<meta property=\"og:type\" content=\"article\" \/>\n<meta property=\"og:title\" content=\"Three Phase Detector Rotary Tester Non-Contact Phase Sequence Tester\" \/>\n<meta property=\"og:description\" content=\"Three-Phase Detector Rotating Tester is a portable phasor meter for current and voltage detection that can meet all your electrical testing needs.\" \/>\n<meta property=\"og:url\" content=\"https:\/\/mrcartools.com\/lt\/produktas\/three-phase-detector-rotary-tester-non-contact-phase-sequence-tester\/\" \/>\n<meta property=\"og:site_name\" content=\"Mrcartool\" \/>\n<meta property=\"article:modified_time\" content=\"2025-04-09T02:45:52+00:00\" \/>\n<meta property=\"og:image\" content=\"https:\/\/mrcartools.com\/wp-content\/uploads\/2025\/04\/b751f9cb-6f27-2ab7-597d-8e1b703519ac.jpg\" \/>\n\t<meta property=\"og:image:width\" content=\"800\" \/>\n\t<meta property=\"og:image:height\" content=\"800\" \/>\n\t<meta property=\"og:image:type\" content=\"image\/jpeg\" \/>\n<meta name=\"twitter:card\" content=\"summary_large_image\" \/>\n<meta name=\"twitter:label1\" content=\"Est. reading time\" \/>\n\t<meta name=\"twitter:data1\" content=\"3 minut\u0117s\" \/>\n<script type=\"application\/ld+json\" class=\"yoast-schema-graph\">{\"@context\":\"https:\/\/schema.org\",\"@graph\":[{\"@type\":\"WebPage\",\"@id\":\"https:\/\/mrcartools.com\/product\/three-phase-detector-rotary-tester-non-contact-phase-sequence-tester\/\",\"url\":\"https:\/\/mrcartools.com\/product\/three-phase-detector-rotary-tester-non-contact-phase-sequence-tester\/\",\"name\":\"Three Phase Detector Rotary Tester Non-Contact Phase Sequence Tester - Mrcartool\",\"isPartOf\":{\"@id\":\"https:\/\/mrcartools.com\/#website\"},\"primaryImageOfPage\":{\"@id\":\"https:\/\/mrcartools.com\/product\/three-phase-detector-rotary-tester-non-contact-phase-sequence-tester\/#primaryimage\"},\"image\":{\"@id\":\"https:\/\/mrcartools.com\/product\/three-phase-detector-rotary-tester-non-contact-phase-sequence-tester\/#primaryimage\"},\"thumbnailUrl\":\"https:\/\/mrcartools.com\/wp-content\/uploads\/2025\/04\/b751f9cb-6f27-2ab7-597d-8e1b703519ac.jpg\",\"datePublished\":\"2025-04-09T02:43:49+00:00\",\"dateModified\":\"2025-04-09T02:45:52+00:00\",\"description\":\"Three-Phase Detector Rotating Tester is a portable phasor meter for current and voltage detection that can meet all your electrical testing needs.\",\"breadcrumb\":{\"@id\":\"https:\/\/mrcartools.com\/product\/three-phase-detector-rotary-tester-non-contact-phase-sequence-tester\/#breadcrumb\"},\"inLanguage\":\"lt-LT\",\"potentialAction\":[{\"@type\":\"ReadAction\",\"target\":[\"https:\/\/mrcartools.com\/product\/three-phase-detector-rotary-tester-non-contact-phase-sequence-tester\/\"]}]},{\"@type\":\"ImageObject\",\"inLanguage\":\"lt-LT\",\"@id\":\"https:\/\/mrcartools.com\/product\/three-phase-detector-rotary-tester-non-contact-phase-sequence-tester\/#primaryimage\",\"url\":\"https:\/\/mrcartools.com\/wp-content\/uploads\/2025\/04\/b751f9cb-6f27-2ab7-597d-8e1b703519ac.jpg\",\"contentUrl\":\"https:\/\/mrcartools.com\/wp-content\/uploads\/2025\/04\/b751f9cb-6f27-2ab7-597d-8e1b703519ac.jpg\",\"width\":800,\"height\":800},{\"@type\":\"BreadcrumbList\",\"@id\":\"https:\/\/mrcartools.com\/product\/three-phase-detector-rotary-tester-non-contact-phase-sequence-tester\/#breadcrumb\",\"itemListElement\":[{\"@type\":\"ListItem\",\"position\":1,\"name\":\"Home\",\"item\":\"https:\/\/mrcartools.com\/\"},{\"@type\":\"ListItem\",\"position\":2,\"name\":\"Shop\",\"item\":\"https:\/\/mrcartools.com\/shop-2\/\"},{\"@type\":\"ListItem\",\"position\":3,\"name\":\"Three Phase Detector Rotary Tester Non-Contact Phase Sequence Tester\"}]},{\"@type\":\"WebSite\",\"@id\":\"https:\/\/mrcartools.com\/#website\",\"url\":\"https:\/\/mrcartools.com\/\",\"name\":\"MRCARTOOL\",\"description\":\"MRCARTOOL Official Website\",\"publisher\":{\"@id\":\"https:\/\/mrcartools.com\/#organization\"},\"potentialAction\":[{\"@type\":\"SearchAction\",\"target\":{\"@type\":\"EntryPoint\",\"urlTemplate\":\"https:\/\/mrcartools.com\/?s={search_term_string}\"},\"query-input\":{\"@type\":\"PropertyValueSpecification\",\"valueRequired\":true,\"valueName\":\"search_term_string\"}}],\"inLanguage\":\"lt-LT\"},{\"@type\":\"Organization\",\"@id\":\"https:\/\/mrcartools.com\/#organization\",\"name\":\"MRCARTOOL\",\"url\":\"https:\/\/mrcartools.com\/\",\"logo\":{\"@type\":\"ImageObject\",\"inLanguage\":\"lt-LT\",\"@id\":\"https:\/\/mrcartools.com\/#\/schema\/logo\/image\/\",\"url\":\"https:\/\/mrcartools.com\/wp-content\/uploads\/2023\/07\/\u4e0a\u4f73\u6c7d\u8f66\u5de5\u5177-LOGO-2.png\",\"contentUrl\":\"https:\/\/mrcartools.com\/wp-content\/uploads\/2023\/07\/\u4e0a\u4f73\u6c7d\u8f66\u5de5\u5177-LOGO-2.png\",\"width\":1800,\"height\":402,\"caption\":\"MRCARTOOL\"},\"image\":{\"@id\":\"https:\/\/mrcartools.com\/#\/schema\/logo\/image\/\"}}]}<\/script>\n<!-- \/ Yoast SEO Premium plugin. -->","yoast_head_json":{"title":"Three Phase Detector Rotary Tester Non-Contact Phase Sequence Tester - Mrcartool","description":"Three-Phase Detector Rotating Tester is a portable phasor meter for current and voltage detection that can meet all your electrical testing needs.","robots":{"index":"index","follow":"follow","max-snippet":"max-snippet:-1","max-image-preview":"max-image-preview:large","max-video-preview":"max-video-preview:-1"},"canonical":"https:\/\/mrcartools.com\/lt\/produktas\/three-phase-detector-rotary-tester-non-contact-phase-sequence-tester\/","og_locale":"lt_LT","og_type":"article","og_title":"Three Phase Detector Rotary Tester Non-Contact Phase Sequence Tester","og_description":"Three-Phase Detector Rotating Tester is a portable phasor meter for current and voltage detection that can meet all your electrical testing needs.","og_url":"https:\/\/mrcartools.com\/lt\/produktas\/three-phase-detector-rotary-tester-non-contact-phase-sequence-tester\/","og_site_name":"Mrcartool","article_modified_time":"2025-04-09T02:45:52+00:00","og_image":[{"width":800,"height":800,"url":"https:\/\/mrcartools.com\/wp-content\/uploads\/2025\/04\/b751f9cb-6f27-2ab7-597d-8e1b703519ac.jpg","type":"image\/jpeg"}],"twitter_card":"summary_large_image","twitter_misc":{"Est. reading time":"3 minut\u0117s"},"schema":{"@context":"https:\/\/schema.org","@graph":[{"@type":"WebPage","@id":"https:\/\/mrcartools.com\/product\/three-phase-detector-rotary-tester-non-contact-phase-sequence-tester\/","url":"https:\/\/mrcartools.com\/product\/three-phase-detector-rotary-tester-non-contact-phase-sequence-tester\/","name":"Three Phase Detector Rotary Tester Non-Contact Phase Sequence Tester - Mrcartool","isPartOf":{"@id":"https:\/\/mrcartools.com\/#website"},"primaryImageOfPage":{"@id":"https:\/\/mrcartools.com\/product\/three-phase-detector-rotary-tester-non-contact-phase-sequence-tester\/#primaryimage"},"image":{"@id":"https:\/\/mrcartools.com\/product\/three-phase-detector-rotary-tester-non-contact-phase-sequence-tester\/#primaryimage"},"thumbnailUrl":"https:\/\/mrcartools.com\/wp-content\/uploads\/2025\/04\/b751f9cb-6f27-2ab7-597d-8e1b703519ac.jpg","datePublished":"2025-04-09T02:43:49+00:00","dateModified":"2025-04-09T02:45:52+00:00","description":"Three-Phase Detector Rotating Tester is a portable phasor meter for current and voltage detection that can meet all your electrical testing needs.","breadcrumb":{"@id":"https:\/\/mrcartools.com\/product\/three-phase-detector-rotary-tester-non-contact-phase-sequence-tester\/#breadcrumb"},"inLanguage":"lt-LT","potentialAction":[{"@type":"ReadAction","target":["https:\/\/mrcartools.com\/product\/three-phase-detector-rotary-tester-non-contact-phase-sequence-tester\/"]}]},{"@type":"ImageObject","inLanguage":"lt-LT","@id":"https:\/\/mrcartools.com\/product\/three-phase-detector-rotary-tester-non-contact-phase-sequence-tester\/#primaryimage","url":"https:\/\/mrcartools.com\/wp-content\/uploads\/2025\/04\/b751f9cb-6f27-2ab7-597d-8e1b703519ac.jpg","contentUrl":"https:\/\/mrcartools.com\/wp-content\/uploads\/2025\/04\/b751f9cb-6f27-2ab7-597d-8e1b703519ac.jpg","width":800,"height":800},{"@type":"BreadcrumbList","@id":"https:\/\/mrcartools.com\/product\/three-phase-detector-rotary-tester-non-contact-phase-sequence-tester\/#breadcrumb","itemListElement":[{"@type":"ListItem","position":1,"name":"Home","item":"https:\/\/mrcartools.com\/"},{"@type":"ListItem","position":2,"name":"Shop","item":"https:\/\/mrcartools.com\/shop-2\/"},{"@type":"ListItem","position":3,"name":"Three Phase Detector Rotary Tester Non-Contact Phase Sequence Tester"}]},{"@type":"WebSite","@id":"https:\/\/mrcartools.com\/#website","url":"https:\/\/mrcartools.com\/","name":"MRCARTOOL","description":"Oficiali svetain\u0117 MRCARTOOL","publisher":{"@id":"https:\/\/mrcartools.com\/#organization"},"potentialAction":[{"@type":"SearchAction","target":{"@type":"EntryPoint","urlTemplate":"https:\/\/mrcartools.com\/?s={search_term_string}"},"query-input":{"@type":"PropertyValueSpecification","valueRequired":true,"valueName":"search_term_string"}}],"inLanguage":"lt-LT"},{"@type":"Organization","@id":"https:\/\/mrcartools.com\/#organization","name":"MRCARTOOL","url":"https:\/\/mrcartools.com\/","logo":{"@type":"ImageObject","inLanguage":"lt-LT","@id":"https:\/\/mrcartools.com\/#\/schema\/logo\/image\/","url":"https:\/\/mrcartools.com\/wp-content\/uploads\/2023\/07\/\u4e0a\u4f73\u6c7d\u8f66\u5de5\u5177-LOGO-2.png","contentUrl":"https:\/\/mrcartools.com\/wp-content\/uploads\/2023\/07\/\u4e0a\u4f73\u6c7d\u8f66\u5de5\u5177-LOGO-2.png","width":1800,"height":402,"caption":"MRCARTOOL"},"image":{"@id":"https:\/\/mrcartools.com\/#\/schema\/logo\/image\/"}}]}},"_links":{"self":[{"href":"https:\/\/mrcartools.com\/lt\/wp-json\/wp\/v2\/product\/8976","targetHints":{"allow":["GET"]}}],"collection":[{"href":"https:\/\/mrcartools.com\/lt\/wp-json\/wp\/v2\/product"}],"about":[{"href":"https:\/\/mrcartools.com\/lt\/wp-json\/wp\/v2\/types\/product"}],"version-history":[{"count":0,"href":"https:\/\/mrcartools.com\/lt\/wp-json\/wp\/v2\/product\/8976\/revisions"}],"wp:featuredmedia":[{"embeddable":true,"href":"https:\/\/mrcartools.com\/lt\/wp-json\/wp\/v2\/media\/8981"}],"wp:attachment":[{"href":"https:\/\/mrcartools.com\/lt\/wp-json\/wp\/v2\/media?parent=8976"}],"wp:term":[{"taxonomy":"product_brand","embeddable":true,"href":"https:\/\/mrcartools.com\/lt\/wp-json\/wp\/v2\/product_brand?post=8976"},{"taxonomy":"product_cat","embeddable":true,"href":"https:\/\/mrcartools.com\/lt\/wp-json\/wp\/v2\/product_cat?post=8976"},{"taxonomy":"product_tag","embeddable":true,"href":"https:\/\/mrcartools.com\/lt\/wp-json\/wp\/v2\/product_tag?post=8976"}],"curies":[{"name":"wp","href":"https:\/\/api.w.org\/{rel}","templated":true}]}}